{"id":71489,"date":"2025-05-01T12:18:24","date_gmt":"2025-05-01T16:18:24","guid":{"rendered":"https:\/\/biolinecorp.ca\/?page_id=71489"},"modified":"2025-05-01T12:21:39","modified_gmt":"2025-05-01T16:21:39","slug":"our-mission","status":"publish","type":"page","link":"https:\/\/biolinecorp.ca\/pt\/a-nossa-missao\/","title":{"rendered":"A nossa miss\u00e3o"},"content":{"rendered":"<div style=\"height:30px\" aria-hidden=\"true\" class=\"wp-block-spacer\"><\/div>\n\n\n\n<div class=\"wp-block-media-text is-stacked-on-mobile\" style=\"grid-template-columns:28% auto\"><figure class=\"wp-block-media-text__media\"><img decoding=\"async\" width=\"714\" height=\"1024\" src=\"https:\/\/biolinecorp.ca\/wp-content\/uploads\/2025\/04\/shutterstock_456567850-scaled-e1745429770966-714x1024.jpg\" alt=\"\" class=\"wp-image-69929 size-full\" srcset=\"https:\/\/biolinecorp.ca\/wp-content\/uploads\/2025\/04\/shutterstock_456567850-scaled-e1745429770966-714x1024.jpg 714w, https:\/\/biolinecorp.ca\/wp-content\/uploads\/2025\/04\/shutterstock_456567850-scaled-e1745429770966-419x600.jpg 419w, https:\/\/biolinecorp.ca\/wp-content\/uploads\/2025\/04\/shutterstock_456567850-scaled-e1745429770966-768x1101.jpg 768w, https:\/\/biolinecorp.ca\/wp-content\/uploads\/2025\/04\/shutterstock_456567850-scaled-e1745429770966-1071x1536.jpg 1071w, https:\/\/biolinecorp.ca\/wp-content\/uploads\/2025\/04\/shutterstock_456567850-scaled-e1745429770966-8x12.jpg 8w, https:\/\/biolinecorp.ca\/wp-content\/uploads\/2025\/04\/shutterstock_456567850-scaled-e1745429770966-640x918.jpg 640w, https:\/\/biolinecorp.ca\/wp-content\/uploads\/2025\/04\/shutterstock_456567850-scaled-e1745429770966.jpg 1190w\" sizes=\"(max-width: 714px) 100vw, 714px\" \/><\/figure><div class=\"wp-block-media-text__content\">\n<h3 class=\"wp-block-heading\" id=\"h-rooted-in-innovation-inspired-by-growth-driven-by-results\"><mark style=\"background-color:rgba(0, 0, 0, 0)\" class=\"has-inline-color has-vivid-green-cyan-color\">Enraizados na inova\u00e7\u00e3o. Inspirado pelo crescimento. Impulsionada por resultados.<\/mark><\/h3>\n\n\n\n<p>Na BioLiNE, aspiramos a fornecer solu\u00e7\u00f5es da mais alta qualidade que energizam a sa\u00fade das plantas, enriquecem o solo e elevam o desempenho das culturas. As nossas formula\u00e7\u00f5es s\u00e3o baseadas em intensa investiga\u00e7\u00e3o e produzidas utilizando <a href=\"https:\/\/biolinecorp.ca\/pt\/a-nossa-tecnologia-2\/\">tecnologias<\/a>.<\/p>\n\n\n\n<p>N\u00e3o estamos apenas a fazer avan\u00e7ar a tecnologia - estamos a transformar a agricultura. O nosso <a href=\"https:\/\/biolinecorp.ca\/pt\/os-nossos-produtos-2\/\">produtos<\/a> s\u00e3o concebidos com precis\u00e3o para ajudar os agricultores a obter colheitas mais saud\u00e1veis, rendimentos mais elevados e uma qualidade excecional - esta\u00e7\u00e3o ap\u00f3s esta\u00e7\u00e3o.<\/p>\n\n\n\n<p>Por detr\u00e1s da nossa inova\u00e7\u00e3o est\u00e1 uma paix\u00e3o que d\u00e1 prioridade \u00e0s pessoas <a href=\"https:\/\/biolinecorp.ca\/pt\/a-nossa-equipa\/\">equipa<\/a>. Promovemos uma cultura positiva e inclusiva que valoriza a colabora\u00e7\u00e3o, celebra o progresso e coloca sempre os nossos produtores no centro de tudo o que fazemos.<\/p>\n<\/div><\/div>\n\n\n\n<div style=\"height:90px\" aria-hidden=\"true\" class=\"wp-block-spacer\"><\/div>\n\n\n\n<div class=\"wp-block-media-text has-media-on-the-right is-stacked-on-mobile\" style=\"grid-template-columns:auto 32%\"><div class=\"wp-block-media-text__content\">\n<h4 class=\"wp-block-heading\" id=\"h-our-history\"><mark style=\"background-color:rgba(0, 0, 0, 0)\" class=\"has-inline-color has-vivid-green-cyan-color\">A nossa hist\u00f3ria<\/mark><\/h4>\n\n\n\n<p>A BioLiNE Corporation \u00e9 uma empresa canadiana de desenvolvimento tecnol\u00f3gico fundada por Ray McDonald, um veterano com 45 anos de carreira conhecido por ser pioneiro, desenvolver e comercializar tecnologias que ajudam os agricultores a melhorar a produ\u00e7\u00e3o agr\u00edcola. Durante muitos anos, Ray tem procurado tecnologias que melhorem a efici\u00eancia da utiliza\u00e7\u00e3o de nutrientes e \u00e1gua pelas plantas. Em 2016, Ray McDonald fundou a BioLiNE Corporation para desenvolver e comercializar a nossa tecnologia e as formula\u00e7\u00f5es de produtos que dela derivam.<\/p>\n<\/div><figure class=\"wp-block-media-text__media\"><img decoding=\"async\" width=\"1024\" height=\"573\" src=\"https:\/\/biolinecorp.ca\/wp-content\/uploads\/2019\/10\/dramatic-tractro-photo-cropped-e1746112771741-1024x573.jpg\" alt=\"\" class=\"wp-image-11040 size-full\" srcset=\"https:\/\/biolinecorp.ca\/wp-content\/uploads\/2019\/10\/dramatic-tractro-photo-cropped-e1746112771741-1024x573.jpg 1024w, https:\/\/biolinecorp.ca\/wp-content\/uploads\/2019\/10\/dramatic-tractro-photo-cropped-e1746112771741-600x336.jpg 600w, https:\/\/biolinecorp.ca\/wp-content\/uploads\/2019\/10\/dramatic-tractro-photo-cropped-e1746112771741-768x430.jpg 768w, https:\/\/biolinecorp.ca\/wp-content\/uploads\/2019\/10\/dramatic-tractro-photo-cropped-e1746112771741-640x358.jpg 640w, https:\/\/biolinecorp.ca\/wp-content\/uploads\/2019\/10\/dramatic-tractro-photo-cropped-e1746112771741-1280x717.jpg 1280w, https:\/\/biolinecorp.ca\/wp-content\/uploads\/2019\/10\/dramatic-tractro-photo-cropped-e1746112771741-1536x860.jpg 1536w, https:\/\/biolinecorp.ca\/wp-content\/uploads\/2019\/10\/dramatic-tractro-photo-cropped-e1746112771741-2048x1147.jpg 2048w, https:\/\/biolinecorp.ca\/wp-content\/uploads\/2019\/10\/dramatic-tractro-photo-cropped-e1746112771741-18x10.jpg 18w\" sizes=\"(max-width: 1024px) 100vw, 1024px\" \/><\/figure><\/div>\n\n\n\n<div style=\"height:100px\" aria-hidden=\"true\" class=\"wp-block-spacer\"><\/div>\n\n\n<div class=\"w-heading heading-9 text-left\">\n    <div class=\"w-wrapper\">\n                 \n        <h2>           \n            <span>Somos membros orgulhosos das seguintes ind\u00fastrias e organiza\u00e7\u00f5es de investiga\u00e7\u00e3o:<\/span>        <\/h2>\n                    <\/div>\n<\/div>\n\n\n\n<div style=\"height:25px\" aria-hidden=\"true\" class=\"wp-block-spacer\"><\/div>\n\n\n\n<div class=\"wp-block-columns are-vertically-aligned-center is-layout-flex wp-container-core-columns-is-layout-9d6595d7 wp-block-columns-is-layout-flex\">\n<div class=\"wp-block-column is-vertically-aligned-center is-layout-flow wp-block-column-is-layout-flow\"><div class=\"wp-block-image\">\n<figure class=\"aligncenter size-full is-resized\"><a href=\"https:\/\/www.tfi.org\/\"><img decoding=\"async\" width=\"322\" height=\"156\" src=\"https:\/\/biolinecorp.ca\/wp-content\/uploads\/2021\/08\/TFI-Logo.png\" alt=\"\" class=\"wp-image-21183\" style=\"width:156px;height:75px\"\/><\/a><\/figure>\n<\/div>\n\n\n<p class=\"has-text-align-center\" style=\"font-size:16px\"><strong><a href=\"https:\/\/www.tfi.org\/\">O Instituto dos Fertilizantes<\/a><\/strong><\/p>\n<\/div>\n\n\n\n<div class=\"wp-block-column is-vertically-aligned-center is-layout-flow wp-block-column-is-layout-flow\"><div class=\"wp-block-image\">\n<figure class=\"aligncenter size-full is-resized\"><a href=\"https:\/\/www.bpia.org\/\"><img decoding=\"async\" width=\"300\" height=\"160\" src=\"https:\/\/biolinecorp.ca\/wp-content\/uploads\/2021\/08\/bpia_logo_2020.gif\" alt=\"\" class=\"wp-image-21262\" style=\"width:148px;height:75px\"\/><\/a><\/figure>\n<\/div>\n\n\n<p class=\"has-text-align-center\" style=\"font-size:16px\"><strong><a href=\"https:\/\/www.bpia.org\/\">Alian\u00e7a da Ind\u00fastria de Produtos Biol\u00f3gicos<\/a><\/strong><\/p>\n<\/div>\n\n\n\n<div class=\"wp-block-column is-layout-flow wp-block-column-is-layout-flow\" style=\"flex-basis:20px\"><\/div>\n<\/div>\n\n\n\n<div style=\"height:38px\" aria-hidden=\"true\" class=\"wp-block-spacer\"><\/div>\n\n\n\n<div class=\"wp-block-columns is-layout-flex wp-container-core-columns-is-layout-9d6595d7 wp-block-columns-is-layout-flex\">\n<div class=\"wp-block-column is-layout-flow wp-block-column-is-layout-flow\"><div class=\"wp-block-image is-style-default\">\n<figure class=\"aligncenter size-full is-resized\"><img decoding=\"async\" width=\"71\" height=\"100\" src=\"https:\/\/biolinecorp.ca\/wp-content\/uploads\/2018\/02\/hpta_logo.png\" alt=\"Log\u00f3tipo HPTA\" class=\"wp-image-8964\" style=\"width:54px;height:77px\"\/><\/figure>\n<\/div>\n\n\n<p class=\"has-text-align-center\" style=\"font-size:16px\"><a href=\"https:\/\/humictrade.org\/\"><strong>Associa\u00e7\u00e3o Comercial de Produtos H\u00famicos<\/strong><\/a><\/p>\n<\/div>\n\n\n\n<div class=\"wp-block-column is-layout-flow wp-block-column-is-layout-flow\"><div class=\"wp-block-image\">\n<figure class=\"aligncenter size-full is-resized\"><img decoding=\"async\" width=\"68\" height=\"58\" src=\"https:\/\/biolinecorp.ca\/wp-content\/uploads\/2021\/09\/fertilizer-advisory-committee-canada-logo-v1B2.png\" alt=\"\" class=\"wp-image-21377\" style=\"width:88px;height:76px\"\/><\/figure>\n<\/div>\n\n\n<p class=\"has-text-align-center\" style=\"font-size:16px\"><strong><a href=\"https:\/\/fsacommittee.ca\/\">Comit\u00e9 Consultivo de Fertilizantes e Suplementos<\/a><\/strong><\/p>\n<\/div>\n\n\n\n<div class=\"wp-block-column is-layout-flow wp-block-column-is-layout-flow\"><div class=\"wp-block-image\">\n<figure class=\"aligncenter size-full is-resized\"><a href=\"https:\/\/humic-substances.org\/\"><img decoding=\"async\" width=\"170\" height=\"100\" src=\"https:\/\/biolinecorp.ca\/wp-content\/uploads\/2018\/02\/ihss_logo.png\" alt=\"Log\u00f3tipo da investiga\u00e7\u00e3o sobre mat\u00e9ria org\u00e2nica natural do IHSS\" class=\"wp-image-8966\" style=\"width:131px;height:76px\"\/><\/a><\/figure>\n<\/div>\n\n\n<p class=\"has-text-align-center\" style=\"font-size:16px\"><strong><a href=\"https:\/\/humic-substances.org\/\">Sociedade Internacional das Subst\u00e2ncias H\u00famicas<\/a><\/strong><\/p>\n<\/div>\n\n\n\n<div class=\"wp-block-column is-layout-flow wp-block-column-is-layout-flow\" style=\"flex-basis:20px\"><\/div>\n<\/div>\n\n\n\n<head><!-- Global site tag (gtag.js) - Google Ads: 781808697 --> <script async src=\"https:\/\/www.googletagmanager.com\/gtag\/js?id=AW-781808697\"><\/script> <script> window.dataLayer = window.dataLayer || []; function gtag(){dataLayer.push(arguments);} gtag('js', new Date()); gtag('config', 'AW-781808697'); gtag('config', 'AW-781808697');<\/script> <\/head>\n\n\n\n<p><\/p>","protected":false},"excerpt":{"rendered":"<p>Rooted in Innovation. Inspired by Growth. Driven by Results. At BioLiNE, we aspire to deliver the highest quality solutions that energize plant health, enrich soil, and elevate crop performance. Our formulations are founded on intense research and produced using innovative technologies. We&#8217;re not just advancing technology &#8211; we&#8217;re transforming agriculture. Our products are precision-engineered to [&hellip;]<\/p>\n","protected":false},"author":3,"featured_media":0,"parent":0,"menu_order":0,"comment_status":"closed","ping_status":"closed","template":"","meta":{"_monsterinsights_skip_tracking":false,"_monsterinsights_sitenote_active":false,"_monsterinsights_sitenote_note":"","_monsterinsights_sitenote_category":0,"footnotes":""},"class_list":["post-71489","page","type-page","status-publish","hentry"],"yoast_head":"<!-- This site is optimized with the Yoast SEO Premium plugin v27.3 (Yoast SEO v27.3) - https:\/\/yoast.com\/product\/yoast-seo-premium-wordpress\/ -->\n<title>Formulators of Superior Plant and Soil Health Products<\/title>\n<meta name=\"description\" content=\"BioLiNE formulations improve the performance of fertilizers and transport of nutrient, electrolytes, and actives.\" \/>\n<meta name=\"robots\" content=\"index, follow, max-snippet:-1, max-image-preview:large, max-video-preview:-1\" \/>\n<link rel=\"canonical\" href=\"https:\/\/biolinecorp.ca\/pt\/a-nossa-missao\/\" \/>\n<meta property=\"og:locale\" content=\"pt_PT\" \/>\n<meta property=\"og:type\" content=\"article\" \/>\n<meta property=\"og:title\" content=\"Our Mission\" \/>\n<meta property=\"og:description\" content=\"BioLiNE formulations improve the performance of fertilizers and transport of nutrient, electrolytes, and actives.\" \/>\n<meta property=\"og:url\" content=\"https:\/\/biolinecorp.ca\/pt\/a-nossa-missao\/\" \/>\n<meta property=\"article:publisher\" content=\"https:\/\/www.facebook.com\/BiolineCorp\/\" \/>\n<meta property=\"article:modified_time\" content=\"2025-05-01T16:21:39+00:00\" \/>\n<meta property=\"og:image\" content=\"https:\/\/biolinecorp.ca\/wp-content\/uploads\/2025\/04\/shutterstock_456567850-scaled-e1745429770966-714x1024.jpg\" \/>\n<meta name=\"twitter:card\" content=\"summary_large_image\" \/>\n<meta name=\"twitter:site\" content=\"@BiolineCorp\" \/>\n<meta name=\"twitter:label1\" content=\"Tempo estimado de leitura\" \/>\n\t<meta name=\"twitter:data1\" content=\"3 minutos\" \/>\n<script type=\"application\/ld+json\" class=\"yoast-schema-graph\">{\"@context\":\"https:\\\/\\\/schema.org\",\"@graph\":[{\"@type\":\"WebPage\",\"@id\":\"https:\\\/\\\/biolinecorp.ca\\\/en_ca\\\/our-mission\\\/\",\"url\":\"https:\\\/\\\/biolinecorp.ca\\\/en_ca\\\/our-mission\\\/\",\"name\":\"Formulators of Superior Plant and Soil Health Products\",\"isPartOf\":{\"@id\":\"https:\\\/\\\/biolinecorp.ca\\\/#website\"},\"primaryImageOfPage\":{\"@id\":\"https:\\\/\\\/biolinecorp.ca\\\/en_ca\\\/our-mission\\\/#primaryimage\"},\"image\":{\"@id\":\"https:\\\/\\\/biolinecorp.ca\\\/en_ca\\\/our-mission\\\/#primaryimage\"},\"thumbnailUrl\":\"https:\\\/\\\/biolinecorp.ca\\\/wp-content\\\/uploads\\\/2025\\\/04\\\/shutterstock_456567850-scaled-e1745429770966-714x1024.jpg\",\"datePublished\":\"2025-05-01T16:18:24+00:00\",\"dateModified\":\"2025-05-01T16:21:39+00:00\",\"description\":\"BioLiNE formulations improve the performance of fertilizers and transport of nutrient, electrolytes, and actives.\",\"breadcrumb\":{\"@id\":\"https:\\\/\\\/biolinecorp.ca\\\/en_ca\\\/our-mission\\\/#breadcrumb\"},\"inLanguage\":\"pt-PT\",\"potentialAction\":[{\"@type\":\"ReadAction\",\"target\":[\"https:\\\/\\\/biolinecorp.ca\\\/en_ca\\\/our-mission\\\/\"]}]},{\"@type\":\"ImageObject\",\"inLanguage\":\"pt-PT\",\"@id\":\"https:\\\/\\\/biolinecorp.ca\\\/en_ca\\\/our-mission\\\/#primaryimage\",\"url\":\"https:\\\/\\\/biolinecorp.ca\\\/wp-content\\\/uploads\\\/2025\\\/04\\\/shutterstock_456567850-scaled-e1745429770966-714x1024.jpg\",\"contentUrl\":\"https:\\\/\\\/biolinecorp.ca\\\/wp-content\\\/uploads\\\/2025\\\/04\\\/shutterstock_456567850-scaled-e1745429770966-714x1024.jpg\"},{\"@type\":\"BreadcrumbList\",\"@id\":\"https:\\\/\\\/biolinecorp.ca\\\/en_ca\\\/our-mission\\\/#breadcrumb\",\"itemListElement\":[{\"@type\":\"ListItem\",\"position\":1,\"name\":\"Home\",\"item\":\"https:\\\/\\\/biolinecorp.ca\\\/en_ca\\\/\"},{\"@type\":\"ListItem\",\"position\":2,\"name\":\"Our Mission\"}]},{\"@type\":\"WebSite\",\"@id\":\"https:\\\/\\\/biolinecorp.ca\\\/#website\",\"url\":\"https:\\\/\\\/biolinecorp.ca\\\/\",\"name\":\"BioLine Corporation\",\"description\":\"\",\"publisher\":{\"@id\":\"https:\\\/\\\/biolinecorp.ca\\\/#organization\"},\"potentialAction\":[{\"@type\":\"SearchAction\",\"target\":{\"@type\":\"EntryPoint\",\"urlTemplate\":\"https:\\\/\\\/biolinecorp.ca\\\/?s={search_term_string}\"},\"query-input\":{\"@type\":\"PropertyValueSpecification\",\"valueRequired\":true,\"valueName\":\"search_term_string\"}}],\"inLanguage\":\"pt-PT\"},{\"@type\":\"Organization\",\"@id\":\"https:\\\/\\\/biolinecorp.ca\\\/#organization\",\"name\":\"Bioline Corporation\",\"url\":\"https:\\\/\\\/biolinecorp.ca\\\/\",\"logo\":{\"@type\":\"ImageObject\",\"inLanguage\":\"pt-PT\",\"@id\":\"https:\\\/\\\/biolinecorp.ca\\\/#\\\/schema\\\/logo\\\/image\\\/\",\"url\":\"https:\\\/\\\/biolinecorp.ca\\\/wp-content\\\/uploads\\\/2018\\\/02\\\/Bioline_logo.png\",\"contentUrl\":\"https:\\\/\\\/biolinecorp.ca\\\/wp-content\\\/uploads\\\/2018\\\/02\\\/Bioline_logo.png\",\"width\":667,\"height\":181,\"caption\":\"Bioline Corporation\"},\"image\":{\"@id\":\"https:\\\/\\\/biolinecorp.ca\\\/#\\\/schema\\\/logo\\\/image\\\/\"},\"sameAs\":[\"https:\\\/\\\/www.facebook.com\\\/BiolineCorp\\\/\",\"https:\\\/\\\/x.com\\\/BiolineCorp\",\"https:\\\/\\\/www.linkedin.com\\\/company\\\/bioline-corp\\\/\",\"https:\\\/\\\/www.youtube.com\\\/channel\\\/UCpD4bbIdegjthmdriZ2SAow\"]}]}<\/script>\n<!-- \/ Yoast SEO Premium plugin. -->","yoast_head_json":{"title":"Formuladores de produtos fitossanit\u00e1rios e de solos de qualidade superior","description":"As f\u00f3rmulas BioLiNE melhoram o desempenho dos fertilizantes e o transporte de nutrientes, electr\u00f3litos e activos.","robots":{"index":"index","follow":"follow","max-snippet":"max-snippet:-1","max-image-preview":"max-image-preview:large","max-video-preview":"max-video-preview:-1"},"canonical":"https:\/\/biolinecorp.ca\/pt\/a-nossa-missao\/","og_locale":"pt_PT","og_type":"article","og_title":"Our Mission","og_description":"BioLiNE formulations improve the performance of fertilizers and transport of nutrient, electrolytes, and actives.","og_url":"https:\/\/biolinecorp.ca\/pt\/a-nossa-missao\/","article_publisher":"https:\/\/www.facebook.com\/BiolineCorp\/","article_modified_time":"2025-05-01T16:21:39+00:00","og_image":[{"url":"https:\/\/biolinecorp.ca\/wp-content\/uploads\/2025\/04\/shutterstock_456567850-scaled-e1745429770966-714x1024.jpg","type":"","width":"","height":""}],"twitter_card":"summary_large_image","twitter_site":"@BiolineCorp","twitter_misc":{"Tempo estimado de leitura":"3 minutos"},"schema":{"@context":"https:\/\/schema.org","@graph":[{"@type":"WebPage","@id":"https:\/\/biolinecorp.ca\/en_ca\/our-mission\/","url":"https:\/\/biolinecorp.ca\/en_ca\/our-mission\/","name":"Formuladores de produtos fitossanit\u00e1rios e de solos de qualidade superior","isPartOf":{"@id":"https:\/\/biolinecorp.ca\/#website"},"primaryImageOfPage":{"@id":"https:\/\/biolinecorp.ca\/en_ca\/our-mission\/#primaryimage"},"image":{"@id":"https:\/\/biolinecorp.ca\/en_ca\/our-mission\/#primaryimage"},"thumbnailUrl":"https:\/\/biolinecorp.ca\/wp-content\/uploads\/2025\/04\/shutterstock_456567850-scaled-e1745429770966-714x1024.jpg","datePublished":"2025-05-01T16:18:24+00:00","dateModified":"2025-05-01T16:21:39+00:00","description":"As f\u00f3rmulas BioLiNE melhoram o desempenho dos fertilizantes e o transporte de nutrientes, electr\u00f3litos e activos.","breadcrumb":{"@id":"https:\/\/biolinecorp.ca\/en_ca\/our-mission\/#breadcrumb"},"inLanguage":"pt-PT","potentialAction":[{"@type":"ReadAction","target":["https:\/\/biolinecorp.ca\/en_ca\/our-mission\/"]}]},{"@type":"ImageObject","inLanguage":"pt-PT","@id":"https:\/\/biolinecorp.ca\/en_ca\/our-mission\/#primaryimage","url":"https:\/\/biolinecorp.ca\/wp-content\/uploads\/2025\/04\/shutterstock_456567850-scaled-e1745429770966-714x1024.jpg","contentUrl":"https:\/\/biolinecorp.ca\/wp-content\/uploads\/2025\/04\/shutterstock_456567850-scaled-e1745429770966-714x1024.jpg"},{"@type":"BreadcrumbList","@id":"https:\/\/biolinecorp.ca\/en_ca\/our-mission\/#breadcrumb","itemListElement":[{"@type":"ListItem","position":1,"name":"Home","item":"https:\/\/biolinecorp.ca\/en_ca\/"},{"@type":"ListItem","position":2,"name":"Our Mission"}]},{"@type":"WebSite","@id":"https:\/\/biolinecorp.ca\/#website","url":"https:\/\/biolinecorp.ca\/","name":"BioLine Corporation","description":"","publisher":{"@id":"https:\/\/biolinecorp.ca\/#organization"},"potentialAction":[{"@type":"SearchAction","target":{"@type":"EntryPoint","urlTemplate":"https:\/\/biolinecorp.ca\/?s={search_term_string}"},"query-input":{"@type":"PropertyValueSpecification","valueRequired":true,"valueName":"search_term_string"}}],"inLanguage":"pt-PT"},{"@type":"Organization","@id":"https:\/\/biolinecorp.ca\/#organization","name":"Bioline Corporation","url":"https:\/\/biolinecorp.ca\/","logo":{"@type":"ImageObject","inLanguage":"pt-PT","@id":"https:\/\/biolinecorp.ca\/#\/schema\/logo\/image\/","url":"https:\/\/biolinecorp.ca\/wp-content\/uploads\/2018\/02\/Bioline_logo.png","contentUrl":"https:\/\/biolinecorp.ca\/wp-content\/uploads\/2018\/02\/Bioline_logo.png","width":667,"height":181,"caption":"Bioline Corporation"},"image":{"@id":"https:\/\/biolinecorp.ca\/#\/schema\/logo\/image\/"},"sameAs":["https:\/\/www.facebook.com\/BiolineCorp\/","https:\/\/x.com\/BiolineCorp","https:\/\/www.linkedin.com\/company\/bioline-corp\/","https:\/\/www.youtube.com\/channel\/UCpD4bbIdegjthmdriZ2SAow"]}]}},"_links":{"self":[{"href":"https:\/\/biolinecorp.ca\/pt\/wp-json\/wp\/v2\/pages\/71489","targetHints":{"allow":["GET"]}}],"collection":[{"href":"https:\/\/biolinecorp.ca\/pt\/wp-json\/wp\/v2\/pages"}],"about":[{"href":"https:\/\/biolinecorp.ca\/pt\/wp-json\/wp\/v2\/types\/page"}],"author":[{"embeddable":true,"href":"https:\/\/biolinecorp.ca\/pt\/wp-json\/wp\/v2\/users\/3"}],"replies":[{"embeddable":true,"href":"https:\/\/biolinecorp.ca\/pt\/wp-json\/wp\/v2\/comments?post=71489"}],"version-history":[{"count":0,"href":"https:\/\/biolinecorp.ca\/pt\/wp-json\/wp\/v2\/pages\/71489\/revisions"}],"wp:attachment":[{"href":"https:\/\/biolinecorp.ca\/pt\/wp-json\/wp\/v2\/media?parent=71489"}],"curies":[{"name":"wp","href":"https:\/\/api.w.org\/{rel}","templated":true}]}}