{"id":66972,"date":"2025-04-16T13:36:00","date_gmt":"2025-04-16T17:36:00","guid":{"rendered":"https:\/\/biolinecorp.ca\/?page_id=66972"},"modified":"2025-11-19T12:25:40","modified_gmt":"2025-11-19T17:25:40","slug":"bioline-emerald","status":"publish","type":"page","link":"https:\/\/biolinecorp.ca\/pt\/esmeralda-biologica\/","title":{"rendered":"BioLiNE Esmeralda"},"content":{"rendered":"<h3 class=\"wp-block-heading\" id=\"downloads\"><mark style=\"background-color:rgba(0, 0, 0, 0)\" class=\"has-inline-color has-vivid-green-cyan-color\">BioLiNE<sup>\u00ae<\/sup> \u00c1cido f\u00falvico Esmeralda<\/mark><\/h3>\n\n\n\n<div style=\"height:25px\" aria-hidden=\"true\" class=\"wp-block-spacer\"><\/div>\n\n\n\n<hr class=\"wp-block-separator has-css-opacity\"\/>\n\n\n\n<div style=\"height:25px\" aria-hidden=\"true\" class=\"wp-block-spacer\"><\/div>\n\n\n\n<div class=\"wp-block-buttons is-horizontal is-content-justification-space-between is-layout-flex wp-container-core-buttons-is-layout-9262d1ff wp-block-buttons-is-layout-flex\">\n<div class=\"wp-block-button\"><a class=\"wp-block-button__link wp-element-button\">Ficha T\u00e9cnica<\/a><\/div>\n\n\n\n<div class=\"wp-block-button\"><a class=\"wp-block-button__link wp-element-button\">Ficha de candidatura<\/a><\/div>\n\n\n\n<div class=\"wp-block-button\"><a class=\"wp-block-button__link wp-element-button\"> R\u00f3tulo do produto<\/a><\/div>\n\n\n\n<div class=\"wp-block-button\"><a class=\"wp-block-button__link wp-element-button\">Ficha de Dados de Seguran\u00e7a <\/a><\/div>\n<\/div>\n\n\n\n<div style=\"height:25px\" aria-hidden=\"true\" class=\"wp-block-spacer\"><\/div>\n\n\n\n<hr class=\"wp-block-separator has-css-opacity\"\/>\n\n\n\n<div style=\"height:40px\" aria-hidden=\"true\" class=\"wp-block-spacer\"><\/div>\n\n\n\n<div class=\"wp-block-columns is-layout-flex wp-container-core-columns-is-layout-9d6595d7 wp-block-columns-is-layout-flex\">\n<div class=\"wp-block-column is-layout-flow wp-block-column-is-layout-flow\" style=\"flex-basis:66.66%\">\n<h5 class=\"wp-block-heading\" id=\"h-an-essential-tool-for-helping-organic-growers-manage-their-crops\"><strong>Uma ferramenta essencial para ajudar os produtores biol\u00f3gicos a gerir as suas culturas.<\/strong><\/h5>\n\n\n\n<p>BioLiNE<sup>\u00ae<\/sup> Emerald \u00e9 uma tecnologia de \u00e1cido f\u00falvico altamente ativa que est\u00e1 aprovada para utiliza\u00e7\u00e3o org\u00e2nica. Desenvolvido ao longo de anos de investiga\u00e7\u00e3o para melhorar o transporte e a assimila\u00e7\u00e3o de nutrientes, os nossos produtos t\u00eam um historial comprovado de resultados superiores para os agricultores. Pode ser utilizado como ingrediente em revestimentos de sementes para melhorar a germina\u00e7\u00e3o e o desenvolvimento inicial das plantas. Para utiliza\u00e7\u00e3o em culturas de campo, pode ser aplicado no solo em sulcos, em faixas ou em cobertura, ou por fertirriga\u00e7\u00e3o ou como pulveriza\u00e7\u00e3o foliar.<\/p>\n\n\n\n<div style=\"height:25px\" aria-hidden=\"true\" class=\"wp-block-spacer\"><\/div>\n\n\n\n<h5 class=\"wp-block-heading\" id=\"h-product-benefits\"><strong>Benef\u00edcios do produto<\/strong><\/h5>\n\n\n\n<ul class=\"wp-block-list\">\n<li><strong>R\u00e1pido e At\u00e9 Emerg\u00eancia<\/strong> - Melhora a penetra\u00e7\u00e3o da \u00e1gua atrav\u00e9s do revestimento da semente e ajuda a humidade a mover-se uniformemente atrav\u00e9s da cama de sementes, levando a uma imbibi\u00e7\u00e3o mais sincronizada (absor\u00e7\u00e3o de \u00e1gua), para que as sementes comecem o processo de germina\u00e7\u00e3o ao mesmo tempo.<\/li>\n\n\n\n<li><strong>Resist\u00eancia ao stress abi\u00f3tico<\/strong> - Melhora a efici\u00eancia da utiliza\u00e7\u00e3o da \u00e1gua, reduzindo a transpira\u00e7\u00e3o cuticular e a condut\u00e2ncia estom\u00e1tica, e aumenta drasticamente a atividade das enzimas antioxidantes necess\u00e1rias para controlar a acumula\u00e7\u00e3o de esp\u00e9cies reactivas de oxig\u00e9nio (ROS), reduzindo assim a peroxida\u00e7\u00e3o lip\u00eddica.<\/li>\n\n\n\n<li><strong>Melhore a fotoss\u00edntese<\/strong> - Melhorar a reten\u00e7\u00e3o de clorofila e a efici\u00eancia fotoqu\u00edmica atrav\u00e9s da estabiliza\u00e7\u00e3o do fotossistema II (PS II), mantendo a taxa de renova\u00e7\u00e3o da prote\u00edna D1, apoiando os ciclos de repara\u00e7\u00e3o do PSII e protegendo os componentes do complexo de evolu\u00e7\u00e3o do oxig\u00e9nio (OEC) dos danos oxidativos.<\/li>\n\n\n\n<li><strong>Crescimento e rendimento das culturas<\/strong> \u2013 Melhora os frutos\/planta, o tamanho das espigas, o peso da planta, o rendimento comercializ\u00e1vel, o peso m\u00e9dio dos frutos\/sementes e o tamanho uniforme da colheita.<\/li>\n<\/ul>\n<\/div>\n\n\n\n<div class=\"wp-block-column is-layout-flow wp-block-column-is-layout-flow\" style=\"flex-basis:33.33%\"><div class=\"wp-block-image\">\n<figure class=\"aligncenter size-full is-resized\"><img decoding=\"async\" width=\"500\" height=\"322\" src=\"https:\/\/biolinecorp.ca\/wp-content\/uploads\/2022\/02\/orthosilicic-acid-500x500-1-e1644428491921.jpeg\" alt=\"\" class=\"wp-image-23884\" style=\"width:189px;height:auto\"\/><\/figure>\n<\/div>\n\n\n<figure class=\"wp-block-image size-large\"><img decoding=\"async\" width=\"819\" height=\"1024\" src=\"https:\/\/biolinecorp.ca\/wp-content\/uploads\/2025\/11\/20251118-BioLiNE-Emerald-819x1024.png\" alt=\"\" class=\"wp-image-89948\" srcset=\"https:\/\/biolinecorp.ca\/wp-content\/uploads\/2025\/11\/20251118-BioLiNE-Emerald-819x1024.png 819w, https:\/\/biolinecorp.ca\/wp-content\/uploads\/2025\/11\/20251118-BioLiNE-Emerald-480x600.png 480w, https:\/\/biolinecorp.ca\/wp-content\/uploads\/2025\/11\/20251118-BioLiNE-Emerald-768x960.png 768w, https:\/\/biolinecorp.ca\/wp-content\/uploads\/2025\/11\/20251118-BioLiNE-Emerald-10x12.png 10w, https:\/\/biolinecorp.ca\/wp-content\/uploads\/2025\/11\/20251118-BioLiNE-Emerald-640x800.png 640w, https:\/\/biolinecorp.ca\/wp-content\/uploads\/2025\/11\/20251118-BioLiNE-Emerald.png 1080w\" sizes=\"(max-width: 819px) 100vw, 819px\" \/><\/figure>\n<\/div>\n<\/div>\n\n\n\n<div style=\"height:20px\" aria-hidden=\"true\" class=\"wp-block-spacer\"><\/div>\n\n\n\n<hr class=\"wp-block-separator has-css-opacity\"\/>\n\n\n\n<div style=\"height:1px\" aria-hidden=\"true\" class=\"wp-block-spacer\"><\/div>\n\n\n\n<figure class=\"wp-block-gallery has-nested-images columns-default is-cropped wp-block-gallery-1 is-layout-flex wp-block-gallery-is-layout-flex\">\n<figure data-wp-context=\"{&quot;imageId&quot;:&quot;69d8aa591d95d&quot;}\" data-wp-interactive=\"core\/image\" data-wp-key=\"69d8aa591d95d\" class=\"wp-block-image size-large wp-lightbox-container\"><img decoding=\"async\" width=\"768\" height=\"1024\" data-wp-class--hide=\"state.isContentHidden\" data-wp-class--show=\"state.isContentVisible\" data-wp-init=\"callbacks.setButtonStyles\" data-wp-on--click=\"actions.showLightbox\" data-wp-on--load=\"callbacks.setButtonStyles\" data-wp-on-window--resize=\"callbacks.setButtonStyles\" data-id=\"67233\" src=\"https:\/\/biolinecorp.ca\/wp-content\/uploads\/2025\/04\/January-Bench-Corn-Germ-768x1024.jpg\" alt=\"\" class=\"wp-image-67233\" srcset=\"https:\/\/biolinecorp.ca\/wp-content\/uploads\/2025\/04\/January-Bench-Corn-Germ-768x1024.jpg 768w, https:\/\/biolinecorp.ca\/wp-content\/uploads\/2025\/04\/January-Bench-Corn-Germ-450x600.jpg 450w, https:\/\/biolinecorp.ca\/wp-content\/uploads\/2025\/04\/January-Bench-Corn-Germ-1152x1536.jpg 1152w, https:\/\/biolinecorp.ca\/wp-content\/uploads\/2025\/04\/January-Bench-Corn-Germ-9x12.jpg 9w, https:\/\/biolinecorp.ca\/wp-content\/uploads\/2025\/04\/January-Bench-Corn-Germ-600x800.jpg 600w, https:\/\/biolinecorp.ca\/wp-content\/uploads\/2025\/04\/January-Bench-Corn-Germ-640x853.jpg 640w, https:\/\/biolinecorp.ca\/wp-content\/uploads\/2025\/04\/January-Bench-Corn-Germ-1280x1707.jpg 1280w, https:\/\/biolinecorp.ca\/wp-content\/uploads\/2025\/04\/January-Bench-Corn-Germ.jpg 1512w\" sizes=\"(max-width: 768px) 100vw, 768px\" \/><button\n\t\t\tclass=\"lightbox-trigger\"\n\t\t\ttype=\"button\"\n\t\t\taria-haspopup=\"dialog\"\n\t\t\taria-label=\"Ampliar\"\n\t\t\tdata-wp-init=\"callbacks.initTriggerButton\"\n\t\t\tdata-wp-on--click=\"actions.showLightbox\"\n\t\t\tdata-wp-style--right=\"state.imageButtonRight\"\n\t\t\tdata-wp-style--top=\"state.imageButtonTop\"\n\t\t>\n\t\t\t<svg xmlns=\"http:\/\/www.w3.org\/2000\/svg\" width=\"12\" height=\"12\" fill=\"none\" viewbox=\"0 0 12 12\">\n\t\t\t\t<path fill=\"#fff\" d=\"M2 0a2 2 0 0 0-2 2v2h1.5V2a.5.5 0 0 1 .5-.5h2V0H2Zm2 10.5H2a.5.5 0 0 1-.5-.5V8H0v2a2 2 0 0 0 2 2h2v-1.5ZM8 12v-1.5h2a.5.5 0 0 0 .5-.5V8H12v2a2 2 0 0 1-2 2H8Zm2-12a2 2 0 0 1 2 2v2h-1.5V2a.5.5 0 0 0-.5-.5H8V0h2Z\" \/>\n\t\t\t<\/svg>\n\t\t<\/button><\/figure>\n\n\n\n<figure data-wp-context=\"{&quot;imageId&quot;:&quot;69d8aa591dcb8&quot;}\" data-wp-interactive=\"core\/image\" data-wp-key=\"69d8aa591dcb8\" class=\"wp-block-image size-large wp-lightbox-container\"><img decoding=\"async\" width=\"663\" height=\"1024\" data-wp-class--hide=\"state.isContentHidden\" data-wp-class--show=\"state.isContentVisible\" data-wp-init=\"callbacks.setButtonStyles\" data-wp-on--click=\"actions.showLightbox\" data-wp-on--load=\"callbacks.setButtonStyles\" data-wp-on-window--resize=\"callbacks.setButtonStyles\" data-id=\"24840\" src=\"https:\/\/biolinecorp.ca\/wp-content\/uploads\/2022\/02\/Lettuce-Hydroponics-663x1024.png\" alt=\"\" class=\"wp-image-24840\" srcset=\"https:\/\/biolinecorp.ca\/wp-content\/uploads\/2022\/02\/Lettuce-Hydroponics-663x1024.png 663w, https:\/\/biolinecorp.ca\/wp-content\/uploads\/2022\/02\/Lettuce-Hydroponics-388x600.png 388w, https:\/\/biolinecorp.ca\/wp-content\/uploads\/2022\/02\/Lettuce-Hydroponics-768x1187.png 768w, https:\/\/biolinecorp.ca\/wp-content\/uploads\/2022\/02\/Lettuce-Hydroponics-994x1536.png 994w, https:\/\/biolinecorp.ca\/wp-content\/uploads\/2022\/02\/Lettuce-Hydroponics-1325x2048.png 1325w, https:\/\/biolinecorp.ca\/wp-content\/uploads\/2022\/02\/Lettuce-Hydroponics-640x989.png 640w, https:\/\/biolinecorp.ca\/wp-content\/uploads\/2022\/02\/Lettuce-Hydroponics-1280x1978.png 1280w\" sizes=\"(max-width: 663px) 100vw, 663px\" \/><button\n\t\t\tclass=\"lightbox-trigger\"\n\t\t\ttype=\"button\"\n\t\t\taria-haspopup=\"dialog\"\n\t\t\taria-label=\"Ampliar\"\n\t\t\tdata-wp-init=\"callbacks.initTriggerButton\"\n\t\t\tdata-wp-on--click=\"actions.showLightbox\"\n\t\t\tdata-wp-style--right=\"state.imageButtonRight\"\n\t\t\tdata-wp-style--top=\"state.imageButtonTop\"\n\t\t>\n\t\t\t<svg xmlns=\"http:\/\/www.w3.org\/2000\/svg\" width=\"12\" height=\"12\" fill=\"none\" viewbox=\"0 0 12 12\">\n\t\t\t\t<path fill=\"#fff\" d=\"M2 0a2 2 0 0 0-2 2v2h1.5V2a.5.5 0 0 1 .5-.5h2V0H2Zm2 10.5H2a.5.5 0 0 1-.5-.5V8H0v2a2 2 0 0 0 2 2h2v-1.5ZM8 12v-1.5h2a.5.5 0 0 0 .5-.5V8H12v2a2 2 0 0 1-2 2H8Zm2-12a2 2 0 0 1 2 2v2h-1.5V2a.5.5 0 0 0-.5-.5H8V0h2Z\" \/>\n\t\t\t<\/svg>\n\t\t<\/button><\/figure>\n\n\n\n<figure data-wp-context=\"{&quot;imageId&quot;:&quot;69d8aa591df70&quot;}\" data-wp-interactive=\"core\/image\" data-wp-key=\"69d8aa591df70\" class=\"wp-block-image size-large wp-lightbox-container\"><img decoding=\"async\" width=\"683\" height=\"1024\" data-wp-class--hide=\"state.isContentHidden\" data-wp-class--show=\"state.isContentVisible\" data-wp-init=\"callbacks.setButtonStyles\" data-wp-on--click=\"actions.showLightbox\" data-wp-on--load=\"callbacks.setButtonStyles\" data-wp-on-window--resize=\"callbacks.setButtonStyles\" data-id=\"25069\" src=\"https:\/\/biolinecorp.ca\/wp-content\/uploads\/2022\/03\/My-project-6-683x1024.png\" alt=\"\" class=\"wp-image-25069\" srcset=\"https:\/\/biolinecorp.ca\/wp-content\/uploads\/2022\/03\/My-project-6-683x1024.png 683w, https:\/\/biolinecorp.ca\/wp-content\/uploads\/2022\/03\/My-project-6-400x600.png 400w, https:\/\/biolinecorp.ca\/wp-content\/uploads\/2022\/03\/My-project-6-768x1152.png 768w, https:\/\/biolinecorp.ca\/wp-content\/uploads\/2022\/03\/My-project-6-1024x1536.png 1024w, https:\/\/biolinecorp.ca\/wp-content\/uploads\/2022\/03\/My-project-6-1365x2048.png 1365w, https:\/\/biolinecorp.ca\/wp-content\/uploads\/2022\/03\/My-project-6-640x960.png 640w, https:\/\/biolinecorp.ca\/wp-content\/uploads\/2022\/03\/My-project-6-1280x1920.png 1280w, https:\/\/biolinecorp.ca\/wp-content\/uploads\/2022\/03\/My-project-6.png 1700w\" sizes=\"(max-width: 683px) 100vw, 683px\" \/><button\n\t\t\tclass=\"lightbox-trigger\"\n\t\t\ttype=\"button\"\n\t\t\taria-haspopup=\"dialog\"\n\t\t\taria-label=\"Ampliar\"\n\t\t\tdata-wp-init=\"callbacks.initTriggerButton\"\n\t\t\tdata-wp-on--click=\"actions.showLightbox\"\n\t\t\tdata-wp-style--right=\"state.imageButtonRight\"\n\t\t\tdata-wp-style--top=\"state.imageButtonTop\"\n\t\t>\n\t\t\t<svg xmlns=\"http:\/\/www.w3.org\/2000\/svg\" width=\"12\" height=\"12\" fill=\"none\" viewbox=\"0 0 12 12\">\n\t\t\t\t<path fill=\"#fff\" d=\"M2 0a2 2 0 0 0-2 2v2h1.5V2a.5.5 0 0 1 .5-.5h2V0H2Zm2 10.5H2a.5.5 0 0 1-.5-.5V8H0v2a2 2 0 0 0 2 2h2v-1.5ZM8 12v-1.5h2a.5.5 0 0 0 .5-.5V8H12v2a2 2 0 0 1-2 2H8Zm2-12a2 2 0 0 1 2 2v2h-1.5V2a.5.5 0 0 0-.5-.5H8V0h2Z\" \/>\n\t\t\t<\/svg>\n\t\t<\/button><\/figure>\n<\/figure>\n\n\n\n<hr class=\"wp-block-separator has-alpha-channel-opacity\"\/>\n\n\n\n<head><!-- Global site tag (gtag.js) - Google Ads: 781808697 --> <script async src=\"https:\/\/www.googletagmanager.com\/gtag\/js?id=AW-781808697\"><\/script> <script> window.dataLayer = window.dataLayer || []; function gtag(){dataLayer.push(arguments);} gtag('js', new Date()); gtag('config', 'AW-781808697'); gtag('config', 'AW-781808697');<\/script> <\/head>","protected":false},"excerpt":{"rendered":"<p>BioLiNE\u00ae Emerald Fulvic Acid An essential tool for helping organic growers manage their crops. BioLiNE\u00ae Emerald is a highly active fulvic acid technology that is approved for organic use. Developed through years of research to improve the transport and assimilation of nutrients, our products have a proven track record of delivering superior results for growers. [&hellip;]<\/p>\n","protected":false},"author":3,"featured_media":0,"parent":0,"menu_order":18,"comment_status":"closed","ping_status":"closed","template":"","meta":{"_monsterinsights_skip_tracking":false,"_monsterinsights_sitenote_active":false,"_monsterinsights_sitenote_note":"","_monsterinsights_sitenote_category":0,"footnotes":""},"class_list":["post-66972","page","type-page","status-publish","hentry"],"yoast_head":"<!-- This site is optimized with the Yoast SEO Premium plugin v27.3 (Yoast SEO v27.3) - https:\/\/yoast.com\/product\/yoast-seo-premium-wordpress\/ -->\n<title>BioLiNE Emerald -<\/title>\n<meta name=\"description\" content=\"BioLiNE\u00ae Emerald is our highly active fulvic acid product that is approved for organic use. Maximum purity, low usage rates, and reliable.\" \/>\n<meta name=\"robots\" content=\"index, follow, max-snippet:-1, max-image-preview:large, max-video-preview:-1\" \/>\n<link rel=\"canonical\" href=\"https:\/\/biolinecorp.ca\/pt\/esmeralda-biologica\/\" \/>\n<meta property=\"og:locale\" content=\"pt_PT\" \/>\n<meta property=\"og:type\" content=\"article\" \/>\n<meta property=\"og:title\" content=\"BioLiNE Emerald\" \/>\n<meta property=\"og:description\" content=\"BioLiNE\u00ae Emerald is our highly active fulvic acid product that is approved for organic use. Maximum purity, low usage rates, and reliable.\" \/>\n<meta property=\"og:url\" content=\"https:\/\/biolinecorp.ca\/pt\/esmeralda-biologica\/\" \/>\n<meta property=\"article:publisher\" content=\"https:\/\/www.facebook.com\/BiolineCorp\/\" \/>\n<meta property=\"article:modified_time\" content=\"2025-11-19T17:25:40+00:00\" \/>\n<meta property=\"og:image\" content=\"https:\/\/biolinecorp.ca\/wp-content\/uploads\/2022\/02\/orthosilicic-acid-500x500-1-e1644428491921.jpeg\" \/>\n<meta name=\"twitter:card\" content=\"summary_large_image\" \/>\n<meta name=\"twitter:site\" content=\"@BiolineCorp\" \/>\n<meta name=\"twitter:label1\" content=\"Tempo estimado de leitura\" \/>\n\t<meta name=\"twitter:data1\" content=\"3 minutos\" \/>\n<script type=\"application\/ld+json\" class=\"yoast-schema-graph\">{\"@context\":\"https:\\\/\\\/schema.org\",\"@graph\":[{\"@type\":\"WebPage\",\"@id\":\"https:\\\/\\\/biolinecorp.ca\\\/en_ca\\\/bioline-emerald\\\/\",\"url\":\"https:\\\/\\\/biolinecorp.ca\\\/en_ca\\\/bioline-emerald\\\/\",\"name\":\"BioLiNE Emerald -\",\"isPartOf\":{\"@id\":\"https:\\\/\\\/biolinecorp.ca\\\/#website\"},\"primaryImageOfPage\":{\"@id\":\"https:\\\/\\\/biolinecorp.ca\\\/en_ca\\\/bioline-emerald\\\/#primaryimage\"},\"image\":{\"@id\":\"https:\\\/\\\/biolinecorp.ca\\\/en_ca\\\/bioline-emerald\\\/#primaryimage\"},\"thumbnailUrl\":\"https:\\\/\\\/biolinecorp.ca\\\/wp-content\\\/uploads\\\/2022\\\/02\\\/orthosilicic-acid-500x500-1-e1644428491921.jpeg\",\"datePublished\":\"2025-04-16T17:36:00+00:00\",\"dateModified\":\"2025-11-19T17:25:40+00:00\",\"description\":\"BioLiNE\u00ae Emerald is our highly active fulvic acid product that is approved for organic use. Maximum purity, low usage rates, and reliable.\",\"breadcrumb\":{\"@id\":\"https:\\\/\\\/biolinecorp.ca\\\/en_ca\\\/bioline-emerald\\\/#breadcrumb\"},\"inLanguage\":\"pt-PT\",\"potentialAction\":[{\"@type\":\"ReadAction\",\"target\":[\"https:\\\/\\\/biolinecorp.ca\\\/en_ca\\\/bioline-emerald\\\/\"]}]},{\"@type\":\"ImageObject\",\"inLanguage\":\"pt-PT\",\"@id\":\"https:\\\/\\\/biolinecorp.ca\\\/en_ca\\\/bioline-emerald\\\/#primaryimage\",\"url\":\"https:\\\/\\\/biolinecorp.ca\\\/wp-content\\\/uploads\\\/2022\\\/02\\\/orthosilicic-acid-500x500-1-e1644428491921.jpeg\",\"contentUrl\":\"https:\\\/\\\/biolinecorp.ca\\\/wp-content\\\/uploads\\\/2022\\\/02\\\/orthosilicic-acid-500x500-1-e1644428491921.jpeg\"},{\"@type\":\"BreadcrumbList\",\"@id\":\"https:\\\/\\\/biolinecorp.ca\\\/en_ca\\\/bioline-emerald\\\/#breadcrumb\",\"itemListElement\":[{\"@type\":\"ListItem\",\"position\":1,\"name\":\"Home\",\"item\":\"https:\\\/\\\/biolinecorp.ca\\\/en_ca\\\/\"},{\"@type\":\"ListItem\",\"position\":2,\"name\":\"BioLiNE Emerald\"}]},{\"@type\":\"WebSite\",\"@id\":\"https:\\\/\\\/biolinecorp.ca\\\/#website\",\"url\":\"https:\\\/\\\/biolinecorp.ca\\\/\",\"name\":\"BioLine Corporation\",\"description\":\"\",\"publisher\":{\"@id\":\"https:\\\/\\\/biolinecorp.ca\\\/#organization\"},\"potentialAction\":[{\"@type\":\"SearchAction\",\"target\":{\"@type\":\"EntryPoint\",\"urlTemplate\":\"https:\\\/\\\/biolinecorp.ca\\\/?s={search_term_string}\"},\"query-input\":{\"@type\":\"PropertyValueSpecification\",\"valueRequired\":true,\"valueName\":\"search_term_string\"}}],\"inLanguage\":\"pt-PT\"},{\"@type\":\"Organization\",\"@id\":\"https:\\\/\\\/biolinecorp.ca\\\/#organization\",\"name\":\"Bioline Corporation\",\"url\":\"https:\\\/\\\/biolinecorp.ca\\\/\",\"logo\":{\"@type\":\"ImageObject\",\"inLanguage\":\"pt-PT\",\"@id\":\"https:\\\/\\\/biolinecorp.ca\\\/#\\\/schema\\\/logo\\\/image\\\/\",\"url\":\"https:\\\/\\\/biolinecorp.ca\\\/wp-content\\\/uploads\\\/2018\\\/02\\\/Bioline_logo.png\",\"contentUrl\":\"https:\\\/\\\/biolinecorp.ca\\\/wp-content\\\/uploads\\\/2018\\\/02\\\/Bioline_logo.png\",\"width\":667,\"height\":181,\"caption\":\"Bioline Corporation\"},\"image\":{\"@id\":\"https:\\\/\\\/biolinecorp.ca\\\/#\\\/schema\\\/logo\\\/image\\\/\"},\"sameAs\":[\"https:\\\/\\\/www.facebook.com\\\/BiolineCorp\\\/\",\"https:\\\/\\\/x.com\\\/BiolineCorp\",\"https:\\\/\\\/www.linkedin.com\\\/company\\\/bioline-corp\\\/\",\"https:\\\/\\\/www.youtube.com\\\/channel\\\/UCpD4bbIdegjthmdriZ2SAow\"]}]}<\/script>\n<!-- \/ Yoast SEO Premium plugin. -->","yoast_head_json":{"title":"BioLiNE Esmeralda -","description":"BioLiNE\u00ae Emerald \u00e9 o nosso produto de \u00e1cido f\u00falvico altamente ativo que \u00e9 aprovado para uso org\u00e2nico. M\u00e1xima pureza, baixas taxas de utiliza\u00e7\u00e3o e fi\u00e1vel.","robots":{"index":"index","follow":"follow","max-snippet":"max-snippet:-1","max-image-preview":"max-image-preview:large","max-video-preview":"max-video-preview:-1"},"canonical":"https:\/\/biolinecorp.ca\/pt\/esmeralda-biologica\/","og_locale":"pt_PT","og_type":"article","og_title":"BioLiNE Emerald","og_description":"BioLiNE\u00ae Emerald is our highly active fulvic acid product that is approved for organic use. Maximum purity, low usage rates, and reliable.","og_url":"https:\/\/biolinecorp.ca\/pt\/esmeralda-biologica\/","article_publisher":"https:\/\/www.facebook.com\/BiolineCorp\/","article_modified_time":"2025-11-19T17:25:40+00:00","og_image":[{"url":"https:\/\/biolinecorp.ca\/wp-content\/uploads\/2022\/02\/orthosilicic-acid-500x500-1-e1644428491921.jpeg","type":"","width":"","height":""}],"twitter_card":"summary_large_image","twitter_site":"@BiolineCorp","twitter_misc":{"Tempo estimado de leitura":"3 minutos"},"schema":{"@context":"https:\/\/schema.org","@graph":[{"@type":"WebPage","@id":"https:\/\/biolinecorp.ca\/en_ca\/bioline-emerald\/","url":"https:\/\/biolinecorp.ca\/en_ca\/bioline-emerald\/","name":"BioLiNE Esmeralda -","isPartOf":{"@id":"https:\/\/biolinecorp.ca\/#website"},"primaryImageOfPage":{"@id":"https:\/\/biolinecorp.ca\/en_ca\/bioline-emerald\/#primaryimage"},"image":{"@id":"https:\/\/biolinecorp.ca\/en_ca\/bioline-emerald\/#primaryimage"},"thumbnailUrl":"https:\/\/biolinecorp.ca\/wp-content\/uploads\/2022\/02\/orthosilicic-acid-500x500-1-e1644428491921.jpeg","datePublished":"2025-04-16T17:36:00+00:00","dateModified":"2025-11-19T17:25:40+00:00","description":"BioLiNE\u00ae Emerald \u00e9 o nosso produto de \u00e1cido f\u00falvico altamente ativo que \u00e9 aprovado para uso org\u00e2nico. M\u00e1xima pureza, baixas taxas de utiliza\u00e7\u00e3o e fi\u00e1vel.","breadcrumb":{"@id":"https:\/\/biolinecorp.ca\/en_ca\/bioline-emerald\/#breadcrumb"},"inLanguage":"pt-PT","potentialAction":[{"@type":"ReadAction","target":["https:\/\/biolinecorp.ca\/en_ca\/bioline-emerald\/"]}]},{"@type":"ImageObject","inLanguage":"pt-PT","@id":"https:\/\/biolinecorp.ca\/en_ca\/bioline-emerald\/#primaryimage","url":"https:\/\/biolinecorp.ca\/wp-content\/uploads\/2022\/02\/orthosilicic-acid-500x500-1-e1644428491921.jpeg","contentUrl":"https:\/\/biolinecorp.ca\/wp-content\/uploads\/2022\/02\/orthosilicic-acid-500x500-1-e1644428491921.jpeg"},{"@type":"BreadcrumbList","@id":"https:\/\/biolinecorp.ca\/en_ca\/bioline-emerald\/#breadcrumb","itemListElement":[{"@type":"ListItem","position":1,"name":"Home","item":"https:\/\/biolinecorp.ca\/en_ca\/"},{"@type":"ListItem","position":2,"name":"BioLiNE Emerald"}]},{"@type":"WebSite","@id":"https:\/\/biolinecorp.ca\/#website","url":"https:\/\/biolinecorp.ca\/","name":"BioLine Corporation","description":"","publisher":{"@id":"https:\/\/biolinecorp.ca\/#organization"},"potentialAction":[{"@type":"SearchAction","target":{"@type":"EntryPoint","urlTemplate":"https:\/\/biolinecorp.ca\/?s={search_term_string}"},"query-input":{"@type":"PropertyValueSpecification","valueRequired":true,"valueName":"search_term_string"}}],"inLanguage":"pt-PT"},{"@type":"Organization","@id":"https:\/\/biolinecorp.ca\/#organization","name":"Bioline Corporation","url":"https:\/\/biolinecorp.ca\/","logo":{"@type":"ImageObject","inLanguage":"pt-PT","@id":"https:\/\/biolinecorp.ca\/#\/schema\/logo\/image\/","url":"https:\/\/biolinecorp.ca\/wp-content\/uploads\/2018\/02\/Bioline_logo.png","contentUrl":"https:\/\/biolinecorp.ca\/wp-content\/uploads\/2018\/02\/Bioline_logo.png","width":667,"height":181,"caption":"Bioline Corporation"},"image":{"@id":"https:\/\/biolinecorp.ca\/#\/schema\/logo\/image\/"},"sameAs":["https:\/\/www.facebook.com\/BiolineCorp\/","https:\/\/x.com\/BiolineCorp","https:\/\/www.linkedin.com\/company\/bioline-corp\/","https:\/\/www.youtube.com\/channel\/UCpD4bbIdegjthmdriZ2SAow"]}]}},"_links":{"self":[{"href":"https:\/\/biolinecorp.ca\/pt\/wp-json\/wp\/v2\/pages\/66972","targetHints":{"allow":["GET"]}}],"collection":[{"href":"https:\/\/biolinecorp.ca\/pt\/wp-json\/wp\/v2\/pages"}],"about":[{"href":"https:\/\/biolinecorp.ca\/pt\/wp-json\/wp\/v2\/types\/page"}],"author":[{"embeddable":true,"href":"https:\/\/biolinecorp.ca\/pt\/wp-json\/wp\/v2\/users\/3"}],"replies":[{"embeddable":true,"href":"https:\/\/biolinecorp.ca\/pt\/wp-json\/wp\/v2\/comments?post=66972"}],"version-history":[{"count":0,"href":"https:\/\/biolinecorp.ca\/pt\/wp-json\/wp\/v2\/pages\/66972\/revisions"}],"wp:attachment":[{"href":"https:\/\/biolinecorp.ca\/pt\/wp-json\/wp\/v2\/media?parent=66972"}],"curies":[{"name":"wp","href":"https:\/\/api.w.org\/{rel}","templated":true}]}}