{"id":25677,"date":"2022-03-09T10:01:07","date_gmt":"2022-03-09T15:01:07","guid":{"rendered":"https:\/\/biolinecorp.ca\/?page_id=25677"},"modified":"2023-09-13T14:45:56","modified_gmt":"2023-09-13T18:45:56","slug":"cotton","status":"publish","type":"page","link":"https:\/\/biolinecorp.ca\/pt\/algodao\/","title":{"rendered":"Algod\u00e3o"},"content":{"rendered":"<div style=\"height:50px\" aria-hidden=\"true\" class=\"wp-block-spacer\"><\/div>\n\n\n\n<h2 class=\"wp-block-heading\" id=\"h-how-does-bioline-help-cotton-production\">Como \u00e9 que BioLiNE<strong><sup>\u00ae<\/sup><\/strong> Ajuda \u00e0 Produ\u00e7\u00e3o de Algod\u00e3o?<\/h2>\n\n\n\n<div style=\"height:25px\" aria-hidden=\"true\" class=\"wp-block-spacer\"><\/div>\n\n\n\n<p>As culturas de algod\u00e3o de terras secas est\u00e3o expostas a uma variedade de press\u00f5es ambientais que podem reduzir tanto o rendimento como a qualidade do cot\u00e3o. <a href=\"https:\/\/biolinecorp.ca\/pt\/ouro-biolinico-2\/\">BioLiNE\u00ae Ouro<\/a> \u00e9 um instrumento eficaz e acess\u00edvel para ajudar os produtores de algod\u00e3o de terra firme a gerir as suas culturas. Os nossos \u00c1cidos F\u00falvicos s\u00e3o essenciais para defender as culturas contra o stress t\u00e9rmico e a defici\u00eancia de \u00e1gua. Utilizamos os nossos produtos <a href=\"https:\/\/biolinecorp.ca\/pt\/a-nossa-tecnologia-2\/\">Fulv-IQ<\/a><a href=\"https:\/\/biolinecorp.ca\/pt\/ouro-biolinico-2\/\">\u00ae<\/a> para purificar e isolar frac\u00e7\u00f5es espec\u00edficas de \u00e1cidos f\u00falvicos que s\u00e3o mais eficazes no transporte de nutrientes e na prote\u00e7\u00e3o das culturas contra o stress t\u00e9rmico e h\u00eddrico. Al\u00e9m disso, o BioLiNE\u00ae Gold \u00e9 conhecido pela sua compatibilidade com outros factores de produ\u00e7\u00e3o e pela facilidade de utiliza\u00e7\u00e3o. Com baixos requisitos de taxa de utiliza\u00e7\u00e3o, as nossas solu\u00e7\u00f5es vers\u00e1teis conduzem os nutrientes para as suas culturas e ajudam-no a equilibrar a sua fertilidade.<\/p>\n\n\n\n<div class=\"wp-block-columns is-layout-flex wp-container-core-columns-is-layout-9d6595d7 wp-block-columns-is-layout-flex\">\n<div class=\"wp-block-column is-layout-flow wp-block-column-is-layout-flow\" style=\"flex-basis:66.66%\">\n<ol class=\"wp-block-list\" type=\"1\">\n<li>BioLiNE Gold a 4oz \/ CWT para o seu <strong>programa de tratamento de sementes<\/strong><\/li>\n\n\n\n<li>BioLiNE Ouro a 10oz\/acre de <strong>primeira a sexta fase de crescimento das folhas<\/strong><\/li>\n\n\n\n<li>BioLiNE Ouro a 10oz \/ acre a <strong>(a) quadrado de cabe\u00e7a de alfinete e (b) quadrado de cabe\u00e7a de f\u00f3sforo<\/strong><\/li>\n\n\n\n<li>BioLiNE Gold a 10 oz \/ acre aplicado com <strong>insecticidas e herbicidas e fertilizantes<\/strong> conforme necess\u00e1rio<\/li>\n<\/ol>\n<\/div>\n\n\n\n<div class=\"wp-block-column is-vertically-aligned-center is-layout-flow wp-block-column-is-layout-flow\" style=\"flex-basis:33.33%\">\n<div class=\"wp-block-buttons is-content-justification-center is-layout-flex wp-container-core-buttons-is-layout-16018d1d wp-block-buttons-is-layout-flex\">\n<div class=\"wp-block-button aligncenter\"><a class=\"wp-block-button__link wp-element-button\" href=\"https:\/\/biolinecorp.ca\/wp-content\/uploads\/2023\/04\/20220714-Bioline-Cotton-Flyer-FINAL.pdf\" target=\"_blank\" rel=\"noreferrer noopener\">Folheto Algod\u00e3o<\/a><\/div>\n\n\n\n<div class=\"wp-block-button aligncenter\"><a class=\"wp-block-button__link wp-element-button\" href=\"https:\/\/biolinecorp.ca\/wp-content\/uploads\/2023\/04\/20220716-Bioline-Abiotic-Stress-Tolerance-Flyer-V3-FINAL.pdf\" target=\"_blank\" rel=\"noreferrer noopener\">Folha de Apoio ao Calor e Toler\u00e2ncia \u00e0 Seca<\/a><\/div>\n<\/div>\n<\/div>\n<\/div>\n\n\n\n<div style=\"height:50px\" aria-hidden=\"true\" class=\"wp-block-spacer\"><\/div>\n\n\n<div class=\"w-heading heading-9 text-left\">\n    <div class=\"w-wrapper\">\n                 \n        <h2>           \n            <span>Resultados do ensaio<\/span>        <\/h2>\n                    <\/div>\n<\/div>\n\n\n\n<div style=\"height:25px\" aria-hidden=\"true\" class=\"wp-block-spacer\"><\/div>\n\n\n\n<h3 class=\"wp-block-heading\" id=\"h-other-trials\">Outros ensaios<\/h3>\n\n\n\n<p><strong>Stoneville R&amp;D Inc. (2017): <\/strong>A aplica\u00e7\u00e3o foliar (8 oz) de BioLiNE\u00ae com Zinco (Zn) resultou num aumento de 38% na concentra\u00e7\u00e3o de Zn nos tecidos (55 ppm a 76 ppm) em compara\u00e7\u00e3o com o controlo. Na colheita, os tratamentos BioLiNE\u00ae aumentaram o rendimento da fibra em 111 lbs por acre (515 a 626 lbs).<\/p>\n\n\n\n<head><!-- Global site tag (gtag.js) - Google Ads: 781808697 --> <script async src=\"https:\/\/www.googletagmanager.com\/gtag\/js?id=AW-781808697\"><\/script> <script> window.dataLayer = window.dataLayer || []; function gtag(){dataLayer.push(arguments);} gtag('js', new Date()); gtag('config', 'AW-781808697'); gtag('config', 'AW-781808697');<\/script> <\/head>","protected":false},"excerpt":{"rendered":"<p>How Does BioLiNE\u00ae Help Cotton Production? Dryland cotton crops are exposed to a variety of environmental stresses that can reduce both yield and lint quality. BioLiNE\u00ae Gold is an effective and affordable tool for helping dryland cotton growers manage their crops. Our Fulvic Acids are essential to defending crops against heat stress and water deficiency. [&hellip;]<\/p>\n","protected":false},"author":2,"featured_media":0,"parent":0,"menu_order":0,"comment_status":"closed","ping_status":"closed","template":"","meta":{"_monsterinsights_skip_tracking":false,"_monsterinsights_sitenote_active":false,"_monsterinsights_sitenote_note":"","_monsterinsights_sitenote_category":0,"footnotes":""},"class_list":["post-25677","page","type-page","status-publish","hentry"],"yoast_head":"<!-- This site is optimized with the Yoast SEO Premium plugin v27.3 (Yoast SEO v27.3) - https:\/\/yoast.com\/product\/yoast-seo-premium-wordpress\/ -->\n<title>Cotton -<\/title>\n<meta name=\"description\" content=\"BioLiNE\u00ae Gold is an effective and affordable tool for helping dryland cotton growers manage their crops against abiotic stress conditions.\" \/>\n<meta name=\"robots\" content=\"index, follow, max-snippet:-1, max-image-preview:large, max-video-preview:-1\" \/>\n<link rel=\"canonical\" href=\"https:\/\/biolinecorp.ca\/pt\/algodao\/\" \/>\n<meta property=\"og:locale\" content=\"pt_PT\" \/>\n<meta property=\"og:type\" content=\"article\" \/>\n<meta property=\"og:title\" content=\"Cotton\" \/>\n<meta property=\"og:description\" content=\"BioLiNE\u00ae Gold is an effective and affordable tool for helping dryland cotton growers manage their crops against abiotic stress conditions.\" \/>\n<meta property=\"og:url\" content=\"https:\/\/biolinecorp.ca\/pt\/algodao\/\" \/>\n<meta property=\"article:publisher\" content=\"https:\/\/www.facebook.com\/BiolineCorp\/\" \/>\n<meta property=\"article:modified_time\" content=\"2023-09-13T18:45:56+00:00\" \/>\n<meta name=\"twitter:card\" content=\"summary_large_image\" \/>\n<meta name=\"twitter:site\" content=\"@BiolineCorp\" \/>\n<meta name=\"twitter:label1\" content=\"Tempo estimado de leitura\" \/>\n\t<meta name=\"twitter:data1\" content=\"2 minutos\" \/>\n<script type=\"application\/ld+json\" class=\"yoast-schema-graph\">{\"@context\":\"https:\\\/\\\/schema.org\",\"@graph\":[{\"@type\":\"WebPage\",\"@id\":\"https:\\\/\\\/biolinecorp.ca\\\/en_ca\\\/cotton\\\/\",\"url\":\"https:\\\/\\\/biolinecorp.ca\\\/en_ca\\\/cotton\\\/\",\"name\":\"Cotton -\",\"isPartOf\":{\"@id\":\"https:\\\/\\\/biolinecorp.ca\\\/#website\"},\"datePublished\":\"2022-03-09T15:01:07+00:00\",\"dateModified\":\"2023-09-13T18:45:56+00:00\",\"description\":\"BioLiNE\u00ae Gold is an effective and affordable tool for helping dryland cotton growers manage their crops against abiotic stress conditions.\",\"breadcrumb\":{\"@id\":\"https:\\\/\\\/biolinecorp.ca\\\/en_ca\\\/cotton\\\/#breadcrumb\"},\"inLanguage\":\"pt-PT\",\"potentialAction\":[{\"@type\":\"ReadAction\",\"target\":[\"https:\\\/\\\/biolinecorp.ca\\\/en_ca\\\/cotton\\\/\"]}]},{\"@type\":\"BreadcrumbList\",\"@id\":\"https:\\\/\\\/biolinecorp.ca\\\/en_ca\\\/cotton\\\/#breadcrumb\",\"itemListElement\":[{\"@type\":\"ListItem\",\"position\":1,\"name\":\"Home\",\"item\":\"https:\\\/\\\/biolinecorp.ca\\\/en_ca\\\/\"},{\"@type\":\"ListItem\",\"position\":2,\"name\":\"Cotton\"}]},{\"@type\":\"WebSite\",\"@id\":\"https:\\\/\\\/biolinecorp.ca\\\/#website\",\"url\":\"https:\\\/\\\/biolinecorp.ca\\\/\",\"name\":\"BioLine Corporation\",\"description\":\"\",\"publisher\":{\"@id\":\"https:\\\/\\\/biolinecorp.ca\\\/#organization\"},\"potentialAction\":[{\"@type\":\"SearchAction\",\"target\":{\"@type\":\"EntryPoint\",\"urlTemplate\":\"https:\\\/\\\/biolinecorp.ca\\\/?s={search_term_string}\"},\"query-input\":{\"@type\":\"PropertyValueSpecification\",\"valueRequired\":true,\"valueName\":\"search_term_string\"}}],\"inLanguage\":\"pt-PT\"},{\"@type\":\"Organization\",\"@id\":\"https:\\\/\\\/biolinecorp.ca\\\/#organization\",\"name\":\"Bioline Corporation\",\"url\":\"https:\\\/\\\/biolinecorp.ca\\\/\",\"logo\":{\"@type\":\"ImageObject\",\"inLanguage\":\"pt-PT\",\"@id\":\"https:\\\/\\\/biolinecorp.ca\\\/#\\\/schema\\\/logo\\\/image\\\/\",\"url\":\"https:\\\/\\\/biolinecorp.ca\\\/wp-content\\\/uploads\\\/2018\\\/02\\\/Bioline_logo.png\",\"contentUrl\":\"https:\\\/\\\/biolinecorp.ca\\\/wp-content\\\/uploads\\\/2018\\\/02\\\/Bioline_logo.png\",\"width\":667,\"height\":181,\"caption\":\"Bioline Corporation\"},\"image\":{\"@id\":\"https:\\\/\\\/biolinecorp.ca\\\/#\\\/schema\\\/logo\\\/image\\\/\"},\"sameAs\":[\"https:\\\/\\\/www.facebook.com\\\/BiolineCorp\\\/\",\"https:\\\/\\\/x.com\\\/BiolineCorp\",\"https:\\\/\\\/www.linkedin.com\\\/company\\\/bioline-corp\\\/\",\"https:\\\/\\\/www.youtube.com\\\/channel\\\/UCpD4bbIdegjthmdriZ2SAow\"]}]}<\/script>\n<!-- \/ Yoast SEO Premium plugin. -->","yoast_head_json":{"title":"Algod\u00e3o -","description":"BioLiNE\u00ae Gold \u00e9 uma ferramenta eficaz e acess\u00edvel para ajudar os produtores de algod\u00e3o de sequeiro a gerir as suas culturas contra condi\u00e7\u00f5es de stress abi\u00f3tico.","robots":{"index":"index","follow":"follow","max-snippet":"max-snippet:-1","max-image-preview":"max-image-preview:large","max-video-preview":"max-video-preview:-1"},"canonical":"https:\/\/biolinecorp.ca\/pt\/algodao\/","og_locale":"pt_PT","og_type":"article","og_title":"Cotton","og_description":"BioLiNE\u00ae Gold is an effective and affordable tool for helping dryland cotton growers manage their crops against abiotic stress conditions.","og_url":"https:\/\/biolinecorp.ca\/pt\/algodao\/","article_publisher":"https:\/\/www.facebook.com\/BiolineCorp\/","article_modified_time":"2023-09-13T18:45:56+00:00","twitter_card":"summary_large_image","twitter_site":"@BiolineCorp","twitter_misc":{"Tempo estimado de leitura":"2 minutos"},"schema":{"@context":"https:\/\/schema.org","@graph":[{"@type":"WebPage","@id":"https:\/\/biolinecorp.ca\/en_ca\/cotton\/","url":"https:\/\/biolinecorp.ca\/en_ca\/cotton\/","name":"Algod\u00e3o -","isPartOf":{"@id":"https:\/\/biolinecorp.ca\/#website"},"datePublished":"2022-03-09T15:01:07+00:00","dateModified":"2023-09-13T18:45:56+00:00","description":"BioLiNE\u00ae Gold \u00e9 uma ferramenta eficaz e acess\u00edvel para ajudar os produtores de algod\u00e3o de sequeiro a gerir as suas culturas contra condi\u00e7\u00f5es de stress abi\u00f3tico.","breadcrumb":{"@id":"https:\/\/biolinecorp.ca\/en_ca\/cotton\/#breadcrumb"},"inLanguage":"pt-PT","potentialAction":[{"@type":"ReadAction","target":["https:\/\/biolinecorp.ca\/en_ca\/cotton\/"]}]},{"@type":"BreadcrumbList","@id":"https:\/\/biolinecorp.ca\/en_ca\/cotton\/#breadcrumb","itemListElement":[{"@type":"ListItem","position":1,"name":"Home","item":"https:\/\/biolinecorp.ca\/en_ca\/"},{"@type":"ListItem","position":2,"name":"Cotton"}]},{"@type":"WebSite","@id":"https:\/\/biolinecorp.ca\/#website","url":"https:\/\/biolinecorp.ca\/","name":"BioLine Corporation","description":"","publisher":{"@id":"https:\/\/biolinecorp.ca\/#organization"},"potentialAction":[{"@type":"SearchAction","target":{"@type":"EntryPoint","urlTemplate":"https:\/\/biolinecorp.ca\/?s={search_term_string}"},"query-input":{"@type":"PropertyValueSpecification","valueRequired":true,"valueName":"search_term_string"}}],"inLanguage":"pt-PT"},{"@type":"Organization","@id":"https:\/\/biolinecorp.ca\/#organization","name":"Bioline Corporation","url":"https:\/\/biolinecorp.ca\/","logo":{"@type":"ImageObject","inLanguage":"pt-PT","@id":"https:\/\/biolinecorp.ca\/#\/schema\/logo\/image\/","url":"https:\/\/biolinecorp.ca\/wp-content\/uploads\/2018\/02\/Bioline_logo.png","contentUrl":"https:\/\/biolinecorp.ca\/wp-content\/uploads\/2018\/02\/Bioline_logo.png","width":667,"height":181,"caption":"Bioline Corporation"},"image":{"@id":"https:\/\/biolinecorp.ca\/#\/schema\/logo\/image\/"},"sameAs":["https:\/\/www.facebook.com\/BiolineCorp\/","https:\/\/x.com\/BiolineCorp","https:\/\/www.linkedin.com\/company\/bioline-corp\/","https:\/\/www.youtube.com\/channel\/UCpD4bbIdegjthmdriZ2SAow"]}]}},"_links":{"self":[{"href":"https:\/\/biolinecorp.ca\/pt\/wp-json\/wp\/v2\/pages\/25677","targetHints":{"allow":["GET"]}}],"collection":[{"href":"https:\/\/biolinecorp.ca\/pt\/wp-json\/wp\/v2\/pages"}],"about":[{"href":"https:\/\/biolinecorp.ca\/pt\/wp-json\/wp\/v2\/types\/page"}],"author":[{"embeddable":true,"href":"https:\/\/biolinecorp.ca\/pt\/wp-json\/wp\/v2\/users\/2"}],"replies":[{"embeddable":true,"href":"https:\/\/biolinecorp.ca\/pt\/wp-json\/wp\/v2\/comments?post=25677"}],"version-history":[{"count":0,"href":"https:\/\/biolinecorp.ca\/pt\/wp-json\/wp\/v2\/pages\/25677\/revisions"}],"wp:attachment":[{"href":"https:\/\/biolinecorp.ca\/pt\/wp-json\/wp\/v2\/media?parent=25677"}],"curies":[{"name":"wp","href":"https:\/\/api.w.org\/{rel}","templated":true}]}}