{"id":25235,"date":"2022-03-03T10:19:15","date_gmt":"2022-03-03T15:19:15","guid":{"rendered":"https:\/\/biolinecorp.ca\/?page_id=25235"},"modified":"2023-09-13T14:51:55","modified_gmt":"2023-09-13T18:51:55","slug":"cucurbits","status":"publish","type":"page","link":"https:\/\/biolinecorp.ca\/pt\/cucurbitaceas\/","title":{"rendered":"Cucurbits"},"content":{"rendered":"<div style=\"height:50px\" aria-hidden=\"true\" class=\"wp-block-spacer\"><\/div>\n\n\n\n<h3 class=\"wp-block-heading\" id=\"h-how-does-bioline-nbsp-help-cucurbit-production\">Como \u00e9 que BioLiNE<strong><sup>\u00ae<\/sup><\/strong>&nbsp;Ajudar a Produ\u00e7\u00e3o Cucurbit?<\/h3>\n\n\n\n<h5 class=\"wp-block-heading\" id=\"h-melons-squash-pumpkin-cucumber-zucchini-marrows-and-gourds\">(Mel\u00f5es, ab\u00f3bora, ab\u00f3bora, pepino, aboborinha, aboborinha, tutano e caba\u00e7a)<\/h5>\n\n\n\n<div style=\"height:25px\" aria-hidden=\"true\" class=\"wp-block-spacer\"><\/div>\n\n\n\n<div class=\"wp-block-columns is-layout-flex wp-container-core-columns-is-layout-9d6595d7 wp-block-columns-is-layout-flex\">\n<div class=\"wp-block-column is-layout-flow wp-block-column-is-layout-flow\" style=\"flex-basis:66.66%\">\n<p>BioLiNE <a href=\"https:\/\/biolinecorp.ca\/pt\/os-nossos-produtos-2\/\">produtos<\/a> s\u00e3o os \"camionistas\" de nutrientes e minerais que mitigam os problemas de transporte e o desequil\u00edbrio de nutrientes. Fazem-no atrav\u00e9s da troca cont\u00ednua de nutrientes na solu\u00e7\u00e3o do solo, entre micr\u00f3bios, part\u00edculas do solo e ra\u00edzes de plantas, assegurando que os nutrientes de que a planta necessita s\u00e3o entregues \u00e0s ra\u00edzes e prontamente transportados para a planta. O nosso <a href=\"https:\/\/biolinecorp.ca\/pt\/a-nossa-tecnologia-2\/\" target=\"_blank\" rel=\"noreferrer noopener\">tecnologia<\/a> \u00e9 um instrumento eficaz de gest\u00e3o de culturas. Aplica\u00e7\u00e3o de BioLiNE<strong><sup>\u00ae<\/sup><\/strong>\u00a0ajuda a evitar o bloqueio de nutrientes para garantir que os nutrientes est\u00e3o dispon\u00edveis quando as necessidades s\u00e3o elevadas. Isto resulta num aumento da produ\u00e7\u00e3o e do tamanho dos frutos para ajudar a maximizar o rendimento comercializ\u00e1vel.<\/p>\n<\/div>\n\n\n\n<div class=\"wp-block-column is-vertically-aligned-center is-layout-flow wp-block-column-is-layout-flow\" style=\"flex-basis:33.33%\">\n<div class=\"wp-block-buttons is-content-justification-center is-layout-flex wp-container-core-buttons-is-layout-16018d1d wp-block-buttons-is-layout-flex\">\n<div class=\"wp-block-button aligncenter\"><a class=\"wp-block-button__link wp-element-button\" href=\"https:\/\/biolinecorp.ca\/wp-content\/uploads\/2022\/05\/20220504-Cucurbit-Handout-V1.pdf\" target=\"_blank\" rel=\"noreferrer noopener\">Folheto Cucurbit\/Melon<\/a><\/div>\n<\/div>\n\n\n\n<div style=\"height:10px\" aria-hidden=\"true\" class=\"wp-block-spacer\"><\/div>\n\n\n\n<div class=\"wp-block-buttons is-layout-flex wp-block-buttons-is-layout-flex\">\n<div class=\"wp-block-button aligncenter\"><a class=\"wp-block-button__link wp-element-button\" href=\"https:\/\/biolinecorp.ca\/wp-content\/uploads\/2022\/05\/20220504-Watermelon-Handout-V1.pdf\" target=\"_blank\" rel=\"noreferrer noopener\">Folha de Apoio Melancia<\/a><\/div>\n<\/div>\n<\/div>\n<\/div>\n\n\n\n<div style=\"height:50px\" aria-hidden=\"true\" class=\"wp-block-spacer\"><\/div>\n\n\n<div class=\"w-heading heading-9 text-left\">\n    <div class=\"w-wrapper\">\n                 \n        <h2>           \n            <span>Resultados do ensaio<\/span>        <\/h2>\n                    <\/div>\n<\/div>\n\n\n\n<div style=\"height:25px\" aria-hidden=\"true\" class=\"wp-block-spacer\"><\/div>\n\n\n\n<h3 class=\"wp-block-heading has-large-font-size\" id=\"h-2019-beem-agro-sciences-trial\">2019 Beem-Agro Sciences Trial<\/h3>\n\n\n\n<div style=\"height:25px\" aria-hidden=\"true\" class=\"wp-block-spacer\"><\/div>\n\n\n\n<div class=\"wp-block-columns is-layout-flex wp-container-core-columns-is-layout-9d6595d7 wp-block-columns-is-layout-flex\">\n<div class=\"wp-block-column is-layout-flow wp-block-column-is-layout-flow\">\n<figure class=\"wp-block-image size-large is-style-default\"><img decoding=\"async\" width=\"1024\" height=\"712\" src=\"https:\/\/biolinecorp.ca\/wp-content\/uploads\/2022\/03\/Melons-1.png-1024x712.jpg\" alt=\"\" class=\"wp-image-25414\" srcset=\"https:\/\/biolinecorp.ca\/wp-content\/uploads\/2022\/03\/Melons-1.png-1024x712.jpg 1024w, https:\/\/biolinecorp.ca\/wp-content\/uploads\/2022\/03\/Melons-1.png-600x417.jpg 600w, https:\/\/biolinecorp.ca\/wp-content\/uploads\/2022\/03\/Melons-1.png-768x534.jpg 768w, https:\/\/biolinecorp.ca\/wp-content\/uploads\/2022\/03\/Melons-1.png-1536x1068.jpg 1536w, https:\/\/biolinecorp.ca\/wp-content\/uploads\/2022\/03\/Melons-1.png-640x445.jpg 640w, https:\/\/biolinecorp.ca\/wp-content\/uploads\/2022\/03\/Melons-1.png-1280x890.jpg 1280w, https:\/\/biolinecorp.ca\/wp-content\/uploads\/2022\/03\/Melons-1.png.jpg 1873w\" sizes=\"(max-width: 1024px) 100vw, 1024px\" \/><figcaption class=\"wp-element-caption\">Os mel\u00f5es de ambrosia tratados com 3 aplica\u00e7\u00f5es foliares de BioLiNE Gold resultaram num aumento de rendimento de 30,1%, de 226 para 296 lbs\/500 sqft. <\/figcaption><\/figure>\n<\/div>\n\n\n\n<div class=\"wp-block-column is-layout-flow wp-block-column-is-layout-flow\">\n<figure class=\"wp-block-image size-large is-style-default\"><img decoding=\"async\" width=\"1024\" height=\"714\" src=\"https:\/\/biolinecorp.ca\/wp-content\/uploads\/2022\/03\/Melons-2-1-1024x714.png\" alt=\"\" class=\"wp-image-25413\" srcset=\"https:\/\/biolinecorp.ca\/wp-content\/uploads\/2022\/03\/Melons-2-1-1024x714.png 1024w, https:\/\/biolinecorp.ca\/wp-content\/uploads\/2022\/03\/Melons-2-1-600x418.png 600w, https:\/\/biolinecorp.ca\/wp-content\/uploads\/2022\/03\/Melons-2-1-768x535.png 768w, https:\/\/biolinecorp.ca\/wp-content\/uploads\/2022\/03\/Melons-2-1-1536x1071.png 1536w, https:\/\/biolinecorp.ca\/wp-content\/uploads\/2022\/03\/Melons-2-1-640x446.png 640w, https:\/\/biolinecorp.ca\/wp-content\/uploads\/2022\/03\/Melons-2-1-1280x892.png 1280w, https:\/\/biolinecorp.ca\/wp-content\/uploads\/2022\/03\/Melons-2-1.png 1863w\" sizes=\"(max-width: 1024px) 100vw, 1024px\" \/><figcaption class=\"wp-element-caption\">Os mel\u00f5es de ambrosia tratados com 3 aplica\u00e7\u00f5es foliares de BioLiNE Gold resultaram num aumento de rendimento de 30,1%, de 9,84 para 12,80 toneladas\/acre.<\/figcaption><\/figure>\n<\/div>\n<\/div>\n\n\n\n<div style=\"height:10px\" aria-hidden=\"true\" class=\"wp-block-spacer\"><\/div>\n\n\n\n<hr class=\"wp-block-separator has-css-opacity\"\/>\n\n\n\n<div style=\"height:50px\" aria-hidden=\"true\" class=\"wp-block-spacer\"><\/div>\n\n\n\n<h3 class=\"wp-block-heading has-large-font-size\" id=\"h-other-trials\">Outros ensaios<\/h3>\n\n\n\n<p style=\"font-size:18px\"><strong>Zucchini (Variedade: D00656) Beem Agro-Sciences Trial (Calif\u00f3rnia) 2019:<\/strong> 9.7% aumento na contagem m\u00e9dia de fruta\/plot &amp; 4.8% aumento no peso total da fruta\/plot<\/p>\n\n\n\n<p style=\"font-size:18px\"><strong>Ab\u00f3bora Amarela (Variedade: A02121)<\/strong> <strong>Beem Agro-Sciences Trial (Calif\u00f3rnia) 2019:<\/strong> 7,4% aumento do peso total dos frutos de 55,4 para 59,5 e 13% aumento da contagem m\u00e9dia de sementes\/frutos marcados<\/p>\n\n\n\n<p style=\"font-size:18px\"><strong>Cantaloupe<\/strong> <strong>Beem Agro-Sciences Trial (Calif\u00f3rnia) 2019:<\/strong> 5,5% aumento na contagem total de fruta e 9,5% aumento na contagem de fruta grande<\/p>\n\n\n\n<head><!-- Global site tag (gtag.js) - Google Ads: 781808697 --> <script async src=\"https:\/\/www.googletagmanager.com\/gtag\/js?id=AW-781808697\"><\/script> <script> window.dataLayer = window.dataLayer || []; function gtag(){dataLayer.push(arguments);} gtag('js', new Date()); gtag('config', 'AW-781808697'); gtag('config', 'AW-781808697');<\/script> <\/head>","protected":false},"excerpt":{"rendered":"<p>How Does BioLiNE\u00ae&nbsp;Help Cucurbit Production? (Melons, squash, pumpkin, cucumber, zucchini, marrows, and gourds) BioLiNE products are the \u201ctruckers\u201d of nutrients and minerals which mitigate issues of transport and nutrient imbalance. They do this by continually exchanging nutrients in the soil solution, between microbes, soil particles, and plant roots, ensuring the nutrients the plant needs are [&hellip;]<\/p>\n","protected":false},"author":2,"featured_media":0,"parent":0,"menu_order":3,"comment_status":"closed","ping_status":"closed","template":"","meta":{"_monsterinsights_skip_tracking":false,"_monsterinsights_sitenote_active":false,"_monsterinsights_sitenote_note":"","_monsterinsights_sitenote_category":0,"footnotes":""},"class_list":["post-25235","page","type-page","status-publish","hentry"],"yoast_head":"<!-- This site is optimized with the Yoast SEO Premium plugin v27.3 (Yoast SEO v27.3) - https:\/\/yoast.com\/product\/yoast-seo-premium-wordpress\/ -->\n<title>Cucurbits -<\/title>\n<meta name=\"description\" content=\"BioLiNE\u00ae\u00a0products helps prevent nutrient lockup to ensure nutrients are available, resulting in increased fruit production and size.\" \/>\n<meta name=\"robots\" content=\"index, follow, max-snippet:-1, max-image-preview:large, max-video-preview:-1\" \/>\n<link rel=\"canonical\" href=\"https:\/\/biolinecorp.ca\/pt\/cucurbitaceas\/\" \/>\n<meta property=\"og:locale\" content=\"pt_PT\" \/>\n<meta property=\"og:type\" content=\"article\" \/>\n<meta property=\"og:title\" content=\"Cucurbits\" \/>\n<meta property=\"og:description\" content=\"BioLiNE\u00ae\u00a0products helps prevent nutrient lockup to ensure nutrients are available, resulting in increased fruit production and size.\" \/>\n<meta property=\"og:url\" content=\"https:\/\/biolinecorp.ca\/pt\/cucurbitaceas\/\" \/>\n<meta property=\"article:publisher\" content=\"https:\/\/www.facebook.com\/BiolineCorp\/\" \/>\n<meta property=\"article:modified_time\" content=\"2023-09-13T18:51:55+00:00\" \/>\n<meta property=\"og:image\" content=\"https:\/\/biolinecorp.ca\/wp-content\/uploads\/2022\/03\/Melons-1.png-1024x712.jpg\" \/>\n<meta name=\"twitter:card\" content=\"summary_large_image\" \/>\n<meta name=\"twitter:site\" content=\"@BiolineCorp\" \/>\n<meta name=\"twitter:label1\" content=\"Tempo estimado de leitura\" \/>\n\t<meta name=\"twitter:data1\" content=\"2 minutos\" \/>\n<script type=\"application\/ld+json\" class=\"yoast-schema-graph\">{\"@context\":\"https:\\\/\\\/schema.org\",\"@graph\":[{\"@type\":\"WebPage\",\"@id\":\"https:\\\/\\\/biolinecorp.ca\\\/en_ca\\\/cucurbits\\\/\",\"url\":\"https:\\\/\\\/biolinecorp.ca\\\/en_ca\\\/cucurbits\\\/\",\"name\":\"Cucurbits -\",\"isPartOf\":{\"@id\":\"https:\\\/\\\/biolinecorp.ca\\\/#website\"},\"primaryImageOfPage\":{\"@id\":\"https:\\\/\\\/biolinecorp.ca\\\/en_ca\\\/cucurbits\\\/#primaryimage\"},\"image\":{\"@id\":\"https:\\\/\\\/biolinecorp.ca\\\/en_ca\\\/cucurbits\\\/#primaryimage\"},\"thumbnailUrl\":\"https:\\\/\\\/biolinecorp.ca\\\/wp-content\\\/uploads\\\/2022\\\/03\\\/Melons-1.png-1024x712.jpg\",\"datePublished\":\"2022-03-03T15:19:15+00:00\",\"dateModified\":\"2023-09-13T18:51:55+00:00\",\"description\":\"BioLiNE\u00ae\u00a0products helps prevent nutrient lockup to ensure nutrients are available, resulting in increased fruit production and size.\",\"breadcrumb\":{\"@id\":\"https:\\\/\\\/biolinecorp.ca\\\/en_ca\\\/cucurbits\\\/#breadcrumb\"},\"inLanguage\":\"pt-PT\",\"potentialAction\":[{\"@type\":\"ReadAction\",\"target\":[\"https:\\\/\\\/biolinecorp.ca\\\/en_ca\\\/cucurbits\\\/\"]}]},{\"@type\":\"ImageObject\",\"inLanguage\":\"pt-PT\",\"@id\":\"https:\\\/\\\/biolinecorp.ca\\\/en_ca\\\/cucurbits\\\/#primaryimage\",\"url\":\"https:\\\/\\\/biolinecorp.ca\\\/wp-content\\\/uploads\\\/2022\\\/03\\\/Melons-1.png-1024x712.jpg\",\"contentUrl\":\"https:\\\/\\\/biolinecorp.ca\\\/wp-content\\\/uploads\\\/2022\\\/03\\\/Melons-1.png-1024x712.jpg\"},{\"@type\":\"BreadcrumbList\",\"@id\":\"https:\\\/\\\/biolinecorp.ca\\\/en_ca\\\/cucurbits\\\/#breadcrumb\",\"itemListElement\":[{\"@type\":\"ListItem\",\"position\":1,\"name\":\"Home\",\"item\":\"https:\\\/\\\/biolinecorp.ca\\\/en_ca\\\/\"},{\"@type\":\"ListItem\",\"position\":2,\"name\":\"Cucurbits\"}]},{\"@type\":\"WebSite\",\"@id\":\"https:\\\/\\\/biolinecorp.ca\\\/#website\",\"url\":\"https:\\\/\\\/biolinecorp.ca\\\/\",\"name\":\"BioLine Corporation\",\"description\":\"\",\"publisher\":{\"@id\":\"https:\\\/\\\/biolinecorp.ca\\\/#organization\"},\"potentialAction\":[{\"@type\":\"SearchAction\",\"target\":{\"@type\":\"EntryPoint\",\"urlTemplate\":\"https:\\\/\\\/biolinecorp.ca\\\/?s={search_term_string}\"},\"query-input\":{\"@type\":\"PropertyValueSpecification\",\"valueRequired\":true,\"valueName\":\"search_term_string\"}}],\"inLanguage\":\"pt-PT\"},{\"@type\":\"Organization\",\"@id\":\"https:\\\/\\\/biolinecorp.ca\\\/#organization\",\"name\":\"Bioline Corporation\",\"url\":\"https:\\\/\\\/biolinecorp.ca\\\/\",\"logo\":{\"@type\":\"ImageObject\",\"inLanguage\":\"pt-PT\",\"@id\":\"https:\\\/\\\/biolinecorp.ca\\\/#\\\/schema\\\/logo\\\/image\\\/\",\"url\":\"https:\\\/\\\/biolinecorp.ca\\\/wp-content\\\/uploads\\\/2018\\\/02\\\/Bioline_logo.png\",\"contentUrl\":\"https:\\\/\\\/biolinecorp.ca\\\/wp-content\\\/uploads\\\/2018\\\/02\\\/Bioline_logo.png\",\"width\":667,\"height\":181,\"caption\":\"Bioline Corporation\"},\"image\":{\"@id\":\"https:\\\/\\\/biolinecorp.ca\\\/#\\\/schema\\\/logo\\\/image\\\/\"},\"sameAs\":[\"https:\\\/\\\/www.facebook.com\\\/BiolineCorp\\\/\",\"https:\\\/\\\/x.com\\\/BiolineCorp\",\"https:\\\/\\\/www.linkedin.com\\\/company\\\/bioline-corp\\\/\",\"https:\\\/\\\/www.youtube.com\\\/channel\\\/UCpD4bbIdegjthmdriZ2SAow\"]}]}<\/script>\n<!-- \/ Yoast SEO Premium plugin. -->","yoast_head_json":{"title":"Cucurbit\u00e1ceas -","description":"Os produtos BioLiNE\u00ae ajudam a evitar o bloqueio de nutrientes para garantir que os nutrientes estejam dispon\u00edveis, resultando em maior produ\u00e7\u00e3o e tamanho dos frutos.","robots":{"index":"index","follow":"follow","max-snippet":"max-snippet:-1","max-image-preview":"max-image-preview:large","max-video-preview":"max-video-preview:-1"},"canonical":"https:\/\/biolinecorp.ca\/pt\/cucurbitaceas\/","og_locale":"pt_PT","og_type":"article","og_title":"Cucurbits","og_description":"BioLiNE\u00ae\u00a0products helps prevent nutrient lockup to ensure nutrients are available, resulting in increased fruit production and size.","og_url":"https:\/\/biolinecorp.ca\/pt\/cucurbitaceas\/","article_publisher":"https:\/\/www.facebook.com\/BiolineCorp\/","article_modified_time":"2023-09-13T18:51:55+00:00","og_image":[{"url":"https:\/\/biolinecorp.ca\/wp-content\/uploads\/2022\/03\/Melons-1.png-1024x712.jpg","type":"","width":"","height":""}],"twitter_card":"summary_large_image","twitter_site":"@BiolineCorp","twitter_misc":{"Tempo estimado de leitura":"2 minutos"},"schema":{"@context":"https:\/\/schema.org","@graph":[{"@type":"WebPage","@id":"https:\/\/biolinecorp.ca\/en_ca\/cucurbits\/","url":"https:\/\/biolinecorp.ca\/en_ca\/cucurbits\/","name":"Cucurbit\u00e1ceas -","isPartOf":{"@id":"https:\/\/biolinecorp.ca\/#website"},"primaryImageOfPage":{"@id":"https:\/\/biolinecorp.ca\/en_ca\/cucurbits\/#primaryimage"},"image":{"@id":"https:\/\/biolinecorp.ca\/en_ca\/cucurbits\/#primaryimage"},"thumbnailUrl":"https:\/\/biolinecorp.ca\/wp-content\/uploads\/2022\/03\/Melons-1.png-1024x712.jpg","datePublished":"2022-03-03T15:19:15+00:00","dateModified":"2023-09-13T18:51:55+00:00","description":"Os produtos BioLiNE\u00ae ajudam a evitar o bloqueio de nutrientes para garantir que os nutrientes estejam dispon\u00edveis, resultando em maior produ\u00e7\u00e3o e tamanho dos frutos.","breadcrumb":{"@id":"https:\/\/biolinecorp.ca\/en_ca\/cucurbits\/#breadcrumb"},"inLanguage":"pt-PT","potentialAction":[{"@type":"ReadAction","target":["https:\/\/biolinecorp.ca\/en_ca\/cucurbits\/"]}]},{"@type":"ImageObject","inLanguage":"pt-PT","@id":"https:\/\/biolinecorp.ca\/en_ca\/cucurbits\/#primaryimage","url":"https:\/\/biolinecorp.ca\/wp-content\/uploads\/2022\/03\/Melons-1.png-1024x712.jpg","contentUrl":"https:\/\/biolinecorp.ca\/wp-content\/uploads\/2022\/03\/Melons-1.png-1024x712.jpg"},{"@type":"BreadcrumbList","@id":"https:\/\/biolinecorp.ca\/en_ca\/cucurbits\/#breadcrumb","itemListElement":[{"@type":"ListItem","position":1,"name":"Home","item":"https:\/\/biolinecorp.ca\/en_ca\/"},{"@type":"ListItem","position":2,"name":"Cucurbits"}]},{"@type":"WebSite","@id":"https:\/\/biolinecorp.ca\/#website","url":"https:\/\/biolinecorp.ca\/","name":"BioLine Corporation","description":"","publisher":{"@id":"https:\/\/biolinecorp.ca\/#organization"},"potentialAction":[{"@type":"SearchAction","target":{"@type":"EntryPoint","urlTemplate":"https:\/\/biolinecorp.ca\/?s={search_term_string}"},"query-input":{"@type":"PropertyValueSpecification","valueRequired":true,"valueName":"search_term_string"}}],"inLanguage":"pt-PT"},{"@type":"Organization","@id":"https:\/\/biolinecorp.ca\/#organization","name":"Bioline Corporation","url":"https:\/\/biolinecorp.ca\/","logo":{"@type":"ImageObject","inLanguage":"pt-PT","@id":"https:\/\/biolinecorp.ca\/#\/schema\/logo\/image\/","url":"https:\/\/biolinecorp.ca\/wp-content\/uploads\/2018\/02\/Bioline_logo.png","contentUrl":"https:\/\/biolinecorp.ca\/wp-content\/uploads\/2018\/02\/Bioline_logo.png","width":667,"height":181,"caption":"Bioline Corporation"},"image":{"@id":"https:\/\/biolinecorp.ca\/#\/schema\/logo\/image\/"},"sameAs":["https:\/\/www.facebook.com\/BiolineCorp\/","https:\/\/x.com\/BiolineCorp","https:\/\/www.linkedin.com\/company\/bioline-corp\/","https:\/\/www.youtube.com\/channel\/UCpD4bbIdegjthmdriZ2SAow"]}]}},"_links":{"self":[{"href":"https:\/\/biolinecorp.ca\/pt\/wp-json\/wp\/v2\/pages\/25235","targetHints":{"allow":["GET"]}}],"collection":[{"href":"https:\/\/biolinecorp.ca\/pt\/wp-json\/wp\/v2\/pages"}],"about":[{"href":"https:\/\/biolinecorp.ca\/pt\/wp-json\/wp\/v2\/types\/page"}],"author":[{"embeddable":true,"href":"https:\/\/biolinecorp.ca\/pt\/wp-json\/wp\/v2\/users\/2"}],"replies":[{"embeddable":true,"href":"https:\/\/biolinecorp.ca\/pt\/wp-json\/wp\/v2\/comments?post=25235"}],"version-history":[{"count":0,"href":"https:\/\/biolinecorp.ca\/pt\/wp-json\/wp\/v2\/pages\/25235\/revisions"}],"wp:attachment":[{"href":"https:\/\/biolinecorp.ca\/pt\/wp-json\/wp\/v2\/media?parent=25235"}],"curies":[{"name":"wp","href":"https:\/\/api.w.org\/{rel}","templated":true}]}}