{"id":24089,"date":"2022-02-10T12:25:41","date_gmt":"2022-02-10T17:25:41","guid":{"rendered":"https:\/\/biolinecorp.ca\/?page_id=24089"},"modified":"2023-09-12T10:33:14","modified_gmt":"2023-09-12T14:33:14","slug":"fruiting-vegetables","status":"publish","type":"page","link":"https:\/\/biolinecorp.ca\/pt\/legumes-de-fruto-2\/","title":{"rendered":"Vegetais frut\u00edferos"},"content":{"rendered":"<div style=\"height:50px\" aria-hidden=\"true\" class=\"wp-block-spacer\"><\/div>\n\n\n\n<h3 class=\"wp-block-heading has-large-font-size\" id=\"h-how-does-bioline-help-fruiting-vegetable-production\">Como \u00e9 que BioLiNE<strong><sup>\u00ae<\/sup><\/strong> Ajudar a produ\u00e7\u00e3o de legumes de fruta?<\/h3>\n\n\n\n<h4 class=\"wp-block-heading\" id=\"h-eggplant-peppers-and-tomatoes\">(Berinjela, pimentos, e tomate)<\/h4>\n\n\n\n<div style=\"height:25px\" aria-hidden=\"true\" class=\"wp-block-spacer\"><\/div>\n\n\n\n<div class=\"wp-block-columns is-layout-flex wp-container-core-columns-is-layout-9d6595d7 wp-block-columns-is-layout-flex\">\n<div class=\"wp-block-column is-layout-flow wp-block-column-is-layout-flow\" style=\"flex-basis:100%\">\n<p>Aplica\u00e7\u00e3o de BioLiNE<strong><sup>\u00ae<\/sup><\/strong> <a href=\"https:\/\/biolinecorp.ca\/pt\/os-nossos-produtos-2\/\" target=\"_blank\" rel=\"noreferrer noopener\">produtos<\/a> melhora drasticamente o transporte e a assimila\u00e7\u00e3o de nutrientes e outros compostos ben\u00e9ficos para as plantas. Combinar a permeabilidade celular superior, a qu\u00edmica bioactiva e a troca acelerada de nutrientes \u00e9 a nossa vantagem. A nossa tecnologia \u00e9 uma ferramenta eficaz de gest\u00e3o de culturas. Aplica\u00e7\u00e3o de BioLiNE<strong><sup>\u00ae<\/sup><\/strong> Os produtos ajudam a evitar o bloqueio de nutrientes para garantir que os nutrientes estejam dispon\u00edveis quando as necessidades s\u00e3o elevadas. O resultado \u00e9 o aumento da produ\u00e7\u00e3o de fruta e do tamanho da fruta para ajudar a maximizar a produ\u00e7\u00e3o de fruta comercializ\u00e1vel. BioLiNE<strong><sup>\u00ae<\/sup><\/strong>&nbsp;<a href=\"https:\/\/biolinecorp.ca\/pt\/a-nossa-tecnologia-2\/\">tecnologia<\/a>&nbsp;pode ser aplicado em v\u00e1rias fases no desenvolvimento de culturas hort\u00edcolas frut\u00edferas, incluindo:<\/p>\n<\/div>\n<\/div>\n\n\n\n<div class=\"wp-block-columns is-layout-flex wp-container-core-columns-is-layout-9d6595d7 wp-block-columns-is-layout-flex\">\n<div class=\"wp-block-column is-layout-flow wp-block-column-is-layout-flow\" style=\"flex-basis:66.66%\">\n<ol class=\"wp-block-list\">\n<li><strong>No transplante: <\/strong>Adicionar BioLiNE<strong><sup>\u00ae<\/sup><\/strong> @ 4oz \/ 100-gallon de solu\u00e7\u00e3o de transplante aplicada a 200-300 gal\u00f5es por acre<\/li>\n\n\n\n<li><strong>Para culturas semeadas:<\/strong> Aplicar BioLiNE<strong><sup>\u00ae<\/sup><\/strong> @ 16oz\/acre com primeiro ciclo de irriga\u00e7\u00e3o ou foliar a 2 folhas verdadeiras<\/li>\n\n\n\n<li><strong>Fertirriga\u00e7\u00e3o\/Foliar<\/strong>: Primeiras aplica\u00e7\u00f5es de BioLiNE<strong><sup>\u00ae<\/sup><\/strong> @ 16oz\/acre. Come\u00e7ando com a segunda aplica\u00e7\u00e3o de BioLiNE<strong><sup>\u00ae<\/sup><\/strong> pode reduzir a taxa de aplica\u00e7\u00f5es para 8-10oz por acre.<\/li>\n<\/ol>\n<\/div>\n\n\n\n<div class=\"wp-block-column is-vertically-aligned-center is-layout-flow wp-block-column-is-layout-flow\" style=\"flex-basis:33.33%\">\n<div class=\"wp-block-buttons is-content-justification-center is-layout-flex wp-container-core-buttons-is-layout-16018d1d wp-block-buttons-is-layout-flex\">\n<div class=\"wp-block-button aligncenter\"><a class=\"wp-block-button__link wp-element-button\" href=\"https:\/\/biolinecorp.ca\/wp-content\/uploads\/2022\/05\/20220504-Fruiting-Vegetable-Handout-V1.pdf\" target=\"_blank\" rel=\"noreferrer noopener\">Folha de Apoio \u00e0 Fruticultura de Vegetais<\/a><\/div>\n<\/div>\n\n\n\n<div style=\"height:10px\" aria-hidden=\"true\" class=\"wp-block-spacer\"><\/div>\n\n\n\n<div class=\"wp-block-buttons is-layout-flex wp-block-buttons-is-layout-flex\">\n<div class=\"wp-block-button aligncenter\"><a class=\"wp-block-button__link wp-element-button\" href=\"https:\/\/biolinecorp.ca\/wp-content\/uploads\/2022\/03\/2020119-bioline-vegetable-flyer.pdf\" target=\"_blank\" rel=\"noreferrer noopener\">Folha de Apoio ao Bloqueio de Nutrientes<\/a><\/div>\n<\/div>\n<\/div>\n<\/div>\n\n\n\n<div style=\"height:50px\" aria-hidden=\"true\" class=\"wp-block-spacer\"><\/div>\n\n\n<div class=\"w-heading heading-9 text-left\">\n    <div class=\"w-wrapper\">\n                 \n        <h2>           \n            <span>Resultados do ensaio<\/span>        <\/h2>\n                    <\/div>\n<\/div>\n\n\n\n<div style=\"height:50px\" aria-hidden=\"true\" class=\"wp-block-spacer\"><\/div>\n\n\n\n<div class=\"wp-block-media-text alignwide is-stacked-on-mobile\" style=\"grid-template-columns:25% auto\"><figure class=\"wp-block-media-text__media\"><img decoding=\"async\" width=\"683\" height=\"1024\" src=\"https:\/\/biolinecorp.ca\/wp-content\/uploads\/2022\/03\/My-project-6-683x1024.png\" alt=\"Melhoria do tamanho da raiz e da ramifica\u00e7\u00e3o quando tratada com BioLiNE Gold.\" class=\"wp-image-25069 size-full\" srcset=\"https:\/\/biolinecorp.ca\/wp-content\/uploads\/2022\/03\/My-project-6-683x1024.png 683w, https:\/\/biolinecorp.ca\/wp-content\/uploads\/2022\/03\/My-project-6-400x600.png 400w, https:\/\/biolinecorp.ca\/wp-content\/uploads\/2022\/03\/My-project-6-768x1152.png 768w, https:\/\/biolinecorp.ca\/wp-content\/uploads\/2022\/03\/My-project-6-1024x1536.png 1024w, https:\/\/biolinecorp.ca\/wp-content\/uploads\/2022\/03\/My-project-6-1365x2048.png 1365w, https:\/\/biolinecorp.ca\/wp-content\/uploads\/2022\/03\/My-project-6-640x960.png 640w, https:\/\/biolinecorp.ca\/wp-content\/uploads\/2022\/03\/My-project-6-1280x1920.png 1280w, https:\/\/biolinecorp.ca\/wp-content\/uploads\/2022\/03\/My-project-6.png 1700w\" sizes=\"(max-width: 683px) 100vw, 683px\" \/><\/figure><div class=\"wp-block-media-text__content\">\n<h3 class=\"wp-block-heading has-large-font-size\" id=\"h-enhancing-root-growth-with-bioline\">Melhorar o crescimento das ra\u00edzes com BioLiNE<strong><sup>\u00ae<\/sup><\/strong><\/h3>\n\n\n\n<p style=\"font-size:18px\">As plantas de tomateiro foram tratadas com 400 ppm <a href=\"https:\/\/biolinecorp.ca\/pt\/ouro-biolinico-2\/\" target=\"_blank\" rel=\"noreferrer noopener\">BioLiNE\u00ae Ouro<\/a> utilizando um sistema de cultura em \u00e1guas profundas. O peso total das ra\u00edzes dos tomateiros tratados com 400 ppm de BioLiNE<strong><sup>\u00ae<\/sup><\/strong> O ouro pesava mais do que o controlo, era mais longo, e tinha mais ramifica\u00e7\u00f5es. <\/p>\n\n\n\n<div style=\"height:50px\" aria-hidden=\"true\" class=\"wp-block-spacer\"><\/div>\n\n\n<div class=\"wp-block-image is-style-default\">\n<figure class=\"alignleft size-full\"><img decoding=\"async\" width=\"745\" height=\"161\" src=\"https:\/\/biolinecorp.ca\/wp-content\/uploads\/2022\/03\/Hydroponics-2.png\" alt=\"\" class=\"wp-image-25327\" srcset=\"https:\/\/biolinecorp.ca\/wp-content\/uploads\/2022\/03\/Hydroponics-2.png 745w, https:\/\/biolinecorp.ca\/wp-content\/uploads\/2022\/03\/Hydroponics-2-600x130.png 600w, https:\/\/biolinecorp.ca\/wp-content\/uploads\/2022\/03\/Hydroponics-2-640x138.png 640w\" sizes=\"(max-width: 745px) 100vw, 745px\" \/><\/figure>\n<\/div>\n\n\n<p><a id=\"_msocom_1\"><\/a><\/p>\n<\/div><\/div>\n\n\n\n<div style=\"height:50px\" aria-hidden=\"true\" class=\"wp-block-spacer\"><\/div>\n\n\n\n<hr class=\"wp-block-separator has-css-opacity\"\/>\n\n\n\n<div style=\"height:50px\" aria-hidden=\"true\" class=\"wp-block-spacer\"><\/div>\n\n\n\n<div class=\"wp-block-media-text alignwide is-stacked-on-mobile\" style=\"grid-template-columns:25% auto\"><figure class=\"wp-block-media-text__media\"><img decoding=\"async\" width=\"1024\" height=\"628\" src=\"https:\/\/biolinecorp.ca\/wp-content\/uploads\/2022\/03\/1630092668765-1024x628.jpg\" alt=\"Melhoria do tamanho da pimenta quando tratada com BioLiNE Gold.\" class=\"wp-image-25333 size-full\" srcset=\"https:\/\/biolinecorp.ca\/wp-content\/uploads\/2022\/03\/1630092668765-1024x628.jpg 1024w, https:\/\/biolinecorp.ca\/wp-content\/uploads\/2022\/03\/1630092668765-600x368.jpg 600w, https:\/\/biolinecorp.ca\/wp-content\/uploads\/2022\/03\/1630092668765-768x471.jpg 768w, https:\/\/biolinecorp.ca\/wp-content\/uploads\/2022\/03\/1630092668765-1536x941.jpg 1536w, https:\/\/biolinecorp.ca\/wp-content\/uploads\/2022\/03\/1630092668765-640x392.jpg 640w, https:\/\/biolinecorp.ca\/wp-content\/uploads\/2022\/03\/1630092668765-1280x784.jpg 1280w, https:\/\/biolinecorp.ca\/wp-content\/uploads\/2022\/03\/1630092668765.jpg 1958w\" sizes=\"(max-width: 1024px) 100vw, 1024px\" \/><\/figure><div class=\"wp-block-media-text__content\">\n<h3 class=\"wp-block-heading has-large-font-size\" id=\"h-enhancing-fruit-growth-with-bioline\">Melhorando o crescimento da fruta com BioLiNE<strong><sup>\u00ae<\/sup><\/strong><\/h3>\n\n\n\n<p style=\"font-size:18px\">Os pimentos verdes receberam duas aplica\u00e7\u00f5es de BioLiNE<strong><sup>\u00ae<\/sup><\/strong> Cultive com a mistura de fertilizantes padr\u00e3o do produtor sob irriga\u00e7\u00e3o por gotejamento. O \u00e1cido f\u00falvico ajuda a aumentar o transporte de nutrientes e a sua utiliza\u00e7\u00e3o pela planta, o que lhe permite produzir frutos maiores e mais comercializ\u00e1veis. <\/p>\n<\/div><\/div>\n\n\n\n<div style=\"height:50px\" aria-hidden=\"true\" class=\"wp-block-spacer\"><\/div>\n\n\n\n<hr class=\"wp-block-separator has-css-opacity\"\/>\n\n\n\n<div style=\"height:50px\" aria-hidden=\"true\" class=\"wp-block-spacer\"><\/div>\n\n\n\n<h3 class=\"wp-block-heading\" id=\"h-other-trials\">Outros ensaios<\/h3>\n\n\n\n<p style=\"font-size:18px\"><strong>Transplante de Pimentos de Sino\/Provas de imers\u00e3o (<a href=\"https:\/\/agsci.psu.edu\/\" target=\"_blank\" rel=\"noreferrer noopener\">Penn State Universit<\/a>y)<\/strong> <strong>2019: <\/strong>Aumento do n\u00famero de frutos de 23,3 para 42,7. Aumento do peso total da fruta de 13,9 libras para 20,9 libras.<\/p>\n\n\n\n<head><!-- Global site tag (gtag.js) - Google Ads: 781808697 --> <script async src=\"https:\/\/www.googletagmanager.com\/gtag\/js?id=AW-781808697\"><\/script> <script> window.dataLayer = window.dataLayer || []; function gtag(){dataLayer.push(arguments);} gtag('js', new Date()); gtag('config', 'AW-781808697'); gtag('config', 'AW-781808697');<\/script> <\/head>","protected":false},"excerpt":{"rendered":"<p>How Does BioLiNE\u00ae Help Fruiting Vegetable Production? (Eggplant, peppers, and tomatoes) Application of BioLiNE\u00ae products drastically improves the transport and assimilation of nutrients and other plant beneficial compounds. Combining superior cell permeability, bioactive chemistry, and accelerated nutrient exchange is our advantage. Our technology is an effective crop management tool. Application of BioLiNE\u00ae products helps prevent [&hellip;]<\/p>\n","protected":false},"author":2,"featured_media":0,"parent":0,"menu_order":8,"comment_status":"closed","ping_status":"closed","template":"","meta":{"_monsterinsights_skip_tracking":false,"_monsterinsights_sitenote_active":false,"_monsterinsights_sitenote_note":"","_monsterinsights_sitenote_category":0,"footnotes":""},"class_list":["post-24089","page","type-page","status-publish","hentry"],"yoast_head":"<!-- This site is optimized with the Yoast SEO Premium plugin v27.3 (Yoast SEO v27.3) - https:\/\/yoast.com\/product\/yoast-seo-premium-wordpress\/ -->\n<title>Fruiting Vegetables -<\/title>\n<meta name=\"description\" content=\"Application of BioLiNE\u00ae products drastically improves the transport and assimilation of nutrients and other plant beneficial compounds.\" \/>\n<meta name=\"robots\" content=\"index, follow, max-snippet:-1, max-image-preview:large, max-video-preview:-1\" \/>\n<link rel=\"canonical\" href=\"https:\/\/biolinecorp.ca\/pt\/legumes-de-fruto-2\/\" \/>\n<meta property=\"og:locale\" content=\"pt_PT\" \/>\n<meta property=\"og:type\" content=\"article\" \/>\n<meta property=\"og:title\" content=\"Fruiting Vegetables\" \/>\n<meta property=\"og:description\" content=\"Application of BioLiNE\u00ae products drastically improves the transport and assimilation of nutrients and other plant beneficial compounds.\" \/>\n<meta property=\"og:url\" content=\"https:\/\/biolinecorp.ca\/pt\/legumes-de-fruto-2\/\" \/>\n<meta property=\"article:publisher\" content=\"https:\/\/www.facebook.com\/BiolineCorp\/\" \/>\n<meta property=\"article:modified_time\" content=\"2023-09-12T14:33:14+00:00\" \/>\n<meta property=\"og:image\" content=\"https:\/\/biolinecorp.ca\/wp-content\/uploads\/2022\/03\/My-project-6-683x1024.png\" \/>\n<meta name=\"twitter:card\" content=\"summary_large_image\" \/>\n<meta name=\"twitter:site\" content=\"@BiolineCorp\" \/>\n<meta name=\"twitter:label1\" content=\"Tempo estimado de leitura\" \/>\n\t<meta name=\"twitter:data1\" content=\"2 minutos\" \/>\n<script type=\"application\/ld+json\" class=\"yoast-schema-graph\">{\"@context\":\"https:\\\/\\\/schema.org\",\"@graph\":[{\"@type\":\"WebPage\",\"@id\":\"https:\\\/\\\/biolinecorp.ca\\\/en_ca\\\/fruiting-vegetables\\\/\",\"url\":\"https:\\\/\\\/biolinecorp.ca\\\/en_ca\\\/fruiting-vegetables\\\/\",\"name\":\"Fruiting Vegetables -\",\"isPartOf\":{\"@id\":\"https:\\\/\\\/biolinecorp.ca\\\/#website\"},\"primaryImageOfPage\":{\"@id\":\"https:\\\/\\\/biolinecorp.ca\\\/en_ca\\\/fruiting-vegetables\\\/#primaryimage\"},\"image\":{\"@id\":\"https:\\\/\\\/biolinecorp.ca\\\/en_ca\\\/fruiting-vegetables\\\/#primaryimage\"},\"thumbnailUrl\":\"https:\\\/\\\/biolinecorp.ca\\\/wp-content\\\/uploads\\\/2022\\\/03\\\/My-project-6-683x1024.png\",\"datePublished\":\"2022-02-10T17:25:41+00:00\",\"dateModified\":\"2023-09-12T14:33:14+00:00\",\"description\":\"Application of BioLiNE\u00ae products drastically improves the transport and assimilation of nutrients and other plant beneficial compounds.\",\"breadcrumb\":{\"@id\":\"https:\\\/\\\/biolinecorp.ca\\\/en_ca\\\/fruiting-vegetables\\\/#breadcrumb\"},\"inLanguage\":\"pt-PT\",\"potentialAction\":[{\"@type\":\"ReadAction\",\"target\":[\"https:\\\/\\\/biolinecorp.ca\\\/en_ca\\\/fruiting-vegetables\\\/\"]}]},{\"@type\":\"ImageObject\",\"inLanguage\":\"pt-PT\",\"@id\":\"https:\\\/\\\/biolinecorp.ca\\\/en_ca\\\/fruiting-vegetables\\\/#primaryimage\",\"url\":\"https:\\\/\\\/biolinecorp.ca\\\/wp-content\\\/uploads\\\/2022\\\/03\\\/My-project-6-683x1024.png\",\"contentUrl\":\"https:\\\/\\\/biolinecorp.ca\\\/wp-content\\\/uploads\\\/2022\\\/03\\\/My-project-6-683x1024.png\"},{\"@type\":\"BreadcrumbList\",\"@id\":\"https:\\\/\\\/biolinecorp.ca\\\/en_ca\\\/fruiting-vegetables\\\/#breadcrumb\",\"itemListElement\":[{\"@type\":\"ListItem\",\"position\":1,\"name\":\"Home\",\"item\":\"https:\\\/\\\/biolinecorp.ca\\\/en_ca\\\/\"},{\"@type\":\"ListItem\",\"position\":2,\"name\":\"Fruiting Vegetables\"}]},{\"@type\":\"WebSite\",\"@id\":\"https:\\\/\\\/biolinecorp.ca\\\/#website\",\"url\":\"https:\\\/\\\/biolinecorp.ca\\\/\",\"name\":\"BioLine Corporation\",\"description\":\"\",\"publisher\":{\"@id\":\"https:\\\/\\\/biolinecorp.ca\\\/#organization\"},\"potentialAction\":[{\"@type\":\"SearchAction\",\"target\":{\"@type\":\"EntryPoint\",\"urlTemplate\":\"https:\\\/\\\/biolinecorp.ca\\\/?s={search_term_string}\"},\"query-input\":{\"@type\":\"PropertyValueSpecification\",\"valueRequired\":true,\"valueName\":\"search_term_string\"}}],\"inLanguage\":\"pt-PT\"},{\"@type\":\"Organization\",\"@id\":\"https:\\\/\\\/biolinecorp.ca\\\/#organization\",\"name\":\"Bioline Corporation\",\"url\":\"https:\\\/\\\/biolinecorp.ca\\\/\",\"logo\":{\"@type\":\"ImageObject\",\"inLanguage\":\"pt-PT\",\"@id\":\"https:\\\/\\\/biolinecorp.ca\\\/#\\\/schema\\\/logo\\\/image\\\/\",\"url\":\"https:\\\/\\\/biolinecorp.ca\\\/wp-content\\\/uploads\\\/2018\\\/02\\\/Bioline_logo.png\",\"contentUrl\":\"https:\\\/\\\/biolinecorp.ca\\\/wp-content\\\/uploads\\\/2018\\\/02\\\/Bioline_logo.png\",\"width\":667,\"height\":181,\"caption\":\"Bioline Corporation\"},\"image\":{\"@id\":\"https:\\\/\\\/biolinecorp.ca\\\/#\\\/schema\\\/logo\\\/image\\\/\"},\"sameAs\":[\"https:\\\/\\\/www.facebook.com\\\/BiolineCorp\\\/\",\"https:\\\/\\\/x.com\\\/BiolineCorp\",\"https:\\\/\\\/www.linkedin.com\\\/company\\\/bioline-corp\\\/\",\"https:\\\/\\\/www.youtube.com\\\/channel\\\/UCpD4bbIdegjthmdriZ2SAow\"]}]}<\/script>\n<!-- \/ Yoast SEO Premium plugin. -->","yoast_head_json":{"title":"Legumes de fruto -","description":"A aplica\u00e7\u00e3o de produtos BioLiNE\u00ae melhora drasticamente o transporte e a assimila\u00e7\u00e3o de nutrientes e outros compostos ben\u00e9ficos para as plantas.","robots":{"index":"index","follow":"follow","max-snippet":"max-snippet:-1","max-image-preview":"max-image-preview:large","max-video-preview":"max-video-preview:-1"},"canonical":"https:\/\/biolinecorp.ca\/pt\/legumes-de-fruto-2\/","og_locale":"pt_PT","og_type":"article","og_title":"Fruiting Vegetables","og_description":"Application of BioLiNE\u00ae products drastically improves the transport and assimilation of nutrients and other plant beneficial compounds.","og_url":"https:\/\/biolinecorp.ca\/pt\/legumes-de-fruto-2\/","article_publisher":"https:\/\/www.facebook.com\/BiolineCorp\/","article_modified_time":"2023-09-12T14:33:14+00:00","og_image":[{"url":"https:\/\/biolinecorp.ca\/wp-content\/uploads\/2022\/03\/My-project-6-683x1024.png","type":"","width":"","height":""}],"twitter_card":"summary_large_image","twitter_site":"@BiolineCorp","twitter_misc":{"Tempo estimado de leitura":"2 minutos"},"schema":{"@context":"https:\/\/schema.org","@graph":[{"@type":"WebPage","@id":"https:\/\/biolinecorp.ca\/en_ca\/fruiting-vegetables\/","url":"https:\/\/biolinecorp.ca\/en_ca\/fruiting-vegetables\/","name":"Legumes de fruto -","isPartOf":{"@id":"https:\/\/biolinecorp.ca\/#website"},"primaryImageOfPage":{"@id":"https:\/\/biolinecorp.ca\/en_ca\/fruiting-vegetables\/#primaryimage"},"image":{"@id":"https:\/\/biolinecorp.ca\/en_ca\/fruiting-vegetables\/#primaryimage"},"thumbnailUrl":"https:\/\/biolinecorp.ca\/wp-content\/uploads\/2022\/03\/My-project-6-683x1024.png","datePublished":"2022-02-10T17:25:41+00:00","dateModified":"2023-09-12T14:33:14+00:00","description":"A aplica\u00e7\u00e3o de produtos BioLiNE\u00ae melhora drasticamente o transporte e a assimila\u00e7\u00e3o de nutrientes e outros compostos ben\u00e9ficos para as plantas.","breadcrumb":{"@id":"https:\/\/biolinecorp.ca\/en_ca\/fruiting-vegetables\/#breadcrumb"},"inLanguage":"pt-PT","potentialAction":[{"@type":"ReadAction","target":["https:\/\/biolinecorp.ca\/en_ca\/fruiting-vegetables\/"]}]},{"@type":"ImageObject","inLanguage":"pt-PT","@id":"https:\/\/biolinecorp.ca\/en_ca\/fruiting-vegetables\/#primaryimage","url":"https:\/\/biolinecorp.ca\/wp-content\/uploads\/2022\/03\/My-project-6-683x1024.png","contentUrl":"https:\/\/biolinecorp.ca\/wp-content\/uploads\/2022\/03\/My-project-6-683x1024.png"},{"@type":"BreadcrumbList","@id":"https:\/\/biolinecorp.ca\/en_ca\/fruiting-vegetables\/#breadcrumb","itemListElement":[{"@type":"ListItem","position":1,"name":"Home","item":"https:\/\/biolinecorp.ca\/en_ca\/"},{"@type":"ListItem","position":2,"name":"Fruiting Vegetables"}]},{"@type":"WebSite","@id":"https:\/\/biolinecorp.ca\/#website","url":"https:\/\/biolinecorp.ca\/","name":"BioLine Corporation","description":"","publisher":{"@id":"https:\/\/biolinecorp.ca\/#organization"},"potentialAction":[{"@type":"SearchAction","target":{"@type":"EntryPoint","urlTemplate":"https:\/\/biolinecorp.ca\/?s={search_term_string}"},"query-input":{"@type":"PropertyValueSpecification","valueRequired":true,"valueName":"search_term_string"}}],"inLanguage":"pt-PT"},{"@type":"Organization","@id":"https:\/\/biolinecorp.ca\/#organization","name":"Bioline Corporation","url":"https:\/\/biolinecorp.ca\/","logo":{"@type":"ImageObject","inLanguage":"pt-PT","@id":"https:\/\/biolinecorp.ca\/#\/schema\/logo\/image\/","url":"https:\/\/biolinecorp.ca\/wp-content\/uploads\/2018\/02\/Bioline_logo.png","contentUrl":"https:\/\/biolinecorp.ca\/wp-content\/uploads\/2018\/02\/Bioline_logo.png","width":667,"height":181,"caption":"Bioline Corporation"},"image":{"@id":"https:\/\/biolinecorp.ca\/#\/schema\/logo\/image\/"},"sameAs":["https:\/\/www.facebook.com\/BiolineCorp\/","https:\/\/x.com\/BiolineCorp","https:\/\/www.linkedin.com\/company\/bioline-corp\/","https:\/\/www.youtube.com\/channel\/UCpD4bbIdegjthmdriZ2SAow"]}]}},"_links":{"self":[{"href":"https:\/\/biolinecorp.ca\/pt\/wp-json\/wp\/v2\/pages\/24089","targetHints":{"allow":["GET"]}}],"collection":[{"href":"https:\/\/biolinecorp.ca\/pt\/wp-json\/wp\/v2\/pages"}],"about":[{"href":"https:\/\/biolinecorp.ca\/pt\/wp-json\/wp\/v2\/types\/page"}],"author":[{"embeddable":true,"href":"https:\/\/biolinecorp.ca\/pt\/wp-json\/wp\/v2\/users\/2"}],"replies":[{"embeddable":true,"href":"https:\/\/biolinecorp.ca\/pt\/wp-json\/wp\/v2\/comments?post=24089"}],"version-history":[{"count":0,"href":"https:\/\/biolinecorp.ca\/pt\/wp-json\/wp\/v2\/pages\/24089\/revisions"}],"wp:attachment":[{"href":"https:\/\/biolinecorp.ca\/pt\/wp-json\/wp\/v2\/media?parent=24089"}],"curies":[{"name":"wp","href":"https:\/\/api.w.org\/{rel}","templated":true}]}}