{"id":24085,"date":"2022-02-10T12:24:56","date_gmt":"2022-02-10T17:24:56","guid":{"rendered":"https:\/\/biolinecorp.ca\/?page_id=24085"},"modified":"2023-09-12T10:39:22","modified_gmt":"2023-09-12T14:39:22","slug":"brassica","status":"publish","type":"page","link":"https:\/\/biolinecorp.ca\/pt\/brassicas\/","title":{"rendered":"Brassica"},"content":{"rendered":"<div style=\"height:50px\" aria-hidden=\"true\" class=\"wp-block-spacer\"><\/div>\n\n\n\n<h3 class=\"wp-block-heading has-large-font-size\" id=\"h-how-does-bioline-help-brassica-production\">Como \u00e9 que BioLiNE<strong><sup>\u00ae<\/sup><\/strong> Ajudar a Produ\u00e7\u00e3o Brassica?<\/h3>\n\n\n\n<h4 class=\"wp-block-heading\" id=\"h-cabbage-brussels-sprouts-cauliflower-mustard-broccoli-kale\">(couve, couve-de-bruxelas, couve-flor, mostarda, br\u00f3colos, couve-r\u00e1bano)<\/h4>\n\n\n\n<div style=\"height:25px\" aria-hidden=\"true\" class=\"wp-block-spacer\"><\/div>\n\n\n\n<p>Aplica\u00e7\u00e3o de BioLiNE<strong><sup>\u00ae<\/sup><\/strong>&nbsp;<a href=\"https:\/\/biolinecorp.ca\/pt\/os-nossos-produtos-2\/\" target=\"_blank\" rel=\"noreferrer noopener\">produtos<\/a>&nbsp;melhora drasticamente o transporte e a assimila\u00e7\u00e3o de nutrientes e outros compostos ben\u00e9ficos para as plantas. Combinar a permeabilidade celular superior, a qu\u00edmica bioactiva e a troca acelerada de nutrientes \u00e9 a nossa vantagem. A nossa tecnologia \u00e9 uma ferramenta eficaz de gest\u00e3o de culturas. Aplica\u00e7\u00e3o de BioLiNE<strong><sup>\u00ae<\/sup><\/strong>&nbsp;Os produtos ajudam a evitar o bloqueio de nutrientes para assegurar que os nutrientes estejam dispon\u00edveis quando as necessidades s\u00e3o elevadas. O resultado \u00e9 o aumento da produ\u00e7\u00e3o de vegetais e do tamanho dos vegetais para ajudar a maximizar o rendimento comercializ\u00e1vel. <\/p>\n\n\n\n<div style=\"height:23px\" aria-hidden=\"true\" class=\"wp-block-spacer\"><\/div>\n\n\n\n<div class=\"wp-block-columns is-layout-flex wp-container-core-columns-is-layout-9d6595d7 wp-block-columns-is-layout-flex\">\n<div class=\"wp-block-column is-layout-flow wp-block-column-is-layout-flow\" style=\"flex-basis:66.66%\">\n<ol class=\"wp-block-list\">\n<li><strong>Na Transplanta\u00e7\u00e3o: <\/strong>Solu\u00e7\u00e3o de transplante de 4oz \/ 100 gal\u00f5es aplicada a 200-300 gal\u00f5es por acre<\/li>\n\n\n\n<li><strong>Para as culturas de sementes: <\/strong>16 oz\/acre com primeiro ciclo de irriga\u00e7\u00e3o ou foliar a 2 folhas verdadeiras<\/li>\n\n\n\n<li><strong>Calend\u00e1rio de fertilizantes: <\/strong>16 oz \/ acre com aplica\u00e7\u00e3o de fertilizante de cada lado<\/li>\n\n\n\n<li><strong>Cronograma de pesticidas: <\/strong>16 oz \/ acre com pesticidas Aplicar um m\u00ednimo de 16 oz de BioLiNE Gold de 14 em 14 dias.  Fases principais de crescimento alvo (1) 5-6 folhas (2) 6-8 folhas (3) cupping (4) heading<\/li>\n<\/ol>\n<\/div>\n\n\n\n<div class=\"wp-block-column is-vertically-aligned-center is-layout-flow wp-block-column-is-layout-flow\" style=\"flex-basis:33.33%\">\n<div class=\"wp-block-buttons is-layout-flex wp-block-buttons-is-layout-flex\">\n<div class=\"wp-block-button aligncenter\"><a class=\"wp-block-button__link wp-element-button\" href=\"https:\/\/biolinecorp.ca\/wp-content\/uploads\/2022\/05\/20220504-Brassica-Handout-V1.pdf\" target=\"_blank\" rel=\"noreferrer noopener\">Folheto Brassica<\/a><\/div>\n<\/div>\n<\/div>\n<\/div>\n\n\n<div class=\"w-heading heading-9 text-left\">\n    <div class=\"w-wrapper\">\n                 \n        <h2>           \n            <span>Resultados do ensaio<\/span>        <\/h2>\n                    <\/div>\n<\/div>\n\n\n\n<head><!-- Global site tag (gtag.js) - Google Ads: 781808697 --> <script async src=\"https:\/\/www.googletagmanager.com\/gtag\/js?id=AW-781808697\"><\/script> <script> window.dataLayer = window.dataLayer || []; function gtag(){dataLayer.push(arguments);} gtag('js', new Date()); gtag('config', 'AW-781808697'); gtag('config', 'AW-781808697');<\/script> <\/head>","protected":false},"excerpt":{"rendered":"<p>How Does BioLiNE\u00ae Help Brassica Production? (Cabbage, brussels sprouts, cauliflower, mustard, broccoli, kale) Application of BioLiNE\u00ae&nbsp;products&nbsp;drastically improves the transport and assimilation of nutrients and other plant beneficial compounds. Combining superior cell permeability, bioactive chemistry, and accelerated nutrient exchange is our advantage. Our technology is an effective crop management tool. Application of BioLiNE\u00ae&nbsp;products helps prevent nutrient [&hellip;]<\/p>\n","protected":false},"author":2,"featured_media":0,"parent":0,"menu_order":10,"comment_status":"closed","ping_status":"closed","template":"","meta":{"_monsterinsights_skip_tracking":false,"_monsterinsights_sitenote_active":false,"_monsterinsights_sitenote_note":"","_monsterinsights_sitenote_category":0,"footnotes":""},"class_list":["post-24085","page","type-page","status-publish","hentry"],"yoast_head":"<!-- This site is optimized with the Yoast SEO Premium plugin v27.3 (Yoast SEO v27.3) - https:\/\/yoast.com\/product\/yoast-seo-premium-wordpress\/ -->\n<title>Brassica -<\/title>\n<meta name=\"description\" content=\"BioLiNE\u00ae\u00a0products help prevent nutrient lockup, resulting in increased vegetable production and size to maximize marketable yield.\" \/>\n<meta name=\"robots\" content=\"index, follow, max-snippet:-1, max-image-preview:large, max-video-preview:-1\" \/>\n<link rel=\"canonical\" href=\"https:\/\/biolinecorp.ca\/pt\/brassicas\/\" \/>\n<meta property=\"og:locale\" content=\"pt_PT\" \/>\n<meta property=\"og:type\" content=\"article\" \/>\n<meta property=\"og:title\" content=\"Brassica\" \/>\n<meta property=\"og:description\" content=\"BioLiNE\u00ae\u00a0products help prevent nutrient lockup, resulting in increased vegetable production and size to maximize marketable yield.\" \/>\n<meta property=\"og:url\" content=\"https:\/\/biolinecorp.ca\/pt\/brassicas\/\" \/>\n<meta property=\"article:publisher\" content=\"https:\/\/www.facebook.com\/BiolineCorp\/\" \/>\n<meta property=\"article:modified_time\" content=\"2023-09-12T14:39:22+00:00\" \/>\n<meta name=\"twitter:card\" content=\"summary_large_image\" \/>\n<meta name=\"twitter:site\" content=\"@BiolineCorp\" \/>\n<meta name=\"twitter:label1\" content=\"Tempo estimado de leitura\" \/>\n\t<meta name=\"twitter:data1\" content=\"1 minuto\" \/>\n<script type=\"application\/ld+json\" class=\"yoast-schema-graph\">{\"@context\":\"https:\\\/\\\/schema.org\",\"@graph\":[{\"@type\":\"WebPage\",\"@id\":\"https:\\\/\\\/biolinecorp.ca\\\/en_ca\\\/brassica\\\/\",\"url\":\"https:\\\/\\\/biolinecorp.ca\\\/en_ca\\\/brassica\\\/\",\"name\":\"Brassica -\",\"isPartOf\":{\"@id\":\"https:\\\/\\\/biolinecorp.ca\\\/#website\"},\"datePublished\":\"2022-02-10T17:24:56+00:00\",\"dateModified\":\"2023-09-12T14:39:22+00:00\",\"description\":\"BioLiNE\u00ae\u00a0products help prevent nutrient lockup, resulting in increased vegetable production and size to maximize marketable yield.\",\"breadcrumb\":{\"@id\":\"https:\\\/\\\/biolinecorp.ca\\\/en_ca\\\/brassica\\\/#breadcrumb\"},\"inLanguage\":\"pt-PT\",\"potentialAction\":[{\"@type\":\"ReadAction\",\"target\":[\"https:\\\/\\\/biolinecorp.ca\\\/en_ca\\\/brassica\\\/\"]}]},{\"@type\":\"BreadcrumbList\",\"@id\":\"https:\\\/\\\/biolinecorp.ca\\\/en_ca\\\/brassica\\\/#breadcrumb\",\"itemListElement\":[{\"@type\":\"ListItem\",\"position\":1,\"name\":\"Home\",\"item\":\"https:\\\/\\\/biolinecorp.ca\\\/en_ca\\\/\"},{\"@type\":\"ListItem\",\"position\":2,\"name\":\"Brassica\"}]},{\"@type\":\"WebSite\",\"@id\":\"https:\\\/\\\/biolinecorp.ca\\\/#website\",\"url\":\"https:\\\/\\\/biolinecorp.ca\\\/\",\"name\":\"BioLine Corporation\",\"description\":\"\",\"publisher\":{\"@id\":\"https:\\\/\\\/biolinecorp.ca\\\/#organization\"},\"potentialAction\":[{\"@type\":\"SearchAction\",\"target\":{\"@type\":\"EntryPoint\",\"urlTemplate\":\"https:\\\/\\\/biolinecorp.ca\\\/?s={search_term_string}\"},\"query-input\":{\"@type\":\"PropertyValueSpecification\",\"valueRequired\":true,\"valueName\":\"search_term_string\"}}],\"inLanguage\":\"pt-PT\"},{\"@type\":\"Organization\",\"@id\":\"https:\\\/\\\/biolinecorp.ca\\\/#organization\",\"name\":\"Bioline Corporation\",\"url\":\"https:\\\/\\\/biolinecorp.ca\\\/\",\"logo\":{\"@type\":\"ImageObject\",\"inLanguage\":\"pt-PT\",\"@id\":\"https:\\\/\\\/biolinecorp.ca\\\/#\\\/schema\\\/logo\\\/image\\\/\",\"url\":\"https:\\\/\\\/biolinecorp.ca\\\/wp-content\\\/uploads\\\/2018\\\/02\\\/Bioline_logo.png\",\"contentUrl\":\"https:\\\/\\\/biolinecorp.ca\\\/wp-content\\\/uploads\\\/2018\\\/02\\\/Bioline_logo.png\",\"width\":667,\"height\":181,\"caption\":\"Bioline Corporation\"},\"image\":{\"@id\":\"https:\\\/\\\/biolinecorp.ca\\\/#\\\/schema\\\/logo\\\/image\\\/\"},\"sameAs\":[\"https:\\\/\\\/www.facebook.com\\\/BiolineCorp\\\/\",\"https:\\\/\\\/x.com\\\/BiolineCorp\",\"https:\\\/\\\/www.linkedin.com\\\/company\\\/bioline-corp\\\/\",\"https:\\\/\\\/www.youtube.com\\\/channel\\\/UCpD4bbIdegjthmdriZ2SAow\"]}]}<\/script>\n<!-- \/ Yoast SEO Premium plugin. -->","yoast_head_json":{"title":"Br\u00e1ssicas -","description":"Os produtos BioLiNE\u00ae ajudam a evitar o bloqueio de nutrientes, resultando num aumento da produ\u00e7\u00e3o e do tamanho dos vegetais para maximizar o rendimento comercializ\u00e1vel.","robots":{"index":"index","follow":"follow","max-snippet":"max-snippet:-1","max-image-preview":"max-image-preview:large","max-video-preview":"max-video-preview:-1"},"canonical":"https:\/\/biolinecorp.ca\/pt\/brassicas\/","og_locale":"pt_PT","og_type":"article","og_title":"Brassica","og_description":"BioLiNE\u00ae\u00a0products help prevent nutrient lockup, resulting in increased vegetable production and size to maximize marketable yield.","og_url":"https:\/\/biolinecorp.ca\/pt\/brassicas\/","article_publisher":"https:\/\/www.facebook.com\/BiolineCorp\/","article_modified_time":"2023-09-12T14:39:22+00:00","twitter_card":"summary_large_image","twitter_site":"@BiolineCorp","twitter_misc":{"Tempo estimado de leitura":"1 minuto"},"schema":{"@context":"https:\/\/schema.org","@graph":[{"@type":"WebPage","@id":"https:\/\/biolinecorp.ca\/en_ca\/brassica\/","url":"https:\/\/biolinecorp.ca\/en_ca\/brassica\/","name":"Br\u00e1ssicas -","isPartOf":{"@id":"https:\/\/biolinecorp.ca\/#website"},"datePublished":"2022-02-10T17:24:56+00:00","dateModified":"2023-09-12T14:39:22+00:00","description":"Os produtos BioLiNE\u00ae ajudam a evitar o bloqueio de nutrientes, resultando num aumento da produ\u00e7\u00e3o e do tamanho dos vegetais para maximizar o rendimento comercializ\u00e1vel.","breadcrumb":{"@id":"https:\/\/biolinecorp.ca\/en_ca\/brassica\/#breadcrumb"},"inLanguage":"pt-PT","potentialAction":[{"@type":"ReadAction","target":["https:\/\/biolinecorp.ca\/en_ca\/brassica\/"]}]},{"@type":"BreadcrumbList","@id":"https:\/\/biolinecorp.ca\/en_ca\/brassica\/#breadcrumb","itemListElement":[{"@type":"ListItem","position":1,"name":"Home","item":"https:\/\/biolinecorp.ca\/en_ca\/"},{"@type":"ListItem","position":2,"name":"Brassica"}]},{"@type":"WebSite","@id":"https:\/\/biolinecorp.ca\/#website","url":"https:\/\/biolinecorp.ca\/","name":"BioLine Corporation","description":"","publisher":{"@id":"https:\/\/biolinecorp.ca\/#organization"},"potentialAction":[{"@type":"SearchAction","target":{"@type":"EntryPoint","urlTemplate":"https:\/\/biolinecorp.ca\/?s={search_term_string}"},"query-input":{"@type":"PropertyValueSpecification","valueRequired":true,"valueName":"search_term_string"}}],"inLanguage":"pt-PT"},{"@type":"Organization","@id":"https:\/\/biolinecorp.ca\/#organization","name":"Bioline Corporation","url":"https:\/\/biolinecorp.ca\/","logo":{"@type":"ImageObject","inLanguage":"pt-PT","@id":"https:\/\/biolinecorp.ca\/#\/schema\/logo\/image\/","url":"https:\/\/biolinecorp.ca\/wp-content\/uploads\/2018\/02\/Bioline_logo.png","contentUrl":"https:\/\/biolinecorp.ca\/wp-content\/uploads\/2018\/02\/Bioline_logo.png","width":667,"height":181,"caption":"Bioline Corporation"},"image":{"@id":"https:\/\/biolinecorp.ca\/#\/schema\/logo\/image\/"},"sameAs":["https:\/\/www.facebook.com\/BiolineCorp\/","https:\/\/x.com\/BiolineCorp","https:\/\/www.linkedin.com\/company\/bioline-corp\/","https:\/\/www.youtube.com\/channel\/UCpD4bbIdegjthmdriZ2SAow"]}]}},"_links":{"self":[{"href":"https:\/\/biolinecorp.ca\/pt\/wp-json\/wp\/v2\/pages\/24085","targetHints":{"allow":["GET"]}}],"collection":[{"href":"https:\/\/biolinecorp.ca\/pt\/wp-json\/wp\/v2\/pages"}],"about":[{"href":"https:\/\/biolinecorp.ca\/pt\/wp-json\/wp\/v2\/types\/page"}],"author":[{"embeddable":true,"href":"https:\/\/biolinecorp.ca\/pt\/wp-json\/wp\/v2\/users\/2"}],"replies":[{"embeddable":true,"href":"https:\/\/biolinecorp.ca\/pt\/wp-json\/wp\/v2\/comments?post=24085"}],"version-history":[{"count":0,"href":"https:\/\/biolinecorp.ca\/pt\/wp-json\/wp\/v2\/pages\/24085\/revisions"}],"wp:attachment":[{"href":"https:\/\/biolinecorp.ca\/pt\/wp-json\/wp\/v2\/media?parent=24085"}],"curies":[{"name":"wp","href":"https:\/\/api.w.org\/{rel}","templated":true}]}}