{"id":24083,"date":"2022-02-10T12:24:25","date_gmt":"2022-02-10T17:24:25","guid":{"rendered":"https:\/\/biolinecorp.ca\/?page_id=24083"},"modified":"2023-09-12T10:09:30","modified_gmt":"2023-09-12T14:09:30","slug":"leafy-vegetables","status":"publish","type":"page","link":"https:\/\/biolinecorp.ca\/pt\/vegetais-de-folha\/","title":{"rendered":"Vegetais de folha"},"content":{"rendered":"<div style=\"height:50px\" aria-hidden=\"true\" class=\"wp-block-spacer\"><\/div>\n\n\n\n<h3 class=\"wp-block-heading has-large-font-size\" id=\"h-how-does-bioline-help-leafy-vegetable-production\">Como \u00e9 que BioLiNE<strong><sup>\u00ae<\/sup><\/strong> Ajudar a produ\u00e7\u00e3o de legumes de folha?<\/h3>\n\n\n\n<h4 class=\"wp-block-heading\" id=\"h-lettuce-herbs-spinach-arugula-swiss-chard-etc\">(Alface, ervas arom\u00e1ticas, espinafres, r\u00facula, acelga, etc.)<\/h4>\n\n\n\n<div style=\"height:25px\" aria-hidden=\"true\" class=\"wp-block-spacer\"><\/div>\n\n\n\n<p>Quer seja cultivado em hidroponia ou no campo, o BioLiNE<strong><sup>\u00ae<\/sup><\/strong> O \u00e1cido f\u00falvico transporta e assimila mais eficazmente os nutrientes e outros ingredientes ben\u00e9ficos para as plantas. BioLiNE<strong><sup>\u00ae<\/sup><\/strong> <a href=\"https:\/\/biolinecorp.ca\/pt\/os-nossos-produtos-2\/\" target=\"_blank\" rel=\"noreferrer noopener\">produtos<\/a> melhorar a sa\u00fade das culturas durante todo o seu ciclo de vida, desde a sementeira at\u00e9 \u00e0 colheita. O BioLiNE<strong><sup>\u00ae<\/sup><\/strong> Os produtos fornecem electr\u00f3litos e estabelecem o equil\u00edbrio electroqu\u00edmico nas plantas. O resultado \u00e9 r\u00e1pido e at\u00e9 a emerg\u00eancia com o aumento das defesas naturais contra o stress. <\/p>\n\n\n\n<div style=\"height:50px\" aria-hidden=\"true\" class=\"wp-block-spacer\"><\/div>\n\n\n<div class=\"w-heading heading-9 text-left\">\n    <div class=\"w-wrapper\">\n                 \n        <h2>           \n            <span>Resultados do ensaio<\/span>        <\/h2>\n                    <\/div>\n<\/div>\n\n\n\n<div style=\"height:50px\" aria-hidden=\"true\" class=\"wp-block-spacer\"><\/div>\n\n\n\n<div class=\"wp-block-media-text alignwide is-stacked-on-mobile\" style=\"grid-template-columns:26% auto\"><figure class=\"wp-block-media-text__media\"><img decoding=\"async\" width=\"663\" height=\"1024\" src=\"https:\/\/biolinecorp.ca\/wp-content\/uploads\/2022\/02\/Lettuce-Hydroponics-663x1024.png\" alt=\"\" class=\"wp-image-24840 size-full\" srcset=\"https:\/\/biolinecorp.ca\/wp-content\/uploads\/2022\/02\/Lettuce-Hydroponics-663x1024.png 663w, https:\/\/biolinecorp.ca\/wp-content\/uploads\/2022\/02\/Lettuce-Hydroponics-388x600.png 388w, https:\/\/biolinecorp.ca\/wp-content\/uploads\/2022\/02\/Lettuce-Hydroponics-768x1187.png 768w, https:\/\/biolinecorp.ca\/wp-content\/uploads\/2022\/02\/Lettuce-Hydroponics-994x1536.png 994w, https:\/\/biolinecorp.ca\/wp-content\/uploads\/2022\/02\/Lettuce-Hydroponics-1325x2048.png 1325w, https:\/\/biolinecorp.ca\/wp-content\/uploads\/2022\/02\/Lettuce-Hydroponics-640x989.png 640w, https:\/\/biolinecorp.ca\/wp-content\/uploads\/2022\/02\/Lettuce-Hydroponics-1280x1978.png 1280w\" sizes=\"(max-width: 663px) 100vw, 663px\" \/><\/figure><div class=\"wp-block-media-text__content\">\n<h2 class=\"wp-block-heading has-large-font-size\" id=\"h-overcoming-nutrient-insufficiency-dwc\">Superar a insufici\u00eancia de nutrientes - DWC<\/h2>\n\n\n\n<p style=\"font-size:18px\">BioLiNE<strong><sup>\u00ae<\/sup><\/strong> <a href=\"https:\/\/biolinecorp.ca\/pt\/os-nossos-produtos-2\/\" target=\"_blank\" rel=\"noreferrer noopener\">produtos<\/a> pode ser uma ferramenta \u00fatil para os sistemas de hidroponia. As alfaces cultivadas num sistema hidrop\u00f3nico de cultura em \u00e1guas profundas receberam 25% dos macro e micro nutrientes necess\u00e1rios. Os resultados mostraram um aumento de 17% no crescimento global em compara\u00e7\u00e3o com as plantas que receberam n\u00edveis \u00f3ptimos de nutrientes e um aumento de 36% em rela\u00e7\u00e3o \u00e0 alface com apenas 25% de nutrientes. Isto deve-se ao facto de o BioLiNE<strong><sup>\u00ae<\/sup><\/strong> o \u00e1cido f\u00falvico actua como um eficiente transportador de nutrientes em solu\u00e7\u00f5es hidrop\u00f3nicas quando os n\u00edveis de nutrientes s\u00e3o baixos para ajudar a maximizar o crescimento. <\/p>\n\n\n\n<div style=\"height:20px\" aria-hidden=\"true\" class=\"wp-block-spacer\"><\/div>\n\n\n\n<figure class=\"wp-block-image size-full is-style-default\"><img decoding=\"async\" width=\"745\" height=\"161\" src=\"https:\/\/biolinecorp.ca\/wp-content\/uploads\/2022\/03\/Hydroponics-1.png\" alt=\"\" class=\"wp-image-25324\" srcset=\"https:\/\/biolinecorp.ca\/wp-content\/uploads\/2022\/03\/Hydroponics-1.png 745w, https:\/\/biolinecorp.ca\/wp-content\/uploads\/2022\/03\/Hydroponics-1-600x130.png 600w, https:\/\/biolinecorp.ca\/wp-content\/uploads\/2022\/03\/Hydroponics-1-640x138.png 640w\" sizes=\"(max-width: 745px) 100vw, 745px\" \/><\/figure>\n<\/div><\/div>\n\n\n\n<div style=\"height:50px\" aria-hidden=\"true\" class=\"wp-block-spacer\"><\/div>\n\n\n\n<hr class=\"wp-block-separator has-css-opacity\"\/>\n\n\n\n<div style=\"height:50px\" aria-hidden=\"true\" class=\"wp-block-spacer\"><\/div>\n\n\n\n<h2 class=\"wp-block-heading has-large-font-size\" id=\"h-overcoming-high-salinity-dwc\">Superando a alta salinidade - DWC<\/h2>\n\n\n\n<div style=\"height:25px\" aria-hidden=\"true\" class=\"wp-block-spacer\"><\/div>\n\n\n\n<p>BioLiNE<strong><sup>\u00ae<\/sup><\/strong> <a href=\"https:\/\/biolinecorp.ca\/pt\/os-nossos-produtos-2\/\" target=\"_blank\" rel=\"noreferrer noopener\">produtos<\/a> foram testados em ambientes com elevado teor de sal. O teor de sal pode ser prejudicial para uma planta em concentra\u00e7\u00f5es elevadas. Devido ao seu pequeno tamanho, os i\u00f5es de s\u00f3dio e cloreto podem facilmente entrar na planta antes de outros i\u00f5es ben\u00e9ficos, tornando mais dif\u00edcil para a planta obter os nutrientes de que necessita.  A acumula\u00e7\u00e3o de s\u00f3dio e cloreto e de outros metais pesados nas plantas pode atingir n\u00edveis t\u00f3xicos que provocam um crescimento atrofiado e a paragem do desenvolvimento celular. O \u00e1cido f\u00falvico pode ajudar a atenuar os efeitos do stress salino nas plantas, melhorando a toler\u00e2ncia ao sal. Fazem-no equilibrando os n\u00edveis de nutrientes e estabilizando as subst\u00e2ncias t\u00f3xicas para a planta. <\/p>\n\n\n\n<p>Num ambiente muito salino, a adi\u00e7\u00e3o de 300ppm <a href=\"https:\/\/biolinecorp.ca\/pt\/ouro-biolinico-2\/\" target=\"_blank\" rel=\"noreferrer noopener\">BioLiNE Ouro<\/a> aumentou o rendimento da alface em 262%. Num ambiente de elevado teor de cobre, o rendimento do manjeric\u00e3o, em compara\u00e7\u00e3o com um controlo que continha n\u00edveis normais de cobre, diminuiu 39%. No entanto, quando tratado com BioLiNE ouro, o crescimento das plantas de manjeric\u00e3o aumentou em 105% em compara\u00e7\u00e3o com o controlo. <\/p>\n\n\n\n<div style=\"height:25px\" aria-hidden=\"true\" class=\"wp-block-spacer\"><\/div>\n\n\n\n<div class=\"wp-block-columns is-layout-flex wp-container-core-columns-is-layout-9d6595d7 wp-block-columns-is-layout-flex\">\n<div class=\"wp-block-column is-layout-flow wp-block-column-is-layout-flow\">\n<figure class=\"wp-block-image size-large is-style-default\"><img decoding=\"async\" width=\"1024\" height=\"686\" src=\"https:\/\/biolinecorp.ca\/wp-content\/uploads\/2022\/02\/Lettuce-1-1-e1645542588621-1024x686.png\" alt=\"\" class=\"wp-image-24850\" srcset=\"https:\/\/biolinecorp.ca\/wp-content\/uploads\/2022\/02\/Lettuce-1-1-e1645542588621-1024x686.png 1024w, https:\/\/biolinecorp.ca\/wp-content\/uploads\/2022\/02\/Lettuce-1-1-e1645542588621-600x402.png 600w, https:\/\/biolinecorp.ca\/wp-content\/uploads\/2022\/02\/Lettuce-1-1-e1645542588621-768x514.png 768w, https:\/\/biolinecorp.ca\/wp-content\/uploads\/2022\/02\/Lettuce-1-1-e1645542588621-640x429.png 640w, https:\/\/biolinecorp.ca\/wp-content\/uploads\/2022\/02\/Lettuce-1-1-e1645542588621-1280x857.png 1280w, https:\/\/biolinecorp.ca\/wp-content\/uploads\/2022\/02\/Lettuce-1-1-e1645542588621.png 1342w\" sizes=\"(max-width: 1024px) 100vw, 1024px\" \/><figcaption class=\"wp-element-caption\">Controlo - Solu\u00e7\u00e3o nutritiva de Hoagland + 4500ppm NaCl*<\/figcaption><\/figure>\n\n\n\n<p class=\"has-small-font-size\">*Adicionado gradualmente ao longo dos primeiros 10 dias de ensaio<\/p>\n<\/div>\n\n\n\n<div class=\"wp-block-column is-layout-flow wp-block-column-is-layout-flow\">\n<figure class=\"wp-block-image size-large is-style-default\"><img decoding=\"async\" width=\"1024\" height=\"701\" src=\"https:\/\/biolinecorp.ca\/wp-content\/uploads\/2022\/02\/Lettuce-2-e1645542503432-1024x701.png\" alt=\"\" class=\"wp-image-24851\" srcset=\"https:\/\/biolinecorp.ca\/wp-content\/uploads\/2022\/02\/Lettuce-2-e1645542503432-1024x701.png 1024w, https:\/\/biolinecorp.ca\/wp-content\/uploads\/2022\/02\/Lettuce-2-e1645542503432-600x411.png 600w, https:\/\/biolinecorp.ca\/wp-content\/uploads\/2022\/02\/Lettuce-2-e1645542503432-768x526.png 768w, https:\/\/biolinecorp.ca\/wp-content\/uploads\/2022\/02\/Lettuce-2-e1645542503432-640x438.png 640w, https:\/\/biolinecorp.ca\/wp-content\/uploads\/2022\/02\/Lettuce-2-e1645542503432-1280x876.png 1280w, https:\/\/biolinecorp.ca\/wp-content\/uploads\/2022\/02\/Lettuce-2-e1645542503432.png 1312w\" sizes=\"(max-width: 1024px) 100vw, 1024px\" \/><figcaption class=\"wp-element-caption\">Solu\u00e7\u00e3o nutritiva de Hoagland + 4500ppm NaCl* + 300ppm BioLiNE<strong><sup>\u00ae<\/sup><\/strong><\/figcaption><\/figure>\n\n\n\n<p class=\"has-small-font-size\">*Adicionado gradualmente ao longo dos primeiros 10 dias de ensaio<\/p>\n<\/div>\n\n\n\n<div class=\"wp-block-column is-layout-flow wp-block-column-is-layout-flow\">\n<figure class=\"wp-block-image size-full is-style-default\"><img decoding=\"async\" width=\"532\" height=\"361\" src=\"https:\/\/biolinecorp.ca\/wp-content\/uploads\/2022\/02\/Copper-1.png\" alt=\"\" class=\"wp-image-24852\"\/><figcaption class=\"wp-element-caption\">Controlo - Hoagland's com concentra\u00e7\u00e3o de cobre 20x<\/figcaption><\/figure>\n<\/div>\n\n\n\n<div class=\"wp-block-column is-layout-flow wp-block-column-is-layout-flow\">\n<figure class=\"wp-block-image size-full is-style-default\"><img decoding=\"async\" width=\"532\" height=\"361\" src=\"https:\/\/biolinecorp.ca\/wp-content\/uploads\/2022\/02\/Copper-2.png\" alt=\"\" class=\"wp-image-24853\"\/><figcaption class=\"wp-element-caption\">Hoagland's com concentra\u00e7\u00e3o de cobre 20x + 300ppm BioLiNE<strong><sup>\u00ae<\/sup><\/strong><\/figcaption><\/figure>\n<\/div>\n<\/div>\n\n\n\n<head><!-- Global site tag (gtag.js) - Google Ads: 781808697 --> <script async src=\"https:\/\/www.googletagmanager.com\/gtag\/js?id=AW-781808697\"><\/script> <script> window.dataLayer = window.dataLayer || []; function gtag(){dataLayer.push(arguments);} gtag('js', new Date()); gtag('config', 'AW-781808697'); gtag('config', 'AW-781808697');<\/script> <\/head>","protected":false},"excerpt":{"rendered":"<p>How Does BioLiNE\u00ae Help Leafy Vegetable Production? (Lettuce, herbs, spinach, arugula, swiss chard, etc.) Whether grown hydroponically or out in the field, BioLiNE\u00ae fulvic acid transports and assimilates nutrients, and other plant beneficial ingredients more efficiently. BioLiNE\u00ae products enhance crop health through their entire life-cycle from seeding to harvest. The BioLiNE\u00ae products supply electrolytes and [&hellip;]<\/p>\n","protected":false},"author":2,"featured_media":0,"parent":0,"menu_order":5,"comment_status":"closed","ping_status":"closed","template":"","meta":{"_monsterinsights_skip_tracking":false,"_monsterinsights_sitenote_active":false,"_monsterinsights_sitenote_note":"","_monsterinsights_sitenote_category":0,"footnotes":""},"class_list":["post-24083","page","type-page","status-publish","hentry"],"yoast_head":"<!-- This site is optimized with the Yoast SEO Premium plugin v27.3 (Yoast SEO v27.3) - https:\/\/yoast.com\/product\/yoast-seo-premium-wordpress\/ -->\n<title>Leafy Vegetables -<\/title>\n<meta name=\"description\" content=\"Whether grown hydroponically or out in the field, BioLiNE\u00ae transports nutrients, and other plant beneficial ingredients more efficiently.\" \/>\n<meta name=\"robots\" content=\"index, follow, max-snippet:-1, max-image-preview:large, max-video-preview:-1\" \/>\n<link rel=\"canonical\" href=\"https:\/\/biolinecorp.ca\/pt\/vegetais-de-folha\/\" \/>\n<meta property=\"og:locale\" content=\"pt_PT\" \/>\n<meta property=\"og:type\" content=\"article\" \/>\n<meta property=\"og:title\" content=\"Leafy Vegetables\" \/>\n<meta property=\"og:description\" content=\"Whether grown hydroponically or out in the field, BioLiNE\u00ae transports nutrients, and other plant beneficial ingredients more efficiently.\" \/>\n<meta property=\"og:url\" content=\"https:\/\/biolinecorp.ca\/pt\/vegetais-de-folha\/\" \/>\n<meta property=\"article:publisher\" content=\"https:\/\/www.facebook.com\/BiolineCorp\/\" \/>\n<meta property=\"article:modified_time\" content=\"2023-09-12T14:09:30+00:00\" \/>\n<meta property=\"og:image\" content=\"https:\/\/biolinecorp.ca\/wp-content\/uploads\/2022\/02\/Lettuce-Hydroponics-663x1024.png\" \/>\n<meta name=\"twitter:card\" content=\"summary_large_image\" \/>\n<meta name=\"twitter:site\" content=\"@BiolineCorp\" \/>\n<meta name=\"twitter:label1\" content=\"Tempo estimado de leitura\" \/>\n\t<meta name=\"twitter:data1\" content=\"3 minutos\" \/>\n<script type=\"application\/ld+json\" class=\"yoast-schema-graph\">{\"@context\":\"https:\\\/\\\/schema.org\",\"@graph\":[{\"@type\":\"WebPage\",\"@id\":\"https:\\\/\\\/biolinecorp.ca\\\/en_ca\\\/leafy-vegetables\\\/\",\"url\":\"https:\\\/\\\/biolinecorp.ca\\\/en_ca\\\/leafy-vegetables\\\/\",\"name\":\"Leafy Vegetables -\",\"isPartOf\":{\"@id\":\"https:\\\/\\\/biolinecorp.ca\\\/#website\"},\"primaryImageOfPage\":{\"@id\":\"https:\\\/\\\/biolinecorp.ca\\\/en_ca\\\/leafy-vegetables\\\/#primaryimage\"},\"image\":{\"@id\":\"https:\\\/\\\/biolinecorp.ca\\\/en_ca\\\/leafy-vegetables\\\/#primaryimage\"},\"thumbnailUrl\":\"https:\\\/\\\/biolinecorp.ca\\\/wp-content\\\/uploads\\\/2022\\\/02\\\/Lettuce-Hydroponics-663x1024.png\",\"datePublished\":\"2022-02-10T17:24:25+00:00\",\"dateModified\":\"2023-09-12T14:09:30+00:00\",\"description\":\"Whether grown hydroponically or out in the field, BioLiNE\u00ae transports nutrients, and other plant beneficial ingredients more efficiently.\",\"breadcrumb\":{\"@id\":\"https:\\\/\\\/biolinecorp.ca\\\/en_ca\\\/leafy-vegetables\\\/#breadcrumb\"},\"inLanguage\":\"pt-PT\",\"potentialAction\":[{\"@type\":\"ReadAction\",\"target\":[\"https:\\\/\\\/biolinecorp.ca\\\/en_ca\\\/leafy-vegetables\\\/\"]}]},{\"@type\":\"ImageObject\",\"inLanguage\":\"pt-PT\",\"@id\":\"https:\\\/\\\/biolinecorp.ca\\\/en_ca\\\/leafy-vegetables\\\/#primaryimage\",\"url\":\"https:\\\/\\\/biolinecorp.ca\\\/wp-content\\\/uploads\\\/2022\\\/02\\\/Lettuce-Hydroponics-663x1024.png\",\"contentUrl\":\"https:\\\/\\\/biolinecorp.ca\\\/wp-content\\\/uploads\\\/2022\\\/02\\\/Lettuce-Hydroponics-663x1024.png\"},{\"@type\":\"BreadcrumbList\",\"@id\":\"https:\\\/\\\/biolinecorp.ca\\\/en_ca\\\/leafy-vegetables\\\/#breadcrumb\",\"itemListElement\":[{\"@type\":\"ListItem\",\"position\":1,\"name\":\"Home\",\"item\":\"https:\\\/\\\/biolinecorp.ca\\\/en_ca\\\/\"},{\"@type\":\"ListItem\",\"position\":2,\"name\":\"Leafy Vegetables\"}]},{\"@type\":\"WebSite\",\"@id\":\"https:\\\/\\\/biolinecorp.ca\\\/#website\",\"url\":\"https:\\\/\\\/biolinecorp.ca\\\/\",\"name\":\"BioLine Corporation\",\"description\":\"\",\"publisher\":{\"@id\":\"https:\\\/\\\/biolinecorp.ca\\\/#organization\"},\"potentialAction\":[{\"@type\":\"SearchAction\",\"target\":{\"@type\":\"EntryPoint\",\"urlTemplate\":\"https:\\\/\\\/biolinecorp.ca\\\/?s={search_term_string}\"},\"query-input\":{\"@type\":\"PropertyValueSpecification\",\"valueRequired\":true,\"valueName\":\"search_term_string\"}}],\"inLanguage\":\"pt-PT\"},{\"@type\":\"Organization\",\"@id\":\"https:\\\/\\\/biolinecorp.ca\\\/#organization\",\"name\":\"Bioline Corporation\",\"url\":\"https:\\\/\\\/biolinecorp.ca\\\/\",\"logo\":{\"@type\":\"ImageObject\",\"inLanguage\":\"pt-PT\",\"@id\":\"https:\\\/\\\/biolinecorp.ca\\\/#\\\/schema\\\/logo\\\/image\\\/\",\"url\":\"https:\\\/\\\/biolinecorp.ca\\\/wp-content\\\/uploads\\\/2018\\\/02\\\/Bioline_logo.png\",\"contentUrl\":\"https:\\\/\\\/biolinecorp.ca\\\/wp-content\\\/uploads\\\/2018\\\/02\\\/Bioline_logo.png\",\"width\":667,\"height\":181,\"caption\":\"Bioline Corporation\"},\"image\":{\"@id\":\"https:\\\/\\\/biolinecorp.ca\\\/#\\\/schema\\\/logo\\\/image\\\/\"},\"sameAs\":[\"https:\\\/\\\/www.facebook.com\\\/BiolineCorp\\\/\",\"https:\\\/\\\/x.com\\\/BiolineCorp\",\"https:\\\/\\\/www.linkedin.com\\\/company\\\/bioline-corp\\\/\",\"https:\\\/\\\/www.youtube.com\\\/channel\\\/UCpD4bbIdegjthmdriZ2SAow\"]}]}<\/script>\n<!-- \/ Yoast SEO Premium plugin. -->","yoast_head_json":{"title":"Vegetais de folha -","description":"Quer seja cultivado hidroponicamente ou no campo, BioLiNE\u00ae transporta nutrientes e outros ingredientes ben\u00e9ficos para as plantas de forma mais eficiente.","robots":{"index":"index","follow":"follow","max-snippet":"max-snippet:-1","max-image-preview":"max-image-preview:large","max-video-preview":"max-video-preview:-1"},"canonical":"https:\/\/biolinecorp.ca\/pt\/vegetais-de-folha\/","og_locale":"pt_PT","og_type":"article","og_title":"Leafy Vegetables","og_description":"Whether grown hydroponically or out in the field, BioLiNE\u00ae transports nutrients, and other plant beneficial ingredients more efficiently.","og_url":"https:\/\/biolinecorp.ca\/pt\/vegetais-de-folha\/","article_publisher":"https:\/\/www.facebook.com\/BiolineCorp\/","article_modified_time":"2023-09-12T14:09:30+00:00","og_image":[{"url":"https:\/\/biolinecorp.ca\/wp-content\/uploads\/2022\/02\/Lettuce-Hydroponics-663x1024.png","type":"","width":"","height":""}],"twitter_card":"summary_large_image","twitter_site":"@BiolineCorp","twitter_misc":{"Tempo estimado de leitura":"3 minutos"},"schema":{"@context":"https:\/\/schema.org","@graph":[{"@type":"WebPage","@id":"https:\/\/biolinecorp.ca\/en_ca\/leafy-vegetables\/","url":"https:\/\/biolinecorp.ca\/en_ca\/leafy-vegetables\/","name":"Vegetais de folha -","isPartOf":{"@id":"https:\/\/biolinecorp.ca\/#website"},"primaryImageOfPage":{"@id":"https:\/\/biolinecorp.ca\/en_ca\/leafy-vegetables\/#primaryimage"},"image":{"@id":"https:\/\/biolinecorp.ca\/en_ca\/leafy-vegetables\/#primaryimage"},"thumbnailUrl":"https:\/\/biolinecorp.ca\/wp-content\/uploads\/2022\/02\/Lettuce-Hydroponics-663x1024.png","datePublished":"2022-02-10T17:24:25+00:00","dateModified":"2023-09-12T14:09:30+00:00","description":"Quer seja cultivado hidroponicamente ou no campo, BioLiNE\u00ae transporta nutrientes e outros ingredientes ben\u00e9ficos para as plantas de forma mais eficiente.","breadcrumb":{"@id":"https:\/\/biolinecorp.ca\/en_ca\/leafy-vegetables\/#breadcrumb"},"inLanguage":"pt-PT","potentialAction":[{"@type":"ReadAction","target":["https:\/\/biolinecorp.ca\/en_ca\/leafy-vegetables\/"]}]},{"@type":"ImageObject","inLanguage":"pt-PT","@id":"https:\/\/biolinecorp.ca\/en_ca\/leafy-vegetables\/#primaryimage","url":"https:\/\/biolinecorp.ca\/wp-content\/uploads\/2022\/02\/Lettuce-Hydroponics-663x1024.png","contentUrl":"https:\/\/biolinecorp.ca\/wp-content\/uploads\/2022\/02\/Lettuce-Hydroponics-663x1024.png"},{"@type":"BreadcrumbList","@id":"https:\/\/biolinecorp.ca\/en_ca\/leafy-vegetables\/#breadcrumb","itemListElement":[{"@type":"ListItem","position":1,"name":"Home","item":"https:\/\/biolinecorp.ca\/en_ca\/"},{"@type":"ListItem","position":2,"name":"Leafy Vegetables"}]},{"@type":"WebSite","@id":"https:\/\/biolinecorp.ca\/#website","url":"https:\/\/biolinecorp.ca\/","name":"BioLine Corporation","description":"","publisher":{"@id":"https:\/\/biolinecorp.ca\/#organization"},"potentialAction":[{"@type":"SearchAction","target":{"@type":"EntryPoint","urlTemplate":"https:\/\/biolinecorp.ca\/?s={search_term_string}"},"query-input":{"@type":"PropertyValueSpecification","valueRequired":true,"valueName":"search_term_string"}}],"inLanguage":"pt-PT"},{"@type":"Organization","@id":"https:\/\/biolinecorp.ca\/#organization","name":"Bioline Corporation","url":"https:\/\/biolinecorp.ca\/","logo":{"@type":"ImageObject","inLanguage":"pt-PT","@id":"https:\/\/biolinecorp.ca\/#\/schema\/logo\/image\/","url":"https:\/\/biolinecorp.ca\/wp-content\/uploads\/2018\/02\/Bioline_logo.png","contentUrl":"https:\/\/biolinecorp.ca\/wp-content\/uploads\/2018\/02\/Bioline_logo.png","width":667,"height":181,"caption":"Bioline Corporation"},"image":{"@id":"https:\/\/biolinecorp.ca\/#\/schema\/logo\/image\/"},"sameAs":["https:\/\/www.facebook.com\/BiolineCorp\/","https:\/\/x.com\/BiolineCorp","https:\/\/www.linkedin.com\/company\/bioline-corp\/","https:\/\/www.youtube.com\/channel\/UCpD4bbIdegjthmdriZ2SAow"]}]}},"_links":{"self":[{"href":"https:\/\/biolinecorp.ca\/pt\/wp-json\/wp\/v2\/pages\/24083","targetHints":{"allow":["GET"]}}],"collection":[{"href":"https:\/\/biolinecorp.ca\/pt\/wp-json\/wp\/v2\/pages"}],"about":[{"href":"https:\/\/biolinecorp.ca\/pt\/wp-json\/wp\/v2\/types\/page"}],"author":[{"embeddable":true,"href":"https:\/\/biolinecorp.ca\/pt\/wp-json\/wp\/v2\/users\/2"}],"replies":[{"embeddable":true,"href":"https:\/\/biolinecorp.ca\/pt\/wp-json\/wp\/v2\/comments?post=24083"}],"version-history":[{"count":0,"href":"https:\/\/biolinecorp.ca\/pt\/wp-json\/wp\/v2\/pages\/24083\/revisions"}],"wp:attachment":[{"href":"https:\/\/biolinecorp.ca\/pt\/wp-json\/wp\/v2\/media?parent=24083"}],"curies":[{"name":"wp","href":"https:\/\/api.w.org\/{rel}","templated":true}]}}