{"id":24081,"date":"2022-02-10T12:24:00","date_gmt":"2022-02-10T17:24:00","guid":{"rendered":"https:\/\/biolinecorp.ca\/?page_id=24081"},"modified":"2023-09-13T15:06:07","modified_gmt":"2023-09-13T19:06:07","slug":"bulb-vegetables","status":"publish","type":"page","link":"https:\/\/biolinecorp.ca\/pt\/legumes-de-bolbo\/","title":{"rendered":"Legumes de bolbo"},"content":{"rendered":"<div style=\"height:50px\" aria-hidden=\"true\" class=\"wp-block-spacer\"><\/div>\n\n\n\n<h3 class=\"wp-block-heading has-large-font-size\" id=\"h-how-does-bioline-help-bulb-vegetable-production\">Como \u00e9 que BioLiNE<strong><sup>\u00ae<\/sup><\/strong> Ajudar a Produ\u00e7\u00e3o de Vegetais Bulbo?<\/h3>\n\n\n\n<h4 class=\"wp-block-heading\" id=\"h-fennel-garlic-leeks-onions-shallots-and-spring-onions\">(Funcho, alho franc\u00eas, alho franc\u00eas, cebola, chalota e cebolinha)<\/h4>\n\n\n\n<div style=\"height:25px\" aria-hidden=\"true\" class=\"wp-block-spacer\"><\/div>\n\n\n\n<p>Para que as plantas utilizem os minerais e os nutrientes, n\u00e3o basta t\u00ea-los no solo. O transporte eficaz de nutrientes atrav\u00e9s do solo para as ra\u00edzes e para a planta depende de muitos factores, incluindo a humidade do solo, a mobilidade dos nutrientes, a concentra\u00e7\u00e3o e a biodisponibilidade dos nutrientes e a estrutura do solo. Al\u00e9m disso, tal como descrito no gr\u00e1fico de Mulder, muitos nutrientes t\u00eam uma intera\u00e7\u00e3o antag\u00f3nica no solo que limita severamente a capacidade da planta para os utilizar. Os produtos BioLiNE s\u00e3o os \"camionistas\" de nutrientes e minerais. Os produtos BioLiNE\u00ae tamb\u00e9m atenuam os problemas de transporte e desequil\u00edbrio de nutrientes. Isto \u00e9 feito atrav\u00e9s da troca cont\u00ednua de nutrientes na solu\u00e7\u00e3o do solo, entre micr\u00f3bios, part\u00edculas do solo e ra\u00edzes das plantas, garantindo que os nutrientes de que a planta necessita sejam entregues \u00e0s ra\u00edzes e prontamente transportados para a planta.<\/p>\n\n\n\n<div style=\"height:25px\" aria-hidden=\"true\" class=\"wp-block-spacer\"><\/div>\n\n\n\n<div class=\"wp-block-columns is-layout-flex wp-container-core-columns-is-layout-9d6595d7 wp-block-columns-is-layout-flex\">\n<div class=\"wp-block-column is-layout-flow wp-block-column-is-layout-flow\" style=\"flex-basis:66.66%\">\n<ol class=\"wp-block-list\">\n<li><strong>Guia Foliar de Hor\u00e1rios:<\/strong> Aplicar BioLiNE\u00ae a 500mL\/acre. \u00c9 melhor aplicar com cada aplica\u00e7\u00e3o foliar de insecticidas e\/ou fungicidas ao longo de toda a esta\u00e7\u00e3o.<\/li>\n\n\n\n<li><strong>Irriga\u00e7\u00e3o por gotejamento:<\/strong> Aplicar BioLiNE\u00ae a 500mL\/acre a partir de 2 semanas ap\u00f3s a fixa\u00e7\u00e3o ou at\u00e9 \u00e0 quarta fase de \"alho-porro\" das folhas com outros nutrientes.<\/li>\n\n\n\n<li><strong>Tempos Chave:<\/strong> Aplicar BioLiNE a 500mL\/acre a cada 7-10 dias antes de 3-5 folhas. Continuar atrav\u00e9s de 8-13 folhas no in\u00edcio do bulbo, quando as plantas atingem a sua altura m\u00e1xima. Pode ser aplicado com pesticidas e outros nutrientes.<\/li>\n<\/ol>\n<\/div>\n\n\n\n<div class=\"wp-block-column is-vertically-aligned-center is-layout-flow wp-block-column-is-layout-flow\" style=\"flex-basis:33.33%\">\n<div class=\"wp-block-buttons is-content-justification-center is-layout-flex wp-container-core-buttons-is-layout-16018d1d wp-block-buttons-is-layout-flex\">\n<div class=\"wp-block-button aligncenter\"><a class=\"wp-block-button__link wp-element-button\" href=\"https:\/\/biolinecorp.ca\/wp-content\/uploads\/2022\/09\/20220404-Bulb-Vegetables-Handout-V1.pdf\" target=\"_blank\" rel=\"noreferrer noopener\">Folha de Apoio a Vegetais Bulbo<\/a><\/div>\n<\/div>\n<\/div>\n<\/div>\n\n\n\n<div style=\"height:50px\" aria-hidden=\"true\" class=\"wp-block-spacer\"><\/div>\n\n\n<div class=\"w-heading heading-9 text-left\">\n    <div class=\"w-wrapper\">\n                 \n        <h2>           \n            <span>Resultados do ensaio<\/span>        <\/h2>\n                    <\/div>\n<\/div>\n\n\n\n<head><!-- Global site tag (gtag.js) - Google Ads: 781808697 --> <script async src=\"https:\/\/www.googletagmanager.com\/gtag\/js?id=AW-781808697\"><\/script> <script> window.dataLayer = window.dataLayer || []; function gtag(){dataLayer.push(arguments);} gtag('js', new Date()); gtag('config', 'AW-781808697'); gtag('config', 'AW-781808697');<\/script> <\/head>","protected":false},"excerpt":{"rendered":"<p>How Does BioLiNE\u00ae Help Bulb Vegetable Production? (Fennel, garlic, leeks, onions, shallots, and spring onions) For plants to use minerals and nutrients, just having them in the soil is not enough. Effective nutrient transport through the soil to the roots and into the plant depends on many factors including soil moisture, the mobility of the [&hellip;]<\/p>\n","protected":false},"author":2,"featured_media":0,"parent":0,"menu_order":11,"comment_status":"closed","ping_status":"closed","template":"","meta":{"_monsterinsights_skip_tracking":false,"_monsterinsights_sitenote_active":false,"_monsterinsights_sitenote_note":"","_monsterinsights_sitenote_category":0,"footnotes":""},"class_list":["post-24081","page","type-page","status-publish","hentry"],"yoast_head":"<!-- This site is optimized with the Yoast SEO Premium plugin v27.3 (Yoast SEO v27.3) - https:\/\/yoast.com\/product\/yoast-seo-premium-wordpress\/ -->\n<title>Bulb Vegetables -<\/title>\n<meta name=\"description\" content=\"BioLiNE products are the \u201ctruckers\u201d of nutrients and minerals. BioLiNE\u00ae products mitigate issues of transport and nutrient imbalance.\" \/>\n<meta name=\"robots\" content=\"index, follow, max-snippet:-1, max-image-preview:large, max-video-preview:-1\" \/>\n<link rel=\"canonical\" href=\"https:\/\/biolinecorp.ca\/pt\/legumes-de-bolbo\/\" \/>\n<meta property=\"og:locale\" content=\"pt_PT\" \/>\n<meta property=\"og:type\" content=\"article\" \/>\n<meta property=\"og:title\" content=\"Bulb Vegetables\" \/>\n<meta property=\"og:description\" content=\"BioLiNE products are the \u201ctruckers\u201d of nutrients and minerals. BioLiNE\u00ae products mitigate issues of transport and nutrient imbalance.\" \/>\n<meta property=\"og:url\" content=\"https:\/\/biolinecorp.ca\/pt\/legumes-de-bolbo\/\" \/>\n<meta property=\"article:publisher\" content=\"https:\/\/www.facebook.com\/BiolineCorp\/\" \/>\n<meta property=\"article:modified_time\" content=\"2023-09-13T19:06:07+00:00\" \/>\n<meta name=\"twitter:card\" content=\"summary_large_image\" \/>\n<meta name=\"twitter:site\" content=\"@BiolineCorp\" \/>\n<meta name=\"twitter:label1\" content=\"Tempo estimado de leitura\" \/>\n\t<meta name=\"twitter:data1\" content=\"2 minutos\" \/>\n<script type=\"application\/ld+json\" class=\"yoast-schema-graph\">{\"@context\":\"https:\\\/\\\/schema.org\",\"@graph\":[{\"@type\":\"WebPage\",\"@id\":\"https:\\\/\\\/biolinecorp.ca\\\/en_ca\\\/bulb-vegetables\\\/\",\"url\":\"https:\\\/\\\/biolinecorp.ca\\\/en_ca\\\/bulb-vegetables\\\/\",\"name\":\"Bulb Vegetables -\",\"isPartOf\":{\"@id\":\"https:\\\/\\\/biolinecorp.ca\\\/#website\"},\"datePublished\":\"2022-02-10T17:24:00+00:00\",\"dateModified\":\"2023-09-13T19:06:07+00:00\",\"description\":\"BioLiNE products are the \u201ctruckers\u201d of nutrients and minerals. BioLiNE\u00ae products mitigate issues of transport and nutrient imbalance.\",\"breadcrumb\":{\"@id\":\"https:\\\/\\\/biolinecorp.ca\\\/en_ca\\\/bulb-vegetables\\\/#breadcrumb\"},\"inLanguage\":\"pt-PT\",\"potentialAction\":[{\"@type\":\"ReadAction\",\"target\":[\"https:\\\/\\\/biolinecorp.ca\\\/en_ca\\\/bulb-vegetables\\\/\"]}]},{\"@type\":\"BreadcrumbList\",\"@id\":\"https:\\\/\\\/biolinecorp.ca\\\/en_ca\\\/bulb-vegetables\\\/#breadcrumb\",\"itemListElement\":[{\"@type\":\"ListItem\",\"position\":1,\"name\":\"Home\",\"item\":\"https:\\\/\\\/biolinecorp.ca\\\/en_ca\\\/\"},{\"@type\":\"ListItem\",\"position\":2,\"name\":\"Bulb Vegetables\"}]},{\"@type\":\"WebSite\",\"@id\":\"https:\\\/\\\/biolinecorp.ca\\\/#website\",\"url\":\"https:\\\/\\\/biolinecorp.ca\\\/\",\"name\":\"BioLine Corporation\",\"description\":\"\",\"publisher\":{\"@id\":\"https:\\\/\\\/biolinecorp.ca\\\/#organization\"},\"potentialAction\":[{\"@type\":\"SearchAction\",\"target\":{\"@type\":\"EntryPoint\",\"urlTemplate\":\"https:\\\/\\\/biolinecorp.ca\\\/?s={search_term_string}\"},\"query-input\":{\"@type\":\"PropertyValueSpecification\",\"valueRequired\":true,\"valueName\":\"search_term_string\"}}],\"inLanguage\":\"pt-PT\"},{\"@type\":\"Organization\",\"@id\":\"https:\\\/\\\/biolinecorp.ca\\\/#organization\",\"name\":\"Bioline Corporation\",\"url\":\"https:\\\/\\\/biolinecorp.ca\\\/\",\"logo\":{\"@type\":\"ImageObject\",\"inLanguage\":\"pt-PT\",\"@id\":\"https:\\\/\\\/biolinecorp.ca\\\/#\\\/schema\\\/logo\\\/image\\\/\",\"url\":\"https:\\\/\\\/biolinecorp.ca\\\/wp-content\\\/uploads\\\/2018\\\/02\\\/Bioline_logo.png\",\"contentUrl\":\"https:\\\/\\\/biolinecorp.ca\\\/wp-content\\\/uploads\\\/2018\\\/02\\\/Bioline_logo.png\",\"width\":667,\"height\":181,\"caption\":\"Bioline Corporation\"},\"image\":{\"@id\":\"https:\\\/\\\/biolinecorp.ca\\\/#\\\/schema\\\/logo\\\/image\\\/\"},\"sameAs\":[\"https:\\\/\\\/www.facebook.com\\\/BiolineCorp\\\/\",\"https:\\\/\\\/x.com\\\/BiolineCorp\",\"https:\\\/\\\/www.linkedin.com\\\/company\\\/bioline-corp\\\/\",\"https:\\\/\\\/www.youtube.com\\\/channel\\\/UCpD4bbIdegjthmdriZ2SAow\"]}]}<\/script>\n<!-- \/ Yoast SEO Premium plugin. -->","yoast_head_json":{"title":"Legumes de bolbo -","description":"Os produtos BioLiNE s\u00e3o os \"camionistas\" de nutrientes e minerais. Os produtos BioLiNE\u00ae atenuam os problemas de transporte e de desequil\u00edbrio de nutrientes.","robots":{"index":"index","follow":"follow","max-snippet":"max-snippet:-1","max-image-preview":"max-image-preview:large","max-video-preview":"max-video-preview:-1"},"canonical":"https:\/\/biolinecorp.ca\/pt\/legumes-de-bolbo\/","og_locale":"pt_PT","og_type":"article","og_title":"Bulb Vegetables","og_description":"BioLiNE products are the \u201ctruckers\u201d of nutrients and minerals. BioLiNE\u00ae products mitigate issues of transport and nutrient imbalance.","og_url":"https:\/\/biolinecorp.ca\/pt\/legumes-de-bolbo\/","article_publisher":"https:\/\/www.facebook.com\/BiolineCorp\/","article_modified_time":"2023-09-13T19:06:07+00:00","twitter_card":"summary_large_image","twitter_site":"@BiolineCorp","twitter_misc":{"Tempo estimado de leitura":"2 minutos"},"schema":{"@context":"https:\/\/schema.org","@graph":[{"@type":"WebPage","@id":"https:\/\/biolinecorp.ca\/en_ca\/bulb-vegetables\/","url":"https:\/\/biolinecorp.ca\/en_ca\/bulb-vegetables\/","name":"Legumes de bolbo -","isPartOf":{"@id":"https:\/\/biolinecorp.ca\/#website"},"datePublished":"2022-02-10T17:24:00+00:00","dateModified":"2023-09-13T19:06:07+00:00","description":"Os produtos BioLiNE s\u00e3o os \"camionistas\" de nutrientes e minerais. Os produtos BioLiNE\u00ae atenuam os problemas de transporte e de desequil\u00edbrio de nutrientes.","breadcrumb":{"@id":"https:\/\/biolinecorp.ca\/en_ca\/bulb-vegetables\/#breadcrumb"},"inLanguage":"pt-PT","potentialAction":[{"@type":"ReadAction","target":["https:\/\/biolinecorp.ca\/en_ca\/bulb-vegetables\/"]}]},{"@type":"BreadcrumbList","@id":"https:\/\/biolinecorp.ca\/en_ca\/bulb-vegetables\/#breadcrumb","itemListElement":[{"@type":"ListItem","position":1,"name":"Home","item":"https:\/\/biolinecorp.ca\/en_ca\/"},{"@type":"ListItem","position":2,"name":"Bulb Vegetables"}]},{"@type":"WebSite","@id":"https:\/\/biolinecorp.ca\/#website","url":"https:\/\/biolinecorp.ca\/","name":"BioLine Corporation","description":"","publisher":{"@id":"https:\/\/biolinecorp.ca\/#organization"},"potentialAction":[{"@type":"SearchAction","target":{"@type":"EntryPoint","urlTemplate":"https:\/\/biolinecorp.ca\/?s={search_term_string}"},"query-input":{"@type":"PropertyValueSpecification","valueRequired":true,"valueName":"search_term_string"}}],"inLanguage":"pt-PT"},{"@type":"Organization","@id":"https:\/\/biolinecorp.ca\/#organization","name":"Bioline Corporation","url":"https:\/\/biolinecorp.ca\/","logo":{"@type":"ImageObject","inLanguage":"pt-PT","@id":"https:\/\/biolinecorp.ca\/#\/schema\/logo\/image\/","url":"https:\/\/biolinecorp.ca\/wp-content\/uploads\/2018\/02\/Bioline_logo.png","contentUrl":"https:\/\/biolinecorp.ca\/wp-content\/uploads\/2018\/02\/Bioline_logo.png","width":667,"height":181,"caption":"Bioline Corporation"},"image":{"@id":"https:\/\/biolinecorp.ca\/#\/schema\/logo\/image\/"},"sameAs":["https:\/\/www.facebook.com\/BiolineCorp\/","https:\/\/x.com\/BiolineCorp","https:\/\/www.linkedin.com\/company\/bioline-corp\/","https:\/\/www.youtube.com\/channel\/UCpD4bbIdegjthmdriZ2SAow"]}]}},"_links":{"self":[{"href":"https:\/\/biolinecorp.ca\/pt\/wp-json\/wp\/v2\/pages\/24081","targetHints":{"allow":["GET"]}}],"collection":[{"href":"https:\/\/biolinecorp.ca\/pt\/wp-json\/wp\/v2\/pages"}],"about":[{"href":"https:\/\/biolinecorp.ca\/pt\/wp-json\/wp\/v2\/types\/page"}],"author":[{"embeddable":true,"href":"https:\/\/biolinecorp.ca\/pt\/wp-json\/wp\/v2\/users\/2"}],"replies":[{"embeddable":true,"href":"https:\/\/biolinecorp.ca\/pt\/wp-json\/wp\/v2\/comments?post=24081"}],"version-history":[{"count":0,"href":"https:\/\/biolinecorp.ca\/pt\/wp-json\/wp\/v2\/pages\/24081\/revisions"}],"wp:attachment":[{"href":"https:\/\/biolinecorp.ca\/pt\/wp-json\/wp\/v2\/media?parent=24081"}],"curies":[{"name":"wp","href":"https:\/\/api.w.org\/{rel}","templated":true}]}}