{"id":24079,"date":"2022-02-10T12:23:33","date_gmt":"2022-02-10T17:23:33","guid":{"rendered":"https:\/\/biolinecorp.ca\/?page_id=24079"},"modified":"2023-09-14T09:33:36","modified_gmt":"2023-09-14T13:33:36","slug":"root-and-tuber","status":"publish","type":"page","link":"https:\/\/biolinecorp.ca\/pt\/raizes-e-tuberculos\/","title":{"rendered":"Raiz e Tub\u00e9rculo"},"content":{"rendered":"<div style=\"height:50px\" aria-hidden=\"true\" class=\"wp-block-spacer\"><\/div>\n\n\n\n<h3 class=\"wp-block-heading has-large-font-size\" id=\"h-how-does-bioline-nbsp-help-root-and-tuber-plant-production\">Como \u00e9 que BioLiNE<strong><sup>\u00ae<\/sup><\/strong>&nbsp;Ajudar a produ\u00e7\u00e3o de plantas de raiz e tub\u00e9rculos?<\/h3>\n\n\n\n<h4 class=\"wp-block-heading\" id=\"h-carrots-potatoes-beets-sweet-potatoes-yams-and-cassava\">(Cenouras, batatas, beterrabas, batata doce, inhame e mandioca)<\/h4>\n\n\n\n<div style=\"height:25px\" aria-hidden=\"true\" class=\"wp-block-spacer\"><\/div>\n\n\n\n<p>BioLiNE's <a href=\"https:\/\/biolinecorp.ca\/pt\/a-nossa-tecnologia-2\/\" target=\"_blank\" rel=\"noreferrer noopener\">tecnologia<\/a> melhora drasticamente o transporte e a assimila\u00e7\u00e3o de nutrientes e outros compostos ben\u00e9ficos para as plantas. BioLiNE<strong><sup>\u00ae<\/sup><\/strong> <a href=\"https:\/\/biolinecorp.ca\/pt\/os-nossos-produtos-2\/\" target=\"_blank\" rel=\"noreferrer noopener\">produtos<\/a> s\u00e3o os \"camionistas\" de nutrientes e minerais. Atrav\u00e9s de um processo de <a href=\"https:\/\/biolinecorp.ca\/pt\/a-nossa-tecnologia-2\/\" target=\"_blank\" rel=\"noreferrer noopener\">Nutriente din\u00e2mico Exchange\u2122<\/a>BioLiNE<strong><sup>\u00ae<\/sup><\/strong> atenuam os problemas de transporte e de desequil\u00edbrio dos nutrientes. Fazem-no atrav\u00e9s da troca cont\u00ednua de nutrientes na solu\u00e7\u00e3o do solo, entre micr\u00f3bios, part\u00edculas do solo e ra\u00edzes das plantas. Isto assegura que os nutrientes de que a planta necessita s\u00e3o entregues \u00e0s ra\u00edzes e prontamente transportados para a planta. BioLiNE<strong><sup>\u00ae<\/sup><\/strong>&nbsp;A tecnologia pode ser aplicada em v\u00e1rias fases do desenvolvimento das culturas de ra\u00edzes e tub\u00e9rculos. <\/p>\n\n\n\n<p>Exemplo de programa de raiz e tub\u00e9rculo:<\/p>\n\n\n\n<div class=\"wp-block-columns is-layout-flex wp-container-core-columns-is-layout-9d6595d7 wp-block-columns-is-layout-flex\">\n<div class=\"wp-block-column is-layout-flow wp-block-column-is-layout-flow\" style=\"flex-basis:66.66%\">\n<ol class=\"wp-block-list\">\n<li><strong>Etapa 1:<\/strong> misturado no tanque com fertilizante l\u00edquido para aplica\u00e7\u00f5es no sulco a 1 L (32 oz) por acre<\/li>\n\n\n\n<li><strong>Etapa 2:<\/strong> misturado no tanque com herbicida ou outros nutrientes a 500 ml (17 oz) por acre<\/li>\n\n\n\n<li><strong>Etapa 3:<\/strong> misturado no tanque com fungicida ou outros nutrientes a 250 mL (8 oz) por acre a cada duas semanas<\/li>\n<\/ol>\n<\/div>\n\n\n\n<div class=\"wp-block-column is-layout-flow wp-block-column-is-layout-flow\" style=\"flex-basis:33.33%\">\n<div class=\"wp-block-buttons is-content-justification-center is-layout-flex wp-container-core-buttons-is-layout-16018d1d wp-block-buttons-is-layout-flex\">\n<div class=\"wp-block-button\"><a class=\"wp-block-button__link wp-element-button\" href=\"https:\/\/biolinecorp.ca\/wp-content\/uploads\/2023\/09\/20230814-BioLiNE-Potato.pdf\" target=\"_blank\" rel=\"noreferrer noopener\">Folha de Apoio \u00e0 Batata<\/a><\/div>\n<\/div>\n\n\n\n<div style=\"height:10px\" aria-hidden=\"true\" class=\"wp-block-spacer\"><\/div>\n\n\n\n<div class=\"wp-block-buttons is-content-justification-center is-layout-flex wp-container-core-buttons-is-layout-16018d1d wp-block-buttons-is-layout-flex\">\n<div class=\"wp-block-button aligncenter\"><a class=\"wp-block-button__link wp-element-button\" href=\"https:\/\/biolinecorp.ca\/wp-content\/uploads\/2022\/03\/20200227-Nutrient-Use-Effeciency-Fact-Sheet-v2-print.pdf\" target=\"_blank\" rel=\"noreferrer noopener\">Folha de Apoio \u00e0 Efici\u00eancia na Utiliza\u00e7\u00e3o de Nutrientes<\/a><\/div>\n<\/div>\n<\/div>\n<\/div>\n\n\n\n<div style=\"height:50px\" aria-hidden=\"true\" class=\"wp-block-spacer\"><\/div>\n\n\n<div class=\"w-heading heading-9 text-left\">\n    <div class=\"w-wrapper\">\n                 \n        <h2>           \n            <span>Resultados do ensaio<\/span>        <\/h2>\n                    <\/div>\n<\/div>\n\n\n\n<div style=\"height:25px\" aria-hidden=\"true\" class=\"wp-block-spacer\"><\/div>\n\n\n\n<h2 class=\"wp-block-heading\" id=\"h-2020-potato-trials-florida\">Ensaios da batata 2020 - Florida<\/h2>\n\n\n\n<div style=\"height:25px\" aria-hidden=\"true\" class=\"wp-block-spacer\"><\/div>\n\n\n\n<p>Sem fertilidade adicional, as plantas de controlo produziram um total de 24 batatas e plantas tratadas com BioLiNE<strong><sup>\u00ae<\/sup><\/strong> produziu um total de 38 batatas (aumento de rendimento de 58,3%). Quando tratado com fertilizante, o rendimento aumentou para 81 batatas, no entanto, quando o fertilizante foi adicionado com BioLiNE<strong><sup>\u00ae<\/sup><\/strong>Com o BioLiNE, o rendimento aumentou para 90 batatas (aumento de rendimento de 12,5%). A massa total das batatas colhidas tamb\u00e9m aumentou de 5,96kg para 7,99kg quando tratadas com BioLiNE<strong><sup>\u00ae<\/sup><\/strong> (34,1% aumento). <\/p>\n\n\n\n<div style=\"height:20px\" aria-hidden=\"true\" class=\"wp-block-spacer\"><\/div>\n\n\n\n<div class=\"wp-block-columns is-layout-flex wp-container-core-columns-is-layout-9d6595d7 wp-block-columns-is-layout-flex\">\n<div class=\"wp-block-column is-layout-flow wp-block-column-is-layout-flow\">\n<figure class=\"wp-block-image size-full is-style-default\"><img decoding=\"async\" width=\"836\" height=\"437\" src=\"https:\/\/biolinecorp.ca\/wp-content\/uploads\/2022\/03\/Potato-1-e1646317817658.jpg\" alt=\"Batatas sem nutrientes.\" class=\"wp-image-25181\" srcset=\"https:\/\/biolinecorp.ca\/wp-content\/uploads\/2022\/03\/Potato-1-e1646317817658.jpg 836w, https:\/\/biolinecorp.ca\/wp-content\/uploads\/2022\/03\/Potato-1-e1646317817658-600x314.jpg 600w, https:\/\/biolinecorp.ca\/wp-content\/uploads\/2022\/03\/Potato-1-e1646317817658-768x401.jpg 768w, https:\/\/biolinecorp.ca\/wp-content\/uploads\/2022\/03\/Potato-1-e1646317817658-640x335.jpg 640w\" sizes=\"(max-width: 836px) 100vw, 836px\" \/><figcaption class=\"wp-element-caption\">Controlo - nenhum fertilizante (24 batatas)<\/figcaption><\/figure>\n<\/div>\n\n\n\n<div class=\"wp-block-column is-layout-flow wp-block-column-is-layout-flow\">\n<figure class=\"wp-block-image size-full is-style-default\"><img decoding=\"async\" width=\"756\" height=\"396\" src=\"https:\/\/biolinecorp.ca\/wp-content\/uploads\/2022\/03\/Potato-2-e1646317694417.jpg\" alt=\"Batatas tratadas com BioLiNE Gold e sem nutriente.\" class=\"wp-image-25182\" srcset=\"https:\/\/biolinecorp.ca\/wp-content\/uploads\/2022\/03\/Potato-2-e1646317694417.jpg 756w, https:\/\/biolinecorp.ca\/wp-content\/uploads\/2022\/03\/Potato-2-e1646317694417-600x314.jpg 600w, https:\/\/biolinecorp.ca\/wp-content\/uploads\/2022\/03\/Potato-2-e1646317694417-640x335.jpg 640w\" sizes=\"(max-width: 756px) 100vw, 756px\" \/><figcaption class=\"wp-element-caption\">BioLiNE<strong><sup>\u00ae<\/sup><\/strong> - sem adubo (38 batatas)<\/figcaption><\/figure>\n<\/div>\n\n\n\n<div class=\"wp-block-column is-layout-flow wp-block-column-is-layout-flow\">\n<figure class=\"wp-block-image size-full is-style-default\"><img decoding=\"async\" width=\"836\" height=\"441\" src=\"https:\/\/biolinecorp.ca\/wp-content\/uploads\/2022\/03\/Potato-3-1-e1646316690109.jpg\" alt=\"Batatas com todos os nutrientes.\" class=\"wp-image-25198\" srcset=\"https:\/\/biolinecorp.ca\/wp-content\/uploads\/2022\/03\/Potato-3-1-e1646316690109.jpg 836w, https:\/\/biolinecorp.ca\/wp-content\/uploads\/2022\/03\/Potato-3-1-e1646316690109-600x317.jpg 600w, https:\/\/biolinecorp.ca\/wp-content\/uploads\/2022\/03\/Potato-3-1-e1646316690109-768x405.jpg 768w, https:\/\/biolinecorp.ca\/wp-content\/uploads\/2022\/03\/Potato-3-1-e1646316690109-640x338.jpg 640w\" sizes=\"(max-width: 836px) 100vw, 836px\" \/><figcaption class=\"wp-element-caption\">Controlo - fertilizante completo (81 batatas)<\/figcaption><\/figure>\n<\/div>\n\n\n\n<div class=\"wp-block-column is-layout-flow wp-block-column-is-layout-flow\">\n<figure class=\"wp-block-image size-full is-style-default\"><img decoding=\"async\" width=\"956\" height=\"504\" src=\"https:\/\/biolinecorp.ca\/wp-content\/uploads\/2022\/03\/Potato-4-e1646315924963.jpg\" alt=\"Batatas tratadas com BioLiNE Gold e nutrientes completos.\" class=\"wp-image-25184\" srcset=\"https:\/\/biolinecorp.ca\/wp-content\/uploads\/2022\/03\/Potato-4-e1646315924963.jpg 956w, https:\/\/biolinecorp.ca\/wp-content\/uploads\/2022\/03\/Potato-4-e1646315924963-600x316.jpg 600w, https:\/\/biolinecorp.ca\/wp-content\/uploads\/2022\/03\/Potato-4-e1646315924963-768x405.jpg 768w, https:\/\/biolinecorp.ca\/wp-content\/uploads\/2022\/03\/Potato-4-e1646315924963-640x337.jpg 640w\" sizes=\"(max-width: 956px) 100vw, 956px\" \/><figcaption class=\"wp-element-caption\">BioLiNE<strong><sup>\u00ae<\/sup><\/strong> + fertilizante completo (90 batatas)<\/figcaption><\/figure>\n<\/div>\n<\/div>\n\n\n\n<head><!-- Global site tag (gtag.js) - Google Ads: 781808697 --> <script async src=\"https:\/\/www.googletagmanager.com\/gtag\/js?id=AW-781808697\"><\/script> <script> window.dataLayer = window.dataLayer || []; function gtag(){dataLayer.push(arguments);} gtag('js', new Date()); gtag('config', 'AW-781808697'); gtag('config', 'AW-781808697');<\/script> <\/head>","protected":false},"excerpt":{"rendered":"<p>How Does BioLiNE\u00ae&nbsp;Help Root and Tuber Plant Production? (Carrots, potatoes, beets, sweet potatoes, yams, and cassava) BioLiNE\u2019s technology drastically improves the transport and assimilation of nutrients and other plant beneficial compounds. BioLiNE\u00ae products are the \u201ctruckers\u201d of nutrients and minerals. Through a process of Dynamic Nutrient Exchange\u2122, BioLiNE\u00ae products mitigate issues of transport and nutrient [&hellip;]<\/p>\n","protected":false},"author":2,"featured_media":0,"parent":0,"menu_order":12,"comment_status":"closed","ping_status":"closed","template":"","meta":{"_monsterinsights_skip_tracking":false,"_monsterinsights_sitenote_active":false,"_monsterinsights_sitenote_note":"","_monsterinsights_sitenote_category":0,"footnotes":""},"class_list":["post-24079","page","type-page","status-publish","hentry"],"yoast_head":"<!-- This site is optimized with the Yoast SEO Premium plugin v27.3 (Yoast SEO v27.3) - https:\/\/yoast.com\/product\/yoast-seo-premium-wordpress\/ -->\n<title>Root and Tuber -<\/title>\n<meta name=\"description\" content=\"BioLiNE\u00ae products mitigate issues of transport and nutrient imbalance by continually exchanging nutrients in the soil solution.\" \/>\n<meta name=\"robots\" content=\"index, follow, max-snippet:-1, max-image-preview:large, max-video-preview:-1\" \/>\n<link rel=\"canonical\" href=\"https:\/\/biolinecorp.ca\/pt\/raizes-e-tuberculos\/\" \/>\n<meta property=\"og:locale\" content=\"pt_PT\" \/>\n<meta property=\"og:type\" content=\"article\" \/>\n<meta property=\"og:title\" content=\"Root and Tuber\" \/>\n<meta property=\"og:description\" content=\"BioLiNE\u00ae products mitigate issues of transport and nutrient imbalance by continually exchanging nutrients in the soil solution.\" \/>\n<meta property=\"og:url\" content=\"https:\/\/biolinecorp.ca\/pt\/raizes-e-tuberculos\/\" \/>\n<meta property=\"article:publisher\" content=\"https:\/\/www.facebook.com\/BiolineCorp\/\" \/>\n<meta property=\"article:modified_time\" content=\"2023-09-14T13:33:36+00:00\" \/>\n<meta property=\"og:image\" content=\"https:\/\/biolinecorp.ca\/wp-content\/uploads\/2022\/03\/Potato-1-e1646317817658.jpg\" \/>\n<meta name=\"twitter:card\" content=\"summary_large_image\" \/>\n<meta name=\"twitter:site\" content=\"@BiolineCorp\" \/>\n<meta name=\"twitter:label1\" content=\"Tempo estimado de leitura\" \/>\n\t<meta name=\"twitter:data1\" content=\"3 minutos\" \/>\n<script type=\"application\/ld+json\" class=\"yoast-schema-graph\">{\"@context\":\"https:\\\/\\\/schema.org\",\"@graph\":[{\"@type\":\"WebPage\",\"@id\":\"https:\\\/\\\/biolinecorp.ca\\\/en_ca\\\/root-and-tuber\\\/\",\"url\":\"https:\\\/\\\/biolinecorp.ca\\\/en_ca\\\/root-and-tuber\\\/\",\"name\":\"Root and Tuber -\",\"isPartOf\":{\"@id\":\"https:\\\/\\\/biolinecorp.ca\\\/#website\"},\"primaryImageOfPage\":{\"@id\":\"https:\\\/\\\/biolinecorp.ca\\\/en_ca\\\/root-and-tuber\\\/#primaryimage\"},\"image\":{\"@id\":\"https:\\\/\\\/biolinecorp.ca\\\/en_ca\\\/root-and-tuber\\\/#primaryimage\"},\"thumbnailUrl\":\"https:\\\/\\\/biolinecorp.ca\\\/wp-content\\\/uploads\\\/2022\\\/03\\\/Potato-1-e1646317817658.jpg\",\"datePublished\":\"2022-02-10T17:23:33+00:00\",\"dateModified\":\"2023-09-14T13:33:36+00:00\",\"description\":\"BioLiNE\u00ae products mitigate issues of transport and nutrient imbalance by continually exchanging nutrients in the soil solution.\",\"breadcrumb\":{\"@id\":\"https:\\\/\\\/biolinecorp.ca\\\/en_ca\\\/root-and-tuber\\\/#breadcrumb\"},\"inLanguage\":\"pt-PT\",\"potentialAction\":[{\"@type\":\"ReadAction\",\"target\":[\"https:\\\/\\\/biolinecorp.ca\\\/en_ca\\\/root-and-tuber\\\/\"]}]},{\"@type\":\"ImageObject\",\"inLanguage\":\"pt-PT\",\"@id\":\"https:\\\/\\\/biolinecorp.ca\\\/en_ca\\\/root-and-tuber\\\/#primaryimage\",\"url\":\"https:\\\/\\\/biolinecorp.ca\\\/wp-content\\\/uploads\\\/2022\\\/03\\\/Potato-1-e1646317817658.jpg\",\"contentUrl\":\"https:\\\/\\\/biolinecorp.ca\\\/wp-content\\\/uploads\\\/2022\\\/03\\\/Potato-1-e1646317817658.jpg\"},{\"@type\":\"BreadcrumbList\",\"@id\":\"https:\\\/\\\/biolinecorp.ca\\\/en_ca\\\/root-and-tuber\\\/#breadcrumb\",\"itemListElement\":[{\"@type\":\"ListItem\",\"position\":1,\"name\":\"Home\",\"item\":\"https:\\\/\\\/biolinecorp.ca\\\/en_ca\\\/\"},{\"@type\":\"ListItem\",\"position\":2,\"name\":\"Root and Tuber\"}]},{\"@type\":\"WebSite\",\"@id\":\"https:\\\/\\\/biolinecorp.ca\\\/#website\",\"url\":\"https:\\\/\\\/biolinecorp.ca\\\/\",\"name\":\"BioLine Corporation\",\"description\":\"\",\"publisher\":{\"@id\":\"https:\\\/\\\/biolinecorp.ca\\\/#organization\"},\"potentialAction\":[{\"@type\":\"SearchAction\",\"target\":{\"@type\":\"EntryPoint\",\"urlTemplate\":\"https:\\\/\\\/biolinecorp.ca\\\/?s={search_term_string}\"},\"query-input\":{\"@type\":\"PropertyValueSpecification\",\"valueRequired\":true,\"valueName\":\"search_term_string\"}}],\"inLanguage\":\"pt-PT\"},{\"@type\":\"Organization\",\"@id\":\"https:\\\/\\\/biolinecorp.ca\\\/#organization\",\"name\":\"Bioline Corporation\",\"url\":\"https:\\\/\\\/biolinecorp.ca\\\/\",\"logo\":{\"@type\":\"ImageObject\",\"inLanguage\":\"pt-PT\",\"@id\":\"https:\\\/\\\/biolinecorp.ca\\\/#\\\/schema\\\/logo\\\/image\\\/\",\"url\":\"https:\\\/\\\/biolinecorp.ca\\\/wp-content\\\/uploads\\\/2018\\\/02\\\/Bioline_logo.png\",\"contentUrl\":\"https:\\\/\\\/biolinecorp.ca\\\/wp-content\\\/uploads\\\/2018\\\/02\\\/Bioline_logo.png\",\"width\":667,\"height\":181,\"caption\":\"Bioline Corporation\"},\"image\":{\"@id\":\"https:\\\/\\\/biolinecorp.ca\\\/#\\\/schema\\\/logo\\\/image\\\/\"},\"sameAs\":[\"https:\\\/\\\/www.facebook.com\\\/BiolineCorp\\\/\",\"https:\\\/\\\/x.com\\\/BiolineCorp\",\"https:\\\/\\\/www.linkedin.com\\\/company\\\/bioline-corp\\\/\",\"https:\\\/\\\/www.youtube.com\\\/channel\\\/UCpD4bbIdegjthmdriZ2SAow\"]}]}<\/script>\n<!-- \/ Yoast SEO Premium plugin. -->","yoast_head_json":{"title":"Raiz e tub\u00e9rculo -","description":"Os produtos BioLiNE\u00ae atenuam os problemas de transporte e desequil\u00edbrio de nutrientes atrav\u00e9s da troca cont\u00ednua de nutrientes na solu\u00e7\u00e3o do solo.","robots":{"index":"index","follow":"follow","max-snippet":"max-snippet:-1","max-image-preview":"max-image-preview:large","max-video-preview":"max-video-preview:-1"},"canonical":"https:\/\/biolinecorp.ca\/pt\/raizes-e-tuberculos\/","og_locale":"pt_PT","og_type":"article","og_title":"Root and Tuber","og_description":"BioLiNE\u00ae products mitigate issues of transport and nutrient imbalance by continually exchanging nutrients in the soil solution.","og_url":"https:\/\/biolinecorp.ca\/pt\/raizes-e-tuberculos\/","article_publisher":"https:\/\/www.facebook.com\/BiolineCorp\/","article_modified_time":"2023-09-14T13:33:36+00:00","og_image":[{"url":"https:\/\/biolinecorp.ca\/wp-content\/uploads\/2022\/03\/Potato-1-e1646317817658.jpg","type":"","width":"","height":""}],"twitter_card":"summary_large_image","twitter_site":"@BiolineCorp","twitter_misc":{"Tempo estimado de leitura":"3 minutos"},"schema":{"@context":"https:\/\/schema.org","@graph":[{"@type":"WebPage","@id":"https:\/\/biolinecorp.ca\/en_ca\/root-and-tuber\/","url":"https:\/\/biolinecorp.ca\/en_ca\/root-and-tuber\/","name":"Raiz e tub\u00e9rculo -","isPartOf":{"@id":"https:\/\/biolinecorp.ca\/#website"},"primaryImageOfPage":{"@id":"https:\/\/biolinecorp.ca\/en_ca\/root-and-tuber\/#primaryimage"},"image":{"@id":"https:\/\/biolinecorp.ca\/en_ca\/root-and-tuber\/#primaryimage"},"thumbnailUrl":"https:\/\/biolinecorp.ca\/wp-content\/uploads\/2022\/03\/Potato-1-e1646317817658.jpg","datePublished":"2022-02-10T17:23:33+00:00","dateModified":"2023-09-14T13:33:36+00:00","description":"Os produtos BioLiNE\u00ae atenuam os problemas de transporte e desequil\u00edbrio de nutrientes atrav\u00e9s da troca cont\u00ednua de nutrientes na solu\u00e7\u00e3o do solo.","breadcrumb":{"@id":"https:\/\/biolinecorp.ca\/en_ca\/root-and-tuber\/#breadcrumb"},"inLanguage":"pt-PT","potentialAction":[{"@type":"ReadAction","target":["https:\/\/biolinecorp.ca\/en_ca\/root-and-tuber\/"]}]},{"@type":"ImageObject","inLanguage":"pt-PT","@id":"https:\/\/biolinecorp.ca\/en_ca\/root-and-tuber\/#primaryimage","url":"https:\/\/biolinecorp.ca\/wp-content\/uploads\/2022\/03\/Potato-1-e1646317817658.jpg","contentUrl":"https:\/\/biolinecorp.ca\/wp-content\/uploads\/2022\/03\/Potato-1-e1646317817658.jpg"},{"@type":"BreadcrumbList","@id":"https:\/\/biolinecorp.ca\/en_ca\/root-and-tuber\/#breadcrumb","itemListElement":[{"@type":"ListItem","position":1,"name":"Home","item":"https:\/\/biolinecorp.ca\/en_ca\/"},{"@type":"ListItem","position":2,"name":"Root and Tuber"}]},{"@type":"WebSite","@id":"https:\/\/biolinecorp.ca\/#website","url":"https:\/\/biolinecorp.ca\/","name":"BioLine Corporation","description":"","publisher":{"@id":"https:\/\/biolinecorp.ca\/#organization"},"potentialAction":[{"@type":"SearchAction","target":{"@type":"EntryPoint","urlTemplate":"https:\/\/biolinecorp.ca\/?s={search_term_string}"},"query-input":{"@type":"PropertyValueSpecification","valueRequired":true,"valueName":"search_term_string"}}],"inLanguage":"pt-PT"},{"@type":"Organization","@id":"https:\/\/biolinecorp.ca\/#organization","name":"Bioline Corporation","url":"https:\/\/biolinecorp.ca\/","logo":{"@type":"ImageObject","inLanguage":"pt-PT","@id":"https:\/\/biolinecorp.ca\/#\/schema\/logo\/image\/","url":"https:\/\/biolinecorp.ca\/wp-content\/uploads\/2018\/02\/Bioline_logo.png","contentUrl":"https:\/\/biolinecorp.ca\/wp-content\/uploads\/2018\/02\/Bioline_logo.png","width":667,"height":181,"caption":"Bioline Corporation"},"image":{"@id":"https:\/\/biolinecorp.ca\/#\/schema\/logo\/image\/"},"sameAs":["https:\/\/www.facebook.com\/BiolineCorp\/","https:\/\/x.com\/BiolineCorp","https:\/\/www.linkedin.com\/company\/bioline-corp\/","https:\/\/www.youtube.com\/channel\/UCpD4bbIdegjthmdriZ2SAow"]}]}},"_links":{"self":[{"href":"https:\/\/biolinecorp.ca\/pt\/wp-json\/wp\/v2\/pages\/24079","targetHints":{"allow":["GET"]}}],"collection":[{"href":"https:\/\/biolinecorp.ca\/pt\/wp-json\/wp\/v2\/pages"}],"about":[{"href":"https:\/\/biolinecorp.ca\/pt\/wp-json\/wp\/v2\/types\/page"}],"author":[{"embeddable":true,"href":"https:\/\/biolinecorp.ca\/pt\/wp-json\/wp\/v2\/users\/2"}],"replies":[{"embeddable":true,"href":"https:\/\/biolinecorp.ca\/pt\/wp-json\/wp\/v2\/comments?post=24079"}],"version-history":[{"count":0,"href":"https:\/\/biolinecorp.ca\/pt\/wp-json\/wp\/v2\/pages\/24079\/revisions"}],"wp:attachment":[{"href":"https:\/\/biolinecorp.ca\/pt\/wp-json\/wp\/v2\/media?parent=24079"}],"curies":[{"name":"wp","href":"https:\/\/api.w.org\/{rel}","templated":true}]}}