{"id":24077,"date":"2022-02-10T12:23:07","date_gmt":"2022-02-10T17:23:07","guid":{"rendered":"https:\/\/biolinecorp.ca\/?page_id=24077"},"modified":"2023-09-14T09:35:29","modified_gmt":"2023-09-14T13:35:29","slug":"cereals","status":"publish","type":"page","link":"https:\/\/biolinecorp.ca\/pt\/cereais\/","title":{"rendered":"Cereais"},"content":{"rendered":"<div style=\"height:75px\" aria-hidden=\"true\" class=\"wp-block-spacer\"><\/div>\n\n\n\n<h3 class=\"wp-block-heading has-large-font-size\" id=\"h-how-does-bioline-help-cereal-production\">Como \u00e9 que BioLiNE<strong><sup>\u00ae<\/sup><\/strong> Ajudar a produ\u00e7\u00e3o de cereais?<\/h3>\n\n\n\n<h4 class=\"wp-block-heading\" id=\"h-wheat-oats-barley-rye-sorghum-quinoa-buckwheat-and-millet\">(Trigo, aveia, cevada, centeio, sorgo, quinoa, trigo mourisco e pain\u00e7o)<\/h4>\n\n\n\n<div style=\"height:25px\" aria-hidden=\"true\" class=\"wp-block-spacer\"><\/div>\n\n\n\n<p style=\"font-size:18px\">O nosso BioLiNE<strong><sup>\u00ae<\/sup><\/strong> <a href=\"https:\/\/biolinecorp.ca\/pt\/a-nossa-tecnologia-2\/\" target=\"_blank\" rel=\"noreferrer noopener\">tecnologia<\/a> transporta e assimila nutrientes, e outros ingredientes ben\u00e9ficos para as plantas de forma mais eficiente. BioLiNE<strong><sup>\u00ae<\/sup><\/strong> <a href=\"https:\/\/biolinecorp.ca\/pt\/os-nossos-produtos-2\/\" target=\"_blank\" rel=\"noreferrer noopener\">produtos<\/a> melhorar a sa\u00fade das culturas durante todo o seu ciclo de vida, desde a sementeira at\u00e9 \u00e0 colheita. O BioLiNE<strong><sup>\u00ae<\/sup><\/strong> fornecem electr\u00f3litos e estabelecem o equil\u00edbrio eletroqu\u00edmico nas plantas. O resultado \u00e9 uma emerg\u00eancia r\u00e1pida e uniforme com um aumento das defesas naturais contra o stress. BioLiNE<strong><sup>\u00ae<\/sup><\/strong>&nbsp;A tecnologia pode ser aplicada em v\u00e1rias fases do desenvolvimento das culturas cereal\u00edferas, incluindo:<\/p>\n\n\n\n<div class=\"wp-block-columns is-layout-flex wp-container-core-columns-is-layout-9d6595d7 wp-block-columns-is-layout-flex\">\n<div class=\"wp-block-column is-layout-flow wp-block-column-is-layout-flow\" style=\"flex-basis:66.66%\">\n<ol class=\"wp-block-list\" id=\"block-8c1baee4-db6f-482d-b626-fe963985f6ba\" style=\"font-size:18px\">\n<li><strong>Na planta\u00e7\u00e3o:<\/strong> utiliza\u00e7\u00e3o como revestimento de sementes, impregnado em fertilizantes secos, ou tanque misturado com fertilizante l\u00edquido para aplica\u00e7\u00f5es in-furrow ou side-dress<\/li>\n\n\n\n<li><strong>Fases 4 a 6:<\/strong> tanque misturado com herbicida ou outros nutrientes<\/li>\n\n\n\n<li><strong>Fase 9 a 10:<\/strong> tanque misturado com fungicida ou outros inputs de nutrientes<\/li>\n\n\n\n<li><strong>Fase 10 a 11:<\/strong> tanque misturado com fungicida ou outros inputs de nutrientes<\/li>\n<\/ol>\n<\/div>\n\n\n\n<div class=\"wp-block-column is-vertically-aligned-center is-layout-flow wp-block-column-is-layout-flow\" style=\"flex-basis:33.33%\">\n<div class=\"wp-block-buttons is-layout-flex wp-block-buttons-is-layout-flex\">\n<div class=\"wp-block-button aligncenter\"><a class=\"wp-block-button__link wp-element-button\" href=\"https:\/\/biolinecorp.ca\/wp-content\/uploads\/2023\/09\/20230814-BioLiNE-Cereals.pdf\" target=\"_blank\" rel=\"noreferrer noopener\">Folheto sobre cereais<\/a><\/div>\n<\/div>\n\n\n\n<div style=\"height:10px\" aria-hidden=\"true\" class=\"wp-block-spacer\"><\/div>\n\n\n\n<div class=\"wp-block-buttons is-layout-flex wp-block-buttons-is-layout-flex\">\n<div class=\"wp-block-button\"><a class=\"wp-block-button__link wp-element-button\" href=\"https:\/\/biolinecorp.ca\/wp-content\/uploads\/2023\/04\/20220716-Bioline-Abiotic-Stress-Tolerance-Flyer-V3-FINAL.pdf\" target=\"_blank\" rel=\"noreferrer noopener\">Folha de Apoio ao Calor e Toler\u00e2ncia \u00e0 Seca<\/a><\/div>\n<\/div>\n<\/div>\n<\/div>\n\n\n\n<div style=\"height:50px\" aria-hidden=\"true\" class=\"wp-block-spacer\"><\/div>\n\n\n<div class=\"w-heading heading-9 text-left\">\n    <div class=\"w-wrapper\">\n                 \n        <h2>           \n            <span>Calend\u00e1rio e Tarifas de Aplica\u00e7\u00e3o BioLiNE\u00ae Recomendado<\/span>        <\/h2>\n                    <\/div>\n<\/div>\n\n\n\n<div style=\"height:50px\" aria-hidden=\"true\" class=\"wp-block-spacer\"><\/div>\n\n\n<div class=\"wp-block-image is-style-default\">\n<figure class=\"aligncenter size-large\"><img decoding=\"async\" width=\"1024\" height=\"535\" src=\"https:\/\/biolinecorp.ca\/wp-content\/uploads\/2022\/02\/20200224-Wheat-Stages-Application-v2-1024x535.png\" alt=\"\" class=\"wp-image-24528\" srcset=\"https:\/\/biolinecorp.ca\/wp-content\/uploads\/2022\/02\/20200224-Wheat-Stages-Application-v2-1024x535.png 1024w, https:\/\/biolinecorp.ca\/wp-content\/uploads\/2022\/02\/20200224-Wheat-Stages-Application-v2-600x313.png 600w, https:\/\/biolinecorp.ca\/wp-content\/uploads\/2022\/02\/20200224-Wheat-Stages-Application-v2-768x401.png 768w, https:\/\/biolinecorp.ca\/wp-content\/uploads\/2022\/02\/20200224-Wheat-Stages-Application-v2-640x334.png 640w, https:\/\/biolinecorp.ca\/wp-content\/uploads\/2022\/02\/20200224-Wheat-Stages-Application-v2-1280x668.png 1280w, https:\/\/biolinecorp.ca\/wp-content\/uploads\/2022\/02\/20200224-Wheat-Stages-Application-v2.png 1494w\" sizes=\"(max-width: 1024px) 100vw, 1024px\" \/><\/figure>\n<\/div>\n\n\n<div style=\"height:75px\" aria-hidden=\"true\" class=\"wp-block-spacer\"><\/div>\n\n\n<div class=\"w-heading heading-9 text-left\">\n    <div class=\"w-wrapper\">\n                 \n        <h2>           \n            <span>Resultados do ensaio<\/span>        <\/h2>\n                    <\/div>\n<\/div>\n\n\n\n<div style=\"height:50px\" aria-hidden=\"true\" class=\"wp-block-spacer\"><\/div>\n\n\n\n<div class=\"wp-block-media-text alignwide is-stacked-on-mobile\" style=\"grid-template-columns:45% auto\"><figure class=\"wp-block-media-text__media\"><img decoding=\"async\" width=\"1024\" height=\"695\" src=\"https:\/\/biolinecorp.ca\/wp-content\/uploads\/2022\/02\/Winter-Wheat-1-1024x695.png\" alt=\"\" class=\"wp-image-24676 size-full\" srcset=\"https:\/\/biolinecorp.ca\/wp-content\/uploads\/2022\/02\/Winter-Wheat-1-1024x695.png 1024w, https:\/\/biolinecorp.ca\/wp-content\/uploads\/2022\/02\/Winter-Wheat-1-600x407.png 600w, https:\/\/biolinecorp.ca\/wp-content\/uploads\/2022\/02\/Winter-Wheat-1-768x521.png 768w, https:\/\/biolinecorp.ca\/wp-content\/uploads\/2022\/02\/Winter-Wheat-1-1536x1043.png 1536w, https:\/\/biolinecorp.ca\/wp-content\/uploads\/2022\/02\/Winter-Wheat-1-640x435.png 640w, https:\/\/biolinecorp.ca\/wp-content\/uploads\/2022\/02\/Winter-Wheat-1-1280x869.png 1280w, https:\/\/biolinecorp.ca\/wp-content\/uploads\/2022\/02\/Winter-Wheat-1.png 1620w\" sizes=\"(max-width: 1024px) 100vw, 1024px\" \/><\/figure><div class=\"wp-block-media-text__content\">\n<h3 class=\"wp-block-heading has-large-font-size\" id=\"h-winter-wheat-germination\">Germina\u00e7\u00e3o de trigo de inverno<\/h3>\n\n\n\n<p style=\"font-size:18px\">As sementes de trigo de inverno foram utilizadas para demonstrar os efeitos positivos do BioLiNE<strong><sup>\u00ae<\/sup><\/strong> tem sobre a emerg\u00eancia precoce e uniforme. Trinta sementes para cada tratamento foram tratadas com a mesma quantidade de \u00e1gua e luz solar. No entanto, o prato tratado com BioLiNE<strong><sup>\u00ae<\/sup><\/strong> O dourado mostra um desenvolvimento mais uniforme do trigo em compara\u00e7\u00e3o com o controlo para o mesmo per\u00edodo de crescimento. <\/p>\n\n\n\n<div class=\"wp-block-buttons is-layout-flex wp-block-buttons-is-layout-flex\">\n<div class=\"wp-block-button\"><a class=\"wp-block-button__link wp-element-button\" href=\"https:\/\/biolinecorp.ca\/wp-content\/uploads\/2022\/02\/20200909-Winter-wheat-planting-v2.pdf\" target=\"_blank\" rel=\"noreferrer noopener\">Artigo sobre a planta\u00e7\u00e3o de trigo de inverno <\/a><\/div>\n<\/div>\n<\/div><\/div>\n\n\n\n<div style=\"height:50px\" aria-hidden=\"true\" class=\"wp-block-spacer\"><\/div>\n\n\n\n<hr class=\"wp-block-separator has-css-opacity\"\/>\n\n\n\n<div style=\"height:50px\" aria-hidden=\"true\" class=\"wp-block-spacer\"><\/div>\n\n\n\n<div class=\"wp-block-media-text alignwide is-stacked-on-mobile\" style=\"grid-template-columns:45% auto\"><figure class=\"wp-block-media-text__media\"><img decoding=\"async\" width=\"1024\" height=\"683\" src=\"https:\/\/biolinecorp.ca\/wp-content\/uploads\/2022\/02\/1628025015474-1024x683.jpg\" alt=\"\" class=\"wp-image-24709 size-full\" srcset=\"https:\/\/biolinecorp.ca\/wp-content\/uploads\/2022\/02\/1628025015474-1024x683.jpg 1024w, https:\/\/biolinecorp.ca\/wp-content\/uploads\/2022\/02\/1628025015474-600x400.jpg 600w, https:\/\/biolinecorp.ca\/wp-content\/uploads\/2022\/02\/1628025015474-768x512.jpg 768w, https:\/\/biolinecorp.ca\/wp-content\/uploads\/2022\/02\/1628025015474-1536x1024.jpg 1536w, https:\/\/biolinecorp.ca\/wp-content\/uploads\/2022\/02\/1628025015474-640x427.jpg 640w, https:\/\/biolinecorp.ca\/wp-content\/uploads\/2022\/02\/1628025015474-1280x853.jpg 1280w, https:\/\/biolinecorp.ca\/wp-content\/uploads\/2022\/02\/1628025015474.jpg 2048w\" sizes=\"(max-width: 1024px) 100vw, 1024px\" \/><\/figure><div class=\"wp-block-media-text__content\">\n<h2 class=\"wp-block-heading has-large-font-size\" id=\"h-2021-drought-season\">\u00c9poca de seca de 2021<\/h2>\n\n\n\n<p>Esta imagem mostra dois campos de cevada de sequeiro em Alberta. O da esquerda est\u00e1 localizado perto de Drumheller, Alberta, no cora\u00e7\u00e3o da \u00e1rea de seca de 2021. O da direita est\u00e1 localizado na \u00e1rea de Hussar de Alberta. BioLiNE<strong><sup>\u00ae<\/sup><\/strong> O ouro foi uma ferramenta cont\u00ednua utilizada por ambos os produtores na \u00faltima temporada para gerir as suas culturas. A cultura \u00e0 esquerda foi tratada duas vezes com BioLiNE<strong><sup>\u00ae<\/sup><\/strong> Gold e, apesar de a cultura ser mais fina do que na maioria dos anos, aguentou-se perante o stress da seca. O agricultor \u00e0 direita utilizou BioLiNE<strong><sup>\u00ae<\/sup><\/strong> em cada hectare de cultura nesta explora\u00e7\u00e3o e mostrou um perfilhamento extra e um desenvolvimento avan\u00e7ado da cabe\u00e7a na sua cultura de cereais em compara\u00e7\u00e3o com outros campos. <\/p>\n<\/div><\/div>\n\n\n\n<div style=\"height:50px\" aria-hidden=\"true\" class=\"wp-block-spacer\"><\/div>\n\n\n\n<hr class=\"wp-block-separator has-css-opacity\"\/>\n\n\n\n<div style=\"height:50px\" aria-hidden=\"true\" class=\"wp-block-spacer\"><\/div>\n\n\n\n<h3 class=\"wp-block-heading has-large-font-size\" id=\"h-drought-stress-amelioration-wintering-hills-colony-2021\"><strong>Seca de Stress Amelioration Wintering Hills Col\u00f3nia 2021<\/strong><\/h3>\n\n\n\n<div style=\"height:10px\" aria-hidden=\"true\" class=\"wp-block-spacer\"><\/div>\n\n\n\n<p>O rendimento m\u00e9dio do trigo no sul de Alberta em 2020 foi de 53,6 bu\/acre. Devido a um ano de seca intensa em 2021, esta m\u00e9dia desceu para 17,8 bu\/acre (rendimento de 33%) (<a href=\"https:\/\/open.alberta.ca\/dataset\/664f3ae9-db2a-4e84-91a8-59c7b379a050\/resource\/c2b9e699-667d-4ac1-87b6-bd1c9115c03c\/download\/af-itrb-alberta-crop-report-2021-10-05.pdf\" target=\"_blank\" rel=\"noreferrer noopener\">Relat\u00f3rio Alberta Crop<\/a>). Com a aplica\u00e7\u00e3o de <a href=\"https:\/\/biolinecorp.ca\/pt\/ouro-biolinico-2\/\" target=\"_blank\" rel=\"noreferrer noopener\">BioLiNE<strong><sup>\u00ae<\/sup><\/strong>&nbsp;Ouro<\/a> em 6 explora\u00e7\u00f5es diferentes na Col\u00f3nia de Wintering Hills, o rendimento m\u00e9dio do trigo aumentou para 33,4 bu\/acre, (rendimento de 62% em compara\u00e7\u00e3o com os dados de 2020 e aumento de 87,9% em rela\u00e7\u00e3o \u00e0 m\u00e9dia do condado em 2021).<\/p>\n\n\n\n<p>O rendimento m\u00e9dio da cevada no sul de Alberta em 2020 foi de 73,9 bu\/acre. Devido a um ano de seca intensa em 2021, esta m\u00e9dia desceu para 20,5 bu\/acre (rendimento de 28%) (Alberta Crop Report). Com a aplica\u00e7\u00e3o de <a href=\"https:\/\/biolinecorp.ca\/pt\/ouro-biolinico-2\/\" target=\"_blank\" rel=\"noreferrer noopener\">BioLiNE<strong><sup>\u00ae<\/sup><\/strong>&nbsp;Ouro<\/a> em 5 explora\u00e7\u00f5es diferentes na Col\u00f3nia de Wintering Hills, o rendimento m\u00e9dio do trigo aumentou para 45,6 bu\/acre, (rendimento de 62% em compara\u00e7\u00e3o com os dados de 2020 e aumento de 122,4% em rela\u00e7\u00e3o \u00e0 m\u00e9dia do condado em 2021).<\/p>\n\n\n\n<div style=\"height:25px\" aria-hidden=\"true\" class=\"wp-block-spacer\"><\/div>\n\n\n<div class=\"wp-block-image is-style-default\">\n<figure class=\"aligncenter size-large\"><img decoding=\"async\" width=\"1024\" height=\"202\" src=\"https:\/\/biolinecorp.ca\/wp-content\/uploads\/2022\/03\/Wintering-Hills-Wheat-and-Barley-1024x202.png\" alt=\"\" class=\"wp-image-25541\" srcset=\"https:\/\/biolinecorp.ca\/wp-content\/uploads\/2022\/03\/Wintering-Hills-Wheat-and-Barley-1024x202.png 1024w, https:\/\/biolinecorp.ca\/wp-content\/uploads\/2022\/03\/Wintering-Hills-Wheat-and-Barley-600x119.png 600w, https:\/\/biolinecorp.ca\/wp-content\/uploads\/2022\/03\/Wintering-Hills-Wheat-and-Barley-768x152.png 768w, https:\/\/biolinecorp.ca\/wp-content\/uploads\/2022\/03\/Wintering-Hills-Wheat-and-Barley-640x127.png 640w, https:\/\/biolinecorp.ca\/wp-content\/uploads\/2022\/03\/Wintering-Hills-Wheat-and-Barley-1280x253.png 1280w, https:\/\/biolinecorp.ca\/wp-content\/uploads\/2022\/03\/Wintering-Hills-Wheat-and-Barley.png 1325w\" sizes=\"(max-width: 1024px) 100vw, 1024px\" \/><\/figure>\n<\/div>\n\n\n<div style=\"height:50px\" aria-hidden=\"true\" class=\"wp-block-spacer\"><\/div>\n\n\n\n<hr class=\"wp-block-separator has-css-opacity\"\/>\n\n\n\n<div style=\"height:50px\" aria-hidden=\"true\" class=\"wp-block-spacer\"><\/div>\n\n\n\n<h3 class=\"wp-block-heading has-large-font-size\" id=\"h-using-bioline-with-seed-treatment-western-canada-2020\">Utilizar o BioLiNE<strong><sup>\u00ae<\/sup><\/strong> com tratamento de sementes - Canad\u00e1 Ocidental 2020<\/h3>\n\n\n\n<div style=\"height:25px\" aria-hidden=\"true\" class=\"wp-block-spacer\"><\/div>\n\n\n\n<p><strong>Col\u00f3nia de Midland (Taber, AB)<\/strong>: O trigo surgiu dois dias antes com <a href=\"https:\/\/biolinecorp.ca\/pt\/ouro-biolinico-2\/\" target=\"_blank\" rel=\"noreferrer noopener\">BioLiNE<strong><sup>\u00ae<\/sup><\/strong> Ouro<\/a> sementes tratadas versus controlo. A cobertura do tratamento de sementes foi melhorada pelo BioLiNE Gold<strong><sup>\u00ae<\/sup><\/strong> na mistura de tratamento.<\/p>\n\n\n\n<p><strong>Todd Duke (Estevan, SK)<\/strong>: Trigo tratado<strong><sup>\u00ae<\/sup><\/strong> com BioLiNE emergiu cedo e este efeito manteve-se durante toda a vida da cultura, resultando num aumento de rendimento de 5 bu\/ac em rela\u00e7\u00e3o ao controlo.<\/p>\n\n\n\n<head><!-- Global site tag (gtag.js) - Google Ads: 781808697 --> <script async src=\"https:\/\/www.googletagmanager.com\/gtag\/js?id=AW-781808697\"><\/script> <script> window.dataLayer = window.dataLayer || []; function gtag(){dataLayer.push(arguments);} gtag('js', new Date()); gtag('config', 'AW-781808697'); gtag('config', 'AW-781808697');<\/script> <\/head>","protected":false},"excerpt":{"rendered":"<p>How Does BioLiNE\u00ae Help Cereal Production? (Wheat, oats, barley, rye, sorghum, quinoa, buckwheat, and millet) Our BioLiNE\u00ae technology transports and assimilates nutrients, and other plant beneficial ingredients more efficiently. BioLiNE\u00ae products enhance crop health through their entire life-cycle from seeding to harvest. The BioLiNE\u00ae products supply electrolytes and establish electrochemical balance in plants. The result [&hellip;]<\/p>\n","protected":false},"author":2,"featured_media":0,"parent":0,"menu_order":13,"comment_status":"closed","ping_status":"closed","template":"","meta":{"_monsterinsights_skip_tracking":false,"_monsterinsights_sitenote_active":false,"_monsterinsights_sitenote_note":"","_monsterinsights_sitenote_category":0,"footnotes":""},"class_list":["post-24077","page","type-page","status-publish","hentry"],"yoast_head":"<!-- This site is optimized with the Yoast SEO Premium plugin v27.3 (Yoast SEO v27.3) - https:\/\/yoast.com\/product\/yoast-seo-premium-wordpress\/ -->\n<title>Cereals -<\/title>\n<meta name=\"description\" content=\"BioLiNE\u00ae products enhance crop health through their entire life-cycle from seeding to harvest by increasing natural defenses against stress.\" \/>\n<meta name=\"robots\" content=\"index, follow, max-snippet:-1, max-image-preview:large, max-video-preview:-1\" \/>\n<link rel=\"canonical\" href=\"https:\/\/biolinecorp.ca\/pt\/cereais\/\" \/>\n<meta property=\"og:locale\" content=\"pt_PT\" \/>\n<meta property=\"og:type\" content=\"article\" \/>\n<meta property=\"og:title\" content=\"Cereals\" \/>\n<meta property=\"og:description\" content=\"BioLiNE\u00ae products enhance crop health through their entire life-cycle from seeding to harvest by increasing natural defenses against stress.\" \/>\n<meta property=\"og:url\" content=\"https:\/\/biolinecorp.ca\/pt\/cereais\/\" \/>\n<meta property=\"article:publisher\" content=\"https:\/\/www.facebook.com\/BiolineCorp\/\" \/>\n<meta property=\"article:modified_time\" content=\"2023-09-14T13:35:29+00:00\" \/>\n<meta property=\"og:image\" content=\"https:\/\/biolinecorp.ca\/wp-content\/uploads\/2022\/02\/20200224-Wheat-Stages-Application-v2-1024x535.png\" \/>\n<meta name=\"twitter:card\" content=\"summary_large_image\" \/>\n<meta name=\"twitter:site\" content=\"@BiolineCorp\" \/>\n<meta name=\"twitter:label1\" content=\"Tempo estimado de leitura\" \/>\n\t<meta name=\"twitter:data1\" content=\"4 minutos\" \/>\n<script type=\"application\/ld+json\" class=\"yoast-schema-graph\">{\"@context\":\"https:\\\/\\\/schema.org\",\"@graph\":[{\"@type\":\"WebPage\",\"@id\":\"http:\\\/\\\/biolinecorp.ca\\\/en_ca\\\/cereals\\\/\",\"url\":\"http:\\\/\\\/biolinecorp.ca\\\/en_ca\\\/cereals\\\/\",\"name\":\"Cereals -\",\"isPartOf\":{\"@id\":\"https:\\\/\\\/biolinecorp.ca\\\/#website\"},\"primaryImageOfPage\":{\"@id\":\"http:\\\/\\\/biolinecorp.ca\\\/en_ca\\\/cereals\\\/#primaryimage\"},\"image\":{\"@id\":\"http:\\\/\\\/biolinecorp.ca\\\/en_ca\\\/cereals\\\/#primaryimage\"},\"thumbnailUrl\":\"https:\\\/\\\/biolinecorp.ca\\\/wp-content\\\/uploads\\\/2022\\\/02\\\/20200224-Wheat-Stages-Application-v2-1024x535.png\",\"datePublished\":\"2022-02-10T17:23:07+00:00\",\"dateModified\":\"2023-09-14T13:35:29+00:00\",\"description\":\"BioLiNE\u00ae products enhance crop health through their entire life-cycle from seeding to harvest by increasing natural defenses against stress.\",\"breadcrumb\":{\"@id\":\"http:\\\/\\\/biolinecorp.ca\\\/en_ca\\\/cereals\\\/#breadcrumb\"},\"inLanguage\":\"pt-PT\",\"potentialAction\":[{\"@type\":\"ReadAction\",\"target\":[\"http:\\\/\\\/biolinecorp.ca\\\/en_ca\\\/cereals\\\/\"]}]},{\"@type\":\"ImageObject\",\"inLanguage\":\"pt-PT\",\"@id\":\"http:\\\/\\\/biolinecorp.ca\\\/en_ca\\\/cereals\\\/#primaryimage\",\"url\":\"https:\\\/\\\/biolinecorp.ca\\\/wp-content\\\/uploads\\\/2022\\\/02\\\/20200224-Wheat-Stages-Application-v2-1024x535.png\",\"contentUrl\":\"https:\\\/\\\/biolinecorp.ca\\\/wp-content\\\/uploads\\\/2022\\\/02\\\/20200224-Wheat-Stages-Application-v2-1024x535.png\"},{\"@type\":\"BreadcrumbList\",\"@id\":\"http:\\\/\\\/biolinecorp.ca\\\/en_ca\\\/cereals\\\/#breadcrumb\",\"itemListElement\":[{\"@type\":\"ListItem\",\"position\":1,\"name\":\"Home\",\"item\":\"https:\\\/\\\/biolinecorp.ca\\\/en_ca\\\/\"},{\"@type\":\"ListItem\",\"position\":2,\"name\":\"Cereals\"}]},{\"@type\":\"WebSite\",\"@id\":\"https:\\\/\\\/biolinecorp.ca\\\/#website\",\"url\":\"https:\\\/\\\/biolinecorp.ca\\\/\",\"name\":\"BioLine Corporation\",\"description\":\"\",\"publisher\":{\"@id\":\"https:\\\/\\\/biolinecorp.ca\\\/#organization\"},\"potentialAction\":[{\"@type\":\"SearchAction\",\"target\":{\"@type\":\"EntryPoint\",\"urlTemplate\":\"https:\\\/\\\/biolinecorp.ca\\\/?s={search_term_string}\"},\"query-input\":{\"@type\":\"PropertyValueSpecification\",\"valueRequired\":true,\"valueName\":\"search_term_string\"}}],\"inLanguage\":\"pt-PT\"},{\"@type\":\"Organization\",\"@id\":\"https:\\\/\\\/biolinecorp.ca\\\/#organization\",\"name\":\"Bioline Corporation\",\"url\":\"https:\\\/\\\/biolinecorp.ca\\\/\",\"logo\":{\"@type\":\"ImageObject\",\"inLanguage\":\"pt-PT\",\"@id\":\"https:\\\/\\\/biolinecorp.ca\\\/#\\\/schema\\\/logo\\\/image\\\/\",\"url\":\"https:\\\/\\\/biolinecorp.ca\\\/wp-content\\\/uploads\\\/2018\\\/02\\\/Bioline_logo.png\",\"contentUrl\":\"https:\\\/\\\/biolinecorp.ca\\\/wp-content\\\/uploads\\\/2018\\\/02\\\/Bioline_logo.png\",\"width\":667,\"height\":181,\"caption\":\"Bioline Corporation\"},\"image\":{\"@id\":\"https:\\\/\\\/biolinecorp.ca\\\/#\\\/schema\\\/logo\\\/image\\\/\"},\"sameAs\":[\"https:\\\/\\\/www.facebook.com\\\/BiolineCorp\\\/\",\"https:\\\/\\\/x.com\\\/BiolineCorp\",\"https:\\\/\\\/www.linkedin.com\\\/company\\\/bioline-corp\\\/\",\"https:\\\/\\\/www.youtube.com\\\/channel\\\/UCpD4bbIdegjthmdriZ2SAow\"]}]}<\/script>\n<!-- \/ Yoast SEO Premium plugin. -->","yoast_head_json":{"title":"Cereais -","description":"Os produtos BioLiNE\u00ae melhoram a sa\u00fade das culturas durante todo o seu ciclo de vida, desde a sementeira at\u00e9 \u00e0 colheita, aumentando as defesas naturais contra o stress.","robots":{"index":"index","follow":"follow","max-snippet":"max-snippet:-1","max-image-preview":"max-image-preview:large","max-video-preview":"max-video-preview:-1"},"canonical":"https:\/\/biolinecorp.ca\/pt\/cereais\/","og_locale":"pt_PT","og_type":"article","og_title":"Cereals","og_description":"BioLiNE\u00ae products enhance crop health through their entire life-cycle from seeding to harvest by increasing natural defenses against stress.","og_url":"https:\/\/biolinecorp.ca\/pt\/cereais\/","article_publisher":"https:\/\/www.facebook.com\/BiolineCorp\/","article_modified_time":"2023-09-14T13:35:29+00:00","og_image":[{"url":"https:\/\/biolinecorp.ca\/wp-content\/uploads\/2022\/02\/20200224-Wheat-Stages-Application-v2-1024x535.png","type":"","width":"","height":""}],"twitter_card":"summary_large_image","twitter_site":"@BiolineCorp","twitter_misc":{"Tempo estimado de leitura":"4 minutos"},"schema":{"@context":"https:\/\/schema.org","@graph":[{"@type":"WebPage","@id":"http:\/\/biolinecorp.ca\/en_ca\/cereals\/","url":"http:\/\/biolinecorp.ca\/en_ca\/cereals\/","name":"Cereais -","isPartOf":{"@id":"https:\/\/biolinecorp.ca\/#website"},"primaryImageOfPage":{"@id":"http:\/\/biolinecorp.ca\/en_ca\/cereals\/#primaryimage"},"image":{"@id":"http:\/\/biolinecorp.ca\/en_ca\/cereals\/#primaryimage"},"thumbnailUrl":"https:\/\/biolinecorp.ca\/wp-content\/uploads\/2022\/02\/20200224-Wheat-Stages-Application-v2-1024x535.png","datePublished":"2022-02-10T17:23:07+00:00","dateModified":"2023-09-14T13:35:29+00:00","description":"Os produtos BioLiNE\u00ae melhoram a sa\u00fade das culturas durante todo o seu ciclo de vida, desde a sementeira at\u00e9 \u00e0 colheita, aumentando as defesas naturais contra o stress.","breadcrumb":{"@id":"http:\/\/biolinecorp.ca\/en_ca\/cereals\/#breadcrumb"},"inLanguage":"pt-PT","potentialAction":[{"@type":"ReadAction","target":["http:\/\/biolinecorp.ca\/en_ca\/cereals\/"]}]},{"@type":"ImageObject","inLanguage":"pt-PT","@id":"http:\/\/biolinecorp.ca\/en_ca\/cereals\/#primaryimage","url":"https:\/\/biolinecorp.ca\/wp-content\/uploads\/2022\/02\/20200224-Wheat-Stages-Application-v2-1024x535.png","contentUrl":"https:\/\/biolinecorp.ca\/wp-content\/uploads\/2022\/02\/20200224-Wheat-Stages-Application-v2-1024x535.png"},{"@type":"BreadcrumbList","@id":"http:\/\/biolinecorp.ca\/en_ca\/cereals\/#breadcrumb","itemListElement":[{"@type":"ListItem","position":1,"name":"Home","item":"https:\/\/biolinecorp.ca\/en_ca\/"},{"@type":"ListItem","position":2,"name":"Cereals"}]},{"@type":"WebSite","@id":"https:\/\/biolinecorp.ca\/#website","url":"https:\/\/biolinecorp.ca\/","name":"BioLine Corporation","description":"","publisher":{"@id":"https:\/\/biolinecorp.ca\/#organization"},"potentialAction":[{"@type":"SearchAction","target":{"@type":"EntryPoint","urlTemplate":"https:\/\/biolinecorp.ca\/?s={search_term_string}"},"query-input":{"@type":"PropertyValueSpecification","valueRequired":true,"valueName":"search_term_string"}}],"inLanguage":"pt-PT"},{"@type":"Organization","@id":"https:\/\/biolinecorp.ca\/#organization","name":"Bioline Corporation","url":"https:\/\/biolinecorp.ca\/","logo":{"@type":"ImageObject","inLanguage":"pt-PT","@id":"https:\/\/biolinecorp.ca\/#\/schema\/logo\/image\/","url":"https:\/\/biolinecorp.ca\/wp-content\/uploads\/2018\/02\/Bioline_logo.png","contentUrl":"https:\/\/biolinecorp.ca\/wp-content\/uploads\/2018\/02\/Bioline_logo.png","width":667,"height":181,"caption":"Bioline Corporation"},"image":{"@id":"https:\/\/biolinecorp.ca\/#\/schema\/logo\/image\/"},"sameAs":["https:\/\/www.facebook.com\/BiolineCorp\/","https:\/\/x.com\/BiolineCorp","https:\/\/www.linkedin.com\/company\/bioline-corp\/","https:\/\/www.youtube.com\/channel\/UCpD4bbIdegjthmdriZ2SAow"]}]}},"_links":{"self":[{"href":"https:\/\/biolinecorp.ca\/pt\/wp-json\/wp\/v2\/pages\/24077","targetHints":{"allow":["GET"]}}],"collection":[{"href":"https:\/\/biolinecorp.ca\/pt\/wp-json\/wp\/v2\/pages"}],"about":[{"href":"https:\/\/biolinecorp.ca\/pt\/wp-json\/wp\/v2\/types\/page"}],"author":[{"embeddable":true,"href":"https:\/\/biolinecorp.ca\/pt\/wp-json\/wp\/v2\/users\/2"}],"replies":[{"embeddable":true,"href":"https:\/\/biolinecorp.ca\/pt\/wp-json\/wp\/v2\/comments?post=24077"}],"version-history":[{"count":0,"href":"https:\/\/biolinecorp.ca\/pt\/wp-json\/wp\/v2\/pages\/24077\/revisions"}],"wp:attachment":[{"href":"https:\/\/biolinecorp.ca\/pt\/wp-json\/wp\/v2\/media?parent=24077"}],"curies":[{"name":"wp","href":"https:\/\/api.w.org\/{rel}","templated":true}]}}