{"id":24075,"date":"2022-02-10T12:17:51","date_gmt":"2022-02-10T17:17:51","guid":{"rendered":"https:\/\/biolinecorp.ca\/?page_id=24075"},"modified":"2023-09-13T15:26:24","modified_gmt":"2023-09-13T19:26:24","slug":"canola","status":"publish","type":"page","link":"https:\/\/biolinecorp.ca\/pt\/canola\/","title":{"rendered":"Canola"},"content":{"rendered":"<div style=\"height:75px\" aria-hidden=\"true\" class=\"wp-block-spacer\"><\/div>\n\n\n\n<h3 class=\"wp-block-heading has-large-font-size\" id=\"h-how-does-bioline-help-canola-production\">Como \u00e9 que BioLiNE<strong><sup>\u00ae<\/sup><\/strong> Ajudar a Produ\u00e7\u00e3o de Canola?<\/h3>\n\n\n\n<div style=\"height:25px\" aria-hidden=\"true\" class=\"wp-block-spacer\"><\/div>\n\n\n\n<p style=\"font-size:18px\">O nosso BioLiNE<strong><sup>\u00ae<\/sup><\/strong> <a href=\"https:\/\/biolinecorp.ca\/pt\/a-nossa-tecnologia-2\/\" target=\"_blank\" rel=\"noreferrer noopener\">tecnologia<\/a> transporta e assimila nutrientes, e outros ingredientes ben\u00e9ficos para as plantas de forma mais eficiente. BioLiNE<strong><sup>\u00ae<\/sup><\/strong> Os produtos melhoram a sa\u00fade das culturas durante todo o seu ciclo de vida, desde a sementeira at\u00e9 \u00e0 colheita, fornecendo electr\u00f3litos e estabelecendo o equil\u00edbrio electroqu\u00edmico nas plantas. Combinar este atributo altamente ben\u00e9fico com uma qu\u00edmica bioactiva melhorada, permeabilidade celular superior e troca acelerada de nutrientes \u00e9 a nossa vantagem. <\/p>\n\n\n\n<div class=\"wp-block-columns is-layout-flex wp-container-core-columns-is-layout-9d6595d7 wp-block-columns-is-layout-flex\">\n<div class=\"wp-block-column is-layout-flow wp-block-column-is-layout-flow\" style=\"flex-basis:66.66%\">\n<ol class=\"wp-block-list\" style=\"font-size:18px\">\n<li><strong>Planta\u00e7\u00e3o:<\/strong> utiliza\u00e7\u00e3o como revestimento de sementes, impregnado em fertilizantes secos, ou tanque misturado com fertilizante l\u00edquido para aplica\u00e7\u00f5es in-furrow ou side-dress<\/li>\n\n\n\n<li><strong>1 a 3 Palco de Folha:<\/strong> tanque misturado com herbicida ou outros nutrientes<\/li>\n\n\n\n<li><strong>2 a 6 Palcos de Folha: <\/strong>tanque misturado com fungicida ou outros inputs de nutrientes<\/li>\n<\/ol>\n<\/div>\n\n\n\n<div class=\"wp-block-column is-vertically-aligned-center is-layout-flow wp-block-column-is-layout-flow\" style=\"flex-basis:33.33%\">\n<div class=\"wp-block-buttons is-content-justification-center is-layout-flex wp-container-core-buttons-is-layout-16018d1d wp-block-buttons-is-layout-flex\">\n<div class=\"wp-block-button aligncenter\"><a class=\"wp-block-button__link wp-element-button\" href=\"https:\/\/biolinecorp.ca\/wp-content\/uploads\/2022\/05\/20220504-Canola-Handout-V4.pdf\" target=\"_blank\" rel=\"noreferrer noopener\">Folheto Canola<\/a><\/div>\n\n\n\n<div class=\"wp-block-button\"><a class=\"wp-block-button__link wp-element-button\" href=\"https:\/\/biolinecorp.ca\/wp-content\/uploads\/2023\/04\/20220716-Bioline-Abiotic-Stress-Tolerance-Flyer-V3-FINAL.pdf\" target=\"_blank\" rel=\"noreferrer noopener\">Folha de Apoio ao Calor e Toler\u00e2ncia \u00e0 Seca<\/a><\/div>\n<\/div>\n<\/div>\n<\/div>\n\n\n\n<div style=\"height:50px\" aria-hidden=\"true\" class=\"wp-block-spacer\"><\/div>\n\n\n<div class=\"w-heading heading-9 text-left\">\n    <div class=\"w-wrapper\">\n                 \n        <h2>           \n            <span>Calend\u00e1rio e Tarifas de Aplica\u00e7\u00e3o BioLiNE\u00ae Recomendado<\/span>        <\/h2>\n                    <\/div>\n<\/div>\n\n\n\n<div style=\"height:50px\" aria-hidden=\"true\" class=\"wp-block-spacer\"><\/div>\n\n\n<div class=\"wp-block-image is-style-default\">\n<figure class=\"aligncenter size-large\"><img decoding=\"async\" width=\"1024\" height=\"560\" src=\"https:\/\/biolinecorp.ca\/wp-content\/uploads\/2022\/02\/20200224-Canola-Stages-of-Application-Image-1024x560.png\" alt=\"Fotografia do momento e das taxas de aplica\u00e7\u00e3o para a canola.\" class=\"wp-image-24544\" srcset=\"https:\/\/biolinecorp.ca\/wp-content\/uploads\/2022\/02\/20200224-Canola-Stages-of-Application-Image-1024x560.png 1024w, https:\/\/biolinecorp.ca\/wp-content\/uploads\/2022\/02\/20200224-Canola-Stages-of-Application-Image-600x328.png 600w, https:\/\/biolinecorp.ca\/wp-content\/uploads\/2022\/02\/20200224-Canola-Stages-of-Application-Image-768x420.png 768w, https:\/\/biolinecorp.ca\/wp-content\/uploads\/2022\/02\/20200224-Canola-Stages-of-Application-Image-640x350.png 640w, https:\/\/biolinecorp.ca\/wp-content\/uploads\/2022\/02\/20200224-Canola-Stages-of-Application-Image-1280x700.png 1280w, https:\/\/biolinecorp.ca\/wp-content\/uploads\/2022\/02\/20200224-Canola-Stages-of-Application-Image.png 1441w\" sizes=\"(max-width: 1024px) 100vw, 1024px\" \/><\/figure>\n<\/div>\n\n\n<div style=\"height:75px\" aria-hidden=\"true\" class=\"wp-block-spacer\"><\/div>\n\n\n<div class=\"w-heading heading-9 text-left\">\n    <div class=\"w-wrapper\">\n                 \n        <h2>           \n            <span>Resultados do ensaio<\/span>        <\/h2>\n                    <\/div>\n<\/div>\n\n\n\n<div style=\"height:50px\" aria-hidden=\"true\" class=\"wp-block-spacer\"><\/div>\n\n\n\n<h3 class=\"wp-block-heading has-large-font-size\" id=\"h-application-of-bioline-fulvic-acid-under-drought\">Aplica\u00e7\u00e3o de BioLiNE<strong><sup>\u00ae<\/sup><\/strong> \u00c1cido f\u00falvico sob seca<\/h3>\n\n\n\n<div style=\"height:25px\" aria-hidden=\"true\" class=\"wp-block-spacer\"><\/div>\n\n\n\n<p style=\"font-size:18px\"><strong>Glutati\u00e3o<\/strong>, <strong>ascorbate<\/strong>e <strong>catalase<\/strong> s\u00e3o todas as esp\u00e9cies qu\u00edmicas envolvidas na transforma\u00e7\u00e3o e desintoxica\u00e7\u00e3o de esp\u00e9cies radicais de oxig\u00e9nio (ROS) para evitar danos \u00e0 planta. As ERO desempenham um papel importante no crescimento e desenvolvimento das plantas. Quando a sua concentra\u00e7\u00e3o aumenta em caso de stress, ocorre stress oxidativo que pode levar \u00e0 peroxida\u00e7\u00e3o lip\u00eddica e a danos celulares. A atividade destas subst\u00e2ncias qu\u00edmicas aumenta quando uma planta \u00e9 exposta a um stress abi\u00f3tico, como a seca. Os <strong>DPPH<\/strong> ensaio \u00e9\u00a0<strong>utilizado para prever actividades antioxidantes por mecanismo em que os antioxidantes actuam para inibir a oxida\u00e7\u00e3o lip\u00eddica<\/strong>. Se os n\u00edveis de antioxidantes tiverem aumentado, a quantidade de DPPH necr\u00f3fago tamb\u00e9m dever\u00e1 aumentar.<\/p>\n\n\n\n<p style=\"font-size:18px\">Os ensaios ambientais controlados mostraram que as plantas secas tratadas com BioLiNE<strong><sup>\u00ae<\/sup><\/strong> tinha n\u00edveis mais elevados de antioxidante (ascorbato e glutationa), catalase e DPPH, o que mostra a capacidade do \u00e1cido f\u00falvico para ajudar a canola a aumentar a sua resposta ao stress da seca atrav\u00e9s da media\u00e7\u00e3o de ROS que danificaria a planta. <\/p>\n\n\n\n<div class=\"wp-block-columns is-layout-flex wp-container-core-columns-is-layout-9d6595d7 wp-block-columns-is-layout-flex\">\n<div class=\"wp-block-column is-layout-flow wp-block-column-is-layout-flow\">\n<figure class=\"wp-block-image size-large is-resized is-style-default\"><img decoding=\"async\" src=\"https:\/\/biolinecorp.ca\/wp-content\/uploads\/2022\/02\/Canola-Catalase-1024x737.png\" alt=\"Gr\u00e1fico que mostra a capacidade do BioLiNE para melhorar a atividade da catalase.\" class=\"wp-image-24835\" style=\"width:203px;height:146px\" width=\"203\" height=\"146\" srcset=\"https:\/\/biolinecorp.ca\/wp-content\/uploads\/2022\/02\/Canola-Catalase-1024x737.png 1024w, https:\/\/biolinecorp.ca\/wp-content\/uploads\/2022\/02\/Canola-Catalase-600x432.png 600w, https:\/\/biolinecorp.ca\/wp-content\/uploads\/2022\/02\/Canola-Catalase-768x553.png 768w, https:\/\/biolinecorp.ca\/wp-content\/uploads\/2022\/02\/Canola-Catalase-640x460.png 640w, https:\/\/biolinecorp.ca\/wp-content\/uploads\/2022\/02\/Canola-Catalase-1280x921.png 1280w, https:\/\/biolinecorp.ca\/wp-content\/uploads\/2022\/02\/Canola-Catalase.png 1344w\" sizes=\"(max-width: 203px) 100vw, 203px\" \/><\/figure>\n<\/div>\n\n\n\n<div class=\"wp-block-column is-layout-flow wp-block-column-is-layout-flow\">\n<figure class=\"wp-block-image size-large is-style-default\"><img decoding=\"async\" width=\"1024\" height=\"746\" src=\"https:\/\/biolinecorp.ca\/wp-content\/uploads\/2022\/03\/Canola-AsA-1024x746.png\" alt=\"Gr\u00e1fico que mostra a capacidade do BioLiNE para melhorar a concentra\u00e7\u00e3o de ascorbato.\" class=\"wp-image-25166\" srcset=\"https:\/\/biolinecorp.ca\/wp-content\/uploads\/2022\/03\/Canola-AsA-1024x746.png 1024w, https:\/\/biolinecorp.ca\/wp-content\/uploads\/2022\/03\/Canola-AsA-600x437.png 600w, https:\/\/biolinecorp.ca\/wp-content\/uploads\/2022\/03\/Canola-AsA-768x560.png 768w, https:\/\/biolinecorp.ca\/wp-content\/uploads\/2022\/03\/Canola-AsA-640x467.png 640w, https:\/\/biolinecorp.ca\/wp-content\/uploads\/2022\/03\/Canola-AsA-1280x933.png 1280w, https:\/\/biolinecorp.ca\/wp-content\/uploads\/2022\/03\/Canola-AsA.png 1343w\" sizes=\"(max-width: 1024px) 100vw, 1024px\" \/><\/figure>\n<\/div>\n\n\n\n<div class=\"wp-block-column is-layout-flow wp-block-column-is-layout-flow\">\n<figure class=\"wp-block-image size-large is-style-default\"><img decoding=\"async\" width=\"1024\" height=\"737\" src=\"https:\/\/biolinecorp.ca\/wp-content\/uploads\/2022\/02\/Canola-GSH-1024x737.png\" alt=\"Gr\u00e1fico que mostra a capacidade do BioLiNE para melhorar a concentra\u00e7\u00e3o de glutati\u00e3o.\" class=\"wp-image-24836\" srcset=\"https:\/\/biolinecorp.ca\/wp-content\/uploads\/2022\/02\/Canola-GSH-1024x737.png 1024w, https:\/\/biolinecorp.ca\/wp-content\/uploads\/2022\/02\/Canola-GSH-600x432.png 600w, https:\/\/biolinecorp.ca\/wp-content\/uploads\/2022\/02\/Canola-GSH-768x553.png 768w, https:\/\/biolinecorp.ca\/wp-content\/uploads\/2022\/02\/Canola-GSH-640x461.png 640w, https:\/\/biolinecorp.ca\/wp-content\/uploads\/2022\/02\/Canola-GSH-1280x922.png 1280w, https:\/\/biolinecorp.ca\/wp-content\/uploads\/2022\/02\/Canola-GSH.png 1343w\" sizes=\"(max-width: 1024px) 100vw, 1024px\" \/><\/figure>\n<\/div>\n\n\n\n<div class=\"wp-block-column is-layout-flow wp-block-column-is-layout-flow\">\n<figure class=\"wp-block-image size-large is-style-default\"><img decoding=\"async\" width=\"1024\" height=\"739\" src=\"https:\/\/biolinecorp.ca\/wp-content\/uploads\/2022\/02\/Canola-DPPH-1024x739.png\" alt=\"Gr\u00e1fico que mostra a capacidade do BioLiNE para melhorar a elimina\u00e7\u00e3o do DPPH.\" class=\"wp-image-24837\" srcset=\"https:\/\/biolinecorp.ca\/wp-content\/uploads\/2022\/02\/Canola-DPPH-1024x739.png 1024w, https:\/\/biolinecorp.ca\/wp-content\/uploads\/2022\/02\/Canola-DPPH-600x433.png 600w, https:\/\/biolinecorp.ca\/wp-content\/uploads\/2022\/02\/Canola-DPPH-768x554.png 768w, https:\/\/biolinecorp.ca\/wp-content\/uploads\/2022\/02\/Canola-DPPH-640x462.png 640w, https:\/\/biolinecorp.ca\/wp-content\/uploads\/2022\/02\/Canola-DPPH-1280x924.png 1280w, https:\/\/biolinecorp.ca\/wp-content\/uploads\/2022\/02\/Canola-DPPH.png 1343w\" sizes=\"(max-width: 1024px) 100vw, 1024px\" \/><\/figure>\n<\/div>\n<\/div>\n\n\n\n<div style=\"height:10px\" aria-hidden=\"true\" class=\"wp-block-spacer\"><\/div>\n\n\n\n<hr class=\"wp-block-separator has-css-opacity\"\/>\n\n\n\n<div style=\"height:50px\" aria-hidden=\"true\" class=\"wp-block-spacer\"><\/div>\n\n\n\n<h3 class=\"wp-block-heading has-large-font-size\" id=\"h-drought-stress-amelioration-wintering-hills-colony-2021\"><strong>Seca de Stress Amelioration Wintering Hills Col\u00f3nia 2021<\/strong><\/h3>\n\n\n\n<div style=\"height:25px\" aria-hidden=\"true\" class=\"wp-block-spacer\"><\/div>\n\n\n\n<p>O rendimento m\u00e9dio para a Alberta do Sul em 2020 foi de 44,0 bu\/acre. Devido a um ano de seca intensa em 2021, esta m\u00e9dia diminuiu para 16,1 bu\/acre (rendimento de 37%) (<a href=\"https:\/\/open.alberta.ca\/dataset\/664f3ae9-db2a-4e84-91a8-59c7b379a050\/resource\/c2b9e699-667d-4ac1-87b6-bd1c9115c03c\/download\/af-itrb-alberta-crop-report-2021-10-05.pdf\" target=\"_blank\" rel=\"noreferrer noopener\">Relat\u00f3rio Alberta Crop<\/a>).<\/p>\n\n\n\n<p>Com aplica\u00e7\u00e3o de BioLiNE<strong><sup>\u00ae<\/sup><\/strong> Ouro em 8 explora\u00e7\u00f5es diferentes na col\u00f3nia Wintering Hills, o rendimento m\u00e9dio de canola aumentou para 27,0 bu\/acre, (61% rendimento em compara\u00e7\u00e3o com os dados de 2020 e 64,9% aumento em rela\u00e7\u00e3o \u00e0 m\u00e9dia do condado em 2021).<\/p>\n\n\n\n<div style=\"height:25px\" aria-hidden=\"true\" class=\"wp-block-spacer\"><\/div>\n\n\n\n<figure class=\"wp-block-image size-large is-resized is-style-default\"><img decoding=\"async\" src=\"https:\/\/biolinecorp.ca\/wp-content\/uploads\/2022\/03\/Wintering-Hills-Results-2-1024x102.jpg\" alt=\"\" class=\"wp-image-25176\" style=\"width:1209px;height:120px\" width=\"1209\" height=\"120\" srcset=\"https:\/\/biolinecorp.ca\/wp-content\/uploads\/2022\/03\/Wintering-Hills-Results-2-1024x102.jpg 1024w, https:\/\/biolinecorp.ca\/wp-content\/uploads\/2022\/03\/Wintering-Hills-Results-2-600x60.jpg 600w, https:\/\/biolinecorp.ca\/wp-content\/uploads\/2022\/03\/Wintering-Hills-Results-2-768x76.jpg 768w, https:\/\/biolinecorp.ca\/wp-content\/uploads\/2022\/03\/Wintering-Hills-Results-2-1536x153.jpg 1536w, https:\/\/biolinecorp.ca\/wp-content\/uploads\/2022\/03\/Wintering-Hills-Results-2-640x64.jpg 640w, https:\/\/biolinecorp.ca\/wp-content\/uploads\/2022\/03\/Wintering-Hills-Results-2-1280x127.jpg 1280w, https:\/\/biolinecorp.ca\/wp-content\/uploads\/2022\/03\/Wintering-Hills-Results-2.jpg 1692w\" sizes=\"(max-width: 1209px) 100vw, 1209px\" \/><\/figure>\n\n\n\n<head><!-- Global site tag (gtag.js) - Google Ads: 781808697 --> <script async src=\"https:\/\/www.googletagmanager.com\/gtag\/js?id=AW-781808697\"><\/script> <script> window.dataLayer = window.dataLayer || []; function gtag(){dataLayer.push(arguments);} gtag('js', new Date()); gtag('config', 'AW-781808697'); gtag('config', 'AW-781808697');<\/script> <\/head>","protected":false},"excerpt":{"rendered":"<p>How Does BioLiNE\u00ae Help Canola Production? Our BioLiNE\u00ae technology transports and assimilates nutrients, and other plant beneficial ingredients more efficiently. BioLiNE\u00ae products enhance crop health through their entire life-cycle from seeding to harvest by supplying electrolytes and establishing electrochemical balance in plants. Combining this highly beneficial attribute with improved bioactive chemistry, superior cell permeability, and [&hellip;]<\/p>\n","protected":false},"author":2,"featured_media":0,"parent":0,"menu_order":14,"comment_status":"closed","ping_status":"closed","template":"","meta":{"_monsterinsights_skip_tracking":false,"_monsterinsights_sitenote_active":false,"_monsterinsights_sitenote_note":"","_monsterinsights_sitenote_category":0,"footnotes":""},"class_list":["post-24075","page","type-page","status-publish","hentry"],"yoast_head":"<!-- This site is optimized with the Yoast SEO Premium plugin v27.3 (Yoast SEO v27.3) - https:\/\/yoast.com\/product\/yoast-seo-premium-wordpress\/ -->\n<title>Canola -<\/title>\n<meta name=\"description\" content=\"BioLiNE\u00ae technology helps improve canola plant&#039;s natural defenses against abiotic (environmental) stress to preserve potential yield loss.\" \/>\n<meta name=\"robots\" content=\"index, follow, max-snippet:-1, max-image-preview:large, max-video-preview:-1\" \/>\n<link rel=\"canonical\" href=\"https:\/\/biolinecorp.ca\/pt\/canola\/\" \/>\n<meta property=\"og:locale\" content=\"pt_PT\" \/>\n<meta property=\"og:type\" content=\"article\" \/>\n<meta property=\"og:title\" content=\"Canola\" \/>\n<meta property=\"og:description\" content=\"BioLiNE\u00ae technology helps improve canola plant&#039;s natural defenses against abiotic (environmental) stress to preserve potential yield loss.\" \/>\n<meta property=\"og:url\" content=\"https:\/\/biolinecorp.ca\/pt\/canola\/\" \/>\n<meta property=\"article:publisher\" content=\"https:\/\/www.facebook.com\/BiolineCorp\/\" \/>\n<meta property=\"article:modified_time\" content=\"2023-09-13T19:26:24+00:00\" \/>\n<meta property=\"og:image\" content=\"https:\/\/biolinecorp.ca\/wp-content\/uploads\/2022\/02\/20200224-Canola-Stages-of-Application-Image-1024x560.png\" \/>\n<meta name=\"twitter:card\" content=\"summary_large_image\" \/>\n<meta name=\"twitter:site\" content=\"@BiolineCorp\" \/>\n<meta name=\"twitter:label1\" content=\"Tempo estimado de leitura\" \/>\n\t<meta name=\"twitter:data1\" content=\"3 minutos\" \/>\n<script type=\"application\/ld+json\" class=\"yoast-schema-graph\">{\"@context\":\"https:\\\/\\\/schema.org\",\"@graph\":[{\"@type\":\"WebPage\",\"@id\":\"https:\\\/\\\/biolinecorp.ca\\\/en_ca\\\/canola\\\/\",\"url\":\"https:\\\/\\\/biolinecorp.ca\\\/en_ca\\\/canola\\\/\",\"name\":\"Canola -\",\"isPartOf\":{\"@id\":\"https:\\\/\\\/biolinecorp.ca\\\/#website\"},\"primaryImageOfPage\":{\"@id\":\"https:\\\/\\\/biolinecorp.ca\\\/en_ca\\\/canola\\\/#primaryimage\"},\"image\":{\"@id\":\"https:\\\/\\\/biolinecorp.ca\\\/en_ca\\\/canola\\\/#primaryimage\"},\"thumbnailUrl\":\"https:\\\/\\\/biolinecorp.ca\\\/wp-content\\\/uploads\\\/2022\\\/02\\\/20200224-Canola-Stages-of-Application-Image-1024x560.png\",\"datePublished\":\"2022-02-10T17:17:51+00:00\",\"dateModified\":\"2023-09-13T19:26:24+00:00\",\"description\":\"BioLiNE\u00ae technology helps improve canola plant's natural defenses against abiotic (environmental) stress to preserve potential yield loss.\",\"breadcrumb\":{\"@id\":\"https:\\\/\\\/biolinecorp.ca\\\/en_ca\\\/canola\\\/#breadcrumb\"},\"inLanguage\":\"pt-PT\",\"potentialAction\":[{\"@type\":\"ReadAction\",\"target\":[\"https:\\\/\\\/biolinecorp.ca\\\/en_ca\\\/canola\\\/\"]}]},{\"@type\":\"ImageObject\",\"inLanguage\":\"pt-PT\",\"@id\":\"https:\\\/\\\/biolinecorp.ca\\\/en_ca\\\/canola\\\/#primaryimage\",\"url\":\"https:\\\/\\\/biolinecorp.ca\\\/wp-content\\\/uploads\\\/2022\\\/02\\\/20200224-Canola-Stages-of-Application-Image-1024x560.png\",\"contentUrl\":\"https:\\\/\\\/biolinecorp.ca\\\/wp-content\\\/uploads\\\/2022\\\/02\\\/20200224-Canola-Stages-of-Application-Image-1024x560.png\"},{\"@type\":\"BreadcrumbList\",\"@id\":\"https:\\\/\\\/biolinecorp.ca\\\/en_ca\\\/canola\\\/#breadcrumb\",\"itemListElement\":[{\"@type\":\"ListItem\",\"position\":1,\"name\":\"Home\",\"item\":\"https:\\\/\\\/biolinecorp.ca\\\/en_ca\\\/\"},{\"@type\":\"ListItem\",\"position\":2,\"name\":\"Canola\"}]},{\"@type\":\"WebSite\",\"@id\":\"https:\\\/\\\/biolinecorp.ca\\\/#website\",\"url\":\"https:\\\/\\\/biolinecorp.ca\\\/\",\"name\":\"BioLine Corporation\",\"description\":\"\",\"publisher\":{\"@id\":\"https:\\\/\\\/biolinecorp.ca\\\/#organization\"},\"potentialAction\":[{\"@type\":\"SearchAction\",\"target\":{\"@type\":\"EntryPoint\",\"urlTemplate\":\"https:\\\/\\\/biolinecorp.ca\\\/?s={search_term_string}\"},\"query-input\":{\"@type\":\"PropertyValueSpecification\",\"valueRequired\":true,\"valueName\":\"search_term_string\"}}],\"inLanguage\":\"pt-PT\"},{\"@type\":\"Organization\",\"@id\":\"https:\\\/\\\/biolinecorp.ca\\\/#organization\",\"name\":\"Bioline Corporation\",\"url\":\"https:\\\/\\\/biolinecorp.ca\\\/\",\"logo\":{\"@type\":\"ImageObject\",\"inLanguage\":\"pt-PT\",\"@id\":\"https:\\\/\\\/biolinecorp.ca\\\/#\\\/schema\\\/logo\\\/image\\\/\",\"url\":\"https:\\\/\\\/biolinecorp.ca\\\/wp-content\\\/uploads\\\/2018\\\/02\\\/Bioline_logo.png\",\"contentUrl\":\"https:\\\/\\\/biolinecorp.ca\\\/wp-content\\\/uploads\\\/2018\\\/02\\\/Bioline_logo.png\",\"width\":667,\"height\":181,\"caption\":\"Bioline Corporation\"},\"image\":{\"@id\":\"https:\\\/\\\/biolinecorp.ca\\\/#\\\/schema\\\/logo\\\/image\\\/\"},\"sameAs\":[\"https:\\\/\\\/www.facebook.com\\\/BiolineCorp\\\/\",\"https:\\\/\\\/x.com\\\/BiolineCorp\",\"https:\\\/\\\/www.linkedin.com\\\/company\\\/bioline-corp\\\/\",\"https:\\\/\\\/www.youtube.com\\\/channel\\\/UCpD4bbIdegjthmdriZ2SAow\"]}]}<\/script>\n<!-- \/ Yoast SEO Premium plugin. -->","yoast_head_json":{"title":"Canola -","description":"A tecnologia BioLiNE\u00ae ajuda a melhorar as defesas naturais da planta de canola contra o stress abi\u00f3tico (ambiental) para preservar a perda potencial de rendimento.","robots":{"index":"index","follow":"follow","max-snippet":"max-snippet:-1","max-image-preview":"max-image-preview:large","max-video-preview":"max-video-preview:-1"},"canonical":"https:\/\/biolinecorp.ca\/pt\/canola\/","og_locale":"pt_PT","og_type":"article","og_title":"Canola","og_description":"BioLiNE\u00ae technology helps improve canola plant's natural defenses against abiotic (environmental) stress to preserve potential yield loss.","og_url":"https:\/\/biolinecorp.ca\/pt\/canola\/","article_publisher":"https:\/\/www.facebook.com\/BiolineCorp\/","article_modified_time":"2023-09-13T19:26:24+00:00","og_image":[{"url":"https:\/\/biolinecorp.ca\/wp-content\/uploads\/2022\/02\/20200224-Canola-Stages-of-Application-Image-1024x560.png","type":"","width":"","height":""}],"twitter_card":"summary_large_image","twitter_site":"@BiolineCorp","twitter_misc":{"Tempo estimado de leitura":"3 minutos"},"schema":{"@context":"https:\/\/schema.org","@graph":[{"@type":"WebPage","@id":"https:\/\/biolinecorp.ca\/en_ca\/canola\/","url":"https:\/\/biolinecorp.ca\/en_ca\/canola\/","name":"Canola -","isPartOf":{"@id":"https:\/\/biolinecorp.ca\/#website"},"primaryImageOfPage":{"@id":"https:\/\/biolinecorp.ca\/en_ca\/canola\/#primaryimage"},"image":{"@id":"https:\/\/biolinecorp.ca\/en_ca\/canola\/#primaryimage"},"thumbnailUrl":"https:\/\/biolinecorp.ca\/wp-content\/uploads\/2022\/02\/20200224-Canola-Stages-of-Application-Image-1024x560.png","datePublished":"2022-02-10T17:17:51+00:00","dateModified":"2023-09-13T19:26:24+00:00","description":"A tecnologia BioLiNE\u00ae ajuda a melhorar as defesas naturais da planta de canola contra o stress abi\u00f3tico (ambiental) para preservar a perda potencial de rendimento.","breadcrumb":{"@id":"https:\/\/biolinecorp.ca\/en_ca\/canola\/#breadcrumb"},"inLanguage":"pt-PT","potentialAction":[{"@type":"ReadAction","target":["https:\/\/biolinecorp.ca\/en_ca\/canola\/"]}]},{"@type":"ImageObject","inLanguage":"pt-PT","@id":"https:\/\/biolinecorp.ca\/en_ca\/canola\/#primaryimage","url":"https:\/\/biolinecorp.ca\/wp-content\/uploads\/2022\/02\/20200224-Canola-Stages-of-Application-Image-1024x560.png","contentUrl":"https:\/\/biolinecorp.ca\/wp-content\/uploads\/2022\/02\/20200224-Canola-Stages-of-Application-Image-1024x560.png"},{"@type":"BreadcrumbList","@id":"https:\/\/biolinecorp.ca\/en_ca\/canola\/#breadcrumb","itemListElement":[{"@type":"ListItem","position":1,"name":"Home","item":"https:\/\/biolinecorp.ca\/en_ca\/"},{"@type":"ListItem","position":2,"name":"Canola"}]},{"@type":"WebSite","@id":"https:\/\/biolinecorp.ca\/#website","url":"https:\/\/biolinecorp.ca\/","name":"BioLine Corporation","description":"","publisher":{"@id":"https:\/\/biolinecorp.ca\/#organization"},"potentialAction":[{"@type":"SearchAction","target":{"@type":"EntryPoint","urlTemplate":"https:\/\/biolinecorp.ca\/?s={search_term_string}"},"query-input":{"@type":"PropertyValueSpecification","valueRequired":true,"valueName":"search_term_string"}}],"inLanguage":"pt-PT"},{"@type":"Organization","@id":"https:\/\/biolinecorp.ca\/#organization","name":"Bioline Corporation","url":"https:\/\/biolinecorp.ca\/","logo":{"@type":"ImageObject","inLanguage":"pt-PT","@id":"https:\/\/biolinecorp.ca\/#\/schema\/logo\/image\/","url":"https:\/\/biolinecorp.ca\/wp-content\/uploads\/2018\/02\/Bioline_logo.png","contentUrl":"https:\/\/biolinecorp.ca\/wp-content\/uploads\/2018\/02\/Bioline_logo.png","width":667,"height":181,"caption":"Bioline Corporation"},"image":{"@id":"https:\/\/biolinecorp.ca\/#\/schema\/logo\/image\/"},"sameAs":["https:\/\/www.facebook.com\/BiolineCorp\/","https:\/\/x.com\/BiolineCorp","https:\/\/www.linkedin.com\/company\/bioline-corp\/","https:\/\/www.youtube.com\/channel\/UCpD4bbIdegjthmdriZ2SAow"]}]}},"_links":{"self":[{"href":"https:\/\/biolinecorp.ca\/pt\/wp-json\/wp\/v2\/pages\/24075","targetHints":{"allow":["GET"]}}],"collection":[{"href":"https:\/\/biolinecorp.ca\/pt\/wp-json\/wp\/v2\/pages"}],"about":[{"href":"https:\/\/biolinecorp.ca\/pt\/wp-json\/wp\/v2\/types\/page"}],"author":[{"embeddable":true,"href":"https:\/\/biolinecorp.ca\/pt\/wp-json\/wp\/v2\/users\/2"}],"replies":[{"embeddable":true,"href":"https:\/\/biolinecorp.ca\/pt\/wp-json\/wp\/v2\/comments?post=24075"}],"version-history":[{"count":0,"href":"https:\/\/biolinecorp.ca\/pt\/wp-json\/wp\/v2\/pages\/24075\/revisions"}],"wp:attachment":[{"href":"https:\/\/biolinecorp.ca\/pt\/wp-json\/wp\/v2\/media?parent=24075"}],"curies":[{"name":"wp","href":"https:\/\/api.w.org\/{rel}","templated":true}]}}