{"id":11154,"date":"2019-10-30T12:08:32","date_gmt":"2019-10-30T16:08:32","guid":{"rendered":"https:\/\/biolinecorp.ca\/?page_id=11154"},"modified":"2024-03-18T08:49:34","modified_gmt":"2024-03-18T12:49:34","slug":"our-technology","status":"publish","type":"page","link":"https:\/\/biolinecorp.ca\/pt\/a-nossa-tecnologia-2\/","title":{"rendered":"A nossa tecnologia"},"content":{"rendered":"<div style=\"height:50px\" aria-hidden=\"true\" class=\"wp-block-spacer\"><\/div>\n\n\n\n<div class=\"wp-block-media-text alignwide is-stacked-on-mobile\"><figure class=\"wp-block-media-text__media\"><img decoding=\"async\" width=\"1024\" height=\"683\" src=\"https:\/\/biolinecorp.ca\/wp-content\/uploads\/2019\/10\/Chemisty-1024x683.jpg\" alt=\"\" class=\"wp-image-11099 size-full\" srcset=\"https:\/\/biolinecorp.ca\/wp-content\/uploads\/2019\/10\/Chemisty-1024x683.jpg 1024w, https:\/\/biolinecorp.ca\/wp-content\/uploads\/2019\/10\/Chemisty-600x400.jpg 600w, https:\/\/biolinecorp.ca\/wp-content\/uploads\/2019\/10\/Chemisty-768x512.jpg 768w, https:\/\/biolinecorp.ca\/wp-content\/uploads\/2019\/10\/Chemisty-640x427.jpg 640w, https:\/\/biolinecorp.ca\/wp-content\/uploads\/2019\/10\/Chemisty-1280x853.jpg 1280w\" sizes=\"(max-width: 1024px) 100vw, 1024px\" \/><\/figure><div class=\"wp-block-media-text__content\">\n<h3 class=\"wp-block-heading has-large-font-size\" id=\"h-our-innovative-technology\">A nossa Tecnologia Inovadora<\/h3>\n\n\n\n<p>BioLiNE<strong><sup>\u00ae<\/sup><\/strong> Corporation \u00e9 um desenvolvimento tecnol\u00f3gico <a href=\"https:\/\/biolinecorp.ca\/pt\/our-company\/\">empresa<\/a> centrado no fornecimento de solu\u00e7\u00f5es avan\u00e7adas, baseadas na ci\u00eancia, para melhorar a produ\u00e7\u00e3o de culturas. A nossa empresa tem um forte enfoque na investiga\u00e7\u00e3o e inova\u00e7\u00e3o. O <a href=\"https:\/\/biolinecorp.ca\/pt\/os-nossos-produtos-2\/\">produtos<\/a> desenvolvemos para melhorar a sustentabilidade das opera\u00e7\u00f5es agr\u00edcolas. Todas as inova\u00e7\u00f5es dos nossos produtos foram formuladas para aumentar a escala, com compatibilidade e facilidade de utiliza\u00e7\u00e3o em mente. Podem ser misturados em insumos de culturas existentes e combinados com outras tecnologias em v\u00e1rios pontos da cadeia de fornecimento, incluindo formuladores de fertilizantes e misturadores, aplicadores personalizados, ou por agricultores. Com baixos requisitos de taxa de utiliza\u00e7\u00e3o e um historial de impacto positivo consistente, as nossas tecnologias s\u00e3o uma op\u00e7\u00e3o muito atractiva para os agricultores.<\/p>\n<\/div><\/div>\n\n\n\n<div style=\"height:50px\" aria-hidden=\"true\" class=\"wp-block-spacer\"><\/div>\n\n\n\n<hr class=\"wp-block-separator has-css-opacity is-style-wide\"\/>\n\n\n\n<div style=\"height:50px\" aria-hidden=\"true\" class=\"wp-block-spacer\"><\/div>\n\n\n\n<p>Utilizamos a nossa propriedade <strong>Fulv-IQ<sup>\u00ae<\/sup><\/strong> processo para purificar e isolar frac\u00e7\u00f5es espec\u00edficas de \u00e1cidos f\u00falvicos que t\u00eam as propriedades mais ben\u00e9ficas para as culturas. A nossa tecnologia \u00e9 uma ferramenta simples, eficaz e acess\u00edvel para ajudar os produtores a gerir as suas culturas. Melhora a efici\u00eancia da utiliza\u00e7\u00e3o dos nutrientes das culturas, aumentando a disponibilidade, transporte e assimila\u00e7\u00e3o de nutrientes, e outras mol\u00e9culas ben\u00e9ficas para as culturas. Os nossos \u00e1cidos f\u00falvicos s\u00e3o uma ferramenta essencial que os cultivadores podem utilizar para refor\u00e7ar as defesas naturais das culturas contra factores-chave de stress ao longo de toda a esta\u00e7\u00e3o.<\/p>\n\n\n\n<p>Com baixos requisitos de taxa de utiliza\u00e7\u00e3o, as nossas solu\u00e7\u00f5es vers\u00e1teis podem ser adicionadas a fertilizantes de arranque e foliares, misturadas no tanque com herbicidas ou fungicidas, impregnadas em fertilizantes secos ou aplicadas como ingrediente em <a href=\"https:\/\/biolinecorp.ca\/wp-content\/uploads\/2024\/03\/20240220-BioLiNE-Seed-Treatment.pdf\">tratamento de sementes<\/a>. Com mais de <strong>2 milh\u00f5es de acres<\/strong> tratado no Canad\u00e1 e nos EUA, BioLiNE<strong><sup>\u00ae<\/sup><\/strong> est\u00e1 empenhada em fornecer valor aos nossos clientes, e assegurar a satisfa\u00e7\u00e3o atrav\u00e9s de um envolvimento proactivo em cada passo do caminho.<\/p>\n\n\n\n<div style=\"height:50px\" aria-hidden=\"true\" class=\"wp-block-spacer\"><\/div>\n\n\n\n<hr class=\"wp-block-separator has-css-opacity is-style-wide\"\/>\n\n\n\n<div style=\"height:50px\" aria-hidden=\"true\" class=\"wp-block-spacer\"><\/div>\n\n\n\n<div class=\"wp-block-media-text alignwide is-stacked-on-mobile\"><figure class=\"wp-block-media-text__media\"><img decoding=\"async\" width=\"1024\" height=\"678\" src=\"https:\/\/biolinecorp.ca\/wp-content\/uploads\/2019\/10\/Plant-Growth-shutter-1024x678.jpg\" alt=\"\" class=\"wp-image-10862 size-full\" srcset=\"https:\/\/biolinecorp.ca\/wp-content\/uploads\/2019\/10\/Plant-Growth-shutter-1024x678.jpg 1024w, https:\/\/biolinecorp.ca\/wp-content\/uploads\/2019\/10\/Plant-Growth-shutter-300x199.jpg 300w, https:\/\/biolinecorp.ca\/wp-content\/uploads\/2019\/10\/Plant-Growth-shutter-768x509.jpg 768w, https:\/\/biolinecorp.ca\/wp-content\/uploads\/2019\/10\/Plant-Growth-shutter-640x424.jpg 640w, https:\/\/biolinecorp.ca\/wp-content\/uploads\/2019\/10\/Plant-Growth-shutter-1280x848.jpg 1280w\" sizes=\"(max-width: 1024px) 100vw, 1024px\" \/><\/figure><div class=\"wp-block-media-text__content\">\n<h3 class=\"wp-block-heading has-large-font-size\" id=\"h-bioline-nbsp-technology-features-amp-advantages\"><strong>BioLiNE<sup>\u00ae&nbsp;<\/sup>Caracter\u00edsticas e Vantagens Tecnol\u00f3gicas<\/strong><\/h3>\n\n\n\n<p><strong>BioLiNE<sup>\u00ae<\/sup>Tecnologia Biogenic Nutrient Accelerator\u2122 (BNA) da empresa<\/strong>\u00a0\u00e9 essencial para uma produ\u00e7\u00e3o vegetal sustent\u00e1vel no nosso ambiente em constante mudan\u00e7a. Desempenha um papel importante na melhoria <a href=\"https:\/\/biolinecorp.ca\/wp-content\/uploads\/2024\/03\/20240122-BioLiNE-Root-and-Soil-Health.pdf\">sa\u00fade do solo<\/a> promovendo a diversidade, a popula\u00e7\u00e3o e o equil\u00edbrio microbiano. BioLiNE<strong><sup>\u00ae<\/sup><\/strong> <a href=\"https:\/\/biolinecorp.ca\/pt\/os-nossos-produtos-2\/\">produtos<\/a> s\u00e3o concebidos para atenuar os impactos negativos dos fen\u00f3menos abi\u00f3ticos que ocorrem ao longo da esta\u00e7\u00e3o de crescimento. BioLiNE<strong><sup>\u00ae<\/sup><\/strong> aumentam a efici\u00eancia da utiliza\u00e7\u00e3o dos nutrientes e da \u00e1gua (NUE e WUE). Os nossos produtos podem ser aplicados em conjunto com qualquer melhor pr\u00e1tica de gest\u00e3o para qualquer cultura. BioLiNE<strong><sup>\u00ae<\/sup><\/strong> os produtos t\u00eam demonstrado historicamente uma boa I.R.O.<\/p>\n<\/div><\/div>\n\n\n\n<head><!-- Global site tag (gtag.js) - Google Ads: 781808697 --> <script async src=\"https:\/\/www.googletagmanager.com\/gtag\/js?id=AW-781808697\"><\/script> <script> window.dataLayer = window.dataLayer || []; function gtag(){dataLayer.push(arguments);} gtag('js', new Date()); gtag('config', 'AW-781808697'); gtag('config', 'AW-781808697');<\/script> <\/head>","protected":false},"excerpt":{"rendered":"<p>Our Innovative Technology BioLiNE\u00ae Corporation is a technology development company focused on providing advanced, science-based solutions to improve crop production. Our company has a strong focus on research and innovation. The products we have developed improve the sustainability of farm operations. All of our product innovations were formulated for scale-up, with compatibility, and ease-of-use in [&hellip;]<\/p>\n","protected":false},"author":2,"featured_media":0,"parent":0,"menu_order":22,"comment_status":"closed","ping_status":"closed","template":"","meta":{"_monsterinsights_skip_tracking":false,"_monsterinsights_sitenote_active":false,"_monsterinsights_sitenote_note":"","_monsterinsights_sitenote_category":0,"footnotes":""},"class_list":["post-11154","page","type-page","status-publish","hentry"],"yoast_head":"<!-- This site is optimized with the Yoast SEO Premium plugin v27.3 (Yoast SEO v27.3) - https:\/\/yoast.com\/product\/yoast-seo-premium-wordpress\/ -->\n<title>BioLiNE&#039;s Biogenic Nutrient Accelerator\u2122 (BNA) Technology<\/title>\n<meta name=\"description\" content=\"Want to learn more about BioLiNE&#039;s Technology and our proven track record of armouring crops against abiotic stress?\" \/>\n<meta name=\"robots\" content=\"index, follow, max-snippet:-1, max-image-preview:large, max-video-preview:-1\" \/>\n<link rel=\"canonical\" href=\"https:\/\/biolinecorp.ca\/pt\/a-nossa-tecnologia-2\/\" \/>\n<meta property=\"og:locale\" content=\"pt_PT\" \/>\n<meta property=\"og:type\" content=\"article\" \/>\n<meta property=\"og:title\" content=\"BioLiNE&#039;s Biogenic Nutrient Accelerator\u2122 (BNA) Technology\" \/>\n<meta property=\"og:description\" content=\"Want to learn more about BioLiNE&#039;s Technology? Our proven trace-record of armouring crops helps preserve the innate genetic yield potential of crops.\" \/>\n<meta property=\"og:url\" content=\"https:\/\/biolinecorp.ca\/pt\/a-nossa-tecnologia-2\/\" \/>\n<meta property=\"article:publisher\" content=\"https:\/\/www.facebook.com\/BiolineCorp\/\" \/>\n<meta property=\"article:modified_time\" content=\"2024-03-18T12:49:34+00:00\" \/>\n<meta property=\"og:image\" content=\"https:\/\/biolinecorp.ca\/wp-content\/uploads\/2019\/10\/corn-field.jpg\" \/>\n\t<meta property=\"og:image:width\" content=\"7210\" \/>\n\t<meta property=\"og:image:height\" content=\"4139\" \/>\n\t<meta property=\"og:image:type\" content=\"image\/jpeg\" \/>\n<meta name=\"twitter:card\" content=\"summary_large_image\" \/>\n<meta name=\"twitter:title\" content=\"BioLiNE&#039;s Biogenic Nutrient Accelerator\u2122 (BNA) Technology\" \/>\n<meta name=\"twitter:description\" content=\"Want to learn more about BioLiNE&#039;s Technology? Our proven trace-record of armouring crops helps preserve the innate genetic yield potential of crops.\" \/>\n<meta name=\"twitter:image\" content=\"https:\/\/biolinecorp.ca\/wp-content\/uploads\/2019\/10\/corn-field.jpg\" \/>\n<meta name=\"twitter:site\" content=\"@BiolineCorp\" \/>\n<meta name=\"twitter:label1\" content=\"Tempo estimado de leitura\" \/>\n\t<meta name=\"twitter:data1\" content=\"2 minutos\" \/>\n<script type=\"application\/ld+json\" class=\"yoast-schema-graph\">{\"@context\":\"https:\\\/\\\/schema.org\",\"@graph\":[{\"@type\":\"WebPage\",\"@id\":\"https:\\\/\\\/biolinecorp.ca\\\/en_ca\\\/our-technology\\\/\",\"url\":\"https:\\\/\\\/biolinecorp.ca\\\/en_ca\\\/our-technology\\\/\",\"name\":\"BioLiNE's Biogenic Nutrient Accelerator\u2122 (BNA) Technology\",\"isPartOf\":{\"@id\":\"https:\\\/\\\/biolinecorp.ca\\\/#website\"},\"primaryImageOfPage\":{\"@id\":\"https:\\\/\\\/biolinecorp.ca\\\/en_ca\\\/our-technology\\\/#primaryimage\"},\"image\":{\"@id\":\"https:\\\/\\\/biolinecorp.ca\\\/en_ca\\\/our-technology\\\/#primaryimage\"},\"thumbnailUrl\":\"https:\\\/\\\/biolinecorp.ca\\\/wp-content\\\/uploads\\\/2019\\\/10\\\/Chemisty-1024x683.jpg\",\"datePublished\":\"2019-10-30T16:08:32+00:00\",\"dateModified\":\"2024-03-18T12:49:34+00:00\",\"description\":\"Want to learn more about BioLiNE's Technology and our proven track record of armouring crops against abiotic stress?\",\"breadcrumb\":{\"@id\":\"https:\\\/\\\/biolinecorp.ca\\\/en_ca\\\/our-technology\\\/#breadcrumb\"},\"inLanguage\":\"pt-PT\",\"potentialAction\":[{\"@type\":\"ReadAction\",\"target\":[\"https:\\\/\\\/biolinecorp.ca\\\/en_ca\\\/our-technology\\\/\"]}]},{\"@type\":\"ImageObject\",\"inLanguage\":\"pt-PT\",\"@id\":\"https:\\\/\\\/biolinecorp.ca\\\/en_ca\\\/our-technology\\\/#primaryimage\",\"url\":\"https:\\\/\\\/biolinecorp.ca\\\/wp-content\\\/uploads\\\/2019\\\/10\\\/Chemisty-1024x683.jpg\",\"contentUrl\":\"https:\\\/\\\/biolinecorp.ca\\\/wp-content\\\/uploads\\\/2019\\\/10\\\/Chemisty-1024x683.jpg\"},{\"@type\":\"BreadcrumbList\",\"@id\":\"https:\\\/\\\/biolinecorp.ca\\\/en_ca\\\/our-technology\\\/#breadcrumb\",\"itemListElement\":[{\"@type\":\"ListItem\",\"position\":1,\"name\":\"Home\",\"item\":\"https:\\\/\\\/biolinecorp.ca\\\/en_ca\\\/\"},{\"@type\":\"ListItem\",\"position\":2,\"name\":\"Our Technology\"}]},{\"@type\":\"WebSite\",\"@id\":\"https:\\\/\\\/biolinecorp.ca\\\/#website\",\"url\":\"https:\\\/\\\/biolinecorp.ca\\\/\",\"name\":\"BioLine Corporation\",\"description\":\"\",\"publisher\":{\"@id\":\"https:\\\/\\\/biolinecorp.ca\\\/#organization\"},\"potentialAction\":[{\"@type\":\"SearchAction\",\"target\":{\"@type\":\"EntryPoint\",\"urlTemplate\":\"https:\\\/\\\/biolinecorp.ca\\\/?s={search_term_string}\"},\"query-input\":{\"@type\":\"PropertyValueSpecification\",\"valueRequired\":true,\"valueName\":\"search_term_string\"}}],\"inLanguage\":\"pt-PT\"},{\"@type\":\"Organization\",\"@id\":\"https:\\\/\\\/biolinecorp.ca\\\/#organization\",\"name\":\"Bioline Corporation\",\"url\":\"https:\\\/\\\/biolinecorp.ca\\\/\",\"logo\":{\"@type\":\"ImageObject\",\"inLanguage\":\"pt-PT\",\"@id\":\"https:\\\/\\\/biolinecorp.ca\\\/#\\\/schema\\\/logo\\\/image\\\/\",\"url\":\"https:\\\/\\\/biolinecorp.ca\\\/wp-content\\\/uploads\\\/2018\\\/02\\\/Bioline_logo.png\",\"contentUrl\":\"https:\\\/\\\/biolinecorp.ca\\\/wp-content\\\/uploads\\\/2018\\\/02\\\/Bioline_logo.png\",\"width\":667,\"height\":181,\"caption\":\"Bioline Corporation\"},\"image\":{\"@id\":\"https:\\\/\\\/biolinecorp.ca\\\/#\\\/schema\\\/logo\\\/image\\\/\"},\"sameAs\":[\"https:\\\/\\\/www.facebook.com\\\/BiolineCorp\\\/\",\"https:\\\/\\\/x.com\\\/BiolineCorp\",\"https:\\\/\\\/www.linkedin.com\\\/company\\\/bioline-corp\\\/\",\"https:\\\/\\\/www.youtube.com\\\/channel\\\/UCpD4bbIdegjthmdriZ2SAow\"]}]}<\/script>\n<!-- \/ Yoast SEO Premium plugin. -->","yoast_head_json":{"title":"Tecnologia Biogenic Nutrient Accelerator\u2122 (BNA) da BioLiNE","description":"Quer saber mais sobre a tecnologia BioLiNE e o nosso historial comprovado de blindagem das culturas contra o stress abi\u00f3tico?","robots":{"index":"index","follow":"follow","max-snippet":"max-snippet:-1","max-image-preview":"max-image-preview:large","max-video-preview":"max-video-preview:-1"},"canonical":"https:\/\/biolinecorp.ca\/pt\/a-nossa-tecnologia-2\/","og_locale":"pt_PT","og_type":"article","og_title":"BioLiNE's Biogenic Nutrient Accelerator\u2122 (BNA) Technology","og_description":"Want to learn more about BioLiNE's Technology? Our proven trace-record of armouring crops helps preserve the innate genetic yield potential of crops.","og_url":"https:\/\/biolinecorp.ca\/pt\/a-nossa-tecnologia-2\/","article_publisher":"https:\/\/www.facebook.com\/BiolineCorp\/","article_modified_time":"2024-03-18T12:49:34+00:00","og_image":[{"width":7210,"height":4139,"url":"https:\/\/biolinecorp.ca\/wp-content\/uploads\/2019\/10\/corn-field.jpg","type":"image\/jpeg"}],"twitter_card":"summary_large_image","twitter_title":"BioLiNE's Biogenic Nutrient Accelerator\u2122 (BNA) Technology","twitter_description":"Want to learn more about BioLiNE's Technology? Our proven trace-record of armouring crops helps preserve the innate genetic yield potential of crops.","twitter_image":"https:\/\/biolinecorp.ca\/wp-content\/uploads\/2019\/10\/corn-field.jpg","twitter_site":"@BiolineCorp","twitter_misc":{"Tempo estimado de leitura":"2 minutos"},"schema":{"@context":"https:\/\/schema.org","@graph":[{"@type":"WebPage","@id":"https:\/\/biolinecorp.ca\/en_ca\/our-technology\/","url":"https:\/\/biolinecorp.ca\/en_ca\/our-technology\/","name":"Tecnologia Biogenic Nutrient Accelerator\u2122 (BNA) da BioLiNE","isPartOf":{"@id":"https:\/\/biolinecorp.ca\/#website"},"primaryImageOfPage":{"@id":"https:\/\/biolinecorp.ca\/en_ca\/our-technology\/#primaryimage"},"image":{"@id":"https:\/\/biolinecorp.ca\/en_ca\/our-technology\/#primaryimage"},"thumbnailUrl":"https:\/\/biolinecorp.ca\/wp-content\/uploads\/2019\/10\/Chemisty-1024x683.jpg","datePublished":"2019-10-30T16:08:32+00:00","dateModified":"2024-03-18T12:49:34+00:00","description":"Quer saber mais sobre a tecnologia BioLiNE e o nosso historial comprovado de blindagem das culturas contra o stress abi\u00f3tico?","breadcrumb":{"@id":"https:\/\/biolinecorp.ca\/en_ca\/our-technology\/#breadcrumb"},"inLanguage":"pt-PT","potentialAction":[{"@type":"ReadAction","target":["https:\/\/biolinecorp.ca\/en_ca\/our-technology\/"]}]},{"@type":"ImageObject","inLanguage":"pt-PT","@id":"https:\/\/biolinecorp.ca\/en_ca\/our-technology\/#primaryimage","url":"https:\/\/biolinecorp.ca\/wp-content\/uploads\/2019\/10\/Chemisty-1024x683.jpg","contentUrl":"https:\/\/biolinecorp.ca\/wp-content\/uploads\/2019\/10\/Chemisty-1024x683.jpg"},{"@type":"BreadcrumbList","@id":"https:\/\/biolinecorp.ca\/en_ca\/our-technology\/#breadcrumb","itemListElement":[{"@type":"ListItem","position":1,"name":"Home","item":"https:\/\/biolinecorp.ca\/en_ca\/"},{"@type":"ListItem","position":2,"name":"Our Technology"}]},{"@type":"WebSite","@id":"https:\/\/biolinecorp.ca\/#website","url":"https:\/\/biolinecorp.ca\/","name":"BioLine Corporation","description":"","publisher":{"@id":"https:\/\/biolinecorp.ca\/#organization"},"potentialAction":[{"@type":"SearchAction","target":{"@type":"EntryPoint","urlTemplate":"https:\/\/biolinecorp.ca\/?s={search_term_string}"},"query-input":{"@type":"PropertyValueSpecification","valueRequired":true,"valueName":"search_term_string"}}],"inLanguage":"pt-PT"},{"@type":"Organization","@id":"https:\/\/biolinecorp.ca\/#organization","name":"Bioline Corporation","url":"https:\/\/biolinecorp.ca\/","logo":{"@type":"ImageObject","inLanguage":"pt-PT","@id":"https:\/\/biolinecorp.ca\/#\/schema\/logo\/image\/","url":"https:\/\/biolinecorp.ca\/wp-content\/uploads\/2018\/02\/Bioline_logo.png","contentUrl":"https:\/\/biolinecorp.ca\/wp-content\/uploads\/2018\/02\/Bioline_logo.png","width":667,"height":181,"caption":"Bioline Corporation"},"image":{"@id":"https:\/\/biolinecorp.ca\/#\/schema\/logo\/image\/"},"sameAs":["https:\/\/www.facebook.com\/BiolineCorp\/","https:\/\/x.com\/BiolineCorp","https:\/\/www.linkedin.com\/company\/bioline-corp\/","https:\/\/www.youtube.com\/channel\/UCpD4bbIdegjthmdriZ2SAow"]}]}},"_links":{"self":[{"href":"https:\/\/biolinecorp.ca\/pt\/wp-json\/wp\/v2\/pages\/11154","targetHints":{"allow":["GET"]}}],"collection":[{"href":"https:\/\/biolinecorp.ca\/pt\/wp-json\/wp\/v2\/pages"}],"about":[{"href":"https:\/\/biolinecorp.ca\/pt\/wp-json\/wp\/v2\/types\/page"}],"author":[{"embeddable":true,"href":"https:\/\/biolinecorp.ca\/pt\/wp-json\/wp\/v2\/users\/2"}],"replies":[{"embeddable":true,"href":"https:\/\/biolinecorp.ca\/pt\/wp-json\/wp\/v2\/comments?post=11154"}],"version-history":[{"count":0,"href":"https:\/\/biolinecorp.ca\/pt\/wp-json\/wp\/v2\/pages\/11154\/revisions"}],"wp:attachment":[{"href":"https:\/\/biolinecorp.ca\/pt\/wp-json\/wp\/v2\/media?parent=11154"}],"curies":[{"name":"wp","href":"https:\/\/api.w.org\/{rel}","templated":true}]}}