{"id":71489,"date":"2025-05-01T12:18:24","date_gmt":"2025-05-01T16:18:24","guid":{"rendered":"https:\/\/biolinecorp.ca\/?page_id=71489"},"modified":"2025-05-01T12:21:39","modified_gmt":"2025-05-01T16:21:39","slug":"our-mission","status":"publish","type":"page","link":"https:\/\/biolinecorp.ca\/fr\/notre-mission\/","title":{"rendered":"Notre mission"},"content":{"rendered":"<div style=\"height:30px\" aria-hidden=\"true\" class=\"wp-block-spacer\"><\/div>\n\n\n\n<div class=\"wp-block-media-text is-stacked-on-mobile\" style=\"grid-template-columns:28% auto\"><figure class=\"wp-block-media-text__media\"><img decoding=\"async\" width=\"714\" height=\"1024\" src=\"https:\/\/biolinecorp.ca\/wp-content\/uploads\/2025\/04\/shutterstock_456567850-scaled-e1745429770966-714x1024.jpg\" alt=\"\" class=\"wp-image-69929 size-full\" srcset=\"https:\/\/biolinecorp.ca\/wp-content\/uploads\/2025\/04\/shutterstock_456567850-scaled-e1745429770966-714x1024.jpg 714w, https:\/\/biolinecorp.ca\/wp-content\/uploads\/2025\/04\/shutterstock_456567850-scaled-e1745429770966-419x600.jpg 419w, https:\/\/biolinecorp.ca\/wp-content\/uploads\/2025\/04\/shutterstock_456567850-scaled-e1745429770966-768x1101.jpg 768w, https:\/\/biolinecorp.ca\/wp-content\/uploads\/2025\/04\/shutterstock_456567850-scaled-e1745429770966-1071x1536.jpg 1071w, https:\/\/biolinecorp.ca\/wp-content\/uploads\/2025\/04\/shutterstock_456567850-scaled-e1745429770966-8x12.jpg 8w, https:\/\/biolinecorp.ca\/wp-content\/uploads\/2025\/04\/shutterstock_456567850-scaled-e1745429770966-640x918.jpg 640w, https:\/\/biolinecorp.ca\/wp-content\/uploads\/2025\/04\/shutterstock_456567850-scaled-e1745429770966.jpg 1190w\" sizes=\"(max-width: 714px) 100vw, 714px\" \/><\/figure><div class=\"wp-block-media-text__content\">\n<h3 class=\"wp-block-heading\" id=\"h-rooted-in-innovation-inspired-by-growth-driven-by-results\"><mark style=\"background-color:rgba(0, 0, 0, 0)\" class=\"has-inline-color has-vivid-green-cyan-color\">Enracin\u00e9 dans l'innovation. Inspir\u00e9s par la croissance. Pouss\u00e9s par les r\u00e9sultats.<\/mark><\/h3>\n\n\n\n<p>Chez BioLiNE, nous aspirons \u00e0 fournir des solutions de la plus haute qualit\u00e9 qui dynamisent la sant\u00e9 des plantes, enrichissent le sol et augmentent les performances des cultures. Nos formulations sont fond\u00e9es sur des recherches intensives et produites \u00e0 l'aide de m\u00e9thodes innovantes. <a href=\"https:\/\/biolinecorp.ca\/fr\/notre-technologie\/\">technologies<\/a>.<\/p>\n\n\n\n<p>Nous ne nous contentons pas de faire progresser la technologie, nous transformons l'agriculture. Notre <a href=\"https:\/\/biolinecorp.ca\/fr\/nos-produits\/\">produits<\/a> sont con\u00e7us avec pr\u00e9cision pour aider les agriculteurs \u00e0 obtenir des cultures plus saines, des rendements plus \u00e9lev\u00e9s et une qualit\u00e9 exceptionnelle, saison apr\u00e8s saison.<\/p>\n\n\n\n<p>Derri\u00e8re notre innovation se cache une \u00e9quipe passionn\u00e9e et soucieuse des personnes. <a href=\"https:\/\/biolinecorp.ca\/fr\/notre-equipe\/\">\u00e9quipe<\/a>. Nous favorisons une culture positive et inclusive qui valorise la collaboration, c\u00e9l\u00e8bre les progr\u00e8s et place toujours nos producteurs au c\u0153ur de tout ce que nous faisons.<\/p>\n<\/div><\/div>\n\n\n\n<div style=\"height:90px\" aria-hidden=\"true\" class=\"wp-block-spacer\"><\/div>\n\n\n\n<div class=\"wp-block-media-text has-media-on-the-right is-stacked-on-mobile\" style=\"grid-template-columns:auto 32%\"><div class=\"wp-block-media-text__content\">\n<h4 class=\"wp-block-heading\" id=\"h-our-history\"><mark style=\"background-color:rgba(0, 0, 0, 0)\" class=\"has-inline-color has-vivid-green-cyan-color\">Notre histoire<\/mark><\/h4>\n\n\n\n<p>BioLiNE Corporation est une soci\u00e9t\u00e9 canadienne de d\u00e9veloppement technologique fond\u00e9e par Ray McDonald, un v\u00e9t\u00e9ran de 45 ans de carri\u00e8re connu pour avoir \u00e9t\u00e9 le pionnier, avoir d\u00e9velopp\u00e9 et commercialis\u00e9 des technologies qui aident les agriculteurs \u00e0 am\u00e9liorer la production de leurs cultures. Depuis de nombreuses ann\u00e9es, Ray recherche des technologies qui am\u00e9liorent l'efficacit\u00e9 de l'utilisation des nutriments et de l'eau par les plantes. En 2016, Ray McDonald a fond\u00e9 BioLiNE Corporation pour d\u00e9velopper et commercialiser notre technologie et les formulations de produits qui en d\u00e9coulent.<\/p>\n<\/div><figure class=\"wp-block-media-text__media\"><img decoding=\"async\" width=\"1024\" height=\"573\" src=\"https:\/\/biolinecorp.ca\/wp-content\/uploads\/2019\/10\/dramatic-tractro-photo-cropped-e1746112771741-1024x573.jpg\" alt=\"\" class=\"wp-image-11040 size-full\" srcset=\"https:\/\/biolinecorp.ca\/wp-content\/uploads\/2019\/10\/dramatic-tractro-photo-cropped-e1746112771741-1024x573.jpg 1024w, https:\/\/biolinecorp.ca\/wp-content\/uploads\/2019\/10\/dramatic-tractro-photo-cropped-e1746112771741-600x336.jpg 600w, https:\/\/biolinecorp.ca\/wp-content\/uploads\/2019\/10\/dramatic-tractro-photo-cropped-e1746112771741-768x430.jpg 768w, https:\/\/biolinecorp.ca\/wp-content\/uploads\/2019\/10\/dramatic-tractro-photo-cropped-e1746112771741-640x358.jpg 640w, https:\/\/biolinecorp.ca\/wp-content\/uploads\/2019\/10\/dramatic-tractro-photo-cropped-e1746112771741-1280x717.jpg 1280w, https:\/\/biolinecorp.ca\/wp-content\/uploads\/2019\/10\/dramatic-tractro-photo-cropped-e1746112771741-1536x860.jpg 1536w, https:\/\/biolinecorp.ca\/wp-content\/uploads\/2019\/10\/dramatic-tractro-photo-cropped-e1746112771741-2048x1147.jpg 2048w, https:\/\/biolinecorp.ca\/wp-content\/uploads\/2019\/10\/dramatic-tractro-photo-cropped-e1746112771741-18x10.jpg 18w\" sizes=\"(max-width: 1024px) 100vw, 1024px\" \/><\/figure><\/div>\n\n\n\n<div style=\"height:100px\" aria-hidden=\"true\" class=\"wp-block-spacer\"><\/div>\n\n\n<div class=\"w-heading heading-9 text-left\">\n    <div class=\"w-wrapper\">\n                 \n        <h2>           \n            <span>Nous sommes fiers d'\u00eatre membres des organisations industrielles et de recherche suivantes :<\/span>        <\/h2>\n                    <\/div>\n<\/div>\n\n\n\n<div style=\"height:25px\" aria-hidden=\"true\" class=\"wp-block-spacer\"><\/div>\n\n\n\n<div class=\"wp-block-columns are-vertically-aligned-center is-layout-flex wp-container-core-columns-is-layout-9d6595d7 wp-block-columns-is-layout-flex\">\n<div class=\"wp-block-column is-vertically-aligned-center is-layout-flow wp-block-column-is-layout-flow\"><div class=\"wp-block-image\">\n<figure class=\"aligncenter size-full is-resized\"><a href=\"https:\/\/www.tfi.org\/\"><img decoding=\"async\" width=\"322\" height=\"156\" src=\"https:\/\/biolinecorp.ca\/wp-content\/uploads\/2021\/08\/TFI-Logo.png\" alt=\"\" class=\"wp-image-21183\" style=\"width:156px;height:75px\"\/><\/a><\/figure>\n<\/div>\n\n\n<p class=\"has-text-align-center\" style=\"font-size:16px\"><strong><a href=\"https:\/\/www.tfi.org\/\">L'Institut des engrais<\/a><\/strong><\/p>\n<\/div>\n\n\n\n<div class=\"wp-block-column is-vertically-aligned-center is-layout-flow wp-block-column-is-layout-flow\"><div class=\"wp-block-image\">\n<figure class=\"aligncenter size-full is-resized\"><a href=\"https:\/\/www.bpia.org\/\"><img decoding=\"async\" width=\"300\" height=\"160\" src=\"https:\/\/biolinecorp.ca\/wp-content\/uploads\/2021\/08\/bpia_logo_2020.gif\" alt=\"\" class=\"wp-image-21262\" style=\"width:148px;height:75px\"\/><\/a><\/figure>\n<\/div>\n\n\n<p class=\"has-text-align-center\" style=\"font-size:16px\"><strong><a href=\"https:\/\/www.bpia.org\/\">Alliance de l'industrie des produits biologiques<\/a><\/strong><\/p>\n<\/div>\n\n\n\n<div class=\"wp-block-column is-layout-flow wp-block-column-is-layout-flow\" style=\"flex-basis:20px\"><\/div>\n<\/div>\n\n\n\n<div style=\"height:38px\" aria-hidden=\"true\" class=\"wp-block-spacer\"><\/div>\n\n\n\n<div class=\"wp-block-columns is-layout-flex wp-container-core-columns-is-layout-9d6595d7 wp-block-columns-is-layout-flex\">\n<div class=\"wp-block-column is-layout-flow wp-block-column-is-layout-flow\"><div class=\"wp-block-image is-style-default\">\n<figure class=\"aligncenter size-full is-resized\"><img decoding=\"async\" width=\"71\" height=\"100\" src=\"https:\/\/biolinecorp.ca\/wp-content\/uploads\/2018\/02\/hpta_logo.png\" alt=\"Logo HPTA\" class=\"wp-image-8964\" style=\"width:54px;height:77px\"\/><\/figure>\n<\/div>\n\n\n<p class=\"has-text-align-center\" style=\"font-size:16px\"><a href=\"https:\/\/humictrade.org\/\"><strong>Association commerciale des produits humiques<\/strong><\/a><\/p>\n<\/div>\n\n\n\n<div class=\"wp-block-column is-layout-flow wp-block-column-is-layout-flow\"><div class=\"wp-block-image\">\n<figure class=\"aligncenter size-full is-resized\"><img decoding=\"async\" width=\"68\" height=\"58\" src=\"https:\/\/biolinecorp.ca\/wp-content\/uploads\/2021\/09\/fertilizer-advisory-committee-canada-logo-v1B2.png\" alt=\"\" class=\"wp-image-21377\" style=\"width:88px;height:76px\"\/><\/figure>\n<\/div>\n\n\n<p class=\"has-text-align-center\" style=\"font-size:16px\"><strong><a href=\"https:\/\/fsacommittee.ca\/\">Comit\u00e9 consultatif des engrais et des compl\u00e9ments alimentaires<\/a><\/strong><\/p>\n<\/div>\n\n\n\n<div class=\"wp-block-column is-layout-flow wp-block-column-is-layout-flow\"><div class=\"wp-block-image\">\n<figure class=\"aligncenter size-full is-resized\"><a href=\"https:\/\/humic-substances.org\/\"><img decoding=\"async\" width=\"170\" height=\"100\" src=\"https:\/\/biolinecorp.ca\/wp-content\/uploads\/2018\/02\/ihss_logo.png\" alt=\"Logo de la recherche sur la mati\u00e8re organique naturelle de l&#039;IHSS\" class=\"wp-image-8966\" style=\"width:131px;height:76px\"\/><\/a><\/figure>\n<\/div>\n\n\n<p class=\"has-text-align-center\" style=\"font-size:16px\"><strong><a href=\"https:\/\/humic-substances.org\/\">Soci\u00e9t\u00e9 internationale des substances humiques<\/a><\/strong><\/p>\n<\/div>\n\n\n\n<div class=\"wp-block-column is-layout-flow wp-block-column-is-layout-flow\" style=\"flex-basis:20px\"><\/div>\n<\/div>\n\n\n\n<head><!-- Global site tag (gtag.js) - Google Ads: 781808697 --> <script async src=\"https:\/\/www.googletagmanager.com\/gtag\/js?id=AW-781808697\"><\/script> <script> window.dataLayer = window.dataLayer || []; function gtag(){dataLayer.push(arguments);} gtag('js', new Date()); gtag('config', 'AW-781808697'); gtag('config', 'AW-781808697');<\/script> <\/head>\n\n\n\n<p><\/p>","protected":false},"excerpt":{"rendered":"<p>Rooted in Innovation. Inspired by Growth. Driven by Results. At BioLiNE, we aspire to deliver the highest quality solutions that energize plant health, enrich soil, and elevate crop performance. Our formulations are founded on intense research and produced using innovative technologies. We&#8217;re not just advancing technology &#8211; we&#8217;re transforming agriculture. Our products are precision-engineered to [&hellip;]<\/p>\n","protected":false},"author":3,"featured_media":0,"parent":0,"menu_order":0,"comment_status":"closed","ping_status":"closed","template":"","meta":{"_monsterinsights_skip_tracking":false,"_monsterinsights_sitenote_active":false,"_monsterinsights_sitenote_note":"","_monsterinsights_sitenote_category":0,"footnotes":""},"class_list":["post-71489","page","type-page","status-publish","hentry"],"yoast_head":"<!-- This site is optimized with the Yoast SEO Premium plugin v27.3 (Yoast SEO v27.3) - https:\/\/yoast.com\/product\/yoast-seo-premium-wordpress\/ -->\n<title>Formulators of Superior Plant and Soil Health Products<\/title>\n<meta name=\"description\" content=\"BioLiNE formulations improve the performance of fertilizers and transport of nutrient, electrolytes, and actives.\" \/>\n<meta name=\"robots\" content=\"index, follow, max-snippet:-1, max-image-preview:large, max-video-preview:-1\" \/>\n<link rel=\"canonical\" href=\"https:\/\/biolinecorp.ca\/fr\/notre-mission\/\" \/>\n<meta property=\"og:locale\" content=\"fr_FR\" \/>\n<meta property=\"og:type\" content=\"article\" \/>\n<meta property=\"og:title\" content=\"Our Mission\" \/>\n<meta property=\"og:description\" content=\"BioLiNE formulations improve the performance of fertilizers and transport of nutrient, electrolytes, and actives.\" \/>\n<meta property=\"og:url\" content=\"https:\/\/biolinecorp.ca\/fr\/notre-mission\/\" \/>\n<meta property=\"article:publisher\" content=\"https:\/\/www.facebook.com\/BiolineCorp\/\" \/>\n<meta property=\"article:modified_time\" content=\"2025-05-01T16:21:39+00:00\" \/>\n<meta property=\"og:image\" content=\"https:\/\/biolinecorp.ca\/wp-content\/uploads\/2025\/04\/shutterstock_456567850-scaled-e1745429770966-714x1024.jpg\" \/>\n<meta name=\"twitter:card\" content=\"summary_large_image\" \/>\n<meta name=\"twitter:site\" content=\"@BiolineCorp\" \/>\n<meta name=\"twitter:label1\" content=\"Dur\u00e9e de lecture estim\u00e9e\" \/>\n\t<meta name=\"twitter:data1\" content=\"3 minutes\" \/>\n<script type=\"application\/ld+json\" class=\"yoast-schema-graph\">{\"@context\":\"https:\\\/\\\/schema.org\",\"@graph\":[{\"@type\":\"WebPage\",\"@id\":\"https:\\\/\\\/biolinecorp.ca\\\/en_ca\\\/our-mission\\\/\",\"url\":\"https:\\\/\\\/biolinecorp.ca\\\/en_ca\\\/our-mission\\\/\",\"name\":\"Formulators of Superior Plant and Soil Health Products\",\"isPartOf\":{\"@id\":\"https:\\\/\\\/biolinecorp.ca\\\/#website\"},\"primaryImageOfPage\":{\"@id\":\"https:\\\/\\\/biolinecorp.ca\\\/en_ca\\\/our-mission\\\/#primaryimage\"},\"image\":{\"@id\":\"https:\\\/\\\/biolinecorp.ca\\\/en_ca\\\/our-mission\\\/#primaryimage\"},\"thumbnailUrl\":\"https:\\\/\\\/biolinecorp.ca\\\/wp-content\\\/uploads\\\/2025\\\/04\\\/shutterstock_456567850-scaled-e1745429770966-714x1024.jpg\",\"datePublished\":\"2025-05-01T16:18:24+00:00\",\"dateModified\":\"2025-05-01T16:21:39+00:00\",\"description\":\"BioLiNE formulations improve the performance of fertilizers and transport of nutrient, electrolytes, and actives.\",\"breadcrumb\":{\"@id\":\"https:\\\/\\\/biolinecorp.ca\\\/en_ca\\\/our-mission\\\/#breadcrumb\"},\"inLanguage\":\"fr-FR\",\"potentialAction\":[{\"@type\":\"ReadAction\",\"target\":[\"https:\\\/\\\/biolinecorp.ca\\\/en_ca\\\/our-mission\\\/\"]}]},{\"@type\":\"ImageObject\",\"inLanguage\":\"fr-FR\",\"@id\":\"https:\\\/\\\/biolinecorp.ca\\\/en_ca\\\/our-mission\\\/#primaryimage\",\"url\":\"https:\\\/\\\/biolinecorp.ca\\\/wp-content\\\/uploads\\\/2025\\\/04\\\/shutterstock_456567850-scaled-e1745429770966-714x1024.jpg\",\"contentUrl\":\"https:\\\/\\\/biolinecorp.ca\\\/wp-content\\\/uploads\\\/2025\\\/04\\\/shutterstock_456567850-scaled-e1745429770966-714x1024.jpg\"},{\"@type\":\"BreadcrumbList\",\"@id\":\"https:\\\/\\\/biolinecorp.ca\\\/en_ca\\\/our-mission\\\/#breadcrumb\",\"itemListElement\":[{\"@type\":\"ListItem\",\"position\":1,\"name\":\"Home\",\"item\":\"https:\\\/\\\/biolinecorp.ca\\\/en_ca\\\/\"},{\"@type\":\"ListItem\",\"position\":2,\"name\":\"Our Mission\"}]},{\"@type\":\"WebSite\",\"@id\":\"https:\\\/\\\/biolinecorp.ca\\\/#website\",\"url\":\"https:\\\/\\\/biolinecorp.ca\\\/\",\"name\":\"BioLine Corporation\",\"description\":\"\",\"publisher\":{\"@id\":\"https:\\\/\\\/biolinecorp.ca\\\/#organization\"},\"potentialAction\":[{\"@type\":\"SearchAction\",\"target\":{\"@type\":\"EntryPoint\",\"urlTemplate\":\"https:\\\/\\\/biolinecorp.ca\\\/?s={search_term_string}\"},\"query-input\":{\"@type\":\"PropertyValueSpecification\",\"valueRequired\":true,\"valueName\":\"search_term_string\"}}],\"inLanguage\":\"fr-FR\"},{\"@type\":\"Organization\",\"@id\":\"https:\\\/\\\/biolinecorp.ca\\\/#organization\",\"name\":\"Bioline Corporation\",\"url\":\"https:\\\/\\\/biolinecorp.ca\\\/\",\"logo\":{\"@type\":\"ImageObject\",\"inLanguage\":\"fr-FR\",\"@id\":\"https:\\\/\\\/biolinecorp.ca\\\/#\\\/schema\\\/logo\\\/image\\\/\",\"url\":\"https:\\\/\\\/biolinecorp.ca\\\/wp-content\\\/uploads\\\/2018\\\/02\\\/Bioline_logo.png\",\"contentUrl\":\"https:\\\/\\\/biolinecorp.ca\\\/wp-content\\\/uploads\\\/2018\\\/02\\\/Bioline_logo.png\",\"width\":667,\"height\":181,\"caption\":\"Bioline Corporation\"},\"image\":{\"@id\":\"https:\\\/\\\/biolinecorp.ca\\\/#\\\/schema\\\/logo\\\/image\\\/\"},\"sameAs\":[\"https:\\\/\\\/www.facebook.com\\\/BiolineCorp\\\/\",\"https:\\\/\\\/x.com\\\/BiolineCorp\",\"https:\\\/\\\/www.linkedin.com\\\/company\\\/bioline-corp\\\/\",\"https:\\\/\\\/www.youtube.com\\\/channel\\\/UCpD4bbIdegjthmdriZ2SAow\"]}]}<\/script>\n<!-- \/ Yoast SEO Premium plugin. -->","yoast_head_json":{"title":"Formulateurs de produits de qualit\u00e9 sup\u00e9rieure pour la sant\u00e9 des plantes et des sols","description":"Les formulations BioLiNE am\u00e9liorent la performance des engrais et le transport des nutriments, des \u00e9lectrolytes et des actifs.","robots":{"index":"index","follow":"follow","max-snippet":"max-snippet:-1","max-image-preview":"max-image-preview:large","max-video-preview":"max-video-preview:-1"},"canonical":"https:\/\/biolinecorp.ca\/fr\/notre-mission\/","og_locale":"fr_FR","og_type":"article","og_title":"Our Mission","og_description":"BioLiNE formulations improve the performance of fertilizers and transport of nutrient, electrolytes, and actives.","og_url":"https:\/\/biolinecorp.ca\/fr\/notre-mission\/","article_publisher":"https:\/\/www.facebook.com\/BiolineCorp\/","article_modified_time":"2025-05-01T16:21:39+00:00","og_image":[{"url":"https:\/\/biolinecorp.ca\/wp-content\/uploads\/2025\/04\/shutterstock_456567850-scaled-e1745429770966-714x1024.jpg","type":"","width":"","height":""}],"twitter_card":"summary_large_image","twitter_site":"@BiolineCorp","twitter_misc":{"Dur\u00e9e de lecture estim\u00e9e":"3 minutes"},"schema":{"@context":"https:\/\/schema.org","@graph":[{"@type":"WebPage","@id":"https:\/\/biolinecorp.ca\/en_ca\/our-mission\/","url":"https:\/\/biolinecorp.ca\/en_ca\/our-mission\/","name":"Formulateurs de produits de qualit\u00e9 sup\u00e9rieure pour la sant\u00e9 des plantes et des sols","isPartOf":{"@id":"https:\/\/biolinecorp.ca\/#website"},"primaryImageOfPage":{"@id":"https:\/\/biolinecorp.ca\/en_ca\/our-mission\/#primaryimage"},"image":{"@id":"https:\/\/biolinecorp.ca\/en_ca\/our-mission\/#primaryimage"},"thumbnailUrl":"https:\/\/biolinecorp.ca\/wp-content\/uploads\/2025\/04\/shutterstock_456567850-scaled-e1745429770966-714x1024.jpg","datePublished":"2025-05-01T16:18:24+00:00","dateModified":"2025-05-01T16:21:39+00:00","description":"Les formulations BioLiNE am\u00e9liorent la performance des engrais et le transport des nutriments, des \u00e9lectrolytes et des actifs.","breadcrumb":{"@id":"https:\/\/biolinecorp.ca\/en_ca\/our-mission\/#breadcrumb"},"inLanguage":"fr-FR","potentialAction":[{"@type":"ReadAction","target":["https:\/\/biolinecorp.ca\/en_ca\/our-mission\/"]}]},{"@type":"ImageObject","inLanguage":"fr-FR","@id":"https:\/\/biolinecorp.ca\/en_ca\/our-mission\/#primaryimage","url":"https:\/\/biolinecorp.ca\/wp-content\/uploads\/2025\/04\/shutterstock_456567850-scaled-e1745429770966-714x1024.jpg","contentUrl":"https:\/\/biolinecorp.ca\/wp-content\/uploads\/2025\/04\/shutterstock_456567850-scaled-e1745429770966-714x1024.jpg"},{"@type":"BreadcrumbList","@id":"https:\/\/biolinecorp.ca\/en_ca\/our-mission\/#breadcrumb","itemListElement":[{"@type":"ListItem","position":1,"name":"Home","item":"https:\/\/biolinecorp.ca\/en_ca\/"},{"@type":"ListItem","position":2,"name":"Our Mission"}]},{"@type":"WebSite","@id":"https:\/\/biolinecorp.ca\/#website","url":"https:\/\/biolinecorp.ca\/","name":"BioLine Corporation","description":"","publisher":{"@id":"https:\/\/biolinecorp.ca\/#organization"},"potentialAction":[{"@type":"SearchAction","target":{"@type":"EntryPoint","urlTemplate":"https:\/\/biolinecorp.ca\/?s={search_term_string}"},"query-input":{"@type":"PropertyValueSpecification","valueRequired":true,"valueName":"search_term_string"}}],"inLanguage":"fr-FR"},{"@type":"Organization","@id":"https:\/\/biolinecorp.ca\/#organization","name":"Bioline Corporation","url":"https:\/\/biolinecorp.ca\/","logo":{"@type":"ImageObject","inLanguage":"fr-FR","@id":"https:\/\/biolinecorp.ca\/#\/schema\/logo\/image\/","url":"https:\/\/biolinecorp.ca\/wp-content\/uploads\/2018\/02\/Bioline_logo.png","contentUrl":"https:\/\/biolinecorp.ca\/wp-content\/uploads\/2018\/02\/Bioline_logo.png","width":667,"height":181,"caption":"Bioline Corporation"},"image":{"@id":"https:\/\/biolinecorp.ca\/#\/schema\/logo\/image\/"},"sameAs":["https:\/\/www.facebook.com\/BiolineCorp\/","https:\/\/x.com\/BiolineCorp","https:\/\/www.linkedin.com\/company\/bioline-corp\/","https:\/\/www.youtube.com\/channel\/UCpD4bbIdegjthmdriZ2SAow"]}]}},"_links":{"self":[{"href":"https:\/\/biolinecorp.ca\/fr\/wp-json\/wp\/v2\/pages\/71489","targetHints":{"allow":["GET"]}}],"collection":[{"href":"https:\/\/biolinecorp.ca\/fr\/wp-json\/wp\/v2\/pages"}],"about":[{"href":"https:\/\/biolinecorp.ca\/fr\/wp-json\/wp\/v2\/types\/page"}],"author":[{"embeddable":true,"href":"https:\/\/biolinecorp.ca\/fr\/wp-json\/wp\/v2\/users\/3"}],"replies":[{"embeddable":true,"href":"https:\/\/biolinecorp.ca\/fr\/wp-json\/wp\/v2\/comments?post=71489"}],"version-history":[{"count":0,"href":"https:\/\/biolinecorp.ca\/fr\/wp-json\/wp\/v2\/pages\/71489\/revisions"}],"wp:attachment":[{"href":"https:\/\/biolinecorp.ca\/fr\/wp-json\/wp\/v2\/media?parent=71489"}],"curies":[{"name":"wp","href":"https:\/\/api.w.org\/{rel}","templated":true}]}}