{"id":25677,"date":"2022-03-09T10:01:07","date_gmt":"2022-03-09T15:01:07","guid":{"rendered":"https:\/\/biolinecorp.ca\/?page_id=25677"},"modified":"2023-09-13T14:45:56","modified_gmt":"2023-09-13T18:45:56","slug":"cotton","status":"publish","type":"page","link":"https:\/\/biolinecorp.ca\/fr\/coton\/","title":{"rendered":"Coton"},"content":{"rendered":"<div style=\"height:50px\" aria-hidden=\"true\" class=\"wp-block-spacer\"><\/div>\n\n\n\n<h2 class=\"wp-block-heading\" id=\"h-how-does-bioline-help-cotton-production\">Comment BioLiNE<strong><sup>\u00ae<\/sup><\/strong> Aider la production de coton ?<\/h2>\n\n\n\n<div style=\"height:25px\" aria-hidden=\"true\" class=\"wp-block-spacer\"><\/div>\n\n\n\n<p>Les cultures de coton en zone aride sont expos\u00e9es \u00e0 une vari\u00e9t\u00e9 de stress environnementaux qui peuvent r\u00e9duire \u00e0 la fois le rendement et la qualit\u00e9 de la fibre. <a href=\"https:\/\/biolinecorp.ca\/fr\/or-bioline\/\">BioLiNE\u00ae Gold<\/a> est un outil efficace et abordable pour aider les producteurs de coton des zones arides \u00e0 g\u00e9rer leurs cultures. Nos acides fulviques sont essentiels pour d\u00e9fendre les cultures contre le stress thermique et le manque d'eau. Nous utilisons nos <a href=\"https:\/\/biolinecorp.ca\/fr\/notre-technologie\/\">Fulv-IQ<\/a><a href=\"https:\/\/biolinecorp.ca\/fr\/or-bioline\/\">\u00ae<\/a> Le proc\u00e9d\u00e9 BioLiNE\u00ae Gold permet de purifier et d'isoler des fractions cibl\u00e9es d'acides fulviques qui sont les plus efficaces pour transporter les nutriments et prot\u00e9ger les cultures contre le stress d\u00fb \u00e0 la chaleur et \u00e0 la s\u00e9cheresse. En outre, BioLiNE\u00ae Gold est connu pour sa compatibilit\u00e9 avec d'autres intrants et sa facilit\u00e9 d'utilisation. Avec de faibles taux d'utilisation, nos solutions polyvalentes apportent des nutriments \u00e0 vos cultures et vous aident \u00e0 \u00e9quilibrer votre fertilit\u00e9.<\/p>\n\n\n\n<div class=\"wp-block-columns is-layout-flex wp-container-core-columns-is-layout-9d6595d7 wp-block-columns-is-layout-flex\">\n<div class=\"wp-block-column is-layout-flow wp-block-column-is-layout-flow\" style=\"flex-basis:66.66%\">\n<ol class=\"wp-block-list\" type=\"1\">\n<li>BioLiNE Gold \u00e0 4oz \/ CWT \u00e0 votre <strong>programme de traitement des semences<\/strong><\/li>\n\n\n\n<li>BioLiNE Gold \u00e0 10oz\/acre \u00e0 partir de <strong>stade de croissance de la premi\u00e8re \u00e0 la sixi\u00e8me feuille<\/strong><\/li>\n\n\n\n<li>BioLiNE Gold \u00e0 10oz \/ acre \u00e0 <strong>(a) carr\u00e9 de t\u00eate d'\u00e9pingle et (b) carr\u00e9 de t\u00eate d'allumette<\/strong><\/li>\n\n\n\n<li>BioLiNE Gold \u00e0 10oz \/ acre appliqu\u00e9 avec <strong>insecticides, herbicides et engrais<\/strong> selon les besoins<\/li>\n<\/ol>\n<\/div>\n\n\n\n<div class=\"wp-block-column is-vertically-aligned-center is-layout-flow wp-block-column-is-layout-flow\" style=\"flex-basis:33.33%\">\n<div class=\"wp-block-buttons is-content-justification-center is-layout-flex wp-container-core-buttons-is-layout-16018d1d wp-block-buttons-is-layout-flex\">\n<div class=\"wp-block-button aligncenter\"><a class=\"wp-block-button__link wp-element-button\" href=\"https:\/\/biolinecorp.ca\/wp-content\/uploads\/2023\/04\/20220714-Bioline-Cotton-Flyer-FINAL.pdf\" target=\"_blank\" rel=\"noreferrer noopener\">Document sur le coton<\/a><\/div>\n\n\n\n<div class=\"wp-block-button aligncenter\"><a class=\"wp-block-button__link wp-element-button\" href=\"https:\/\/biolinecorp.ca\/wp-content\/uploads\/2023\/04\/20220716-Bioline-Abiotic-Stress-Tolerance-Flyer-V3-FINAL.pdf\" target=\"_blank\" rel=\"noreferrer noopener\">Tol\u00e9rance \u00e0 la chaleur et \u00e0 la s\u00e9cheresse<\/a><\/div>\n<\/div>\n<\/div>\n<\/div>\n\n\n\n<div style=\"height:50px\" aria-hidden=\"true\" class=\"wp-block-spacer\"><\/div>\n\n\n<div class=\"w-heading heading-9 text-left\">\n    <div class=\"w-wrapper\">\n                 \n        <h2>           \n            <span>R\u00e9sultats de l'essai<\/span>        <\/h2>\n                    <\/div>\n<\/div>\n\n\n\n<div style=\"height:25px\" aria-hidden=\"true\" class=\"wp-block-spacer\"><\/div>\n\n\n\n<h3 class=\"wp-block-heading\" id=\"h-other-trials\">Autres essais<\/h3>\n\n\n\n<p><strong>Stoneville R&amp;D Inc. (2017) : <\/strong>L'application foliaire (8 oz) de BioLiNE\u00ae avec du zinc (Zn) a entra\u00een\u00e9 une augmentation de 38% de la concentration de Zn dans les tissus (55 ppm \u00e0 76 ppm) par rapport au t\u00e9moin. Au moment de la r\u00e9colte, les traitements BioLiNE\u00ae ont augment\u00e9 le rendement en fibres de 111 livres par acre (515 \u00e0 626 livres).<\/p>\n\n\n\n<head><!-- Global site tag (gtag.js) - Google Ads: 781808697 --> <script async src=\"https:\/\/www.googletagmanager.com\/gtag\/js?id=AW-781808697\"><\/script> <script> window.dataLayer = window.dataLayer || []; function gtag(){dataLayer.push(arguments);} gtag('js', new Date()); gtag('config', 'AW-781808697'); gtag('config', 'AW-781808697');<\/script> <\/head>","protected":false},"excerpt":{"rendered":"<p>Comment BioLiNE\u00ae aide-t-il la production de coton ? Les cultures de coton en sec sont expos\u00e9es \u00e0 une vari\u00e9t\u00e9 de stress environnementaux qui peuvent r\u00e9duire \u00e0 la fois le rendement et la qualit\u00e9 de la fibre. BioLiNE\u00ae Gold est un outil efficace et abordable pour aider les producteurs de coton \u00e0 g\u00e9rer leurs cultures. Nos acides fulviques sont essentiels pour d\u00e9fendre les cultures contre le stress thermique et le manque d'eau. [...]<\/p>","protected":false},"author":2,"featured_media":0,"parent":0,"menu_order":0,"comment_status":"closed","ping_status":"closed","template":"","meta":{"_monsterinsights_skip_tracking":false,"_monsterinsights_sitenote_active":false,"_monsterinsights_sitenote_note":"","_monsterinsights_sitenote_category":0,"footnotes":""},"class_list":["post-25677","page","type-page","status-publish","hentry"],"yoast_head":"<!-- This site is optimized with the Yoast SEO Premium plugin v26.4 (Yoast SEO v26.4) - https:\/\/yoast.com\/wordpress\/plugins\/seo\/ -->\n<title>Cotton -<\/title>\n<meta name=\"description\" content=\"BioLiNE\u00ae Gold is an effective and affordable tool for helping dryland cotton growers manage their crops against abiotic stress conditions.\" \/>\n<meta name=\"robots\" content=\"index, follow, max-snippet:-1, max-image-preview:large, max-video-preview:-1\" \/>\n<link rel=\"canonical\" href=\"https:\/\/biolinecorp.ca\/fr\/coton\/\" \/>\n<meta property=\"og:locale\" content=\"fr_FR\" \/>\n<meta property=\"og:type\" content=\"article\" \/>\n<meta property=\"og:title\" content=\"Cotton\" \/>\n<meta property=\"og:description\" content=\"BioLiNE\u00ae Gold is an effective and affordable tool for helping dryland cotton growers manage their crops against abiotic stress conditions.\" \/>\n<meta property=\"og:url\" content=\"https:\/\/biolinecorp.ca\/fr\/coton\/\" \/>\n<meta property=\"article:publisher\" content=\"https:\/\/www.facebook.com\/BiolineCorp\/\" \/>\n<meta property=\"article:modified_time\" content=\"2023-09-13T18:45:56+00:00\" \/>\n<meta name=\"twitter:card\" content=\"summary_large_image\" \/>\n<meta name=\"twitter:site\" content=\"@BiolineCorp\" \/>\n<meta name=\"twitter:label1\" content=\"Dur\u00e9e de lecture estim\u00e9e\" \/>\n\t<meta name=\"twitter:data1\" content=\"2 minutes\" \/>\n<script type=\"application\/ld+json\" class=\"yoast-schema-graph\">{\"@context\":\"https:\/\/schema.org\",\"@graph\":[{\"@type\":\"WebPage\",\"@id\":\"https:\/\/biolinecorp.ca\/en_ca\/cotton\/\",\"url\":\"https:\/\/biolinecorp.ca\/en_ca\/cotton\/\",\"name\":\"Cotton -\",\"isPartOf\":{\"@id\":\"https:\/\/biolinecorp.ca\/#website\"},\"datePublished\":\"2022-03-09T15:01:07+00:00\",\"dateModified\":\"2023-09-13T18:45:56+00:00\",\"description\":\"BioLiNE\u00ae Gold is an effective and affordable tool for helping dryland cotton growers manage their crops against abiotic stress conditions.\",\"breadcrumb\":{\"@id\":\"https:\/\/biolinecorp.ca\/en_ca\/cotton\/#breadcrumb\"},\"inLanguage\":\"fr-FR\",\"potentialAction\":[{\"@type\":\"ReadAction\",\"target\":[\"https:\/\/biolinecorp.ca\/en_ca\/cotton\/\"]}]},{\"@type\":\"BreadcrumbList\",\"@id\":\"https:\/\/biolinecorp.ca\/en_ca\/cotton\/#breadcrumb\",\"itemListElement\":[{\"@type\":\"ListItem\",\"position\":1,\"name\":\"Home\",\"item\":\"https:\/\/biolinecorp.ca\/en_ca\/\"},{\"@type\":\"ListItem\",\"position\":2,\"name\":\"Cotton\"}]},{\"@type\":\"WebSite\",\"@id\":\"https:\/\/biolinecorp.ca\/#website\",\"url\":\"https:\/\/biolinecorp.ca\/\",\"name\":\"BioLine Corporation\",\"description\":\"\",\"publisher\":{\"@id\":\"https:\/\/biolinecorp.ca\/#organization\"},\"potentialAction\":[{\"@type\":\"SearchAction\",\"target\":{\"@type\":\"EntryPoint\",\"urlTemplate\":\"https:\/\/biolinecorp.ca\/?s={search_term_string}\"},\"query-input\":{\"@type\":\"PropertyValueSpecification\",\"valueRequired\":true,\"valueName\":\"search_term_string\"}}],\"inLanguage\":\"fr-FR\"},{\"@type\":\"Organization\",\"@id\":\"https:\/\/biolinecorp.ca\/#organization\",\"name\":\"Bioline Corporation\",\"url\":\"https:\/\/biolinecorp.ca\/\",\"logo\":{\"@type\":\"ImageObject\",\"inLanguage\":\"fr-FR\",\"@id\":\"https:\/\/biolinecorp.ca\/#\/schema\/logo\/image\/\",\"url\":\"https:\/\/biolinecorp.ca\/wp-content\/uploads\/2018\/02\/Bioline_logo.png\",\"contentUrl\":\"https:\/\/biolinecorp.ca\/wp-content\/uploads\/2018\/02\/Bioline_logo.png\",\"width\":667,\"height\":181,\"caption\":\"Bioline Corporation\"},\"image\":{\"@id\":\"https:\/\/biolinecorp.ca\/#\/schema\/logo\/image\/\"},\"sameAs\":[\"https:\/\/www.facebook.com\/BiolineCorp\/\",\"https:\/\/x.com\/BiolineCorp\",\"https:\/\/www.linkedin.com\/company\/bioline-corp\/\",\"https:\/\/www.youtube.com\/channel\/UCpD4bbIdegjthmdriZ2SAow\"]}]}<\/script>\n<!-- \/ Yoast SEO Premium plugin. -->","yoast_head_json":{"title":"Coton -","description":"BioLiNE\u00ae Gold est un outil efficace et abordable pour aider les producteurs de coton des zones arides \u00e0 g\u00e9rer leurs cultures contre les conditions de stress abiotique.","robots":{"index":"index","follow":"follow","max-snippet":"max-snippet:-1","max-image-preview":"max-image-preview:large","max-video-preview":"max-video-preview:-1"},"canonical":"https:\/\/biolinecorp.ca\/fr\/coton\/","og_locale":"fr_FR","og_type":"article","og_title":"Cotton","og_description":"BioLiNE\u00ae Gold is an effective and affordable tool for helping dryland cotton growers manage their crops against abiotic stress conditions.","og_url":"https:\/\/biolinecorp.ca\/fr\/coton\/","article_publisher":"https:\/\/www.facebook.com\/BiolineCorp\/","article_modified_time":"2023-09-13T18:45:56+00:00","twitter_card":"summary_large_image","twitter_site":"@BiolineCorp","twitter_misc":{"Dur\u00e9e de lecture estim\u00e9e":"2 minutes"},"schema":{"@context":"https:\/\/schema.org","@graph":[{"@type":"WebPage","@id":"https:\/\/biolinecorp.ca\/en_ca\/cotton\/","url":"https:\/\/biolinecorp.ca\/en_ca\/cotton\/","name":"Coton -","isPartOf":{"@id":"https:\/\/biolinecorp.ca\/#website"},"datePublished":"2022-03-09T15:01:07+00:00","dateModified":"2023-09-13T18:45:56+00:00","description":"BioLiNE\u00ae Gold est un outil efficace et abordable pour aider les producteurs de coton des zones arides \u00e0 g\u00e9rer leurs cultures contre les conditions de stress abiotique.","breadcrumb":{"@id":"https:\/\/biolinecorp.ca\/en_ca\/cotton\/#breadcrumb"},"inLanguage":"fr-FR","potentialAction":[{"@type":"ReadAction","target":["https:\/\/biolinecorp.ca\/en_ca\/cotton\/"]}]},{"@type":"BreadcrumbList","@id":"https:\/\/biolinecorp.ca\/en_ca\/cotton\/#breadcrumb","itemListElement":[{"@type":"ListItem","position":1,"name":"Home","item":"https:\/\/biolinecorp.ca\/en_ca\/"},{"@type":"ListItem","position":2,"name":"Cotton"}]},{"@type":"WebSite","@id":"https:\/\/biolinecorp.ca\/#website","url":"https:\/\/biolinecorp.ca\/","name":"BioLine Corporation","description":"","publisher":{"@id":"https:\/\/biolinecorp.ca\/#organization"},"potentialAction":[{"@type":"SearchAction","target":{"@type":"EntryPoint","urlTemplate":"https:\/\/biolinecorp.ca\/?s={search_term_string}"},"query-input":{"@type":"PropertyValueSpecification","valueRequired":true,"valueName":"search_term_string"}}],"inLanguage":"fr-FR"},{"@type":"Organization","@id":"https:\/\/biolinecorp.ca\/#organization","name":"Bioline Corporation","url":"https:\/\/biolinecorp.ca\/","logo":{"@type":"ImageObject","inLanguage":"fr-FR","@id":"https:\/\/biolinecorp.ca\/#\/schema\/logo\/image\/","url":"https:\/\/biolinecorp.ca\/wp-content\/uploads\/2018\/02\/Bioline_logo.png","contentUrl":"https:\/\/biolinecorp.ca\/wp-content\/uploads\/2018\/02\/Bioline_logo.png","width":667,"height":181,"caption":"Bioline Corporation"},"image":{"@id":"https:\/\/biolinecorp.ca\/#\/schema\/logo\/image\/"},"sameAs":["https:\/\/www.facebook.com\/BiolineCorp\/","https:\/\/x.com\/BiolineCorp","https:\/\/www.linkedin.com\/company\/bioline-corp\/","https:\/\/www.youtube.com\/channel\/UCpD4bbIdegjthmdriZ2SAow"]}]}},"_links":{"self":[{"href":"https:\/\/biolinecorp.ca\/fr\/wp-json\/wp\/v2\/pages\/25677","targetHints":{"allow":["GET"]}}],"collection":[{"href":"https:\/\/biolinecorp.ca\/fr\/wp-json\/wp\/v2\/pages"}],"about":[{"href":"https:\/\/biolinecorp.ca\/fr\/wp-json\/wp\/v2\/types\/page"}],"author":[{"embeddable":true,"href":"https:\/\/biolinecorp.ca\/fr\/wp-json\/wp\/v2\/users\/2"}],"replies":[{"embeddable":true,"href":"https:\/\/biolinecorp.ca\/fr\/wp-json\/wp\/v2\/comments?post=25677"}],"version-history":[{"count":0,"href":"https:\/\/biolinecorp.ca\/fr\/wp-json\/wp\/v2\/pages\/25677\/revisions"}],"wp:attachment":[{"href":"https:\/\/biolinecorp.ca\/fr\/wp-json\/wp\/v2\/media?parent=25677"}],"curies":[{"name":"wp","href":"https:\/\/api.w.org\/{rel}","templated":true}]}}