{"id":25242,"date":"2022-03-03T10:22:29","date_gmt":"2022-03-03T15:22:29","guid":{"rendered":"https:\/\/biolinecorp.ca\/?page_id=25242"},"modified":"2023-09-12T09:15:10","modified_gmt":"2023-09-12T13:15:10","slug":"citrus-and-orchards","status":"publish","type":"page","link":"https:\/\/biolinecorp.ca\/fr\/agrumes-et-vergers\/","title":{"rendered":"Agrumes et vergers"},"content":{"rendered":"<div style=\"height:50px\" aria-hidden=\"true\" class=\"wp-block-spacer\"><\/div>\n\n\n\n<h3 class=\"wp-block-heading has-large-font-size\" id=\"h-how-does-bioline-help-citrus-and-orchard-fruit-production\">Comment BioLiNE<strong><sup>\u00ae<\/sup><\/strong> Aider la production d'agrumes et de fruits de verger ?<\/h3>\n\n\n\n<h4 class=\"wp-block-heading\" id=\"h-oranges-lemons-limes-grapefruits-apples-peaches-plums-cherries-etc\">(Oranges, citrons, limes, pamplemousses, pommes, p\u00eaches, prunes, cerises, etc.)<\/h4>\n\n\n\n<div style=\"height:25px\" aria-hidden=\"true\" class=\"wp-block-spacer\"><\/div>\n\n\n\n<div class=\"wp-block-columns is-layout-flex wp-container-core-columns-is-layout-9d6595d7 wp-block-columns-is-layout-flex\">\n<div class=\"wp-block-column is-layout-flow wp-block-column-is-layout-flow\" style=\"flex-basis:66.66%\">\n<p>Application de BioLiNE<strong><sup>\u00ae<\/sup><\/strong>&nbsp;<a href=\"https:\/\/biolinecorp.ca\/fr\/nos-produits\/\" target=\"_blank\" rel=\"noreferrer noopener\">produits<\/a>&nbsp;am\u00e9liore consid\u00e9rablement le transport et l'assimilation des nutriments et autres compos\u00e9s b\u00e9n\u00e9fiques pour les plantes. La combinaison d'une perm\u00e9abilit\u00e9 cellulaire sup\u00e9rieure, d'une chimie bioactive et d'un \u00e9change acc\u00e9l\u00e9r\u00e9 de nutriments constitue notre avantage. Notre&nbsp;<a href=\"https:\/\/biolinecorp.ca\/fr\/notre-technologie\/\">technologie<\/a>&nbsp;est un outil efficace de gestion des cultures. Il en r\u00e9sulte une floraison et une production de feuilles \u00e9quilibr\u00e9es, ce qui permet de maintenir un arbre plus productif, saison apr\u00e8s saison.<\/p>\n<\/div>\n\n\n\n<div class=\"wp-block-column is-vertically-aligned-center is-layout-flow wp-block-column-is-layout-flow\" style=\"flex-basis:33.33%\">\n<div class=\"wp-block-buttons is-content-justification-center is-layout-flex wp-container-core-buttons-is-layout-16018d1d wp-block-buttons-is-layout-flex\">\n<div class=\"wp-block-button\"><a class=\"wp-block-button__link wp-element-button\" href=\"https:\/\/biolinecorp.ca\/wp-content\/uploads\/2022\/03\/20201110-bioline-citrus-flyer.pdf\" target=\"_blank\" rel=\"noreferrer noopener\">Document sur les agrumes<\/a><\/div>\n<\/div>\n\n\n\n<div style=\"height:10px\" aria-hidden=\"true\" class=\"wp-block-spacer\"><\/div>\n\n\n\n<div class=\"wp-block-buttons is-content-justification-center is-layout-flex wp-container-core-buttons-is-layout-16018d1d wp-block-buttons-is-layout-flex\">\n<div class=\"wp-block-button\"><a class=\"wp-block-button__link wp-element-button\" href=\"https:\/\/biolinecorp.ca\/wp-content\/uploads\/2022\/05\/20220504-Banana-Handout-V3.pdf\" target=\"_blank\" rel=\"noreferrer noopener\">Document sur les bananes<\/a><\/div>\n<\/div>\n<\/div>\n<\/div>\n\n\n\n<div style=\"height:50px\" aria-hidden=\"true\" class=\"wp-block-spacer\"><\/div>\n\n\n<div class=\"w-heading heading-9 text-left\">\n    <div class=\"w-wrapper\">\n                 \n        <h2>           \n            <span>R\u00e9sultats de l'essai<\/span>        <\/h2>\n                    <\/div>\n<\/div>\n\n\n\n<head><!-- Global site tag (gtag.js) - Google Ads: 781808697 --> <script async src=\"https:\/\/www.googletagmanager.com\/gtag\/js?id=AW-781808697\"><\/script> <script> window.dataLayer = window.dataLayer || []; function gtag(){dataLayer.push(arguments);} gtag('js', new Date()); gtag('config', 'AW-781808697'); gtag('config', 'AW-781808697');<\/script> <\/head>","protected":false},"excerpt":{"rendered":"<p>How Does BioLiNE\u00ae Help Citrus and Orchard Fruit Production? (Oranges, lemons, limes, grapefruits, apples, peaches, plums, cherries, etc.) Application of BioLiNE\u00ae&nbsp;products&nbsp;drastically improves the transport and assimilation of nutrients and other plant beneficial compounds. Combining superior cell permeability, bioactive chemistry, and accelerated nutrient exchange is our advantage. Our&nbsp;technology&nbsp;is an effective crop management tool. The result is [&hellip;]<\/p>\n","protected":false},"author":2,"featured_media":0,"parent":0,"menu_order":1,"comment_status":"closed","ping_status":"closed","template":"","meta":{"_monsterinsights_skip_tracking":false,"_monsterinsights_sitenote_active":false,"_monsterinsights_sitenote_note":"","_monsterinsights_sitenote_category":0,"footnotes":""},"class_list":["post-25242","page","type-page","status-publish","hentry"],"yoast_head":"<!-- This site is optimized with the Yoast SEO Premium plugin v27.3 (Yoast SEO v27.3) - https:\/\/yoast.com\/product\/yoast-seo-premium-wordpress\/ -->\n<title>Citrus and Orchards -<\/title>\n<meta name=\"description\" content=\"Application of BioLiNE\u00ae\u00a0products\u00a0drastically improves the transport and assimilation of nutrients and other plant beneficial compounds.\" \/>\n<meta name=\"robots\" content=\"index, follow, max-snippet:-1, max-image-preview:large, max-video-preview:-1\" \/>\n<link rel=\"canonical\" href=\"https:\/\/biolinecorp.ca\/fr\/agrumes-et-vergers\/\" \/>\n<meta property=\"og:locale\" content=\"fr_FR\" \/>\n<meta property=\"og:type\" content=\"article\" \/>\n<meta property=\"og:title\" content=\"Citrus and Orchards\" \/>\n<meta property=\"og:description\" content=\"Application of BioLiNE\u00ae\u00a0products\u00a0drastically improves the transport and assimilation of nutrients and other plant beneficial compounds.\" \/>\n<meta property=\"og:url\" content=\"https:\/\/biolinecorp.ca\/fr\/agrumes-et-vergers\/\" \/>\n<meta property=\"article:publisher\" content=\"https:\/\/www.facebook.com\/BiolineCorp\/\" \/>\n<meta property=\"article:modified_time\" content=\"2023-09-12T13:15:10+00:00\" \/>\n<meta name=\"twitter:card\" content=\"summary_large_image\" \/>\n<meta name=\"twitter:site\" content=\"@BiolineCorp\" \/>\n<meta name=\"twitter:label1\" content=\"Dur\u00e9e de lecture estim\u00e9e\" \/>\n\t<meta name=\"twitter:data1\" content=\"1 minute\" \/>\n<script type=\"application\/ld+json\" class=\"yoast-schema-graph\">{\"@context\":\"https:\\\/\\\/schema.org\",\"@graph\":[{\"@type\":\"WebPage\",\"@id\":\"https:\\\/\\\/biolinecorp.ca\\\/en_ca\\\/citrus-and-orchards\\\/\",\"url\":\"https:\\\/\\\/biolinecorp.ca\\\/en_ca\\\/citrus-and-orchards\\\/\",\"name\":\"Citrus and Orchards -\",\"isPartOf\":{\"@id\":\"https:\\\/\\\/biolinecorp.ca\\\/#website\"},\"datePublished\":\"2022-03-03T15:22:29+00:00\",\"dateModified\":\"2023-09-12T13:15:10+00:00\",\"description\":\"Application of BioLiNE\u00ae\u00a0products\u00a0drastically improves the transport and assimilation of nutrients and other plant beneficial compounds.\",\"breadcrumb\":{\"@id\":\"https:\\\/\\\/biolinecorp.ca\\\/en_ca\\\/citrus-and-orchards\\\/#breadcrumb\"},\"inLanguage\":\"fr-FR\",\"potentialAction\":[{\"@type\":\"ReadAction\",\"target\":[\"https:\\\/\\\/biolinecorp.ca\\\/en_ca\\\/citrus-and-orchards\\\/\"]}]},{\"@type\":\"BreadcrumbList\",\"@id\":\"https:\\\/\\\/biolinecorp.ca\\\/en_ca\\\/citrus-and-orchards\\\/#breadcrumb\",\"itemListElement\":[{\"@type\":\"ListItem\",\"position\":1,\"name\":\"Home\",\"item\":\"https:\\\/\\\/biolinecorp.ca\\\/en_ca\\\/\"},{\"@type\":\"ListItem\",\"position\":2,\"name\":\"Citrus and Orchards\"}]},{\"@type\":\"WebSite\",\"@id\":\"https:\\\/\\\/biolinecorp.ca\\\/#website\",\"url\":\"https:\\\/\\\/biolinecorp.ca\\\/\",\"name\":\"BioLine Corporation\",\"description\":\"\",\"publisher\":{\"@id\":\"https:\\\/\\\/biolinecorp.ca\\\/#organization\"},\"potentialAction\":[{\"@type\":\"SearchAction\",\"target\":{\"@type\":\"EntryPoint\",\"urlTemplate\":\"https:\\\/\\\/biolinecorp.ca\\\/?s={search_term_string}\"},\"query-input\":{\"@type\":\"PropertyValueSpecification\",\"valueRequired\":true,\"valueName\":\"search_term_string\"}}],\"inLanguage\":\"fr-FR\"},{\"@type\":\"Organization\",\"@id\":\"https:\\\/\\\/biolinecorp.ca\\\/#organization\",\"name\":\"Bioline Corporation\",\"url\":\"https:\\\/\\\/biolinecorp.ca\\\/\",\"logo\":{\"@type\":\"ImageObject\",\"inLanguage\":\"fr-FR\",\"@id\":\"https:\\\/\\\/biolinecorp.ca\\\/#\\\/schema\\\/logo\\\/image\\\/\",\"url\":\"https:\\\/\\\/biolinecorp.ca\\\/wp-content\\\/uploads\\\/2018\\\/02\\\/Bioline_logo.png\",\"contentUrl\":\"https:\\\/\\\/biolinecorp.ca\\\/wp-content\\\/uploads\\\/2018\\\/02\\\/Bioline_logo.png\",\"width\":667,\"height\":181,\"caption\":\"Bioline Corporation\"},\"image\":{\"@id\":\"https:\\\/\\\/biolinecorp.ca\\\/#\\\/schema\\\/logo\\\/image\\\/\"},\"sameAs\":[\"https:\\\/\\\/www.facebook.com\\\/BiolineCorp\\\/\",\"https:\\\/\\\/x.com\\\/BiolineCorp\",\"https:\\\/\\\/www.linkedin.com\\\/company\\\/bioline-corp\\\/\",\"https:\\\/\\\/www.youtube.com\\\/channel\\\/UCpD4bbIdegjthmdriZ2SAow\"]}]}<\/script>\n<!-- \/ Yoast SEO Premium plugin. -->","yoast_head_json":{"title":"Agrumes et vergers -","description":"L'application des produits BioLiNE\u00ae am\u00e9liore consid\u00e9rablement le transport et l'assimilation des nutriments et autres compos\u00e9s b\u00e9n\u00e9fiques pour les plantes.","robots":{"index":"index","follow":"follow","max-snippet":"max-snippet:-1","max-image-preview":"max-image-preview:large","max-video-preview":"max-video-preview:-1"},"canonical":"https:\/\/biolinecorp.ca\/fr\/agrumes-et-vergers\/","og_locale":"fr_FR","og_type":"article","og_title":"Citrus and Orchards","og_description":"Application of BioLiNE\u00ae\u00a0products\u00a0drastically improves the transport and assimilation of nutrients and other plant beneficial compounds.","og_url":"https:\/\/biolinecorp.ca\/fr\/agrumes-et-vergers\/","article_publisher":"https:\/\/www.facebook.com\/BiolineCorp\/","article_modified_time":"2023-09-12T13:15:10+00:00","twitter_card":"summary_large_image","twitter_site":"@BiolineCorp","twitter_misc":{"Dur\u00e9e de lecture estim\u00e9e":"1 minute"},"schema":{"@context":"https:\/\/schema.org","@graph":[{"@type":"WebPage","@id":"https:\/\/biolinecorp.ca\/en_ca\/citrus-and-orchards\/","url":"https:\/\/biolinecorp.ca\/en_ca\/citrus-and-orchards\/","name":"Agrumes et vergers -","isPartOf":{"@id":"https:\/\/biolinecorp.ca\/#website"},"datePublished":"2022-03-03T15:22:29+00:00","dateModified":"2023-09-12T13:15:10+00:00","description":"L'application des produits BioLiNE\u00ae am\u00e9liore consid\u00e9rablement le transport et l'assimilation des nutriments et autres compos\u00e9s b\u00e9n\u00e9fiques pour les plantes.","breadcrumb":{"@id":"https:\/\/biolinecorp.ca\/en_ca\/citrus-and-orchards\/#breadcrumb"},"inLanguage":"fr-FR","potentialAction":[{"@type":"ReadAction","target":["https:\/\/biolinecorp.ca\/en_ca\/citrus-and-orchards\/"]}]},{"@type":"BreadcrumbList","@id":"https:\/\/biolinecorp.ca\/en_ca\/citrus-and-orchards\/#breadcrumb","itemListElement":[{"@type":"ListItem","position":1,"name":"Home","item":"https:\/\/biolinecorp.ca\/en_ca\/"},{"@type":"ListItem","position":2,"name":"Citrus and Orchards"}]},{"@type":"WebSite","@id":"https:\/\/biolinecorp.ca\/#website","url":"https:\/\/biolinecorp.ca\/","name":"BioLine Corporation","description":"","publisher":{"@id":"https:\/\/biolinecorp.ca\/#organization"},"potentialAction":[{"@type":"SearchAction","target":{"@type":"EntryPoint","urlTemplate":"https:\/\/biolinecorp.ca\/?s={search_term_string}"},"query-input":{"@type":"PropertyValueSpecification","valueRequired":true,"valueName":"search_term_string"}}],"inLanguage":"fr-FR"},{"@type":"Organization","@id":"https:\/\/biolinecorp.ca\/#organization","name":"Bioline Corporation","url":"https:\/\/biolinecorp.ca\/","logo":{"@type":"ImageObject","inLanguage":"fr-FR","@id":"https:\/\/biolinecorp.ca\/#\/schema\/logo\/image\/","url":"https:\/\/biolinecorp.ca\/wp-content\/uploads\/2018\/02\/Bioline_logo.png","contentUrl":"https:\/\/biolinecorp.ca\/wp-content\/uploads\/2018\/02\/Bioline_logo.png","width":667,"height":181,"caption":"Bioline Corporation"},"image":{"@id":"https:\/\/biolinecorp.ca\/#\/schema\/logo\/image\/"},"sameAs":["https:\/\/www.facebook.com\/BiolineCorp\/","https:\/\/x.com\/BiolineCorp","https:\/\/www.linkedin.com\/company\/bioline-corp\/","https:\/\/www.youtube.com\/channel\/UCpD4bbIdegjthmdriZ2SAow"]}]}},"_links":{"self":[{"href":"https:\/\/biolinecorp.ca\/fr\/wp-json\/wp\/v2\/pages\/25242","targetHints":{"allow":["GET"]}}],"collection":[{"href":"https:\/\/biolinecorp.ca\/fr\/wp-json\/wp\/v2\/pages"}],"about":[{"href":"https:\/\/biolinecorp.ca\/fr\/wp-json\/wp\/v2\/types\/page"}],"author":[{"embeddable":true,"href":"https:\/\/biolinecorp.ca\/fr\/wp-json\/wp\/v2\/users\/2"}],"replies":[{"embeddable":true,"href":"https:\/\/biolinecorp.ca\/fr\/wp-json\/wp\/v2\/comments?post=25242"}],"version-history":[{"count":0,"href":"https:\/\/biolinecorp.ca\/fr\/wp-json\/wp\/v2\/pages\/25242\/revisions"}],"wp:attachment":[{"href":"https:\/\/biolinecorp.ca\/fr\/wp-json\/wp\/v2\/media?parent=25242"}],"curies":[{"name":"wp","href":"https:\/\/api.w.org\/{rel}","templated":true}]}}