{"id":25235,"date":"2022-03-03T10:19:15","date_gmt":"2022-03-03T15:19:15","guid":{"rendered":"https:\/\/biolinecorp.ca\/?page_id=25235"},"modified":"2023-09-13T14:51:55","modified_gmt":"2023-09-13T18:51:55","slug":"cucurbits","status":"publish","type":"page","link":"https:\/\/biolinecorp.ca\/fr\/cucurbitacees\/","title":{"rendered":"Cucurbitac\u00e9es"},"content":{"rendered":"<div style=\"height:50px\" aria-hidden=\"true\" class=\"wp-block-spacer\"><\/div>\n\n\n\n<h3 class=\"wp-block-heading\" id=\"h-how-does-bioline-nbsp-help-cucurbit-production\">Comment BioLiNE<strong><sup>\u00ae<\/sup><\/strong>&nbsp;Aider \u00e0 la production de cucurbitac\u00e9es ?<\/h3>\n\n\n\n<h5 class=\"wp-block-heading\" id=\"h-melons-squash-pumpkin-cucumber-zucchini-marrows-and-gourds\">(Melons, courges, citrouilles, concombres, courgettes, courges et courges)<\/h5>\n\n\n\n<div style=\"height:25px\" aria-hidden=\"true\" class=\"wp-block-spacer\"><\/div>\n\n\n\n<div class=\"wp-block-columns is-layout-flex wp-container-core-columns-is-layout-9d6595d7 wp-block-columns-is-layout-flex\">\n<div class=\"wp-block-column is-layout-flow wp-block-column-is-layout-flow\" style=\"flex-basis:66.66%\">\n<p>BioLiNE <a href=\"https:\/\/biolinecorp.ca\/fr\/nos-produits\/\">produits<\/a> sont les \"transporteurs\" de nutriments et de min\u00e9raux qui att\u00e9nuent les probl\u00e8mes de transport et de d\u00e9s\u00e9quilibre des nutriments. Pour ce faire, ils \u00e9changent continuellement des nutriments dans la solution du sol, entre les microbes, les particules du sol et les racines des plantes, en veillant \u00e0 ce que les nutriments dont la plante a besoin soient apport\u00e9s aux racines et facilement transport\u00e9s dans la plante. Nos <a href=\"https:\/\/biolinecorp.ca\/fr\/notre-technologie\/\" target=\"_blank\" rel=\"noreferrer noopener\">technologie<\/a> est un outil efficace de gestion des cultures. Application de BioLiNE<strong><sup>\u00ae<\/sup><\/strong>\u00a0aide \u00e0 pr\u00e9venir le blocage des nutriments afin de garantir que les nutriments sont disponibles lorsque les besoins sont \u00e9lev\u00e9s. Il en r\u00e9sulte une augmentation de la production et de la taille des fruits, ce qui permet de maximiser le rendement commercialisable.<\/p>\n<\/div>\n\n\n\n<div class=\"wp-block-column is-vertically-aligned-center is-layout-flow wp-block-column-is-layout-flow\" style=\"flex-basis:33.33%\">\n<div class=\"wp-block-buttons is-content-justification-center is-layout-flex wp-container-core-buttons-is-layout-16018d1d wp-block-buttons-is-layout-flex\">\n<div class=\"wp-block-button aligncenter\"><a class=\"wp-block-button__link wp-element-button\" href=\"https:\/\/biolinecorp.ca\/wp-content\/uploads\/2022\/05\/20220504-Cucurbit-Handout-V1.pdf\" target=\"_blank\" rel=\"noreferrer noopener\">Document sur les cucurbitac\u00e9es et les melons<\/a><\/div>\n<\/div>\n\n\n\n<div style=\"height:10px\" aria-hidden=\"true\" class=\"wp-block-spacer\"><\/div>\n\n\n\n<div class=\"wp-block-buttons is-layout-flex wp-block-buttons-is-layout-flex\">\n<div class=\"wp-block-button aligncenter\"><a class=\"wp-block-button__link wp-element-button\" href=\"https:\/\/biolinecorp.ca\/wp-content\/uploads\/2022\/05\/20220504-Watermelon-Handout-V1.pdf\" target=\"_blank\" rel=\"noreferrer noopener\">Fiche sur la past\u00e8que<\/a><\/div>\n<\/div>\n<\/div>\n<\/div>\n\n\n\n<div style=\"height:50px\" aria-hidden=\"true\" class=\"wp-block-spacer\"><\/div>\n\n\n<div class=\"w-heading heading-9 text-left\">\n    <div class=\"w-wrapper\">\n                 \n        <h2>           \n            <span>R\u00e9sultats de l'essai<\/span>        <\/h2>\n                    <\/div>\n<\/div>\n\n\n\n<div style=\"height:25px\" aria-hidden=\"true\" class=\"wp-block-spacer\"><\/div>\n\n\n\n<h3 class=\"wp-block-heading has-large-font-size\" id=\"h-2019-beem-agro-sciences-trial\">2019 Essai Beem-Agro Sciences<\/h3>\n\n\n\n<div style=\"height:25px\" aria-hidden=\"true\" class=\"wp-block-spacer\"><\/div>\n\n\n\n<div class=\"wp-block-columns is-layout-flex wp-container-core-columns-is-layout-9d6595d7 wp-block-columns-is-layout-flex\">\n<div class=\"wp-block-column is-layout-flow wp-block-column-is-layout-flow\">\n<figure class=\"wp-block-image size-large is-style-default\"><img decoding=\"async\" width=\"1024\" height=\"712\" src=\"https:\/\/biolinecorp.ca\/wp-content\/uploads\/2022\/03\/Melons-1.png-1024x712.jpg\" alt=\"\" class=\"wp-image-25414\" srcset=\"https:\/\/biolinecorp.ca\/wp-content\/uploads\/2022\/03\/Melons-1.png-1024x712.jpg 1024w, https:\/\/biolinecorp.ca\/wp-content\/uploads\/2022\/03\/Melons-1.png-600x417.jpg 600w, https:\/\/biolinecorp.ca\/wp-content\/uploads\/2022\/03\/Melons-1.png-768x534.jpg 768w, https:\/\/biolinecorp.ca\/wp-content\/uploads\/2022\/03\/Melons-1.png-1536x1068.jpg 1536w, https:\/\/biolinecorp.ca\/wp-content\/uploads\/2022\/03\/Melons-1.png-640x445.jpg 640w, https:\/\/biolinecorp.ca\/wp-content\/uploads\/2022\/03\/Melons-1.png-1280x890.jpg 1280w, https:\/\/biolinecorp.ca\/wp-content\/uploads\/2022\/03\/Melons-1.png.jpg 1873w\" sizes=\"(max-width: 1024px) 100vw, 1024px\" \/><figcaption class=\"wp-element-caption\">Les melons Ambrosia trait\u00e9s avec 3 applications foliaires de BioLiNE Gold ont vu leur rendement augmenter de 30,1%, passant de 226 \u00e0 296 lbs\/500 sqft. <\/figcaption><\/figure>\n<\/div>\n\n\n\n<div class=\"wp-block-column is-layout-flow wp-block-column-is-layout-flow\">\n<figure class=\"wp-block-image size-large is-style-default\"><img decoding=\"async\" width=\"1024\" height=\"714\" src=\"https:\/\/biolinecorp.ca\/wp-content\/uploads\/2022\/03\/Melons-2-1-1024x714.png\" alt=\"\" class=\"wp-image-25413\" srcset=\"https:\/\/biolinecorp.ca\/wp-content\/uploads\/2022\/03\/Melons-2-1-1024x714.png 1024w, https:\/\/biolinecorp.ca\/wp-content\/uploads\/2022\/03\/Melons-2-1-600x418.png 600w, https:\/\/biolinecorp.ca\/wp-content\/uploads\/2022\/03\/Melons-2-1-768x535.png 768w, https:\/\/biolinecorp.ca\/wp-content\/uploads\/2022\/03\/Melons-2-1-1536x1071.png 1536w, https:\/\/biolinecorp.ca\/wp-content\/uploads\/2022\/03\/Melons-2-1-640x446.png 640w, https:\/\/biolinecorp.ca\/wp-content\/uploads\/2022\/03\/Melons-2-1-1280x892.png 1280w, https:\/\/biolinecorp.ca\/wp-content\/uploads\/2022\/03\/Melons-2-1.png 1863w\" sizes=\"(max-width: 1024px) 100vw, 1024px\" \/><figcaption class=\"wp-element-caption\">Les melons Ambrosia trait\u00e9s avec 3 applications foliaires de BioLiNE Gold ont vu leur rendement augmenter de 30,1%, passant de 9,84 \u00e0 12,80 tonnes\/acre.<\/figcaption><\/figure>\n<\/div>\n<\/div>\n\n\n\n<div style=\"height:10px\" aria-hidden=\"true\" class=\"wp-block-spacer\"><\/div>\n\n\n\n<hr class=\"wp-block-separator has-css-opacity\"\/>\n\n\n\n<div style=\"height:50px\" aria-hidden=\"true\" class=\"wp-block-spacer\"><\/div>\n\n\n\n<h3 class=\"wp-block-heading has-large-font-size\" id=\"h-other-trials\">Autres essais<\/h3>\n\n\n\n<p style=\"font-size:18px\"><strong>Courgette (Vari\u00e9t\u00e9 : D00656) Essai Beem Agro-Sciences (Californie) 2019 :<\/strong> Augmentation de 9,7% du nombre moyen de fruits par parcelle et augmentation de 4,8% du poids total des fruits par parcelle.<\/p>\n\n\n\n<p style=\"font-size:18px\"><strong>Courge jaune (Vari\u00e9t\u00e9 : A02121)<\/strong> <strong>Essai Beem Agro-Sciences (Californie) 2019 :<\/strong> 7,4% d'augmentation du poids total des fruits de 55,4 \u00e0 59,5 et 13% d'augmentation du nombre moyen de graines\/fruits marqu\u00e9s.<\/p>\n\n\n\n<p style=\"font-size:18px\"><strong>Cantaloup<\/strong> <strong>Essai Beem Agro-Sciences (Californie) 2019 :<\/strong> Augmentation de 5,5% du nombre total de fruits et de 9,5% du nombre de gros fruits<\/p>\n\n\n\n<head><!-- Global site tag (gtag.js) - Google Ads: 781808697 --> <script async src=\"https:\/\/www.googletagmanager.com\/gtag\/js?id=AW-781808697\"><\/script> <script> window.dataLayer = window.dataLayer || []; function gtag(){dataLayer.push(arguments);} gtag('js', new Date()); gtag('config', 'AW-781808697'); gtag('config', 'AW-781808697');<\/script> <\/head>","protected":false},"excerpt":{"rendered":"<p>How Does BioLiNE\u00ae&nbsp;Help Cucurbit Production? (Melons, squash, pumpkin, cucumber, zucchini, marrows, and gourds) BioLiNE products are the \u201ctruckers\u201d of nutrients and minerals which mitigate issues of transport and nutrient imbalance. They do this by continually exchanging nutrients in the soil solution, between microbes, soil particles, and plant roots, ensuring the nutrients the plant needs are [&hellip;]<\/p>\n","protected":false},"author":2,"featured_media":0,"parent":0,"menu_order":3,"comment_status":"closed","ping_status":"closed","template":"","meta":{"_monsterinsights_skip_tracking":false,"_monsterinsights_sitenote_active":false,"_monsterinsights_sitenote_note":"","_monsterinsights_sitenote_category":0,"footnotes":""},"class_list":["post-25235","page","type-page","status-publish","hentry"],"yoast_head":"<!-- This site is optimized with the Yoast SEO Premium plugin v27.3 (Yoast SEO v27.3) - https:\/\/yoast.com\/product\/yoast-seo-premium-wordpress\/ -->\n<title>Cucurbits -<\/title>\n<meta name=\"description\" content=\"BioLiNE\u00ae\u00a0products helps prevent nutrient lockup to ensure nutrients are available, resulting in increased fruit production and size.\" \/>\n<meta name=\"robots\" content=\"index, follow, max-snippet:-1, max-image-preview:large, max-video-preview:-1\" \/>\n<link rel=\"canonical\" href=\"https:\/\/biolinecorp.ca\/fr\/cucurbitacees\/\" \/>\n<meta property=\"og:locale\" content=\"fr_FR\" \/>\n<meta property=\"og:type\" content=\"article\" \/>\n<meta property=\"og:title\" content=\"Cucurbits\" \/>\n<meta property=\"og:description\" content=\"BioLiNE\u00ae\u00a0products helps prevent nutrient lockup to ensure nutrients are available, resulting in increased fruit production and size.\" \/>\n<meta property=\"og:url\" content=\"https:\/\/biolinecorp.ca\/fr\/cucurbitacees\/\" \/>\n<meta property=\"article:publisher\" content=\"https:\/\/www.facebook.com\/BiolineCorp\/\" \/>\n<meta property=\"article:modified_time\" content=\"2023-09-13T18:51:55+00:00\" \/>\n<meta property=\"og:image\" content=\"https:\/\/biolinecorp.ca\/wp-content\/uploads\/2022\/03\/Melons-1.png-1024x712.jpg\" \/>\n<meta name=\"twitter:card\" content=\"summary_large_image\" \/>\n<meta name=\"twitter:site\" content=\"@BiolineCorp\" \/>\n<meta name=\"twitter:label1\" content=\"Dur\u00e9e de lecture estim\u00e9e\" \/>\n\t<meta name=\"twitter:data1\" content=\"2 minutes\" \/>\n<script type=\"application\/ld+json\" class=\"yoast-schema-graph\">{\"@context\":\"https:\\\/\\\/schema.org\",\"@graph\":[{\"@type\":\"WebPage\",\"@id\":\"https:\\\/\\\/biolinecorp.ca\\\/en_ca\\\/cucurbits\\\/\",\"url\":\"https:\\\/\\\/biolinecorp.ca\\\/en_ca\\\/cucurbits\\\/\",\"name\":\"Cucurbits -\",\"isPartOf\":{\"@id\":\"https:\\\/\\\/biolinecorp.ca\\\/#website\"},\"primaryImageOfPage\":{\"@id\":\"https:\\\/\\\/biolinecorp.ca\\\/en_ca\\\/cucurbits\\\/#primaryimage\"},\"image\":{\"@id\":\"https:\\\/\\\/biolinecorp.ca\\\/en_ca\\\/cucurbits\\\/#primaryimage\"},\"thumbnailUrl\":\"https:\\\/\\\/biolinecorp.ca\\\/wp-content\\\/uploads\\\/2022\\\/03\\\/Melons-1.png-1024x712.jpg\",\"datePublished\":\"2022-03-03T15:19:15+00:00\",\"dateModified\":\"2023-09-13T18:51:55+00:00\",\"description\":\"BioLiNE\u00ae\u00a0products helps prevent nutrient lockup to ensure nutrients are available, resulting in increased fruit production and size.\",\"breadcrumb\":{\"@id\":\"https:\\\/\\\/biolinecorp.ca\\\/en_ca\\\/cucurbits\\\/#breadcrumb\"},\"inLanguage\":\"fr-FR\",\"potentialAction\":[{\"@type\":\"ReadAction\",\"target\":[\"https:\\\/\\\/biolinecorp.ca\\\/en_ca\\\/cucurbits\\\/\"]}]},{\"@type\":\"ImageObject\",\"inLanguage\":\"fr-FR\",\"@id\":\"https:\\\/\\\/biolinecorp.ca\\\/en_ca\\\/cucurbits\\\/#primaryimage\",\"url\":\"https:\\\/\\\/biolinecorp.ca\\\/wp-content\\\/uploads\\\/2022\\\/03\\\/Melons-1.png-1024x712.jpg\",\"contentUrl\":\"https:\\\/\\\/biolinecorp.ca\\\/wp-content\\\/uploads\\\/2022\\\/03\\\/Melons-1.png-1024x712.jpg\"},{\"@type\":\"BreadcrumbList\",\"@id\":\"https:\\\/\\\/biolinecorp.ca\\\/en_ca\\\/cucurbits\\\/#breadcrumb\",\"itemListElement\":[{\"@type\":\"ListItem\",\"position\":1,\"name\":\"Home\",\"item\":\"https:\\\/\\\/biolinecorp.ca\\\/en_ca\\\/\"},{\"@type\":\"ListItem\",\"position\":2,\"name\":\"Cucurbits\"}]},{\"@type\":\"WebSite\",\"@id\":\"https:\\\/\\\/biolinecorp.ca\\\/#website\",\"url\":\"https:\\\/\\\/biolinecorp.ca\\\/\",\"name\":\"BioLine Corporation\",\"description\":\"\",\"publisher\":{\"@id\":\"https:\\\/\\\/biolinecorp.ca\\\/#organization\"},\"potentialAction\":[{\"@type\":\"SearchAction\",\"target\":{\"@type\":\"EntryPoint\",\"urlTemplate\":\"https:\\\/\\\/biolinecorp.ca\\\/?s={search_term_string}\"},\"query-input\":{\"@type\":\"PropertyValueSpecification\",\"valueRequired\":true,\"valueName\":\"search_term_string\"}}],\"inLanguage\":\"fr-FR\"},{\"@type\":\"Organization\",\"@id\":\"https:\\\/\\\/biolinecorp.ca\\\/#organization\",\"name\":\"Bioline Corporation\",\"url\":\"https:\\\/\\\/biolinecorp.ca\\\/\",\"logo\":{\"@type\":\"ImageObject\",\"inLanguage\":\"fr-FR\",\"@id\":\"https:\\\/\\\/biolinecorp.ca\\\/#\\\/schema\\\/logo\\\/image\\\/\",\"url\":\"https:\\\/\\\/biolinecorp.ca\\\/wp-content\\\/uploads\\\/2018\\\/02\\\/Bioline_logo.png\",\"contentUrl\":\"https:\\\/\\\/biolinecorp.ca\\\/wp-content\\\/uploads\\\/2018\\\/02\\\/Bioline_logo.png\",\"width\":667,\"height\":181,\"caption\":\"Bioline Corporation\"},\"image\":{\"@id\":\"https:\\\/\\\/biolinecorp.ca\\\/#\\\/schema\\\/logo\\\/image\\\/\"},\"sameAs\":[\"https:\\\/\\\/www.facebook.com\\\/BiolineCorp\\\/\",\"https:\\\/\\\/x.com\\\/BiolineCorp\",\"https:\\\/\\\/www.linkedin.com\\\/company\\\/bioline-corp\\\/\",\"https:\\\/\\\/www.youtube.com\\\/channel\\\/UCpD4bbIdegjthmdriZ2SAow\"]}]}<\/script>\n<!-- \/ Yoast SEO Premium plugin. -->","yoast_head_json":{"title":"Cucurbitac\u00e9es -","description":"Les produits BioLiNE\u00ae aident \u00e0 pr\u00e9venir le blocage des nutriments afin de garantir leur disponibilit\u00e9, ce qui se traduit par une augmentation de la production et de la taille des fruits.","robots":{"index":"index","follow":"follow","max-snippet":"max-snippet:-1","max-image-preview":"max-image-preview:large","max-video-preview":"max-video-preview:-1"},"canonical":"https:\/\/biolinecorp.ca\/fr\/cucurbitacees\/","og_locale":"fr_FR","og_type":"article","og_title":"Cucurbits","og_description":"BioLiNE\u00ae\u00a0products helps prevent nutrient lockup to ensure nutrients are available, resulting in increased fruit production and size.","og_url":"https:\/\/biolinecorp.ca\/fr\/cucurbitacees\/","article_publisher":"https:\/\/www.facebook.com\/BiolineCorp\/","article_modified_time":"2023-09-13T18:51:55+00:00","og_image":[{"url":"https:\/\/biolinecorp.ca\/wp-content\/uploads\/2022\/03\/Melons-1.png-1024x712.jpg","type":"","width":"","height":""}],"twitter_card":"summary_large_image","twitter_site":"@BiolineCorp","twitter_misc":{"Dur\u00e9e de lecture estim\u00e9e":"2 minutes"},"schema":{"@context":"https:\/\/schema.org","@graph":[{"@type":"WebPage","@id":"https:\/\/biolinecorp.ca\/en_ca\/cucurbits\/","url":"https:\/\/biolinecorp.ca\/en_ca\/cucurbits\/","name":"Cucurbitac\u00e9es -","isPartOf":{"@id":"https:\/\/biolinecorp.ca\/#website"},"primaryImageOfPage":{"@id":"https:\/\/biolinecorp.ca\/en_ca\/cucurbits\/#primaryimage"},"image":{"@id":"https:\/\/biolinecorp.ca\/en_ca\/cucurbits\/#primaryimage"},"thumbnailUrl":"https:\/\/biolinecorp.ca\/wp-content\/uploads\/2022\/03\/Melons-1.png-1024x712.jpg","datePublished":"2022-03-03T15:19:15+00:00","dateModified":"2023-09-13T18:51:55+00:00","description":"Les produits BioLiNE\u00ae aident \u00e0 pr\u00e9venir le blocage des nutriments afin de garantir leur disponibilit\u00e9, ce qui se traduit par une augmentation de la production et de la taille des fruits.","breadcrumb":{"@id":"https:\/\/biolinecorp.ca\/en_ca\/cucurbits\/#breadcrumb"},"inLanguage":"fr-FR","potentialAction":[{"@type":"ReadAction","target":["https:\/\/biolinecorp.ca\/en_ca\/cucurbits\/"]}]},{"@type":"ImageObject","inLanguage":"fr-FR","@id":"https:\/\/biolinecorp.ca\/en_ca\/cucurbits\/#primaryimage","url":"https:\/\/biolinecorp.ca\/wp-content\/uploads\/2022\/03\/Melons-1.png-1024x712.jpg","contentUrl":"https:\/\/biolinecorp.ca\/wp-content\/uploads\/2022\/03\/Melons-1.png-1024x712.jpg"},{"@type":"BreadcrumbList","@id":"https:\/\/biolinecorp.ca\/en_ca\/cucurbits\/#breadcrumb","itemListElement":[{"@type":"ListItem","position":1,"name":"Home","item":"https:\/\/biolinecorp.ca\/en_ca\/"},{"@type":"ListItem","position":2,"name":"Cucurbits"}]},{"@type":"WebSite","@id":"https:\/\/biolinecorp.ca\/#website","url":"https:\/\/biolinecorp.ca\/","name":"BioLine Corporation","description":"","publisher":{"@id":"https:\/\/biolinecorp.ca\/#organization"},"potentialAction":[{"@type":"SearchAction","target":{"@type":"EntryPoint","urlTemplate":"https:\/\/biolinecorp.ca\/?s={search_term_string}"},"query-input":{"@type":"PropertyValueSpecification","valueRequired":true,"valueName":"search_term_string"}}],"inLanguage":"fr-FR"},{"@type":"Organization","@id":"https:\/\/biolinecorp.ca\/#organization","name":"Bioline Corporation","url":"https:\/\/biolinecorp.ca\/","logo":{"@type":"ImageObject","inLanguage":"fr-FR","@id":"https:\/\/biolinecorp.ca\/#\/schema\/logo\/image\/","url":"https:\/\/biolinecorp.ca\/wp-content\/uploads\/2018\/02\/Bioline_logo.png","contentUrl":"https:\/\/biolinecorp.ca\/wp-content\/uploads\/2018\/02\/Bioline_logo.png","width":667,"height":181,"caption":"Bioline Corporation"},"image":{"@id":"https:\/\/biolinecorp.ca\/#\/schema\/logo\/image\/"},"sameAs":["https:\/\/www.facebook.com\/BiolineCorp\/","https:\/\/x.com\/BiolineCorp","https:\/\/www.linkedin.com\/company\/bioline-corp\/","https:\/\/www.youtube.com\/channel\/UCpD4bbIdegjthmdriZ2SAow"]}]}},"_links":{"self":[{"href":"https:\/\/biolinecorp.ca\/fr\/wp-json\/wp\/v2\/pages\/25235","targetHints":{"allow":["GET"]}}],"collection":[{"href":"https:\/\/biolinecorp.ca\/fr\/wp-json\/wp\/v2\/pages"}],"about":[{"href":"https:\/\/biolinecorp.ca\/fr\/wp-json\/wp\/v2\/types\/page"}],"author":[{"embeddable":true,"href":"https:\/\/biolinecorp.ca\/fr\/wp-json\/wp\/v2\/users\/2"}],"replies":[{"embeddable":true,"href":"https:\/\/biolinecorp.ca\/fr\/wp-json\/wp\/v2\/comments?post=25235"}],"version-history":[{"count":0,"href":"https:\/\/biolinecorp.ca\/fr\/wp-json\/wp\/v2\/pages\/25235\/revisions"}],"wp:attachment":[{"href":"https:\/\/biolinecorp.ca\/fr\/wp-json\/wp\/v2\/media?parent=25235"}],"curies":[{"name":"wp","href":"https:\/\/api.w.org\/{rel}","templated":true}]}}