{"id":24089,"date":"2022-02-10T12:25:41","date_gmt":"2022-02-10T17:25:41","guid":{"rendered":"https:\/\/biolinecorp.ca\/?page_id=24089"},"modified":"2023-09-12T10:33:14","modified_gmt":"2023-09-12T14:33:14","slug":"fruiting-vegetables","status":"publish","type":"page","link":"https:\/\/biolinecorp.ca\/fr\/legumes-fruits\/","title":{"rendered":"L\u00e9gumes-fruits"},"content":{"rendered":"<div style=\"height:50px\" aria-hidden=\"true\" class=\"wp-block-spacer\"><\/div>\n\n\n\n<h3 class=\"wp-block-heading has-large-font-size\" id=\"h-how-does-bioline-help-fruiting-vegetable-production\">Comment BioLiNE<strong><sup>\u00ae<\/sup><\/strong> Aide \u00e0 la production de l\u00e9gumes-fruits ?<\/h3>\n\n\n\n<h4 class=\"wp-block-heading\" id=\"h-eggplant-peppers-and-tomatoes\">(Aubergines, poivrons et tomates)<\/h4>\n\n\n\n<div style=\"height:25px\" aria-hidden=\"true\" class=\"wp-block-spacer\"><\/div>\n\n\n\n<div class=\"wp-block-columns is-layout-flex wp-container-core-columns-is-layout-9d6595d7 wp-block-columns-is-layout-flex\">\n<div class=\"wp-block-column is-layout-flow wp-block-column-is-layout-flow\" style=\"flex-basis:100%\">\n<p>Application de BioLiNE<strong><sup>\u00ae<\/sup><\/strong> <a href=\"https:\/\/biolinecorp.ca\/fr\/nos-produits\/\" target=\"_blank\" rel=\"noreferrer noopener\">produits<\/a> am\u00e9liore consid\u00e9rablement le transport et l'assimilation des nutriments et autres compos\u00e9s b\u00e9n\u00e9fiques pour les plantes. La combinaison d'une perm\u00e9abilit\u00e9 cellulaire sup\u00e9rieure, d'une chimie bioactive et d'un \u00e9change acc\u00e9l\u00e9r\u00e9 de nutriments constitue notre avantage. Notre technologie est un outil efficace de gestion des cultures. Application de BioLiNE<strong><sup>\u00ae<\/sup><\/strong> aide \u00e0 pr\u00e9venir le blocage des nutriments afin de s'assurer que les nutriments sont disponibles lorsque les besoins sont \u00e9lev\u00e9s. Il en r\u00e9sulte une augmentation de la production et de la taille des fruits, ce qui permet de maximiser le rendement en fruits commercialisables. BioLiNE<strong><sup>\u00ae<\/sup><\/strong>&nbsp;<a href=\"https:\/\/biolinecorp.ca\/fr\/notre-technologie\/\">technologie<\/a>&nbsp;peut \u00eatre appliqu\u00e9 \u00e0 diff\u00e9rents stades du d\u00e9veloppement des cultures l\u00e9gumi\u00e8res fruiti\u00e8res, notamment :<\/p>\n<\/div>\n<\/div>\n\n\n\n<div class=\"wp-block-columns is-layout-flex wp-container-core-columns-is-layout-9d6595d7 wp-block-columns-is-layout-flex\">\n<div class=\"wp-block-column is-layout-flow wp-block-column-is-layout-flow\" style=\"flex-basis:66.66%\">\n<ol class=\"wp-block-list\">\n<li><strong>Au moment de la transplantation : <\/strong>Ajouter BioLiNE<strong><sup>\u00ae<\/sup><\/strong> @ 4oz \/ 100 gallons de solution de transplantation appliqu\u00e9e \u00e0 200-300 gallons par acre<\/li>\n\n\n\n<li><strong>Pour les cultures sem\u00e9es :<\/strong> Appliquer BioLiNE<strong><sup>\u00ae<\/sup><\/strong> 16oz\/ acre avec le premier cycle d'irrigation ou par voie foliaire \u00e0 2 feuilles vraies<\/li>\n\n\n\n<li><strong>Fertigation\/Foliaire<\/strong>: Premi\u00e8res applications de BioLiNE<strong><sup>\u00ae<\/sup><\/strong> @ 16oz\/ acre. \u00c0 partir de la deuxi\u00e8me application de BioLiNE<strong><sup>\u00ae<\/sup><\/strong> vous pouvez r\u00e9duire le taux d'application \u00e0 8-10oz par acre.<\/li>\n<\/ol>\n<\/div>\n\n\n\n<div class=\"wp-block-column is-vertically-aligned-center is-layout-flow wp-block-column-is-layout-flow\" style=\"flex-basis:33.33%\">\n<div class=\"wp-block-buttons is-content-justification-center is-layout-flex wp-container-core-buttons-is-layout-16018d1d wp-block-buttons-is-layout-flex\">\n<div class=\"wp-block-button aligncenter\"><a class=\"wp-block-button__link wp-element-button\" href=\"https:\/\/biolinecorp.ca\/wp-content\/uploads\/2022\/05\/20220504-Fruiting-Vegetable-Handout-V1.pdf\" target=\"_blank\" rel=\"noreferrer noopener\">Fiche sur les l\u00e9gumes-fruits<\/a><\/div>\n<\/div>\n\n\n\n<div style=\"height:10px\" aria-hidden=\"true\" class=\"wp-block-spacer\"><\/div>\n\n\n\n<div class=\"wp-block-buttons is-layout-flex wp-block-buttons-is-layout-flex\">\n<div class=\"wp-block-button aligncenter\"><a class=\"wp-block-button__link wp-element-button\" href=\"https:\/\/biolinecorp.ca\/wp-content\/uploads\/2022\/03\/2020119-bioline-vegetable-flyer.pdf\" target=\"_blank\" rel=\"noreferrer noopener\">Fiche de verrouillage des nutriments<\/a><\/div>\n<\/div>\n<\/div>\n<\/div>\n\n\n\n<div style=\"height:50px\" aria-hidden=\"true\" class=\"wp-block-spacer\"><\/div>\n\n\n<div class=\"w-heading heading-9 text-left\">\n    <div class=\"w-wrapper\">\n                 \n        <h2>           \n            <span>R\u00e9sultats de l'essai<\/span>        <\/h2>\n                    <\/div>\n<\/div>\n\n\n\n<div style=\"height:50px\" aria-hidden=\"true\" class=\"wp-block-spacer\"><\/div>\n\n\n\n<div class=\"wp-block-media-text alignwide is-stacked-on-mobile\" style=\"grid-template-columns:25% auto\"><figure class=\"wp-block-media-text__media\"><img decoding=\"async\" width=\"683\" height=\"1024\" src=\"https:\/\/biolinecorp.ca\/wp-content\/uploads\/2022\/03\/My-project-6-683x1024.png\" alt=\"Am\u00e9lioration de la taille des racines et de la ramification apr\u00e8s traitement avec BioLiNE Gold.\" class=\"wp-image-25069 size-full\" srcset=\"https:\/\/biolinecorp.ca\/wp-content\/uploads\/2022\/03\/My-project-6-683x1024.png 683w, https:\/\/biolinecorp.ca\/wp-content\/uploads\/2022\/03\/My-project-6-400x600.png 400w, https:\/\/biolinecorp.ca\/wp-content\/uploads\/2022\/03\/My-project-6-768x1152.png 768w, https:\/\/biolinecorp.ca\/wp-content\/uploads\/2022\/03\/My-project-6-1024x1536.png 1024w, https:\/\/biolinecorp.ca\/wp-content\/uploads\/2022\/03\/My-project-6-1365x2048.png 1365w, https:\/\/biolinecorp.ca\/wp-content\/uploads\/2022\/03\/My-project-6-640x960.png 640w, https:\/\/biolinecorp.ca\/wp-content\/uploads\/2022\/03\/My-project-6-1280x1920.png 1280w, https:\/\/biolinecorp.ca\/wp-content\/uploads\/2022\/03\/My-project-6.png 1700w\" sizes=\"(max-width: 683px) 100vw, 683px\" \/><\/figure><div class=\"wp-block-media-text__content\">\n<h3 class=\"wp-block-heading has-large-font-size\" id=\"h-enhancing-root-growth-with-bioline\">Am\u00e9liorer la croissance des racines avec BioLiNE<strong><sup>\u00ae<\/sup><\/strong><\/h3>\n\n\n\n<p style=\"font-size:18px\">Les plants de tomates ont \u00e9t\u00e9 trait\u00e9s avec 400 ppm <a href=\"https:\/\/biolinecorp.ca\/fr\/or-bioline\/\" target=\"_blank\" rel=\"noreferrer noopener\">BioLiNE\u00ae Gold<\/a> en utilisant un syst\u00e8me de culture en eau profonde. Le poids total des racines des plants de tomates trait\u00e9s avec 400 ppm de BioLiNE<strong><sup>\u00ae<\/sup><\/strong> L'or pesait plus lourd que le t\u00e9moin, \u00e9tait plus long et avait plus de ramifications. <\/p>\n\n\n\n<div style=\"height:50px\" aria-hidden=\"true\" class=\"wp-block-spacer\"><\/div>\n\n\n<div class=\"wp-block-image is-style-default\">\n<figure class=\"alignleft size-full\"><img decoding=\"async\" width=\"745\" height=\"161\" src=\"https:\/\/biolinecorp.ca\/wp-content\/uploads\/2022\/03\/Hydroponics-2.png\" alt=\"\" class=\"wp-image-25327\" srcset=\"https:\/\/biolinecorp.ca\/wp-content\/uploads\/2022\/03\/Hydroponics-2.png 745w, https:\/\/biolinecorp.ca\/wp-content\/uploads\/2022\/03\/Hydroponics-2-600x130.png 600w, https:\/\/biolinecorp.ca\/wp-content\/uploads\/2022\/03\/Hydroponics-2-640x138.png 640w\" sizes=\"(max-width: 745px) 100vw, 745px\" \/><\/figure>\n<\/div>\n\n\n<p><a id=\"_msocom_1\"><\/a><\/p>\n<\/div><\/div>\n\n\n\n<div style=\"height:50px\" aria-hidden=\"true\" class=\"wp-block-spacer\"><\/div>\n\n\n\n<hr class=\"wp-block-separator has-css-opacity\"\/>\n\n\n\n<div style=\"height:50px\" aria-hidden=\"true\" class=\"wp-block-spacer\"><\/div>\n\n\n\n<div class=\"wp-block-media-text alignwide is-stacked-on-mobile\" style=\"grid-template-columns:25% auto\"><figure class=\"wp-block-media-text__media\"><img decoding=\"async\" width=\"1024\" height=\"628\" src=\"https:\/\/biolinecorp.ca\/wp-content\/uploads\/2022\/03\/1630092668765-1024x628.jpg\" alt=\"Am\u00e9lioration de la taille des poivrons apr\u00e8s traitement avec BioLiNE Gold.\" class=\"wp-image-25333 size-full\" srcset=\"https:\/\/biolinecorp.ca\/wp-content\/uploads\/2022\/03\/1630092668765-1024x628.jpg 1024w, https:\/\/biolinecorp.ca\/wp-content\/uploads\/2022\/03\/1630092668765-600x368.jpg 600w, https:\/\/biolinecorp.ca\/wp-content\/uploads\/2022\/03\/1630092668765-768x471.jpg 768w, https:\/\/biolinecorp.ca\/wp-content\/uploads\/2022\/03\/1630092668765-1536x941.jpg 1536w, https:\/\/biolinecorp.ca\/wp-content\/uploads\/2022\/03\/1630092668765-640x392.jpg 640w, https:\/\/biolinecorp.ca\/wp-content\/uploads\/2022\/03\/1630092668765-1280x784.jpg 1280w, https:\/\/biolinecorp.ca\/wp-content\/uploads\/2022\/03\/1630092668765.jpg 1958w\" sizes=\"(max-width: 1024px) 100vw, 1024px\" \/><\/figure><div class=\"wp-block-media-text__content\">\n<h3 class=\"wp-block-heading has-large-font-size\" id=\"h-enhancing-fruit-growth-with-bioline\">Am\u00e9liorer la croissance des fruits avec BioLiNE<strong><sup>\u00ae<\/sup><\/strong><\/h3>\n\n\n\n<p style=\"font-size:18px\">Les poivrons verts ont re\u00e7u deux applications de BioLiNE<strong><sup>\u00ae<\/sup><\/strong> Gold avec le m\u00e9lange d'engrais standard du producteur sous irrigation goutte \u00e0 goutte. L'acide fulvique contribue \u00e0 augmenter le transport et l'utilisation des nutriments par la plante, ce qui lui permet de produire des fruits plus gros et plus commercialisables. <\/p>\n<\/div><\/div>\n\n\n\n<div style=\"height:50px\" aria-hidden=\"true\" class=\"wp-block-spacer\"><\/div>\n\n\n\n<hr class=\"wp-block-separator has-css-opacity\"\/>\n\n\n\n<div style=\"height:50px\" aria-hidden=\"true\" class=\"wp-block-spacer\"><\/div>\n\n\n\n<h3 class=\"wp-block-heading\" id=\"h-other-trials\">Autres essais<\/h3>\n\n\n\n<p style=\"font-size:18px\"><strong>Essais de transplantation et de trempage de poivrons (<a href=\"https:\/\/agsci.psu.edu\/\" target=\"_blank\" rel=\"noreferrer noopener\">Penn State Universit<\/a>y)<\/strong> <strong>2019: <\/strong>Augmentation du nombre de fruits de 23,3 \u00e0 42,7. Augmentation du poids total des fruits de 13,9 \u00e0 20,9 livres.<\/p>\n\n\n\n<head><!-- Global site tag (gtag.js) - Google Ads: 781808697 --> <script async src=\"https:\/\/www.googletagmanager.com\/gtag\/js?id=AW-781808697\"><\/script> <script> window.dataLayer = window.dataLayer || []; function gtag(){dataLayer.push(arguments);} gtag('js', new Date()); gtag('config', 'AW-781808697'); gtag('config', 'AW-781808697');<\/script> <\/head>","protected":false},"excerpt":{"rendered":"<p>How Does BioLiNE\u00ae Help Fruiting Vegetable Production? (Eggplant, peppers, and tomatoes) Application of BioLiNE\u00ae products drastically improves the transport and assimilation of nutrients and other plant beneficial compounds. Combining superior cell permeability, bioactive chemistry, and accelerated nutrient exchange is our advantage. Our technology is an effective crop management tool. Application of BioLiNE\u00ae products helps prevent [&hellip;]<\/p>\n","protected":false},"author":2,"featured_media":0,"parent":0,"menu_order":8,"comment_status":"closed","ping_status":"closed","template":"","meta":{"_monsterinsights_skip_tracking":false,"_monsterinsights_sitenote_active":false,"_monsterinsights_sitenote_note":"","_monsterinsights_sitenote_category":0,"footnotes":""},"class_list":["post-24089","page","type-page","status-publish","hentry"],"yoast_head":"<!-- This site is optimized with the Yoast SEO Premium plugin v27.3 (Yoast SEO v27.3) - https:\/\/yoast.com\/product\/yoast-seo-premium-wordpress\/ -->\n<title>Fruiting Vegetables -<\/title>\n<meta name=\"description\" content=\"Application of BioLiNE\u00ae products drastically improves the transport and assimilation of nutrients and other plant beneficial compounds.\" \/>\n<meta name=\"robots\" content=\"index, follow, max-snippet:-1, max-image-preview:large, max-video-preview:-1\" \/>\n<link rel=\"canonical\" href=\"https:\/\/biolinecorp.ca\/fr\/legumes-fruits\/\" \/>\n<meta property=\"og:locale\" content=\"fr_FR\" \/>\n<meta property=\"og:type\" content=\"article\" \/>\n<meta property=\"og:title\" content=\"Fruiting Vegetables\" \/>\n<meta property=\"og:description\" content=\"Application of BioLiNE\u00ae products drastically improves the transport and assimilation of nutrients and other plant beneficial compounds.\" \/>\n<meta property=\"og:url\" content=\"https:\/\/biolinecorp.ca\/fr\/legumes-fruits\/\" \/>\n<meta property=\"article:publisher\" content=\"https:\/\/www.facebook.com\/BiolineCorp\/\" \/>\n<meta property=\"article:modified_time\" content=\"2023-09-12T14:33:14+00:00\" \/>\n<meta property=\"og:image\" content=\"https:\/\/biolinecorp.ca\/wp-content\/uploads\/2022\/03\/My-project-6-683x1024.png\" \/>\n<meta name=\"twitter:card\" content=\"summary_large_image\" \/>\n<meta name=\"twitter:site\" content=\"@BiolineCorp\" \/>\n<meta name=\"twitter:label1\" content=\"Dur\u00e9e de lecture estim\u00e9e\" \/>\n\t<meta name=\"twitter:data1\" content=\"2 minutes\" \/>\n<script type=\"application\/ld+json\" class=\"yoast-schema-graph\">{\"@context\":\"https:\\\/\\\/schema.org\",\"@graph\":[{\"@type\":\"WebPage\",\"@id\":\"https:\\\/\\\/biolinecorp.ca\\\/en_ca\\\/fruiting-vegetables\\\/\",\"url\":\"https:\\\/\\\/biolinecorp.ca\\\/en_ca\\\/fruiting-vegetables\\\/\",\"name\":\"Fruiting Vegetables -\",\"isPartOf\":{\"@id\":\"https:\\\/\\\/biolinecorp.ca\\\/#website\"},\"primaryImageOfPage\":{\"@id\":\"https:\\\/\\\/biolinecorp.ca\\\/en_ca\\\/fruiting-vegetables\\\/#primaryimage\"},\"image\":{\"@id\":\"https:\\\/\\\/biolinecorp.ca\\\/en_ca\\\/fruiting-vegetables\\\/#primaryimage\"},\"thumbnailUrl\":\"https:\\\/\\\/biolinecorp.ca\\\/wp-content\\\/uploads\\\/2022\\\/03\\\/My-project-6-683x1024.png\",\"datePublished\":\"2022-02-10T17:25:41+00:00\",\"dateModified\":\"2023-09-12T14:33:14+00:00\",\"description\":\"Application of BioLiNE\u00ae products drastically improves the transport and assimilation of nutrients and other plant beneficial compounds.\",\"breadcrumb\":{\"@id\":\"https:\\\/\\\/biolinecorp.ca\\\/en_ca\\\/fruiting-vegetables\\\/#breadcrumb\"},\"inLanguage\":\"fr-FR\",\"potentialAction\":[{\"@type\":\"ReadAction\",\"target\":[\"https:\\\/\\\/biolinecorp.ca\\\/en_ca\\\/fruiting-vegetables\\\/\"]}]},{\"@type\":\"ImageObject\",\"inLanguage\":\"fr-FR\",\"@id\":\"https:\\\/\\\/biolinecorp.ca\\\/en_ca\\\/fruiting-vegetables\\\/#primaryimage\",\"url\":\"https:\\\/\\\/biolinecorp.ca\\\/wp-content\\\/uploads\\\/2022\\\/03\\\/My-project-6-683x1024.png\",\"contentUrl\":\"https:\\\/\\\/biolinecorp.ca\\\/wp-content\\\/uploads\\\/2022\\\/03\\\/My-project-6-683x1024.png\"},{\"@type\":\"BreadcrumbList\",\"@id\":\"https:\\\/\\\/biolinecorp.ca\\\/en_ca\\\/fruiting-vegetables\\\/#breadcrumb\",\"itemListElement\":[{\"@type\":\"ListItem\",\"position\":1,\"name\":\"Home\",\"item\":\"https:\\\/\\\/biolinecorp.ca\\\/en_ca\\\/\"},{\"@type\":\"ListItem\",\"position\":2,\"name\":\"Fruiting Vegetables\"}]},{\"@type\":\"WebSite\",\"@id\":\"https:\\\/\\\/biolinecorp.ca\\\/#website\",\"url\":\"https:\\\/\\\/biolinecorp.ca\\\/\",\"name\":\"BioLine Corporation\",\"description\":\"\",\"publisher\":{\"@id\":\"https:\\\/\\\/biolinecorp.ca\\\/#organization\"},\"potentialAction\":[{\"@type\":\"SearchAction\",\"target\":{\"@type\":\"EntryPoint\",\"urlTemplate\":\"https:\\\/\\\/biolinecorp.ca\\\/?s={search_term_string}\"},\"query-input\":{\"@type\":\"PropertyValueSpecification\",\"valueRequired\":true,\"valueName\":\"search_term_string\"}}],\"inLanguage\":\"fr-FR\"},{\"@type\":\"Organization\",\"@id\":\"https:\\\/\\\/biolinecorp.ca\\\/#organization\",\"name\":\"Bioline Corporation\",\"url\":\"https:\\\/\\\/biolinecorp.ca\\\/\",\"logo\":{\"@type\":\"ImageObject\",\"inLanguage\":\"fr-FR\",\"@id\":\"https:\\\/\\\/biolinecorp.ca\\\/#\\\/schema\\\/logo\\\/image\\\/\",\"url\":\"https:\\\/\\\/biolinecorp.ca\\\/wp-content\\\/uploads\\\/2018\\\/02\\\/Bioline_logo.png\",\"contentUrl\":\"https:\\\/\\\/biolinecorp.ca\\\/wp-content\\\/uploads\\\/2018\\\/02\\\/Bioline_logo.png\",\"width\":667,\"height\":181,\"caption\":\"Bioline Corporation\"},\"image\":{\"@id\":\"https:\\\/\\\/biolinecorp.ca\\\/#\\\/schema\\\/logo\\\/image\\\/\"},\"sameAs\":[\"https:\\\/\\\/www.facebook.com\\\/BiolineCorp\\\/\",\"https:\\\/\\\/x.com\\\/BiolineCorp\",\"https:\\\/\\\/www.linkedin.com\\\/company\\\/bioline-corp\\\/\",\"https:\\\/\\\/www.youtube.com\\\/channel\\\/UCpD4bbIdegjthmdriZ2SAow\"]}]}<\/script>\n<!-- \/ Yoast SEO Premium plugin. -->","yoast_head_json":{"title":"L\u00e9gumes-fruits -","description":"L'application des produits BioLiNE\u00ae am\u00e9liore consid\u00e9rablement le transport et l'assimilation des nutriments et autres compos\u00e9s b\u00e9n\u00e9fiques pour les plantes.","robots":{"index":"index","follow":"follow","max-snippet":"max-snippet:-1","max-image-preview":"max-image-preview:large","max-video-preview":"max-video-preview:-1"},"canonical":"https:\/\/biolinecorp.ca\/fr\/legumes-fruits\/","og_locale":"fr_FR","og_type":"article","og_title":"Fruiting Vegetables","og_description":"Application of BioLiNE\u00ae products drastically improves the transport and assimilation of nutrients and other plant beneficial compounds.","og_url":"https:\/\/biolinecorp.ca\/fr\/legumes-fruits\/","article_publisher":"https:\/\/www.facebook.com\/BiolineCorp\/","article_modified_time":"2023-09-12T14:33:14+00:00","og_image":[{"url":"https:\/\/biolinecorp.ca\/wp-content\/uploads\/2022\/03\/My-project-6-683x1024.png","type":"","width":"","height":""}],"twitter_card":"summary_large_image","twitter_site":"@BiolineCorp","twitter_misc":{"Dur\u00e9e de lecture estim\u00e9e":"2 minutes"},"schema":{"@context":"https:\/\/schema.org","@graph":[{"@type":"WebPage","@id":"https:\/\/biolinecorp.ca\/en_ca\/fruiting-vegetables\/","url":"https:\/\/biolinecorp.ca\/en_ca\/fruiting-vegetables\/","name":"L\u00e9gumes-fruits -","isPartOf":{"@id":"https:\/\/biolinecorp.ca\/#website"},"primaryImageOfPage":{"@id":"https:\/\/biolinecorp.ca\/en_ca\/fruiting-vegetables\/#primaryimage"},"image":{"@id":"https:\/\/biolinecorp.ca\/en_ca\/fruiting-vegetables\/#primaryimage"},"thumbnailUrl":"https:\/\/biolinecorp.ca\/wp-content\/uploads\/2022\/03\/My-project-6-683x1024.png","datePublished":"2022-02-10T17:25:41+00:00","dateModified":"2023-09-12T14:33:14+00:00","description":"L'application des produits BioLiNE\u00ae am\u00e9liore consid\u00e9rablement le transport et l'assimilation des nutriments et autres compos\u00e9s b\u00e9n\u00e9fiques pour les plantes.","breadcrumb":{"@id":"https:\/\/biolinecorp.ca\/en_ca\/fruiting-vegetables\/#breadcrumb"},"inLanguage":"fr-FR","potentialAction":[{"@type":"ReadAction","target":["https:\/\/biolinecorp.ca\/en_ca\/fruiting-vegetables\/"]}]},{"@type":"ImageObject","inLanguage":"fr-FR","@id":"https:\/\/biolinecorp.ca\/en_ca\/fruiting-vegetables\/#primaryimage","url":"https:\/\/biolinecorp.ca\/wp-content\/uploads\/2022\/03\/My-project-6-683x1024.png","contentUrl":"https:\/\/biolinecorp.ca\/wp-content\/uploads\/2022\/03\/My-project-6-683x1024.png"},{"@type":"BreadcrumbList","@id":"https:\/\/biolinecorp.ca\/en_ca\/fruiting-vegetables\/#breadcrumb","itemListElement":[{"@type":"ListItem","position":1,"name":"Home","item":"https:\/\/biolinecorp.ca\/en_ca\/"},{"@type":"ListItem","position":2,"name":"Fruiting Vegetables"}]},{"@type":"WebSite","@id":"https:\/\/biolinecorp.ca\/#website","url":"https:\/\/biolinecorp.ca\/","name":"BioLine Corporation","description":"","publisher":{"@id":"https:\/\/biolinecorp.ca\/#organization"},"potentialAction":[{"@type":"SearchAction","target":{"@type":"EntryPoint","urlTemplate":"https:\/\/biolinecorp.ca\/?s={search_term_string}"},"query-input":{"@type":"PropertyValueSpecification","valueRequired":true,"valueName":"search_term_string"}}],"inLanguage":"fr-FR"},{"@type":"Organization","@id":"https:\/\/biolinecorp.ca\/#organization","name":"Bioline Corporation","url":"https:\/\/biolinecorp.ca\/","logo":{"@type":"ImageObject","inLanguage":"fr-FR","@id":"https:\/\/biolinecorp.ca\/#\/schema\/logo\/image\/","url":"https:\/\/biolinecorp.ca\/wp-content\/uploads\/2018\/02\/Bioline_logo.png","contentUrl":"https:\/\/biolinecorp.ca\/wp-content\/uploads\/2018\/02\/Bioline_logo.png","width":667,"height":181,"caption":"Bioline Corporation"},"image":{"@id":"https:\/\/biolinecorp.ca\/#\/schema\/logo\/image\/"},"sameAs":["https:\/\/www.facebook.com\/BiolineCorp\/","https:\/\/x.com\/BiolineCorp","https:\/\/www.linkedin.com\/company\/bioline-corp\/","https:\/\/www.youtube.com\/channel\/UCpD4bbIdegjthmdriZ2SAow"]}]}},"_links":{"self":[{"href":"https:\/\/biolinecorp.ca\/fr\/wp-json\/wp\/v2\/pages\/24089","targetHints":{"allow":["GET"]}}],"collection":[{"href":"https:\/\/biolinecorp.ca\/fr\/wp-json\/wp\/v2\/pages"}],"about":[{"href":"https:\/\/biolinecorp.ca\/fr\/wp-json\/wp\/v2\/types\/page"}],"author":[{"embeddable":true,"href":"https:\/\/biolinecorp.ca\/fr\/wp-json\/wp\/v2\/users\/2"}],"replies":[{"embeddable":true,"href":"https:\/\/biolinecorp.ca\/fr\/wp-json\/wp\/v2\/comments?post=24089"}],"version-history":[{"count":0,"href":"https:\/\/biolinecorp.ca\/fr\/wp-json\/wp\/v2\/pages\/24089\/revisions"}],"wp:attachment":[{"href":"https:\/\/biolinecorp.ca\/fr\/wp-json\/wp\/v2\/media?parent=24089"}],"curies":[{"name":"wp","href":"https:\/\/api.w.org\/{rel}","templated":true}]}}