{"id":24087,"date":"2022-02-10T12:25:16","date_gmt":"2022-02-10T17:25:16","guid":{"rendered":"https:\/\/biolinecorp.ca\/?page_id=24087"},"modified":"2023-09-12T10:36:38","modified_gmt":"2023-09-12T14:36:38","slug":"legumes","status":"publish","type":"page","link":"https:\/\/biolinecorp.ca\/fr\/legumineuses\/","title":{"rendered":"L\u00e9gumineuses"},"content":{"rendered":"<div style=\"height:50px\" aria-hidden=\"true\" class=\"wp-block-spacer\"><\/div>\n\n\n\n<h3 class=\"wp-block-heading\" id=\"h-how-does-bioline-help-legume-production\">Comment BioLiNE<strong><sup>\u00ae<\/sup><\/strong> Contribuer \u00e0 la production de l\u00e9gumineuses ?<\/h3>\n\n\n\n<h4 class=\"wp-block-heading\" id=\"h-beans-nuts-peas-and-lentils\">(Haricots, noix, pois et lentilles)<\/h4>\n\n\n\n<div style=\"height:25px\" aria-hidden=\"true\" class=\"wp-block-spacer\"><\/div>\n\n\n\n<div class=\"wp-block-columns is-layout-flex wp-container-core-columns-is-layout-9d6595d7 wp-block-columns-is-layout-flex\">\n<div class=\"wp-block-column is-layout-flow wp-block-column-is-layout-flow\" style=\"flex-basis:75%\">\n<p>BioLiNE's <a href=\"https:\/\/biolinecorp.ca\/fr\/notre-technologie\/\" target=\"_blank\" rel=\"noreferrer noopener\">technologie<\/a> am\u00e9liore consid\u00e9rablement le transport et l'assimilation des nutriments et autres compos\u00e9s b\u00e9n\u00e9fiques pour les plantes. La combinaison d'une perm\u00e9abilit\u00e9 cellulaire sup\u00e9rieure, d'une chimie bioactive et d'un \u00e9change acc\u00e9l\u00e9r\u00e9 de nutriments constitue notre avantage. Notre technologie est un outil efficace de gestion des cultures qui prot\u00e8ge les l\u00e9gumineuses contre les avortements de gousses dus au stress et l'am\u00e9lioration du transport des \u00e9l\u00e9ments nutritifs permet de remplir les graines et d'augmenter les rendements. BioLiNE<strong><sup>\u00ae<\/sup><\/strong>&nbsp;peut \u00eatre appliqu\u00e9e \u00e0 diff\u00e9rents stades du d\u00e9veloppement des cultures de l\u00e9gumineuses.<\/p>\n<\/div>\n\n\n\n<div class=\"wp-block-column is-vertically-aligned-center is-layout-flow wp-block-column-is-layout-flow\" style=\"flex-basis:25%\">\n<div class=\"wp-block-buttons is-content-justification-center is-layout-flex wp-container-core-buttons-is-layout-16018d1d wp-block-buttons-is-layout-flex\">\n<div class=\"wp-block-button aligncenter\"><a class=\"wp-block-button__link wp-element-button\" href=\"https:\/\/biolinecorp.ca\/wp-content\/uploads\/2022\/05\/20220504-Legume-Handout-V1.pdf\" target=\"_blank\" rel=\"noreferrer noopener\">Feuillet sur les l\u00e9gumineuses<\/a><\/div>\n<\/div>\n\n\n\n<div style=\"height:10px\" aria-hidden=\"true\" class=\"wp-block-spacer\"><\/div>\n\n\n\n<div class=\"wp-block-buttons is-content-justification-center is-layout-flex wp-container-core-buttons-is-layout-16018d1d wp-block-buttons-is-layout-flex\">\n<div class=\"wp-block-button\"><a class=\"wp-block-button__link wp-element-button\" href=\"https:\/\/biolinecorp.ca\/wp-content\/uploads\/2023\/04\/20220713-Bioline-Peanut-Flyer-FINAL.pdf\" target=\"_blank\" rel=\"noreferrer noopener\">Document sur les arachides<\/a><\/div>\n<\/div>\n<\/div>\n<\/div>\n\n\n\n<div style=\"height:50px\" aria-hidden=\"true\" class=\"wp-block-spacer\"><\/div>\n\n\n<div class=\"w-heading heading-9 text-left\">\n    <div class=\"w-wrapper\">\n                 \n        <h2>           \n            <span>R\u00e9sultats de l'essai<\/span>        <\/h2>\n                    <\/div>\n<\/div>\n\n\n\n<div style=\"height:25px\" aria-hidden=\"true\" class=\"wp-block-spacer\"><\/div>\n\n\n\n<h3 class=\"wp-block-heading has-large-font-size\" id=\"h-drought-stress-amelioration-wintering-hills-colony-2021\"><strong>Am\u00e9lioration du stress d\u00fb \u00e0 la s\u00e9cheresse Wintering Hills Colony 2021<\/strong><\/h3>\n\n\n\n<p>Le rendement moyen des pois fourragers dans le sud de l'Alberta en 2020 \u00e9tait de 48,1 boisseaux\/acre. En raison d'une ann\u00e9e de s\u00e9cheresse intense en 2021, cette moyenne a diminu\u00e9 \u00e0 18,9 boisseaux\/acre (rendement de 39%) (<a href=\"https:\/\/open.alberta.ca\/dataset\/664f3ae9-db2a-4e84-91a8-59c7b379a050\/resource\/c2b9e699-667d-4ac1-87b6-bd1c9115c03c\/download\/af-itrb-alberta-crop-report-2021-10-05.pdf\" target=\"_blank\" rel=\"noreferrer noopener\">Rapport sur les r\u00e9coltes en Alberta<\/a>). <\/p>\n\n\n\n<p>Avec l'application de <a href=\"https:\/\/biolinecorp.ca\/fr\/or-bioline\/\" target=\"_blank\" rel=\"noreferrer noopener\">BioLiNE<strong><sup>\u00ae<\/sup><\/strong>&nbsp;L'or<\/a> sur 5 fermes diff\u00e9rentes dans la colonie de Wintering Hills, le rendement moyen du bl\u00e9 a augment\u00e9 pour atteindre 29,8 boisseaux\/acre, (62% de rendement par rapport aux donn\u00e9es de 2020 et 57,7% d'augmentation par rapport \u00e0 la moyenne du comt\u00e9 en 2021).<\/p>\n\n\n\n<div style=\"height:25px\" aria-hidden=\"true\" class=\"wp-block-spacer\"><\/div>\n\n\n\n<figure class=\"wp-block-image size-large is-style-default\"><img decoding=\"async\" width=\"1024\" height=\"102\" src=\"https:\/\/biolinecorp.ca\/wp-content\/uploads\/2022\/03\/Wintering-Hills-Field-Pea-1024x102.png\" alt=\"\" class=\"wp-image-25546\" srcset=\"https:\/\/biolinecorp.ca\/wp-content\/uploads\/2022\/03\/Wintering-Hills-Field-Pea-1024x102.png 1024w, https:\/\/biolinecorp.ca\/wp-content\/uploads\/2022\/03\/Wintering-Hills-Field-Pea-600x59.png 600w, https:\/\/biolinecorp.ca\/wp-content\/uploads\/2022\/03\/Wintering-Hills-Field-Pea-768x76.png 768w, https:\/\/biolinecorp.ca\/wp-content\/uploads\/2022\/03\/Wintering-Hills-Field-Pea-1536x152.png 1536w, https:\/\/biolinecorp.ca\/wp-content\/uploads\/2022\/03\/Wintering-Hills-Field-Pea-640x63.png 640w, https:\/\/biolinecorp.ca\/wp-content\/uploads\/2022\/03\/Wintering-Hills-Field-Pea-1280x127.png 1280w, https:\/\/biolinecorp.ca\/wp-content\/uploads\/2022\/03\/Wintering-Hills-Field-Pea.png 1876w\" sizes=\"(max-width: 1024px) 100vw, 1024px\" \/><\/figure>\n\n\n\n<div style=\"height:50px\" aria-hidden=\"true\" class=\"wp-block-spacer\"><\/div>\n\n\n\n<hr class=\"wp-block-separator has-css-opacity\"\/>\n\n\n\n<div style=\"height:50px\" aria-hidden=\"true\" class=\"wp-block-spacer\"><\/div>\n\n\n\n<h3 class=\"wp-block-heading has-large-font-size\" id=\"h-other-trials\">Autres essais<\/h3>\n\n\n\n<div style=\"height:10px\" aria-hidden=\"true\" class=\"wp-block-spacer\"><\/div>\n\n\n\n<p><strong>2020<\/strong> <strong>Pois fourragers (<a href=\"https:\/\/npara.ca\/\" target=\"_blank\" rel=\"noreferrer noopener\">Association de recherche appliqu\u00e9e de North Peace<\/a> (NPARA), Alberta)<\/strong> - L'application de BioLiNE Gold dans le sillon et par voie foliaire a fait passer le rendement de 1,4 \u00e0 2,1 boisseaux par acre.<\/p>\n\n\n\n<p><strong>2018 Haricots (<a href=\"http:\/\/srdlink.com\/\" target=\"_blank\" rel=\"noreferrer noopener\">Stoneville R&amp;D Inc.<\/a>)<\/strong> - Application foliaire (8 oz) de BioLiNE<sup>\u00ae <\/sup>a entra\u00een\u00e9 une r\u00e9ponse de 5 boisseaux\/acre par rapport au t\u00e9moin (64 \u00e0 69 boisseaux\/acre).<\/p>\n\n\n\n<p><strong>2017 Haricots (<a href=\"http:\/\/srdlink.com\/\" target=\"_blank\" rel=\"noreferrer noopener\">Stoneville R&amp;D Inc.<\/a>)<\/strong> - Application foliaire (8 oz) de BioLiNE<sup>\u00ae <\/sup>avec du mangan\u00e8se (Mn) a entra\u00een\u00e9 une augmentation de 9,3% de la concentration de Mn dans les tissus et une r\u00e9ponse du rendement de 3 bois\/acre.<\/p>\n\n\n\n<head><!-- Global site tag (gtag.js) - Google Ads: 781808697 --> <script async src=\"https:\/\/www.googletagmanager.com\/gtag\/js?id=AW-781808697\"><\/script> <script> window.dataLayer = window.dataLayer || []; function gtag(){dataLayer.push(arguments);} gtag('js', new Date()); gtag('config', 'AW-781808697'); gtag('config', 'AW-781808697');<\/script> <\/head>","protected":false},"excerpt":{"rendered":"<p>How Does BioLiNE\u00ae Help Legume Production? (Beans, nuts, peas, and lentils) BioLiNE\u2019s technology drastically improves the transport and assimilation of nutrients and other plant beneficial compounds. Combining superior cell permeability, bioactive chemistry, and accelerated nutrient exchange is our advantage. Our technology is an effective crop management tool that armors legume crops against stress-induced pod abortions [&hellip;]<\/p>\n","protected":false},"author":2,"featured_media":0,"parent":0,"menu_order":9,"comment_status":"closed","ping_status":"closed","template":"","meta":{"_monsterinsights_skip_tracking":false,"_monsterinsights_sitenote_active":false,"_monsterinsights_sitenote_note":"","_monsterinsights_sitenote_category":0,"footnotes":""},"class_list":["post-24087","page","type-page","status-publish","hentry"],"yoast_head":"<!-- This site is optimized with the Yoast SEO Premium plugin v27.3 (Yoast SEO v27.3) - https:\/\/yoast.com\/product\/yoast-seo-premium-wordpress\/ -->\n<title>Legumes -<\/title>\n<meta name=\"description\" content=\"BioLiNE\u00ae\u00a0technology armors legume crops against stress-induced pod abortions and improved nutrient transport helps drive seed fill.\" \/>\n<meta name=\"robots\" content=\"index, follow, max-snippet:-1, max-image-preview:large, max-video-preview:-1\" \/>\n<link rel=\"canonical\" href=\"https:\/\/biolinecorp.ca\/fr\/legumineuses\/\" \/>\n<meta property=\"og:locale\" content=\"fr_FR\" \/>\n<meta property=\"og:type\" content=\"article\" \/>\n<meta property=\"og:title\" content=\"Legumes\" \/>\n<meta property=\"og:description\" content=\"BioLiNE\u00ae\u00a0technology armors legume crops against stress-induced pod abortions and improved nutrient transport helps drive seed fill.\" \/>\n<meta property=\"og:url\" content=\"https:\/\/biolinecorp.ca\/fr\/legumineuses\/\" \/>\n<meta property=\"article:publisher\" content=\"https:\/\/www.facebook.com\/BiolineCorp\/\" \/>\n<meta property=\"article:modified_time\" content=\"2023-09-12T14:36:38+00:00\" \/>\n<meta property=\"og:image\" content=\"https:\/\/biolinecorp.ca\/wp-content\/uploads\/2022\/03\/Wintering-Hills-Field-Pea-1024x102.png\" \/>\n<meta name=\"twitter:card\" content=\"summary_large_image\" \/>\n<meta name=\"twitter:site\" content=\"@BiolineCorp\" \/>\n<meta name=\"twitter:label1\" content=\"Dur\u00e9e de lecture estim\u00e9e\" \/>\n\t<meta name=\"twitter:data1\" content=\"2 minutes\" \/>\n<script type=\"application\/ld+json\" class=\"yoast-schema-graph\">{\"@context\":\"https:\\\/\\\/schema.org\",\"@graph\":[{\"@type\":\"WebPage\",\"@id\":\"https:\\\/\\\/biolinecorp.ca\\\/en_ca\\\/legumes\\\/\",\"url\":\"https:\\\/\\\/biolinecorp.ca\\\/en_ca\\\/legumes\\\/\",\"name\":\"Legumes -\",\"isPartOf\":{\"@id\":\"https:\\\/\\\/biolinecorp.ca\\\/#website\"},\"primaryImageOfPage\":{\"@id\":\"https:\\\/\\\/biolinecorp.ca\\\/en_ca\\\/legumes\\\/#primaryimage\"},\"image\":{\"@id\":\"https:\\\/\\\/biolinecorp.ca\\\/en_ca\\\/legumes\\\/#primaryimage\"},\"thumbnailUrl\":\"https:\\\/\\\/biolinecorp.ca\\\/wp-content\\\/uploads\\\/2022\\\/03\\\/Wintering-Hills-Field-Pea-1024x102.png\",\"datePublished\":\"2022-02-10T17:25:16+00:00\",\"dateModified\":\"2023-09-12T14:36:38+00:00\",\"description\":\"BioLiNE\u00ae\u00a0technology armors legume crops against stress-induced pod abortions and improved nutrient transport helps drive seed fill.\",\"breadcrumb\":{\"@id\":\"https:\\\/\\\/biolinecorp.ca\\\/en_ca\\\/legumes\\\/#breadcrumb\"},\"inLanguage\":\"fr-FR\",\"potentialAction\":[{\"@type\":\"ReadAction\",\"target\":[\"https:\\\/\\\/biolinecorp.ca\\\/en_ca\\\/legumes\\\/\"]}]},{\"@type\":\"ImageObject\",\"inLanguage\":\"fr-FR\",\"@id\":\"https:\\\/\\\/biolinecorp.ca\\\/en_ca\\\/legumes\\\/#primaryimage\",\"url\":\"https:\\\/\\\/biolinecorp.ca\\\/wp-content\\\/uploads\\\/2022\\\/03\\\/Wintering-Hills-Field-Pea-1024x102.png\",\"contentUrl\":\"https:\\\/\\\/biolinecorp.ca\\\/wp-content\\\/uploads\\\/2022\\\/03\\\/Wintering-Hills-Field-Pea-1024x102.png\"},{\"@type\":\"BreadcrumbList\",\"@id\":\"https:\\\/\\\/biolinecorp.ca\\\/en_ca\\\/legumes\\\/#breadcrumb\",\"itemListElement\":[{\"@type\":\"ListItem\",\"position\":1,\"name\":\"Home\",\"item\":\"https:\\\/\\\/biolinecorp.ca\\\/en_ca\\\/\"},{\"@type\":\"ListItem\",\"position\":2,\"name\":\"Legumes\"}]},{\"@type\":\"WebSite\",\"@id\":\"https:\\\/\\\/biolinecorp.ca\\\/#website\",\"url\":\"https:\\\/\\\/biolinecorp.ca\\\/\",\"name\":\"BioLine Corporation\",\"description\":\"\",\"publisher\":{\"@id\":\"https:\\\/\\\/biolinecorp.ca\\\/#organization\"},\"potentialAction\":[{\"@type\":\"SearchAction\",\"target\":{\"@type\":\"EntryPoint\",\"urlTemplate\":\"https:\\\/\\\/biolinecorp.ca\\\/?s={search_term_string}\"},\"query-input\":{\"@type\":\"PropertyValueSpecification\",\"valueRequired\":true,\"valueName\":\"search_term_string\"}}],\"inLanguage\":\"fr-FR\"},{\"@type\":\"Organization\",\"@id\":\"https:\\\/\\\/biolinecorp.ca\\\/#organization\",\"name\":\"Bioline Corporation\",\"url\":\"https:\\\/\\\/biolinecorp.ca\\\/\",\"logo\":{\"@type\":\"ImageObject\",\"inLanguage\":\"fr-FR\",\"@id\":\"https:\\\/\\\/biolinecorp.ca\\\/#\\\/schema\\\/logo\\\/image\\\/\",\"url\":\"https:\\\/\\\/biolinecorp.ca\\\/wp-content\\\/uploads\\\/2018\\\/02\\\/Bioline_logo.png\",\"contentUrl\":\"https:\\\/\\\/biolinecorp.ca\\\/wp-content\\\/uploads\\\/2018\\\/02\\\/Bioline_logo.png\",\"width\":667,\"height\":181,\"caption\":\"Bioline Corporation\"},\"image\":{\"@id\":\"https:\\\/\\\/biolinecorp.ca\\\/#\\\/schema\\\/logo\\\/image\\\/\"},\"sameAs\":[\"https:\\\/\\\/www.facebook.com\\\/BiolineCorp\\\/\",\"https:\\\/\\\/x.com\\\/BiolineCorp\",\"https:\\\/\\\/www.linkedin.com\\\/company\\\/bioline-corp\\\/\",\"https:\\\/\\\/www.youtube.com\\\/channel\\\/UCpD4bbIdegjthmdriZ2SAow\"]}]}<\/script>\n<!-- \/ Yoast SEO Premium plugin. -->","yoast_head_json":{"title":"L\u00e9gumineuses -","description":"La technologie BioLiNE\u00ae prot\u00e8ge les cultures de l\u00e9gumineuses contre les avortements de gousses dus au stress et l'am\u00e9lioration du transport des nutriments favorise le remplissage des graines.","robots":{"index":"index","follow":"follow","max-snippet":"max-snippet:-1","max-image-preview":"max-image-preview:large","max-video-preview":"max-video-preview:-1"},"canonical":"https:\/\/biolinecorp.ca\/fr\/legumineuses\/","og_locale":"fr_FR","og_type":"article","og_title":"Legumes","og_description":"BioLiNE\u00ae\u00a0technology armors legume crops against stress-induced pod abortions and improved nutrient transport helps drive seed fill.","og_url":"https:\/\/biolinecorp.ca\/fr\/legumineuses\/","article_publisher":"https:\/\/www.facebook.com\/BiolineCorp\/","article_modified_time":"2023-09-12T14:36:38+00:00","og_image":[{"url":"https:\/\/biolinecorp.ca\/wp-content\/uploads\/2022\/03\/Wintering-Hills-Field-Pea-1024x102.png","type":"","width":"","height":""}],"twitter_card":"summary_large_image","twitter_site":"@BiolineCorp","twitter_misc":{"Dur\u00e9e de lecture estim\u00e9e":"2 minutes"},"schema":{"@context":"https:\/\/schema.org","@graph":[{"@type":"WebPage","@id":"https:\/\/biolinecorp.ca\/en_ca\/legumes\/","url":"https:\/\/biolinecorp.ca\/en_ca\/legumes\/","name":"L\u00e9gumineuses -","isPartOf":{"@id":"https:\/\/biolinecorp.ca\/#website"},"primaryImageOfPage":{"@id":"https:\/\/biolinecorp.ca\/en_ca\/legumes\/#primaryimage"},"image":{"@id":"https:\/\/biolinecorp.ca\/en_ca\/legumes\/#primaryimage"},"thumbnailUrl":"https:\/\/biolinecorp.ca\/wp-content\/uploads\/2022\/03\/Wintering-Hills-Field-Pea-1024x102.png","datePublished":"2022-02-10T17:25:16+00:00","dateModified":"2023-09-12T14:36:38+00:00","description":"La technologie BioLiNE\u00ae prot\u00e8ge les cultures de l\u00e9gumineuses contre les avortements de gousses dus au stress et l'am\u00e9lioration du transport des nutriments favorise le remplissage des graines.","breadcrumb":{"@id":"https:\/\/biolinecorp.ca\/en_ca\/legumes\/#breadcrumb"},"inLanguage":"fr-FR","potentialAction":[{"@type":"ReadAction","target":["https:\/\/biolinecorp.ca\/en_ca\/legumes\/"]}]},{"@type":"ImageObject","inLanguage":"fr-FR","@id":"https:\/\/biolinecorp.ca\/en_ca\/legumes\/#primaryimage","url":"https:\/\/biolinecorp.ca\/wp-content\/uploads\/2022\/03\/Wintering-Hills-Field-Pea-1024x102.png","contentUrl":"https:\/\/biolinecorp.ca\/wp-content\/uploads\/2022\/03\/Wintering-Hills-Field-Pea-1024x102.png"},{"@type":"BreadcrumbList","@id":"https:\/\/biolinecorp.ca\/en_ca\/legumes\/#breadcrumb","itemListElement":[{"@type":"ListItem","position":1,"name":"Home","item":"https:\/\/biolinecorp.ca\/en_ca\/"},{"@type":"ListItem","position":2,"name":"Legumes"}]},{"@type":"WebSite","@id":"https:\/\/biolinecorp.ca\/#website","url":"https:\/\/biolinecorp.ca\/","name":"BioLine Corporation","description":"","publisher":{"@id":"https:\/\/biolinecorp.ca\/#organization"},"potentialAction":[{"@type":"SearchAction","target":{"@type":"EntryPoint","urlTemplate":"https:\/\/biolinecorp.ca\/?s={search_term_string}"},"query-input":{"@type":"PropertyValueSpecification","valueRequired":true,"valueName":"search_term_string"}}],"inLanguage":"fr-FR"},{"@type":"Organization","@id":"https:\/\/biolinecorp.ca\/#organization","name":"Bioline Corporation","url":"https:\/\/biolinecorp.ca\/","logo":{"@type":"ImageObject","inLanguage":"fr-FR","@id":"https:\/\/biolinecorp.ca\/#\/schema\/logo\/image\/","url":"https:\/\/biolinecorp.ca\/wp-content\/uploads\/2018\/02\/Bioline_logo.png","contentUrl":"https:\/\/biolinecorp.ca\/wp-content\/uploads\/2018\/02\/Bioline_logo.png","width":667,"height":181,"caption":"Bioline Corporation"},"image":{"@id":"https:\/\/biolinecorp.ca\/#\/schema\/logo\/image\/"},"sameAs":["https:\/\/www.facebook.com\/BiolineCorp\/","https:\/\/x.com\/BiolineCorp","https:\/\/www.linkedin.com\/company\/bioline-corp\/","https:\/\/www.youtube.com\/channel\/UCpD4bbIdegjthmdriZ2SAow"]}]}},"_links":{"self":[{"href":"https:\/\/biolinecorp.ca\/fr\/wp-json\/wp\/v2\/pages\/24087","targetHints":{"allow":["GET"]}}],"collection":[{"href":"https:\/\/biolinecorp.ca\/fr\/wp-json\/wp\/v2\/pages"}],"about":[{"href":"https:\/\/biolinecorp.ca\/fr\/wp-json\/wp\/v2\/types\/page"}],"author":[{"embeddable":true,"href":"https:\/\/biolinecorp.ca\/fr\/wp-json\/wp\/v2\/users\/2"}],"replies":[{"embeddable":true,"href":"https:\/\/biolinecorp.ca\/fr\/wp-json\/wp\/v2\/comments?post=24087"}],"version-history":[{"count":0,"href":"https:\/\/biolinecorp.ca\/fr\/wp-json\/wp\/v2\/pages\/24087\/revisions"}],"wp:attachment":[{"href":"https:\/\/biolinecorp.ca\/fr\/wp-json\/wp\/v2\/media?parent=24087"}],"curies":[{"name":"wp","href":"https:\/\/api.w.org\/{rel}","templated":true}]}}