{"id":24083,"date":"2022-02-10T12:24:25","date_gmt":"2022-02-10T17:24:25","guid":{"rendered":"https:\/\/biolinecorp.ca\/?page_id=24083"},"modified":"2023-09-12T10:09:30","modified_gmt":"2023-09-12T14:09:30","slug":"leafy-vegetables","status":"publish","type":"page","link":"https:\/\/biolinecorp.ca\/fr\/legumes-a-feuilles-2\/","title":{"rendered":"L\u00e9gumes-feuilles"},"content":{"rendered":"<div style=\"height:50px\" aria-hidden=\"true\" class=\"wp-block-spacer\"><\/div>\n\n\n\n<h3 class=\"wp-block-heading has-large-font-size\" id=\"h-how-does-bioline-help-leafy-vegetable-production\">Comment BioLiNE<strong><sup>\u00ae<\/sup><\/strong> Contribuer \u00e0 la production de l\u00e9gumes-feuilles ?<\/h3>\n\n\n\n<h4 class=\"wp-block-heading\" id=\"h-lettuce-herbs-spinach-arugula-swiss-chard-etc\">(Laitue, herbes, \u00e9pinards, roquette, bette \u00e0 carde, etc.)<\/h4>\n\n\n\n<div style=\"height:25px\" aria-hidden=\"true\" class=\"wp-block-spacer\"><\/div>\n\n\n\n<p>Qu'il soit cultiv\u00e9 en hydroponie ou en plein champ, BioLiNE<strong><sup>\u00ae<\/sup><\/strong> L'acide fulvique transporte et assimile plus efficacement les nutriments et autres ingr\u00e9dients b\u00e9n\u00e9fiques pour les plantes. BioLiNE<strong><sup>\u00ae<\/sup><\/strong> <a href=\"https:\/\/biolinecorp.ca\/fr\/nos-produits\/\" target=\"_blank\" rel=\"noreferrer noopener\">produits<\/a> am\u00e9liorer la sant\u00e9 des cultures tout au long de leur cycle de vie, de l'ensemencement \u00e0 la r\u00e9colte. Le syst\u00e8me BioLiNE<strong><sup>\u00ae<\/sup><\/strong> fournissent des \u00e9lectrolytes et \u00e9tablissent l'\u00e9quilibre \u00e9lectrochimique des plantes. Il en r\u00e9sulte une lev\u00e9e rapide et r\u00e9guli\u00e8re avec des d\u00e9fenses naturelles accrues contre le stress. <\/p>\n\n\n\n<div style=\"height:50px\" aria-hidden=\"true\" class=\"wp-block-spacer\"><\/div>\n\n\n<div class=\"w-heading heading-9 text-left\">\n    <div class=\"w-wrapper\">\n                 \n        <h2>           \n            <span>R\u00e9sultats de l'essai<\/span>        <\/h2>\n                    <\/div>\n<\/div>\n\n\n\n<div style=\"height:50px\" aria-hidden=\"true\" class=\"wp-block-spacer\"><\/div>\n\n\n\n<div class=\"wp-block-media-text alignwide is-stacked-on-mobile\" style=\"grid-template-columns:26% auto\"><figure class=\"wp-block-media-text__media\"><img decoding=\"async\" width=\"663\" height=\"1024\" src=\"https:\/\/biolinecorp.ca\/wp-content\/uploads\/2022\/02\/Lettuce-Hydroponics-663x1024.png\" alt=\"\" class=\"wp-image-24840 size-full\" srcset=\"https:\/\/biolinecorp.ca\/wp-content\/uploads\/2022\/02\/Lettuce-Hydroponics-663x1024.png 663w, https:\/\/biolinecorp.ca\/wp-content\/uploads\/2022\/02\/Lettuce-Hydroponics-388x600.png 388w, https:\/\/biolinecorp.ca\/wp-content\/uploads\/2022\/02\/Lettuce-Hydroponics-768x1187.png 768w, https:\/\/biolinecorp.ca\/wp-content\/uploads\/2022\/02\/Lettuce-Hydroponics-994x1536.png 994w, https:\/\/biolinecorp.ca\/wp-content\/uploads\/2022\/02\/Lettuce-Hydroponics-1325x2048.png 1325w, https:\/\/biolinecorp.ca\/wp-content\/uploads\/2022\/02\/Lettuce-Hydroponics-640x989.png 640w, https:\/\/biolinecorp.ca\/wp-content\/uploads\/2022\/02\/Lettuce-Hydroponics-1280x1978.png 1280w\" sizes=\"(max-width: 663px) 100vw, 663px\" \/><\/figure><div class=\"wp-block-media-text__content\">\n<h2 class=\"wp-block-heading has-large-font-size\" id=\"h-overcoming-nutrient-insufficiency-dwc\">Surmonter l'insuffisance de nutriments - DWC<\/h2>\n\n\n\n<p style=\"font-size:18px\">BioLiNE<strong><sup>\u00ae<\/sup><\/strong> <a href=\"https:\/\/biolinecorp.ca\/fr\/nos-produits\/\" target=\"_blank\" rel=\"noreferrer noopener\">produits<\/a> peut \u00eatre un outil utile pour les syst\u00e8mes hydroponiques. Des laitues cultiv\u00e9es dans un syst\u00e8me hydroponique en eau profonde ont re\u00e7u 25% des macro et micro-nutriments n\u00e9cessaires. Les r\u00e9sultats ont montr\u00e9 une augmentation de 17% de la croissance globale par rapport aux plantes ayant re\u00e7u des niveaux optimaux de nutriments et une augmentation de 36% par rapport aux laitues n'ayant re\u00e7u que 25% de nutriments. Cela s'explique par le fait que BioLiNE<strong><sup>\u00ae<\/sup><\/strong> L'acide fulvique agit comme un transporteur efficace de nutriments dans les solutions hydroponiques lorsque les niveaux de nutriments sont faibles afin d'aider \u00e0 maximiser la croissance. <\/p>\n\n\n\n<div style=\"height:20px\" aria-hidden=\"true\" class=\"wp-block-spacer\"><\/div>\n\n\n\n<figure class=\"wp-block-image size-full is-style-default\"><img decoding=\"async\" width=\"745\" height=\"161\" src=\"https:\/\/biolinecorp.ca\/wp-content\/uploads\/2022\/03\/Hydroponics-1.png\" alt=\"\" class=\"wp-image-25324\" srcset=\"https:\/\/biolinecorp.ca\/wp-content\/uploads\/2022\/03\/Hydroponics-1.png 745w, https:\/\/biolinecorp.ca\/wp-content\/uploads\/2022\/03\/Hydroponics-1-600x130.png 600w, https:\/\/biolinecorp.ca\/wp-content\/uploads\/2022\/03\/Hydroponics-1-640x138.png 640w\" sizes=\"(max-width: 745px) 100vw, 745px\" \/><\/figure>\n<\/div><\/div>\n\n\n\n<div style=\"height:50px\" aria-hidden=\"true\" class=\"wp-block-spacer\"><\/div>\n\n\n\n<hr class=\"wp-block-separator has-css-opacity\"\/>\n\n\n\n<div style=\"height:50px\" aria-hidden=\"true\" class=\"wp-block-spacer\"><\/div>\n\n\n\n<h2 class=\"wp-block-heading has-large-font-size\" id=\"h-overcoming-high-salinity-dwc\">Surmonter une forte salinit\u00e9 - DWC<\/h2>\n\n\n\n<div style=\"height:25px\" aria-hidden=\"true\" class=\"wp-block-spacer\"><\/div>\n\n\n\n<p>BioLiNE<strong><sup>\u00ae<\/sup><\/strong> <a href=\"https:\/\/biolinecorp.ca\/fr\/nos-produits\/\" target=\"_blank\" rel=\"noreferrer noopener\">produits<\/a> ont \u00e9t\u00e9 test\u00e9s dans des environnements \u00e0 forte teneur en sel. La teneur en sel peut \u00eatre pr\u00e9judiciable \u00e0 une plante \u00e0 des concentrations \u00e9lev\u00e9es. En raison de leur petite taille, les ions de sodium et de chlorure peuvent facilement p\u00e9n\u00e9trer dans la plante avant les autres ions b\u00e9n\u00e9fiques, ce qui rend plus difficile pour la plante d'obtenir les nutriments dont elle a besoin.  L'accumulation de sodium et de chlorure et d'autres m\u00e9taux lourds dans les plantes peut atteindre des niveaux toxiques qui entra\u00eenent un retard de croissance et un arr\u00eat du d\u00e9veloppement cellulaire. Les acides fulviques peuvent contribuer \u00e0 att\u00e9nuer les effets du stress salin sur les plantes en am\u00e9liorant leur tol\u00e9rance au sel. Ils y parviennent en \u00e9quilibrant les niveaux de nutriments et en stabilisant les substances toxiques pour la plante. <\/p>\n\n\n\n<p>Dans un environnement tr\u00e8s salin, l'ajout de 300 ppm de <a href=\"https:\/\/biolinecorp.ca\/fr\/or-bioline\/\" target=\"_blank\" rel=\"noreferrer noopener\">BioLiNE Gold<\/a> a augment\u00e9 le rendement de la laitue de 262%. Dans un environnement \u00e0 forte teneur en cuivre, le rendement du basilic a diminu\u00e9 de 39% par rapport \u00e0 un contr\u00f4le contenant des niveaux normaux de cuivre. Cependant, lorsqu'il est trait\u00e9 avec BioLiNE gold, la croissance des plants de basilic a augment\u00e9 de 105% par rapport au contr\u00f4le. <\/p>\n\n\n\n<div style=\"height:25px\" aria-hidden=\"true\" class=\"wp-block-spacer\"><\/div>\n\n\n\n<div class=\"wp-block-columns is-layout-flex wp-container-core-columns-is-layout-9d6595d7 wp-block-columns-is-layout-flex\">\n<div class=\"wp-block-column is-layout-flow wp-block-column-is-layout-flow\">\n<figure class=\"wp-block-image size-large is-style-default\"><img decoding=\"async\" width=\"1024\" height=\"686\" src=\"https:\/\/biolinecorp.ca\/wp-content\/uploads\/2022\/02\/Lettuce-1-1-e1645542588621-1024x686.png\" alt=\"\" class=\"wp-image-24850\" srcset=\"https:\/\/biolinecorp.ca\/wp-content\/uploads\/2022\/02\/Lettuce-1-1-e1645542588621-1024x686.png 1024w, https:\/\/biolinecorp.ca\/wp-content\/uploads\/2022\/02\/Lettuce-1-1-e1645542588621-600x402.png 600w, https:\/\/biolinecorp.ca\/wp-content\/uploads\/2022\/02\/Lettuce-1-1-e1645542588621-768x514.png 768w, https:\/\/biolinecorp.ca\/wp-content\/uploads\/2022\/02\/Lettuce-1-1-e1645542588621-640x429.png 640w, https:\/\/biolinecorp.ca\/wp-content\/uploads\/2022\/02\/Lettuce-1-1-e1645542588621-1280x857.png 1280w, https:\/\/biolinecorp.ca\/wp-content\/uploads\/2022\/02\/Lettuce-1-1-e1645542588621.png 1342w\" sizes=\"(max-width: 1024px) 100vw, 1024px\" \/><figcaption class=\"wp-element-caption\">Contr\u00f4le - Solution nutritive de Hoagland + 4500 ppm de NaCl*.<\/figcaption><\/figure>\n\n\n\n<p class=\"has-small-font-size\">*ajout\u00e9s progressivement au cours des 10 premiers jours de l'essai<\/p>\n<\/div>\n\n\n\n<div class=\"wp-block-column is-layout-flow wp-block-column-is-layout-flow\">\n<figure class=\"wp-block-image size-large is-style-default\"><img decoding=\"async\" width=\"1024\" height=\"701\" src=\"https:\/\/biolinecorp.ca\/wp-content\/uploads\/2022\/02\/Lettuce-2-e1645542503432-1024x701.png\" alt=\"\" class=\"wp-image-24851\" srcset=\"https:\/\/biolinecorp.ca\/wp-content\/uploads\/2022\/02\/Lettuce-2-e1645542503432-1024x701.png 1024w, https:\/\/biolinecorp.ca\/wp-content\/uploads\/2022\/02\/Lettuce-2-e1645542503432-600x411.png 600w, https:\/\/biolinecorp.ca\/wp-content\/uploads\/2022\/02\/Lettuce-2-e1645542503432-768x526.png 768w, https:\/\/biolinecorp.ca\/wp-content\/uploads\/2022\/02\/Lettuce-2-e1645542503432-640x438.png 640w, https:\/\/biolinecorp.ca\/wp-content\/uploads\/2022\/02\/Lettuce-2-e1645542503432-1280x876.png 1280w, https:\/\/biolinecorp.ca\/wp-content\/uploads\/2022\/02\/Lettuce-2-e1645542503432.png 1312w\" sizes=\"(max-width: 1024px) 100vw, 1024px\" \/><figcaption class=\"wp-element-caption\">Solution nutritive de Hoagland + 4500 ppm de NaCl* + 300 ppm de BioLiNE<strong><sup>\u00ae<\/sup><\/strong><\/figcaption><\/figure>\n\n\n\n<p class=\"has-small-font-size\">*ajout\u00e9s progressivement au cours des 10 premiers jours de l'essai<\/p>\n<\/div>\n\n\n\n<div class=\"wp-block-column is-layout-flow wp-block-column-is-layout-flow\">\n<figure class=\"wp-block-image size-full is-style-default\"><img decoding=\"async\" width=\"532\" height=\"361\" src=\"https:\/\/biolinecorp.ca\/wp-content\/uploads\/2022\/02\/Copper-1.png\" alt=\"\" class=\"wp-image-24852\"\/><figcaption class=\"wp-element-caption\">Contr\u00f4le - Hoagland's avec une concentration de cuivre de 20x<\/figcaption><\/figure>\n<\/div>\n\n\n\n<div class=\"wp-block-column is-layout-flow wp-block-column-is-layout-flow\">\n<figure class=\"wp-block-image size-full is-style-default\"><img decoding=\"async\" width=\"532\" height=\"361\" src=\"https:\/\/biolinecorp.ca\/wp-content\/uploads\/2022\/02\/Copper-2.png\" alt=\"\" class=\"wp-image-24853\"\/><figcaption class=\"wp-element-caption\">Hoagland's avec 20x la concentration en cuivre + 300ppm BioLiNE<strong><sup>\u00ae<\/sup><\/strong><\/figcaption><\/figure>\n<\/div>\n<\/div>\n\n\n\n<head><!-- Global site tag (gtag.js) - Google Ads: 781808697 --> <script async src=\"https:\/\/www.googletagmanager.com\/gtag\/js?id=AW-781808697\"><\/script> <script> window.dataLayer = window.dataLayer || []; function gtag(){dataLayer.push(arguments);} gtag('js', new Date()); gtag('config', 'AW-781808697'); gtag('config', 'AW-781808697');<\/script> <\/head>","protected":false},"excerpt":{"rendered":"<p>How Does BioLiNE\u00ae Help Leafy Vegetable Production? (Lettuce, herbs, spinach, arugula, swiss chard, etc.) Whether grown hydroponically or out in the field, BioLiNE\u00ae fulvic acid transports and assimilates nutrients, and other plant beneficial ingredients more efficiently. BioLiNE\u00ae products enhance crop health through their entire life-cycle from seeding to harvest. The BioLiNE\u00ae products supply electrolytes and [&hellip;]<\/p>\n","protected":false},"author":2,"featured_media":0,"parent":0,"menu_order":5,"comment_status":"closed","ping_status":"closed","template":"","meta":{"_monsterinsights_skip_tracking":false,"_monsterinsights_sitenote_active":false,"_monsterinsights_sitenote_note":"","_monsterinsights_sitenote_category":0,"footnotes":""},"class_list":["post-24083","page","type-page","status-publish","hentry"],"yoast_head":"<!-- This site is optimized with the Yoast SEO Premium plugin v27.3 (Yoast SEO v27.3) - https:\/\/yoast.com\/product\/yoast-seo-premium-wordpress\/ -->\n<title>Leafy Vegetables -<\/title>\n<meta name=\"description\" content=\"Whether grown hydroponically or out in the field, BioLiNE\u00ae transports nutrients, and other plant beneficial ingredients more efficiently.\" \/>\n<meta name=\"robots\" content=\"index, follow, max-snippet:-1, max-image-preview:large, max-video-preview:-1\" \/>\n<link rel=\"canonical\" href=\"https:\/\/biolinecorp.ca\/fr\/legumes-a-feuilles-2\/\" \/>\n<meta property=\"og:locale\" content=\"fr_FR\" \/>\n<meta property=\"og:type\" content=\"article\" \/>\n<meta property=\"og:title\" content=\"Leafy Vegetables\" \/>\n<meta property=\"og:description\" content=\"Whether grown hydroponically or out in the field, BioLiNE\u00ae transports nutrients, and other plant beneficial ingredients more efficiently.\" \/>\n<meta property=\"og:url\" content=\"https:\/\/biolinecorp.ca\/fr\/legumes-a-feuilles-2\/\" \/>\n<meta property=\"article:publisher\" content=\"https:\/\/www.facebook.com\/BiolineCorp\/\" \/>\n<meta property=\"article:modified_time\" content=\"2023-09-12T14:09:30+00:00\" \/>\n<meta property=\"og:image\" content=\"https:\/\/biolinecorp.ca\/wp-content\/uploads\/2022\/02\/Lettuce-Hydroponics-663x1024.png\" \/>\n<meta name=\"twitter:card\" content=\"summary_large_image\" \/>\n<meta name=\"twitter:site\" content=\"@BiolineCorp\" \/>\n<meta name=\"twitter:label1\" content=\"Dur\u00e9e de lecture estim\u00e9e\" \/>\n\t<meta name=\"twitter:data1\" content=\"3 minutes\" \/>\n<script type=\"application\/ld+json\" class=\"yoast-schema-graph\">{\"@context\":\"https:\\\/\\\/schema.org\",\"@graph\":[{\"@type\":\"WebPage\",\"@id\":\"https:\\\/\\\/biolinecorp.ca\\\/en_ca\\\/leafy-vegetables\\\/\",\"url\":\"https:\\\/\\\/biolinecorp.ca\\\/en_ca\\\/leafy-vegetables\\\/\",\"name\":\"Leafy Vegetables -\",\"isPartOf\":{\"@id\":\"https:\\\/\\\/biolinecorp.ca\\\/#website\"},\"primaryImageOfPage\":{\"@id\":\"https:\\\/\\\/biolinecorp.ca\\\/en_ca\\\/leafy-vegetables\\\/#primaryimage\"},\"image\":{\"@id\":\"https:\\\/\\\/biolinecorp.ca\\\/en_ca\\\/leafy-vegetables\\\/#primaryimage\"},\"thumbnailUrl\":\"https:\\\/\\\/biolinecorp.ca\\\/wp-content\\\/uploads\\\/2022\\\/02\\\/Lettuce-Hydroponics-663x1024.png\",\"datePublished\":\"2022-02-10T17:24:25+00:00\",\"dateModified\":\"2023-09-12T14:09:30+00:00\",\"description\":\"Whether grown hydroponically or out in the field, BioLiNE\u00ae transports nutrients, and other plant beneficial ingredients more efficiently.\",\"breadcrumb\":{\"@id\":\"https:\\\/\\\/biolinecorp.ca\\\/en_ca\\\/leafy-vegetables\\\/#breadcrumb\"},\"inLanguage\":\"fr-FR\",\"potentialAction\":[{\"@type\":\"ReadAction\",\"target\":[\"https:\\\/\\\/biolinecorp.ca\\\/en_ca\\\/leafy-vegetables\\\/\"]}]},{\"@type\":\"ImageObject\",\"inLanguage\":\"fr-FR\",\"@id\":\"https:\\\/\\\/biolinecorp.ca\\\/en_ca\\\/leafy-vegetables\\\/#primaryimage\",\"url\":\"https:\\\/\\\/biolinecorp.ca\\\/wp-content\\\/uploads\\\/2022\\\/02\\\/Lettuce-Hydroponics-663x1024.png\",\"contentUrl\":\"https:\\\/\\\/biolinecorp.ca\\\/wp-content\\\/uploads\\\/2022\\\/02\\\/Lettuce-Hydroponics-663x1024.png\"},{\"@type\":\"BreadcrumbList\",\"@id\":\"https:\\\/\\\/biolinecorp.ca\\\/en_ca\\\/leafy-vegetables\\\/#breadcrumb\",\"itemListElement\":[{\"@type\":\"ListItem\",\"position\":1,\"name\":\"Home\",\"item\":\"https:\\\/\\\/biolinecorp.ca\\\/en_ca\\\/\"},{\"@type\":\"ListItem\",\"position\":2,\"name\":\"Leafy Vegetables\"}]},{\"@type\":\"WebSite\",\"@id\":\"https:\\\/\\\/biolinecorp.ca\\\/#website\",\"url\":\"https:\\\/\\\/biolinecorp.ca\\\/\",\"name\":\"BioLine Corporation\",\"description\":\"\",\"publisher\":{\"@id\":\"https:\\\/\\\/biolinecorp.ca\\\/#organization\"},\"potentialAction\":[{\"@type\":\"SearchAction\",\"target\":{\"@type\":\"EntryPoint\",\"urlTemplate\":\"https:\\\/\\\/biolinecorp.ca\\\/?s={search_term_string}\"},\"query-input\":{\"@type\":\"PropertyValueSpecification\",\"valueRequired\":true,\"valueName\":\"search_term_string\"}}],\"inLanguage\":\"fr-FR\"},{\"@type\":\"Organization\",\"@id\":\"https:\\\/\\\/biolinecorp.ca\\\/#organization\",\"name\":\"Bioline Corporation\",\"url\":\"https:\\\/\\\/biolinecorp.ca\\\/\",\"logo\":{\"@type\":\"ImageObject\",\"inLanguage\":\"fr-FR\",\"@id\":\"https:\\\/\\\/biolinecorp.ca\\\/#\\\/schema\\\/logo\\\/image\\\/\",\"url\":\"https:\\\/\\\/biolinecorp.ca\\\/wp-content\\\/uploads\\\/2018\\\/02\\\/Bioline_logo.png\",\"contentUrl\":\"https:\\\/\\\/biolinecorp.ca\\\/wp-content\\\/uploads\\\/2018\\\/02\\\/Bioline_logo.png\",\"width\":667,\"height\":181,\"caption\":\"Bioline Corporation\"},\"image\":{\"@id\":\"https:\\\/\\\/biolinecorp.ca\\\/#\\\/schema\\\/logo\\\/image\\\/\"},\"sameAs\":[\"https:\\\/\\\/www.facebook.com\\\/BiolineCorp\\\/\",\"https:\\\/\\\/x.com\\\/BiolineCorp\",\"https:\\\/\\\/www.linkedin.com\\\/company\\\/bioline-corp\\\/\",\"https:\\\/\\\/www.youtube.com\\\/channel\\\/UCpD4bbIdegjthmdriZ2SAow\"]}]}<\/script>\n<!-- \/ Yoast SEO Premium plugin. -->","yoast_head_json":{"title":"L\u00e9gumes-feuilles -","description":"Qu'il s'agisse de culture hydroponique ou de culture en plein champ, BioLiNE\u00ae transporte plus efficacement les nutriments et autres ingr\u00e9dients b\u00e9n\u00e9fiques pour les plantes.","robots":{"index":"index","follow":"follow","max-snippet":"max-snippet:-1","max-image-preview":"max-image-preview:large","max-video-preview":"max-video-preview:-1"},"canonical":"https:\/\/biolinecorp.ca\/fr\/legumes-a-feuilles-2\/","og_locale":"fr_FR","og_type":"article","og_title":"Leafy Vegetables","og_description":"Whether grown hydroponically or out in the field, BioLiNE\u00ae transports nutrients, and other plant beneficial ingredients more efficiently.","og_url":"https:\/\/biolinecorp.ca\/fr\/legumes-a-feuilles-2\/","article_publisher":"https:\/\/www.facebook.com\/BiolineCorp\/","article_modified_time":"2023-09-12T14:09:30+00:00","og_image":[{"url":"https:\/\/biolinecorp.ca\/wp-content\/uploads\/2022\/02\/Lettuce-Hydroponics-663x1024.png","type":"","width":"","height":""}],"twitter_card":"summary_large_image","twitter_site":"@BiolineCorp","twitter_misc":{"Dur\u00e9e de lecture estim\u00e9e":"3 minutes"},"schema":{"@context":"https:\/\/schema.org","@graph":[{"@type":"WebPage","@id":"https:\/\/biolinecorp.ca\/en_ca\/leafy-vegetables\/","url":"https:\/\/biolinecorp.ca\/en_ca\/leafy-vegetables\/","name":"L\u00e9gumes-feuilles -","isPartOf":{"@id":"https:\/\/biolinecorp.ca\/#website"},"primaryImageOfPage":{"@id":"https:\/\/biolinecorp.ca\/en_ca\/leafy-vegetables\/#primaryimage"},"image":{"@id":"https:\/\/biolinecorp.ca\/en_ca\/leafy-vegetables\/#primaryimage"},"thumbnailUrl":"https:\/\/biolinecorp.ca\/wp-content\/uploads\/2022\/02\/Lettuce-Hydroponics-663x1024.png","datePublished":"2022-02-10T17:24:25+00:00","dateModified":"2023-09-12T14:09:30+00:00","description":"Qu'il s'agisse de culture hydroponique ou de culture en plein champ, BioLiNE\u00ae transporte plus efficacement les nutriments et autres ingr\u00e9dients b\u00e9n\u00e9fiques pour les plantes.","breadcrumb":{"@id":"https:\/\/biolinecorp.ca\/en_ca\/leafy-vegetables\/#breadcrumb"},"inLanguage":"fr-FR","potentialAction":[{"@type":"ReadAction","target":["https:\/\/biolinecorp.ca\/en_ca\/leafy-vegetables\/"]}]},{"@type":"ImageObject","inLanguage":"fr-FR","@id":"https:\/\/biolinecorp.ca\/en_ca\/leafy-vegetables\/#primaryimage","url":"https:\/\/biolinecorp.ca\/wp-content\/uploads\/2022\/02\/Lettuce-Hydroponics-663x1024.png","contentUrl":"https:\/\/biolinecorp.ca\/wp-content\/uploads\/2022\/02\/Lettuce-Hydroponics-663x1024.png"},{"@type":"BreadcrumbList","@id":"https:\/\/biolinecorp.ca\/en_ca\/leafy-vegetables\/#breadcrumb","itemListElement":[{"@type":"ListItem","position":1,"name":"Home","item":"https:\/\/biolinecorp.ca\/en_ca\/"},{"@type":"ListItem","position":2,"name":"Leafy Vegetables"}]},{"@type":"WebSite","@id":"https:\/\/biolinecorp.ca\/#website","url":"https:\/\/biolinecorp.ca\/","name":"BioLine Corporation","description":"","publisher":{"@id":"https:\/\/biolinecorp.ca\/#organization"},"potentialAction":[{"@type":"SearchAction","target":{"@type":"EntryPoint","urlTemplate":"https:\/\/biolinecorp.ca\/?s={search_term_string}"},"query-input":{"@type":"PropertyValueSpecification","valueRequired":true,"valueName":"search_term_string"}}],"inLanguage":"fr-FR"},{"@type":"Organization","@id":"https:\/\/biolinecorp.ca\/#organization","name":"Bioline Corporation","url":"https:\/\/biolinecorp.ca\/","logo":{"@type":"ImageObject","inLanguage":"fr-FR","@id":"https:\/\/biolinecorp.ca\/#\/schema\/logo\/image\/","url":"https:\/\/biolinecorp.ca\/wp-content\/uploads\/2018\/02\/Bioline_logo.png","contentUrl":"https:\/\/biolinecorp.ca\/wp-content\/uploads\/2018\/02\/Bioline_logo.png","width":667,"height":181,"caption":"Bioline Corporation"},"image":{"@id":"https:\/\/biolinecorp.ca\/#\/schema\/logo\/image\/"},"sameAs":["https:\/\/www.facebook.com\/BiolineCorp\/","https:\/\/x.com\/BiolineCorp","https:\/\/www.linkedin.com\/company\/bioline-corp\/","https:\/\/www.youtube.com\/channel\/UCpD4bbIdegjthmdriZ2SAow"]}]}},"_links":{"self":[{"href":"https:\/\/biolinecorp.ca\/fr\/wp-json\/wp\/v2\/pages\/24083","targetHints":{"allow":["GET"]}}],"collection":[{"href":"https:\/\/biolinecorp.ca\/fr\/wp-json\/wp\/v2\/pages"}],"about":[{"href":"https:\/\/biolinecorp.ca\/fr\/wp-json\/wp\/v2\/types\/page"}],"author":[{"embeddable":true,"href":"https:\/\/biolinecorp.ca\/fr\/wp-json\/wp\/v2\/users\/2"}],"replies":[{"embeddable":true,"href":"https:\/\/biolinecorp.ca\/fr\/wp-json\/wp\/v2\/comments?post=24083"}],"version-history":[{"count":0,"href":"https:\/\/biolinecorp.ca\/fr\/wp-json\/wp\/v2\/pages\/24083\/revisions"}],"wp:attachment":[{"href":"https:\/\/biolinecorp.ca\/fr\/wp-json\/wp\/v2\/media?parent=24083"}],"curies":[{"name":"wp","href":"https:\/\/api.w.org\/{rel}","templated":true}]}}