{"id":24081,"date":"2022-02-10T12:24:00","date_gmt":"2022-02-10T17:24:00","guid":{"rendered":"https:\/\/biolinecorp.ca\/?page_id=24081"},"modified":"2023-09-13T15:06:07","modified_gmt":"2023-09-13T19:06:07","slug":"bulb-vegetables","status":"publish","type":"page","link":"https:\/\/biolinecorp.ca\/fr\/legumes-a-bulbe\/","title":{"rendered":"L\u00e9gumes \u00e0 bulbe"},"content":{"rendered":"<div style=\"height:50px\" aria-hidden=\"true\" class=\"wp-block-spacer\"><\/div>\n\n\n\n<h3 class=\"wp-block-heading has-large-font-size\" id=\"h-how-does-bioline-help-bulb-vegetable-production\">Comment BioLiNE<strong><sup>\u00ae<\/sup><\/strong> Aider \u00e0 la production de l\u00e9gumes \u00e0 bulbe ?<\/h3>\n\n\n\n<h4 class=\"wp-block-heading\" id=\"h-fennel-garlic-leeks-onions-shallots-and-spring-onions\">(Fenouil, ail, poireaux, oignons, \u00e9chalotes et oignons nouveaux)<\/h4>\n\n\n\n<div style=\"height:25px\" aria-hidden=\"true\" class=\"wp-block-spacer\"><\/div>\n\n\n\n<p>Pour que les plantes utilisent les min\u00e9raux et les nutriments, il ne suffit pas de les trouver dans le sol. Le transport efficace des \u00e9l\u00e9ments nutritifs \u00e0 travers le sol jusqu'aux racines et \u00e0 la plante d\u00e9pend de nombreux facteurs, dont l'humidit\u00e9 du sol, la mobilit\u00e9 des \u00e9l\u00e9ments nutritifs, la concentration et la biodisponibilit\u00e9 des \u00e9l\u00e9ments nutritifs et la structure du sol. En outre, comme le d\u00e9crit le tableau de Mulder, de nombreux \u00e9l\u00e9ments nutritifs ont une interaction antagoniste dans le sol qui limite consid\u00e9rablement la capacit\u00e9 de la plante \u00e0 les utiliser. Les produits BioLiNE sont les \"transporteurs\" de nutriments et de min\u00e9raux. Les produits BioLiNE\u00ae att\u00e9nuent \u00e9galement les probl\u00e8mes de transport et de d\u00e9s\u00e9quilibre des nutriments. Pour ce faire, ils \u00e9changent continuellement des nutriments dans la solution du sol, entre les microbes, les particules du sol et les racines des plantes, en veillant \u00e0 ce que les nutriments dont la plante a besoin soient apport\u00e9s aux racines et facilement transport\u00e9s dans la plante.<\/p>\n\n\n\n<div style=\"height:25px\" aria-hidden=\"true\" class=\"wp-block-spacer\"><\/div>\n\n\n\n<div class=\"wp-block-columns is-layout-flex wp-container-core-columns-is-layout-9d6595d7 wp-block-columns-is-layout-flex\">\n<div class=\"wp-block-column is-layout-flow wp-block-column-is-layout-flow\" style=\"flex-basis:66.66%\">\n<ol class=\"wp-block-list\">\n<li><strong>Guide du calendrier foliaire :<\/strong> Appliquer BioLiNE\u00ae \u00e0 raison de 500 ml\/acre. Il est pr\u00e9f\u00e9rable de l'appliquer avec chaque application foliaire d'insecticide et\/ou de fongicide tout au long de la saison.<\/li>\n\n\n\n<li><strong>Irrigation goutte \u00e0 goutte :<\/strong> Appliquer BioLiNE\u00ae \u00e0 raison de 500mL\/acre \u00e0 partir de 2 semaines apr\u00e8s la nouaison ou au stade de la quatri\u00e8me feuille du \"poireau\" avec d'autres nutriments.<\/li>\n\n\n\n<li><strong>Temps forts :<\/strong> Appliquer BioLiNE \u00e0 raison de 500 ml\/acre tous les 7-10 jours avant 3-5 feuilles. Continuer jusqu'\u00e0 8-13 feuilles, au d\u00e9but du gonflement, lorsque les plantes atteignent leur hauteur maximale. Peut \u00eatre appliqu\u00e9 avec des pesticides et d'autres nutriments.<\/li>\n<\/ol>\n<\/div>\n\n\n\n<div class=\"wp-block-column is-vertically-aligned-center is-layout-flow wp-block-column-is-layout-flow\" style=\"flex-basis:33.33%\">\n<div class=\"wp-block-buttons is-content-justification-center is-layout-flex wp-container-core-buttons-is-layout-16018d1d wp-block-buttons-is-layout-flex\">\n<div class=\"wp-block-button aligncenter\"><a class=\"wp-block-button__link wp-element-button\" href=\"https:\/\/biolinecorp.ca\/wp-content\/uploads\/2022\/09\/20220404-Bulb-Vegetables-Handout-V1.pdf\" target=\"_blank\" rel=\"noreferrer noopener\">Fiche sur les l\u00e9gumes \u00e0 bulbe<\/a><\/div>\n<\/div>\n<\/div>\n<\/div>\n\n\n\n<div style=\"height:50px\" aria-hidden=\"true\" class=\"wp-block-spacer\"><\/div>\n\n\n<div class=\"w-heading heading-9 text-left\">\n    <div class=\"w-wrapper\">\n                 \n        <h2>           \n            <span>R\u00e9sultats de l'essai<\/span>        <\/h2>\n                    <\/div>\n<\/div>\n\n\n\n<head><!-- Global site tag (gtag.js) - Google Ads: 781808697 --> <script async src=\"https:\/\/www.googletagmanager.com\/gtag\/js?id=AW-781808697\"><\/script> <script> window.dataLayer = window.dataLayer || []; function gtag(){dataLayer.push(arguments);} gtag('js', new Date()); gtag('config', 'AW-781808697'); gtag('config', 'AW-781808697');<\/script> <\/head>","protected":false},"excerpt":{"rendered":"<p>How Does BioLiNE\u00ae Help Bulb Vegetable Production? (Fennel, garlic, leeks, onions, shallots, and spring onions) For plants to use minerals and nutrients, just having them in the soil is not enough. Effective nutrient transport through the soil to the roots and into the plant depends on many factors including soil moisture, the mobility of the [&hellip;]<\/p>\n","protected":false},"author":2,"featured_media":0,"parent":0,"menu_order":11,"comment_status":"closed","ping_status":"closed","template":"","meta":{"_monsterinsights_skip_tracking":false,"_monsterinsights_sitenote_active":false,"_monsterinsights_sitenote_note":"","_monsterinsights_sitenote_category":0,"footnotes":""},"class_list":["post-24081","page","type-page","status-publish","hentry"],"yoast_head":"<!-- This site is optimized with the Yoast SEO Premium plugin v27.3 (Yoast SEO v27.3) - https:\/\/yoast.com\/product\/yoast-seo-premium-wordpress\/ -->\n<title>Bulb Vegetables -<\/title>\n<meta name=\"description\" content=\"BioLiNE products are the \u201ctruckers\u201d of nutrients and minerals. BioLiNE\u00ae products mitigate issues of transport and nutrient imbalance.\" \/>\n<meta name=\"robots\" content=\"index, follow, max-snippet:-1, max-image-preview:large, max-video-preview:-1\" \/>\n<link rel=\"canonical\" href=\"https:\/\/biolinecorp.ca\/fr\/legumes-a-bulbe\/\" \/>\n<meta property=\"og:locale\" content=\"fr_FR\" \/>\n<meta property=\"og:type\" content=\"article\" \/>\n<meta property=\"og:title\" content=\"Bulb Vegetables\" \/>\n<meta property=\"og:description\" content=\"BioLiNE products are the \u201ctruckers\u201d of nutrients and minerals. BioLiNE\u00ae products mitigate issues of transport and nutrient imbalance.\" \/>\n<meta property=\"og:url\" content=\"https:\/\/biolinecorp.ca\/fr\/legumes-a-bulbe\/\" \/>\n<meta property=\"article:publisher\" content=\"https:\/\/www.facebook.com\/BiolineCorp\/\" \/>\n<meta property=\"article:modified_time\" content=\"2023-09-13T19:06:07+00:00\" \/>\n<meta name=\"twitter:card\" content=\"summary_large_image\" \/>\n<meta name=\"twitter:site\" content=\"@BiolineCorp\" \/>\n<meta name=\"twitter:label1\" content=\"Dur\u00e9e de lecture estim\u00e9e\" \/>\n\t<meta name=\"twitter:data1\" content=\"2 minutes\" \/>\n<script type=\"application\/ld+json\" class=\"yoast-schema-graph\">{\"@context\":\"https:\\\/\\\/schema.org\",\"@graph\":[{\"@type\":\"WebPage\",\"@id\":\"https:\\\/\\\/biolinecorp.ca\\\/en_ca\\\/bulb-vegetables\\\/\",\"url\":\"https:\\\/\\\/biolinecorp.ca\\\/en_ca\\\/bulb-vegetables\\\/\",\"name\":\"Bulb Vegetables -\",\"isPartOf\":{\"@id\":\"https:\\\/\\\/biolinecorp.ca\\\/#website\"},\"datePublished\":\"2022-02-10T17:24:00+00:00\",\"dateModified\":\"2023-09-13T19:06:07+00:00\",\"description\":\"BioLiNE products are the \u201ctruckers\u201d of nutrients and minerals. BioLiNE\u00ae products mitigate issues of transport and nutrient imbalance.\",\"breadcrumb\":{\"@id\":\"https:\\\/\\\/biolinecorp.ca\\\/en_ca\\\/bulb-vegetables\\\/#breadcrumb\"},\"inLanguage\":\"fr-FR\",\"potentialAction\":[{\"@type\":\"ReadAction\",\"target\":[\"https:\\\/\\\/biolinecorp.ca\\\/en_ca\\\/bulb-vegetables\\\/\"]}]},{\"@type\":\"BreadcrumbList\",\"@id\":\"https:\\\/\\\/biolinecorp.ca\\\/en_ca\\\/bulb-vegetables\\\/#breadcrumb\",\"itemListElement\":[{\"@type\":\"ListItem\",\"position\":1,\"name\":\"Home\",\"item\":\"https:\\\/\\\/biolinecorp.ca\\\/en_ca\\\/\"},{\"@type\":\"ListItem\",\"position\":2,\"name\":\"Bulb Vegetables\"}]},{\"@type\":\"WebSite\",\"@id\":\"https:\\\/\\\/biolinecorp.ca\\\/#website\",\"url\":\"https:\\\/\\\/biolinecorp.ca\\\/\",\"name\":\"BioLine Corporation\",\"description\":\"\",\"publisher\":{\"@id\":\"https:\\\/\\\/biolinecorp.ca\\\/#organization\"},\"potentialAction\":[{\"@type\":\"SearchAction\",\"target\":{\"@type\":\"EntryPoint\",\"urlTemplate\":\"https:\\\/\\\/biolinecorp.ca\\\/?s={search_term_string}\"},\"query-input\":{\"@type\":\"PropertyValueSpecification\",\"valueRequired\":true,\"valueName\":\"search_term_string\"}}],\"inLanguage\":\"fr-FR\"},{\"@type\":\"Organization\",\"@id\":\"https:\\\/\\\/biolinecorp.ca\\\/#organization\",\"name\":\"Bioline Corporation\",\"url\":\"https:\\\/\\\/biolinecorp.ca\\\/\",\"logo\":{\"@type\":\"ImageObject\",\"inLanguage\":\"fr-FR\",\"@id\":\"https:\\\/\\\/biolinecorp.ca\\\/#\\\/schema\\\/logo\\\/image\\\/\",\"url\":\"https:\\\/\\\/biolinecorp.ca\\\/wp-content\\\/uploads\\\/2018\\\/02\\\/Bioline_logo.png\",\"contentUrl\":\"https:\\\/\\\/biolinecorp.ca\\\/wp-content\\\/uploads\\\/2018\\\/02\\\/Bioline_logo.png\",\"width\":667,\"height\":181,\"caption\":\"Bioline Corporation\"},\"image\":{\"@id\":\"https:\\\/\\\/biolinecorp.ca\\\/#\\\/schema\\\/logo\\\/image\\\/\"},\"sameAs\":[\"https:\\\/\\\/www.facebook.com\\\/BiolineCorp\\\/\",\"https:\\\/\\\/x.com\\\/BiolineCorp\",\"https:\\\/\\\/www.linkedin.com\\\/company\\\/bioline-corp\\\/\",\"https:\\\/\\\/www.youtube.com\\\/channel\\\/UCpD4bbIdegjthmdriZ2SAow\"]}]}<\/script>\n<!-- \/ Yoast SEO Premium plugin. -->","yoast_head_json":{"title":"L\u00e9gumes \u00e0 bulbe -","description":"Les produits BioLiNE sont les \"camionneurs\" des nutriments et des min\u00e9raux. Les produits BioLiNE\u00ae att\u00e9nuent les probl\u00e8mes de transport et de d\u00e9s\u00e9quilibre des nutriments.","robots":{"index":"index","follow":"follow","max-snippet":"max-snippet:-1","max-image-preview":"max-image-preview:large","max-video-preview":"max-video-preview:-1"},"canonical":"https:\/\/biolinecorp.ca\/fr\/legumes-a-bulbe\/","og_locale":"fr_FR","og_type":"article","og_title":"Bulb Vegetables","og_description":"BioLiNE products are the \u201ctruckers\u201d of nutrients and minerals. BioLiNE\u00ae products mitigate issues of transport and nutrient imbalance.","og_url":"https:\/\/biolinecorp.ca\/fr\/legumes-a-bulbe\/","article_publisher":"https:\/\/www.facebook.com\/BiolineCorp\/","article_modified_time":"2023-09-13T19:06:07+00:00","twitter_card":"summary_large_image","twitter_site":"@BiolineCorp","twitter_misc":{"Dur\u00e9e de lecture estim\u00e9e":"2 minutes"},"schema":{"@context":"https:\/\/schema.org","@graph":[{"@type":"WebPage","@id":"https:\/\/biolinecorp.ca\/en_ca\/bulb-vegetables\/","url":"https:\/\/biolinecorp.ca\/en_ca\/bulb-vegetables\/","name":"L\u00e9gumes \u00e0 bulbe -","isPartOf":{"@id":"https:\/\/biolinecorp.ca\/#website"},"datePublished":"2022-02-10T17:24:00+00:00","dateModified":"2023-09-13T19:06:07+00:00","description":"Les produits BioLiNE sont les \"camionneurs\" des nutriments et des min\u00e9raux. Les produits BioLiNE\u00ae att\u00e9nuent les probl\u00e8mes de transport et de d\u00e9s\u00e9quilibre des nutriments.","breadcrumb":{"@id":"https:\/\/biolinecorp.ca\/en_ca\/bulb-vegetables\/#breadcrumb"},"inLanguage":"fr-FR","potentialAction":[{"@type":"ReadAction","target":["https:\/\/biolinecorp.ca\/en_ca\/bulb-vegetables\/"]}]},{"@type":"BreadcrumbList","@id":"https:\/\/biolinecorp.ca\/en_ca\/bulb-vegetables\/#breadcrumb","itemListElement":[{"@type":"ListItem","position":1,"name":"Home","item":"https:\/\/biolinecorp.ca\/en_ca\/"},{"@type":"ListItem","position":2,"name":"Bulb Vegetables"}]},{"@type":"WebSite","@id":"https:\/\/biolinecorp.ca\/#website","url":"https:\/\/biolinecorp.ca\/","name":"BioLine Corporation","description":"","publisher":{"@id":"https:\/\/biolinecorp.ca\/#organization"},"potentialAction":[{"@type":"SearchAction","target":{"@type":"EntryPoint","urlTemplate":"https:\/\/biolinecorp.ca\/?s={search_term_string}"},"query-input":{"@type":"PropertyValueSpecification","valueRequired":true,"valueName":"search_term_string"}}],"inLanguage":"fr-FR"},{"@type":"Organization","@id":"https:\/\/biolinecorp.ca\/#organization","name":"Bioline Corporation","url":"https:\/\/biolinecorp.ca\/","logo":{"@type":"ImageObject","inLanguage":"fr-FR","@id":"https:\/\/biolinecorp.ca\/#\/schema\/logo\/image\/","url":"https:\/\/biolinecorp.ca\/wp-content\/uploads\/2018\/02\/Bioline_logo.png","contentUrl":"https:\/\/biolinecorp.ca\/wp-content\/uploads\/2018\/02\/Bioline_logo.png","width":667,"height":181,"caption":"Bioline Corporation"},"image":{"@id":"https:\/\/biolinecorp.ca\/#\/schema\/logo\/image\/"},"sameAs":["https:\/\/www.facebook.com\/BiolineCorp\/","https:\/\/x.com\/BiolineCorp","https:\/\/www.linkedin.com\/company\/bioline-corp\/","https:\/\/www.youtube.com\/channel\/UCpD4bbIdegjthmdriZ2SAow"]}]}},"_links":{"self":[{"href":"https:\/\/biolinecorp.ca\/fr\/wp-json\/wp\/v2\/pages\/24081","targetHints":{"allow":["GET"]}}],"collection":[{"href":"https:\/\/biolinecorp.ca\/fr\/wp-json\/wp\/v2\/pages"}],"about":[{"href":"https:\/\/biolinecorp.ca\/fr\/wp-json\/wp\/v2\/types\/page"}],"author":[{"embeddable":true,"href":"https:\/\/biolinecorp.ca\/fr\/wp-json\/wp\/v2\/users\/2"}],"replies":[{"embeddable":true,"href":"https:\/\/biolinecorp.ca\/fr\/wp-json\/wp\/v2\/comments?post=24081"}],"version-history":[{"count":0,"href":"https:\/\/biolinecorp.ca\/fr\/wp-json\/wp\/v2\/pages\/24081\/revisions"}],"wp:attachment":[{"href":"https:\/\/biolinecorp.ca\/fr\/wp-json\/wp\/v2\/media?parent=24081"}],"curies":[{"name":"wp","href":"https:\/\/api.w.org\/{rel}","templated":true}]}}