{"id":24079,"date":"2022-02-10T12:23:33","date_gmt":"2022-02-10T17:23:33","guid":{"rendered":"https:\/\/biolinecorp.ca\/?page_id=24079"},"modified":"2023-09-14T09:33:36","modified_gmt":"2023-09-14T13:33:36","slug":"root-and-tuber","status":"publish","type":"page","link":"https:\/\/biolinecorp.ca\/fr\/racine-et-tubercule\/","title":{"rendered":"Racine et tubercule"},"content":{"rendered":"<div style=\"height:50px\" aria-hidden=\"true\" class=\"wp-block-spacer\"><\/div>\n\n\n\n<h3 class=\"wp-block-heading has-large-font-size\" id=\"h-how-does-bioline-nbsp-help-root-and-tuber-plant-production\">Comment BioLiNE<strong><sup>\u00ae<\/sup><\/strong>&nbsp;Aider \u00e0 la production de plantes \u00e0 racines et tubercules ?<\/h3>\n\n\n\n<h4 class=\"wp-block-heading\" id=\"h-carrots-potatoes-beets-sweet-potatoes-yams-and-cassava\">(Carottes, pommes de terre, betteraves, patates douces, ignames et manioc)<\/h4>\n\n\n\n<div style=\"height:25px\" aria-hidden=\"true\" class=\"wp-block-spacer\"><\/div>\n\n\n\n<p>BioLiNE's <a href=\"https:\/\/biolinecorp.ca\/fr\/notre-technologie\/\" target=\"_blank\" rel=\"noreferrer noopener\">technologie<\/a> am\u00e9liore consid\u00e9rablement le transport et l'assimilation des nutriments et autres compos\u00e9s b\u00e9n\u00e9fiques pour les plantes. BioLiNE<strong><sup>\u00ae<\/sup><\/strong> <a href=\"https:\/\/biolinecorp.ca\/fr\/nos-produits\/\" target=\"_blank\" rel=\"noreferrer noopener\">produits<\/a> sont les \"camionneurs\" des nutriments et des min\u00e9raux. Par un processus de <a href=\"https:\/\/biolinecorp.ca\/fr\/notre-technologie\/\" target=\"_blank\" rel=\"noreferrer noopener\">Dynamic Nutrient Exchange\u2122 (\u00e9change dynamique de nutriments)<\/a>BioLiNE<strong><sup>\u00ae<\/sup><\/strong> att\u00e9nuent les probl\u00e8mes de transport et de d\u00e9s\u00e9quilibre des nutriments. Pour ce faire, ils \u00e9changent continuellement des nutriments dans la solution du sol, entre les microbes, les particules du sol et les racines des plantes. Cela garantit que les nutriments dont la plante a besoin sont apport\u00e9s aux racines et facilement transport\u00e9s dans la plante. BioLiNE<strong><sup>\u00ae<\/sup><\/strong>&nbsp;peut \u00eatre appliqu\u00e9e \u00e0 diff\u00e9rents stades du d\u00e9veloppement des cultures de racines et de tubercules. <\/p>\n\n\n\n<p>Exemple de programme pour les racines et les tubercules :<\/p>\n\n\n\n<div class=\"wp-block-columns is-layout-flex wp-container-core-columns-is-layout-9d6595d7 wp-block-columns-is-layout-flex\">\n<div class=\"wp-block-column is-layout-flow wp-block-column-is-layout-flow\" style=\"flex-basis:66.66%\">\n<ol class=\"wp-block-list\">\n<li><strong>\u00c9tape 1 :<\/strong> m\u00e9lang\u00e9 en r\u00e9servoir avec un engrais liquide pour des applications dans le sillon \u00e0 raison de 1 L (32 oz) par acre<\/li>\n\n\n\n<li><strong>\u00c9tape 2 :<\/strong> m\u00e9lang\u00e9 en r\u00e9servoir avec un herbicide ou d'autres apports de nutriments \u00e0 raison de 500 ml (17 oz) par acre<\/li>\n\n\n\n<li><strong>\u00c9tape 3 :<\/strong> m\u00e9lang\u00e9 en r\u00e9servoir avec un fongicide ou d'autres intrants nutritifs \u00e0 raison de 250 ml (8 oz) par acre toutes les deux semaines<\/li>\n<\/ol>\n<\/div>\n\n\n\n<div class=\"wp-block-column is-layout-flow wp-block-column-is-layout-flow\" style=\"flex-basis:33.33%\">\n<div class=\"wp-block-buttons is-content-justification-center is-layout-flex wp-container-core-buttons-is-layout-16018d1d wp-block-buttons-is-layout-flex\">\n<div class=\"wp-block-button\"><a class=\"wp-block-button__link wp-element-button\" href=\"https:\/\/biolinecorp.ca\/wp-content\/uploads\/2023\/09\/20230814-BioLiNE-Potato.pdf\" target=\"_blank\" rel=\"noreferrer noopener\">Document sur les pommes de terre<\/a><\/div>\n<\/div>\n\n\n\n<div style=\"height:10px\" aria-hidden=\"true\" class=\"wp-block-spacer\"><\/div>\n\n\n\n<div class=\"wp-block-buttons is-content-justification-center is-layout-flex wp-container-core-buttons-is-layout-16018d1d wp-block-buttons-is-layout-flex\">\n<div class=\"wp-block-button aligncenter\"><a class=\"wp-block-button__link wp-element-button\" href=\"https:\/\/biolinecorp.ca\/wp-content\/uploads\/2022\/03\/20200227-Nutrient-Use-Effeciency-Fact-Sheet-v2-print.pdf\" target=\"_blank\" rel=\"noreferrer noopener\">Document sur l'efficacit\u00e9 de l'utilisation des \u00e9l\u00e9ments nutritifs<\/a><\/div>\n<\/div>\n<\/div>\n<\/div>\n\n\n\n<div style=\"height:50px\" aria-hidden=\"true\" class=\"wp-block-spacer\"><\/div>\n\n\n<div class=\"w-heading heading-9 text-left\">\n    <div class=\"w-wrapper\">\n                 \n        <h2>           \n            <span>R\u00e9sultats de l'essai<\/span>        <\/h2>\n                    <\/div>\n<\/div>\n\n\n\n<div style=\"height:25px\" aria-hidden=\"true\" class=\"wp-block-spacer\"><\/div>\n\n\n\n<h2 class=\"wp-block-heading\" id=\"h-2020-potato-trials-florida\">Essais de pommes de terre 2020 - Floride<\/h2>\n\n\n\n<div style=\"height:25px\" aria-hidden=\"true\" class=\"wp-block-spacer\"><\/div>\n\n\n\n<p>Sans apport de fertilit\u00e9, les plantes de contr\u00f4le ont produit un total de 24 pommes de terre et les plantes trait\u00e9es avec BioLiNE<strong><sup>\u00ae<\/sup><\/strong> a produit un total de 38 pommes de terre (58,3% d'augmentation de rendement). Lorsqu'il est trait\u00e9 avec de l'engrais, le rendement passe \u00e0 81 pommes de terre, mais lorsqu'on ajoute de l'engrais \u00e0 BioLiNE<strong><sup>\u00ae<\/sup><\/strong>Le rendement est pass\u00e9 \u00e0 90 pommes de terre (12,5% d'augmentation de rendement). La masse totale des pommes de terre r\u00e9colt\u00e9es a \u00e9galement augment\u00e9, passant de 5,96 kg \u00e0 7,99 kg lorsqu'elles ont \u00e9t\u00e9 trait\u00e9es avec BioLiNE<strong><sup>\u00ae<\/sup><\/strong> (augmentation de 34,1%). <\/p>\n\n\n\n<div style=\"height:20px\" aria-hidden=\"true\" class=\"wp-block-spacer\"><\/div>\n\n\n\n<div class=\"wp-block-columns is-layout-flex wp-container-core-columns-is-layout-9d6595d7 wp-block-columns-is-layout-flex\">\n<div class=\"wp-block-column is-layout-flow wp-block-column-is-layout-flow\">\n<figure class=\"wp-block-image size-full is-style-default\"><img decoding=\"async\" width=\"836\" height=\"437\" src=\"https:\/\/biolinecorp.ca\/wp-content\/uploads\/2022\/03\/Potato-1-e1646317817658.jpg\" alt=\"Pommes de terre sans nutriments.\" class=\"wp-image-25181\" srcset=\"https:\/\/biolinecorp.ca\/wp-content\/uploads\/2022\/03\/Potato-1-e1646317817658.jpg 836w, https:\/\/biolinecorp.ca\/wp-content\/uploads\/2022\/03\/Potato-1-e1646317817658-600x314.jpg 600w, https:\/\/biolinecorp.ca\/wp-content\/uploads\/2022\/03\/Potato-1-e1646317817658-768x401.jpg 768w, https:\/\/biolinecorp.ca\/wp-content\/uploads\/2022\/03\/Potato-1-e1646317817658-640x335.jpg 640w\" sizes=\"(max-width: 836px) 100vw, 836px\" \/><figcaption class=\"wp-element-caption\">T\u00e9moin - pas d'engrais (24 pommes de terre)<\/figcaption><\/figure>\n<\/div>\n\n\n\n<div class=\"wp-block-column is-layout-flow wp-block-column-is-layout-flow\">\n<figure class=\"wp-block-image size-full is-style-default\"><img decoding=\"async\" width=\"756\" height=\"396\" src=\"https:\/\/biolinecorp.ca\/wp-content\/uploads\/2022\/03\/Potato-2-e1646317694417.jpg\" alt=\"Pommes de terre trait\u00e9es avec BioLiNE Gold et sans nutriments.\" class=\"wp-image-25182\" srcset=\"https:\/\/biolinecorp.ca\/wp-content\/uploads\/2022\/03\/Potato-2-e1646317694417.jpg 756w, https:\/\/biolinecorp.ca\/wp-content\/uploads\/2022\/03\/Potato-2-e1646317694417-600x314.jpg 600w, https:\/\/biolinecorp.ca\/wp-content\/uploads\/2022\/03\/Potato-2-e1646317694417-640x335.jpg 640w\" sizes=\"(max-width: 756px) 100vw, 756px\" \/><figcaption class=\"wp-element-caption\">BioLiNE<strong><sup>\u00ae<\/sup><\/strong> - pas d'engrais (38 pommes de terre)<\/figcaption><\/figure>\n<\/div>\n\n\n\n<div class=\"wp-block-column is-layout-flow wp-block-column-is-layout-flow\">\n<figure class=\"wp-block-image size-full is-style-default\"><img decoding=\"async\" width=\"836\" height=\"441\" src=\"https:\/\/biolinecorp.ca\/wp-content\/uploads\/2022\/03\/Potato-3-1-e1646316690109.jpg\" alt=\"Des pommes de terre pleines de nutriments.\" class=\"wp-image-25198\" srcset=\"https:\/\/biolinecorp.ca\/wp-content\/uploads\/2022\/03\/Potato-3-1-e1646316690109.jpg 836w, https:\/\/biolinecorp.ca\/wp-content\/uploads\/2022\/03\/Potato-3-1-e1646316690109-600x317.jpg 600w, https:\/\/biolinecorp.ca\/wp-content\/uploads\/2022\/03\/Potato-3-1-e1646316690109-768x405.jpg 768w, https:\/\/biolinecorp.ca\/wp-content\/uploads\/2022\/03\/Potato-3-1-e1646316690109-640x338.jpg 640w\" sizes=\"(max-width: 836px) 100vw, 836px\" \/><figcaption class=\"wp-element-caption\">T\u00e9moin - engrais complet (81 pommes de terre)<\/figcaption><\/figure>\n<\/div>\n\n\n\n<div class=\"wp-block-column is-layout-flow wp-block-column-is-layout-flow\">\n<figure class=\"wp-block-image size-full is-style-default\"><img decoding=\"async\" width=\"956\" height=\"504\" src=\"https:\/\/biolinecorp.ca\/wp-content\/uploads\/2022\/03\/Potato-4-e1646315924963.jpg\" alt=\"Pommes de terre trait\u00e9es avec BioLiNE Gold et nutriments complets.\" class=\"wp-image-25184\" srcset=\"https:\/\/biolinecorp.ca\/wp-content\/uploads\/2022\/03\/Potato-4-e1646315924963.jpg 956w, https:\/\/biolinecorp.ca\/wp-content\/uploads\/2022\/03\/Potato-4-e1646315924963-600x316.jpg 600w, https:\/\/biolinecorp.ca\/wp-content\/uploads\/2022\/03\/Potato-4-e1646315924963-768x405.jpg 768w, https:\/\/biolinecorp.ca\/wp-content\/uploads\/2022\/03\/Potato-4-e1646315924963-640x337.jpg 640w\" sizes=\"(max-width: 956px) 100vw, 956px\" \/><figcaption class=\"wp-element-caption\">BioLiNE<strong><sup>\u00ae<\/sup><\/strong> + engrais complet (90 pommes de terre)<\/figcaption><\/figure>\n<\/div>\n<\/div>\n\n\n\n<head><!-- Global site tag (gtag.js) - Google Ads: 781808697 --> <script async src=\"https:\/\/www.googletagmanager.com\/gtag\/js?id=AW-781808697\"><\/script> <script> window.dataLayer = window.dataLayer || []; function gtag(){dataLayer.push(arguments);} gtag('js', new Date()); gtag('config', 'AW-781808697'); gtag('config', 'AW-781808697');<\/script> <\/head>","protected":false},"excerpt":{"rendered":"<p>How Does BioLiNE\u00ae&nbsp;Help Root and Tuber Plant Production? (Carrots, potatoes, beets, sweet potatoes, yams, and cassava) BioLiNE\u2019s technology drastically improves the transport and assimilation of nutrients and other plant beneficial compounds. BioLiNE\u00ae products are the \u201ctruckers\u201d of nutrients and minerals. Through a process of Dynamic Nutrient Exchange\u2122, BioLiNE\u00ae products mitigate issues of transport and nutrient [&hellip;]<\/p>\n","protected":false},"author":2,"featured_media":0,"parent":0,"menu_order":12,"comment_status":"closed","ping_status":"closed","template":"","meta":{"_monsterinsights_skip_tracking":false,"_monsterinsights_sitenote_active":false,"_monsterinsights_sitenote_note":"","_monsterinsights_sitenote_category":0,"footnotes":""},"class_list":["post-24079","page","type-page","status-publish","hentry"],"yoast_head":"<!-- This site is optimized with the Yoast SEO Premium plugin v27.3 (Yoast SEO v27.3) - https:\/\/yoast.com\/product\/yoast-seo-premium-wordpress\/ -->\n<title>Root and Tuber -<\/title>\n<meta name=\"description\" content=\"BioLiNE\u00ae products mitigate issues of transport and nutrient imbalance by continually exchanging nutrients in the soil solution.\" \/>\n<meta name=\"robots\" content=\"index, follow, max-snippet:-1, max-image-preview:large, max-video-preview:-1\" \/>\n<link rel=\"canonical\" href=\"https:\/\/biolinecorp.ca\/fr\/racine-et-tubercule\/\" \/>\n<meta property=\"og:locale\" content=\"fr_FR\" \/>\n<meta property=\"og:type\" content=\"article\" \/>\n<meta property=\"og:title\" content=\"Root and Tuber\" \/>\n<meta property=\"og:description\" content=\"BioLiNE\u00ae products mitigate issues of transport and nutrient imbalance by continually exchanging nutrients in the soil solution.\" \/>\n<meta property=\"og:url\" content=\"https:\/\/biolinecorp.ca\/fr\/racine-et-tubercule\/\" \/>\n<meta property=\"article:publisher\" content=\"https:\/\/www.facebook.com\/BiolineCorp\/\" \/>\n<meta property=\"article:modified_time\" content=\"2023-09-14T13:33:36+00:00\" \/>\n<meta property=\"og:image\" content=\"https:\/\/biolinecorp.ca\/wp-content\/uploads\/2022\/03\/Potato-1-e1646317817658.jpg\" \/>\n<meta name=\"twitter:card\" content=\"summary_large_image\" \/>\n<meta name=\"twitter:site\" content=\"@BiolineCorp\" \/>\n<meta name=\"twitter:label1\" content=\"Dur\u00e9e de lecture estim\u00e9e\" \/>\n\t<meta name=\"twitter:data1\" content=\"3 minutes\" \/>\n<script type=\"application\/ld+json\" class=\"yoast-schema-graph\">{\"@context\":\"https:\\\/\\\/schema.org\",\"@graph\":[{\"@type\":\"WebPage\",\"@id\":\"https:\\\/\\\/biolinecorp.ca\\\/en_ca\\\/root-and-tuber\\\/\",\"url\":\"https:\\\/\\\/biolinecorp.ca\\\/en_ca\\\/root-and-tuber\\\/\",\"name\":\"Root and Tuber -\",\"isPartOf\":{\"@id\":\"https:\\\/\\\/biolinecorp.ca\\\/#website\"},\"primaryImageOfPage\":{\"@id\":\"https:\\\/\\\/biolinecorp.ca\\\/en_ca\\\/root-and-tuber\\\/#primaryimage\"},\"image\":{\"@id\":\"https:\\\/\\\/biolinecorp.ca\\\/en_ca\\\/root-and-tuber\\\/#primaryimage\"},\"thumbnailUrl\":\"https:\\\/\\\/biolinecorp.ca\\\/wp-content\\\/uploads\\\/2022\\\/03\\\/Potato-1-e1646317817658.jpg\",\"datePublished\":\"2022-02-10T17:23:33+00:00\",\"dateModified\":\"2023-09-14T13:33:36+00:00\",\"description\":\"BioLiNE\u00ae products mitigate issues of transport and nutrient imbalance by continually exchanging nutrients in the soil solution.\",\"breadcrumb\":{\"@id\":\"https:\\\/\\\/biolinecorp.ca\\\/en_ca\\\/root-and-tuber\\\/#breadcrumb\"},\"inLanguage\":\"fr-FR\",\"potentialAction\":[{\"@type\":\"ReadAction\",\"target\":[\"https:\\\/\\\/biolinecorp.ca\\\/en_ca\\\/root-and-tuber\\\/\"]}]},{\"@type\":\"ImageObject\",\"inLanguage\":\"fr-FR\",\"@id\":\"https:\\\/\\\/biolinecorp.ca\\\/en_ca\\\/root-and-tuber\\\/#primaryimage\",\"url\":\"https:\\\/\\\/biolinecorp.ca\\\/wp-content\\\/uploads\\\/2022\\\/03\\\/Potato-1-e1646317817658.jpg\",\"contentUrl\":\"https:\\\/\\\/biolinecorp.ca\\\/wp-content\\\/uploads\\\/2022\\\/03\\\/Potato-1-e1646317817658.jpg\"},{\"@type\":\"BreadcrumbList\",\"@id\":\"https:\\\/\\\/biolinecorp.ca\\\/en_ca\\\/root-and-tuber\\\/#breadcrumb\",\"itemListElement\":[{\"@type\":\"ListItem\",\"position\":1,\"name\":\"Home\",\"item\":\"https:\\\/\\\/biolinecorp.ca\\\/en_ca\\\/\"},{\"@type\":\"ListItem\",\"position\":2,\"name\":\"Root and Tuber\"}]},{\"@type\":\"WebSite\",\"@id\":\"https:\\\/\\\/biolinecorp.ca\\\/#website\",\"url\":\"https:\\\/\\\/biolinecorp.ca\\\/\",\"name\":\"BioLine Corporation\",\"description\":\"\",\"publisher\":{\"@id\":\"https:\\\/\\\/biolinecorp.ca\\\/#organization\"},\"potentialAction\":[{\"@type\":\"SearchAction\",\"target\":{\"@type\":\"EntryPoint\",\"urlTemplate\":\"https:\\\/\\\/biolinecorp.ca\\\/?s={search_term_string}\"},\"query-input\":{\"@type\":\"PropertyValueSpecification\",\"valueRequired\":true,\"valueName\":\"search_term_string\"}}],\"inLanguage\":\"fr-FR\"},{\"@type\":\"Organization\",\"@id\":\"https:\\\/\\\/biolinecorp.ca\\\/#organization\",\"name\":\"Bioline Corporation\",\"url\":\"https:\\\/\\\/biolinecorp.ca\\\/\",\"logo\":{\"@type\":\"ImageObject\",\"inLanguage\":\"fr-FR\",\"@id\":\"https:\\\/\\\/biolinecorp.ca\\\/#\\\/schema\\\/logo\\\/image\\\/\",\"url\":\"https:\\\/\\\/biolinecorp.ca\\\/wp-content\\\/uploads\\\/2018\\\/02\\\/Bioline_logo.png\",\"contentUrl\":\"https:\\\/\\\/biolinecorp.ca\\\/wp-content\\\/uploads\\\/2018\\\/02\\\/Bioline_logo.png\",\"width\":667,\"height\":181,\"caption\":\"Bioline Corporation\"},\"image\":{\"@id\":\"https:\\\/\\\/biolinecorp.ca\\\/#\\\/schema\\\/logo\\\/image\\\/\"},\"sameAs\":[\"https:\\\/\\\/www.facebook.com\\\/BiolineCorp\\\/\",\"https:\\\/\\\/x.com\\\/BiolineCorp\",\"https:\\\/\\\/www.linkedin.com\\\/company\\\/bioline-corp\\\/\",\"https:\\\/\\\/www.youtube.com\\\/channel\\\/UCpD4bbIdegjthmdriZ2SAow\"]}]}<\/script>\n<!-- \/ Yoast SEO Premium plugin. -->","yoast_head_json":{"title":"Racine et tubercule -","description":"Les produits BioLiNE\u00ae att\u00e9nuent les probl\u00e8mes de transport et de d\u00e9s\u00e9quilibre des nutriments en \u00e9changeant continuellement les nutriments dans la solution du sol.","robots":{"index":"index","follow":"follow","max-snippet":"max-snippet:-1","max-image-preview":"max-image-preview:large","max-video-preview":"max-video-preview:-1"},"canonical":"https:\/\/biolinecorp.ca\/fr\/racine-et-tubercule\/","og_locale":"fr_FR","og_type":"article","og_title":"Root and Tuber","og_description":"BioLiNE\u00ae products mitigate issues of transport and nutrient imbalance by continually exchanging nutrients in the soil solution.","og_url":"https:\/\/biolinecorp.ca\/fr\/racine-et-tubercule\/","article_publisher":"https:\/\/www.facebook.com\/BiolineCorp\/","article_modified_time":"2023-09-14T13:33:36+00:00","og_image":[{"url":"https:\/\/biolinecorp.ca\/wp-content\/uploads\/2022\/03\/Potato-1-e1646317817658.jpg","type":"","width":"","height":""}],"twitter_card":"summary_large_image","twitter_site":"@BiolineCorp","twitter_misc":{"Dur\u00e9e de lecture estim\u00e9e":"3 minutes"},"schema":{"@context":"https:\/\/schema.org","@graph":[{"@type":"WebPage","@id":"https:\/\/biolinecorp.ca\/en_ca\/root-and-tuber\/","url":"https:\/\/biolinecorp.ca\/en_ca\/root-and-tuber\/","name":"Racine et tubercule -","isPartOf":{"@id":"https:\/\/biolinecorp.ca\/#website"},"primaryImageOfPage":{"@id":"https:\/\/biolinecorp.ca\/en_ca\/root-and-tuber\/#primaryimage"},"image":{"@id":"https:\/\/biolinecorp.ca\/en_ca\/root-and-tuber\/#primaryimage"},"thumbnailUrl":"https:\/\/biolinecorp.ca\/wp-content\/uploads\/2022\/03\/Potato-1-e1646317817658.jpg","datePublished":"2022-02-10T17:23:33+00:00","dateModified":"2023-09-14T13:33:36+00:00","description":"Les produits BioLiNE\u00ae att\u00e9nuent les probl\u00e8mes de transport et de d\u00e9s\u00e9quilibre des nutriments en \u00e9changeant continuellement les nutriments dans la solution du sol.","breadcrumb":{"@id":"https:\/\/biolinecorp.ca\/en_ca\/root-and-tuber\/#breadcrumb"},"inLanguage":"fr-FR","potentialAction":[{"@type":"ReadAction","target":["https:\/\/biolinecorp.ca\/en_ca\/root-and-tuber\/"]}]},{"@type":"ImageObject","inLanguage":"fr-FR","@id":"https:\/\/biolinecorp.ca\/en_ca\/root-and-tuber\/#primaryimage","url":"https:\/\/biolinecorp.ca\/wp-content\/uploads\/2022\/03\/Potato-1-e1646317817658.jpg","contentUrl":"https:\/\/biolinecorp.ca\/wp-content\/uploads\/2022\/03\/Potato-1-e1646317817658.jpg"},{"@type":"BreadcrumbList","@id":"https:\/\/biolinecorp.ca\/en_ca\/root-and-tuber\/#breadcrumb","itemListElement":[{"@type":"ListItem","position":1,"name":"Home","item":"https:\/\/biolinecorp.ca\/en_ca\/"},{"@type":"ListItem","position":2,"name":"Root and Tuber"}]},{"@type":"WebSite","@id":"https:\/\/biolinecorp.ca\/#website","url":"https:\/\/biolinecorp.ca\/","name":"BioLine Corporation","description":"","publisher":{"@id":"https:\/\/biolinecorp.ca\/#organization"},"potentialAction":[{"@type":"SearchAction","target":{"@type":"EntryPoint","urlTemplate":"https:\/\/biolinecorp.ca\/?s={search_term_string}"},"query-input":{"@type":"PropertyValueSpecification","valueRequired":true,"valueName":"search_term_string"}}],"inLanguage":"fr-FR"},{"@type":"Organization","@id":"https:\/\/biolinecorp.ca\/#organization","name":"Bioline Corporation","url":"https:\/\/biolinecorp.ca\/","logo":{"@type":"ImageObject","inLanguage":"fr-FR","@id":"https:\/\/biolinecorp.ca\/#\/schema\/logo\/image\/","url":"https:\/\/biolinecorp.ca\/wp-content\/uploads\/2018\/02\/Bioline_logo.png","contentUrl":"https:\/\/biolinecorp.ca\/wp-content\/uploads\/2018\/02\/Bioline_logo.png","width":667,"height":181,"caption":"Bioline Corporation"},"image":{"@id":"https:\/\/biolinecorp.ca\/#\/schema\/logo\/image\/"},"sameAs":["https:\/\/www.facebook.com\/BiolineCorp\/","https:\/\/x.com\/BiolineCorp","https:\/\/www.linkedin.com\/company\/bioline-corp\/","https:\/\/www.youtube.com\/channel\/UCpD4bbIdegjthmdriZ2SAow"]}]}},"_links":{"self":[{"href":"https:\/\/biolinecorp.ca\/fr\/wp-json\/wp\/v2\/pages\/24079","targetHints":{"allow":["GET"]}}],"collection":[{"href":"https:\/\/biolinecorp.ca\/fr\/wp-json\/wp\/v2\/pages"}],"about":[{"href":"https:\/\/biolinecorp.ca\/fr\/wp-json\/wp\/v2\/types\/page"}],"author":[{"embeddable":true,"href":"https:\/\/biolinecorp.ca\/fr\/wp-json\/wp\/v2\/users\/2"}],"replies":[{"embeddable":true,"href":"https:\/\/biolinecorp.ca\/fr\/wp-json\/wp\/v2\/comments?post=24079"}],"version-history":[{"count":0,"href":"https:\/\/biolinecorp.ca\/fr\/wp-json\/wp\/v2\/pages\/24079\/revisions"}],"wp:attachment":[{"href":"https:\/\/biolinecorp.ca\/fr\/wp-json\/wp\/v2\/media?parent=24079"}],"curies":[{"name":"wp","href":"https:\/\/api.w.org\/{rel}","templated":true}]}}