{"id":24077,"date":"2022-02-10T12:23:07","date_gmt":"2022-02-10T17:23:07","guid":{"rendered":"https:\/\/biolinecorp.ca\/?page_id=24077"},"modified":"2023-09-14T09:35:29","modified_gmt":"2023-09-14T13:35:29","slug":"cereals","status":"publish","type":"page","link":"https:\/\/biolinecorp.ca\/fr\/cereales-2\/","title":{"rendered":"C\u00e9r\u00e9ales"},"content":{"rendered":"<div style=\"height:75px\" aria-hidden=\"true\" class=\"wp-block-spacer\"><\/div>\n\n\n\n<h3 class=\"wp-block-heading has-large-font-size\" id=\"h-how-does-bioline-help-cereal-production\">Comment BioLiNE<strong><sup>\u00ae<\/sup><\/strong> Aider la production c\u00e9r\u00e9ali\u00e8re ?<\/h3>\n\n\n\n<h4 class=\"wp-block-heading\" id=\"h-wheat-oats-barley-rye-sorghum-quinoa-buckwheat-and-millet\">(Bl\u00e9, avoine, orge, seigle, sorgho, quinoa, sarrasin et millet)<\/h4>\n\n\n\n<div style=\"height:25px\" aria-hidden=\"true\" class=\"wp-block-spacer\"><\/div>\n\n\n\n<p style=\"font-size:18px\">Notre BioLiNE<strong><sup>\u00ae<\/sup><\/strong> <a href=\"https:\/\/biolinecorp.ca\/fr\/notre-technologie\/\" target=\"_blank\" rel=\"noreferrer noopener\">technologie<\/a> transporte et assimile plus efficacement les nutriments et autres ingr\u00e9dients b\u00e9n\u00e9fiques pour les plantes. BioLiNE<strong><sup>\u00ae<\/sup><\/strong> <a href=\"https:\/\/biolinecorp.ca\/fr\/nos-produits\/\" target=\"_blank\" rel=\"noreferrer noopener\">produits<\/a> am\u00e9liorer la sant\u00e9 des cultures tout au long de leur cycle de vie, de l'ensemencement \u00e0 la r\u00e9colte. Le syst\u00e8me BioLiNE<strong><sup>\u00ae<\/sup><\/strong> fournissent des \u00e9lectrolytes et \u00e9tablissent l'\u00e9quilibre \u00e9lectrochimique des plantes. Le r\u00e9sultat est une lev\u00e9e rapide et r\u00e9guli\u00e8re avec des d\u00e9fenses naturelles accrues contre le stress. BioLiNE<strong><sup>\u00ae<\/sup><\/strong>&nbsp;peut \u00eatre appliqu\u00e9e \u00e0 diff\u00e9rents stades du d\u00e9veloppement des cultures c\u00e9r\u00e9ali\u00e8res, notamment :<\/p>\n\n\n\n<div class=\"wp-block-columns is-layout-flex wp-container-core-columns-is-layout-9d6595d7 wp-block-columns-is-layout-flex\">\n<div class=\"wp-block-column is-layout-flow wp-block-column-is-layout-flow\" style=\"flex-basis:66.66%\">\n<ol class=\"wp-block-list\" id=\"block-8c1baee4-db6f-482d-b626-fe963985f6ba\" style=\"font-size:18px\">\n<li><strong>A la plantation :<\/strong> utilisation en tant qu'enrobage de semences, impr\u00e9gn\u00e9 sur des engrais secs ou m\u00e9lang\u00e9 en cuve avec des engrais liquides pour des applications dans le sillon ou en bandes lat\u00e9rales.<\/li>\n\n\n\n<li><strong>Stade 4 \u00e0 6 :<\/strong> M\u00e9lange en cuve avec des herbicides ou d'autres apports d'\u00e9l\u00e9ments nutritifs<\/li>\n\n\n\n<li><strong>Stade 9 \u00e0 10 :<\/strong> m\u00e9lang\u00e9 en r\u00e9servoir avec un fongicide ou d'autres \u00e9l\u00e9ments nutritifs<\/li>\n\n\n\n<li><strong>Stade 10 \u00e0 11 :<\/strong> m\u00e9lang\u00e9 en r\u00e9servoir avec un fongicide ou d'autres \u00e9l\u00e9ments nutritifs<\/li>\n<\/ol>\n<\/div>\n\n\n\n<div class=\"wp-block-column is-vertically-aligned-center is-layout-flow wp-block-column-is-layout-flow\" style=\"flex-basis:33.33%\">\n<div class=\"wp-block-buttons is-layout-flex wp-block-buttons-is-layout-flex\">\n<div class=\"wp-block-button aligncenter\"><a class=\"wp-block-button__link wp-element-button\" href=\"https:\/\/biolinecorp.ca\/wp-content\/uploads\/2023\/09\/20230814-BioLiNE-Cereals.pdf\" target=\"_blank\" rel=\"noreferrer noopener\">Document sur les c\u00e9r\u00e9ales<\/a><\/div>\n<\/div>\n\n\n\n<div style=\"height:10px\" aria-hidden=\"true\" class=\"wp-block-spacer\"><\/div>\n\n\n\n<div class=\"wp-block-buttons is-layout-flex wp-block-buttons-is-layout-flex\">\n<div class=\"wp-block-button\"><a class=\"wp-block-button__link wp-element-button\" href=\"https:\/\/biolinecorp.ca\/wp-content\/uploads\/2023\/04\/20220716-Bioline-Abiotic-Stress-Tolerance-Flyer-V3-FINAL.pdf\" target=\"_blank\" rel=\"noreferrer noopener\">Tol\u00e9rance \u00e0 la chaleur et \u00e0 la s\u00e9cheresse<\/a><\/div>\n<\/div>\n<\/div>\n<\/div>\n\n\n\n<div style=\"height:50px\" aria-hidden=\"true\" class=\"wp-block-spacer\"><\/div>\n\n\n<div class=\"w-heading heading-9 text-left\">\n    <div class=\"w-wrapper\">\n                 \n        <h2>           \n            <span>Calendrier et taux d'application recommand\u00e9s pour BioLiNE\u00ae.<\/span>        <\/h2>\n                    <\/div>\n<\/div>\n\n\n\n<div style=\"height:50px\" aria-hidden=\"true\" class=\"wp-block-spacer\"><\/div>\n\n\n<div class=\"wp-block-image is-style-default\">\n<figure class=\"aligncenter size-large\"><img decoding=\"async\" width=\"1024\" height=\"535\" src=\"https:\/\/biolinecorp.ca\/wp-content\/uploads\/2022\/02\/20200224-Wheat-Stages-Application-v2-1024x535.png\" alt=\"\" class=\"wp-image-24528\" srcset=\"https:\/\/biolinecorp.ca\/wp-content\/uploads\/2022\/02\/20200224-Wheat-Stages-Application-v2-1024x535.png 1024w, https:\/\/biolinecorp.ca\/wp-content\/uploads\/2022\/02\/20200224-Wheat-Stages-Application-v2-600x313.png 600w, https:\/\/biolinecorp.ca\/wp-content\/uploads\/2022\/02\/20200224-Wheat-Stages-Application-v2-768x401.png 768w, https:\/\/biolinecorp.ca\/wp-content\/uploads\/2022\/02\/20200224-Wheat-Stages-Application-v2-640x334.png 640w, https:\/\/biolinecorp.ca\/wp-content\/uploads\/2022\/02\/20200224-Wheat-Stages-Application-v2-1280x668.png 1280w, https:\/\/biolinecorp.ca\/wp-content\/uploads\/2022\/02\/20200224-Wheat-Stages-Application-v2.png 1494w\" sizes=\"(max-width: 1024px) 100vw, 1024px\" \/><\/figure>\n<\/div>\n\n\n<div style=\"height:75px\" aria-hidden=\"true\" class=\"wp-block-spacer\"><\/div>\n\n\n<div class=\"w-heading heading-9 text-left\">\n    <div class=\"w-wrapper\">\n                 \n        <h2>           \n            <span>R\u00e9sultats de l'essai<\/span>        <\/h2>\n                    <\/div>\n<\/div>\n\n\n\n<div style=\"height:50px\" aria-hidden=\"true\" class=\"wp-block-spacer\"><\/div>\n\n\n\n<div class=\"wp-block-media-text alignwide is-stacked-on-mobile\" style=\"grid-template-columns:45% auto\"><figure class=\"wp-block-media-text__media\"><img decoding=\"async\" width=\"1024\" height=\"695\" src=\"https:\/\/biolinecorp.ca\/wp-content\/uploads\/2022\/02\/Winter-Wheat-1-1024x695.png\" alt=\"\" class=\"wp-image-24676 size-full\" srcset=\"https:\/\/biolinecorp.ca\/wp-content\/uploads\/2022\/02\/Winter-Wheat-1-1024x695.png 1024w, https:\/\/biolinecorp.ca\/wp-content\/uploads\/2022\/02\/Winter-Wheat-1-600x407.png 600w, https:\/\/biolinecorp.ca\/wp-content\/uploads\/2022\/02\/Winter-Wheat-1-768x521.png 768w, https:\/\/biolinecorp.ca\/wp-content\/uploads\/2022\/02\/Winter-Wheat-1-1536x1043.png 1536w, https:\/\/biolinecorp.ca\/wp-content\/uploads\/2022\/02\/Winter-Wheat-1-640x435.png 640w, https:\/\/biolinecorp.ca\/wp-content\/uploads\/2022\/02\/Winter-Wheat-1-1280x869.png 1280w, https:\/\/biolinecorp.ca\/wp-content\/uploads\/2022\/02\/Winter-Wheat-1.png 1620w\" sizes=\"(max-width: 1024px) 100vw, 1024px\" \/><\/figure><div class=\"wp-block-media-text__content\">\n<h3 class=\"wp-block-heading has-large-font-size\" id=\"h-winter-wheat-germination\">Germination du bl\u00e9 d'hiver<\/h3>\n\n\n\n<p style=\"font-size:18px\">Des semences de bl\u00e9 d'hiver ont \u00e9t\u00e9 utilis\u00e9es pour d\u00e9montrer les effets positifs de BioLiNE<strong><sup>\u00ae<\/sup><\/strong> a sur la lev\u00e9e pr\u00e9coce et r\u00e9guli\u00e8re. Trente graines pour chaque traitement ont \u00e9t\u00e9 trait\u00e9es avec la m\u00eame quantit\u00e9 d'eau et de lumi\u00e8re. Cependant, la coupelle trait\u00e9e avec BioLiNE<strong><sup>\u00ae<\/sup><\/strong> L'or montre un d\u00e9veloppement plus homog\u00e8ne du bl\u00e9 par rapport au t\u00e9moin pour la m\u00eame p\u00e9riode de croissance. <\/p>\n\n\n\n<div class=\"wp-block-buttons is-layout-flex wp-block-buttons-is-layout-flex\">\n<div class=\"wp-block-button\"><a class=\"wp-block-button__link wp-element-button\" href=\"https:\/\/biolinecorp.ca\/wp-content\/uploads\/2022\/02\/20200909-Winter-wheat-planting-v2.pdf\" target=\"_blank\" rel=\"noreferrer noopener\">Article sur les semis de bl\u00e9 d'hiver <\/a><\/div>\n<\/div>\n<\/div><\/div>\n\n\n\n<div style=\"height:50px\" aria-hidden=\"true\" class=\"wp-block-spacer\"><\/div>\n\n\n\n<hr class=\"wp-block-separator has-css-opacity\"\/>\n\n\n\n<div style=\"height:50px\" aria-hidden=\"true\" class=\"wp-block-spacer\"><\/div>\n\n\n\n<div class=\"wp-block-media-text alignwide is-stacked-on-mobile\" style=\"grid-template-columns:45% auto\"><figure class=\"wp-block-media-text__media\"><img decoding=\"async\" width=\"1024\" height=\"683\" src=\"https:\/\/biolinecorp.ca\/wp-content\/uploads\/2022\/02\/1628025015474-1024x683.jpg\" alt=\"\" class=\"wp-image-24709 size-full\" srcset=\"https:\/\/biolinecorp.ca\/wp-content\/uploads\/2022\/02\/1628025015474-1024x683.jpg 1024w, https:\/\/biolinecorp.ca\/wp-content\/uploads\/2022\/02\/1628025015474-600x400.jpg 600w, https:\/\/biolinecorp.ca\/wp-content\/uploads\/2022\/02\/1628025015474-768x512.jpg 768w, https:\/\/biolinecorp.ca\/wp-content\/uploads\/2022\/02\/1628025015474-1536x1024.jpg 1536w, https:\/\/biolinecorp.ca\/wp-content\/uploads\/2022\/02\/1628025015474-640x427.jpg 640w, https:\/\/biolinecorp.ca\/wp-content\/uploads\/2022\/02\/1628025015474-1280x853.jpg 1280w, https:\/\/biolinecorp.ca\/wp-content\/uploads\/2022\/02\/1628025015474.jpg 2048w\" sizes=\"(max-width: 1024px) 100vw, 1024px\" \/><\/figure><div class=\"wp-block-media-text__content\">\n<h2 class=\"wp-block-heading has-large-font-size\" id=\"h-2021-drought-season\">2021 Saison de s\u00e9cheresse<\/h2>\n\n\n\n<p>Cette photo montre deux champs d'orge de terre s\u00e8che de l'Alberta. Celui de gauche est situ\u00e9 pr\u00e8s de Drumheller, en Alberta, au c\u0153ur de la zone de s\u00e9cheresse 2021. Celui de droite est situ\u00e9 dans la r\u00e9gion de Hussar en Alberta. BioLiNE<strong><sup>\u00ae<\/sup><\/strong> L'or a \u00e9t\u00e9 un outil permanent sur lequel les deux producteurs se sont appuy\u00e9s la saison derni\u00e8re pour g\u00e9rer leurs cultures. La culture de gauche a \u00e9t\u00e9 trait\u00e9e deux fois avec BioLiNE<strong><sup>\u00ae<\/sup><\/strong> Gold et m\u00eame si la r\u00e9colte \u00e9tait plus mince que la plupart des ann\u00e9es, elle a r\u00e9sist\u00e9 au stress de la s\u00e9cheresse. Le producteur de droite a utilis\u00e9 BioLiNE<strong><sup>\u00ae<\/sup><\/strong> sur chaque surface cultiv\u00e9e de cette exploitation et a montr\u00e9 un tallage suppl\u00e9mentaire et un d\u00e9veloppement avanc\u00e9 de l'\u00e9pi sur sa culture c\u00e9r\u00e9ali\u00e8re par rapport \u00e0 d'autres champs. <\/p>\n<\/div><\/div>\n\n\n\n<div style=\"height:50px\" aria-hidden=\"true\" class=\"wp-block-spacer\"><\/div>\n\n\n\n<hr class=\"wp-block-separator has-css-opacity\"\/>\n\n\n\n<div style=\"height:50px\" aria-hidden=\"true\" class=\"wp-block-spacer\"><\/div>\n\n\n\n<h3 class=\"wp-block-heading has-large-font-size\" id=\"h-drought-stress-amelioration-wintering-hills-colony-2021\"><strong>Am\u00e9lioration du stress d\u00fb \u00e0 la s\u00e9cheresse Wintering Hills Colony 2021<\/strong><\/h3>\n\n\n\n<div style=\"height:10px\" aria-hidden=\"true\" class=\"wp-block-spacer\"><\/div>\n\n\n\n<p>Le rendement moyen du bl\u00e9 dans le sud de l'Alberta en 2020 \u00e9tait de 53,6 boisseaux\/acre. En raison d'une ann\u00e9e de s\u00e9cheresse intense en 2021, cette moyenne est tomb\u00e9e \u00e0 17,8 boisseaux\/acre (rendement de 33%) (<a href=\"https:\/\/open.alberta.ca\/dataset\/664f3ae9-db2a-4e84-91a8-59c7b379a050\/resource\/c2b9e699-667d-4ac1-87b6-bd1c9115c03c\/download\/af-itrb-alberta-crop-report-2021-10-05.pdf\" target=\"_blank\" rel=\"noreferrer noopener\">Rapport sur les r\u00e9coltes en Alberta<\/a>). Avec l'application de <a href=\"https:\/\/biolinecorp.ca\/fr\/or-bioline\/\" target=\"_blank\" rel=\"noreferrer noopener\">BioLiNE<strong><sup>\u00ae<\/sup><\/strong>&nbsp;L'or<\/a> Dans 6 exploitations diff\u00e9rentes de la colonie de Wintering Hills, le rendement moyen du bl\u00e9 est pass\u00e9 \u00e0 33,4 boisseaux par acre (rendement de 621 tonnes par rapport aux donn\u00e9es de 2020 et augmentation de 87,91 tonnes par rapport \u00e0 la moyenne du comt\u00e9 en 2021).<\/p>\n\n\n\n<p>Le rendement moyen de l'orge dans le sud de l'Alberta en 2020 \u00e9tait de 73,9 boisseaux\/acre. En raison d'une ann\u00e9e de s\u00e9cheresse intense en 2021, cette moyenne est tomb\u00e9e \u00e0 20,5 boisseaux\/acre (rendement de 28%) (Alberta Crop Report). Avec l'application de <a href=\"https:\/\/biolinecorp.ca\/fr\/or-bioline\/\" target=\"_blank\" rel=\"noreferrer noopener\">BioLiNE<strong><sup>\u00ae<\/sup><\/strong>&nbsp;L'or<\/a> Dans 5 exploitations diff\u00e9rentes de la colonie de Wintering Hills, le rendement moyen du bl\u00e9 est pass\u00e9 \u00e0 45,6 boisseaux par acre (rendement de 621 tonnes par rapport aux donn\u00e9es de 2020 et augmentation de 122,41 tonnes par rapport \u00e0 la moyenne du comt\u00e9 en 2021).<\/p>\n\n\n\n<div style=\"height:25px\" aria-hidden=\"true\" class=\"wp-block-spacer\"><\/div>\n\n\n<div class=\"wp-block-image is-style-default\">\n<figure class=\"aligncenter size-large\"><img decoding=\"async\" width=\"1024\" height=\"202\" src=\"https:\/\/biolinecorp.ca\/wp-content\/uploads\/2022\/03\/Wintering-Hills-Wheat-and-Barley-1024x202.png\" alt=\"\" class=\"wp-image-25541\" srcset=\"https:\/\/biolinecorp.ca\/wp-content\/uploads\/2022\/03\/Wintering-Hills-Wheat-and-Barley-1024x202.png 1024w, https:\/\/biolinecorp.ca\/wp-content\/uploads\/2022\/03\/Wintering-Hills-Wheat-and-Barley-600x119.png 600w, https:\/\/biolinecorp.ca\/wp-content\/uploads\/2022\/03\/Wintering-Hills-Wheat-and-Barley-768x152.png 768w, https:\/\/biolinecorp.ca\/wp-content\/uploads\/2022\/03\/Wintering-Hills-Wheat-and-Barley-640x127.png 640w, https:\/\/biolinecorp.ca\/wp-content\/uploads\/2022\/03\/Wintering-Hills-Wheat-and-Barley-1280x253.png 1280w, https:\/\/biolinecorp.ca\/wp-content\/uploads\/2022\/03\/Wintering-Hills-Wheat-and-Barley.png 1325w\" sizes=\"(max-width: 1024px) 100vw, 1024px\" \/><\/figure>\n<\/div>\n\n\n<div style=\"height:50px\" aria-hidden=\"true\" class=\"wp-block-spacer\"><\/div>\n\n\n\n<hr class=\"wp-block-separator has-css-opacity\"\/>\n\n\n\n<div style=\"height:50px\" aria-hidden=\"true\" class=\"wp-block-spacer\"><\/div>\n\n\n\n<h3 class=\"wp-block-heading has-large-font-size\" id=\"h-using-bioline-with-seed-treatment-western-canada-2020\">Utilisation de BioLiNE<strong><sup>\u00ae<\/sup><\/strong> avec traitement des semences - Ouest du Canada 2020<\/h3>\n\n\n\n<div style=\"height:25px\" aria-hidden=\"true\" class=\"wp-block-spacer\"><\/div>\n\n\n\n<p><strong>Midland Colony (Taber, AB)<\/strong>: Le bl\u00e9 a lev\u00e9 deux jours plus t\u00f4t avec <a href=\"https:\/\/biolinecorp.ca\/fr\/or-bioline\/\" target=\"_blank\" rel=\"noreferrer noopener\">BioLiNE<strong><sup>\u00ae<\/sup><\/strong> L'or<\/a> par rapport au contr\u00f4le. La couverture du traitement des semences a \u00e9t\u00e9 am\u00e9lior\u00e9e par BioLiNE Gold<strong><sup>\u00ae<\/sup><\/strong> dans le m\u00e9lange de traitement.<\/p>\n\n\n\n<p><strong>Todd Duke (Estevan, SK)<\/strong>: Bl\u00e9 trait\u00e9<strong><sup>\u00ae<\/sup><\/strong> avec BioLiNE ont lev\u00e9 t\u00f4t et cet effet s'est maintenu pendant toute la dur\u00e9e de la culture, entra\u00eenant une augmentation du rendement de 5 boisseaux\/acre par rapport au t\u00e9moin.<\/p>\n\n\n\n<head><!-- Global site tag (gtag.js) - Google Ads: 781808697 --> <script async src=\"https:\/\/www.googletagmanager.com\/gtag\/js?id=AW-781808697\"><\/script> <script> window.dataLayer = window.dataLayer || []; function gtag(){dataLayer.push(arguments);} gtag('js', new Date()); gtag('config', 'AW-781808697'); gtag('config', 'AW-781808697');<\/script> <\/head>","protected":false},"excerpt":{"rendered":"<p>How Does BioLiNE\u00ae Help Cereal Production? (Wheat, oats, barley, rye, sorghum, quinoa, buckwheat, and millet) Our BioLiNE\u00ae technology transports and assimilates nutrients, and other plant beneficial ingredients more efficiently. BioLiNE\u00ae products enhance crop health through their entire life-cycle from seeding to harvest. The BioLiNE\u00ae products supply electrolytes and establish electrochemical balance in plants. The result [&hellip;]<\/p>\n","protected":false},"author":2,"featured_media":0,"parent":0,"menu_order":13,"comment_status":"closed","ping_status":"closed","template":"","meta":{"_monsterinsights_skip_tracking":false,"_monsterinsights_sitenote_active":false,"_monsterinsights_sitenote_note":"","_monsterinsights_sitenote_category":0,"footnotes":""},"class_list":["post-24077","page","type-page","status-publish","hentry"],"yoast_head":"<!-- This site is optimized with the Yoast SEO Premium plugin v27.3 (Yoast SEO v27.3) - https:\/\/yoast.com\/product\/yoast-seo-premium-wordpress\/ -->\n<title>Cereals -<\/title>\n<meta name=\"description\" content=\"BioLiNE\u00ae products enhance crop health through their entire life-cycle from seeding to harvest by increasing natural defenses against stress.\" \/>\n<meta name=\"robots\" content=\"index, follow, max-snippet:-1, max-image-preview:large, max-video-preview:-1\" \/>\n<link rel=\"canonical\" href=\"https:\/\/biolinecorp.ca\/fr\/cereales-2\/\" \/>\n<meta property=\"og:locale\" content=\"fr_FR\" \/>\n<meta property=\"og:type\" content=\"article\" \/>\n<meta property=\"og:title\" content=\"Cereals\" \/>\n<meta property=\"og:description\" content=\"BioLiNE\u00ae products enhance crop health through their entire life-cycle from seeding to harvest by increasing natural defenses against stress.\" \/>\n<meta property=\"og:url\" content=\"https:\/\/biolinecorp.ca\/fr\/cereales-2\/\" \/>\n<meta property=\"article:publisher\" content=\"https:\/\/www.facebook.com\/BiolineCorp\/\" \/>\n<meta property=\"article:modified_time\" content=\"2023-09-14T13:35:29+00:00\" \/>\n<meta property=\"og:image\" content=\"https:\/\/biolinecorp.ca\/wp-content\/uploads\/2022\/02\/20200224-Wheat-Stages-Application-v2-1024x535.png\" \/>\n<meta name=\"twitter:card\" content=\"summary_large_image\" \/>\n<meta name=\"twitter:site\" content=\"@BiolineCorp\" \/>\n<meta name=\"twitter:label1\" content=\"Dur\u00e9e de lecture estim\u00e9e\" \/>\n\t<meta name=\"twitter:data1\" content=\"4 minutes\" \/>\n<script type=\"application\/ld+json\" class=\"yoast-schema-graph\">{\"@context\":\"https:\\\/\\\/schema.org\",\"@graph\":[{\"@type\":\"WebPage\",\"@id\":\"http:\\\/\\\/biolinecorp.ca\\\/en_ca\\\/cereals\\\/\",\"url\":\"http:\\\/\\\/biolinecorp.ca\\\/en_ca\\\/cereals\\\/\",\"name\":\"Cereals -\",\"isPartOf\":{\"@id\":\"https:\\\/\\\/biolinecorp.ca\\\/#website\"},\"primaryImageOfPage\":{\"@id\":\"http:\\\/\\\/biolinecorp.ca\\\/en_ca\\\/cereals\\\/#primaryimage\"},\"image\":{\"@id\":\"http:\\\/\\\/biolinecorp.ca\\\/en_ca\\\/cereals\\\/#primaryimage\"},\"thumbnailUrl\":\"https:\\\/\\\/biolinecorp.ca\\\/wp-content\\\/uploads\\\/2022\\\/02\\\/20200224-Wheat-Stages-Application-v2-1024x535.png\",\"datePublished\":\"2022-02-10T17:23:07+00:00\",\"dateModified\":\"2023-09-14T13:35:29+00:00\",\"description\":\"BioLiNE\u00ae products enhance crop health through their entire life-cycle from seeding to harvest by increasing natural defenses against stress.\",\"breadcrumb\":{\"@id\":\"http:\\\/\\\/biolinecorp.ca\\\/en_ca\\\/cereals\\\/#breadcrumb\"},\"inLanguage\":\"fr-FR\",\"potentialAction\":[{\"@type\":\"ReadAction\",\"target\":[\"http:\\\/\\\/biolinecorp.ca\\\/en_ca\\\/cereals\\\/\"]}]},{\"@type\":\"ImageObject\",\"inLanguage\":\"fr-FR\",\"@id\":\"http:\\\/\\\/biolinecorp.ca\\\/en_ca\\\/cereals\\\/#primaryimage\",\"url\":\"https:\\\/\\\/biolinecorp.ca\\\/wp-content\\\/uploads\\\/2022\\\/02\\\/20200224-Wheat-Stages-Application-v2-1024x535.png\",\"contentUrl\":\"https:\\\/\\\/biolinecorp.ca\\\/wp-content\\\/uploads\\\/2022\\\/02\\\/20200224-Wheat-Stages-Application-v2-1024x535.png\"},{\"@type\":\"BreadcrumbList\",\"@id\":\"http:\\\/\\\/biolinecorp.ca\\\/en_ca\\\/cereals\\\/#breadcrumb\",\"itemListElement\":[{\"@type\":\"ListItem\",\"position\":1,\"name\":\"Home\",\"item\":\"https:\\\/\\\/biolinecorp.ca\\\/en_ca\\\/\"},{\"@type\":\"ListItem\",\"position\":2,\"name\":\"Cereals\"}]},{\"@type\":\"WebSite\",\"@id\":\"https:\\\/\\\/biolinecorp.ca\\\/#website\",\"url\":\"https:\\\/\\\/biolinecorp.ca\\\/\",\"name\":\"BioLine Corporation\",\"description\":\"\",\"publisher\":{\"@id\":\"https:\\\/\\\/biolinecorp.ca\\\/#organization\"},\"potentialAction\":[{\"@type\":\"SearchAction\",\"target\":{\"@type\":\"EntryPoint\",\"urlTemplate\":\"https:\\\/\\\/biolinecorp.ca\\\/?s={search_term_string}\"},\"query-input\":{\"@type\":\"PropertyValueSpecification\",\"valueRequired\":true,\"valueName\":\"search_term_string\"}}],\"inLanguage\":\"fr-FR\"},{\"@type\":\"Organization\",\"@id\":\"https:\\\/\\\/biolinecorp.ca\\\/#organization\",\"name\":\"Bioline Corporation\",\"url\":\"https:\\\/\\\/biolinecorp.ca\\\/\",\"logo\":{\"@type\":\"ImageObject\",\"inLanguage\":\"fr-FR\",\"@id\":\"https:\\\/\\\/biolinecorp.ca\\\/#\\\/schema\\\/logo\\\/image\\\/\",\"url\":\"https:\\\/\\\/biolinecorp.ca\\\/wp-content\\\/uploads\\\/2018\\\/02\\\/Bioline_logo.png\",\"contentUrl\":\"https:\\\/\\\/biolinecorp.ca\\\/wp-content\\\/uploads\\\/2018\\\/02\\\/Bioline_logo.png\",\"width\":667,\"height\":181,\"caption\":\"Bioline Corporation\"},\"image\":{\"@id\":\"https:\\\/\\\/biolinecorp.ca\\\/#\\\/schema\\\/logo\\\/image\\\/\"},\"sameAs\":[\"https:\\\/\\\/www.facebook.com\\\/BiolineCorp\\\/\",\"https:\\\/\\\/x.com\\\/BiolineCorp\",\"https:\\\/\\\/www.linkedin.com\\\/company\\\/bioline-corp\\\/\",\"https:\\\/\\\/www.youtube.com\\\/channel\\\/UCpD4bbIdegjthmdriZ2SAow\"]}]}<\/script>\n<!-- \/ Yoast SEO Premium plugin. -->","yoast_head_json":{"title":"C\u00e9r\u00e9ales -","description":"Les produits BioLiNE\u00ae am\u00e9liorent la sant\u00e9 des cultures tout au long de leur cycle de vie, du semis \u00e0 la r\u00e9colte, en augmentant les d\u00e9fenses naturelles contre le stress.","robots":{"index":"index","follow":"follow","max-snippet":"max-snippet:-1","max-image-preview":"max-image-preview:large","max-video-preview":"max-video-preview:-1"},"canonical":"https:\/\/biolinecorp.ca\/fr\/cereales-2\/","og_locale":"fr_FR","og_type":"article","og_title":"Cereals","og_description":"BioLiNE\u00ae products enhance crop health through their entire life-cycle from seeding to harvest by increasing natural defenses against stress.","og_url":"https:\/\/biolinecorp.ca\/fr\/cereales-2\/","article_publisher":"https:\/\/www.facebook.com\/BiolineCorp\/","article_modified_time":"2023-09-14T13:35:29+00:00","og_image":[{"url":"https:\/\/biolinecorp.ca\/wp-content\/uploads\/2022\/02\/20200224-Wheat-Stages-Application-v2-1024x535.png","type":"","width":"","height":""}],"twitter_card":"summary_large_image","twitter_site":"@BiolineCorp","twitter_misc":{"Dur\u00e9e de lecture estim\u00e9e":"4 minutes"},"schema":{"@context":"https:\/\/schema.org","@graph":[{"@type":"WebPage","@id":"http:\/\/biolinecorp.ca\/en_ca\/cereals\/","url":"http:\/\/biolinecorp.ca\/en_ca\/cereals\/","name":"C\u00e9r\u00e9ales -","isPartOf":{"@id":"https:\/\/biolinecorp.ca\/#website"},"primaryImageOfPage":{"@id":"http:\/\/biolinecorp.ca\/en_ca\/cereals\/#primaryimage"},"image":{"@id":"http:\/\/biolinecorp.ca\/en_ca\/cereals\/#primaryimage"},"thumbnailUrl":"https:\/\/biolinecorp.ca\/wp-content\/uploads\/2022\/02\/20200224-Wheat-Stages-Application-v2-1024x535.png","datePublished":"2022-02-10T17:23:07+00:00","dateModified":"2023-09-14T13:35:29+00:00","description":"Les produits BioLiNE\u00ae am\u00e9liorent la sant\u00e9 des cultures tout au long de leur cycle de vie, du semis \u00e0 la r\u00e9colte, en augmentant les d\u00e9fenses naturelles contre le stress.","breadcrumb":{"@id":"http:\/\/biolinecorp.ca\/en_ca\/cereals\/#breadcrumb"},"inLanguage":"fr-FR","potentialAction":[{"@type":"ReadAction","target":["http:\/\/biolinecorp.ca\/en_ca\/cereals\/"]}]},{"@type":"ImageObject","inLanguage":"fr-FR","@id":"http:\/\/biolinecorp.ca\/en_ca\/cereals\/#primaryimage","url":"https:\/\/biolinecorp.ca\/wp-content\/uploads\/2022\/02\/20200224-Wheat-Stages-Application-v2-1024x535.png","contentUrl":"https:\/\/biolinecorp.ca\/wp-content\/uploads\/2022\/02\/20200224-Wheat-Stages-Application-v2-1024x535.png"},{"@type":"BreadcrumbList","@id":"http:\/\/biolinecorp.ca\/en_ca\/cereals\/#breadcrumb","itemListElement":[{"@type":"ListItem","position":1,"name":"Home","item":"https:\/\/biolinecorp.ca\/en_ca\/"},{"@type":"ListItem","position":2,"name":"Cereals"}]},{"@type":"WebSite","@id":"https:\/\/biolinecorp.ca\/#website","url":"https:\/\/biolinecorp.ca\/","name":"BioLine Corporation","description":"","publisher":{"@id":"https:\/\/biolinecorp.ca\/#organization"},"potentialAction":[{"@type":"SearchAction","target":{"@type":"EntryPoint","urlTemplate":"https:\/\/biolinecorp.ca\/?s={search_term_string}"},"query-input":{"@type":"PropertyValueSpecification","valueRequired":true,"valueName":"search_term_string"}}],"inLanguage":"fr-FR"},{"@type":"Organization","@id":"https:\/\/biolinecorp.ca\/#organization","name":"Bioline Corporation","url":"https:\/\/biolinecorp.ca\/","logo":{"@type":"ImageObject","inLanguage":"fr-FR","@id":"https:\/\/biolinecorp.ca\/#\/schema\/logo\/image\/","url":"https:\/\/biolinecorp.ca\/wp-content\/uploads\/2018\/02\/Bioline_logo.png","contentUrl":"https:\/\/biolinecorp.ca\/wp-content\/uploads\/2018\/02\/Bioline_logo.png","width":667,"height":181,"caption":"Bioline Corporation"},"image":{"@id":"https:\/\/biolinecorp.ca\/#\/schema\/logo\/image\/"},"sameAs":["https:\/\/www.facebook.com\/BiolineCorp\/","https:\/\/x.com\/BiolineCorp","https:\/\/www.linkedin.com\/company\/bioline-corp\/","https:\/\/www.youtube.com\/channel\/UCpD4bbIdegjthmdriZ2SAow"]}]}},"_links":{"self":[{"href":"https:\/\/biolinecorp.ca\/fr\/wp-json\/wp\/v2\/pages\/24077","targetHints":{"allow":["GET"]}}],"collection":[{"href":"https:\/\/biolinecorp.ca\/fr\/wp-json\/wp\/v2\/pages"}],"about":[{"href":"https:\/\/biolinecorp.ca\/fr\/wp-json\/wp\/v2\/types\/page"}],"author":[{"embeddable":true,"href":"https:\/\/biolinecorp.ca\/fr\/wp-json\/wp\/v2\/users\/2"}],"replies":[{"embeddable":true,"href":"https:\/\/biolinecorp.ca\/fr\/wp-json\/wp\/v2\/comments?post=24077"}],"version-history":[{"count":0,"href":"https:\/\/biolinecorp.ca\/fr\/wp-json\/wp\/v2\/pages\/24077\/revisions"}],"wp:attachment":[{"href":"https:\/\/biolinecorp.ca\/fr\/wp-json\/wp\/v2\/media?parent=24077"}],"curies":[{"name":"wp","href":"https:\/\/api.w.org\/{rel}","templated":true}]}}