{"id":24075,"date":"2022-02-10T12:17:51","date_gmt":"2022-02-10T17:17:51","guid":{"rendered":"https:\/\/biolinecorp.ca\/?page_id=24075"},"modified":"2023-09-13T15:26:24","modified_gmt":"2023-09-13T19:26:24","slug":"canola","status":"publish","type":"page","link":"https:\/\/biolinecorp.ca\/fr\/canola-2\/","title":{"rendered":"Canola"},"content":{"rendered":"<div style=\"height:75px\" aria-hidden=\"true\" class=\"wp-block-spacer\"><\/div>\n\n\n\n<h3 class=\"wp-block-heading has-large-font-size\" id=\"h-how-does-bioline-help-canola-production\">Comment BioLiNE<strong><sup>\u00ae<\/sup><\/strong> Aider la production de canola ?<\/h3>\n\n\n\n<div style=\"height:25px\" aria-hidden=\"true\" class=\"wp-block-spacer\"><\/div>\n\n\n\n<p style=\"font-size:18px\">Notre BioLiNE<strong><sup>\u00ae<\/sup><\/strong> <a href=\"https:\/\/biolinecorp.ca\/fr\/notre-technologie\/\" target=\"_blank\" rel=\"noreferrer noopener\">technologie<\/a> transporte et assimile plus efficacement les nutriments et autres ingr\u00e9dients b\u00e9n\u00e9fiques pour les plantes. BioLiNE<strong><sup>\u00ae<\/sup><\/strong> am\u00e9liorent la sant\u00e9 des cultures tout au long de leur cycle de vie, de l'ensemencement \u00e0 la r\u00e9colte, en fournissant des \u00e9lectrolytes et en \u00e9tablissant un \u00e9quilibre \u00e9lectrochimique dans les plantes. Notre avantage est de combiner cet attribut hautement b\u00e9n\u00e9fique avec une chimie bioactive am\u00e9lior\u00e9e, une perm\u00e9abilit\u00e9 cellulaire sup\u00e9rieure et un \u00e9change acc\u00e9l\u00e9r\u00e9 de nutriments. <\/p>\n\n\n\n<div class=\"wp-block-columns is-layout-flex wp-container-core-columns-is-layout-9d6595d7 wp-block-columns-is-layout-flex\">\n<div class=\"wp-block-column is-layout-flow wp-block-column-is-layout-flow\" style=\"flex-basis:66.66%\">\n<ol class=\"wp-block-list\" style=\"font-size:18px\">\n<li><strong>Plantation :<\/strong> utilisation en tant qu'enrobage de semences, impr\u00e9gn\u00e9 sur des engrais secs ou m\u00e9lang\u00e9 en cuve avec des engrais liquides pour des applications dans le sillon ou en bandes lat\u00e9rales.<\/li>\n\n\n\n<li><strong>1 \u00e0 3 Stade des feuilles :<\/strong> M\u00e9lange en cuve avec des herbicides ou d'autres apports d'\u00e9l\u00e9ments nutritifs<\/li>\n\n\n\n<li><strong>2 \u00e0 6 Stade des feuilles : <\/strong>m\u00e9lang\u00e9 en r\u00e9servoir avec un fongicide ou d'autres \u00e9l\u00e9ments nutritifs<\/li>\n<\/ol>\n<\/div>\n\n\n\n<div class=\"wp-block-column is-vertically-aligned-center is-layout-flow wp-block-column-is-layout-flow\" style=\"flex-basis:33.33%\">\n<div class=\"wp-block-buttons is-content-justification-center is-layout-flex wp-container-core-buttons-is-layout-16018d1d wp-block-buttons-is-layout-flex\">\n<div class=\"wp-block-button aligncenter\"><a class=\"wp-block-button__link wp-element-button\" href=\"https:\/\/biolinecorp.ca\/wp-content\/uploads\/2022\/05\/20220504-Canola-Handout-V4.pdf\" target=\"_blank\" rel=\"noreferrer noopener\">Document d'information sur le canola<\/a><\/div>\n\n\n\n<div class=\"wp-block-button\"><a class=\"wp-block-button__link wp-element-button\" href=\"https:\/\/biolinecorp.ca\/wp-content\/uploads\/2023\/04\/20220716-Bioline-Abiotic-Stress-Tolerance-Flyer-V3-FINAL.pdf\" target=\"_blank\" rel=\"noreferrer noopener\">Tol\u00e9rance \u00e0 la chaleur et \u00e0 la s\u00e9cheresse<\/a><\/div>\n<\/div>\n<\/div>\n<\/div>\n\n\n\n<div style=\"height:50px\" aria-hidden=\"true\" class=\"wp-block-spacer\"><\/div>\n\n\n<div class=\"w-heading heading-9 text-left\">\n    <div class=\"w-wrapper\">\n                 \n        <h2>           \n            <span>Calendrier et taux d'application recommand\u00e9s pour BioLiNE\u00ae.<\/span>        <\/h2>\n                    <\/div>\n<\/div>\n\n\n\n<div style=\"height:50px\" aria-hidden=\"true\" class=\"wp-block-spacer\"><\/div>\n\n\n<div class=\"wp-block-image is-style-default\">\n<figure class=\"aligncenter size-large\"><img decoding=\"async\" width=\"1024\" height=\"560\" src=\"https:\/\/biolinecorp.ca\/wp-content\/uploads\/2022\/02\/20200224-Canola-Stages-of-Application-Image-1024x560.png\" alt=\"Photo des p\u00e9riodes et des doses d&#039;application pour le colza.\" class=\"wp-image-24544\" srcset=\"https:\/\/biolinecorp.ca\/wp-content\/uploads\/2022\/02\/20200224-Canola-Stages-of-Application-Image-1024x560.png 1024w, https:\/\/biolinecorp.ca\/wp-content\/uploads\/2022\/02\/20200224-Canola-Stages-of-Application-Image-600x328.png 600w, https:\/\/biolinecorp.ca\/wp-content\/uploads\/2022\/02\/20200224-Canola-Stages-of-Application-Image-768x420.png 768w, https:\/\/biolinecorp.ca\/wp-content\/uploads\/2022\/02\/20200224-Canola-Stages-of-Application-Image-640x350.png 640w, https:\/\/biolinecorp.ca\/wp-content\/uploads\/2022\/02\/20200224-Canola-Stages-of-Application-Image-1280x700.png 1280w, https:\/\/biolinecorp.ca\/wp-content\/uploads\/2022\/02\/20200224-Canola-Stages-of-Application-Image.png 1441w\" sizes=\"(max-width: 1024px) 100vw, 1024px\" \/><\/figure>\n<\/div>\n\n\n<div style=\"height:75px\" aria-hidden=\"true\" class=\"wp-block-spacer\"><\/div>\n\n\n<div class=\"w-heading heading-9 text-left\">\n    <div class=\"w-wrapper\">\n                 \n        <h2>           \n            <span>R\u00e9sultats de l'essai<\/span>        <\/h2>\n                    <\/div>\n<\/div>\n\n\n\n<div style=\"height:50px\" aria-hidden=\"true\" class=\"wp-block-spacer\"><\/div>\n\n\n\n<h3 class=\"wp-block-heading has-large-font-size\" id=\"h-application-of-bioline-fulvic-acid-under-drought\">Application de BioLiNE<strong><sup>\u00ae<\/sup><\/strong> Acide fulvique en cas de s\u00e9cheresse<\/h3>\n\n\n\n<div style=\"height:25px\" aria-hidden=\"true\" class=\"wp-block-spacer\"><\/div>\n\n\n\n<p style=\"font-size:18px\"><strong>Glutathion<\/strong>, <strong>ascorbate<\/strong>et <strong>catalase<\/strong> sont toutes les esp\u00e8ces chimiques impliqu\u00e9es dans la transformation et la d\u00e9toxification des esp\u00e8ces radicalaires d'oxyg\u00e8ne (ROS) afin de pr\u00e9venir les dommages \u00e0 la plante. Les ROS jouent un r\u00f4le important dans la croissance et le d\u00e9veloppement des plantes. Lorsque leur concentration augmente sous l'effet d'un stress, il se produit un stress oxydatif qui peut entra\u00eener une peroxydation des lipides et des dommages cellulaires. L'activit\u00e9 de ces substances chimiques augmente lorsqu'une plante est expos\u00e9e \u00e0 un stress abiotique tel que la s\u00e9cheresse. Les <strong>DPPH<\/strong> L'essai est\u00a0<strong>utilis\u00e9 pour pr\u00e9dire les activit\u00e9s des antioxydants par le m\u00e9canisme dans lequel les antioxydants agissent pour inhiber l'oxydation des lipides<\/strong>. Si les niveaux d'antioxydants ont augment\u00e9, on s'attend \u00e0 ce que la capacit\u00e9 de pi\u00e9geage de DPPH augmente \u00e9galement.<\/p>\n\n\n\n<p style=\"font-size:18px\">Des essais en milieu contr\u00f4l\u00e9 ont montr\u00e9 que les plantes s\u00e8ches trait\u00e9es avec BioLiNE<strong><sup>\u00ae<\/sup><\/strong> Les niveaux d'antioxydants (ascorbate et glutathion), de catalase et de DPPH \u00e9taient plus \u00e9lev\u00e9s, ce qui montre la capacit\u00e9 de l'acide fulvique \u00e0 aider le canola \u00e0 augmenter sa r\u00e9ponse au stress de la s\u00e9cheresse en agissant sur les ROS qui endommageraient la plante. <\/p>\n\n\n\n<div class=\"wp-block-columns is-layout-flex wp-container-core-columns-is-layout-9d6595d7 wp-block-columns-is-layout-flex\">\n<div class=\"wp-block-column is-layout-flow wp-block-column-is-layout-flow\">\n<figure class=\"wp-block-image size-large is-resized is-style-default\"><img decoding=\"async\" src=\"https:\/\/biolinecorp.ca\/wp-content\/uploads\/2022\/02\/Canola-Catalase-1024x737.png\" alt=\"Graphique montrant la capacit\u00e9 de BioLiNE \u00e0 am\u00e9liorer l&#039;activit\u00e9 de la catalase.\" class=\"wp-image-24835\" style=\"width:203px;height:146px\" width=\"203\" height=\"146\" srcset=\"https:\/\/biolinecorp.ca\/wp-content\/uploads\/2022\/02\/Canola-Catalase-1024x737.png 1024w, https:\/\/biolinecorp.ca\/wp-content\/uploads\/2022\/02\/Canola-Catalase-600x432.png 600w, https:\/\/biolinecorp.ca\/wp-content\/uploads\/2022\/02\/Canola-Catalase-768x553.png 768w, https:\/\/biolinecorp.ca\/wp-content\/uploads\/2022\/02\/Canola-Catalase-640x460.png 640w, https:\/\/biolinecorp.ca\/wp-content\/uploads\/2022\/02\/Canola-Catalase-1280x921.png 1280w, https:\/\/biolinecorp.ca\/wp-content\/uploads\/2022\/02\/Canola-Catalase.png 1344w\" sizes=\"(max-width: 203px) 100vw, 203px\" \/><\/figure>\n<\/div>\n\n\n\n<div class=\"wp-block-column is-layout-flow wp-block-column-is-layout-flow\">\n<figure class=\"wp-block-image size-large is-style-default\"><img decoding=\"async\" width=\"1024\" height=\"746\" src=\"https:\/\/biolinecorp.ca\/wp-content\/uploads\/2022\/03\/Canola-AsA-1024x746.png\" alt=\"Graphique montrant la capacit\u00e9 de BioLiNE \u00e0 am\u00e9liorer la concentration en ascorbate.\" class=\"wp-image-25166\" srcset=\"https:\/\/biolinecorp.ca\/wp-content\/uploads\/2022\/03\/Canola-AsA-1024x746.png 1024w, https:\/\/biolinecorp.ca\/wp-content\/uploads\/2022\/03\/Canola-AsA-600x437.png 600w, https:\/\/biolinecorp.ca\/wp-content\/uploads\/2022\/03\/Canola-AsA-768x560.png 768w, https:\/\/biolinecorp.ca\/wp-content\/uploads\/2022\/03\/Canola-AsA-640x467.png 640w, https:\/\/biolinecorp.ca\/wp-content\/uploads\/2022\/03\/Canola-AsA-1280x933.png 1280w, https:\/\/biolinecorp.ca\/wp-content\/uploads\/2022\/03\/Canola-AsA.png 1343w\" sizes=\"(max-width: 1024px) 100vw, 1024px\" \/><\/figure>\n<\/div>\n\n\n\n<div class=\"wp-block-column is-layout-flow wp-block-column-is-layout-flow\">\n<figure class=\"wp-block-image size-large is-style-default\"><img decoding=\"async\" width=\"1024\" height=\"737\" src=\"https:\/\/biolinecorp.ca\/wp-content\/uploads\/2022\/02\/Canola-GSH-1024x737.png\" alt=\"Graphique montrant la capacit\u00e9 de BioLiNE \u00e0 am\u00e9liorer la concentration en glutathion.\" class=\"wp-image-24836\" srcset=\"https:\/\/biolinecorp.ca\/wp-content\/uploads\/2022\/02\/Canola-GSH-1024x737.png 1024w, https:\/\/biolinecorp.ca\/wp-content\/uploads\/2022\/02\/Canola-GSH-600x432.png 600w, https:\/\/biolinecorp.ca\/wp-content\/uploads\/2022\/02\/Canola-GSH-768x553.png 768w, https:\/\/biolinecorp.ca\/wp-content\/uploads\/2022\/02\/Canola-GSH-640x461.png 640w, https:\/\/biolinecorp.ca\/wp-content\/uploads\/2022\/02\/Canola-GSH-1280x922.png 1280w, https:\/\/biolinecorp.ca\/wp-content\/uploads\/2022\/02\/Canola-GSH.png 1343w\" sizes=\"(max-width: 1024px) 100vw, 1024px\" \/><\/figure>\n<\/div>\n\n\n\n<div class=\"wp-block-column is-layout-flow wp-block-column-is-layout-flow\">\n<figure class=\"wp-block-image size-large is-style-default\"><img decoding=\"async\" width=\"1024\" height=\"739\" src=\"https:\/\/biolinecorp.ca\/wp-content\/uploads\/2022\/02\/Canola-DPPH-1024x739.png\" alt=\"Graphique montrant la capacit\u00e9 de BioLiNE \u00e0 am\u00e9liorer le pi\u00e9geage de DPPH.\" class=\"wp-image-24837\" srcset=\"https:\/\/biolinecorp.ca\/wp-content\/uploads\/2022\/02\/Canola-DPPH-1024x739.png 1024w, https:\/\/biolinecorp.ca\/wp-content\/uploads\/2022\/02\/Canola-DPPH-600x433.png 600w, https:\/\/biolinecorp.ca\/wp-content\/uploads\/2022\/02\/Canola-DPPH-768x554.png 768w, https:\/\/biolinecorp.ca\/wp-content\/uploads\/2022\/02\/Canola-DPPH-640x462.png 640w, https:\/\/biolinecorp.ca\/wp-content\/uploads\/2022\/02\/Canola-DPPH-1280x924.png 1280w, https:\/\/biolinecorp.ca\/wp-content\/uploads\/2022\/02\/Canola-DPPH.png 1343w\" sizes=\"(max-width: 1024px) 100vw, 1024px\" \/><\/figure>\n<\/div>\n<\/div>\n\n\n\n<div style=\"height:10px\" aria-hidden=\"true\" class=\"wp-block-spacer\"><\/div>\n\n\n\n<hr class=\"wp-block-separator has-css-opacity\"\/>\n\n\n\n<div style=\"height:50px\" aria-hidden=\"true\" class=\"wp-block-spacer\"><\/div>\n\n\n\n<h3 class=\"wp-block-heading has-large-font-size\" id=\"h-drought-stress-amelioration-wintering-hills-colony-2021\"><strong>Am\u00e9lioration du stress d\u00fb \u00e0 la s\u00e9cheresse Wintering Hills Colony 2021<\/strong><\/h3>\n\n\n\n<div style=\"height:25px\" aria-hidden=\"true\" class=\"wp-block-spacer\"><\/div>\n\n\n\n<p>Le rendement moyen pour le sud de l'Alberta en 2020 \u00e9tait de 44,0 boisseaux\/acre. En raison d'une ann\u00e9e de s\u00e9cheresse intense en 2021, cette moyenne est tomb\u00e9e \u00e0 16,1 boisseaux\/acre (rendement de 37%) (<a href=\"https:\/\/open.alberta.ca\/dataset\/664f3ae9-db2a-4e84-91a8-59c7b379a050\/resource\/c2b9e699-667d-4ac1-87b6-bd1c9115c03c\/download\/af-itrb-alberta-crop-report-2021-10-05.pdf\" target=\"_blank\" rel=\"noreferrer noopener\">Rapport sur les r\u00e9coltes en Alberta<\/a>).<\/p>\n\n\n\n<p>Avec l'application de BioLiNE<strong><sup>\u00ae<\/sup><\/strong> Dans huit exploitations diff\u00e9rentes de la Wintering Hills Colony, le rendement moyen du canola a augment\u00e9 pour atteindre 27,0 boisseaux par acre (rendement de 611 tonnes par rapport aux donn\u00e9es de 2020 et augmentation de 64,91 tonnes par rapport \u00e0 la moyenne du comt\u00e9 en 2021).<\/p>\n\n\n\n<div style=\"height:25px\" aria-hidden=\"true\" class=\"wp-block-spacer\"><\/div>\n\n\n\n<figure class=\"wp-block-image size-large is-resized is-style-default\"><img decoding=\"async\" src=\"https:\/\/biolinecorp.ca\/wp-content\/uploads\/2022\/03\/Wintering-Hills-Results-2-1024x102.jpg\" alt=\"\" class=\"wp-image-25176\" style=\"width:1209px;height:120px\" width=\"1209\" height=\"120\" srcset=\"https:\/\/biolinecorp.ca\/wp-content\/uploads\/2022\/03\/Wintering-Hills-Results-2-1024x102.jpg 1024w, https:\/\/biolinecorp.ca\/wp-content\/uploads\/2022\/03\/Wintering-Hills-Results-2-600x60.jpg 600w, https:\/\/biolinecorp.ca\/wp-content\/uploads\/2022\/03\/Wintering-Hills-Results-2-768x76.jpg 768w, https:\/\/biolinecorp.ca\/wp-content\/uploads\/2022\/03\/Wintering-Hills-Results-2-1536x153.jpg 1536w, https:\/\/biolinecorp.ca\/wp-content\/uploads\/2022\/03\/Wintering-Hills-Results-2-640x64.jpg 640w, https:\/\/biolinecorp.ca\/wp-content\/uploads\/2022\/03\/Wintering-Hills-Results-2-1280x127.jpg 1280w, https:\/\/biolinecorp.ca\/wp-content\/uploads\/2022\/03\/Wintering-Hills-Results-2.jpg 1692w\" sizes=\"(max-width: 1209px) 100vw, 1209px\" \/><\/figure>\n\n\n\n<head><!-- Global site tag (gtag.js) - Google Ads: 781808697 --> <script async src=\"https:\/\/www.googletagmanager.com\/gtag\/js?id=AW-781808697\"><\/script> <script> window.dataLayer = window.dataLayer || []; function gtag(){dataLayer.push(arguments);} gtag('js', new Date()); gtag('config', 'AW-781808697'); gtag('config', 'AW-781808697');<\/script> <\/head>","protected":false},"excerpt":{"rendered":"<p>How Does BioLiNE\u00ae Help Canola Production? Our BioLiNE\u00ae technology transports and assimilates nutrients, and other plant beneficial ingredients more efficiently. BioLiNE\u00ae products enhance crop health through their entire life-cycle from seeding to harvest by supplying electrolytes and establishing electrochemical balance in plants. Combining this highly beneficial attribute with improved bioactive chemistry, superior cell permeability, and [&hellip;]<\/p>\n","protected":false},"author":2,"featured_media":0,"parent":0,"menu_order":14,"comment_status":"closed","ping_status":"closed","template":"","meta":{"_monsterinsights_skip_tracking":false,"_monsterinsights_sitenote_active":false,"_monsterinsights_sitenote_note":"","_monsterinsights_sitenote_category":0,"footnotes":""},"class_list":["post-24075","page","type-page","status-publish","hentry"],"yoast_head":"<!-- This site is optimized with the Yoast SEO Premium plugin v27.3 (Yoast SEO v27.3) - https:\/\/yoast.com\/product\/yoast-seo-premium-wordpress\/ -->\n<title>Canola -<\/title>\n<meta name=\"description\" content=\"BioLiNE\u00ae technology helps improve canola plant&#039;s natural defenses against abiotic (environmental) stress to preserve potential yield loss.\" \/>\n<meta name=\"robots\" content=\"index, follow, max-snippet:-1, max-image-preview:large, max-video-preview:-1\" \/>\n<link rel=\"canonical\" href=\"https:\/\/biolinecorp.ca\/fr\/canola-2\/\" \/>\n<meta property=\"og:locale\" content=\"fr_FR\" \/>\n<meta property=\"og:type\" content=\"article\" \/>\n<meta property=\"og:title\" content=\"Canola\" \/>\n<meta property=\"og:description\" content=\"BioLiNE\u00ae technology helps improve canola plant&#039;s natural defenses against abiotic (environmental) stress to preserve potential yield loss.\" \/>\n<meta property=\"og:url\" content=\"https:\/\/biolinecorp.ca\/fr\/canola-2\/\" \/>\n<meta property=\"article:publisher\" content=\"https:\/\/www.facebook.com\/BiolineCorp\/\" \/>\n<meta property=\"article:modified_time\" content=\"2023-09-13T19:26:24+00:00\" \/>\n<meta property=\"og:image\" content=\"https:\/\/biolinecorp.ca\/wp-content\/uploads\/2022\/02\/20200224-Canola-Stages-of-Application-Image-1024x560.png\" \/>\n<meta name=\"twitter:card\" content=\"summary_large_image\" \/>\n<meta name=\"twitter:site\" content=\"@BiolineCorp\" \/>\n<meta name=\"twitter:label1\" content=\"Dur\u00e9e de lecture estim\u00e9e\" \/>\n\t<meta name=\"twitter:data1\" content=\"3 minutes\" \/>\n<script type=\"application\/ld+json\" class=\"yoast-schema-graph\">{\"@context\":\"https:\\\/\\\/schema.org\",\"@graph\":[{\"@type\":\"WebPage\",\"@id\":\"https:\\\/\\\/biolinecorp.ca\\\/en_ca\\\/canola\\\/\",\"url\":\"https:\\\/\\\/biolinecorp.ca\\\/en_ca\\\/canola\\\/\",\"name\":\"Canola -\",\"isPartOf\":{\"@id\":\"https:\\\/\\\/biolinecorp.ca\\\/#website\"},\"primaryImageOfPage\":{\"@id\":\"https:\\\/\\\/biolinecorp.ca\\\/en_ca\\\/canola\\\/#primaryimage\"},\"image\":{\"@id\":\"https:\\\/\\\/biolinecorp.ca\\\/en_ca\\\/canola\\\/#primaryimage\"},\"thumbnailUrl\":\"https:\\\/\\\/biolinecorp.ca\\\/wp-content\\\/uploads\\\/2022\\\/02\\\/20200224-Canola-Stages-of-Application-Image-1024x560.png\",\"datePublished\":\"2022-02-10T17:17:51+00:00\",\"dateModified\":\"2023-09-13T19:26:24+00:00\",\"description\":\"BioLiNE\u00ae technology helps improve canola plant's natural defenses against abiotic (environmental) stress to preserve potential yield loss.\",\"breadcrumb\":{\"@id\":\"https:\\\/\\\/biolinecorp.ca\\\/en_ca\\\/canola\\\/#breadcrumb\"},\"inLanguage\":\"fr-FR\",\"potentialAction\":[{\"@type\":\"ReadAction\",\"target\":[\"https:\\\/\\\/biolinecorp.ca\\\/en_ca\\\/canola\\\/\"]}]},{\"@type\":\"ImageObject\",\"inLanguage\":\"fr-FR\",\"@id\":\"https:\\\/\\\/biolinecorp.ca\\\/en_ca\\\/canola\\\/#primaryimage\",\"url\":\"https:\\\/\\\/biolinecorp.ca\\\/wp-content\\\/uploads\\\/2022\\\/02\\\/20200224-Canola-Stages-of-Application-Image-1024x560.png\",\"contentUrl\":\"https:\\\/\\\/biolinecorp.ca\\\/wp-content\\\/uploads\\\/2022\\\/02\\\/20200224-Canola-Stages-of-Application-Image-1024x560.png\"},{\"@type\":\"BreadcrumbList\",\"@id\":\"https:\\\/\\\/biolinecorp.ca\\\/en_ca\\\/canola\\\/#breadcrumb\",\"itemListElement\":[{\"@type\":\"ListItem\",\"position\":1,\"name\":\"Home\",\"item\":\"https:\\\/\\\/biolinecorp.ca\\\/en_ca\\\/\"},{\"@type\":\"ListItem\",\"position\":2,\"name\":\"Canola\"}]},{\"@type\":\"WebSite\",\"@id\":\"https:\\\/\\\/biolinecorp.ca\\\/#website\",\"url\":\"https:\\\/\\\/biolinecorp.ca\\\/\",\"name\":\"BioLine Corporation\",\"description\":\"\",\"publisher\":{\"@id\":\"https:\\\/\\\/biolinecorp.ca\\\/#organization\"},\"potentialAction\":[{\"@type\":\"SearchAction\",\"target\":{\"@type\":\"EntryPoint\",\"urlTemplate\":\"https:\\\/\\\/biolinecorp.ca\\\/?s={search_term_string}\"},\"query-input\":{\"@type\":\"PropertyValueSpecification\",\"valueRequired\":true,\"valueName\":\"search_term_string\"}}],\"inLanguage\":\"fr-FR\"},{\"@type\":\"Organization\",\"@id\":\"https:\\\/\\\/biolinecorp.ca\\\/#organization\",\"name\":\"Bioline Corporation\",\"url\":\"https:\\\/\\\/biolinecorp.ca\\\/\",\"logo\":{\"@type\":\"ImageObject\",\"inLanguage\":\"fr-FR\",\"@id\":\"https:\\\/\\\/biolinecorp.ca\\\/#\\\/schema\\\/logo\\\/image\\\/\",\"url\":\"https:\\\/\\\/biolinecorp.ca\\\/wp-content\\\/uploads\\\/2018\\\/02\\\/Bioline_logo.png\",\"contentUrl\":\"https:\\\/\\\/biolinecorp.ca\\\/wp-content\\\/uploads\\\/2018\\\/02\\\/Bioline_logo.png\",\"width\":667,\"height\":181,\"caption\":\"Bioline Corporation\"},\"image\":{\"@id\":\"https:\\\/\\\/biolinecorp.ca\\\/#\\\/schema\\\/logo\\\/image\\\/\"},\"sameAs\":[\"https:\\\/\\\/www.facebook.com\\\/BiolineCorp\\\/\",\"https:\\\/\\\/x.com\\\/BiolineCorp\",\"https:\\\/\\\/www.linkedin.com\\\/company\\\/bioline-corp\\\/\",\"https:\\\/\\\/www.youtube.com\\\/channel\\\/UCpD4bbIdegjthmdriZ2SAow\"]}]}<\/script>\n<!-- \/ Yoast SEO Premium plugin. -->","yoast_head_json":{"title":"Canola -","description":"La technologie BioLiNE\u00ae permet d'am\u00e9liorer les d\u00e9fenses naturelles du colza contre le stress abiotique (environnemental) afin de limiter les pertes de rendement potentielles.","robots":{"index":"index","follow":"follow","max-snippet":"max-snippet:-1","max-image-preview":"max-image-preview:large","max-video-preview":"max-video-preview:-1"},"canonical":"https:\/\/biolinecorp.ca\/fr\/canola-2\/","og_locale":"fr_FR","og_type":"article","og_title":"Canola","og_description":"BioLiNE\u00ae technology helps improve canola plant's natural defenses against abiotic (environmental) stress to preserve potential yield loss.","og_url":"https:\/\/biolinecorp.ca\/fr\/canola-2\/","article_publisher":"https:\/\/www.facebook.com\/BiolineCorp\/","article_modified_time":"2023-09-13T19:26:24+00:00","og_image":[{"url":"https:\/\/biolinecorp.ca\/wp-content\/uploads\/2022\/02\/20200224-Canola-Stages-of-Application-Image-1024x560.png","type":"","width":"","height":""}],"twitter_card":"summary_large_image","twitter_site":"@BiolineCorp","twitter_misc":{"Dur\u00e9e de lecture estim\u00e9e":"3 minutes"},"schema":{"@context":"https:\/\/schema.org","@graph":[{"@type":"WebPage","@id":"https:\/\/biolinecorp.ca\/en_ca\/canola\/","url":"https:\/\/biolinecorp.ca\/en_ca\/canola\/","name":"Canola -","isPartOf":{"@id":"https:\/\/biolinecorp.ca\/#website"},"primaryImageOfPage":{"@id":"https:\/\/biolinecorp.ca\/en_ca\/canola\/#primaryimage"},"image":{"@id":"https:\/\/biolinecorp.ca\/en_ca\/canola\/#primaryimage"},"thumbnailUrl":"https:\/\/biolinecorp.ca\/wp-content\/uploads\/2022\/02\/20200224-Canola-Stages-of-Application-Image-1024x560.png","datePublished":"2022-02-10T17:17:51+00:00","dateModified":"2023-09-13T19:26:24+00:00","description":"La technologie BioLiNE\u00ae permet d'am\u00e9liorer les d\u00e9fenses naturelles du colza contre le stress abiotique (environnemental) afin de limiter les pertes de rendement potentielles.","breadcrumb":{"@id":"https:\/\/biolinecorp.ca\/en_ca\/canola\/#breadcrumb"},"inLanguage":"fr-FR","potentialAction":[{"@type":"ReadAction","target":["https:\/\/biolinecorp.ca\/en_ca\/canola\/"]}]},{"@type":"ImageObject","inLanguage":"fr-FR","@id":"https:\/\/biolinecorp.ca\/en_ca\/canola\/#primaryimage","url":"https:\/\/biolinecorp.ca\/wp-content\/uploads\/2022\/02\/20200224-Canola-Stages-of-Application-Image-1024x560.png","contentUrl":"https:\/\/biolinecorp.ca\/wp-content\/uploads\/2022\/02\/20200224-Canola-Stages-of-Application-Image-1024x560.png"},{"@type":"BreadcrumbList","@id":"https:\/\/biolinecorp.ca\/en_ca\/canola\/#breadcrumb","itemListElement":[{"@type":"ListItem","position":1,"name":"Home","item":"https:\/\/biolinecorp.ca\/en_ca\/"},{"@type":"ListItem","position":2,"name":"Canola"}]},{"@type":"WebSite","@id":"https:\/\/biolinecorp.ca\/#website","url":"https:\/\/biolinecorp.ca\/","name":"BioLine Corporation","description":"","publisher":{"@id":"https:\/\/biolinecorp.ca\/#organization"},"potentialAction":[{"@type":"SearchAction","target":{"@type":"EntryPoint","urlTemplate":"https:\/\/biolinecorp.ca\/?s={search_term_string}"},"query-input":{"@type":"PropertyValueSpecification","valueRequired":true,"valueName":"search_term_string"}}],"inLanguage":"fr-FR"},{"@type":"Organization","@id":"https:\/\/biolinecorp.ca\/#organization","name":"Bioline Corporation","url":"https:\/\/biolinecorp.ca\/","logo":{"@type":"ImageObject","inLanguage":"fr-FR","@id":"https:\/\/biolinecorp.ca\/#\/schema\/logo\/image\/","url":"https:\/\/biolinecorp.ca\/wp-content\/uploads\/2018\/02\/Bioline_logo.png","contentUrl":"https:\/\/biolinecorp.ca\/wp-content\/uploads\/2018\/02\/Bioline_logo.png","width":667,"height":181,"caption":"Bioline Corporation"},"image":{"@id":"https:\/\/biolinecorp.ca\/#\/schema\/logo\/image\/"},"sameAs":["https:\/\/www.facebook.com\/BiolineCorp\/","https:\/\/x.com\/BiolineCorp","https:\/\/www.linkedin.com\/company\/bioline-corp\/","https:\/\/www.youtube.com\/channel\/UCpD4bbIdegjthmdriZ2SAow"]}]}},"_links":{"self":[{"href":"https:\/\/biolinecorp.ca\/fr\/wp-json\/wp\/v2\/pages\/24075","targetHints":{"allow":["GET"]}}],"collection":[{"href":"https:\/\/biolinecorp.ca\/fr\/wp-json\/wp\/v2\/pages"}],"about":[{"href":"https:\/\/biolinecorp.ca\/fr\/wp-json\/wp\/v2\/types\/page"}],"author":[{"embeddable":true,"href":"https:\/\/biolinecorp.ca\/fr\/wp-json\/wp\/v2\/users\/2"}],"replies":[{"embeddable":true,"href":"https:\/\/biolinecorp.ca\/fr\/wp-json\/wp\/v2\/comments?post=24075"}],"version-history":[{"count":0,"href":"https:\/\/biolinecorp.ca\/fr\/wp-json\/wp\/v2\/pages\/24075\/revisions"}],"wp:attachment":[{"href":"https:\/\/biolinecorp.ca\/fr\/wp-json\/wp\/v2\/media?parent=24075"}],"curies":[{"name":"wp","href":"https:\/\/api.w.org\/{rel}","templated":true}]}}