{"id":11154,"date":"2019-10-30T12:08:32","date_gmt":"2019-10-30T16:08:32","guid":{"rendered":"https:\/\/biolinecorp.ca\/?page_id=11154"},"modified":"2024-03-18T08:49:34","modified_gmt":"2024-03-18T12:49:34","slug":"our-technology","status":"publish","type":"page","link":"https:\/\/biolinecorp.ca\/fr\/notre-technologie\/","title":{"rendered":"Notre technologie"},"content":{"rendered":"<div style=\"height:50px\" aria-hidden=\"true\" class=\"wp-block-spacer\"><\/div>\n\n\n\n<div class=\"wp-block-media-text alignwide is-stacked-on-mobile\"><figure class=\"wp-block-media-text__media\"><img decoding=\"async\" width=\"1024\" height=\"683\" src=\"https:\/\/biolinecorp.ca\/wp-content\/uploads\/2019\/10\/Chemisty-1024x683.jpg\" alt=\"\" class=\"wp-image-11099 size-full\" srcset=\"https:\/\/biolinecorp.ca\/wp-content\/uploads\/2019\/10\/Chemisty-1024x683.jpg 1024w, https:\/\/biolinecorp.ca\/wp-content\/uploads\/2019\/10\/Chemisty-600x400.jpg 600w, https:\/\/biolinecorp.ca\/wp-content\/uploads\/2019\/10\/Chemisty-768x512.jpg 768w, https:\/\/biolinecorp.ca\/wp-content\/uploads\/2019\/10\/Chemisty-640x427.jpg 640w, https:\/\/biolinecorp.ca\/wp-content\/uploads\/2019\/10\/Chemisty-1280x853.jpg 1280w\" sizes=\"(max-width: 1024px) 100vw, 1024px\" \/><\/figure><div class=\"wp-block-media-text__content\">\n<h3 class=\"wp-block-heading has-large-font-size\" id=\"h-our-innovative-technology\">Notre technologie innovante<\/h3>\n\n\n\n<p>BioLiNE<strong><sup>\u00ae<\/sup><\/strong> Corporation est une soci\u00e9t\u00e9 de d\u00e9veloppement technologique <a href=\"https:\/\/biolinecorp.ca\/fr\/our-company\/\">entreprise<\/a> Notre objectif est de fournir des solutions avanc\u00e9es, bas\u00e9es sur la science, afin d'am\u00e9liorer la production agricole. Notre soci\u00e9t\u00e9 met fortement l'accent sur la recherche et l'innovation. Les <a href=\"https:\/\/biolinecorp.ca\/fr\/nos-produits\/\">produits<\/a> que nous avons mis au point am\u00e9liorent la durabilit\u00e9 des exploitations agricoles. Tous nos produits innovants ont \u00e9t\u00e9 formul\u00e9s pour \u00eatre mis \u00e0 l'\u00e9chelle, en tenant compte de leur compatibilit\u00e9 et de leur facilit\u00e9 d'utilisation. Ils peuvent \u00eatre m\u00e9lang\u00e9s aux intrants agricoles existants et combin\u00e9s \u00e0 d'autres technologies \u00e0 diff\u00e9rents points de la cha\u00eene d'approvisionnement, y compris les formulateurs d'engrais et les m\u00e9langeurs, les applicateurs \u00e0 fa\u00e7on ou les agriculteurs. Avec de faibles exigences en mati\u00e8re de taux d'utilisation et un historique d'impact positif constant, nos technologies constituent une option tr\u00e8s attrayante pour les agriculteurs.<\/p>\n<\/div><\/div>\n\n\n\n<div style=\"height:50px\" aria-hidden=\"true\" class=\"wp-block-spacer\"><\/div>\n\n\n\n<hr class=\"wp-block-separator has-css-opacity is-style-wide\"\/>\n\n\n\n<div style=\"height:50px\" aria-hidden=\"true\" class=\"wp-block-spacer\"><\/div>\n\n\n\n<p>Nous utilisons nos propres <strong>Fulv-IQ<sup>\u00ae<\/sup><\/strong> pour purifier et isoler des fractions cibl\u00e9es d'acides fulviques ayant les propri\u00e9t\u00e9s les plus b\u00e9n\u00e9fiques pour les cultures. Notre technologie est un outil simple, efficace et abordable pour aider les producteurs \u00e0 g\u00e9rer leurs cultures. Elle am\u00e9liore l'efficacit\u00e9 de l'utilisation des nutriments par les cultures en augmentant la disponibilit\u00e9, le transport et l'assimilation des nutriments et d'autres mol\u00e9cules b\u00e9n\u00e9fiques pour les cultures. Nos acides fulviques sont un outil essentiel que les producteurs peuvent utiliser pour renforcer les d\u00e9fenses naturelles des cultures contre les principaux facteurs de stress tout au long de la saison.<\/p>\n\n\n\n<p>Gr\u00e2ce \u00e0 leur faible taux d'utilisation, nos solutions polyvalentes peuvent \u00eatre ajout\u00e9es aux engrais de d\u00e9marrage et aux engrais foliaires, m\u00e9lang\u00e9es en cuve avec des herbicides ou des fongicides, impr\u00e9gn\u00e9es sur des engrais secs ou appliqu\u00e9es en tant qu'ingr\u00e9dient dans les produits suivants <a href=\"https:\/\/biolinecorp.ca\/wp-content\/uploads\/2024\/03\/20240220-BioLiNE-Seed-Treatment.pdf\">traitement des semences<\/a>. Avec plus de <strong>2 millions d'acres<\/strong> trait\u00e9s au Canada et aux \u00c9tats-Unis, BioLiNE<strong><sup>\u00ae<\/sup><\/strong> s'engage \u00e0 apporter de la valeur \u00e0 ses clients et \u00e0 garantir leur satisfaction gr\u00e2ce \u00e0 un engagement proactif \u00e0 chaque \u00e9tape du processus.<\/p>\n\n\n\n<div style=\"height:50px\" aria-hidden=\"true\" class=\"wp-block-spacer\"><\/div>\n\n\n\n<hr class=\"wp-block-separator has-css-opacity is-style-wide\"\/>\n\n\n\n<div style=\"height:50px\" aria-hidden=\"true\" class=\"wp-block-spacer\"><\/div>\n\n\n\n<div class=\"wp-block-media-text alignwide is-stacked-on-mobile\"><figure class=\"wp-block-media-text__media\"><img decoding=\"async\" width=\"1024\" height=\"678\" src=\"https:\/\/biolinecorp.ca\/wp-content\/uploads\/2019\/10\/Plant-Growth-shutter-1024x678.jpg\" alt=\"\" class=\"wp-image-10862 size-full\" srcset=\"https:\/\/biolinecorp.ca\/wp-content\/uploads\/2019\/10\/Plant-Growth-shutter-1024x678.jpg 1024w, https:\/\/biolinecorp.ca\/wp-content\/uploads\/2019\/10\/Plant-Growth-shutter-300x199.jpg 300w, https:\/\/biolinecorp.ca\/wp-content\/uploads\/2019\/10\/Plant-Growth-shutter-768x509.jpg 768w, https:\/\/biolinecorp.ca\/wp-content\/uploads\/2019\/10\/Plant-Growth-shutter-640x424.jpg 640w, https:\/\/biolinecorp.ca\/wp-content\/uploads\/2019\/10\/Plant-Growth-shutter-1280x848.jpg 1280w\" sizes=\"(max-width: 1024px) 100vw, 1024px\" \/><\/figure><div class=\"wp-block-media-text__content\">\n<h3 class=\"wp-block-heading has-large-font-size\" id=\"h-bioline-nbsp-technology-features-amp-advantages\"><strong>BioLiNE<sup>\u00ae&nbsp;<\/sup>Caract\u00e9ristiques et avantages de la technologie<\/strong><\/h3>\n\n\n\n<p><strong>BioLiNE<sup>\u00ae<\/sup>La technologie Biogenic Nutrient Accelerator\u2122 (BNA) de la Commission europ\u00e9enne<\/strong>\u00a0est essentielle \u00e0 une production v\u00e9g\u00e9tale durable dans un environnement en constante \u00e9volution. Elle joue un r\u00f4le important dans l'am\u00e9lioration <a href=\"https:\/\/biolinecorp.ca\/wp-content\/uploads\/2024\/03\/20240122-BioLiNE-Root-and-Soil-Health.pdf\">sant\u00e9 des sols<\/a> en favorisant la diversit\u00e9, la population et l'\u00e9quilibre microbiens. BioLiNE<strong><sup>\u00ae<\/sup><\/strong> <a href=\"https:\/\/biolinecorp.ca\/fr\/nos-produits\/\">produits<\/a> sont con\u00e7us pour att\u00e9nuer les effets n\u00e9gatifs des \u00e9v\u00e9nements abiotiques qui se produisent tout au long de la saison de croissance. BioLiNE<strong><sup>\u00ae<\/sup><\/strong> augmentent l'efficacit\u00e9 de l'utilisation des nutriments et de l'eau (NUE et WUE). Nos produits peuvent \u00eatre appliqu\u00e9s de concert avec n'importe quelle meilleure pratique de gestion pour n'importe quelle culture. BioLiNE<strong><sup>\u00ae<\/sup><\/strong> ont historiquement fait preuve d'une bonne R.O.I.<\/p>\n<\/div><\/div>\n\n\n\n<head><!-- Global site tag (gtag.js) - Google Ads: 781808697 --> <script async src=\"https:\/\/www.googletagmanager.com\/gtag\/js?id=AW-781808697\"><\/script> <script> window.dataLayer = window.dataLayer || []; function gtag(){dataLayer.push(arguments);} gtag('js', new Date()); gtag('config', 'AW-781808697'); gtag('config', 'AW-781808697');<\/script> <\/head>","protected":false},"excerpt":{"rendered":"<p>Our Innovative Technology BioLiNE\u00ae Corporation is a technology development company focused on providing advanced, science-based solutions to improve crop production. Our company has a strong focus on research and innovation. The products we have developed improve the sustainability of farm operations. All of our product innovations were formulated for scale-up, with compatibility, and ease-of-use in [&hellip;]<\/p>\n","protected":false},"author":2,"featured_media":0,"parent":0,"menu_order":22,"comment_status":"closed","ping_status":"closed","template":"","meta":{"_monsterinsights_skip_tracking":false,"_monsterinsights_sitenote_active":false,"_monsterinsights_sitenote_note":"","_monsterinsights_sitenote_category":0,"footnotes":""},"class_list":["post-11154","page","type-page","status-publish","hentry"],"yoast_head":"<!-- This site is optimized with the Yoast SEO Premium plugin v27.3 (Yoast SEO v27.3) - https:\/\/yoast.com\/product\/yoast-seo-premium-wordpress\/ -->\n<title>BioLiNE&#039;s Biogenic Nutrient Accelerator\u2122 (BNA) Technology<\/title>\n<meta name=\"description\" content=\"Want to learn more about BioLiNE&#039;s Technology and our proven track record of armouring crops against abiotic stress?\" \/>\n<meta name=\"robots\" content=\"index, follow, max-snippet:-1, max-image-preview:large, max-video-preview:-1\" \/>\n<link rel=\"canonical\" href=\"https:\/\/biolinecorp.ca\/fr\/notre-technologie\/\" \/>\n<meta property=\"og:locale\" content=\"fr_FR\" \/>\n<meta property=\"og:type\" content=\"article\" \/>\n<meta property=\"og:title\" content=\"BioLiNE&#039;s Biogenic Nutrient Accelerator\u2122 (BNA) Technology\" \/>\n<meta property=\"og:description\" content=\"Want to learn more about BioLiNE&#039;s Technology? Our proven trace-record of armouring crops helps preserve the innate genetic yield potential of crops.\" \/>\n<meta property=\"og:url\" content=\"https:\/\/biolinecorp.ca\/fr\/notre-technologie\/\" \/>\n<meta property=\"article:publisher\" content=\"https:\/\/www.facebook.com\/BiolineCorp\/\" \/>\n<meta property=\"article:modified_time\" content=\"2024-03-18T12:49:34+00:00\" \/>\n<meta property=\"og:image\" content=\"https:\/\/biolinecorp.ca\/wp-content\/uploads\/2019\/10\/corn-field.jpg\" \/>\n\t<meta property=\"og:image:width\" content=\"7210\" \/>\n\t<meta property=\"og:image:height\" content=\"4139\" \/>\n\t<meta property=\"og:image:type\" content=\"image\/jpeg\" \/>\n<meta name=\"twitter:card\" content=\"summary_large_image\" \/>\n<meta name=\"twitter:title\" content=\"BioLiNE&#039;s Biogenic Nutrient Accelerator\u2122 (BNA) Technology\" \/>\n<meta name=\"twitter:description\" content=\"Want to learn more about BioLiNE&#039;s Technology? Our proven trace-record of armouring crops helps preserve the innate genetic yield potential of crops.\" \/>\n<meta name=\"twitter:image\" content=\"https:\/\/biolinecorp.ca\/wp-content\/uploads\/2019\/10\/corn-field.jpg\" \/>\n<meta name=\"twitter:site\" content=\"@BiolineCorp\" \/>\n<meta name=\"twitter:label1\" content=\"Dur\u00e9e de lecture estim\u00e9e\" \/>\n\t<meta name=\"twitter:data1\" content=\"2 minutes\" \/>\n<script type=\"application\/ld+json\" class=\"yoast-schema-graph\">{\"@context\":\"https:\\\/\\\/schema.org\",\"@graph\":[{\"@type\":\"WebPage\",\"@id\":\"https:\\\/\\\/biolinecorp.ca\\\/en_ca\\\/our-technology\\\/\",\"url\":\"https:\\\/\\\/biolinecorp.ca\\\/en_ca\\\/our-technology\\\/\",\"name\":\"BioLiNE's Biogenic Nutrient Accelerator\u2122 (BNA) Technology\",\"isPartOf\":{\"@id\":\"https:\\\/\\\/biolinecorp.ca\\\/#website\"},\"primaryImageOfPage\":{\"@id\":\"https:\\\/\\\/biolinecorp.ca\\\/en_ca\\\/our-technology\\\/#primaryimage\"},\"image\":{\"@id\":\"https:\\\/\\\/biolinecorp.ca\\\/en_ca\\\/our-technology\\\/#primaryimage\"},\"thumbnailUrl\":\"https:\\\/\\\/biolinecorp.ca\\\/wp-content\\\/uploads\\\/2019\\\/10\\\/Chemisty-1024x683.jpg\",\"datePublished\":\"2019-10-30T16:08:32+00:00\",\"dateModified\":\"2024-03-18T12:49:34+00:00\",\"description\":\"Want to learn more about BioLiNE's Technology and our proven track record of armouring crops against abiotic stress?\",\"breadcrumb\":{\"@id\":\"https:\\\/\\\/biolinecorp.ca\\\/en_ca\\\/our-technology\\\/#breadcrumb\"},\"inLanguage\":\"fr-FR\",\"potentialAction\":[{\"@type\":\"ReadAction\",\"target\":[\"https:\\\/\\\/biolinecorp.ca\\\/en_ca\\\/our-technology\\\/\"]}]},{\"@type\":\"ImageObject\",\"inLanguage\":\"fr-FR\",\"@id\":\"https:\\\/\\\/biolinecorp.ca\\\/en_ca\\\/our-technology\\\/#primaryimage\",\"url\":\"https:\\\/\\\/biolinecorp.ca\\\/wp-content\\\/uploads\\\/2019\\\/10\\\/Chemisty-1024x683.jpg\",\"contentUrl\":\"https:\\\/\\\/biolinecorp.ca\\\/wp-content\\\/uploads\\\/2019\\\/10\\\/Chemisty-1024x683.jpg\"},{\"@type\":\"BreadcrumbList\",\"@id\":\"https:\\\/\\\/biolinecorp.ca\\\/en_ca\\\/our-technology\\\/#breadcrumb\",\"itemListElement\":[{\"@type\":\"ListItem\",\"position\":1,\"name\":\"Home\",\"item\":\"https:\\\/\\\/biolinecorp.ca\\\/en_ca\\\/\"},{\"@type\":\"ListItem\",\"position\":2,\"name\":\"Our Technology\"}]},{\"@type\":\"WebSite\",\"@id\":\"https:\\\/\\\/biolinecorp.ca\\\/#website\",\"url\":\"https:\\\/\\\/biolinecorp.ca\\\/\",\"name\":\"BioLine Corporation\",\"description\":\"\",\"publisher\":{\"@id\":\"https:\\\/\\\/biolinecorp.ca\\\/#organization\"},\"potentialAction\":[{\"@type\":\"SearchAction\",\"target\":{\"@type\":\"EntryPoint\",\"urlTemplate\":\"https:\\\/\\\/biolinecorp.ca\\\/?s={search_term_string}\"},\"query-input\":{\"@type\":\"PropertyValueSpecification\",\"valueRequired\":true,\"valueName\":\"search_term_string\"}}],\"inLanguage\":\"fr-FR\"},{\"@type\":\"Organization\",\"@id\":\"https:\\\/\\\/biolinecorp.ca\\\/#organization\",\"name\":\"Bioline Corporation\",\"url\":\"https:\\\/\\\/biolinecorp.ca\\\/\",\"logo\":{\"@type\":\"ImageObject\",\"inLanguage\":\"fr-FR\",\"@id\":\"https:\\\/\\\/biolinecorp.ca\\\/#\\\/schema\\\/logo\\\/image\\\/\",\"url\":\"https:\\\/\\\/biolinecorp.ca\\\/wp-content\\\/uploads\\\/2018\\\/02\\\/Bioline_logo.png\",\"contentUrl\":\"https:\\\/\\\/biolinecorp.ca\\\/wp-content\\\/uploads\\\/2018\\\/02\\\/Bioline_logo.png\",\"width\":667,\"height\":181,\"caption\":\"Bioline Corporation\"},\"image\":{\"@id\":\"https:\\\/\\\/biolinecorp.ca\\\/#\\\/schema\\\/logo\\\/image\\\/\"},\"sameAs\":[\"https:\\\/\\\/www.facebook.com\\\/BiolineCorp\\\/\",\"https:\\\/\\\/x.com\\\/BiolineCorp\",\"https:\\\/\\\/www.linkedin.com\\\/company\\\/bioline-corp\\\/\",\"https:\\\/\\\/www.youtube.com\\\/channel\\\/UCpD4bbIdegjthmdriZ2SAow\"]}]}<\/script>\n<!-- \/ Yoast SEO Premium plugin. -->","yoast_head_json":{"title":"La technologie Biogenic Nutrient Accelerator\u2122 (BNA) de BioLiNE","description":"Vous souhaitez en savoir plus sur la technologie de BioLiNE et sur notre capacit\u00e9 \u00e0 prot\u00e9ger les cultures contre le stress abiotique ?","robots":{"index":"index","follow":"follow","max-snippet":"max-snippet:-1","max-image-preview":"max-image-preview:large","max-video-preview":"max-video-preview:-1"},"canonical":"https:\/\/biolinecorp.ca\/fr\/notre-technologie\/","og_locale":"fr_FR","og_type":"article","og_title":"BioLiNE's Biogenic Nutrient Accelerator\u2122 (BNA) Technology","og_description":"Want to learn more about BioLiNE's Technology? Our proven trace-record of armouring crops helps preserve the innate genetic yield potential of crops.","og_url":"https:\/\/biolinecorp.ca\/fr\/notre-technologie\/","article_publisher":"https:\/\/www.facebook.com\/BiolineCorp\/","article_modified_time":"2024-03-18T12:49:34+00:00","og_image":[{"width":7210,"height":4139,"url":"https:\/\/biolinecorp.ca\/wp-content\/uploads\/2019\/10\/corn-field.jpg","type":"image\/jpeg"}],"twitter_card":"summary_large_image","twitter_title":"BioLiNE's Biogenic Nutrient Accelerator\u2122 (BNA) Technology","twitter_description":"Want to learn more about BioLiNE's Technology? Our proven trace-record of armouring crops helps preserve the innate genetic yield potential of crops.","twitter_image":"https:\/\/biolinecorp.ca\/wp-content\/uploads\/2019\/10\/corn-field.jpg","twitter_site":"@BiolineCorp","twitter_misc":{"Dur\u00e9e de lecture estim\u00e9e":"2 minutes"},"schema":{"@context":"https:\/\/schema.org","@graph":[{"@type":"WebPage","@id":"https:\/\/biolinecorp.ca\/en_ca\/our-technology\/","url":"https:\/\/biolinecorp.ca\/en_ca\/our-technology\/","name":"La technologie Biogenic Nutrient Accelerator\u2122 (BNA) de BioLiNE","isPartOf":{"@id":"https:\/\/biolinecorp.ca\/#website"},"primaryImageOfPage":{"@id":"https:\/\/biolinecorp.ca\/en_ca\/our-technology\/#primaryimage"},"image":{"@id":"https:\/\/biolinecorp.ca\/en_ca\/our-technology\/#primaryimage"},"thumbnailUrl":"https:\/\/biolinecorp.ca\/wp-content\/uploads\/2019\/10\/Chemisty-1024x683.jpg","datePublished":"2019-10-30T16:08:32+00:00","dateModified":"2024-03-18T12:49:34+00:00","description":"Vous souhaitez en savoir plus sur la technologie de BioLiNE et sur notre capacit\u00e9 \u00e0 prot\u00e9ger les cultures contre le stress abiotique ?","breadcrumb":{"@id":"https:\/\/biolinecorp.ca\/en_ca\/our-technology\/#breadcrumb"},"inLanguage":"fr-FR","potentialAction":[{"@type":"ReadAction","target":["https:\/\/biolinecorp.ca\/en_ca\/our-technology\/"]}]},{"@type":"ImageObject","inLanguage":"fr-FR","@id":"https:\/\/biolinecorp.ca\/en_ca\/our-technology\/#primaryimage","url":"https:\/\/biolinecorp.ca\/wp-content\/uploads\/2019\/10\/Chemisty-1024x683.jpg","contentUrl":"https:\/\/biolinecorp.ca\/wp-content\/uploads\/2019\/10\/Chemisty-1024x683.jpg"},{"@type":"BreadcrumbList","@id":"https:\/\/biolinecorp.ca\/en_ca\/our-technology\/#breadcrumb","itemListElement":[{"@type":"ListItem","position":1,"name":"Home","item":"https:\/\/biolinecorp.ca\/en_ca\/"},{"@type":"ListItem","position":2,"name":"Our Technology"}]},{"@type":"WebSite","@id":"https:\/\/biolinecorp.ca\/#website","url":"https:\/\/biolinecorp.ca\/","name":"BioLine Corporation","description":"","publisher":{"@id":"https:\/\/biolinecorp.ca\/#organization"},"potentialAction":[{"@type":"SearchAction","target":{"@type":"EntryPoint","urlTemplate":"https:\/\/biolinecorp.ca\/?s={search_term_string}"},"query-input":{"@type":"PropertyValueSpecification","valueRequired":true,"valueName":"search_term_string"}}],"inLanguage":"fr-FR"},{"@type":"Organization","@id":"https:\/\/biolinecorp.ca\/#organization","name":"Bioline Corporation","url":"https:\/\/biolinecorp.ca\/","logo":{"@type":"ImageObject","inLanguage":"fr-FR","@id":"https:\/\/biolinecorp.ca\/#\/schema\/logo\/image\/","url":"https:\/\/biolinecorp.ca\/wp-content\/uploads\/2018\/02\/Bioline_logo.png","contentUrl":"https:\/\/biolinecorp.ca\/wp-content\/uploads\/2018\/02\/Bioline_logo.png","width":667,"height":181,"caption":"Bioline Corporation"},"image":{"@id":"https:\/\/biolinecorp.ca\/#\/schema\/logo\/image\/"},"sameAs":["https:\/\/www.facebook.com\/BiolineCorp\/","https:\/\/x.com\/BiolineCorp","https:\/\/www.linkedin.com\/company\/bioline-corp\/","https:\/\/www.youtube.com\/channel\/UCpD4bbIdegjthmdriZ2SAow"]}]}},"_links":{"self":[{"href":"https:\/\/biolinecorp.ca\/fr\/wp-json\/wp\/v2\/pages\/11154","targetHints":{"allow":["GET"]}}],"collection":[{"href":"https:\/\/biolinecorp.ca\/fr\/wp-json\/wp\/v2\/pages"}],"about":[{"href":"https:\/\/biolinecorp.ca\/fr\/wp-json\/wp\/v2\/types\/page"}],"author":[{"embeddable":true,"href":"https:\/\/biolinecorp.ca\/fr\/wp-json\/wp\/v2\/users\/2"}],"replies":[{"embeddable":true,"href":"https:\/\/biolinecorp.ca\/fr\/wp-json\/wp\/v2\/comments?post=11154"}],"version-history":[{"count":0,"href":"https:\/\/biolinecorp.ca\/fr\/wp-json\/wp\/v2\/pages\/11154\/revisions"}],"wp:attachment":[{"href":"https:\/\/biolinecorp.ca\/fr\/wp-json\/wp\/v2\/media?parent=11154"}],"curies":[{"name":"wp","href":"https:\/\/api.w.org\/{rel}","templated":true}]}}