{"id":8822,"date":"2018-02-14T12:06:30","date_gmt":"2018-02-14T17:06:30","guid":{"rendered":"http:\/\/bioline:8888\/?page_id=8822"},"modified":"2025-04-28T13:55:17","modified_gmt":"2025-04-28T17:55:17","slug":"footer-custom","status":"publish","type":"page","link":"https:\/\/biolinecorp.ca\/es\/pie-de-pagina-personalizado-2\/","title":{"rendered":"Pie de p\u00e1gina personalizado"},"content":{"rendered":"<section class=\"w-section w-text-light l-padding w-parallax\" style=\"background-color:#222222\">\n<div class=\"section-background\"><div class=\"bg-wrapper bg-image\" style=\"background-image:url(https:\/\/biolinecorp.ca\/wp-content\/uploads\/2018\/04\/GettyImages-160767936-optimized.jpg);background-size:cover;background-position:center center\"><\/div><div class=\"bg-overlay\" style=\"background-color:rgba(34,34,34,0.9)\"><\/div><\/div><div class=\"row\"><div class=\"col col-12\">\n    <div class=\"col-inner\"><div class=\"w-text-block\">\n    <p><a name=\"footer\"><\/a><\/p>\n<\/div><div class=\"row\">\n    <div class=\"col col-3\">\n    <div class=\"col-inner\"><div class=\"w-heading heading-9 text-left\">\n    <div class=\"w-wrapper\">\n                 \n        <h2>           \n            <span>Para m\u00e1s informaci\u00f3n<\/span>        <\/h2>\n                    <\/div>\n<\/div><div class=\"w-space\" style=\"height:5px\"><\/div>\n<div class=\"wpcf7 no-js\" id=\"wpcf7-f8824-o1\" lang=\"en-US\" dir=\"ltr\" data-wpcf7-id=\"8824\">\n<div class=\"screen-reader-response\"><p role=\"status\" aria-live=\"polite\" aria-atomic=\"true\"><\/p> <ul><\/ul><\/div>\n<form action=\"\/es\/wp-json\/wp\/v2\/pages\/8822#wpcf7-f8824-o1\" method=\"post\" class=\"wpcf7-form init\" aria-label=\"Formulario de contacto\" novalidate=\"novalidate\" data-status=\"init\" data-trp-original-action=\"\/es\/wp-json\/wp\/v2\/pages\/8822#wpcf7-f8824-o1\">\n<fieldset class=\"hidden-fields-container\"><input type=\"hidden\" name=\"_wpcf7\" value=\"8824\" \/><input type=\"hidden\" name=\"_wpcf7_version\" value=\"6.1.5\" \/><input type=\"hidden\" name=\"_wpcf7_locale\" value=\"en_US\" \/><input type=\"hidden\" name=\"_wpcf7_unit_tag\" value=\"wpcf7-f8824-o1\" \/><input type=\"hidden\" name=\"_wpcf7_container_post\" value=\"0\" \/><input type=\"hidden\" name=\"_wpcf7_posted_data_hash\" value=\"\" \/>\n<\/fieldset>\n<p><span class=\"wpcf7-form-control-wrap\" data-name=\"your-name\"><input size=\"40\" maxlength=\"400\" class=\"wpcf7-form-control wpcf7-text wpcf7-validates-as-required\" aria-required=\"true\" aria-invalid=\"false\" placeholder=\"Nombre *\" value=\"\" type=\"text\" name=\"your-name\" \/><\/span>\n<\/p>\n<p><span class=\"wpcf7-form-control-wrap\" data-name=\"your-company\"><input size=\"40\" maxlength=\"400\" class=\"wpcf7-form-control wpcf7-text wpcf7-validates-as-required\" aria-required=\"true\" aria-invalid=\"false\" placeholder=\"Empresa *\" value=\"\" type=\"text\" name=\"your-company\" \/><\/span>\n<\/p>\n<p><span id=\"wpcf7-69d6f37cc24f6-wrapper\" class=\"wpcf7-form-control-wrap BioLiNE19-wrap\" ><label for=\"wpcf7-69d6f37cc24f6-field\" class=\"hp-message\">Por favor, deje este campo vac\u00edo.<\/label><input id=\"wpcf7-69d6f37cc24f6-field\"  class=\"wpcf7-form-control wpcf7-text\" type=\"text\" name=\"BioLiNE19\" value=\"\" size=\"40\" tabindex=\"-1\" autocomplete=\"new-password\" \/><\/span>\n<\/p>\n<p><span class=\"wpcf7-form-control-wrap\" data-name=\"your-email\"><input size=\"40\" maxlength=\"400\" class=\"wpcf7-form-control wpcf7-email wpcf7-validates-as-required wpcf7-text wpcf7-validates-as-email\" aria-required=\"true\" aria-invalid=\"false\" placeholder=\"Correo electr\u00f3nico *\" value=\"\" type=\"email\" name=\"your-email\" \/><\/span>\n<\/p>\n<p><span class=\"wpcf7-form-control-wrap\" data-name=\"your-tel\"><input size=\"40\" maxlength=\"400\" class=\"wpcf7-form-control wpcf7-tel wpcf7-text wpcf7-validates-as-tel\" aria-invalid=\"false\" placeholder=\"Tel\u00e9fono\" value=\"\" type=\"tel\" name=\"your-tel\" \/><\/span>\n<\/p>\n<p><span class=\"wpcf7-form-control-wrap\" data-name=\"your-message\"><textarea cols=\"40\" rows=\"10\" maxlength=\"2000\" class=\"wpcf7-form-control wpcf7-textarea\" aria-invalid=\"false\" placeholder=\"Mensaje\/Comentarios *\" name=\"your-message\"><\/textarea><\/span>\n<\/p>\n<p><input type=\"submit\" value=\"Env\u00ede su mensaje\" \/>\n<\/p><p style=\"display: none !important;\" class=\"akismet-fields-container\" data-prefix=\"_wpcf7_ak_\"><label>&#916;<textarea name=\"_wpcf7_ak_hp_textarea\" cols=\"45\" rows=\"8\" maxlength=\"100\"><\/textarea><\/label><input type=\"hidden\" id=\"ak_js_1\" name=\"_wpcf7_ak_js\" value=\"95\"\/><script>document.getElementById( \"ak_js_1\" ).setAttribute( \"value\", ( new Date() ).getTime() );<\/script><\/p><div class=\"wpcf7-response-output\" aria-hidden=\"true\"><\/div>\n<input type=\"hidden\" name=\"trp-form-language\" value=\"es\"\/><\/form>\n<\/div>\n<\/div><\/div><div class=\"col col-3\">\n    <div class=\"col-inner\"><div class=\"w-heading heading-9 text-left\">\n    <div class=\"w-wrapper\">\n                 \n        <h2>           \n            <span>Inscripci\u00f3n en el bolet\u00edn de noticias<\/span>        <\/h2>\n                    <\/div>\n<\/div><div class=\"w-space\" style=\"height:5px\"><\/div><div class=\"w-text-block\">\n    <script>(function() {\n\twindow.mc4wp = window.mc4wp || {\n\t\tlisteners: [],\n\t\tforms: {\n\t\t\ton: function(evt, cb) {\n\t\t\t\twindow.mc4wp.listeners.push(\n\t\t\t\t\t{\n\t\t\t\t\t\tevent   : evt,\n\t\t\t\t\t\tcallback: cb\n\t\t\t\t\t}\n\t\t\t\t);\n\t\t\t}\n\t\t}\n\t}\n})();\n<\/script><!-- Mailchimp for WordPress v4.10.8 - https:\/\/wordpress.org\/plugins\/mailchimp-for-wp\/ --><form id=\"mc4wp-form-1\" class=\"mc4wp-form mc4wp-form-9002\" method=\"post\" data-id=\"9002\" data-name=\"Newsletter Signup\" action=\"\" ><div class=\"mc4wp-form-fields\"><p>\r\n    <label>Nombre:* <\/label>\r\n    <input type=\"text\" name=\"FNAME\" placeholder=\"Su nombre de pila\"\r\n    required=\"\">\r\n<\/p>\r\n\r\n<p>\r\n    <label>Apellido:* <\/label>\r\n    <input type=\"text\" name=\"LNAME\" placeholder=\"Su apellido\"\r\n    required=\"\">\r\n<\/p>\r\n\r\n\r\n<p>\r\n\t<label>Direcci\u00f3n de correo electr\u00f3nico:* <\/label>\r\n\t<input type=\"email\" name=\"EMAIL\" placeholder=\"Su direcci\u00f3n de correo electr\u00f3nico\" required \/>\r\n<\/p>\r\n\r\n<p>\r\n\t<input type=\"submit\" value=\"Inscr\u00edbete\" \/>\r\n<\/p><\/div><label style=\"display: none !important;\">Deje este campo vac\u00edo si es humano: <input type=\"text\" name=\"_mc4wp_honeypot\" value=\"\" tabindex=\"-1\" autocomplete=\"off\" \/><\/label><input type=\"hidden\" name=\"_mc4wp_timestamp\" value=\"1775694716\" \/><input type=\"hidden\" name=\"_mc4wp_form_id\" value=\"9002\" \/><input type=\"hidden\" name=\"_mc4wp_form_element_id\" value=\"mc4wp-form-1\" \/><div class=\"mc4wp-response\"><\/div><input type=\"hidden\" name=\"trp-form-language\" value=\"es\"\/><\/form><!-- \/ Mailchimp for WordPress Plugin -->\n<\/div><\/div><\/div><div class=\"col col-3\">\n    <div class=\"col-inner\"><div class=\"w-heading heading-9 text-left\">\n    <div class=\"w-wrapper\">\n                 \n        <h2>           \n            <span>M\u00e1s informaci\u00f3n<\/span>        <\/h2>\n                    <\/div>\n<\/div><div class=\"w-space\" style=\"height:5px\"><\/div><div class=\"w-text-block\">\n    <ul>\n<li><a href=\"https:\/\/biolinecorp.ca\/es\/sobre-nosotros\/\">Qui\u00e9nes somos<\/a><\/li>\n<li><a href=\"https:\/\/biolinecorp.ca\/es\/nuestra-tecnologia\/\">Nuestra tecnolog\u00eda<\/a><\/li>\n<li><a href=\"https:\/\/biolinecorp.ca\/es\/nuestros-productos\/\">Productos<\/a><\/li>\n<li><a href=\"https:\/\/biolinecorp.ca\/es\/resultados-del-ensayo\/\">Resultados de los ensayos<\/a><\/li>\n<li><a href=\"https:\/\/biolinecorp.ca\/es\/contacto-con-nosotros-2\/\">Contacto<\/a><\/li>\n<li><a href=\"https:\/\/biolinecorp.ca\/es\/plan-de-accesibilidad\/\">Accesibilidad<\/a><\/li>\n<\/ul>\n<\/div><\/div><\/div><div class=\"col col-3\">\n    <div class=\"col-inner\"><div class=\"w-heading heading-9 text-left\">\n    <div class=\"w-wrapper\">\n                 \n        <h2>           \n            <span>Contacto<\/span>        <\/h2>\n                    <\/div>\n<\/div><div class=\"w-space\" style=\"height:5px\"><\/div><div class=\"w-text-block\">\n    <p>Bioline Corporation,<br \/>\n3971 Old Walnut Rd.,<br \/>\nApartado de correos 429,<br \/>\nAlvinston, ON,<br \/>\nN0N-1A0<\/p>\n<p>Tel\u00e9fono: 519-847-5747<br \/>\nCorreo electr\u00f3nico: <a href=\"mailto:info@biolinecorp.ca\">info@biolinecorp.ca<\/a><\/p>\n<\/div><\/div><\/div><\/div><\/div><\/div><\/div><\/section>","protected":false},"excerpt":{"rendered":"Para m\u00e1s informaci\u00f3n Por favor, deje este campo vac\u00edo. \u0394document.getElementById( \"ak_js_2\" ).setAttribute( \"value\", ( new Date() ).getTime() ); Newsletter Sign-up (function() { window.mc4wp = window.mc4wp | { listeners: [], forms: { on: function(evt, cb) { window.mc4wp.listeners.push( { evento : evt, callback: cb } ); } } } })(); Nombre:* Apellidos:* Direcci\u00f3n de correo electr\u00f3nico:* Deje este [...]","protected":false},"author":1,"featured_media":0,"parent":0,"menu_order":26,"comment_status":"closed","ping_status":"closed","template":"","meta":{"_monsterinsights_skip_tracking":false,"_monsterinsights_sitenote_active":false,"_monsterinsights_sitenote_note":"","_monsterinsights_sitenote_category":0,"footnotes":""},"class_list":["post-8822","page","type-page","status-publish","hentry"],"yoast_head":"<!-- This site is optimized with the Yoast SEO Premium plugin v26.4 (Yoast SEO v26.4) - https:\/\/yoast.com\/wordpress\/plugins\/seo\/ -->\n<title>Want to learn more about our products?<\/title>\n<meta name=\"robots\" content=\"index, follow, max-snippet:-1, max-image-preview:large, max-video-preview:-1\" \/>\n<link rel=\"canonical\" href=\"https:\/\/biolinecorp.ca\/es\/pie-de-pagina-personalizado-2\/\" \/>\n<meta property=\"og:locale\" content=\"es_MX\" \/>\n<meta property=\"og:type\" content=\"article\" \/>\n<meta property=\"og:title\" content=\"Footer Custom\" \/>\n<meta property=\"og:url\" content=\"https:\/\/biolinecorp.ca\/es\/pie-de-pagina-personalizado-2\/\" \/>\n<meta property=\"article:publisher\" content=\"https:\/\/www.facebook.com\/BiolineCorp\/\" \/>\n<meta property=\"article:modified_time\" content=\"2025-04-28T17:55:17+00:00\" \/>\n<meta name=\"twitter:card\" content=\"summary_large_image\" \/>\n<meta name=\"twitter:site\" content=\"@BiolineCorp\" \/>\n<meta name=\"twitter:label1\" content=\"Tiempo de lectura\" \/>\n\t<meta name=\"twitter:data1\" content=\"1 minuto\" \/>\n<script type=\"application\/ld+json\" class=\"yoast-schema-graph\">{\"@context\":\"https:\/\/schema.org\",\"@graph\":[{\"@type\":\"WebPage\",\"@id\":\"https:\/\/biolinecorp.ca\/en_ca\/footer-custom\/\",\"url\":\"https:\/\/biolinecorp.ca\/en_ca\/footer-custom\/\",\"name\":\"Want to learn more about our products?\",\"isPartOf\":{\"@id\":\"https:\/\/biolinecorp.ca\/#website\"},\"datePublished\":\"2018-02-14T17:06:30+00:00\",\"dateModified\":\"2025-04-28T17:55:17+00:00\",\"breadcrumb\":{\"@id\":\"https:\/\/biolinecorp.ca\/en_ca\/footer-custom\/#breadcrumb\"},\"inLanguage\":\"es\",\"potentialAction\":[{\"@type\":\"ReadAction\",\"target\":[\"https:\/\/biolinecorp.ca\/en_ca\/footer-custom\/\"]}]},{\"@type\":\"BreadcrumbList\",\"@id\":\"https:\/\/biolinecorp.ca\/en_ca\/footer-custom\/#breadcrumb\",\"itemListElement\":[{\"@type\":\"ListItem\",\"position\":1,\"name\":\"Home\",\"item\":\"https:\/\/biolinecorp.ca\/en_ca\/\"},{\"@type\":\"ListItem\",\"position\":2,\"name\":\"Footer Custom\"}]},{\"@type\":\"WebSite\",\"@id\":\"https:\/\/biolinecorp.ca\/#website\",\"url\":\"https:\/\/biolinecorp.ca\/\",\"name\":\"BioLine Corporation\",\"description\":\"\",\"publisher\":{\"@id\":\"https:\/\/biolinecorp.ca\/#organization\"},\"potentialAction\":[{\"@type\":\"SearchAction\",\"target\":{\"@type\":\"EntryPoint\",\"urlTemplate\":\"https:\/\/biolinecorp.ca\/?s={search_term_string}\"},\"query-input\":{\"@type\":\"PropertyValueSpecification\",\"valueRequired\":true,\"valueName\":\"search_term_string\"}}],\"inLanguage\":\"es\"},{\"@type\":\"Organization\",\"@id\":\"https:\/\/biolinecorp.ca\/#organization\",\"name\":\"Bioline Corporation\",\"url\":\"https:\/\/biolinecorp.ca\/\",\"logo\":{\"@type\":\"ImageObject\",\"inLanguage\":\"es\",\"@id\":\"https:\/\/biolinecorp.ca\/#\/schema\/logo\/image\/\",\"url\":\"https:\/\/biolinecorp.ca\/wp-content\/uploads\/2018\/02\/Bioline_logo.png\",\"contentUrl\":\"https:\/\/biolinecorp.ca\/wp-content\/uploads\/2018\/02\/Bioline_logo.png\",\"width\":667,\"height\":181,\"caption\":\"Bioline Corporation\"},\"image\":{\"@id\":\"https:\/\/biolinecorp.ca\/#\/schema\/logo\/image\/\"},\"sameAs\":[\"https:\/\/www.facebook.com\/BiolineCorp\/\",\"https:\/\/x.com\/BiolineCorp\",\"https:\/\/www.linkedin.com\/company\/bioline-corp\/\",\"https:\/\/www.youtube.com\/channel\/UCpD4bbIdegjthmdriZ2SAow\"]}]}<\/script>\n<!-- \/ Yoast SEO Premium plugin. -->","yoast_head_json":{"title":"\u00bfQuiere saber m\u00e1s sobre nuestros productos?","robots":{"index":"index","follow":"follow","max-snippet":"max-snippet:-1","max-image-preview":"max-image-preview:large","max-video-preview":"max-video-preview:-1"},"canonical":"https:\/\/biolinecorp.ca\/es\/pie-de-pagina-personalizado-2\/","og_locale":"es_MX","og_type":"article","og_title":"Footer Custom","og_url":"https:\/\/biolinecorp.ca\/es\/pie-de-pagina-personalizado-2\/","article_publisher":"https:\/\/www.facebook.com\/BiolineCorp\/","article_modified_time":"2025-04-28T17:55:17+00:00","twitter_card":"summary_large_image","twitter_site":"@BiolineCorp","twitter_misc":{"Tiempo de lectura":"1 minuto"},"schema":{"@context":"https:\/\/schema.org","@graph":[{"@type":"WebPage","@id":"https:\/\/biolinecorp.ca\/en_ca\/footer-custom\/","url":"https:\/\/biolinecorp.ca\/en_ca\/footer-custom\/","name":"\u00bfQuiere saber m\u00e1s sobre nuestros productos?","isPartOf":{"@id":"https:\/\/biolinecorp.ca\/#website"},"datePublished":"2018-02-14T17:06:30+00:00","dateModified":"2025-04-28T17:55:17+00:00","breadcrumb":{"@id":"https:\/\/biolinecorp.ca\/en_ca\/footer-custom\/#breadcrumb"},"inLanguage":"es","potentialAction":[{"@type":"ReadAction","target":["https:\/\/biolinecorp.ca\/en_ca\/footer-custom\/"]}]},{"@type":"BreadcrumbList","@id":"https:\/\/biolinecorp.ca\/en_ca\/footer-custom\/#breadcrumb","itemListElement":[{"@type":"ListItem","position":1,"name":"Home","item":"https:\/\/biolinecorp.ca\/en_ca\/"},{"@type":"ListItem","position":2,"name":"Footer Custom"}]},{"@type":"WebSite","@id":"https:\/\/biolinecorp.ca\/#website","url":"https:\/\/biolinecorp.ca\/","name":"Corporaci\u00f3n BioLine","description":"","publisher":{"@id":"https:\/\/biolinecorp.ca\/#organization"},"potentialAction":[{"@type":"SearchAction","target":{"@type":"EntryPoint","urlTemplate":"https:\/\/biolinecorp.ca\/?s={search_term_string}"},"query-input":{"@type":"PropertyValueSpecification","valueRequired":true,"valueName":"search_term_string"}}],"inLanguage":"es"},{"@type":"Organization","@id":"https:\/\/biolinecorp.ca\/#organization","name":"Corporaci\u00f3n Bioline","url":"https:\/\/biolinecorp.ca\/","logo":{"@type":"ImageObject","inLanguage":"es","@id":"https:\/\/biolinecorp.ca\/#\/schema\/logo\/image\/","url":"https:\/\/biolinecorp.ca\/wp-content\/uploads\/2018\/02\/Bioline_logo.png","contentUrl":"https:\/\/biolinecorp.ca\/wp-content\/uploads\/2018\/02\/Bioline_logo.png","width":667,"height":181,"caption":"Bioline Corporation"},"image":{"@id":"https:\/\/biolinecorp.ca\/#\/schema\/logo\/image\/"},"sameAs":["https:\/\/www.facebook.com\/BiolineCorp\/","https:\/\/x.com\/BiolineCorp","https:\/\/www.linkedin.com\/company\/bioline-corp\/","https:\/\/www.youtube.com\/channel\/UCpD4bbIdegjthmdriZ2SAow"]}]}},"_links":{"self":[{"href":"https:\/\/biolinecorp.ca\/es\/wp-json\/wp\/v2\/pages\/8822","targetHints":{"allow":["GET"]}}],"collection":[{"href":"https:\/\/biolinecorp.ca\/es\/wp-json\/wp\/v2\/pages"}],"about":[{"href":"https:\/\/biolinecorp.ca\/es\/wp-json\/wp\/v2\/types\/page"}],"author":[{"embeddable":true,"href":"https:\/\/biolinecorp.ca\/es\/wp-json\/wp\/v2\/users\/1"}],"replies":[{"embeddable":true,"href":"https:\/\/biolinecorp.ca\/es\/wp-json\/wp\/v2\/comments?post=8822"}],"version-history":[{"count":0,"href":"https:\/\/biolinecorp.ca\/es\/wp-json\/wp\/v2\/pages\/8822\/revisions"}],"wp:attachment":[{"href":"https:\/\/biolinecorp.ca\/es\/wp-json\/wp\/v2\/media?parent=8822"}],"curies":[{"name":"wp","href":"https:\/\/api.w.org\/{rel}","templated":true}]}}