{"id":25235,"date":"2022-03-03T10:19:15","date_gmt":"2022-03-03T15:19:15","guid":{"rendered":"https:\/\/biolinecorp.ca\/?page_id=25235"},"modified":"2023-09-13T14:51:55","modified_gmt":"2023-09-13T18:51:55","slug":"cucurbits","status":"publish","type":"page","link":"https:\/\/biolinecorp.ca\/es\/cucurbitaceas\/","title":{"rendered":"Cucurbit\u00e1ceas"},"content":{"rendered":"<div style=\"height:50px\" aria-hidden=\"true\" class=\"wp-block-spacer\"><\/div>\n\n\n\n<h3 class=\"wp-block-heading\" id=\"h-how-does-bioline-nbsp-help-cucurbit-production\">\u00bfC\u00f3mo funciona BioLiNE<strong><sup>\u00ae<\/sup><\/strong>&nbsp;\u00bfAyudar a la producci\u00f3n de cucurbit\u00e1ceas?<\/h3>\n\n\n\n<h5 class=\"wp-block-heading\" id=\"h-melons-squash-pumpkin-cucumber-zucchini-marrows-and-gourds\">(Melones, calabazas, calabacines, calabacines, calabazas y calabazas)<\/h5>\n\n\n\n<div style=\"height:25px\" aria-hidden=\"true\" class=\"wp-block-spacer\"><\/div>\n\n\n\n<div class=\"wp-block-columns is-layout-flex wp-container-core-columns-is-layout-9d6595d7 wp-block-columns-is-layout-flex\">\n<div class=\"wp-block-column is-layout-flow wp-block-column-is-layout-flow\" style=\"flex-basis:66.66%\">\n<p>BioLiNE <a href=\"https:\/\/biolinecorp.ca\/es\/nuestros-productos\/\">productos<\/a> son los \"transportistas\" de nutrientes y minerales que mitigan los problemas de transporte y desequilibrio de nutrientes. Lo hacen intercambiando continuamente nutrientes en la soluci\u00f3n del suelo, entre los microbios, las part\u00edculas del suelo y las ra\u00edces de las plantas, asegurando que los nutrientes que la planta necesita lleguen a las ra\u00edces y se transporten f\u00e1cilmente a la planta. Nuestro <a href=\"https:\/\/biolinecorp.ca\/es\/nuestra-tecnologia\/\" target=\"_blank\" rel=\"noreferrer noopener\">tecnolog\u00eda<\/a> es una herramienta eficaz de gesti\u00f3n de los cultivos. Aplicaci\u00f3n de BioLiNE<strong><sup>\u00ae<\/sup><\/strong>\u00a0ayuda a evitar el bloqueo de nutrientes para garantizar que \u00e9stos est\u00e9n disponibles cuando las necesidades son elevadas. Esto se traduce en una mayor producci\u00f3n y tama\u00f1o de los frutos para ayudar a maximizar el rendimiento comercializable.<\/p>\n<\/div>\n\n\n\n<div class=\"wp-block-column is-vertically-aligned-center is-layout-flow wp-block-column-is-layout-flow\" style=\"flex-basis:33.33%\">\n<div class=\"wp-block-buttons is-content-justification-center is-layout-flex wp-container-core-buttons-is-layout-16018d1d wp-block-buttons-is-layout-flex\">\n<div class=\"wp-block-button aligncenter\"><a class=\"wp-block-button__link wp-element-button\" href=\"https:\/\/biolinecorp.ca\/wp-content\/uploads\/2022\/05\/20220504-Cucurbit-Handout-V1.pdf\" target=\"_blank\" rel=\"noreferrer noopener\">Folleto sobre cucurbit\u00e1ceas y melones<\/a><\/div>\n<\/div>\n\n\n\n<div style=\"height:10px\" aria-hidden=\"true\" class=\"wp-block-spacer\"><\/div>\n\n\n\n<div class=\"wp-block-buttons is-layout-flex wp-block-buttons-is-layout-flex\">\n<div class=\"wp-block-button aligncenter\"><a class=\"wp-block-button__link wp-element-button\" href=\"https:\/\/biolinecorp.ca\/wp-content\/uploads\/2022\/05\/20220504-Watermelon-Handout-V1.pdf\" target=\"_blank\" rel=\"noreferrer noopener\">Hoja informativa sobre la sand\u00eda<\/a><\/div>\n<\/div>\n<\/div>\n<\/div>\n\n\n\n<div style=\"height:50px\" aria-hidden=\"true\" class=\"wp-block-spacer\"><\/div>\n\n\n<div class=\"w-heading heading-9 text-left\">\n    <div class=\"w-wrapper\">\n                 \n        <h2>           \n            <span>Resultados de los ensayos<\/span>        <\/h2>\n                    <\/div>\n<\/div>\n\n\n\n<div style=\"height:25px\" aria-hidden=\"true\" class=\"wp-block-spacer\"><\/div>\n\n\n\n<h3 class=\"wp-block-heading has-large-font-size\" id=\"h-2019-beem-agro-sciences-trial\">Ensayo de Beem-Agro Sciences 2019<\/h3>\n\n\n\n<div style=\"height:25px\" aria-hidden=\"true\" class=\"wp-block-spacer\"><\/div>\n\n\n\n<div class=\"wp-block-columns is-layout-flex wp-container-core-columns-is-layout-9d6595d7 wp-block-columns-is-layout-flex\">\n<div class=\"wp-block-column is-layout-flow wp-block-column-is-layout-flow\">\n<figure class=\"wp-block-image size-large is-style-default\"><img decoding=\"async\" width=\"1024\" height=\"712\" src=\"https:\/\/biolinecorp.ca\/wp-content\/uploads\/2022\/03\/Melons-1.png-1024x712.jpg\" alt=\"\" class=\"wp-image-25414\" srcset=\"https:\/\/biolinecorp.ca\/wp-content\/uploads\/2022\/03\/Melons-1.png-1024x712.jpg 1024w, https:\/\/biolinecorp.ca\/wp-content\/uploads\/2022\/03\/Melons-1.png-600x417.jpg 600w, https:\/\/biolinecorp.ca\/wp-content\/uploads\/2022\/03\/Melons-1.png-768x534.jpg 768w, https:\/\/biolinecorp.ca\/wp-content\/uploads\/2022\/03\/Melons-1.png-1536x1068.jpg 1536w, https:\/\/biolinecorp.ca\/wp-content\/uploads\/2022\/03\/Melons-1.png-640x445.jpg 640w, https:\/\/biolinecorp.ca\/wp-content\/uploads\/2022\/03\/Melons-1.png-1280x890.jpg 1280w, https:\/\/biolinecorp.ca\/wp-content\/uploads\/2022\/03\/Melons-1.png.jpg 1873w\" sizes=\"(max-width: 1024px) 100vw, 1024px\" \/><figcaption class=\"wp-element-caption\">Los melones Ambrosia tratados con 3 aplicaciones foliares de BioLiNE Gold dieron lugar a un aumento del rendimiento de 30,1%, de 226 a 296 lbs\/500 sqft. <\/figcaption><\/figure>\n<\/div>\n\n\n\n<div class=\"wp-block-column is-layout-flow wp-block-column-is-layout-flow\">\n<figure class=\"wp-block-image size-large is-style-default\"><img decoding=\"async\" width=\"1024\" height=\"714\" src=\"https:\/\/biolinecorp.ca\/wp-content\/uploads\/2022\/03\/Melons-2-1-1024x714.png\" alt=\"\" class=\"wp-image-25413\" srcset=\"https:\/\/biolinecorp.ca\/wp-content\/uploads\/2022\/03\/Melons-2-1-1024x714.png 1024w, https:\/\/biolinecorp.ca\/wp-content\/uploads\/2022\/03\/Melons-2-1-600x418.png 600w, https:\/\/biolinecorp.ca\/wp-content\/uploads\/2022\/03\/Melons-2-1-768x535.png 768w, https:\/\/biolinecorp.ca\/wp-content\/uploads\/2022\/03\/Melons-2-1-1536x1071.png 1536w, https:\/\/biolinecorp.ca\/wp-content\/uploads\/2022\/03\/Melons-2-1-640x446.png 640w, https:\/\/biolinecorp.ca\/wp-content\/uploads\/2022\/03\/Melons-2-1-1280x892.png 1280w, https:\/\/biolinecorp.ca\/wp-content\/uploads\/2022\/03\/Melons-2-1.png 1863w\" sizes=\"(max-width: 1024px) 100vw, 1024px\" \/><figcaption class=\"wp-element-caption\">Los melones Ambrosia tratados con 3 aplicaciones foliares de BioLiNE Gold dieron lugar a un aumento del rendimiento de 30,1%, de 9,84 a 12,80 toneladas\/acre.<\/figcaption><\/figure>\n<\/div>\n<\/div>\n\n\n\n<div style=\"height:10px\" aria-hidden=\"true\" class=\"wp-block-spacer\"><\/div>\n\n\n\n<hr class=\"wp-block-separator has-css-opacity\"\/>\n\n\n\n<div style=\"height:50px\" aria-hidden=\"true\" class=\"wp-block-spacer\"><\/div>\n\n\n\n<h3 class=\"wp-block-heading has-large-font-size\" id=\"h-other-trials\">Otros ensayos<\/h3>\n\n\n\n<p style=\"font-size:18px\"><strong>Calabac\u00edn (Variedad: D00656) Ensayo de Beem Agro-Sciences (California) 2019:<\/strong> 9,7% de aumento del n\u00famero medio de frutos por parcela y 4,8% de aumento del peso total de los frutos por parcela<\/p>\n\n\n\n<p style=\"font-size:18px\"><strong>Calabaza amarilla (variedad: A02121)<\/strong> <strong>Ensayo de Beem Agro-Sciences (California) 2019:<\/strong> Aumento de 7,4% en el peso total de los frutos, de 55,4 a 59,5, y aumento de 13% en el recuento medio de semillas\/frutos marcados<\/p>\n\n\n\n<p style=\"font-size:18px\"><strong>Cantaloupe<\/strong> <strong>Ensayo de Beem Agro-Sciences (California) 2019:<\/strong> 5,5% de aumento en el recuento total de frutas y 9,5% de aumento en el recuento de frutos grandes<\/p>\n\n\n\n<head><!-- Global site tag (gtag.js) - Google Ads: 781808697 --> <script async src=\"https:\/\/www.googletagmanager.com\/gtag\/js?id=AW-781808697\"><\/script> <script> window.dataLayer = window.dataLayer || []; function gtag(){dataLayer.push(arguments);} gtag('js', new Date()); gtag('config', 'AW-781808697'); gtag('config', 'AW-781808697');<\/script> <\/head>","protected":false},"excerpt":{"rendered":"<p>How Does BioLiNE\u00ae&nbsp;Help Cucurbit Production? (Melons, squash, pumpkin, cucumber, zucchini, marrows, and gourds) BioLiNE products are the \u201ctruckers\u201d of nutrients and minerals which mitigate issues of transport and nutrient imbalance. They do this by continually exchanging nutrients in the soil solution, between microbes, soil particles, and plant roots, ensuring the nutrients the plant needs are [&hellip;]<\/p>\n","protected":false},"author":2,"featured_media":0,"parent":0,"menu_order":3,"comment_status":"closed","ping_status":"closed","template":"","meta":{"_monsterinsights_skip_tracking":false,"_monsterinsights_sitenote_active":false,"_monsterinsights_sitenote_note":"","_monsterinsights_sitenote_category":0,"footnotes":""},"class_list":["post-25235","page","type-page","status-publish","hentry"],"yoast_head":"<!-- This site is optimized with the Yoast SEO Premium plugin v27.3 (Yoast SEO v27.3) - https:\/\/yoast.com\/product\/yoast-seo-premium-wordpress\/ -->\n<title>Cucurbits -<\/title>\n<meta name=\"description\" content=\"BioLiNE\u00ae\u00a0products helps prevent nutrient lockup to ensure nutrients are available, resulting in increased fruit production and size.\" \/>\n<meta name=\"robots\" content=\"index, follow, max-snippet:-1, max-image-preview:large, max-video-preview:-1\" \/>\n<link rel=\"canonical\" href=\"https:\/\/biolinecorp.ca\/es\/cucurbitaceas\/\" \/>\n<meta property=\"og:locale\" content=\"es_MX\" \/>\n<meta property=\"og:type\" content=\"article\" \/>\n<meta property=\"og:title\" content=\"Cucurbits\" \/>\n<meta property=\"og:description\" content=\"BioLiNE\u00ae\u00a0products helps prevent nutrient lockup to ensure nutrients are available, resulting in increased fruit production and size.\" \/>\n<meta property=\"og:url\" content=\"https:\/\/biolinecorp.ca\/es\/cucurbitaceas\/\" \/>\n<meta property=\"article:publisher\" content=\"https:\/\/www.facebook.com\/BiolineCorp\/\" \/>\n<meta property=\"article:modified_time\" content=\"2023-09-13T18:51:55+00:00\" \/>\n<meta property=\"og:image\" content=\"https:\/\/biolinecorp.ca\/wp-content\/uploads\/2022\/03\/Melons-1.png-1024x712.jpg\" \/>\n<meta name=\"twitter:card\" content=\"summary_large_image\" \/>\n<meta name=\"twitter:site\" content=\"@BiolineCorp\" \/>\n<meta name=\"twitter:label1\" content=\"Tiempo de lectura\" \/>\n\t<meta name=\"twitter:data1\" content=\"2 minutos\" \/>\n<script type=\"application\/ld+json\" class=\"yoast-schema-graph\">{\"@context\":\"https:\\\/\\\/schema.org\",\"@graph\":[{\"@type\":\"WebPage\",\"@id\":\"https:\\\/\\\/biolinecorp.ca\\\/en_ca\\\/cucurbits\\\/\",\"url\":\"https:\\\/\\\/biolinecorp.ca\\\/en_ca\\\/cucurbits\\\/\",\"name\":\"Cucurbits -\",\"isPartOf\":{\"@id\":\"https:\\\/\\\/biolinecorp.ca\\\/#website\"},\"primaryImageOfPage\":{\"@id\":\"https:\\\/\\\/biolinecorp.ca\\\/en_ca\\\/cucurbits\\\/#primaryimage\"},\"image\":{\"@id\":\"https:\\\/\\\/biolinecorp.ca\\\/en_ca\\\/cucurbits\\\/#primaryimage\"},\"thumbnailUrl\":\"https:\\\/\\\/biolinecorp.ca\\\/wp-content\\\/uploads\\\/2022\\\/03\\\/Melons-1.png-1024x712.jpg\",\"datePublished\":\"2022-03-03T15:19:15+00:00\",\"dateModified\":\"2023-09-13T18:51:55+00:00\",\"description\":\"BioLiNE\u00ae\u00a0products helps prevent nutrient lockup to ensure nutrients are available, resulting in increased fruit production and size.\",\"breadcrumb\":{\"@id\":\"https:\\\/\\\/biolinecorp.ca\\\/en_ca\\\/cucurbits\\\/#breadcrumb\"},\"inLanguage\":\"es\",\"potentialAction\":[{\"@type\":\"ReadAction\",\"target\":[\"https:\\\/\\\/biolinecorp.ca\\\/en_ca\\\/cucurbits\\\/\"]}]},{\"@type\":\"ImageObject\",\"inLanguage\":\"es\",\"@id\":\"https:\\\/\\\/biolinecorp.ca\\\/en_ca\\\/cucurbits\\\/#primaryimage\",\"url\":\"https:\\\/\\\/biolinecorp.ca\\\/wp-content\\\/uploads\\\/2022\\\/03\\\/Melons-1.png-1024x712.jpg\",\"contentUrl\":\"https:\\\/\\\/biolinecorp.ca\\\/wp-content\\\/uploads\\\/2022\\\/03\\\/Melons-1.png-1024x712.jpg\"},{\"@type\":\"BreadcrumbList\",\"@id\":\"https:\\\/\\\/biolinecorp.ca\\\/en_ca\\\/cucurbits\\\/#breadcrumb\",\"itemListElement\":[{\"@type\":\"ListItem\",\"position\":1,\"name\":\"Home\",\"item\":\"https:\\\/\\\/biolinecorp.ca\\\/en_ca\\\/\"},{\"@type\":\"ListItem\",\"position\":2,\"name\":\"Cucurbits\"}]},{\"@type\":\"WebSite\",\"@id\":\"https:\\\/\\\/biolinecorp.ca\\\/#website\",\"url\":\"https:\\\/\\\/biolinecorp.ca\\\/\",\"name\":\"BioLine Corporation\",\"description\":\"\",\"publisher\":{\"@id\":\"https:\\\/\\\/biolinecorp.ca\\\/#organization\"},\"potentialAction\":[{\"@type\":\"SearchAction\",\"target\":{\"@type\":\"EntryPoint\",\"urlTemplate\":\"https:\\\/\\\/biolinecorp.ca\\\/?s={search_term_string}\"},\"query-input\":{\"@type\":\"PropertyValueSpecification\",\"valueRequired\":true,\"valueName\":\"search_term_string\"}}],\"inLanguage\":\"es\"},{\"@type\":\"Organization\",\"@id\":\"https:\\\/\\\/biolinecorp.ca\\\/#organization\",\"name\":\"Bioline Corporation\",\"url\":\"https:\\\/\\\/biolinecorp.ca\\\/\",\"logo\":{\"@type\":\"ImageObject\",\"inLanguage\":\"es\",\"@id\":\"https:\\\/\\\/biolinecorp.ca\\\/#\\\/schema\\\/logo\\\/image\\\/\",\"url\":\"https:\\\/\\\/biolinecorp.ca\\\/wp-content\\\/uploads\\\/2018\\\/02\\\/Bioline_logo.png\",\"contentUrl\":\"https:\\\/\\\/biolinecorp.ca\\\/wp-content\\\/uploads\\\/2018\\\/02\\\/Bioline_logo.png\",\"width\":667,\"height\":181,\"caption\":\"Bioline Corporation\"},\"image\":{\"@id\":\"https:\\\/\\\/biolinecorp.ca\\\/#\\\/schema\\\/logo\\\/image\\\/\"},\"sameAs\":[\"https:\\\/\\\/www.facebook.com\\\/BiolineCorp\\\/\",\"https:\\\/\\\/x.com\\\/BiolineCorp\",\"https:\\\/\\\/www.linkedin.com\\\/company\\\/bioline-corp\\\/\",\"https:\\\/\\\/www.youtube.com\\\/channel\\\/UCpD4bbIdegjthmdriZ2SAow\"]}]}<\/script>\n<!-- \/ Yoast SEO Premium plugin. -->","yoast_head_json":{"title":"Cucurbit\u00e1ceas -","description":"Los productos BioLiNE\u00ae ayudan a evitar el bloqueo de nutrientes para garantizar su disponibilidad, lo que se traduce en un aumento de la producci\u00f3n y el tama\u00f1o de los frutos.","robots":{"index":"index","follow":"follow","max-snippet":"max-snippet:-1","max-image-preview":"max-image-preview:large","max-video-preview":"max-video-preview:-1"},"canonical":"https:\/\/biolinecorp.ca\/es\/cucurbitaceas\/","og_locale":"es_MX","og_type":"article","og_title":"Cucurbits","og_description":"BioLiNE\u00ae\u00a0products helps prevent nutrient lockup to ensure nutrients are available, resulting in increased fruit production and size.","og_url":"https:\/\/biolinecorp.ca\/es\/cucurbitaceas\/","article_publisher":"https:\/\/www.facebook.com\/BiolineCorp\/","article_modified_time":"2023-09-13T18:51:55+00:00","og_image":[{"url":"https:\/\/biolinecorp.ca\/wp-content\/uploads\/2022\/03\/Melons-1.png-1024x712.jpg","type":"","width":"","height":""}],"twitter_card":"summary_large_image","twitter_site":"@BiolineCorp","twitter_misc":{"Tiempo de lectura":"2 minutos"},"schema":{"@context":"https:\/\/schema.org","@graph":[{"@type":"WebPage","@id":"https:\/\/biolinecorp.ca\/en_ca\/cucurbits\/","url":"https:\/\/biolinecorp.ca\/en_ca\/cucurbits\/","name":"Cucurbit\u00e1ceas -","isPartOf":{"@id":"https:\/\/biolinecorp.ca\/#website"},"primaryImageOfPage":{"@id":"https:\/\/biolinecorp.ca\/en_ca\/cucurbits\/#primaryimage"},"image":{"@id":"https:\/\/biolinecorp.ca\/en_ca\/cucurbits\/#primaryimage"},"thumbnailUrl":"https:\/\/biolinecorp.ca\/wp-content\/uploads\/2022\/03\/Melons-1.png-1024x712.jpg","datePublished":"2022-03-03T15:19:15+00:00","dateModified":"2023-09-13T18:51:55+00:00","description":"Los productos BioLiNE\u00ae ayudan a evitar el bloqueo de nutrientes para garantizar su disponibilidad, lo que se traduce en un aumento de la producci\u00f3n y el tama\u00f1o de los frutos.","breadcrumb":{"@id":"https:\/\/biolinecorp.ca\/en_ca\/cucurbits\/#breadcrumb"},"inLanguage":"es","potentialAction":[{"@type":"ReadAction","target":["https:\/\/biolinecorp.ca\/en_ca\/cucurbits\/"]}]},{"@type":"ImageObject","inLanguage":"es","@id":"https:\/\/biolinecorp.ca\/en_ca\/cucurbits\/#primaryimage","url":"https:\/\/biolinecorp.ca\/wp-content\/uploads\/2022\/03\/Melons-1.png-1024x712.jpg","contentUrl":"https:\/\/biolinecorp.ca\/wp-content\/uploads\/2022\/03\/Melons-1.png-1024x712.jpg"},{"@type":"BreadcrumbList","@id":"https:\/\/biolinecorp.ca\/en_ca\/cucurbits\/#breadcrumb","itemListElement":[{"@type":"ListItem","position":1,"name":"Home","item":"https:\/\/biolinecorp.ca\/en_ca\/"},{"@type":"ListItem","position":2,"name":"Cucurbits"}]},{"@type":"WebSite","@id":"https:\/\/biolinecorp.ca\/#website","url":"https:\/\/biolinecorp.ca\/","name":"Corporaci\u00f3n BioLine","description":"","publisher":{"@id":"https:\/\/biolinecorp.ca\/#organization"},"potentialAction":[{"@type":"SearchAction","target":{"@type":"EntryPoint","urlTemplate":"https:\/\/biolinecorp.ca\/?s={search_term_string}"},"query-input":{"@type":"PropertyValueSpecification","valueRequired":true,"valueName":"search_term_string"}}],"inLanguage":"es"},{"@type":"Organization","@id":"https:\/\/biolinecorp.ca\/#organization","name":"Corporaci\u00f3n Bioline","url":"https:\/\/biolinecorp.ca\/","logo":{"@type":"ImageObject","inLanguage":"es","@id":"https:\/\/biolinecorp.ca\/#\/schema\/logo\/image\/","url":"https:\/\/biolinecorp.ca\/wp-content\/uploads\/2018\/02\/Bioline_logo.png","contentUrl":"https:\/\/biolinecorp.ca\/wp-content\/uploads\/2018\/02\/Bioline_logo.png","width":667,"height":181,"caption":"Bioline Corporation"},"image":{"@id":"https:\/\/biolinecorp.ca\/#\/schema\/logo\/image\/"},"sameAs":["https:\/\/www.facebook.com\/BiolineCorp\/","https:\/\/x.com\/BiolineCorp","https:\/\/www.linkedin.com\/company\/bioline-corp\/","https:\/\/www.youtube.com\/channel\/UCpD4bbIdegjthmdriZ2SAow"]}]}},"_links":{"self":[{"href":"https:\/\/biolinecorp.ca\/es\/wp-json\/wp\/v2\/pages\/25235","targetHints":{"allow":["GET"]}}],"collection":[{"href":"https:\/\/biolinecorp.ca\/es\/wp-json\/wp\/v2\/pages"}],"about":[{"href":"https:\/\/biolinecorp.ca\/es\/wp-json\/wp\/v2\/types\/page"}],"author":[{"embeddable":true,"href":"https:\/\/biolinecorp.ca\/es\/wp-json\/wp\/v2\/users\/2"}],"replies":[{"embeddable":true,"href":"https:\/\/biolinecorp.ca\/es\/wp-json\/wp\/v2\/comments?post=25235"}],"version-history":[{"count":0,"href":"https:\/\/biolinecorp.ca\/es\/wp-json\/wp\/v2\/pages\/25235\/revisions"}],"wp:attachment":[{"href":"https:\/\/biolinecorp.ca\/es\/wp-json\/wp\/v2\/media?parent=25235"}],"curies":[{"name":"wp","href":"https:\/\/api.w.org\/{rel}","templated":true}]}}