{"id":24083,"date":"2022-02-10T12:24:25","date_gmt":"2022-02-10T17:24:25","guid":{"rendered":"https:\/\/biolinecorp.ca\/?page_id=24083"},"modified":"2023-09-12T10:09:30","modified_gmt":"2023-09-12T14:09:30","slug":"leafy-vegetables","status":"publish","type":"page","link":"https:\/\/biolinecorp.ca\/es\/verduras-de-hoja\/","title":{"rendered":"Hortalizas de hoja verde"},"content":{"rendered":"<div style=\"height:50px\" aria-hidden=\"true\" class=\"wp-block-spacer\"><\/div>\n\n\n\n<h3 class=\"wp-block-heading has-large-font-size\" id=\"h-how-does-bioline-help-leafy-vegetable-production\">\u00bfC\u00f3mo funciona BioLiNE<strong><sup>\u00ae<\/sup><\/strong> \u00bfAyudar a la producci\u00f3n de hortalizas de hoja verde?<\/h3>\n\n\n\n<h4 class=\"wp-block-heading\" id=\"h-lettuce-herbs-spinach-arugula-swiss-chard-etc\">(Lechuga, hierbas, espinacas, r\u00facula, acelgas, etc.)<\/h4>\n\n\n\n<div style=\"height:25px\" aria-hidden=\"true\" class=\"wp-block-spacer\"><\/div>\n\n\n\n<p>Ya sea en cultivo hidrop\u00f3nico o en el campo, BioLiNE<strong><sup>\u00ae<\/sup><\/strong> El \u00e1cido f\u00falvico transporta y asimila m\u00e1s eficazmente los nutrientes y otros ingredientes beneficiosos para las plantas. BioLiNE<strong><sup>\u00ae<\/sup><\/strong> <a href=\"https:\/\/biolinecorp.ca\/es\/nuestros-productos\/\" target=\"_blank\" rel=\"noreferrer noopener\">productos<\/a> mejorar la salud de los cultivos durante todo su ciclo de vida, desde la siembra hasta la cosecha. El sistema BioLiNE<strong><sup>\u00ae<\/sup><\/strong> suministran electrolitos y establecen el equilibrio electroqu\u00edmico en las plantas. El resultado es una emergencia r\u00e1pida y uniforme con un aumento de las defensas naturales contra el estr\u00e9s. <\/p>\n\n\n\n<div style=\"height:50px\" aria-hidden=\"true\" class=\"wp-block-spacer\"><\/div>\n\n\n<div class=\"w-heading heading-9 text-left\">\n    <div class=\"w-wrapper\">\n                 \n        <h2>           \n            <span>Resultados de los ensayos<\/span>        <\/h2>\n                    <\/div>\n<\/div>\n\n\n\n<div style=\"height:50px\" aria-hidden=\"true\" class=\"wp-block-spacer\"><\/div>\n\n\n\n<div class=\"wp-block-media-text alignwide is-stacked-on-mobile\" style=\"grid-template-columns:26% auto\"><figure class=\"wp-block-media-text__media\"><img decoding=\"async\" width=\"663\" height=\"1024\" src=\"https:\/\/biolinecorp.ca\/wp-content\/uploads\/2022\/02\/Lettuce-Hydroponics-663x1024.png\" alt=\"\" class=\"wp-image-24840 size-full\" srcset=\"https:\/\/biolinecorp.ca\/wp-content\/uploads\/2022\/02\/Lettuce-Hydroponics-663x1024.png 663w, https:\/\/biolinecorp.ca\/wp-content\/uploads\/2022\/02\/Lettuce-Hydroponics-388x600.png 388w, https:\/\/biolinecorp.ca\/wp-content\/uploads\/2022\/02\/Lettuce-Hydroponics-768x1187.png 768w, https:\/\/biolinecorp.ca\/wp-content\/uploads\/2022\/02\/Lettuce-Hydroponics-994x1536.png 994w, https:\/\/biolinecorp.ca\/wp-content\/uploads\/2022\/02\/Lettuce-Hydroponics-1325x2048.png 1325w, https:\/\/biolinecorp.ca\/wp-content\/uploads\/2022\/02\/Lettuce-Hydroponics-640x989.png 640w, https:\/\/biolinecorp.ca\/wp-content\/uploads\/2022\/02\/Lettuce-Hydroponics-1280x1978.png 1280w\" sizes=\"(max-width: 663px) 100vw, 663px\" \/><\/figure><div class=\"wp-block-media-text__content\">\n<h2 class=\"wp-block-heading has-large-font-size\" id=\"h-overcoming-nutrient-insufficiency-dwc\">Superar la insuficiencia de nutrientes - DWC<\/h2>\n\n\n\n<p style=\"font-size:18px\">BioLiNE<strong><sup>\u00ae<\/sup><\/strong> <a href=\"https:\/\/biolinecorp.ca\/es\/nuestros-productos\/\" target=\"_blank\" rel=\"noreferrer noopener\">productos<\/a> puede ser una herramienta \u00fatil para los sistemas hidrop\u00f3nicos. Las lechugas cultivadas en un sistema hidrop\u00f3nico de cultivo en aguas profundas recibieron 25% de los macro y micronutrientes necesarios. Los resultados mostraron un aumento de 17% en el crecimiento general en comparaci\u00f3n con las plantas que recibieron niveles \u00f3ptimos de nutrientes y un aumento de 36% con respecto a las lechugas con s\u00f3lo 25% de nutrientes. Esto se debe a que BioLiNE<strong><sup>\u00ae<\/sup><\/strong> El \u00e1cido f\u00falvico act\u00faa como un eficiente transportador de nutrientes en las soluciones hidrop\u00f3nicas cuando los niveles de nutrientes son bajos para ayudar a maximizar el crecimiento. <\/p>\n\n\n\n<div style=\"height:20px\" aria-hidden=\"true\" class=\"wp-block-spacer\"><\/div>\n\n\n\n<figure class=\"wp-block-image size-full is-style-default\"><img decoding=\"async\" width=\"745\" height=\"161\" src=\"https:\/\/biolinecorp.ca\/wp-content\/uploads\/2022\/03\/Hydroponics-1.png\" alt=\"\" class=\"wp-image-25324\" srcset=\"https:\/\/biolinecorp.ca\/wp-content\/uploads\/2022\/03\/Hydroponics-1.png 745w, https:\/\/biolinecorp.ca\/wp-content\/uploads\/2022\/03\/Hydroponics-1-600x130.png 600w, https:\/\/biolinecorp.ca\/wp-content\/uploads\/2022\/03\/Hydroponics-1-640x138.png 640w\" sizes=\"(max-width: 745px) 100vw, 745px\" \/><\/figure>\n<\/div><\/div>\n\n\n\n<div style=\"height:50px\" aria-hidden=\"true\" class=\"wp-block-spacer\"><\/div>\n\n\n\n<hr class=\"wp-block-separator has-css-opacity\"\/>\n\n\n\n<div style=\"height:50px\" aria-hidden=\"true\" class=\"wp-block-spacer\"><\/div>\n\n\n\n<h2 class=\"wp-block-heading has-large-font-size\" id=\"h-overcoming-high-salinity-dwc\">C\u00f3mo superar la alta salinidad - DWC<\/h2>\n\n\n\n<div style=\"height:25px\" aria-hidden=\"true\" class=\"wp-block-spacer\"><\/div>\n\n\n\n<p>BioLiNE<strong><sup>\u00ae<\/sup><\/strong> <a href=\"https:\/\/biolinecorp.ca\/es\/nuestros-productos\/\" target=\"_blank\" rel=\"noreferrer noopener\">productos<\/a> han sido probados en entornos con alto contenido en sal. El contenido de sal puede ser perjudicial para una planta en altas concentraciones. Debido a su peque\u00f1o tama\u00f1o, los iones de sodio y cloruro pueden entrar f\u00e1cilmente en la planta antes que otros iones beneficiosos, lo que hace m\u00e1s dif\u00edcil que la planta obtenga los nutrientes que necesita.  La acumulaci\u00f3n de sodio y cloruro y otros metales pesados en las plantas puede alcanzar niveles t\u00f3xicos que provocan un retraso en el crecimiento y la detenci\u00f3n del desarrollo celular. Los \u00e1cidos f\u00falvicos pueden ayudar a mitigar los efectos del estr\u00e9s salino en las plantas mejorando la tolerancia a la sal. Lo hacen equilibrando los niveles de nutrientes y estabilizando las sustancias que son t\u00f3xicas para la planta. <\/p>\n\n\n\n<p>En un entorno de alta salinidad, la adici\u00f3n de 300ppm <a href=\"https:\/\/biolinecorp.ca\/es\/oro-biologico-2\/\" target=\"_blank\" rel=\"noreferrer noopener\">BioLiNE Gold<\/a> aument\u00f3 el rendimiento de la lechuga en 262%. En un entorno con alto contenido de cobre, el rendimiento de la albahaca, en comparaci\u00f3n con un control con niveles normales de cobre, disminuy\u00f3 en 39%. Sin embargo, cuando se trat\u00f3 con BioLiNE gold, el crecimiento de las plantas de albahaca aument\u00f3 en 105% en comparaci\u00f3n con el control. <\/p>\n\n\n\n<div style=\"height:25px\" aria-hidden=\"true\" class=\"wp-block-spacer\"><\/div>\n\n\n\n<div class=\"wp-block-columns is-layout-flex wp-container-core-columns-is-layout-9d6595d7 wp-block-columns-is-layout-flex\">\n<div class=\"wp-block-column is-layout-flow wp-block-column-is-layout-flow\">\n<figure class=\"wp-block-image size-large is-style-default\"><img decoding=\"async\" width=\"1024\" height=\"686\" src=\"https:\/\/biolinecorp.ca\/wp-content\/uploads\/2022\/02\/Lettuce-1-1-e1645542588621-1024x686.png\" alt=\"\" class=\"wp-image-24850\" srcset=\"https:\/\/biolinecorp.ca\/wp-content\/uploads\/2022\/02\/Lettuce-1-1-e1645542588621-1024x686.png 1024w, https:\/\/biolinecorp.ca\/wp-content\/uploads\/2022\/02\/Lettuce-1-1-e1645542588621-600x402.png 600w, https:\/\/biolinecorp.ca\/wp-content\/uploads\/2022\/02\/Lettuce-1-1-e1645542588621-768x514.png 768w, https:\/\/biolinecorp.ca\/wp-content\/uploads\/2022\/02\/Lettuce-1-1-e1645542588621-640x429.png 640w, https:\/\/biolinecorp.ca\/wp-content\/uploads\/2022\/02\/Lettuce-1-1-e1645542588621-1280x857.png 1280w, https:\/\/biolinecorp.ca\/wp-content\/uploads\/2022\/02\/Lettuce-1-1-e1645542588621.png 1342w\" sizes=\"(max-width: 1024px) 100vw, 1024px\" \/><figcaption class=\"wp-element-caption\">Control - Soluci\u00f3n Nutritiva de Hoagland + 4500ppm de NaCl*.<\/figcaption><\/figure>\n\n\n\n<p class=\"has-small-font-size\">*A\u00f1adido gradualmente durante los primeros 10 d\u00edas de prueba<\/p>\n<\/div>\n\n\n\n<div class=\"wp-block-column is-layout-flow wp-block-column-is-layout-flow\">\n<figure class=\"wp-block-image size-large is-style-default\"><img decoding=\"async\" width=\"1024\" height=\"701\" src=\"https:\/\/biolinecorp.ca\/wp-content\/uploads\/2022\/02\/Lettuce-2-e1645542503432-1024x701.png\" alt=\"\" class=\"wp-image-24851\" srcset=\"https:\/\/biolinecorp.ca\/wp-content\/uploads\/2022\/02\/Lettuce-2-e1645542503432-1024x701.png 1024w, https:\/\/biolinecorp.ca\/wp-content\/uploads\/2022\/02\/Lettuce-2-e1645542503432-600x411.png 600w, https:\/\/biolinecorp.ca\/wp-content\/uploads\/2022\/02\/Lettuce-2-e1645542503432-768x526.png 768w, https:\/\/biolinecorp.ca\/wp-content\/uploads\/2022\/02\/Lettuce-2-e1645542503432-640x438.png 640w, https:\/\/biolinecorp.ca\/wp-content\/uploads\/2022\/02\/Lettuce-2-e1645542503432-1280x876.png 1280w, https:\/\/biolinecorp.ca\/wp-content\/uploads\/2022\/02\/Lettuce-2-e1645542503432.png 1312w\" sizes=\"(max-width: 1024px) 100vw, 1024px\" \/><figcaption class=\"wp-element-caption\">Soluci\u00f3n nutritiva Hoagland's + 4500ppm NaCl* + 300ppm BioLiNE<strong><sup>\u00ae<\/sup><\/strong><\/figcaption><\/figure>\n\n\n\n<p class=\"has-small-font-size\">*A\u00f1adido gradualmente durante los primeros 10 d\u00edas de prueba<\/p>\n<\/div>\n\n\n\n<div class=\"wp-block-column is-layout-flow wp-block-column-is-layout-flow\">\n<figure class=\"wp-block-image size-full is-style-default\"><img decoding=\"async\" width=\"532\" height=\"361\" src=\"https:\/\/biolinecorp.ca\/wp-content\/uploads\/2022\/02\/Copper-1.png\" alt=\"\" class=\"wp-image-24852\"\/><figcaption class=\"wp-element-caption\">Control - Hoagland's con 20x de concentraci\u00f3n de cobre<\/figcaption><\/figure>\n<\/div>\n\n\n\n<div class=\"wp-block-column is-layout-flow wp-block-column-is-layout-flow\">\n<figure class=\"wp-block-image size-full is-style-default\"><img decoding=\"async\" width=\"532\" height=\"361\" src=\"https:\/\/biolinecorp.ca\/wp-content\/uploads\/2022\/02\/Copper-2.png\" alt=\"\" class=\"wp-image-24853\"\/><figcaption class=\"wp-element-caption\">Hoagland's con 20x de concentraci\u00f3n de cobre + 300ppm de BioLiNE<strong><sup>\u00ae<\/sup><\/strong><\/figcaption><\/figure>\n<\/div>\n<\/div>\n\n\n\n<head><!-- Global site tag (gtag.js) - Google Ads: 781808697 --> <script async src=\"https:\/\/www.googletagmanager.com\/gtag\/js?id=AW-781808697\"><\/script> <script> window.dataLayer = window.dataLayer || []; function gtag(){dataLayer.push(arguments);} gtag('js', new Date()); gtag('config', 'AW-781808697'); gtag('config', 'AW-781808697');<\/script> <\/head>","protected":false},"excerpt":{"rendered":"<p>How Does BioLiNE\u00ae Help Leafy Vegetable Production? (Lettuce, herbs, spinach, arugula, swiss chard, etc.) Whether grown hydroponically or out in the field, BioLiNE\u00ae fulvic acid transports and assimilates nutrients, and other plant beneficial ingredients more efficiently. BioLiNE\u00ae products enhance crop health through their entire life-cycle from seeding to harvest. The BioLiNE\u00ae products supply electrolytes and [&hellip;]<\/p>\n","protected":false},"author":2,"featured_media":0,"parent":0,"menu_order":5,"comment_status":"closed","ping_status":"closed","template":"","meta":{"_monsterinsights_skip_tracking":false,"_monsterinsights_sitenote_active":false,"_monsterinsights_sitenote_note":"","_monsterinsights_sitenote_category":0,"footnotes":""},"class_list":["post-24083","page","type-page","status-publish","hentry"],"yoast_head":"<!-- This site is optimized with the Yoast SEO Premium plugin v27.3 (Yoast SEO v27.3) - https:\/\/yoast.com\/product\/yoast-seo-premium-wordpress\/ -->\n<title>Leafy Vegetables -<\/title>\n<meta name=\"description\" content=\"Whether grown hydroponically or out in the field, BioLiNE\u00ae transports nutrients, and other plant beneficial ingredients more efficiently.\" \/>\n<meta name=\"robots\" content=\"index, follow, max-snippet:-1, max-image-preview:large, max-video-preview:-1\" \/>\n<link rel=\"canonical\" href=\"https:\/\/biolinecorp.ca\/es\/verduras-de-hoja\/\" \/>\n<meta property=\"og:locale\" content=\"es_MX\" \/>\n<meta property=\"og:type\" content=\"article\" \/>\n<meta property=\"og:title\" content=\"Leafy Vegetables\" \/>\n<meta property=\"og:description\" content=\"Whether grown hydroponically or out in the field, BioLiNE\u00ae transports nutrients, and other plant beneficial ingredients more efficiently.\" \/>\n<meta property=\"og:url\" content=\"https:\/\/biolinecorp.ca\/es\/verduras-de-hoja\/\" \/>\n<meta property=\"article:publisher\" content=\"https:\/\/www.facebook.com\/BiolineCorp\/\" \/>\n<meta property=\"article:modified_time\" content=\"2023-09-12T14:09:30+00:00\" \/>\n<meta property=\"og:image\" content=\"https:\/\/biolinecorp.ca\/wp-content\/uploads\/2022\/02\/Lettuce-Hydroponics-663x1024.png\" \/>\n<meta name=\"twitter:card\" content=\"summary_large_image\" \/>\n<meta name=\"twitter:site\" content=\"@BiolineCorp\" \/>\n<meta name=\"twitter:label1\" content=\"Tiempo de lectura\" \/>\n\t<meta name=\"twitter:data1\" content=\"3 minutos\" \/>\n<script type=\"application\/ld+json\" class=\"yoast-schema-graph\">{\"@context\":\"https:\\\/\\\/schema.org\",\"@graph\":[{\"@type\":\"WebPage\",\"@id\":\"https:\\\/\\\/biolinecorp.ca\\\/en_ca\\\/leafy-vegetables\\\/\",\"url\":\"https:\\\/\\\/biolinecorp.ca\\\/en_ca\\\/leafy-vegetables\\\/\",\"name\":\"Leafy Vegetables -\",\"isPartOf\":{\"@id\":\"https:\\\/\\\/biolinecorp.ca\\\/#website\"},\"primaryImageOfPage\":{\"@id\":\"https:\\\/\\\/biolinecorp.ca\\\/en_ca\\\/leafy-vegetables\\\/#primaryimage\"},\"image\":{\"@id\":\"https:\\\/\\\/biolinecorp.ca\\\/en_ca\\\/leafy-vegetables\\\/#primaryimage\"},\"thumbnailUrl\":\"https:\\\/\\\/biolinecorp.ca\\\/wp-content\\\/uploads\\\/2022\\\/02\\\/Lettuce-Hydroponics-663x1024.png\",\"datePublished\":\"2022-02-10T17:24:25+00:00\",\"dateModified\":\"2023-09-12T14:09:30+00:00\",\"description\":\"Whether grown hydroponically or out in the field, BioLiNE\u00ae transports nutrients, and other plant beneficial ingredients more efficiently.\",\"breadcrumb\":{\"@id\":\"https:\\\/\\\/biolinecorp.ca\\\/en_ca\\\/leafy-vegetables\\\/#breadcrumb\"},\"inLanguage\":\"es\",\"potentialAction\":[{\"@type\":\"ReadAction\",\"target\":[\"https:\\\/\\\/biolinecorp.ca\\\/en_ca\\\/leafy-vegetables\\\/\"]}]},{\"@type\":\"ImageObject\",\"inLanguage\":\"es\",\"@id\":\"https:\\\/\\\/biolinecorp.ca\\\/en_ca\\\/leafy-vegetables\\\/#primaryimage\",\"url\":\"https:\\\/\\\/biolinecorp.ca\\\/wp-content\\\/uploads\\\/2022\\\/02\\\/Lettuce-Hydroponics-663x1024.png\",\"contentUrl\":\"https:\\\/\\\/biolinecorp.ca\\\/wp-content\\\/uploads\\\/2022\\\/02\\\/Lettuce-Hydroponics-663x1024.png\"},{\"@type\":\"BreadcrumbList\",\"@id\":\"https:\\\/\\\/biolinecorp.ca\\\/en_ca\\\/leafy-vegetables\\\/#breadcrumb\",\"itemListElement\":[{\"@type\":\"ListItem\",\"position\":1,\"name\":\"Home\",\"item\":\"https:\\\/\\\/biolinecorp.ca\\\/en_ca\\\/\"},{\"@type\":\"ListItem\",\"position\":2,\"name\":\"Leafy Vegetables\"}]},{\"@type\":\"WebSite\",\"@id\":\"https:\\\/\\\/biolinecorp.ca\\\/#website\",\"url\":\"https:\\\/\\\/biolinecorp.ca\\\/\",\"name\":\"BioLine Corporation\",\"description\":\"\",\"publisher\":{\"@id\":\"https:\\\/\\\/biolinecorp.ca\\\/#organization\"},\"potentialAction\":[{\"@type\":\"SearchAction\",\"target\":{\"@type\":\"EntryPoint\",\"urlTemplate\":\"https:\\\/\\\/biolinecorp.ca\\\/?s={search_term_string}\"},\"query-input\":{\"@type\":\"PropertyValueSpecification\",\"valueRequired\":true,\"valueName\":\"search_term_string\"}}],\"inLanguage\":\"es\"},{\"@type\":\"Organization\",\"@id\":\"https:\\\/\\\/biolinecorp.ca\\\/#organization\",\"name\":\"Bioline Corporation\",\"url\":\"https:\\\/\\\/biolinecorp.ca\\\/\",\"logo\":{\"@type\":\"ImageObject\",\"inLanguage\":\"es\",\"@id\":\"https:\\\/\\\/biolinecorp.ca\\\/#\\\/schema\\\/logo\\\/image\\\/\",\"url\":\"https:\\\/\\\/biolinecorp.ca\\\/wp-content\\\/uploads\\\/2018\\\/02\\\/Bioline_logo.png\",\"contentUrl\":\"https:\\\/\\\/biolinecorp.ca\\\/wp-content\\\/uploads\\\/2018\\\/02\\\/Bioline_logo.png\",\"width\":667,\"height\":181,\"caption\":\"Bioline Corporation\"},\"image\":{\"@id\":\"https:\\\/\\\/biolinecorp.ca\\\/#\\\/schema\\\/logo\\\/image\\\/\"},\"sameAs\":[\"https:\\\/\\\/www.facebook.com\\\/BiolineCorp\\\/\",\"https:\\\/\\\/x.com\\\/BiolineCorp\",\"https:\\\/\\\/www.linkedin.com\\\/company\\\/bioline-corp\\\/\",\"https:\\\/\\\/www.youtube.com\\\/channel\\\/UCpD4bbIdegjthmdriZ2SAow\"]}]}<\/script>\n<!-- \/ Yoast SEO Premium plugin. -->","yoast_head_json":{"title":"Verduras de hoja -","description":"Tanto en cultivos hidrop\u00f3nicos como en el campo, BioLiNE\u00ae transporta los nutrientes y otros ingredientes beneficiosos para las plantas de forma m\u00e1s eficaz.","robots":{"index":"index","follow":"follow","max-snippet":"max-snippet:-1","max-image-preview":"max-image-preview:large","max-video-preview":"max-video-preview:-1"},"canonical":"https:\/\/biolinecorp.ca\/es\/verduras-de-hoja\/","og_locale":"es_MX","og_type":"article","og_title":"Leafy Vegetables","og_description":"Whether grown hydroponically or out in the field, BioLiNE\u00ae transports nutrients, and other plant beneficial ingredients more efficiently.","og_url":"https:\/\/biolinecorp.ca\/es\/verduras-de-hoja\/","article_publisher":"https:\/\/www.facebook.com\/BiolineCorp\/","article_modified_time":"2023-09-12T14:09:30+00:00","og_image":[{"url":"https:\/\/biolinecorp.ca\/wp-content\/uploads\/2022\/02\/Lettuce-Hydroponics-663x1024.png","type":"","width":"","height":""}],"twitter_card":"summary_large_image","twitter_site":"@BiolineCorp","twitter_misc":{"Tiempo de lectura":"3 minutos"},"schema":{"@context":"https:\/\/schema.org","@graph":[{"@type":"WebPage","@id":"https:\/\/biolinecorp.ca\/en_ca\/leafy-vegetables\/","url":"https:\/\/biolinecorp.ca\/en_ca\/leafy-vegetables\/","name":"Verduras de hoja -","isPartOf":{"@id":"https:\/\/biolinecorp.ca\/#website"},"primaryImageOfPage":{"@id":"https:\/\/biolinecorp.ca\/en_ca\/leafy-vegetables\/#primaryimage"},"image":{"@id":"https:\/\/biolinecorp.ca\/en_ca\/leafy-vegetables\/#primaryimage"},"thumbnailUrl":"https:\/\/biolinecorp.ca\/wp-content\/uploads\/2022\/02\/Lettuce-Hydroponics-663x1024.png","datePublished":"2022-02-10T17:24:25+00:00","dateModified":"2023-09-12T14:09:30+00:00","description":"Tanto en cultivos hidrop\u00f3nicos como en el campo, BioLiNE\u00ae transporta los nutrientes y otros ingredientes beneficiosos para las plantas de forma m\u00e1s eficaz.","breadcrumb":{"@id":"https:\/\/biolinecorp.ca\/en_ca\/leafy-vegetables\/#breadcrumb"},"inLanguage":"es","potentialAction":[{"@type":"ReadAction","target":["https:\/\/biolinecorp.ca\/en_ca\/leafy-vegetables\/"]}]},{"@type":"ImageObject","inLanguage":"es","@id":"https:\/\/biolinecorp.ca\/en_ca\/leafy-vegetables\/#primaryimage","url":"https:\/\/biolinecorp.ca\/wp-content\/uploads\/2022\/02\/Lettuce-Hydroponics-663x1024.png","contentUrl":"https:\/\/biolinecorp.ca\/wp-content\/uploads\/2022\/02\/Lettuce-Hydroponics-663x1024.png"},{"@type":"BreadcrumbList","@id":"https:\/\/biolinecorp.ca\/en_ca\/leafy-vegetables\/#breadcrumb","itemListElement":[{"@type":"ListItem","position":1,"name":"Home","item":"https:\/\/biolinecorp.ca\/en_ca\/"},{"@type":"ListItem","position":2,"name":"Leafy Vegetables"}]},{"@type":"WebSite","@id":"https:\/\/biolinecorp.ca\/#website","url":"https:\/\/biolinecorp.ca\/","name":"Corporaci\u00f3n BioLine","description":"","publisher":{"@id":"https:\/\/biolinecorp.ca\/#organization"},"potentialAction":[{"@type":"SearchAction","target":{"@type":"EntryPoint","urlTemplate":"https:\/\/biolinecorp.ca\/?s={search_term_string}"},"query-input":{"@type":"PropertyValueSpecification","valueRequired":true,"valueName":"search_term_string"}}],"inLanguage":"es"},{"@type":"Organization","@id":"https:\/\/biolinecorp.ca\/#organization","name":"Corporaci\u00f3n Bioline","url":"https:\/\/biolinecorp.ca\/","logo":{"@type":"ImageObject","inLanguage":"es","@id":"https:\/\/biolinecorp.ca\/#\/schema\/logo\/image\/","url":"https:\/\/biolinecorp.ca\/wp-content\/uploads\/2018\/02\/Bioline_logo.png","contentUrl":"https:\/\/biolinecorp.ca\/wp-content\/uploads\/2018\/02\/Bioline_logo.png","width":667,"height":181,"caption":"Bioline Corporation"},"image":{"@id":"https:\/\/biolinecorp.ca\/#\/schema\/logo\/image\/"},"sameAs":["https:\/\/www.facebook.com\/BiolineCorp\/","https:\/\/x.com\/BiolineCorp","https:\/\/www.linkedin.com\/company\/bioline-corp\/","https:\/\/www.youtube.com\/channel\/UCpD4bbIdegjthmdriZ2SAow"]}]}},"_links":{"self":[{"href":"https:\/\/biolinecorp.ca\/es\/wp-json\/wp\/v2\/pages\/24083","targetHints":{"allow":["GET"]}}],"collection":[{"href":"https:\/\/biolinecorp.ca\/es\/wp-json\/wp\/v2\/pages"}],"about":[{"href":"https:\/\/biolinecorp.ca\/es\/wp-json\/wp\/v2\/types\/page"}],"author":[{"embeddable":true,"href":"https:\/\/biolinecorp.ca\/es\/wp-json\/wp\/v2\/users\/2"}],"replies":[{"embeddable":true,"href":"https:\/\/biolinecorp.ca\/es\/wp-json\/wp\/v2\/comments?post=24083"}],"version-history":[{"count":0,"href":"https:\/\/biolinecorp.ca\/es\/wp-json\/wp\/v2\/pages\/24083\/revisions"}],"wp:attachment":[{"href":"https:\/\/biolinecorp.ca\/es\/wp-json\/wp\/v2\/media?parent=24083"}],"curies":[{"name":"wp","href":"https:\/\/api.w.org\/{rel}","templated":true}]}}