{"id":24081,"date":"2022-02-10T12:24:00","date_gmt":"2022-02-10T17:24:00","guid":{"rendered":"https:\/\/biolinecorp.ca\/?page_id=24081"},"modified":"2023-09-13T15:06:07","modified_gmt":"2023-09-13T19:06:07","slug":"bulb-vegetables","status":"publish","type":"page","link":"https:\/\/biolinecorp.ca\/es\/hortalizas-de-bulbo\/","title":{"rendered":"Verduras de bulbo"},"content":{"rendered":"<div style=\"height:50px\" aria-hidden=\"true\" class=\"wp-block-spacer\"><\/div>\n\n\n\n<h3 class=\"wp-block-heading has-large-font-size\" id=\"h-how-does-bioline-help-bulb-vegetable-production\">\u00bfC\u00f3mo funciona BioLiNE<strong><sup>\u00ae<\/sup><\/strong> \u00bfAyudar a la producci\u00f3n de hortalizas de bulbo?<\/h3>\n\n\n\n<h4 class=\"wp-block-heading\" id=\"h-fennel-garlic-leeks-onions-shallots-and-spring-onions\">(Hinojo, ajo, puerros, cebollas, chalotas y cebolletas)<\/h4>\n\n\n\n<div style=\"height:25px\" aria-hidden=\"true\" class=\"wp-block-spacer\"><\/div>\n\n\n\n<p>Para que las plantas utilicen los minerales y nutrientes, no basta con tenerlos en el suelo. El transporte eficaz de los nutrientes a trav\u00e9s del suelo hasta las ra\u00edces y la planta depende de muchos factores, como la humedad del suelo, la movilidad de los nutrientes, su concentraci\u00f3n y biodisponibilidad y la estructura del suelo. Adem\u00e1s, tal y como describe la Tabla de Mulder, muchos nutrientes tienen una interacci\u00f3n antag\u00f3nica en el suelo que limita en gran medida la capacidad de la planta para utilizarlos. Los productos BioLiNE son los \"camioneros\" de los nutrientes y minerales. Los productos BioLiNE\u00ae tambi\u00e9n mitigan los problemas de transporte y desequilibrio de nutrientes. Esto se consigue mediante el intercambio continuo de nutrientes en la soluci\u00f3n del suelo, entre los microbios, las part\u00edculas del suelo y las ra\u00edces de las plantas, lo que garantiza que los nutrientes que la planta necesita lleguen a las ra\u00edces y se transporten f\u00e1cilmente a la planta.<\/p>\n\n\n\n<div style=\"height:25px\" aria-hidden=\"true\" class=\"wp-block-spacer\"><\/div>\n\n\n\n<div class=\"wp-block-columns is-layout-flex wp-container-core-columns-is-layout-9d6595d7 wp-block-columns-is-layout-flex\">\n<div class=\"wp-block-column is-layout-flow wp-block-column-is-layout-flow\" style=\"flex-basis:66.66%\">\n<ol class=\"wp-block-list\">\n<li><strong>Gu\u00eda de programaci\u00f3n foliar:<\/strong> Aplicar BioLiNE\u00ae a 500mL\/acre. Es mejor aplicarlo con cada aplicaci\u00f3n foliar de insecticidas y\/o fungicidas a lo largo de la temporada.<\/li>\n\n\n\n<li><strong>Riego por goteo:<\/strong> Aplicar BioLiNE\u00ae a 500mL\/acre a partir de 2 semanas despu\u00e9s del cuajado o en la fase de \"puerro\" de la cuarta hoja con otros nutrientes.<\/li>\n\n\n\n<li><strong>Tiempos clave:<\/strong> Aplicar BioLiNE a 500mL\/acre cada 7-10 d\u00edas antes de las 3-5 hojas. Continuar hasta las 8-13 hojas, al inicio de la brotaci\u00f3n, cuando las plantas alcanzan su m\u00e1xima altura. Puede ser aplicado con pesticidas y otros nutrientes.<\/li>\n<\/ol>\n<\/div>\n\n\n\n<div class=\"wp-block-column is-vertically-aligned-center is-layout-flow wp-block-column-is-layout-flow\" style=\"flex-basis:33.33%\">\n<div class=\"wp-block-buttons is-content-justification-center is-layout-flex wp-container-core-buttons-is-layout-16018d1d wp-block-buttons-is-layout-flex\">\n<div class=\"wp-block-button aligncenter\"><a class=\"wp-block-button__link wp-element-button\" href=\"https:\/\/biolinecorp.ca\/wp-content\/uploads\/2022\/09\/20220404-Bulb-Vegetables-Handout-V1.pdf\" target=\"_blank\" rel=\"noreferrer noopener\">Folleto sobre las verduras de bulbo<\/a><\/div>\n<\/div>\n<\/div>\n<\/div>\n\n\n\n<div style=\"height:50px\" aria-hidden=\"true\" class=\"wp-block-spacer\"><\/div>\n\n\n<div class=\"w-heading heading-9 text-left\">\n    <div class=\"w-wrapper\">\n                 \n        <h2>           \n            <span>Resultados de los ensayos<\/span>        <\/h2>\n                    <\/div>\n<\/div>\n\n\n\n<head><!-- Global site tag (gtag.js) - Google Ads: 781808697 --> <script async src=\"https:\/\/www.googletagmanager.com\/gtag\/js?id=AW-781808697\"><\/script> <script> window.dataLayer = window.dataLayer || []; function gtag(){dataLayer.push(arguments);} gtag('js', new Date()); gtag('config', 'AW-781808697'); gtag('config', 'AW-781808697');<\/script> <\/head>","protected":false},"excerpt":{"rendered":"<p>How Does BioLiNE\u00ae Help Bulb Vegetable Production? (Fennel, garlic, leeks, onions, shallots, and spring onions) For plants to use minerals and nutrients, just having them in the soil is not enough. Effective nutrient transport through the soil to the roots and into the plant depends on many factors including soil moisture, the mobility of the [&hellip;]<\/p>\n","protected":false},"author":2,"featured_media":0,"parent":0,"menu_order":11,"comment_status":"closed","ping_status":"closed","template":"","meta":{"_monsterinsights_skip_tracking":false,"_monsterinsights_sitenote_active":false,"_monsterinsights_sitenote_note":"","_monsterinsights_sitenote_category":0,"footnotes":""},"class_list":["post-24081","page","type-page","status-publish","hentry"],"yoast_head":"<!-- This site is optimized with the Yoast SEO Premium plugin v27.3 (Yoast SEO v27.3) - https:\/\/yoast.com\/product\/yoast-seo-premium-wordpress\/ -->\n<title>Bulb Vegetables -<\/title>\n<meta name=\"description\" content=\"BioLiNE products are the \u201ctruckers\u201d of nutrients and minerals. BioLiNE\u00ae products mitigate issues of transport and nutrient imbalance.\" \/>\n<meta name=\"robots\" content=\"index, follow, max-snippet:-1, max-image-preview:large, max-video-preview:-1\" \/>\n<link rel=\"canonical\" href=\"https:\/\/biolinecorp.ca\/es\/hortalizas-de-bulbo\/\" \/>\n<meta property=\"og:locale\" content=\"es_MX\" \/>\n<meta property=\"og:type\" content=\"article\" \/>\n<meta property=\"og:title\" content=\"Bulb Vegetables\" \/>\n<meta property=\"og:description\" content=\"BioLiNE products are the \u201ctruckers\u201d of nutrients and minerals. BioLiNE\u00ae products mitigate issues of transport and nutrient imbalance.\" \/>\n<meta property=\"og:url\" content=\"https:\/\/biolinecorp.ca\/es\/hortalizas-de-bulbo\/\" \/>\n<meta property=\"article:publisher\" content=\"https:\/\/www.facebook.com\/BiolineCorp\/\" \/>\n<meta property=\"article:modified_time\" content=\"2023-09-13T19:06:07+00:00\" \/>\n<meta name=\"twitter:card\" content=\"summary_large_image\" \/>\n<meta name=\"twitter:site\" content=\"@BiolineCorp\" \/>\n<meta name=\"twitter:label1\" content=\"Tiempo de lectura\" \/>\n\t<meta name=\"twitter:data1\" content=\"2 minutos\" \/>\n<script type=\"application\/ld+json\" class=\"yoast-schema-graph\">{\"@context\":\"https:\\\/\\\/schema.org\",\"@graph\":[{\"@type\":\"WebPage\",\"@id\":\"https:\\\/\\\/biolinecorp.ca\\\/en_ca\\\/bulb-vegetables\\\/\",\"url\":\"https:\\\/\\\/biolinecorp.ca\\\/en_ca\\\/bulb-vegetables\\\/\",\"name\":\"Bulb Vegetables -\",\"isPartOf\":{\"@id\":\"https:\\\/\\\/biolinecorp.ca\\\/#website\"},\"datePublished\":\"2022-02-10T17:24:00+00:00\",\"dateModified\":\"2023-09-13T19:06:07+00:00\",\"description\":\"BioLiNE products are the \u201ctruckers\u201d of nutrients and minerals. BioLiNE\u00ae products mitigate issues of transport and nutrient imbalance.\",\"breadcrumb\":{\"@id\":\"https:\\\/\\\/biolinecorp.ca\\\/en_ca\\\/bulb-vegetables\\\/#breadcrumb\"},\"inLanguage\":\"es\",\"potentialAction\":[{\"@type\":\"ReadAction\",\"target\":[\"https:\\\/\\\/biolinecorp.ca\\\/en_ca\\\/bulb-vegetables\\\/\"]}]},{\"@type\":\"BreadcrumbList\",\"@id\":\"https:\\\/\\\/biolinecorp.ca\\\/en_ca\\\/bulb-vegetables\\\/#breadcrumb\",\"itemListElement\":[{\"@type\":\"ListItem\",\"position\":1,\"name\":\"Home\",\"item\":\"https:\\\/\\\/biolinecorp.ca\\\/en_ca\\\/\"},{\"@type\":\"ListItem\",\"position\":2,\"name\":\"Bulb Vegetables\"}]},{\"@type\":\"WebSite\",\"@id\":\"https:\\\/\\\/biolinecorp.ca\\\/#website\",\"url\":\"https:\\\/\\\/biolinecorp.ca\\\/\",\"name\":\"BioLine Corporation\",\"description\":\"\",\"publisher\":{\"@id\":\"https:\\\/\\\/biolinecorp.ca\\\/#organization\"},\"potentialAction\":[{\"@type\":\"SearchAction\",\"target\":{\"@type\":\"EntryPoint\",\"urlTemplate\":\"https:\\\/\\\/biolinecorp.ca\\\/?s={search_term_string}\"},\"query-input\":{\"@type\":\"PropertyValueSpecification\",\"valueRequired\":true,\"valueName\":\"search_term_string\"}}],\"inLanguage\":\"es\"},{\"@type\":\"Organization\",\"@id\":\"https:\\\/\\\/biolinecorp.ca\\\/#organization\",\"name\":\"Bioline Corporation\",\"url\":\"https:\\\/\\\/biolinecorp.ca\\\/\",\"logo\":{\"@type\":\"ImageObject\",\"inLanguage\":\"es\",\"@id\":\"https:\\\/\\\/biolinecorp.ca\\\/#\\\/schema\\\/logo\\\/image\\\/\",\"url\":\"https:\\\/\\\/biolinecorp.ca\\\/wp-content\\\/uploads\\\/2018\\\/02\\\/Bioline_logo.png\",\"contentUrl\":\"https:\\\/\\\/biolinecorp.ca\\\/wp-content\\\/uploads\\\/2018\\\/02\\\/Bioline_logo.png\",\"width\":667,\"height\":181,\"caption\":\"Bioline Corporation\"},\"image\":{\"@id\":\"https:\\\/\\\/biolinecorp.ca\\\/#\\\/schema\\\/logo\\\/image\\\/\"},\"sameAs\":[\"https:\\\/\\\/www.facebook.com\\\/BiolineCorp\\\/\",\"https:\\\/\\\/x.com\\\/BiolineCorp\",\"https:\\\/\\\/www.linkedin.com\\\/company\\\/bioline-corp\\\/\",\"https:\\\/\\\/www.youtube.com\\\/channel\\\/UCpD4bbIdegjthmdriZ2SAow\"]}]}<\/script>\n<!-- \/ Yoast SEO Premium plugin. -->","yoast_head_json":{"title":"Hortalizas de bulbo -","description":"Los productos BioLiNE son los \"camioneros\" de los nutrientes y minerales. Los productos BioLiNE\u00ae mitigan los problemas de transporte y desequilibrio de nutrientes.","robots":{"index":"index","follow":"follow","max-snippet":"max-snippet:-1","max-image-preview":"max-image-preview:large","max-video-preview":"max-video-preview:-1"},"canonical":"https:\/\/biolinecorp.ca\/es\/hortalizas-de-bulbo\/","og_locale":"es_MX","og_type":"article","og_title":"Bulb Vegetables","og_description":"BioLiNE products are the \u201ctruckers\u201d of nutrients and minerals. BioLiNE\u00ae products mitigate issues of transport and nutrient imbalance.","og_url":"https:\/\/biolinecorp.ca\/es\/hortalizas-de-bulbo\/","article_publisher":"https:\/\/www.facebook.com\/BiolineCorp\/","article_modified_time":"2023-09-13T19:06:07+00:00","twitter_card":"summary_large_image","twitter_site":"@BiolineCorp","twitter_misc":{"Tiempo de lectura":"2 minutos"},"schema":{"@context":"https:\/\/schema.org","@graph":[{"@type":"WebPage","@id":"https:\/\/biolinecorp.ca\/en_ca\/bulb-vegetables\/","url":"https:\/\/biolinecorp.ca\/en_ca\/bulb-vegetables\/","name":"Hortalizas de bulbo -","isPartOf":{"@id":"https:\/\/biolinecorp.ca\/#website"},"datePublished":"2022-02-10T17:24:00+00:00","dateModified":"2023-09-13T19:06:07+00:00","description":"Los productos BioLiNE son los \"camioneros\" de los nutrientes y minerales. Los productos BioLiNE\u00ae mitigan los problemas de transporte y desequilibrio de nutrientes.","breadcrumb":{"@id":"https:\/\/biolinecorp.ca\/en_ca\/bulb-vegetables\/#breadcrumb"},"inLanguage":"es","potentialAction":[{"@type":"ReadAction","target":["https:\/\/biolinecorp.ca\/en_ca\/bulb-vegetables\/"]}]},{"@type":"BreadcrumbList","@id":"https:\/\/biolinecorp.ca\/en_ca\/bulb-vegetables\/#breadcrumb","itemListElement":[{"@type":"ListItem","position":1,"name":"Home","item":"https:\/\/biolinecorp.ca\/en_ca\/"},{"@type":"ListItem","position":2,"name":"Bulb Vegetables"}]},{"@type":"WebSite","@id":"https:\/\/biolinecorp.ca\/#website","url":"https:\/\/biolinecorp.ca\/","name":"Corporaci\u00f3n BioLine","description":"","publisher":{"@id":"https:\/\/biolinecorp.ca\/#organization"},"potentialAction":[{"@type":"SearchAction","target":{"@type":"EntryPoint","urlTemplate":"https:\/\/biolinecorp.ca\/?s={search_term_string}"},"query-input":{"@type":"PropertyValueSpecification","valueRequired":true,"valueName":"search_term_string"}}],"inLanguage":"es"},{"@type":"Organization","@id":"https:\/\/biolinecorp.ca\/#organization","name":"Corporaci\u00f3n Bioline","url":"https:\/\/biolinecorp.ca\/","logo":{"@type":"ImageObject","inLanguage":"es","@id":"https:\/\/biolinecorp.ca\/#\/schema\/logo\/image\/","url":"https:\/\/biolinecorp.ca\/wp-content\/uploads\/2018\/02\/Bioline_logo.png","contentUrl":"https:\/\/biolinecorp.ca\/wp-content\/uploads\/2018\/02\/Bioline_logo.png","width":667,"height":181,"caption":"Bioline Corporation"},"image":{"@id":"https:\/\/biolinecorp.ca\/#\/schema\/logo\/image\/"},"sameAs":["https:\/\/www.facebook.com\/BiolineCorp\/","https:\/\/x.com\/BiolineCorp","https:\/\/www.linkedin.com\/company\/bioline-corp\/","https:\/\/www.youtube.com\/channel\/UCpD4bbIdegjthmdriZ2SAow"]}]}},"_links":{"self":[{"href":"https:\/\/biolinecorp.ca\/es\/wp-json\/wp\/v2\/pages\/24081","targetHints":{"allow":["GET"]}}],"collection":[{"href":"https:\/\/biolinecorp.ca\/es\/wp-json\/wp\/v2\/pages"}],"about":[{"href":"https:\/\/biolinecorp.ca\/es\/wp-json\/wp\/v2\/types\/page"}],"author":[{"embeddable":true,"href":"https:\/\/biolinecorp.ca\/es\/wp-json\/wp\/v2\/users\/2"}],"replies":[{"embeddable":true,"href":"https:\/\/biolinecorp.ca\/es\/wp-json\/wp\/v2\/comments?post=24081"}],"version-history":[{"count":0,"href":"https:\/\/biolinecorp.ca\/es\/wp-json\/wp\/v2\/pages\/24081\/revisions"}],"wp:attachment":[{"href":"https:\/\/biolinecorp.ca\/es\/wp-json\/wp\/v2\/media?parent=24081"}],"curies":[{"name":"wp","href":"https:\/\/api.w.org\/{rel}","templated":true}]}}