{"id":24079,"date":"2022-02-10T12:23:33","date_gmt":"2022-02-10T17:23:33","guid":{"rendered":"https:\/\/biolinecorp.ca\/?page_id=24079"},"modified":"2023-09-14T09:33:36","modified_gmt":"2023-09-14T13:33:36","slug":"root-and-tuber","status":"publish","type":"page","link":"https:\/\/biolinecorp.ca\/es\/raiz-y-tuberculo\/","title":{"rendered":"Ra\u00edz y tub\u00e9rculo"},"content":{"rendered":"<div style=\"height:50px\" aria-hidden=\"true\" class=\"wp-block-spacer\"><\/div>\n\n\n\n<h3 class=\"wp-block-heading has-large-font-size\" id=\"h-how-does-bioline-nbsp-help-root-and-tuber-plant-production\">\u00bfC\u00f3mo funciona BioLiNE<strong><sup>\u00ae<\/sup><\/strong>&nbsp;\u00bfAyudar a la producci\u00f3n de plantas de ra\u00edz y tub\u00e9rculos?<\/h3>\n\n\n\n<h4 class=\"wp-block-heading\" id=\"h-carrots-potatoes-beets-sweet-potatoes-yams-and-cassava\">(Zanahorias, patatas, remolachas, boniatos, \u00f1ames y yuca)<\/h4>\n\n\n\n<div style=\"height:25px\" aria-hidden=\"true\" class=\"wp-block-spacer\"><\/div>\n\n\n\n<p>BioLiNE's <a href=\"https:\/\/biolinecorp.ca\/es\/nuestra-tecnologia\/\" target=\"_blank\" rel=\"noreferrer noopener\">tecnolog\u00eda<\/a> mejora dr\u00e1sticamente el transporte y la asimilaci\u00f3n de nutrientes y otros compuestos beneficiosos para las plantas. BioLiNE<strong><sup>\u00ae<\/sup><\/strong> <a href=\"https:\/\/biolinecorp.ca\/es\/nuestros-productos\/\" target=\"_blank\" rel=\"noreferrer noopener\">productos<\/a> son los \"camioneros\" de los nutrientes y minerales. A trav\u00e9s de un proceso de <a href=\"https:\/\/biolinecorp.ca\/es\/nuestra-tecnologia\/\" target=\"_blank\" rel=\"noreferrer noopener\">Dynamic Nutrient Exchange\u2122 (Intercambio din\u00e1mico de nutrientes)<\/a>, BioLiNE<strong><sup>\u00ae<\/sup><\/strong> mitigan los problemas de transporte y desequilibrio de nutrientes. Lo hacen intercambiando continuamente nutrientes en la soluci\u00f3n del suelo, entre los microbios, las part\u00edculas del suelo y las ra\u00edces de las plantas. Esto garantiza que los nutrientes que necesita la planta lleguen a las ra\u00edces y se transporten f\u00e1cilmente a la planta. BioLiNE<strong><sup>\u00ae<\/sup><\/strong>&nbsp;La tecnolog\u00eda puede aplicarse en varias fases del desarrollo de los cultivos de ra\u00edces y tub\u00e9rculos. <\/p>\n\n\n\n<p>Ejemplo de programa de ra\u00edces y tub\u00e9rculos:<\/p>\n\n\n\n<div class=\"wp-block-columns is-layout-flex wp-container-core-columns-is-layout-9d6595d7 wp-block-columns-is-layout-flex\">\n<div class=\"wp-block-column is-layout-flow wp-block-column-is-layout-flow\" style=\"flex-basis:66.66%\">\n<ol class=\"wp-block-list\">\n<li><strong>Etapa 1:<\/strong> mezclado en tanque con fertilizante l\u00edquido para aplicaciones en surco a 1 L (32 oz) por acre<\/li>\n\n\n\n<li><strong>Etapa 2:<\/strong> mezclado en tanque con herbicida u otros aportes de nutrientes a 500 ml (17 oz) por acre<\/li>\n\n\n\n<li><strong>Etapa 3:<\/strong> mezclado en tanque con fungicida u otros insumos nutritivos a 250 mL (8 oz) por acre cada dos semanas<\/li>\n<\/ol>\n<\/div>\n\n\n\n<div class=\"wp-block-column is-layout-flow wp-block-column-is-layout-flow\" style=\"flex-basis:33.33%\">\n<div class=\"wp-block-buttons is-content-justification-center is-layout-flex wp-container-core-buttons-is-layout-16018d1d wp-block-buttons-is-layout-flex\">\n<div class=\"wp-block-button\"><a class=\"wp-block-button__link wp-element-button\" href=\"https:\/\/biolinecorp.ca\/wp-content\/uploads\/2023\/09\/20230814-BioLiNE-Potato.pdf\" target=\"_blank\" rel=\"noreferrer noopener\">Hoja de ruta de la patata<\/a><\/div>\n<\/div>\n\n\n\n<div style=\"height:10px\" aria-hidden=\"true\" class=\"wp-block-spacer\"><\/div>\n\n\n\n<div class=\"wp-block-buttons is-content-justification-center is-layout-flex wp-container-core-buttons-is-layout-16018d1d wp-block-buttons-is-layout-flex\">\n<div class=\"wp-block-button aligncenter\"><a class=\"wp-block-button__link wp-element-button\" href=\"https:\/\/biolinecorp.ca\/wp-content\/uploads\/2022\/03\/20200227-Nutrient-Use-Effeciency-Fact-Sheet-v2-print.pdf\" target=\"_blank\" rel=\"noreferrer noopener\">Folleto sobre la eficiencia en el uso de los nutrientes<\/a><\/div>\n<\/div>\n<\/div>\n<\/div>\n\n\n\n<div style=\"height:50px\" aria-hidden=\"true\" class=\"wp-block-spacer\"><\/div>\n\n\n<div class=\"w-heading heading-9 text-left\">\n    <div class=\"w-wrapper\">\n                 \n        <h2>           \n            <span>Resultados de los ensayos<\/span>        <\/h2>\n                    <\/div>\n<\/div>\n\n\n\n<div style=\"height:25px\" aria-hidden=\"true\" class=\"wp-block-spacer\"><\/div>\n\n\n\n<h2 class=\"wp-block-heading\" id=\"h-2020-potato-trials-florida\">Pruebas de patatas 2020 - Florida<\/h2>\n\n\n\n<div style=\"height:25px\" aria-hidden=\"true\" class=\"wp-block-spacer\"><\/div>\n\n\n\n<p>Sin fertilidad a\u00f1adida, las plantas de control produjeron un total de 24 patatas y las plantas tratadas con BioLiNE<strong><sup>\u00ae<\/sup><\/strong> produjo un total de 38 patatas (58,3% de aumento del rendimiento). Cuando se trat\u00f3 con fertilizante, el rendimiento aument\u00f3 a 81 patatas, sin embargo cuando se a\u00f1adi\u00f3 fertilizante con BioLiNE<strong><sup>\u00ae<\/sup><\/strong>, el rendimiento aument\u00f3 a 90 patatas (12,5% de aumento del rendimiento). La masa total de las patatas cosechadas tambi\u00e9n aument\u00f3 de 5,96 kg a 7,99 kg cuando se trataron con BioLiNE<strong><sup>\u00ae<\/sup><\/strong> (aumento de 34,1%). <\/p>\n\n\n\n<div style=\"height:20px\" aria-hidden=\"true\" class=\"wp-block-spacer\"><\/div>\n\n\n\n<div class=\"wp-block-columns is-layout-flex wp-container-core-columns-is-layout-9d6595d7 wp-block-columns-is-layout-flex\">\n<div class=\"wp-block-column is-layout-flow wp-block-column-is-layout-flow\">\n<figure class=\"wp-block-image size-full is-style-default\"><img decoding=\"async\" width=\"836\" height=\"437\" src=\"https:\/\/biolinecorp.ca\/wp-content\/uploads\/2022\/03\/Potato-1-e1646317817658.jpg\" alt=\"Patatas sin nutrientes.\" class=\"wp-image-25181\" srcset=\"https:\/\/biolinecorp.ca\/wp-content\/uploads\/2022\/03\/Potato-1-e1646317817658.jpg 836w, https:\/\/biolinecorp.ca\/wp-content\/uploads\/2022\/03\/Potato-1-e1646317817658-600x314.jpg 600w, https:\/\/biolinecorp.ca\/wp-content\/uploads\/2022\/03\/Potato-1-e1646317817658-768x401.jpg 768w, https:\/\/biolinecorp.ca\/wp-content\/uploads\/2022\/03\/Potato-1-e1646317817658-640x335.jpg 640w\" sizes=\"(max-width: 836px) 100vw, 836px\" \/><figcaption class=\"wp-element-caption\">Control - sin fertilizante (24 patatas)<\/figcaption><\/figure>\n<\/div>\n\n\n\n<div class=\"wp-block-column is-layout-flow wp-block-column-is-layout-flow\">\n<figure class=\"wp-block-image size-full is-style-default\"><img decoding=\"async\" width=\"756\" height=\"396\" src=\"https:\/\/biolinecorp.ca\/wp-content\/uploads\/2022\/03\/Potato-2-e1646317694417.jpg\" alt=\"Patatas tratadas con BioLiNE Gold y sin nutrientes.\" class=\"wp-image-25182\" srcset=\"https:\/\/biolinecorp.ca\/wp-content\/uploads\/2022\/03\/Potato-2-e1646317694417.jpg 756w, https:\/\/biolinecorp.ca\/wp-content\/uploads\/2022\/03\/Potato-2-e1646317694417-600x314.jpg 600w, https:\/\/biolinecorp.ca\/wp-content\/uploads\/2022\/03\/Potato-2-e1646317694417-640x335.jpg 640w\" sizes=\"(max-width: 756px) 100vw, 756px\" \/><figcaption class=\"wp-element-caption\">BioLiNE<strong><sup>\u00ae<\/sup><\/strong> - sin abono (38 patatas)<\/figcaption><\/figure>\n<\/div>\n\n\n\n<div class=\"wp-block-column is-layout-flow wp-block-column-is-layout-flow\">\n<figure class=\"wp-block-image size-full is-style-default\"><img decoding=\"async\" width=\"836\" height=\"441\" src=\"https:\/\/biolinecorp.ca\/wp-content\/uploads\/2022\/03\/Potato-3-1-e1646316690109.jpg\" alt=\"Patatas con todos los nutrientes.\" class=\"wp-image-25198\" srcset=\"https:\/\/biolinecorp.ca\/wp-content\/uploads\/2022\/03\/Potato-3-1-e1646316690109.jpg 836w, https:\/\/biolinecorp.ca\/wp-content\/uploads\/2022\/03\/Potato-3-1-e1646316690109-600x317.jpg 600w, https:\/\/biolinecorp.ca\/wp-content\/uploads\/2022\/03\/Potato-3-1-e1646316690109-768x405.jpg 768w, https:\/\/biolinecorp.ca\/wp-content\/uploads\/2022\/03\/Potato-3-1-e1646316690109-640x338.jpg 640w\" sizes=\"(max-width: 836px) 100vw, 836px\" \/><figcaption class=\"wp-element-caption\">Control - abono completo (81 patatas)<\/figcaption><\/figure>\n<\/div>\n\n\n\n<div class=\"wp-block-column is-layout-flow wp-block-column-is-layout-flow\">\n<figure class=\"wp-block-image size-full is-style-default\"><img decoding=\"async\" width=\"956\" height=\"504\" src=\"https:\/\/biolinecorp.ca\/wp-content\/uploads\/2022\/03\/Potato-4-e1646315924963.jpg\" alt=\"Patatas tratadas con BioLiNE Gold y nutriente completo.\" class=\"wp-image-25184\" srcset=\"https:\/\/biolinecorp.ca\/wp-content\/uploads\/2022\/03\/Potato-4-e1646315924963.jpg 956w, https:\/\/biolinecorp.ca\/wp-content\/uploads\/2022\/03\/Potato-4-e1646315924963-600x316.jpg 600w, https:\/\/biolinecorp.ca\/wp-content\/uploads\/2022\/03\/Potato-4-e1646315924963-768x405.jpg 768w, https:\/\/biolinecorp.ca\/wp-content\/uploads\/2022\/03\/Potato-4-e1646315924963-640x337.jpg 640w\" sizes=\"(max-width: 956px) 100vw, 956px\" \/><figcaption class=\"wp-element-caption\">BioLiNE<strong><sup>\u00ae<\/sup><\/strong> + abono completo (90 patatas)<\/figcaption><\/figure>\n<\/div>\n<\/div>\n\n\n\n<head><!-- Global site tag (gtag.js) - Google Ads: 781808697 --> <script async src=\"https:\/\/www.googletagmanager.com\/gtag\/js?id=AW-781808697\"><\/script> <script> window.dataLayer = window.dataLayer || []; function gtag(){dataLayer.push(arguments);} gtag('js', new Date()); gtag('config', 'AW-781808697'); gtag('config', 'AW-781808697');<\/script> <\/head>","protected":false},"excerpt":{"rendered":"<p>How Does BioLiNE\u00ae&nbsp;Help Root and Tuber Plant Production? (Carrots, potatoes, beets, sweet potatoes, yams, and cassava) BioLiNE\u2019s technology drastically improves the transport and assimilation of nutrients and other plant beneficial compounds. BioLiNE\u00ae products are the \u201ctruckers\u201d of nutrients and minerals. Through a process of Dynamic Nutrient Exchange\u2122, BioLiNE\u00ae products mitigate issues of transport and nutrient [&hellip;]<\/p>\n","protected":false},"author":2,"featured_media":0,"parent":0,"menu_order":12,"comment_status":"closed","ping_status":"closed","template":"","meta":{"_monsterinsights_skip_tracking":false,"_monsterinsights_sitenote_active":false,"_monsterinsights_sitenote_note":"","_monsterinsights_sitenote_category":0,"footnotes":""},"class_list":["post-24079","page","type-page","status-publish","hentry"],"yoast_head":"<!-- This site is optimized with the Yoast SEO Premium plugin v27.3 (Yoast SEO v27.3) - https:\/\/yoast.com\/product\/yoast-seo-premium-wordpress\/ -->\n<title>Root and Tuber -<\/title>\n<meta name=\"description\" content=\"BioLiNE\u00ae products mitigate issues of transport and nutrient imbalance by continually exchanging nutrients in the soil solution.\" \/>\n<meta name=\"robots\" content=\"index, follow, max-snippet:-1, max-image-preview:large, max-video-preview:-1\" \/>\n<link rel=\"canonical\" href=\"https:\/\/biolinecorp.ca\/es\/raiz-y-tuberculo\/\" \/>\n<meta property=\"og:locale\" content=\"es_MX\" \/>\n<meta property=\"og:type\" content=\"article\" \/>\n<meta property=\"og:title\" content=\"Root and Tuber\" \/>\n<meta property=\"og:description\" content=\"BioLiNE\u00ae products mitigate issues of transport and nutrient imbalance by continually exchanging nutrients in the soil solution.\" \/>\n<meta property=\"og:url\" content=\"https:\/\/biolinecorp.ca\/es\/raiz-y-tuberculo\/\" \/>\n<meta property=\"article:publisher\" content=\"https:\/\/www.facebook.com\/BiolineCorp\/\" \/>\n<meta property=\"article:modified_time\" content=\"2023-09-14T13:33:36+00:00\" \/>\n<meta property=\"og:image\" content=\"https:\/\/biolinecorp.ca\/wp-content\/uploads\/2022\/03\/Potato-1-e1646317817658.jpg\" \/>\n<meta name=\"twitter:card\" content=\"summary_large_image\" \/>\n<meta name=\"twitter:site\" content=\"@BiolineCorp\" \/>\n<meta name=\"twitter:label1\" content=\"Tiempo de lectura\" \/>\n\t<meta name=\"twitter:data1\" content=\"3 minutos\" \/>\n<script type=\"application\/ld+json\" class=\"yoast-schema-graph\">{\"@context\":\"https:\\\/\\\/schema.org\",\"@graph\":[{\"@type\":\"WebPage\",\"@id\":\"https:\\\/\\\/biolinecorp.ca\\\/en_ca\\\/root-and-tuber\\\/\",\"url\":\"https:\\\/\\\/biolinecorp.ca\\\/en_ca\\\/root-and-tuber\\\/\",\"name\":\"Root and Tuber -\",\"isPartOf\":{\"@id\":\"https:\\\/\\\/biolinecorp.ca\\\/#website\"},\"primaryImageOfPage\":{\"@id\":\"https:\\\/\\\/biolinecorp.ca\\\/en_ca\\\/root-and-tuber\\\/#primaryimage\"},\"image\":{\"@id\":\"https:\\\/\\\/biolinecorp.ca\\\/en_ca\\\/root-and-tuber\\\/#primaryimage\"},\"thumbnailUrl\":\"https:\\\/\\\/biolinecorp.ca\\\/wp-content\\\/uploads\\\/2022\\\/03\\\/Potato-1-e1646317817658.jpg\",\"datePublished\":\"2022-02-10T17:23:33+00:00\",\"dateModified\":\"2023-09-14T13:33:36+00:00\",\"description\":\"BioLiNE\u00ae products mitigate issues of transport and nutrient imbalance by continually exchanging nutrients in the soil solution.\",\"breadcrumb\":{\"@id\":\"https:\\\/\\\/biolinecorp.ca\\\/en_ca\\\/root-and-tuber\\\/#breadcrumb\"},\"inLanguage\":\"es\",\"potentialAction\":[{\"@type\":\"ReadAction\",\"target\":[\"https:\\\/\\\/biolinecorp.ca\\\/en_ca\\\/root-and-tuber\\\/\"]}]},{\"@type\":\"ImageObject\",\"inLanguage\":\"es\",\"@id\":\"https:\\\/\\\/biolinecorp.ca\\\/en_ca\\\/root-and-tuber\\\/#primaryimage\",\"url\":\"https:\\\/\\\/biolinecorp.ca\\\/wp-content\\\/uploads\\\/2022\\\/03\\\/Potato-1-e1646317817658.jpg\",\"contentUrl\":\"https:\\\/\\\/biolinecorp.ca\\\/wp-content\\\/uploads\\\/2022\\\/03\\\/Potato-1-e1646317817658.jpg\"},{\"@type\":\"BreadcrumbList\",\"@id\":\"https:\\\/\\\/biolinecorp.ca\\\/en_ca\\\/root-and-tuber\\\/#breadcrumb\",\"itemListElement\":[{\"@type\":\"ListItem\",\"position\":1,\"name\":\"Home\",\"item\":\"https:\\\/\\\/biolinecorp.ca\\\/en_ca\\\/\"},{\"@type\":\"ListItem\",\"position\":2,\"name\":\"Root and Tuber\"}]},{\"@type\":\"WebSite\",\"@id\":\"https:\\\/\\\/biolinecorp.ca\\\/#website\",\"url\":\"https:\\\/\\\/biolinecorp.ca\\\/\",\"name\":\"BioLine Corporation\",\"description\":\"\",\"publisher\":{\"@id\":\"https:\\\/\\\/biolinecorp.ca\\\/#organization\"},\"potentialAction\":[{\"@type\":\"SearchAction\",\"target\":{\"@type\":\"EntryPoint\",\"urlTemplate\":\"https:\\\/\\\/biolinecorp.ca\\\/?s={search_term_string}\"},\"query-input\":{\"@type\":\"PropertyValueSpecification\",\"valueRequired\":true,\"valueName\":\"search_term_string\"}}],\"inLanguage\":\"es\"},{\"@type\":\"Organization\",\"@id\":\"https:\\\/\\\/biolinecorp.ca\\\/#organization\",\"name\":\"Bioline Corporation\",\"url\":\"https:\\\/\\\/biolinecorp.ca\\\/\",\"logo\":{\"@type\":\"ImageObject\",\"inLanguage\":\"es\",\"@id\":\"https:\\\/\\\/biolinecorp.ca\\\/#\\\/schema\\\/logo\\\/image\\\/\",\"url\":\"https:\\\/\\\/biolinecorp.ca\\\/wp-content\\\/uploads\\\/2018\\\/02\\\/Bioline_logo.png\",\"contentUrl\":\"https:\\\/\\\/biolinecorp.ca\\\/wp-content\\\/uploads\\\/2018\\\/02\\\/Bioline_logo.png\",\"width\":667,\"height\":181,\"caption\":\"Bioline Corporation\"},\"image\":{\"@id\":\"https:\\\/\\\/biolinecorp.ca\\\/#\\\/schema\\\/logo\\\/image\\\/\"},\"sameAs\":[\"https:\\\/\\\/www.facebook.com\\\/BiolineCorp\\\/\",\"https:\\\/\\\/x.com\\\/BiolineCorp\",\"https:\\\/\\\/www.linkedin.com\\\/company\\\/bioline-corp\\\/\",\"https:\\\/\\\/www.youtube.com\\\/channel\\\/UCpD4bbIdegjthmdriZ2SAow\"]}]}<\/script>\n<!-- \/ Yoast SEO Premium plugin. -->","yoast_head_json":{"title":"Ra\u00edz y tub\u00e9rculo -","description":"Los productos BioLiNE\u00ae mitigan los problemas de transporte y desequilibrio de nutrientes mediante el intercambio continuo de nutrientes en la soluci\u00f3n del suelo.","robots":{"index":"index","follow":"follow","max-snippet":"max-snippet:-1","max-image-preview":"max-image-preview:large","max-video-preview":"max-video-preview:-1"},"canonical":"https:\/\/biolinecorp.ca\/es\/raiz-y-tuberculo\/","og_locale":"es_MX","og_type":"article","og_title":"Root and Tuber","og_description":"BioLiNE\u00ae products mitigate issues of transport and nutrient imbalance by continually exchanging nutrients in the soil solution.","og_url":"https:\/\/biolinecorp.ca\/es\/raiz-y-tuberculo\/","article_publisher":"https:\/\/www.facebook.com\/BiolineCorp\/","article_modified_time":"2023-09-14T13:33:36+00:00","og_image":[{"url":"https:\/\/biolinecorp.ca\/wp-content\/uploads\/2022\/03\/Potato-1-e1646317817658.jpg","type":"","width":"","height":""}],"twitter_card":"summary_large_image","twitter_site":"@BiolineCorp","twitter_misc":{"Tiempo de lectura":"3 minutos"},"schema":{"@context":"https:\/\/schema.org","@graph":[{"@type":"WebPage","@id":"https:\/\/biolinecorp.ca\/en_ca\/root-and-tuber\/","url":"https:\/\/biolinecorp.ca\/en_ca\/root-and-tuber\/","name":"Ra\u00edz y tub\u00e9rculo -","isPartOf":{"@id":"https:\/\/biolinecorp.ca\/#website"},"primaryImageOfPage":{"@id":"https:\/\/biolinecorp.ca\/en_ca\/root-and-tuber\/#primaryimage"},"image":{"@id":"https:\/\/biolinecorp.ca\/en_ca\/root-and-tuber\/#primaryimage"},"thumbnailUrl":"https:\/\/biolinecorp.ca\/wp-content\/uploads\/2022\/03\/Potato-1-e1646317817658.jpg","datePublished":"2022-02-10T17:23:33+00:00","dateModified":"2023-09-14T13:33:36+00:00","description":"Los productos BioLiNE\u00ae mitigan los problemas de transporte y desequilibrio de nutrientes mediante el intercambio continuo de nutrientes en la soluci\u00f3n del suelo.","breadcrumb":{"@id":"https:\/\/biolinecorp.ca\/en_ca\/root-and-tuber\/#breadcrumb"},"inLanguage":"es","potentialAction":[{"@type":"ReadAction","target":["https:\/\/biolinecorp.ca\/en_ca\/root-and-tuber\/"]}]},{"@type":"ImageObject","inLanguage":"es","@id":"https:\/\/biolinecorp.ca\/en_ca\/root-and-tuber\/#primaryimage","url":"https:\/\/biolinecorp.ca\/wp-content\/uploads\/2022\/03\/Potato-1-e1646317817658.jpg","contentUrl":"https:\/\/biolinecorp.ca\/wp-content\/uploads\/2022\/03\/Potato-1-e1646317817658.jpg"},{"@type":"BreadcrumbList","@id":"https:\/\/biolinecorp.ca\/en_ca\/root-and-tuber\/#breadcrumb","itemListElement":[{"@type":"ListItem","position":1,"name":"Home","item":"https:\/\/biolinecorp.ca\/en_ca\/"},{"@type":"ListItem","position":2,"name":"Root and Tuber"}]},{"@type":"WebSite","@id":"https:\/\/biolinecorp.ca\/#website","url":"https:\/\/biolinecorp.ca\/","name":"Corporaci\u00f3n BioLine","description":"","publisher":{"@id":"https:\/\/biolinecorp.ca\/#organization"},"potentialAction":[{"@type":"SearchAction","target":{"@type":"EntryPoint","urlTemplate":"https:\/\/biolinecorp.ca\/?s={search_term_string}"},"query-input":{"@type":"PropertyValueSpecification","valueRequired":true,"valueName":"search_term_string"}}],"inLanguage":"es"},{"@type":"Organization","@id":"https:\/\/biolinecorp.ca\/#organization","name":"Corporaci\u00f3n Bioline","url":"https:\/\/biolinecorp.ca\/","logo":{"@type":"ImageObject","inLanguage":"es","@id":"https:\/\/biolinecorp.ca\/#\/schema\/logo\/image\/","url":"https:\/\/biolinecorp.ca\/wp-content\/uploads\/2018\/02\/Bioline_logo.png","contentUrl":"https:\/\/biolinecorp.ca\/wp-content\/uploads\/2018\/02\/Bioline_logo.png","width":667,"height":181,"caption":"Bioline Corporation"},"image":{"@id":"https:\/\/biolinecorp.ca\/#\/schema\/logo\/image\/"},"sameAs":["https:\/\/www.facebook.com\/BiolineCorp\/","https:\/\/x.com\/BiolineCorp","https:\/\/www.linkedin.com\/company\/bioline-corp\/","https:\/\/www.youtube.com\/channel\/UCpD4bbIdegjthmdriZ2SAow"]}]}},"_links":{"self":[{"href":"https:\/\/biolinecorp.ca\/es\/wp-json\/wp\/v2\/pages\/24079","targetHints":{"allow":["GET"]}}],"collection":[{"href":"https:\/\/biolinecorp.ca\/es\/wp-json\/wp\/v2\/pages"}],"about":[{"href":"https:\/\/biolinecorp.ca\/es\/wp-json\/wp\/v2\/types\/page"}],"author":[{"embeddable":true,"href":"https:\/\/biolinecorp.ca\/es\/wp-json\/wp\/v2\/users\/2"}],"replies":[{"embeddable":true,"href":"https:\/\/biolinecorp.ca\/es\/wp-json\/wp\/v2\/comments?post=24079"}],"version-history":[{"count":0,"href":"https:\/\/biolinecorp.ca\/es\/wp-json\/wp\/v2\/pages\/24079\/revisions"}],"wp:attachment":[{"href":"https:\/\/biolinecorp.ca\/es\/wp-json\/wp\/v2\/media?parent=24079"}],"curies":[{"name":"wp","href":"https:\/\/api.w.org\/{rel}","templated":true}]}}