{"id":24077,"date":"2022-02-10T12:23:07","date_gmt":"2022-02-10T17:23:07","guid":{"rendered":"https:\/\/biolinecorp.ca\/?page_id=24077"},"modified":"2023-09-14T09:35:29","modified_gmt":"2023-09-14T13:35:29","slug":"cereals","status":"publish","type":"page","link":"https:\/\/biolinecorp.ca\/es\/cereales-2\/","title":{"rendered":"Cereales"},"content":{"rendered":"<div style=\"height:75px\" aria-hidden=\"true\" class=\"wp-block-spacer\"><\/div>\n\n\n\n<h3 class=\"wp-block-heading has-large-font-size\" id=\"h-how-does-bioline-help-cereal-production\">\u00bfC\u00f3mo funciona BioLiNE<strong><sup>\u00ae<\/sup><\/strong> \u00bfAyudar a la producci\u00f3n de cereales?<\/h3>\n\n\n\n<h4 class=\"wp-block-heading\" id=\"h-wheat-oats-barley-rye-sorghum-quinoa-buckwheat-and-millet\">(Trigo, avena, cebada, centeno, sorgo, quinoa, trigo sarraceno y mijo)<\/h4>\n\n\n\n<div style=\"height:25px\" aria-hidden=\"true\" class=\"wp-block-spacer\"><\/div>\n\n\n\n<p style=\"font-size:18px\">Nuestro BioLiNE<strong><sup>\u00ae<\/sup><\/strong> <a href=\"https:\/\/biolinecorp.ca\/es\/nuestra-tecnologia\/\" target=\"_blank\" rel=\"noreferrer noopener\">tecnolog\u00eda<\/a> transporta y asimila los nutrientes y otros ingredientes beneficiosos para las plantas de forma m\u00e1s eficiente. BioLiNE<strong><sup>\u00ae<\/sup><\/strong> <a href=\"https:\/\/biolinecorp.ca\/es\/nuestros-productos\/\" target=\"_blank\" rel=\"noreferrer noopener\">productos<\/a> mejorar la salud de los cultivos durante todo su ciclo de vida, desde la siembra hasta la cosecha. El sistema BioLiNE<strong><sup>\u00ae<\/sup><\/strong> suministran electrolitos y establecen el equilibrio electroqu\u00edmico en las plantas. El resultado es una emergencia r\u00e1pida y uniforme con un aumento de las defensas naturales contra el estr\u00e9s. BioLiNE<strong><sup>\u00ae<\/sup><\/strong>&nbsp;La tecnolog\u00eda puede aplicarse en varias etapas del desarrollo de los cultivos de cereales, entre ellas:<\/p>\n\n\n\n<div class=\"wp-block-columns is-layout-flex wp-container-core-columns-is-layout-9d6595d7 wp-block-columns-is-layout-flex\">\n<div class=\"wp-block-column is-layout-flow wp-block-column-is-layout-flow\" style=\"flex-basis:66.66%\">\n<ol class=\"wp-block-list\" id=\"block-8c1baee4-db6f-482d-b626-fe963985f6ba\" style=\"font-size:18px\">\n<li><strong>En la plantaci\u00f3n:<\/strong> Utilizar como capa de siembra, impregnada en fertilizantes secos, o mezclada en tanque con fertilizantes l\u00edquidos para aplicaciones en el surco o en el alba\u00f1al<\/li>\n\n\n\n<li><strong>Etapa 4 a 6:<\/strong> mezclado en tanque con herbicida u otros aportes de nutrientes<\/li>\n\n\n\n<li><strong>Etapa 9 a 10:<\/strong> mezclado en tanque con fungicida u otros aportes de nutrientes<\/li>\n\n\n\n<li><strong>Etapa 10 a 11:<\/strong> mezclado en tanque con fungicida u otros aportes de nutrientes<\/li>\n<\/ol>\n<\/div>\n\n\n\n<div class=\"wp-block-column is-vertically-aligned-center is-layout-flow wp-block-column-is-layout-flow\" style=\"flex-basis:33.33%\">\n<div class=\"wp-block-buttons is-layout-flex wp-block-buttons-is-layout-flex\">\n<div class=\"wp-block-button aligncenter\"><a class=\"wp-block-button__link wp-element-button\" href=\"https:\/\/biolinecorp.ca\/wp-content\/uploads\/2023\/09\/20230814-BioLiNE-Cereals.pdf\" target=\"_blank\" rel=\"noreferrer noopener\">Hoja informativa sobre los cereales<\/a><\/div>\n<\/div>\n\n\n\n<div style=\"height:10px\" aria-hidden=\"true\" class=\"wp-block-spacer\"><\/div>\n\n\n\n<div class=\"wp-block-buttons is-layout-flex wp-block-buttons-is-layout-flex\">\n<div class=\"wp-block-button\"><a class=\"wp-block-button__link wp-element-button\" href=\"https:\/\/biolinecorp.ca\/wp-content\/uploads\/2023\/04\/20220716-Bioline-Abiotic-Stress-Tolerance-Flyer-V3-FINAL.pdf\" target=\"_blank\" rel=\"noreferrer noopener\">Folleto sobre la tolerancia al calor y a la sequ\u00eda<\/a><\/div>\n<\/div>\n<\/div>\n<\/div>\n\n\n\n<div style=\"height:50px\" aria-hidden=\"true\" class=\"wp-block-spacer\"><\/div>\n\n\n<div class=\"w-heading heading-9 text-left\">\n    <div class=\"w-wrapper\">\n                 \n        <h2>           \n            <span>Momento y dosis de aplicaci\u00f3n de BioLiNE\u00ae recomendados<\/span>        <\/h2>\n                    <\/div>\n<\/div>\n\n\n\n<div style=\"height:50px\" aria-hidden=\"true\" class=\"wp-block-spacer\"><\/div>\n\n\n<div class=\"wp-block-image is-style-default\">\n<figure class=\"aligncenter size-large\"><img decoding=\"async\" width=\"1024\" height=\"535\" src=\"https:\/\/biolinecorp.ca\/wp-content\/uploads\/2022\/02\/20200224-Wheat-Stages-Application-v2-1024x535.png\" alt=\"\" class=\"wp-image-24528\" srcset=\"https:\/\/biolinecorp.ca\/wp-content\/uploads\/2022\/02\/20200224-Wheat-Stages-Application-v2-1024x535.png 1024w, https:\/\/biolinecorp.ca\/wp-content\/uploads\/2022\/02\/20200224-Wheat-Stages-Application-v2-600x313.png 600w, https:\/\/biolinecorp.ca\/wp-content\/uploads\/2022\/02\/20200224-Wheat-Stages-Application-v2-768x401.png 768w, https:\/\/biolinecorp.ca\/wp-content\/uploads\/2022\/02\/20200224-Wheat-Stages-Application-v2-640x334.png 640w, https:\/\/biolinecorp.ca\/wp-content\/uploads\/2022\/02\/20200224-Wheat-Stages-Application-v2-1280x668.png 1280w, https:\/\/biolinecorp.ca\/wp-content\/uploads\/2022\/02\/20200224-Wheat-Stages-Application-v2.png 1494w\" sizes=\"(max-width: 1024px) 100vw, 1024px\" \/><\/figure>\n<\/div>\n\n\n<div style=\"height:75px\" aria-hidden=\"true\" class=\"wp-block-spacer\"><\/div>\n\n\n<div class=\"w-heading heading-9 text-left\">\n    <div class=\"w-wrapper\">\n                 \n        <h2>           \n            <span>Resultados de los ensayos<\/span>        <\/h2>\n                    <\/div>\n<\/div>\n\n\n\n<div style=\"height:50px\" aria-hidden=\"true\" class=\"wp-block-spacer\"><\/div>\n\n\n\n<div class=\"wp-block-media-text alignwide is-stacked-on-mobile\" style=\"grid-template-columns:45% auto\"><figure class=\"wp-block-media-text__media\"><img decoding=\"async\" width=\"1024\" height=\"695\" src=\"https:\/\/biolinecorp.ca\/wp-content\/uploads\/2022\/02\/Winter-Wheat-1-1024x695.png\" alt=\"\" class=\"wp-image-24676 size-full\" srcset=\"https:\/\/biolinecorp.ca\/wp-content\/uploads\/2022\/02\/Winter-Wheat-1-1024x695.png 1024w, https:\/\/biolinecorp.ca\/wp-content\/uploads\/2022\/02\/Winter-Wheat-1-600x407.png 600w, https:\/\/biolinecorp.ca\/wp-content\/uploads\/2022\/02\/Winter-Wheat-1-768x521.png 768w, https:\/\/biolinecorp.ca\/wp-content\/uploads\/2022\/02\/Winter-Wheat-1-1536x1043.png 1536w, https:\/\/biolinecorp.ca\/wp-content\/uploads\/2022\/02\/Winter-Wheat-1-640x435.png 640w, https:\/\/biolinecorp.ca\/wp-content\/uploads\/2022\/02\/Winter-Wheat-1-1280x869.png 1280w, https:\/\/biolinecorp.ca\/wp-content\/uploads\/2022\/02\/Winter-Wheat-1.png 1620w\" sizes=\"(max-width: 1024px) 100vw, 1024px\" \/><\/figure><div class=\"wp-block-media-text__content\">\n<h3 class=\"wp-block-heading has-large-font-size\" id=\"h-winter-wheat-germination\">Germinaci\u00f3n del trigo de invierno<\/h3>\n\n\n\n<p style=\"font-size:18px\">Se utilizaron semillas de trigo de invierno para demostrar los efectos positivos de BioLiNE<strong><sup>\u00ae<\/sup><\/strong> tiene en la emergencia temprana y uniforme. Treinta semillas de cada tratamiento fueron tratadas con la misma cantidad de agua y luz solar. Sin embargo, el plato tratado con BioLiNE<strong><sup>\u00ae<\/sup><\/strong> El oro muestra un desarrollo m\u00e1s uniforme del trigo en comparaci\u00f3n con el control para el mismo per\u00edodo de crecimiento. <\/p>\n\n\n\n<div class=\"wp-block-buttons is-layout-flex wp-block-buttons-is-layout-flex\">\n<div class=\"wp-block-button\"><a class=\"wp-block-button__link wp-element-button\" href=\"https:\/\/biolinecorp.ca\/wp-content\/uploads\/2022\/02\/20200909-Winter-wheat-planting-v2.pdf\" target=\"_blank\" rel=\"noreferrer noopener\">Art\u00edculo sobre la siembra del trigo de invierno <\/a><\/div>\n<\/div>\n<\/div><\/div>\n\n\n\n<div style=\"height:50px\" aria-hidden=\"true\" class=\"wp-block-spacer\"><\/div>\n\n\n\n<hr class=\"wp-block-separator has-css-opacity\"\/>\n\n\n\n<div style=\"height:50px\" aria-hidden=\"true\" class=\"wp-block-spacer\"><\/div>\n\n\n\n<div class=\"wp-block-media-text alignwide is-stacked-on-mobile\" style=\"grid-template-columns:45% auto\"><figure class=\"wp-block-media-text__media\"><img decoding=\"async\" width=\"1024\" height=\"683\" src=\"https:\/\/biolinecorp.ca\/wp-content\/uploads\/2022\/02\/1628025015474-1024x683.jpg\" alt=\"\" class=\"wp-image-24709 size-full\" srcset=\"https:\/\/biolinecorp.ca\/wp-content\/uploads\/2022\/02\/1628025015474-1024x683.jpg 1024w, https:\/\/biolinecorp.ca\/wp-content\/uploads\/2022\/02\/1628025015474-600x400.jpg 600w, https:\/\/biolinecorp.ca\/wp-content\/uploads\/2022\/02\/1628025015474-768x512.jpg 768w, https:\/\/biolinecorp.ca\/wp-content\/uploads\/2022\/02\/1628025015474-1536x1024.jpg 1536w, https:\/\/biolinecorp.ca\/wp-content\/uploads\/2022\/02\/1628025015474-640x427.jpg 640w, https:\/\/biolinecorp.ca\/wp-content\/uploads\/2022\/02\/1628025015474-1280x853.jpg 1280w, https:\/\/biolinecorp.ca\/wp-content\/uploads\/2022\/02\/1628025015474.jpg 2048w\" sizes=\"(max-width: 1024px) 100vw, 1024px\" \/><\/figure><div class=\"wp-block-media-text__content\">\n<h2 class=\"wp-block-heading has-large-font-size\" id=\"h-2021-drought-season\">2021 Temporada de sequ\u00eda<\/h2>\n\n\n\n<p>Esta imagen muestra dos campos de cebada de secano de Alberta. El de la izquierda est\u00e1 situado cerca de Drumheller, Alberta, en el coraz\u00f3n de la zona de sequ\u00eda de 2021. El de la derecha est\u00e1 situado en la zona de Hussar (Alberta). BioLiNE<strong><sup>\u00ae<\/sup><\/strong> El oro fue una herramienta continua en la que confiaron ambos cultivadores la pasada temporada para gestionar sus cultivos. El cultivo de la izquierda fue tratado dos veces con BioLiNE<strong><sup>\u00ae<\/sup><\/strong> Gold y aunque la cosecha fue m\u00e1s fina que la mayor\u00eda de los a\u00f1os, resisti\u00f3 el estr\u00e9s de la sequ\u00eda. El cultivador de la derecha utiliz\u00f3 BioLiNE<strong><sup>\u00ae<\/sup><\/strong> en todos los acres de cultivo de esta finca y mostr\u00f3 un ahijamiento extra y un desarrollo avanzado de la cabeza en su cultivo de cereal en comparaci\u00f3n con otros campos. <\/p>\n<\/div><\/div>\n\n\n\n<div style=\"height:50px\" aria-hidden=\"true\" class=\"wp-block-spacer\"><\/div>\n\n\n\n<hr class=\"wp-block-separator has-css-opacity\"\/>\n\n\n\n<div style=\"height:50px\" aria-hidden=\"true\" class=\"wp-block-spacer\"><\/div>\n\n\n\n<h3 class=\"wp-block-heading has-large-font-size\" id=\"h-drought-stress-amelioration-wintering-hills-colony-2021\"><strong>Mejoramiento del estr\u00e9s por sequ\u00eda Colonia de invierno en las colinas 2021<\/strong><\/h3>\n\n\n\n<div style=\"height:10px\" aria-hidden=\"true\" class=\"wp-block-spacer\"><\/div>\n\n\n\n<p>El rendimiento medio del trigo en el sur de Alberta en 2020 fue de 53,6 bu\/acre. Debido a un a\u00f1o de intensa sequ\u00eda en 2021, este promedio disminuy\u00f3 a 17,8 bu\/acre (rendimiento 33%) (<a href=\"https:\/\/open.alberta.ca\/dataset\/664f3ae9-db2a-4e84-91a8-59c7b379a050\/resource\/c2b9e699-667d-4ac1-87b6-bd1c9115c03c\/download\/af-itrb-alberta-crop-report-2021-10-05.pdf\" target=\"_blank\" rel=\"noreferrer noopener\">Informe sobre las cosechas de Alberta<\/a>). Con la aplicaci\u00f3n de <a href=\"https:\/\/biolinecorp.ca\/es\/oro-biologico-2\/\" target=\"_blank\" rel=\"noreferrer noopener\">BioLiNE<strong><sup>\u00ae<\/sup><\/strong>&nbsp;Oro<\/a> en 6 granjas diferentes de la Colonia de Wintering Hills, el rendimiento medio del trigo aument\u00f3 a 33,4 bu\/acre, (62% de rendimiento en comparaci\u00f3n con los datos de 2020 y 87,9% de aumento sobre la media del condado en 2021).<\/p>\n\n\n\n<p>El rendimiento medio de la cebada en el sur de Alberta en 2020 fue de 73,9 bu\/acre. Debido a un a\u00f1o de intensa sequ\u00eda en 2021, este promedio disminuy\u00f3 a 20,5 bu\/acre (rendimiento de 28%) (Alberta Crop Report). Con la aplicaci\u00f3n de <a href=\"https:\/\/biolinecorp.ca\/es\/oro-biologico-2\/\" target=\"_blank\" rel=\"noreferrer noopener\">BioLiNE<strong><sup>\u00ae<\/sup><\/strong>&nbsp;Oro<\/a> en 5 granjas diferentes de la Colonia de Wintering Hills, el rendimiento medio del trigo aument\u00f3 a 45,6 bu\/acre, (62% de rendimiento en comparaci\u00f3n con los datos de 2020 y 122,4% de aumento sobre la media del condado en 2021).<\/p>\n\n\n\n<div style=\"height:25px\" aria-hidden=\"true\" class=\"wp-block-spacer\"><\/div>\n\n\n<div class=\"wp-block-image is-style-default\">\n<figure class=\"aligncenter size-large\"><img decoding=\"async\" width=\"1024\" height=\"202\" src=\"https:\/\/biolinecorp.ca\/wp-content\/uploads\/2022\/03\/Wintering-Hills-Wheat-and-Barley-1024x202.png\" alt=\"\" class=\"wp-image-25541\" srcset=\"https:\/\/biolinecorp.ca\/wp-content\/uploads\/2022\/03\/Wintering-Hills-Wheat-and-Barley-1024x202.png 1024w, https:\/\/biolinecorp.ca\/wp-content\/uploads\/2022\/03\/Wintering-Hills-Wheat-and-Barley-600x119.png 600w, https:\/\/biolinecorp.ca\/wp-content\/uploads\/2022\/03\/Wintering-Hills-Wheat-and-Barley-768x152.png 768w, https:\/\/biolinecorp.ca\/wp-content\/uploads\/2022\/03\/Wintering-Hills-Wheat-and-Barley-640x127.png 640w, https:\/\/biolinecorp.ca\/wp-content\/uploads\/2022\/03\/Wintering-Hills-Wheat-and-Barley-1280x253.png 1280w, https:\/\/biolinecorp.ca\/wp-content\/uploads\/2022\/03\/Wintering-Hills-Wheat-and-Barley.png 1325w\" sizes=\"(max-width: 1024px) 100vw, 1024px\" \/><\/figure>\n<\/div>\n\n\n<div style=\"height:50px\" aria-hidden=\"true\" class=\"wp-block-spacer\"><\/div>\n\n\n\n<hr class=\"wp-block-separator has-css-opacity\"\/>\n\n\n\n<div style=\"height:50px\" aria-hidden=\"true\" class=\"wp-block-spacer\"><\/div>\n\n\n\n<h3 class=\"wp-block-heading has-large-font-size\" id=\"h-using-bioline-with-seed-treatment-western-canada-2020\">Uso de BioLiNE<strong><sup>\u00ae<\/sup><\/strong> con tratamiento de semillas - Oeste de Canad\u00e1 2020<\/h3>\n\n\n\n<div style=\"height:25px\" aria-hidden=\"true\" class=\"wp-block-spacer\"><\/div>\n\n\n\n<p><strong>Colonia de Midland (Taber, AB)<\/strong>: El trigo sali\u00f3 dos d\u00edas antes con <a href=\"https:\/\/biolinecorp.ca\/es\/oro-biologico-2\/\" target=\"_blank\" rel=\"noreferrer noopener\">BioLiNE<strong><sup>\u00ae<\/sup><\/strong> Oro<\/a> semillas tratadas frente al control. La cobertura del tratamiento de las semillas mejor\u00f3 con BioLiNE Gold<strong><sup>\u00ae<\/sup><\/strong> en la mezcla de tratamiento.<\/p>\n\n\n\n<p><strong>Todd Duke (Estevan, SK)<\/strong>: Trigo tratado<strong><sup>\u00ae<\/sup><\/strong> con BioLiNE emergi\u00f3 temprano y este efecto se mantuvo durante toda la vida del cultivo, resultando en un aumento del rendimiento de 5 bu\/ac sobre el control.<\/p>\n\n\n\n<head><!-- Global site tag (gtag.js) - Google Ads: 781808697 --> <script async src=\"https:\/\/www.googletagmanager.com\/gtag\/js?id=AW-781808697\"><\/script> <script> window.dataLayer = window.dataLayer || []; function gtag(){dataLayer.push(arguments);} gtag('js', new Date()); gtag('config', 'AW-781808697'); gtag('config', 'AW-781808697');<\/script> <\/head>","protected":false},"excerpt":{"rendered":"<p>How Does BioLiNE\u00ae Help Cereal Production? (Wheat, oats, barley, rye, sorghum, quinoa, buckwheat, and millet) Our BioLiNE\u00ae technology transports and assimilates nutrients, and other plant beneficial ingredients more efficiently. BioLiNE\u00ae products enhance crop health through their entire life-cycle from seeding to harvest. The BioLiNE\u00ae products supply electrolytes and establish electrochemical balance in plants. The result [&hellip;]<\/p>\n","protected":false},"author":2,"featured_media":0,"parent":0,"menu_order":13,"comment_status":"closed","ping_status":"closed","template":"","meta":{"_monsterinsights_skip_tracking":false,"_monsterinsights_sitenote_active":false,"_monsterinsights_sitenote_note":"","_monsterinsights_sitenote_category":0,"footnotes":""},"class_list":["post-24077","page","type-page","status-publish","hentry"],"yoast_head":"<!-- This site is optimized with the Yoast SEO Premium plugin v27.3 (Yoast SEO v27.3) - https:\/\/yoast.com\/product\/yoast-seo-premium-wordpress\/ -->\n<title>Cereals -<\/title>\n<meta name=\"description\" content=\"BioLiNE\u00ae products enhance crop health through their entire life-cycle from seeding to harvest by increasing natural defenses against stress.\" \/>\n<meta name=\"robots\" content=\"index, follow, max-snippet:-1, max-image-preview:large, max-video-preview:-1\" \/>\n<link rel=\"canonical\" href=\"https:\/\/biolinecorp.ca\/es\/cereales-2\/\" \/>\n<meta property=\"og:locale\" content=\"es_MX\" \/>\n<meta property=\"og:type\" content=\"article\" \/>\n<meta property=\"og:title\" content=\"Cereals\" \/>\n<meta property=\"og:description\" content=\"BioLiNE\u00ae products enhance crop health through their entire life-cycle from seeding to harvest by increasing natural defenses against stress.\" \/>\n<meta property=\"og:url\" content=\"https:\/\/biolinecorp.ca\/es\/cereales-2\/\" \/>\n<meta property=\"article:publisher\" content=\"https:\/\/www.facebook.com\/BiolineCorp\/\" \/>\n<meta property=\"article:modified_time\" content=\"2023-09-14T13:35:29+00:00\" \/>\n<meta property=\"og:image\" content=\"https:\/\/biolinecorp.ca\/wp-content\/uploads\/2022\/02\/20200224-Wheat-Stages-Application-v2-1024x535.png\" \/>\n<meta name=\"twitter:card\" content=\"summary_large_image\" \/>\n<meta name=\"twitter:site\" content=\"@BiolineCorp\" \/>\n<meta name=\"twitter:label1\" content=\"Tiempo de lectura\" \/>\n\t<meta name=\"twitter:data1\" content=\"4 minutos\" \/>\n<script type=\"application\/ld+json\" class=\"yoast-schema-graph\">{\"@context\":\"https:\\\/\\\/schema.org\",\"@graph\":[{\"@type\":\"WebPage\",\"@id\":\"http:\\\/\\\/biolinecorp.ca\\\/en_ca\\\/cereals\\\/\",\"url\":\"http:\\\/\\\/biolinecorp.ca\\\/en_ca\\\/cereals\\\/\",\"name\":\"Cereals -\",\"isPartOf\":{\"@id\":\"https:\\\/\\\/biolinecorp.ca\\\/#website\"},\"primaryImageOfPage\":{\"@id\":\"http:\\\/\\\/biolinecorp.ca\\\/en_ca\\\/cereals\\\/#primaryimage\"},\"image\":{\"@id\":\"http:\\\/\\\/biolinecorp.ca\\\/en_ca\\\/cereals\\\/#primaryimage\"},\"thumbnailUrl\":\"https:\\\/\\\/biolinecorp.ca\\\/wp-content\\\/uploads\\\/2022\\\/02\\\/20200224-Wheat-Stages-Application-v2-1024x535.png\",\"datePublished\":\"2022-02-10T17:23:07+00:00\",\"dateModified\":\"2023-09-14T13:35:29+00:00\",\"description\":\"BioLiNE\u00ae products enhance crop health through their entire life-cycle from seeding to harvest by increasing natural defenses against stress.\",\"breadcrumb\":{\"@id\":\"http:\\\/\\\/biolinecorp.ca\\\/en_ca\\\/cereals\\\/#breadcrumb\"},\"inLanguage\":\"es\",\"potentialAction\":[{\"@type\":\"ReadAction\",\"target\":[\"http:\\\/\\\/biolinecorp.ca\\\/en_ca\\\/cereals\\\/\"]}]},{\"@type\":\"ImageObject\",\"inLanguage\":\"es\",\"@id\":\"http:\\\/\\\/biolinecorp.ca\\\/en_ca\\\/cereals\\\/#primaryimage\",\"url\":\"https:\\\/\\\/biolinecorp.ca\\\/wp-content\\\/uploads\\\/2022\\\/02\\\/20200224-Wheat-Stages-Application-v2-1024x535.png\",\"contentUrl\":\"https:\\\/\\\/biolinecorp.ca\\\/wp-content\\\/uploads\\\/2022\\\/02\\\/20200224-Wheat-Stages-Application-v2-1024x535.png\"},{\"@type\":\"BreadcrumbList\",\"@id\":\"http:\\\/\\\/biolinecorp.ca\\\/en_ca\\\/cereals\\\/#breadcrumb\",\"itemListElement\":[{\"@type\":\"ListItem\",\"position\":1,\"name\":\"Home\",\"item\":\"https:\\\/\\\/biolinecorp.ca\\\/en_ca\\\/\"},{\"@type\":\"ListItem\",\"position\":2,\"name\":\"Cereals\"}]},{\"@type\":\"WebSite\",\"@id\":\"https:\\\/\\\/biolinecorp.ca\\\/#website\",\"url\":\"https:\\\/\\\/biolinecorp.ca\\\/\",\"name\":\"BioLine Corporation\",\"description\":\"\",\"publisher\":{\"@id\":\"https:\\\/\\\/biolinecorp.ca\\\/#organization\"},\"potentialAction\":[{\"@type\":\"SearchAction\",\"target\":{\"@type\":\"EntryPoint\",\"urlTemplate\":\"https:\\\/\\\/biolinecorp.ca\\\/?s={search_term_string}\"},\"query-input\":{\"@type\":\"PropertyValueSpecification\",\"valueRequired\":true,\"valueName\":\"search_term_string\"}}],\"inLanguage\":\"es\"},{\"@type\":\"Organization\",\"@id\":\"https:\\\/\\\/biolinecorp.ca\\\/#organization\",\"name\":\"Bioline Corporation\",\"url\":\"https:\\\/\\\/biolinecorp.ca\\\/\",\"logo\":{\"@type\":\"ImageObject\",\"inLanguage\":\"es\",\"@id\":\"https:\\\/\\\/biolinecorp.ca\\\/#\\\/schema\\\/logo\\\/image\\\/\",\"url\":\"https:\\\/\\\/biolinecorp.ca\\\/wp-content\\\/uploads\\\/2018\\\/02\\\/Bioline_logo.png\",\"contentUrl\":\"https:\\\/\\\/biolinecorp.ca\\\/wp-content\\\/uploads\\\/2018\\\/02\\\/Bioline_logo.png\",\"width\":667,\"height\":181,\"caption\":\"Bioline Corporation\"},\"image\":{\"@id\":\"https:\\\/\\\/biolinecorp.ca\\\/#\\\/schema\\\/logo\\\/image\\\/\"},\"sameAs\":[\"https:\\\/\\\/www.facebook.com\\\/BiolineCorp\\\/\",\"https:\\\/\\\/x.com\\\/BiolineCorp\",\"https:\\\/\\\/www.linkedin.com\\\/company\\\/bioline-corp\\\/\",\"https:\\\/\\\/www.youtube.com\\\/channel\\\/UCpD4bbIdegjthmdriZ2SAow\"]}]}<\/script>\n<!-- \/ Yoast SEO Premium plugin. -->","yoast_head_json":{"title":"Cereales -","description":"Los productos BioLiNE\u00ae mejoran la salud de los cultivos a lo largo de todo su ciclo vital, desde la siembra hasta la cosecha, aumentando las defensas naturales contra el estr\u00e9s.","robots":{"index":"index","follow":"follow","max-snippet":"max-snippet:-1","max-image-preview":"max-image-preview:large","max-video-preview":"max-video-preview:-1"},"canonical":"https:\/\/biolinecorp.ca\/es\/cereales-2\/","og_locale":"es_MX","og_type":"article","og_title":"Cereals","og_description":"BioLiNE\u00ae products enhance crop health through their entire life-cycle from seeding to harvest by increasing natural defenses against stress.","og_url":"https:\/\/biolinecorp.ca\/es\/cereales-2\/","article_publisher":"https:\/\/www.facebook.com\/BiolineCorp\/","article_modified_time":"2023-09-14T13:35:29+00:00","og_image":[{"url":"https:\/\/biolinecorp.ca\/wp-content\/uploads\/2022\/02\/20200224-Wheat-Stages-Application-v2-1024x535.png","type":"","width":"","height":""}],"twitter_card":"summary_large_image","twitter_site":"@BiolineCorp","twitter_misc":{"Tiempo de lectura":"4 minutos"},"schema":{"@context":"https:\/\/schema.org","@graph":[{"@type":"WebPage","@id":"http:\/\/biolinecorp.ca\/en_ca\/cereals\/","url":"http:\/\/biolinecorp.ca\/en_ca\/cereals\/","name":"Cereales -","isPartOf":{"@id":"https:\/\/biolinecorp.ca\/#website"},"primaryImageOfPage":{"@id":"http:\/\/biolinecorp.ca\/en_ca\/cereals\/#primaryimage"},"image":{"@id":"http:\/\/biolinecorp.ca\/en_ca\/cereals\/#primaryimage"},"thumbnailUrl":"https:\/\/biolinecorp.ca\/wp-content\/uploads\/2022\/02\/20200224-Wheat-Stages-Application-v2-1024x535.png","datePublished":"2022-02-10T17:23:07+00:00","dateModified":"2023-09-14T13:35:29+00:00","description":"Los productos BioLiNE\u00ae mejoran la salud de los cultivos a lo largo de todo su ciclo vital, desde la siembra hasta la cosecha, aumentando las defensas naturales contra el estr\u00e9s.","breadcrumb":{"@id":"http:\/\/biolinecorp.ca\/en_ca\/cereals\/#breadcrumb"},"inLanguage":"es","potentialAction":[{"@type":"ReadAction","target":["http:\/\/biolinecorp.ca\/en_ca\/cereals\/"]}]},{"@type":"ImageObject","inLanguage":"es","@id":"http:\/\/biolinecorp.ca\/en_ca\/cereals\/#primaryimage","url":"https:\/\/biolinecorp.ca\/wp-content\/uploads\/2022\/02\/20200224-Wheat-Stages-Application-v2-1024x535.png","contentUrl":"https:\/\/biolinecorp.ca\/wp-content\/uploads\/2022\/02\/20200224-Wheat-Stages-Application-v2-1024x535.png"},{"@type":"BreadcrumbList","@id":"http:\/\/biolinecorp.ca\/en_ca\/cereals\/#breadcrumb","itemListElement":[{"@type":"ListItem","position":1,"name":"Home","item":"https:\/\/biolinecorp.ca\/en_ca\/"},{"@type":"ListItem","position":2,"name":"Cereals"}]},{"@type":"WebSite","@id":"https:\/\/biolinecorp.ca\/#website","url":"https:\/\/biolinecorp.ca\/","name":"Corporaci\u00f3n BioLine","description":"","publisher":{"@id":"https:\/\/biolinecorp.ca\/#organization"},"potentialAction":[{"@type":"SearchAction","target":{"@type":"EntryPoint","urlTemplate":"https:\/\/biolinecorp.ca\/?s={search_term_string}"},"query-input":{"@type":"PropertyValueSpecification","valueRequired":true,"valueName":"search_term_string"}}],"inLanguage":"es"},{"@type":"Organization","@id":"https:\/\/biolinecorp.ca\/#organization","name":"Corporaci\u00f3n Bioline","url":"https:\/\/biolinecorp.ca\/","logo":{"@type":"ImageObject","inLanguage":"es","@id":"https:\/\/biolinecorp.ca\/#\/schema\/logo\/image\/","url":"https:\/\/biolinecorp.ca\/wp-content\/uploads\/2018\/02\/Bioline_logo.png","contentUrl":"https:\/\/biolinecorp.ca\/wp-content\/uploads\/2018\/02\/Bioline_logo.png","width":667,"height":181,"caption":"Bioline Corporation"},"image":{"@id":"https:\/\/biolinecorp.ca\/#\/schema\/logo\/image\/"},"sameAs":["https:\/\/www.facebook.com\/BiolineCorp\/","https:\/\/x.com\/BiolineCorp","https:\/\/www.linkedin.com\/company\/bioline-corp\/","https:\/\/www.youtube.com\/channel\/UCpD4bbIdegjthmdriZ2SAow"]}]}},"_links":{"self":[{"href":"https:\/\/biolinecorp.ca\/es\/wp-json\/wp\/v2\/pages\/24077","targetHints":{"allow":["GET"]}}],"collection":[{"href":"https:\/\/biolinecorp.ca\/es\/wp-json\/wp\/v2\/pages"}],"about":[{"href":"https:\/\/biolinecorp.ca\/es\/wp-json\/wp\/v2\/types\/page"}],"author":[{"embeddable":true,"href":"https:\/\/biolinecorp.ca\/es\/wp-json\/wp\/v2\/users\/2"}],"replies":[{"embeddable":true,"href":"https:\/\/biolinecorp.ca\/es\/wp-json\/wp\/v2\/comments?post=24077"}],"version-history":[{"count":0,"href":"https:\/\/biolinecorp.ca\/es\/wp-json\/wp\/v2\/pages\/24077\/revisions"}],"wp:attachment":[{"href":"https:\/\/biolinecorp.ca\/es\/wp-json\/wp\/v2\/media?parent=24077"}],"curies":[{"name":"wp","href":"https:\/\/api.w.org\/{rel}","templated":true}]}}