{"id":24075,"date":"2022-02-10T12:17:51","date_gmt":"2022-02-10T17:17:51","guid":{"rendered":"https:\/\/biolinecorp.ca\/?page_id=24075"},"modified":"2023-09-13T15:26:24","modified_gmt":"2023-09-13T19:26:24","slug":"canola","status":"publish","type":"page","link":"https:\/\/biolinecorp.ca\/es\/canola\/","title":{"rendered":"Canola"},"content":{"rendered":"<div style=\"height:75px\" aria-hidden=\"true\" class=\"wp-block-spacer\"><\/div>\n\n\n\n<h3 class=\"wp-block-heading has-large-font-size\" id=\"h-how-does-bioline-help-canola-production\">\u00bfC\u00f3mo funciona BioLiNE<strong><sup>\u00ae<\/sup><\/strong> \u00bfAyudar a la producci\u00f3n de colza?<\/h3>\n\n\n\n<div style=\"height:25px\" aria-hidden=\"true\" class=\"wp-block-spacer\"><\/div>\n\n\n\n<p style=\"font-size:18px\">Nuestro BioLiNE<strong><sup>\u00ae<\/sup><\/strong> <a href=\"https:\/\/biolinecorp.ca\/es\/nuestra-tecnologia\/\" target=\"_blank\" rel=\"noreferrer noopener\">tecnolog\u00eda<\/a> transporta y asimila los nutrientes y otros ingredientes beneficiosos para las plantas de forma m\u00e1s eficiente. BioLiNE<strong><sup>\u00ae<\/sup><\/strong> mejoran la salud de los cultivos a lo largo de todo su ciclo de vida, desde la siembra hasta la cosecha, al suministrar electrolitos y establecer el equilibrio electroqu\u00edmico en las plantas. La combinaci\u00f3n de este atributo altamente beneficioso con una qu\u00edmica bioactiva mejorada, una permeabilidad celular superior y un intercambio de nutrientes acelerado es nuestra ventaja. <\/p>\n\n\n\n<div class=\"wp-block-columns is-layout-flex wp-container-core-columns-is-layout-9d6595d7 wp-block-columns-is-layout-flex\">\n<div class=\"wp-block-column is-layout-flow wp-block-column-is-layout-flow\" style=\"flex-basis:66.66%\">\n<ol class=\"wp-block-list\" style=\"font-size:18px\">\n<li><strong>La plantaci\u00f3n:<\/strong> Utilizar como capa de siembra, impregnada en fertilizantes secos, o mezclada en tanque con fertilizantes l\u00edquidos para aplicaciones en el surco o en el alba\u00f1al<\/li>\n\n\n\n<li><strong>De 1 a 3 fases de la hoja:<\/strong> mezclado en tanque con herbicida u otros aportes de nutrientes<\/li>\n\n\n\n<li><strong>De 2 a 6 fases de la hoja: <\/strong>mezclado en tanque con fungicida u otros aportes de nutrientes<\/li>\n<\/ol>\n<\/div>\n\n\n\n<div class=\"wp-block-column is-vertically-aligned-center is-layout-flow wp-block-column-is-layout-flow\" style=\"flex-basis:33.33%\">\n<div class=\"wp-block-buttons is-content-justification-center is-layout-flex wp-container-core-buttons-is-layout-16018d1d wp-block-buttons-is-layout-flex\">\n<div class=\"wp-block-button aligncenter\"><a class=\"wp-block-button__link wp-element-button\" href=\"https:\/\/biolinecorp.ca\/wp-content\/uploads\/2022\/05\/20220504-Canola-Handout-V4.pdf\" target=\"_blank\" rel=\"noreferrer noopener\">Folleto sobre la colza<\/a><\/div>\n\n\n\n<div class=\"wp-block-button\"><a class=\"wp-block-button__link wp-element-button\" href=\"https:\/\/biolinecorp.ca\/wp-content\/uploads\/2023\/04\/20220716-Bioline-Abiotic-Stress-Tolerance-Flyer-V3-FINAL.pdf\" target=\"_blank\" rel=\"noreferrer noopener\">Folleto sobre la tolerancia al calor y a la sequ\u00eda<\/a><\/div>\n<\/div>\n<\/div>\n<\/div>\n\n\n\n<div style=\"height:50px\" aria-hidden=\"true\" class=\"wp-block-spacer\"><\/div>\n\n\n<div class=\"w-heading heading-9 text-left\">\n    <div class=\"w-wrapper\">\n                 \n        <h2>           \n            <span>Momento y dosis de aplicaci\u00f3n de BioLiNE\u00ae recomendados<\/span>        <\/h2>\n                    <\/div>\n<\/div>\n\n\n\n<div style=\"height:50px\" aria-hidden=\"true\" class=\"wp-block-spacer\"><\/div>\n\n\n<div class=\"wp-block-image is-style-default\">\n<figure class=\"aligncenter size-large\"><img decoding=\"async\" width=\"1024\" height=\"560\" src=\"https:\/\/biolinecorp.ca\/wp-content\/uploads\/2022\/02\/20200224-Canola-Stages-of-Application-Image-1024x560.png\" alt=\"Foto del momento de aplicaci\u00f3n y las dosis para la colza.\" class=\"wp-image-24544\" srcset=\"https:\/\/biolinecorp.ca\/wp-content\/uploads\/2022\/02\/20200224-Canola-Stages-of-Application-Image-1024x560.png 1024w, https:\/\/biolinecorp.ca\/wp-content\/uploads\/2022\/02\/20200224-Canola-Stages-of-Application-Image-600x328.png 600w, https:\/\/biolinecorp.ca\/wp-content\/uploads\/2022\/02\/20200224-Canola-Stages-of-Application-Image-768x420.png 768w, https:\/\/biolinecorp.ca\/wp-content\/uploads\/2022\/02\/20200224-Canola-Stages-of-Application-Image-640x350.png 640w, https:\/\/biolinecorp.ca\/wp-content\/uploads\/2022\/02\/20200224-Canola-Stages-of-Application-Image-1280x700.png 1280w, https:\/\/biolinecorp.ca\/wp-content\/uploads\/2022\/02\/20200224-Canola-Stages-of-Application-Image.png 1441w\" sizes=\"(max-width: 1024px) 100vw, 1024px\" \/><\/figure>\n<\/div>\n\n\n<div style=\"height:75px\" aria-hidden=\"true\" class=\"wp-block-spacer\"><\/div>\n\n\n<div class=\"w-heading heading-9 text-left\">\n    <div class=\"w-wrapper\">\n                 \n        <h2>           \n            <span>Resultados de los ensayos<\/span>        <\/h2>\n                    <\/div>\n<\/div>\n\n\n\n<div style=\"height:50px\" aria-hidden=\"true\" class=\"wp-block-spacer\"><\/div>\n\n\n\n<h3 class=\"wp-block-heading has-large-font-size\" id=\"h-application-of-bioline-fulvic-acid-under-drought\">Aplicaci\u00f3n de BioLiNE<strong><sup>\u00ae<\/sup><\/strong> \u00c1cido f\u00falvico en la sequ\u00eda<\/h3>\n\n\n\n<div style=\"height:25px\" aria-hidden=\"true\" class=\"wp-block-spacer\"><\/div>\n\n\n\n<p style=\"font-size:18px\"><strong>Glutati\u00f3n<\/strong>, <strong>ascorbato<\/strong>y <strong>catalasa<\/strong> son todas las especies qu\u00edmicas que intervienen en la transformaci\u00f3n y detoxificaci\u00f3n de las especies radicales de ox\u00edgeno (ROS) para evitar da\u00f1os en la planta. Las ROS desempe\u00f1an un papel importante en el crecimiento y el desarrollo de las plantas. Cuando su concentraci\u00f3n aumenta en caso de estr\u00e9s, se produce un estr\u00e9s oxidativo que puede provocar peroxidaci\u00f3n lip\u00eddica y da\u00f1os celulares. La actividad de estas sustancias qu\u00edmicas aumenta cuando una planta se expone a un estr\u00e9s abi\u00f3tico como la sequ\u00eda. El <strong>DPPH<\/strong> el ensayo es\u00a0<strong>se utiliza para predecir las actividades antioxidantes por el mecanismo en el que los antioxidantes act\u00faan para inhibir la oxidaci\u00f3n de los l\u00edpidos<\/strong>. Si los niveles de antioxidantes han aumentado, se espera que tambi\u00e9n aumente la cantidad de barrido de DPPH.<\/p>\n\n\n\n<p style=\"font-size:18px\">Los ensayos en entornos controlados mostraron que las plantas de sequ\u00eda tratadas con BioLiNE<strong><sup>\u00ae<\/sup><\/strong> ten\u00edan mayores niveles de antioxidantes (ascorbato y glutati\u00f3n), catalasa y DPPH, lo que demuestra la capacidad del \u00e1cido f\u00falvico para ayudar a la colza a aumentar su respuesta al estr\u00e9s por sequ\u00eda mediando las ERO que da\u00f1ar\u00edan la planta. <\/p>\n\n\n\n<div class=\"wp-block-columns is-layout-flex wp-container-core-columns-is-layout-9d6595d7 wp-block-columns-is-layout-flex\">\n<div class=\"wp-block-column is-layout-flow wp-block-column-is-layout-flow\">\n<figure class=\"wp-block-image size-large is-resized is-style-default\"><img decoding=\"async\" src=\"https:\/\/biolinecorp.ca\/wp-content\/uploads\/2022\/02\/Canola-Catalase-1024x737.png\" alt=\"Gr\u00e1fico que muestra la capacidad de BioLiNE para mejorar la actividad de la catalasa.\" class=\"wp-image-24835\" style=\"width:203px;height:146px\" width=\"203\" height=\"146\" srcset=\"https:\/\/biolinecorp.ca\/wp-content\/uploads\/2022\/02\/Canola-Catalase-1024x737.png 1024w, https:\/\/biolinecorp.ca\/wp-content\/uploads\/2022\/02\/Canola-Catalase-600x432.png 600w, https:\/\/biolinecorp.ca\/wp-content\/uploads\/2022\/02\/Canola-Catalase-768x553.png 768w, https:\/\/biolinecorp.ca\/wp-content\/uploads\/2022\/02\/Canola-Catalase-640x460.png 640w, https:\/\/biolinecorp.ca\/wp-content\/uploads\/2022\/02\/Canola-Catalase-1280x921.png 1280w, https:\/\/biolinecorp.ca\/wp-content\/uploads\/2022\/02\/Canola-Catalase.png 1344w\" sizes=\"(max-width: 203px) 100vw, 203px\" \/><\/figure>\n<\/div>\n\n\n\n<div class=\"wp-block-column is-layout-flow wp-block-column-is-layout-flow\">\n<figure class=\"wp-block-image size-large is-style-default\"><img decoding=\"async\" width=\"1024\" height=\"746\" src=\"https:\/\/biolinecorp.ca\/wp-content\/uploads\/2022\/03\/Canola-AsA-1024x746.png\" alt=\"Gr\u00e1fico que muestra la capacidad de BioLiNE para mejorar la concentraci\u00f3n de ascorbato.\" class=\"wp-image-25166\" srcset=\"https:\/\/biolinecorp.ca\/wp-content\/uploads\/2022\/03\/Canola-AsA-1024x746.png 1024w, https:\/\/biolinecorp.ca\/wp-content\/uploads\/2022\/03\/Canola-AsA-600x437.png 600w, https:\/\/biolinecorp.ca\/wp-content\/uploads\/2022\/03\/Canola-AsA-768x560.png 768w, https:\/\/biolinecorp.ca\/wp-content\/uploads\/2022\/03\/Canola-AsA-640x467.png 640w, https:\/\/biolinecorp.ca\/wp-content\/uploads\/2022\/03\/Canola-AsA-1280x933.png 1280w, https:\/\/biolinecorp.ca\/wp-content\/uploads\/2022\/03\/Canola-AsA.png 1343w\" sizes=\"(max-width: 1024px) 100vw, 1024px\" \/><\/figure>\n<\/div>\n\n\n\n<div class=\"wp-block-column is-layout-flow wp-block-column-is-layout-flow\">\n<figure class=\"wp-block-image size-large is-style-default\"><img decoding=\"async\" width=\"1024\" height=\"737\" src=\"https:\/\/biolinecorp.ca\/wp-content\/uploads\/2022\/02\/Canola-GSH-1024x737.png\" alt=\"Gr\u00e1fico que muestra la capacidad de BioLiNE para mejorar la concentraci\u00f3n de glutati\u00f3n.\" class=\"wp-image-24836\" srcset=\"https:\/\/biolinecorp.ca\/wp-content\/uploads\/2022\/02\/Canola-GSH-1024x737.png 1024w, https:\/\/biolinecorp.ca\/wp-content\/uploads\/2022\/02\/Canola-GSH-600x432.png 600w, https:\/\/biolinecorp.ca\/wp-content\/uploads\/2022\/02\/Canola-GSH-768x553.png 768w, https:\/\/biolinecorp.ca\/wp-content\/uploads\/2022\/02\/Canola-GSH-640x461.png 640w, https:\/\/biolinecorp.ca\/wp-content\/uploads\/2022\/02\/Canola-GSH-1280x922.png 1280w, https:\/\/biolinecorp.ca\/wp-content\/uploads\/2022\/02\/Canola-GSH.png 1343w\" sizes=\"(max-width: 1024px) 100vw, 1024px\" \/><\/figure>\n<\/div>\n\n\n\n<div class=\"wp-block-column is-layout-flow wp-block-column-is-layout-flow\">\n<figure class=\"wp-block-image size-large is-style-default\"><img decoding=\"async\" width=\"1024\" height=\"739\" src=\"https:\/\/biolinecorp.ca\/wp-content\/uploads\/2022\/02\/Canola-DPPH-1024x739.png\" alt=\"Gr\u00e1fico que muestra la capacidad de BioLiNE para mejorar la eliminaci\u00f3n del DPPH.\" class=\"wp-image-24837\" srcset=\"https:\/\/biolinecorp.ca\/wp-content\/uploads\/2022\/02\/Canola-DPPH-1024x739.png 1024w, https:\/\/biolinecorp.ca\/wp-content\/uploads\/2022\/02\/Canola-DPPH-600x433.png 600w, https:\/\/biolinecorp.ca\/wp-content\/uploads\/2022\/02\/Canola-DPPH-768x554.png 768w, https:\/\/biolinecorp.ca\/wp-content\/uploads\/2022\/02\/Canola-DPPH-640x462.png 640w, https:\/\/biolinecorp.ca\/wp-content\/uploads\/2022\/02\/Canola-DPPH-1280x924.png 1280w, https:\/\/biolinecorp.ca\/wp-content\/uploads\/2022\/02\/Canola-DPPH.png 1343w\" sizes=\"(max-width: 1024px) 100vw, 1024px\" \/><\/figure>\n<\/div>\n<\/div>\n\n\n\n<div style=\"height:10px\" aria-hidden=\"true\" class=\"wp-block-spacer\"><\/div>\n\n\n\n<hr class=\"wp-block-separator has-css-opacity\"\/>\n\n\n\n<div style=\"height:50px\" aria-hidden=\"true\" class=\"wp-block-spacer\"><\/div>\n\n\n\n<h3 class=\"wp-block-heading has-large-font-size\" id=\"h-drought-stress-amelioration-wintering-hills-colony-2021\"><strong>Mejoramiento del estr\u00e9s por sequ\u00eda Colonia de invierno en las colinas 2021<\/strong><\/h3>\n\n\n\n<div style=\"height:25px\" aria-hidden=\"true\" class=\"wp-block-spacer\"><\/div>\n\n\n\n<p>El rendimiento medio del sur de Alberta en 2020 fue de 44,0 bu\/acre. Debido a un a\u00f1o de intensa sequ\u00eda en 2021, este promedio disminuy\u00f3 a 16,1 bu\/acre (rendimiento de 37%) (<a href=\"https:\/\/open.alberta.ca\/dataset\/664f3ae9-db2a-4e84-91a8-59c7b379a050\/resource\/c2b9e699-667d-4ac1-87b6-bd1c9115c03c\/download\/af-itrb-alberta-crop-report-2021-10-05.pdf\" target=\"_blank\" rel=\"noreferrer noopener\">Informe sobre las cosechas de Alberta<\/a>).<\/p>\n\n\n\n<p>Con la aplicaci\u00f3n de BioLiNE<strong><sup>\u00ae<\/sup><\/strong> En 8 granjas diferentes de la Colonia Wintering Hills, el rendimiento medio de la colza aument\u00f3 a 27,0 bu\/acre, (61% de rendimiento en comparaci\u00f3n con los datos de 2020 y 64,9% de aumento sobre la media del condado en 2021).<\/p>\n\n\n\n<div style=\"height:25px\" aria-hidden=\"true\" class=\"wp-block-spacer\"><\/div>\n\n\n\n<figure class=\"wp-block-image size-large is-resized is-style-default\"><img decoding=\"async\" src=\"https:\/\/biolinecorp.ca\/wp-content\/uploads\/2022\/03\/Wintering-Hills-Results-2-1024x102.jpg\" alt=\"\" class=\"wp-image-25176\" style=\"width:1209px;height:120px\" width=\"1209\" height=\"120\" srcset=\"https:\/\/biolinecorp.ca\/wp-content\/uploads\/2022\/03\/Wintering-Hills-Results-2-1024x102.jpg 1024w, https:\/\/biolinecorp.ca\/wp-content\/uploads\/2022\/03\/Wintering-Hills-Results-2-600x60.jpg 600w, https:\/\/biolinecorp.ca\/wp-content\/uploads\/2022\/03\/Wintering-Hills-Results-2-768x76.jpg 768w, https:\/\/biolinecorp.ca\/wp-content\/uploads\/2022\/03\/Wintering-Hills-Results-2-1536x153.jpg 1536w, https:\/\/biolinecorp.ca\/wp-content\/uploads\/2022\/03\/Wintering-Hills-Results-2-640x64.jpg 640w, https:\/\/biolinecorp.ca\/wp-content\/uploads\/2022\/03\/Wintering-Hills-Results-2-1280x127.jpg 1280w, https:\/\/biolinecorp.ca\/wp-content\/uploads\/2022\/03\/Wintering-Hills-Results-2.jpg 1692w\" sizes=\"(max-width: 1209px) 100vw, 1209px\" \/><\/figure>\n\n\n\n<head><!-- Global site tag (gtag.js) - Google Ads: 781808697 --> <script async src=\"https:\/\/www.googletagmanager.com\/gtag\/js?id=AW-781808697\"><\/script> <script> window.dataLayer = window.dataLayer || []; function gtag(){dataLayer.push(arguments);} gtag('js', new Date()); gtag('config', 'AW-781808697'); gtag('config', 'AW-781808697');<\/script> <\/head>","protected":false},"excerpt":{"rendered":"<p>How Does BioLiNE\u00ae Help Canola Production? Our BioLiNE\u00ae technology transports and assimilates nutrients, and other plant beneficial ingredients more efficiently. BioLiNE\u00ae products enhance crop health through their entire life-cycle from seeding to harvest by supplying electrolytes and establishing electrochemical balance in plants. Combining this highly beneficial attribute with improved bioactive chemistry, superior cell permeability, and [&hellip;]<\/p>\n","protected":false},"author":2,"featured_media":0,"parent":0,"menu_order":14,"comment_status":"closed","ping_status":"closed","template":"","meta":{"_monsterinsights_skip_tracking":false,"_monsterinsights_sitenote_active":false,"_monsterinsights_sitenote_note":"","_monsterinsights_sitenote_category":0,"footnotes":""},"class_list":["post-24075","page","type-page","status-publish","hentry"],"yoast_head":"<!-- This site is optimized with the Yoast SEO Premium plugin v27.3 (Yoast SEO v27.3) - https:\/\/yoast.com\/product\/yoast-seo-premium-wordpress\/ -->\n<title>Canola -<\/title>\n<meta name=\"description\" content=\"BioLiNE\u00ae technology helps improve canola plant&#039;s natural defenses against abiotic (environmental) stress to preserve potential yield loss.\" \/>\n<meta name=\"robots\" content=\"index, follow, max-snippet:-1, max-image-preview:large, max-video-preview:-1\" \/>\n<link rel=\"canonical\" href=\"https:\/\/biolinecorp.ca\/es\/canola\/\" \/>\n<meta property=\"og:locale\" content=\"es_MX\" \/>\n<meta property=\"og:type\" content=\"article\" \/>\n<meta property=\"og:title\" content=\"Canola\" \/>\n<meta property=\"og:description\" content=\"BioLiNE\u00ae technology helps improve canola plant&#039;s natural defenses against abiotic (environmental) stress to preserve potential yield loss.\" \/>\n<meta property=\"og:url\" content=\"https:\/\/biolinecorp.ca\/es\/canola\/\" \/>\n<meta property=\"article:publisher\" content=\"https:\/\/www.facebook.com\/BiolineCorp\/\" \/>\n<meta property=\"article:modified_time\" content=\"2023-09-13T19:26:24+00:00\" \/>\n<meta property=\"og:image\" content=\"https:\/\/biolinecorp.ca\/wp-content\/uploads\/2022\/02\/20200224-Canola-Stages-of-Application-Image-1024x560.png\" \/>\n<meta name=\"twitter:card\" content=\"summary_large_image\" \/>\n<meta name=\"twitter:site\" content=\"@BiolineCorp\" \/>\n<meta name=\"twitter:label1\" content=\"Tiempo de lectura\" \/>\n\t<meta name=\"twitter:data1\" content=\"3 minutos\" \/>\n<script type=\"application\/ld+json\" class=\"yoast-schema-graph\">{\"@context\":\"https:\\\/\\\/schema.org\",\"@graph\":[{\"@type\":\"WebPage\",\"@id\":\"https:\\\/\\\/biolinecorp.ca\\\/en_ca\\\/canola\\\/\",\"url\":\"https:\\\/\\\/biolinecorp.ca\\\/en_ca\\\/canola\\\/\",\"name\":\"Canola -\",\"isPartOf\":{\"@id\":\"https:\\\/\\\/biolinecorp.ca\\\/#website\"},\"primaryImageOfPage\":{\"@id\":\"https:\\\/\\\/biolinecorp.ca\\\/en_ca\\\/canola\\\/#primaryimage\"},\"image\":{\"@id\":\"https:\\\/\\\/biolinecorp.ca\\\/en_ca\\\/canola\\\/#primaryimage\"},\"thumbnailUrl\":\"https:\\\/\\\/biolinecorp.ca\\\/wp-content\\\/uploads\\\/2022\\\/02\\\/20200224-Canola-Stages-of-Application-Image-1024x560.png\",\"datePublished\":\"2022-02-10T17:17:51+00:00\",\"dateModified\":\"2023-09-13T19:26:24+00:00\",\"description\":\"BioLiNE\u00ae technology helps improve canola plant's natural defenses against abiotic (environmental) stress to preserve potential yield loss.\",\"breadcrumb\":{\"@id\":\"https:\\\/\\\/biolinecorp.ca\\\/en_ca\\\/canola\\\/#breadcrumb\"},\"inLanguage\":\"es\",\"potentialAction\":[{\"@type\":\"ReadAction\",\"target\":[\"https:\\\/\\\/biolinecorp.ca\\\/en_ca\\\/canola\\\/\"]}]},{\"@type\":\"ImageObject\",\"inLanguage\":\"es\",\"@id\":\"https:\\\/\\\/biolinecorp.ca\\\/en_ca\\\/canola\\\/#primaryimage\",\"url\":\"https:\\\/\\\/biolinecorp.ca\\\/wp-content\\\/uploads\\\/2022\\\/02\\\/20200224-Canola-Stages-of-Application-Image-1024x560.png\",\"contentUrl\":\"https:\\\/\\\/biolinecorp.ca\\\/wp-content\\\/uploads\\\/2022\\\/02\\\/20200224-Canola-Stages-of-Application-Image-1024x560.png\"},{\"@type\":\"BreadcrumbList\",\"@id\":\"https:\\\/\\\/biolinecorp.ca\\\/en_ca\\\/canola\\\/#breadcrumb\",\"itemListElement\":[{\"@type\":\"ListItem\",\"position\":1,\"name\":\"Home\",\"item\":\"https:\\\/\\\/biolinecorp.ca\\\/en_ca\\\/\"},{\"@type\":\"ListItem\",\"position\":2,\"name\":\"Canola\"}]},{\"@type\":\"WebSite\",\"@id\":\"https:\\\/\\\/biolinecorp.ca\\\/#website\",\"url\":\"https:\\\/\\\/biolinecorp.ca\\\/\",\"name\":\"BioLine Corporation\",\"description\":\"\",\"publisher\":{\"@id\":\"https:\\\/\\\/biolinecorp.ca\\\/#organization\"},\"potentialAction\":[{\"@type\":\"SearchAction\",\"target\":{\"@type\":\"EntryPoint\",\"urlTemplate\":\"https:\\\/\\\/biolinecorp.ca\\\/?s={search_term_string}\"},\"query-input\":{\"@type\":\"PropertyValueSpecification\",\"valueRequired\":true,\"valueName\":\"search_term_string\"}}],\"inLanguage\":\"es\"},{\"@type\":\"Organization\",\"@id\":\"https:\\\/\\\/biolinecorp.ca\\\/#organization\",\"name\":\"Bioline Corporation\",\"url\":\"https:\\\/\\\/biolinecorp.ca\\\/\",\"logo\":{\"@type\":\"ImageObject\",\"inLanguage\":\"es\",\"@id\":\"https:\\\/\\\/biolinecorp.ca\\\/#\\\/schema\\\/logo\\\/image\\\/\",\"url\":\"https:\\\/\\\/biolinecorp.ca\\\/wp-content\\\/uploads\\\/2018\\\/02\\\/Bioline_logo.png\",\"contentUrl\":\"https:\\\/\\\/biolinecorp.ca\\\/wp-content\\\/uploads\\\/2018\\\/02\\\/Bioline_logo.png\",\"width\":667,\"height\":181,\"caption\":\"Bioline Corporation\"},\"image\":{\"@id\":\"https:\\\/\\\/biolinecorp.ca\\\/#\\\/schema\\\/logo\\\/image\\\/\"},\"sameAs\":[\"https:\\\/\\\/www.facebook.com\\\/BiolineCorp\\\/\",\"https:\\\/\\\/x.com\\\/BiolineCorp\",\"https:\\\/\\\/www.linkedin.com\\\/company\\\/bioline-corp\\\/\",\"https:\\\/\\\/www.youtube.com\\\/channel\\\/UCpD4bbIdegjthmdriZ2SAow\"]}]}<\/script>\n<!-- \/ Yoast SEO Premium plugin. -->","yoast_head_json":{"title":"Canola -","description":"La tecnolog\u00eda BioLiNE\u00ae ayuda a mejorar las defensas naturales de la planta de colza contra el estr\u00e9s abi\u00f3tico (medioambiental) para preservar la p\u00e9rdida potencial de rendimiento.","robots":{"index":"index","follow":"follow","max-snippet":"max-snippet:-1","max-image-preview":"max-image-preview:large","max-video-preview":"max-video-preview:-1"},"canonical":"https:\/\/biolinecorp.ca\/es\/canola\/","og_locale":"es_MX","og_type":"article","og_title":"Canola","og_description":"BioLiNE\u00ae technology helps improve canola plant's natural defenses against abiotic (environmental) stress to preserve potential yield loss.","og_url":"https:\/\/biolinecorp.ca\/es\/canola\/","article_publisher":"https:\/\/www.facebook.com\/BiolineCorp\/","article_modified_time":"2023-09-13T19:26:24+00:00","og_image":[{"url":"https:\/\/biolinecorp.ca\/wp-content\/uploads\/2022\/02\/20200224-Canola-Stages-of-Application-Image-1024x560.png","type":"","width":"","height":""}],"twitter_card":"summary_large_image","twitter_site":"@BiolineCorp","twitter_misc":{"Tiempo de lectura":"3 minutos"},"schema":{"@context":"https:\/\/schema.org","@graph":[{"@type":"WebPage","@id":"https:\/\/biolinecorp.ca\/en_ca\/canola\/","url":"https:\/\/biolinecorp.ca\/en_ca\/canola\/","name":"Canola -","isPartOf":{"@id":"https:\/\/biolinecorp.ca\/#website"},"primaryImageOfPage":{"@id":"https:\/\/biolinecorp.ca\/en_ca\/canola\/#primaryimage"},"image":{"@id":"https:\/\/biolinecorp.ca\/en_ca\/canola\/#primaryimage"},"thumbnailUrl":"https:\/\/biolinecorp.ca\/wp-content\/uploads\/2022\/02\/20200224-Canola-Stages-of-Application-Image-1024x560.png","datePublished":"2022-02-10T17:17:51+00:00","dateModified":"2023-09-13T19:26:24+00:00","description":"La tecnolog\u00eda BioLiNE\u00ae ayuda a mejorar las defensas naturales de la planta de colza contra el estr\u00e9s abi\u00f3tico (medioambiental) para preservar la p\u00e9rdida potencial de rendimiento.","breadcrumb":{"@id":"https:\/\/biolinecorp.ca\/en_ca\/canola\/#breadcrumb"},"inLanguage":"es","potentialAction":[{"@type":"ReadAction","target":["https:\/\/biolinecorp.ca\/en_ca\/canola\/"]}]},{"@type":"ImageObject","inLanguage":"es","@id":"https:\/\/biolinecorp.ca\/en_ca\/canola\/#primaryimage","url":"https:\/\/biolinecorp.ca\/wp-content\/uploads\/2022\/02\/20200224-Canola-Stages-of-Application-Image-1024x560.png","contentUrl":"https:\/\/biolinecorp.ca\/wp-content\/uploads\/2022\/02\/20200224-Canola-Stages-of-Application-Image-1024x560.png"},{"@type":"BreadcrumbList","@id":"https:\/\/biolinecorp.ca\/en_ca\/canola\/#breadcrumb","itemListElement":[{"@type":"ListItem","position":1,"name":"Home","item":"https:\/\/biolinecorp.ca\/en_ca\/"},{"@type":"ListItem","position":2,"name":"Canola"}]},{"@type":"WebSite","@id":"https:\/\/biolinecorp.ca\/#website","url":"https:\/\/biolinecorp.ca\/","name":"Corporaci\u00f3n BioLine","description":"","publisher":{"@id":"https:\/\/biolinecorp.ca\/#organization"},"potentialAction":[{"@type":"SearchAction","target":{"@type":"EntryPoint","urlTemplate":"https:\/\/biolinecorp.ca\/?s={search_term_string}"},"query-input":{"@type":"PropertyValueSpecification","valueRequired":true,"valueName":"search_term_string"}}],"inLanguage":"es"},{"@type":"Organization","@id":"https:\/\/biolinecorp.ca\/#organization","name":"Corporaci\u00f3n Bioline","url":"https:\/\/biolinecorp.ca\/","logo":{"@type":"ImageObject","inLanguage":"es","@id":"https:\/\/biolinecorp.ca\/#\/schema\/logo\/image\/","url":"https:\/\/biolinecorp.ca\/wp-content\/uploads\/2018\/02\/Bioline_logo.png","contentUrl":"https:\/\/biolinecorp.ca\/wp-content\/uploads\/2018\/02\/Bioline_logo.png","width":667,"height":181,"caption":"Bioline Corporation"},"image":{"@id":"https:\/\/biolinecorp.ca\/#\/schema\/logo\/image\/"},"sameAs":["https:\/\/www.facebook.com\/BiolineCorp\/","https:\/\/x.com\/BiolineCorp","https:\/\/www.linkedin.com\/company\/bioline-corp\/","https:\/\/www.youtube.com\/channel\/UCpD4bbIdegjthmdriZ2SAow"]}]}},"_links":{"self":[{"href":"https:\/\/biolinecorp.ca\/es\/wp-json\/wp\/v2\/pages\/24075","targetHints":{"allow":["GET"]}}],"collection":[{"href":"https:\/\/biolinecorp.ca\/es\/wp-json\/wp\/v2\/pages"}],"about":[{"href":"https:\/\/biolinecorp.ca\/es\/wp-json\/wp\/v2\/types\/page"}],"author":[{"embeddable":true,"href":"https:\/\/biolinecorp.ca\/es\/wp-json\/wp\/v2\/users\/2"}],"replies":[{"embeddable":true,"href":"https:\/\/biolinecorp.ca\/es\/wp-json\/wp\/v2\/comments?post=24075"}],"version-history":[{"count":0,"href":"https:\/\/biolinecorp.ca\/es\/wp-json\/wp\/v2\/pages\/24075\/revisions"}],"wp:attachment":[{"href":"https:\/\/biolinecorp.ca\/es\/wp-json\/wp\/v2\/media?parent=24075"}],"curies":[{"name":"wp","href":"https:\/\/api.w.org\/{rel}","templated":true}]}}