{"id":24073,"date":"2022-02-10T12:17:26","date_gmt":"2022-02-10T17:17:26","guid":{"rendered":"https:\/\/biolinecorp.ca\/?page_id=24073"},"modified":"2023-09-12T11:25:34","modified_gmt":"2023-09-12T15:25:34","slug":"soybeans","status":"publish","type":"page","link":"https:\/\/biolinecorp.ca\/es\/soja\/","title":{"rendered":"Soja"},"content":{"rendered":"<div style=\"height:76px\" aria-hidden=\"true\" class=\"wp-block-spacer\"><\/div>\n\n\n\n<h3 class=\"wp-block-heading\" id=\"h-how-does-bioline-help-soybean-production\">\u00bfC\u00f3mo funciona BioLiNE<strong><sup>\u00ae<\/sup><\/strong> \u00bfAyudar a la producci\u00f3n de soja?<\/h3>\n\n\n\n<div style=\"height:25px\" aria-hidden=\"true\" class=\"wp-block-spacer\"><\/div>\n\n\n\n<p style=\"font-size:18px\">BioLiNE's <a href=\"https:\/\/biolinecorp.ca\/es\/nuestra-tecnologia\/\" target=\"_blank\" rel=\"noreferrer noopener\">tecnolog\u00eda<\/a> mejora dr\u00e1sticamente el transporte y la asimilaci\u00f3n de nutrientes y otros compuestos beneficiosos para las plantas. Nuestra ventaja es la combinaci\u00f3n de una permeabilidad celular superior, una qu\u00edmica bioactiva y un intercambio acelerado de nutrientes. Nuestra tecnolog\u00eda es una herramienta eficaz de gesti\u00f3n de cultivos que protege a los cultivos de soja contra los abortos de vainas inducidos por el estr\u00e9s y la mejora del transporte de nutrientes ayuda a impulsar el llenado de las semillas para aumentar el rendimiento. BioLiNE<strong><sup>\u00ae<\/sup><\/strong> La tecnolog\u00eda puede aplicarse en varias etapas del desarrollo de los cultivos de soja, incluyendo<\/p>\n\n\n\n<div class=\"wp-block-columns is-layout-flex wp-container-core-columns-is-layout-9d6595d7 wp-block-columns-is-layout-flex\">\n<div class=\"wp-block-column is-layout-flow wp-block-column-is-layout-flow\" style=\"flex-basis:66.66%\">\n<ol class=\"wp-block-list\" style=\"font-size:18px\">\n<li><strong>La plantaci\u00f3n:<\/strong> Utilizar como capa de siembra, impregnada en fertilizantes secos, o mezclada en tanque con fertilizantes l\u00edquidos para aplicaciones en el surco o en el alba\u00f1al<\/li>\n\n\n\n<li><strong>V1-V3:<\/strong> mezclado en tanque con herbicida u otros aportes de nutrientes<\/li>\n\n\n\n<li><strong>R1-R5:<\/strong> mezclado en tanque con fungicida u otros aportes de nutrientes<\/li>\n<\/ol>\n<\/div>\n\n\n\n<div class=\"wp-block-column is-vertically-aligned-center is-layout-flow wp-block-column-is-layout-flow\" style=\"flex-basis:33.33%\">\n<div class=\"wp-block-buttons is-content-justification-center is-layout-flex wp-container-core-buttons-is-layout-16018d1d wp-block-buttons-is-layout-flex\">\n<div class=\"wp-block-button alignright\"><a class=\"wp-block-button__link wp-element-button\" href=\"https:\/\/biolinecorp.ca\/wp-content\/uploads\/2022\/05\/20220504-Soybean-Handout-V7.pdf\" target=\"_blank\" rel=\"noreferrer noopener\">Folleto sobre la soja<\/a><\/div>\n\n\n\n<div class=\"wp-block-button\"><a class=\"wp-block-button__link wp-element-button\" href=\"https:\/\/biolinecorp.ca\/wp-content\/uploads\/2022\/03\/20200227-Nutrient-Use-Effeciency-Fact-Sheet-v2-print.pdf\" target=\"_blank\" rel=\"noreferrer noopener\">Folleto sobre la eficiencia en el uso de los nutrientes<\/a><\/div>\n<\/div>\n<\/div>\n<\/div>\n\n\n\n<div style=\"height:50px\" aria-hidden=\"true\" class=\"wp-block-spacer\"><\/div>\n\n\n<div class=\"w-heading heading-9 text-left\">\n    <div class=\"w-wrapper\">\n                 \n        <h2>           \n            <span>Momento y dosis de aplicaci\u00f3n de BioLiNE\u00ae recomendados<\/span>        <\/h2>\n                    <\/div>\n<\/div>\n\n\n\n<div style=\"height:50px\" aria-hidden=\"true\" class=\"wp-block-spacer\"><\/div>\n\n\n<div class=\"wp-block-image is-style-default\">\n<figure class=\"aligncenter size-large\"><img decoding=\"async\" width=\"1024\" height=\"604\" src=\"https:\/\/biolinecorp.ca\/wp-content\/uploads\/2022\/02\/soybeans-staging-chart-v1-1-1024x604.jpg\" alt=\"\" class=\"wp-image-25032\" srcset=\"https:\/\/biolinecorp.ca\/wp-content\/uploads\/2022\/02\/soybeans-staging-chart-v1-1-1024x604.jpg 1024w, https:\/\/biolinecorp.ca\/wp-content\/uploads\/2022\/02\/soybeans-staging-chart-v1-1-600x354.jpg 600w, https:\/\/biolinecorp.ca\/wp-content\/uploads\/2022\/02\/soybeans-staging-chart-v1-1-768x453.jpg 768w, https:\/\/biolinecorp.ca\/wp-content\/uploads\/2022\/02\/soybeans-staging-chart-v1-1-1536x907.jpg 1536w, https:\/\/biolinecorp.ca\/wp-content\/uploads\/2022\/02\/soybeans-staging-chart-v1-1-2048x1209.jpg 2048w, https:\/\/biolinecorp.ca\/wp-content\/uploads\/2022\/02\/soybeans-staging-chart-v1-1-640x378.jpg 640w, https:\/\/biolinecorp.ca\/wp-content\/uploads\/2022\/02\/soybeans-staging-chart-v1-1-1280x756.jpg 1280w\" sizes=\"(max-width: 1024px) 100vw, 1024px\" \/><\/figure>\n<\/div>\n\n\n<div style=\"height:50px\" aria-hidden=\"true\" class=\"wp-block-spacer\"><\/div>\n\n\n<div class=\"w-heading heading-9 text-left\">\n    <div class=\"w-wrapper\">\n                 \n        <h2>           \n            <span>Resultados de los ensayos<\/span>        <\/h2>\n                    <\/div>\n<\/div>\n\n\n\n<div style=\"height:50px\" aria-hidden=\"true\" class=\"wp-block-spacer\"><\/div>\n\n\n\n<div class=\"wp-block-media-text alignwide is-stacked-on-mobile is-vertically-aligned-center\" style=\"grid-template-columns:37% auto\"><figure class=\"wp-block-media-text__media\"><img decoding=\"async\" width=\"1024\" height=\"655\" src=\"https:\/\/biolinecorp.ca\/wp-content\/uploads\/2022\/02\/Wendell-NC-2-1024x655.jpg\" alt=\"\" class=\"wp-image-24255 size-full\" srcset=\"https:\/\/biolinecorp.ca\/wp-content\/uploads\/2022\/02\/Wendell-NC-2-1024x655.jpg 1024w, https:\/\/biolinecorp.ca\/wp-content\/uploads\/2022\/02\/Wendell-NC-2-600x384.jpg 600w, https:\/\/biolinecorp.ca\/wp-content\/uploads\/2022\/02\/Wendell-NC-2-768x492.jpg 768w, https:\/\/biolinecorp.ca\/wp-content\/uploads\/2022\/02\/Wendell-NC-2-1536x983.jpg 1536w, https:\/\/biolinecorp.ca\/wp-content\/uploads\/2022\/02\/Wendell-NC-2-2048x1311.jpg 2048w, https:\/\/biolinecorp.ca\/wp-content\/uploads\/2022\/02\/Wendell-NC-2-640x410.jpg 640w, https:\/\/biolinecorp.ca\/wp-content\/uploads\/2022\/02\/Wendell-NC-2-1280x819.jpg 1280w\" sizes=\"(max-width: 1024px) 100vw, 1024px\" \/><\/figure><div class=\"wp-block-media-text__content\">\n<h3 class=\"wp-block-heading has-large-font-size\" id=\"h-2021-fowler-early-season-scouting\">2021 Fowler - Exploraci\u00f3n de principio de temporada<\/h3>\n\n\n\n<p style=\"font-size:18px\"><a href=\"https:\/\/fowlercrop.com\/\" target=\"_blank\" rel=\"noreferrer noopener\">Fowler Crop Consulting<\/a> dirige 10 granjas de investigaci\u00f3n en Carolina del Norte y en 2021 realiz\u00f3 ensayos con BioLiNE<strong><sup>\u00ae<\/sup><\/strong>&nbsp;\u00e1cidos f\u00falvicos. La exploraci\u00f3n a principios de la temporada mostr\u00f3 que la soja tratada con BioLiNE<strong><sup>\u00ae<\/sup><\/strong> han mejorado su crecimiento en general. Esto se debe a que el \u00e1cido f\u00falvico contribuye a mejorar el crecimiento de los cultivos, ya que ayuda a que la emergencia sea r\u00e1pida y uniforme, aumenta la eficiencia en el uso de los nutrientes e incrementa las defensas naturales contra el estr\u00e9s. El resultado es un cultivo m\u00e1s sano y productivo.<\/p>\n<\/div><\/div>\n\n\n\n<div style=\"height:50px\" aria-hidden=\"true\" class=\"wp-block-spacer\"><\/div>\n\n\n\n<div class=\"wp-block-media-text alignwide is-stacked-on-mobile\" style=\"grid-template-columns:37% auto\"><figure class=\"wp-block-media-text__media\"><img decoding=\"async\" width=\"1024\" height=\"768\" src=\"https:\/\/biolinecorp.ca\/wp-content\/uploads\/2022\/02\/Fowler-Soy-Bethel-NC-1-1024x768.jpg\" alt=\"\" class=\"wp-image-24647 size-full\" srcset=\"https:\/\/biolinecorp.ca\/wp-content\/uploads\/2022\/02\/Fowler-Soy-Bethel-NC-1-1024x768.jpg 1024w, https:\/\/biolinecorp.ca\/wp-content\/uploads\/2022\/02\/Fowler-Soy-Bethel-NC-1-600x450.jpg 600w, https:\/\/biolinecorp.ca\/wp-content\/uploads\/2022\/02\/Fowler-Soy-Bethel-NC-1-768x576.jpg 768w, https:\/\/biolinecorp.ca\/wp-content\/uploads\/2022\/02\/Fowler-Soy-Bethel-NC-1-1536x1152.jpg 1536w, https:\/\/biolinecorp.ca\/wp-content\/uploads\/2022\/02\/Fowler-Soy-Bethel-NC-1-2048x1536.jpg 2048w, https:\/\/biolinecorp.ca\/wp-content\/uploads\/2022\/02\/Fowler-Soy-Bethel-NC-1-640x480.jpg 640w, https:\/\/biolinecorp.ca\/wp-content\/uploads\/2022\/02\/Fowler-Soy-Bethel-NC-1-1280x960.jpg 1280w\" sizes=\"(max-width: 1024px) 100vw, 1024px\" \/><\/figure><div class=\"wp-block-media-text__content\">\n<figure class=\"wp-block-image size-full is-style-default\"><img decoding=\"async\" width=\"780\" height=\"263\" src=\"https:\/\/biolinecorp.ca\/wp-content\/uploads\/2022\/02\/Fowler-Returns-Chart.png\" alt=\"\" class=\"wp-image-24645\" srcset=\"https:\/\/biolinecorp.ca\/wp-content\/uploads\/2022\/02\/Fowler-Returns-Chart.png 780w, https:\/\/biolinecorp.ca\/wp-content\/uploads\/2022\/02\/Fowler-Returns-Chart-600x202.png 600w, https:\/\/biolinecorp.ca\/wp-content\/uploads\/2022\/02\/Fowler-Returns-Chart-768x259.png 768w, https:\/\/biolinecorp.ca\/wp-content\/uploads\/2022\/02\/Fowler-Returns-Chart-640x216.png 640w\" sizes=\"(max-width: 780px) 100vw, 780px\" \/><\/figure>\n\n\n\n<div style=\"height:25px\" aria-hidden=\"true\" class=\"wp-block-spacer\"><\/div>\n\n\n\n<div class=\"wp-block-buttons is-layout-flex wp-block-buttons-is-layout-flex\">\n<div class=\"wp-block-button\"><a class=\"wp-block-button__link wp-element-button\" href=\"https:\/\/biolinecorp.ca\/wp-content\/uploads\/2022\/02\/20211122-Fowler-Soybean-Field-Trial-Data-v2.pdf\" target=\"_blank\" rel=\"noreferrer noopener\">Hoja de datos del ensayo de soja de Fowler<\/a><\/div>\n<\/div>\n<\/div><\/div>\n\n\n\n<div style=\"height:49px\" aria-hidden=\"true\" class=\"wp-block-spacer\"><\/div>\n\n\n\n<hr class=\"wp-block-separator has-css-opacity is-style-default\"\/>\n\n\n\n<div style=\"height:49px\" aria-hidden=\"true\" class=\"wp-block-spacer\"><\/div>\n\n\n\n<h3 class=\"wp-block-heading\" id=\"h-2021-soybean-replicated-plot-field-trial\">Ensayo de campo con parcelas replicadas de soja 2021<\/h3>\n\n\n\n<div class=\"wp-block-media-text alignwide has-media-on-the-right is-stacked-on-mobile is-vertically-aligned-center\"><div class=\"wp-block-media-text__content\">\n<p style=\"font-size:18px\">Los resultados de nuestro ensayo de campo en parcelas replicadas de 2021 muestran que BioLiNE<strong><sup>\u00ae<\/sup><\/strong> ayuda a crear componentes de rendimiento mediante la asimilaci\u00f3n de nutrientes para reducir el aborto de vainas, mejorar la eficacia en el uso de nutrientes y la fotos\u00edntesis para aumentar el llenado de las vainas. Al mejorar estos factores, el resultado fue un aumento del rendimiento de entre 5 y 19 bushel\/acre.<\/p>\n\n\n\n<div class=\"wp-block-buttons is-content-justification-center is-layout-flex wp-container-core-buttons-is-layout-16018d1d wp-block-buttons-is-layout-flex\">\n<div class=\"wp-block-button\"><a class=\"wp-block-button__link wp-element-button\" href=\"https:\/\/biolinecorp.ca\/wp-content\/uploads\/2022\/09\/20220830-2021-Alvinston-Soybean-Field-Trial-Data.pdf\" target=\"_blank\" rel=\"noreferrer noopener\">Hoja de datos del ensayo de campo de soja 2021<\/a><\/div>\n<\/div>\n<\/div><figure class=\"wp-block-media-text__media\"><img decoding=\"async\" width=\"1024\" height=\"571\" src=\"https:\/\/biolinecorp.ca\/wp-content\/uploads\/2022\/10\/Soybean-2021-final-1024x571.png\" alt=\"\" class=\"wp-image-32996 size-full\" srcset=\"https:\/\/biolinecorp.ca\/wp-content\/uploads\/2022\/10\/Soybean-2021-final-1024x571.png 1024w, https:\/\/biolinecorp.ca\/wp-content\/uploads\/2022\/10\/Soybean-2021-final-600x334.png 600w, https:\/\/biolinecorp.ca\/wp-content\/uploads\/2022\/10\/Soybean-2021-final-768x428.png 768w, https:\/\/biolinecorp.ca\/wp-content\/uploads\/2022\/10\/Soybean-2021-final-1536x856.png 1536w, https:\/\/biolinecorp.ca\/wp-content\/uploads\/2022\/10\/Soybean-2021-final-18x10.png 18w, https:\/\/biolinecorp.ca\/wp-content\/uploads\/2022\/10\/Soybean-2021-final-640x357.png 640w, https:\/\/biolinecorp.ca\/wp-content\/uploads\/2022\/10\/Soybean-2021-final-1280x713.png 1280w, https:\/\/biolinecorp.ca\/wp-content\/uploads\/2022\/10\/Soybean-2021-final.png 1988w\" sizes=\"(max-width: 1024px) 100vw, 1024px\" \/><\/figure><\/div>\n\n\n\n<div style=\"height:50px\" aria-hidden=\"true\" class=\"wp-block-spacer\"><\/div>\n\n\n\n<hr class=\"wp-block-separator has-alpha-channel-opacity\"\/>\n\n\n\n<div style=\"height:49px\" aria-hidden=\"true\" class=\"wp-block-spacer\"><\/div>\n\n\n\n<h3 class=\"wp-block-heading\" id=\"h-2020-soybean-replicated-plot-field-trial\">Ensayo de campo de parcelas replicadas de soja 2020<\/h3>\n\n\n\n<p style=\"font-size:18px\">Los resultados de nuestro ensayo de campo de parcelas replicadas en 2020 en Alvinston, Ontario, muestran que BioLiNE<strong><sup>\u00ae<\/sup><\/strong> ayuda a crear componentes de rendimiento mediante la asimilaci\u00f3n de nutrientes para reducir el aborto de vainas y la mejora de la eficiencia en el uso de nutrientes y la fotos\u00edntesis para aumentar el llenado de las vainas. Al mejorar estos dos factores, el resultado final fue un aumento del rendimiento de 7,2 a 12,2 bushel\/acre. <\/p>\n\n\n\n<div style=\"height:25px\" aria-hidden=\"true\" class=\"wp-block-spacer\"><\/div>\n\n\n\n<div class=\"wp-block-columns is-layout-flex wp-container-core-columns-is-layout-9d6595d7 wp-block-columns-is-layout-flex\">\n<div class=\"wp-block-column is-layout-flow wp-block-column-is-layout-flow\">\n<figure class=\"wp-block-image size-large is-style-default\"><img decoding=\"async\" width=\"1024\" height=\"609\" src=\"https:\/\/biolinecorp.ca\/wp-content\/uploads\/2022\/02\/Soybean-Graph-1-1024x609.png\" alt=\"\" class=\"wp-image-24629\" srcset=\"https:\/\/biolinecorp.ca\/wp-content\/uploads\/2022\/02\/Soybean-Graph-1-1024x609.png 1024w, https:\/\/biolinecorp.ca\/wp-content\/uploads\/2022\/02\/Soybean-Graph-1-600x357.png 600w, https:\/\/biolinecorp.ca\/wp-content\/uploads\/2022\/02\/Soybean-Graph-1-768x457.png 768w, https:\/\/biolinecorp.ca\/wp-content\/uploads\/2022\/02\/Soybean-Graph-1-1536x914.png 1536w, https:\/\/biolinecorp.ca\/wp-content\/uploads\/2022\/02\/Soybean-Graph-1-640x381.png 640w, https:\/\/biolinecorp.ca\/wp-content\/uploads\/2022\/02\/Soybean-Graph-1-1280x762.png 1280w, https:\/\/biolinecorp.ca\/wp-content\/uploads\/2022\/02\/Soybean-Graph-1.png 1763w\" sizes=\"(max-width: 1024px) 100vw, 1024px\" \/><figcaption class=\"wp-element-caption\">Reducci\u00f3n del aborto de flores y vainas con 500mL\/acre (17oz\/acre) de BioLiNE foliar<strong><sup>\u00ae<\/sup><\/strong> tratamiento<\/figcaption><\/figure>\n<\/div>\n\n\n\n<div class=\"wp-block-column is-layout-flow wp-block-column-is-layout-flow\">\n<figure class=\"wp-block-image size-large is-style-default\"><img decoding=\"async\" width=\"1024\" height=\"605\" src=\"https:\/\/biolinecorp.ca\/wp-content\/uploads\/2022\/02\/Soybean-Graph-3-1024x605.png\" alt=\"\" class=\"wp-image-24631\" srcset=\"https:\/\/biolinecorp.ca\/wp-content\/uploads\/2022\/02\/Soybean-Graph-3-1024x605.png 1024w, https:\/\/biolinecorp.ca\/wp-content\/uploads\/2022\/02\/Soybean-Graph-3-600x355.png 600w, https:\/\/biolinecorp.ca\/wp-content\/uploads\/2022\/02\/Soybean-Graph-3-768x454.png 768w, https:\/\/biolinecorp.ca\/wp-content\/uploads\/2022\/02\/Soybean-Graph-3-1536x908.png 1536w, https:\/\/biolinecorp.ca\/wp-content\/uploads\/2022\/02\/Soybean-Graph-3-640x378.png 640w, https:\/\/biolinecorp.ca\/wp-content\/uploads\/2022\/02\/Soybean-Graph-3-1280x757.png 1280w, https:\/\/biolinecorp.ca\/wp-content\/uploads\/2022\/02\/Soybean-Graph-3.png 1756w\" sizes=\"(max-width: 1024px) 100vw, 1024px\" \/><figcaption class=\"wp-element-caption\">Aumento del peso de las semillas con 500mL\/acre (17oz\/acre) de BioLiNE foliar<strong><sup>\u00ae<\/sup><\/strong> tratamiento<\/figcaption><\/figure>\n<\/div>\n\n\n\n<div class=\"wp-block-column is-layout-flow wp-block-column-is-layout-flow\">\n<figure class=\"wp-block-image size-large is-style-default\"><img decoding=\"async\" width=\"1024\" height=\"607\" src=\"https:\/\/biolinecorp.ca\/wp-content\/uploads\/2022\/02\/Soybean-Graph-2-1024x607.png\" alt=\"\" class=\"wp-image-24630\" srcset=\"https:\/\/biolinecorp.ca\/wp-content\/uploads\/2022\/02\/Soybean-Graph-2-1024x607.png 1024w, https:\/\/biolinecorp.ca\/wp-content\/uploads\/2022\/02\/Soybean-Graph-2-600x355.png 600w, https:\/\/biolinecorp.ca\/wp-content\/uploads\/2022\/02\/Soybean-Graph-2-768x455.png 768w, https:\/\/biolinecorp.ca\/wp-content\/uploads\/2022\/02\/Soybean-Graph-2-1536x910.png 1536w, https:\/\/biolinecorp.ca\/wp-content\/uploads\/2022\/02\/Soybean-Graph-2-640x379.png 640w, https:\/\/biolinecorp.ca\/wp-content\/uploads\/2022\/02\/Soybean-Graph-2-1280x758.png 1280w, https:\/\/biolinecorp.ca\/wp-content\/uploads\/2022\/02\/Soybean-Graph-2.png 1757w\" sizes=\"(max-width: 1024px) 100vw, 1024px\" \/><figcaption class=\"wp-element-caption\">Mejora del rendimiento de la soja con 500mL\/acre (17oz\/acre) de BioLiNE foliar<strong><sup>\u00ae<\/sup><\/strong> tratamiento<\/figcaption><\/figure>\n<\/div>\n<\/div>","protected":false},"excerpt":{"rendered":"<p>How Does BioLiNE\u00ae Help Soybean Production? BioLiNE\u2019s technology drastically improves the transport and assimilation of nutrients and other plant beneficial compounds. Combining superior cell permeability, bioactive chemistry, and accelerated nutrient exchange is our advantage. Our technology is an effective crop management tool that armors soybean crops against stress-induced pod abortions and improved nutrient transport helps [&hellip;]<\/p>\n","protected":false},"author":2,"featured_media":0,"parent":0,"menu_order":15,"comment_status":"closed","ping_status":"closed","template":"","meta":{"_monsterinsights_skip_tracking":false,"_monsterinsights_sitenote_active":false,"_monsterinsights_sitenote_note":"","_monsterinsights_sitenote_category":0,"footnotes":""},"class_list":["post-24073","page","type-page","status-publish","hentry"],"yoast_head":"<!-- This site is optimized with the Yoast SEO Premium plugin v27.3 (Yoast SEO v27.3) - https:\/\/yoast.com\/product\/yoast-seo-premium-wordpress\/ -->\n<title>Soybeans -<\/title>\n<meta name=\"description\" content=\"BioLiNE\u00ae technology armors soybean crops against stress-induced pod abortions and improved nutrient transport helps drive seed fill.\" \/>\n<meta name=\"robots\" content=\"index, follow, max-snippet:-1, max-image-preview:large, max-video-preview:-1\" \/>\n<link rel=\"canonical\" href=\"https:\/\/biolinecorp.ca\/es\/soja\/\" \/>\n<meta property=\"og:locale\" content=\"es_MX\" \/>\n<meta property=\"og:type\" content=\"article\" \/>\n<meta property=\"og:title\" content=\"Soybeans\" \/>\n<meta property=\"og:description\" content=\"BioLiNE\u00ae technology armors soybean crops against stress-induced pod abortions and improved nutrient transport helps drive seed fill.\" \/>\n<meta property=\"og:url\" content=\"https:\/\/biolinecorp.ca\/es\/soja\/\" \/>\n<meta property=\"article:publisher\" content=\"https:\/\/www.facebook.com\/BiolineCorp\/\" \/>\n<meta property=\"article:modified_time\" content=\"2023-09-12T15:25:34+00:00\" \/>\n<meta property=\"og:image\" content=\"https:\/\/biolinecorp.ca\/wp-content\/uploads\/2022\/02\/soybeans-staging-chart-v1-1-1024x604.jpg\" \/>\n<meta name=\"twitter:card\" content=\"summary_large_image\" \/>\n<meta name=\"twitter:site\" content=\"@BiolineCorp\" \/>\n<meta name=\"twitter:label1\" content=\"Tiempo de lectura\" \/>\n\t<meta name=\"twitter:data1\" content=\"4 minutos\" \/>\n<script type=\"application\/ld+json\" class=\"yoast-schema-graph\">{\"@context\":\"https:\\\/\\\/schema.org\",\"@graph\":[{\"@type\":\"WebPage\",\"@id\":\"https:\\\/\\\/biolinecorp.ca\\\/en_ca\\\/soybeans\\\/\",\"url\":\"https:\\\/\\\/biolinecorp.ca\\\/en_ca\\\/soybeans\\\/\",\"name\":\"Soybeans -\",\"isPartOf\":{\"@id\":\"https:\\\/\\\/biolinecorp.ca\\\/#website\"},\"primaryImageOfPage\":{\"@id\":\"https:\\\/\\\/biolinecorp.ca\\\/en_ca\\\/soybeans\\\/#primaryimage\"},\"image\":{\"@id\":\"https:\\\/\\\/biolinecorp.ca\\\/en_ca\\\/soybeans\\\/#primaryimage\"},\"thumbnailUrl\":\"https:\\\/\\\/biolinecorp.ca\\\/wp-content\\\/uploads\\\/2022\\\/02\\\/soybeans-staging-chart-v1-1-1024x604.jpg\",\"datePublished\":\"2022-02-10T17:17:26+00:00\",\"dateModified\":\"2023-09-12T15:25:34+00:00\",\"description\":\"BioLiNE\u00ae technology armors soybean crops against stress-induced pod abortions and improved nutrient transport helps drive seed fill.\",\"breadcrumb\":{\"@id\":\"https:\\\/\\\/biolinecorp.ca\\\/en_ca\\\/soybeans\\\/#breadcrumb\"},\"inLanguage\":\"es\",\"potentialAction\":[{\"@type\":\"ReadAction\",\"target\":[\"https:\\\/\\\/biolinecorp.ca\\\/en_ca\\\/soybeans\\\/\"]}]},{\"@type\":\"ImageObject\",\"inLanguage\":\"es\",\"@id\":\"https:\\\/\\\/biolinecorp.ca\\\/en_ca\\\/soybeans\\\/#primaryimage\",\"url\":\"https:\\\/\\\/biolinecorp.ca\\\/wp-content\\\/uploads\\\/2022\\\/02\\\/soybeans-staging-chart-v1-1-1024x604.jpg\",\"contentUrl\":\"https:\\\/\\\/biolinecorp.ca\\\/wp-content\\\/uploads\\\/2022\\\/02\\\/soybeans-staging-chart-v1-1-1024x604.jpg\"},{\"@type\":\"BreadcrumbList\",\"@id\":\"https:\\\/\\\/biolinecorp.ca\\\/en_ca\\\/soybeans\\\/#breadcrumb\",\"itemListElement\":[{\"@type\":\"ListItem\",\"position\":1,\"name\":\"Home\",\"item\":\"https:\\\/\\\/biolinecorp.ca\\\/en_ca\\\/\"},{\"@type\":\"ListItem\",\"position\":2,\"name\":\"Soybeans\"}]},{\"@type\":\"WebSite\",\"@id\":\"https:\\\/\\\/biolinecorp.ca\\\/#website\",\"url\":\"https:\\\/\\\/biolinecorp.ca\\\/\",\"name\":\"BioLine Corporation\",\"description\":\"\",\"publisher\":{\"@id\":\"https:\\\/\\\/biolinecorp.ca\\\/#organization\"},\"potentialAction\":[{\"@type\":\"SearchAction\",\"target\":{\"@type\":\"EntryPoint\",\"urlTemplate\":\"https:\\\/\\\/biolinecorp.ca\\\/?s={search_term_string}\"},\"query-input\":{\"@type\":\"PropertyValueSpecification\",\"valueRequired\":true,\"valueName\":\"search_term_string\"}}],\"inLanguage\":\"es\"},{\"@type\":\"Organization\",\"@id\":\"https:\\\/\\\/biolinecorp.ca\\\/#organization\",\"name\":\"Bioline Corporation\",\"url\":\"https:\\\/\\\/biolinecorp.ca\\\/\",\"logo\":{\"@type\":\"ImageObject\",\"inLanguage\":\"es\",\"@id\":\"https:\\\/\\\/biolinecorp.ca\\\/#\\\/schema\\\/logo\\\/image\\\/\",\"url\":\"https:\\\/\\\/biolinecorp.ca\\\/wp-content\\\/uploads\\\/2018\\\/02\\\/Bioline_logo.png\",\"contentUrl\":\"https:\\\/\\\/biolinecorp.ca\\\/wp-content\\\/uploads\\\/2018\\\/02\\\/Bioline_logo.png\",\"width\":667,\"height\":181,\"caption\":\"Bioline Corporation\"},\"image\":{\"@id\":\"https:\\\/\\\/biolinecorp.ca\\\/#\\\/schema\\\/logo\\\/image\\\/\"},\"sameAs\":[\"https:\\\/\\\/www.facebook.com\\\/BiolineCorp\\\/\",\"https:\\\/\\\/x.com\\\/BiolineCorp\",\"https:\\\/\\\/www.linkedin.com\\\/company\\\/bioline-corp\\\/\",\"https:\\\/\\\/www.youtube.com\\\/channel\\\/UCpD4bbIdegjthmdriZ2SAow\"]}]}<\/script>\n<!-- \/ Yoast SEO Premium plugin. -->","yoast_head_json":{"title":"Soja -","description":"La tecnolog\u00eda BioLiNE\u00ae blinda los cultivos de soja contra los abortos de vaina inducidos por el estr\u00e9s y la mejora del transporte de nutrientes ayuda a impulsar el llenado de las semillas.","robots":{"index":"index","follow":"follow","max-snippet":"max-snippet:-1","max-image-preview":"max-image-preview:large","max-video-preview":"max-video-preview:-1"},"canonical":"https:\/\/biolinecorp.ca\/es\/soja\/","og_locale":"es_MX","og_type":"article","og_title":"Soybeans","og_description":"BioLiNE\u00ae technology armors soybean crops against stress-induced pod abortions and improved nutrient transport helps drive seed fill.","og_url":"https:\/\/biolinecorp.ca\/es\/soja\/","article_publisher":"https:\/\/www.facebook.com\/BiolineCorp\/","article_modified_time":"2023-09-12T15:25:34+00:00","og_image":[{"url":"https:\/\/biolinecorp.ca\/wp-content\/uploads\/2022\/02\/soybeans-staging-chart-v1-1-1024x604.jpg","type":"","width":"","height":""}],"twitter_card":"summary_large_image","twitter_site":"@BiolineCorp","twitter_misc":{"Tiempo de lectura":"4 minutos"},"schema":{"@context":"https:\/\/schema.org","@graph":[{"@type":"WebPage","@id":"https:\/\/biolinecorp.ca\/en_ca\/soybeans\/","url":"https:\/\/biolinecorp.ca\/en_ca\/soybeans\/","name":"Soja -","isPartOf":{"@id":"https:\/\/biolinecorp.ca\/#website"},"primaryImageOfPage":{"@id":"https:\/\/biolinecorp.ca\/en_ca\/soybeans\/#primaryimage"},"image":{"@id":"https:\/\/biolinecorp.ca\/en_ca\/soybeans\/#primaryimage"},"thumbnailUrl":"https:\/\/biolinecorp.ca\/wp-content\/uploads\/2022\/02\/soybeans-staging-chart-v1-1-1024x604.jpg","datePublished":"2022-02-10T17:17:26+00:00","dateModified":"2023-09-12T15:25:34+00:00","description":"La tecnolog\u00eda BioLiNE\u00ae blinda los cultivos de soja contra los abortos de vaina inducidos por el estr\u00e9s y la mejora del transporte de nutrientes ayuda a impulsar el llenado de las semillas.","breadcrumb":{"@id":"https:\/\/biolinecorp.ca\/en_ca\/soybeans\/#breadcrumb"},"inLanguage":"es","potentialAction":[{"@type":"ReadAction","target":["https:\/\/biolinecorp.ca\/en_ca\/soybeans\/"]}]},{"@type":"ImageObject","inLanguage":"es","@id":"https:\/\/biolinecorp.ca\/en_ca\/soybeans\/#primaryimage","url":"https:\/\/biolinecorp.ca\/wp-content\/uploads\/2022\/02\/soybeans-staging-chart-v1-1-1024x604.jpg","contentUrl":"https:\/\/biolinecorp.ca\/wp-content\/uploads\/2022\/02\/soybeans-staging-chart-v1-1-1024x604.jpg"},{"@type":"BreadcrumbList","@id":"https:\/\/biolinecorp.ca\/en_ca\/soybeans\/#breadcrumb","itemListElement":[{"@type":"ListItem","position":1,"name":"Home","item":"https:\/\/biolinecorp.ca\/en_ca\/"},{"@type":"ListItem","position":2,"name":"Soybeans"}]},{"@type":"WebSite","@id":"https:\/\/biolinecorp.ca\/#website","url":"https:\/\/biolinecorp.ca\/","name":"Corporaci\u00f3n BioLine","description":"","publisher":{"@id":"https:\/\/biolinecorp.ca\/#organization"},"potentialAction":[{"@type":"SearchAction","target":{"@type":"EntryPoint","urlTemplate":"https:\/\/biolinecorp.ca\/?s={search_term_string}"},"query-input":{"@type":"PropertyValueSpecification","valueRequired":true,"valueName":"search_term_string"}}],"inLanguage":"es"},{"@type":"Organization","@id":"https:\/\/biolinecorp.ca\/#organization","name":"Corporaci\u00f3n Bioline","url":"https:\/\/biolinecorp.ca\/","logo":{"@type":"ImageObject","inLanguage":"es","@id":"https:\/\/biolinecorp.ca\/#\/schema\/logo\/image\/","url":"https:\/\/biolinecorp.ca\/wp-content\/uploads\/2018\/02\/Bioline_logo.png","contentUrl":"https:\/\/biolinecorp.ca\/wp-content\/uploads\/2018\/02\/Bioline_logo.png","width":667,"height":181,"caption":"Bioline Corporation"},"image":{"@id":"https:\/\/biolinecorp.ca\/#\/schema\/logo\/image\/"},"sameAs":["https:\/\/www.facebook.com\/BiolineCorp\/","https:\/\/x.com\/BiolineCorp","https:\/\/www.linkedin.com\/company\/bioline-corp\/","https:\/\/www.youtube.com\/channel\/UCpD4bbIdegjthmdriZ2SAow"]}]}},"_links":{"self":[{"href":"https:\/\/biolinecorp.ca\/es\/wp-json\/wp\/v2\/pages\/24073","targetHints":{"allow":["GET"]}}],"collection":[{"href":"https:\/\/biolinecorp.ca\/es\/wp-json\/wp\/v2\/pages"}],"about":[{"href":"https:\/\/biolinecorp.ca\/es\/wp-json\/wp\/v2\/types\/page"}],"author":[{"embeddable":true,"href":"https:\/\/biolinecorp.ca\/es\/wp-json\/wp\/v2\/users\/2"}],"replies":[{"embeddable":true,"href":"https:\/\/biolinecorp.ca\/es\/wp-json\/wp\/v2\/comments?post=24073"}],"version-history":[{"count":0,"href":"https:\/\/biolinecorp.ca\/es\/wp-json\/wp\/v2\/pages\/24073\/revisions"}],"wp:attachment":[{"href":"https:\/\/biolinecorp.ca\/es\/wp-json\/wp\/v2\/media?parent=24073"}],"curies":[{"name":"wp","href":"https:\/\/api.w.org\/{rel}","templated":true}]}}