{"id":11154,"date":"2019-10-30T12:08:32","date_gmt":"2019-10-30T16:08:32","guid":{"rendered":"https:\/\/biolinecorp.ca\/?page_id=11154"},"modified":"2024-03-18T08:49:34","modified_gmt":"2024-03-18T12:49:34","slug":"our-technology","status":"publish","type":"page","link":"https:\/\/biolinecorp.ca\/es\/nuestra-tecnologia\/","title":{"rendered":"Nuestra tecnolog\u00eda"},"content":{"rendered":"<div style=\"height:50px\" aria-hidden=\"true\" class=\"wp-block-spacer\"><\/div>\n\n\n\n<div class=\"wp-block-media-text alignwide is-stacked-on-mobile\"><figure class=\"wp-block-media-text__media\"><img decoding=\"async\" width=\"1024\" height=\"683\" src=\"https:\/\/biolinecorp.ca\/wp-content\/uploads\/2019\/10\/Chemisty-1024x683.jpg\" alt=\"\" class=\"wp-image-11099 size-full\" srcset=\"https:\/\/biolinecorp.ca\/wp-content\/uploads\/2019\/10\/Chemisty-1024x683.jpg 1024w, https:\/\/biolinecorp.ca\/wp-content\/uploads\/2019\/10\/Chemisty-600x400.jpg 600w, https:\/\/biolinecorp.ca\/wp-content\/uploads\/2019\/10\/Chemisty-768x512.jpg 768w, https:\/\/biolinecorp.ca\/wp-content\/uploads\/2019\/10\/Chemisty-640x427.jpg 640w, https:\/\/biolinecorp.ca\/wp-content\/uploads\/2019\/10\/Chemisty-1280x853.jpg 1280w\" sizes=\"(max-width: 1024px) 100vw, 1024px\" \/><\/figure><div class=\"wp-block-media-text__content\">\n<h3 class=\"wp-block-heading has-large-font-size\" id=\"h-our-innovative-technology\">Nuestra innovadora tecnolog\u00eda<\/h3>\n\n\n\n<p>BioLiNE<strong><sup>\u00ae<\/sup><\/strong> Corporation es una empresa de desarrollo tecnol\u00f3gico <a href=\"https:\/\/biolinecorp.ca\/es\/our-company\/\">empresa<\/a> centrada en proporcionar soluciones avanzadas, basadas en la ciencia, para mejorar la producci\u00f3n de cultivos. Nuestra empresa se centra en la investigaci\u00f3n y la innovaci\u00f3n. La p\u00e1gina web <a href=\"https:\/\/biolinecorp.ca\/es\/nuestros-productos\/\">productos<\/a> que hemos desarrollado mejoran la sostenibilidad de las explotaciones agr\u00edcolas. Todas las innovaciones de nuestros productos se han formulado para su ampliaci\u00f3n, teniendo en cuenta la compatibilidad y la facilidad de uso. Pueden mezclarse con los insumos de cultivo existentes y combinarse con otras tecnolog\u00edas en varios puntos de la cadena de suministro, incluidos los formuladores y mezcladores de fertilizantes, los aplicadores personalizados o los agricultores. Con unos requisitos de tasa de uso bajos y un historial de impacto positivo constante, nuestras tecnolog\u00edas son una opci\u00f3n muy atractiva para los agricultores.<\/p>\n<\/div><\/div>\n\n\n\n<div style=\"height:50px\" aria-hidden=\"true\" class=\"wp-block-spacer\"><\/div>\n\n\n\n<hr class=\"wp-block-separator has-css-opacity is-style-wide\"\/>\n\n\n\n<div style=\"height:50px\" aria-hidden=\"true\" class=\"wp-block-spacer\"><\/div>\n\n\n\n<p>Utilizamos nuestra propia <strong>Fulv-IQ<sup>\u00ae<\/sup><\/strong> para purificar y aislar fracciones espec\u00edficas de \u00e1cidos f\u00falvicos que tienen las propiedades m\u00e1s beneficiosas para los cultivos. Nuestra tecnolog\u00eda es una herramienta sencilla, eficaz y asequible para ayudar a los agricultores a gestionar sus cultivos. Mejora la eficiencia en el uso de nutrientes de los cultivos al aumentar la disponibilidad, el transporte y la asimilaci\u00f3n de nutrientes y otras mol\u00e9culas beneficiosas para los cultivos. Nuestros \u00e1cidos f\u00falvicos son una herramienta esencial que los agricultores pueden utilizar para reforzar las defensas naturales de los cultivos contra los principales factores de estr\u00e9s durante toda la temporada.<\/p>\n\n\n\n<p>Con bajos requisitos de dosis de uso, nuestras vers\u00e1tiles soluciones pueden a\u00f1adirse a fertilizantes de inicio y foliares, mezclarse en tanque con herbicidas o fungicidas, impregnarse en fertilizantes secos o aplicarse como ingrediente en <a href=\"https:\/\/biolinecorp.ca\/wp-content\/uploads\/2024\/03\/20240220-BioLiNE-Seed-Treatment.pdf\">tratamiento de semillas<\/a>. Con m\u00e1s de <strong>2 millones de acres<\/strong> tratados en todo Canad\u00e1 y Estados Unidos, BioLiNE<strong><sup>\u00ae<\/sup><\/strong> se compromete a proporcionar valor a nuestros clientes y a garantizar su satisfacci\u00f3n mediante un compromiso proactivo en todo momento.<\/p>\n\n\n\n<div style=\"height:50px\" aria-hidden=\"true\" class=\"wp-block-spacer\"><\/div>\n\n\n\n<hr class=\"wp-block-separator has-css-opacity is-style-wide\"\/>\n\n\n\n<div style=\"height:50px\" aria-hidden=\"true\" class=\"wp-block-spacer\"><\/div>\n\n\n\n<div class=\"wp-block-media-text alignwide is-stacked-on-mobile\"><figure class=\"wp-block-media-text__media\"><img decoding=\"async\" width=\"1024\" height=\"678\" src=\"https:\/\/biolinecorp.ca\/wp-content\/uploads\/2019\/10\/Plant-Growth-shutter-1024x678.jpg\" alt=\"\" class=\"wp-image-10862 size-full\" srcset=\"https:\/\/biolinecorp.ca\/wp-content\/uploads\/2019\/10\/Plant-Growth-shutter-1024x678.jpg 1024w, https:\/\/biolinecorp.ca\/wp-content\/uploads\/2019\/10\/Plant-Growth-shutter-300x199.jpg 300w, https:\/\/biolinecorp.ca\/wp-content\/uploads\/2019\/10\/Plant-Growth-shutter-768x509.jpg 768w, https:\/\/biolinecorp.ca\/wp-content\/uploads\/2019\/10\/Plant-Growth-shutter-640x424.jpg 640w, https:\/\/biolinecorp.ca\/wp-content\/uploads\/2019\/10\/Plant-Growth-shutter-1280x848.jpg 1280w\" sizes=\"(max-width: 1024px) 100vw, 1024px\" \/><\/figure><div class=\"wp-block-media-text__content\">\n<h3 class=\"wp-block-heading has-large-font-size\" id=\"h-bioline-nbsp-technology-features-amp-advantages\"><strong>BioLiNE<sup>\u00ae&nbsp;<\/sup>Caracter\u00edsticas y ventajas de la tecnolog\u00eda<\/strong><\/h3>\n\n\n\n<p><strong>BioLiNE<sup>\u00ae<\/sup>'s Biogenic Nutrient Accelerator\u2122 (BNA) Technology<\/strong>\u00a0es esencial para la producci\u00f3n sostenible de cultivos en nuestro entorno en constante cambio. Desempe\u00f1a un papel importante en la mejora de <a href=\"https:\/\/biolinecorp.ca\/wp-content\/uploads\/2024\/03\/20240122-BioLiNE-Root-and-Soil-Health.pdf\">salud del suelo<\/a> fomentando la diversidad, la poblaci\u00f3n y el equilibrio microbianos. BioLiNE<strong><sup>\u00ae<\/sup><\/strong> <a href=\"https:\/\/biolinecorp.ca\/es\/nuestros-productos\/\">productos<\/a> est\u00e1n dise\u00f1ados para mitigar los impactos negativos de los eventos abi\u00f3ticos que se producen a lo largo de la temporada de cultivo. BioLiNE<strong><sup>\u00ae<\/sup><\/strong> aumentan la eficiencia en el uso de nutrientes y agua (NUE y WUE). Nuestros productos pueden aplicarse conjuntamente con cualquier pr\u00e1ctica de gesti\u00f3n \u00f3ptima para cualquier cultivo. BioLiNE<strong><sup>\u00ae<\/sup><\/strong> productos han demostrado hist\u00f3ricamente una buena R.O.I.<\/p>\n<\/div><\/div>\n\n\n\n<head><!-- Global site tag (gtag.js) - Google Ads: 781808697 --> <script async src=\"https:\/\/www.googletagmanager.com\/gtag\/js?id=AW-781808697\"><\/script> <script> window.dataLayer = window.dataLayer || []; function gtag(){dataLayer.push(arguments);} gtag('js', new Date()); gtag('config', 'AW-781808697'); gtag('config', 'AW-781808697');<\/script> <\/head>","protected":false},"excerpt":{"rendered":"<p>Our Innovative Technology BioLiNE\u00ae Corporation is a technology development company focused on providing advanced, science-based solutions to improve crop production. Our company has a strong focus on research and innovation. The products we have developed improve the sustainability of farm operations. All of our product innovations were formulated for scale-up, with compatibility, and ease-of-use in [&hellip;]<\/p>\n","protected":false},"author":2,"featured_media":0,"parent":0,"menu_order":22,"comment_status":"closed","ping_status":"closed","template":"","meta":{"_monsterinsights_skip_tracking":false,"_monsterinsights_sitenote_active":false,"_monsterinsights_sitenote_note":"","_monsterinsights_sitenote_category":0,"footnotes":""},"class_list":["post-11154","page","type-page","status-publish","hentry"],"yoast_head":"<!-- This site is optimized with the Yoast SEO Premium plugin v27.3 (Yoast SEO v27.3) - https:\/\/yoast.com\/product\/yoast-seo-premium-wordpress\/ -->\n<title>BioLiNE&#039;s Biogenic Nutrient Accelerator\u2122 (BNA) Technology<\/title>\n<meta name=\"description\" content=\"Want to learn more about BioLiNE&#039;s Technology and our proven track record of armouring crops against abiotic stress?\" \/>\n<meta name=\"robots\" content=\"index, follow, max-snippet:-1, max-image-preview:large, max-video-preview:-1\" \/>\n<link rel=\"canonical\" href=\"https:\/\/biolinecorp.ca\/es\/nuestra-tecnologia\/\" \/>\n<meta property=\"og:locale\" content=\"es_MX\" \/>\n<meta property=\"og:type\" content=\"article\" \/>\n<meta property=\"og:title\" content=\"BioLiNE&#039;s Biogenic Nutrient Accelerator\u2122 (BNA) Technology\" \/>\n<meta property=\"og:description\" content=\"Want to learn more about BioLiNE&#039;s Technology? Our proven trace-record of armouring crops helps preserve the innate genetic yield potential of crops.\" \/>\n<meta property=\"og:url\" content=\"https:\/\/biolinecorp.ca\/es\/nuestra-tecnologia\/\" \/>\n<meta property=\"article:publisher\" content=\"https:\/\/www.facebook.com\/BiolineCorp\/\" \/>\n<meta property=\"article:modified_time\" content=\"2024-03-18T12:49:34+00:00\" \/>\n<meta property=\"og:image\" content=\"https:\/\/biolinecorp.ca\/wp-content\/uploads\/2019\/10\/corn-field.jpg\" \/>\n\t<meta property=\"og:image:width\" content=\"7210\" \/>\n\t<meta property=\"og:image:height\" content=\"4139\" \/>\n\t<meta property=\"og:image:type\" content=\"image\/jpeg\" \/>\n<meta name=\"twitter:card\" content=\"summary_large_image\" \/>\n<meta name=\"twitter:title\" content=\"BioLiNE&#039;s Biogenic Nutrient Accelerator\u2122 (BNA) Technology\" \/>\n<meta name=\"twitter:description\" content=\"Want to learn more about BioLiNE&#039;s Technology? Our proven trace-record of armouring crops helps preserve the innate genetic yield potential of crops.\" \/>\n<meta name=\"twitter:image\" content=\"https:\/\/biolinecorp.ca\/wp-content\/uploads\/2019\/10\/corn-field.jpg\" \/>\n<meta name=\"twitter:site\" content=\"@BiolineCorp\" \/>\n<meta name=\"twitter:label1\" content=\"Tiempo de lectura\" \/>\n\t<meta name=\"twitter:data1\" content=\"2 minutos\" \/>\n<script type=\"application\/ld+json\" class=\"yoast-schema-graph\">{\"@context\":\"https:\\\/\\\/schema.org\",\"@graph\":[{\"@type\":\"WebPage\",\"@id\":\"https:\\\/\\\/biolinecorp.ca\\\/en_ca\\\/our-technology\\\/\",\"url\":\"https:\\\/\\\/biolinecorp.ca\\\/en_ca\\\/our-technology\\\/\",\"name\":\"BioLiNE's Biogenic Nutrient Accelerator\u2122 (BNA) Technology\",\"isPartOf\":{\"@id\":\"https:\\\/\\\/biolinecorp.ca\\\/#website\"},\"primaryImageOfPage\":{\"@id\":\"https:\\\/\\\/biolinecorp.ca\\\/en_ca\\\/our-technology\\\/#primaryimage\"},\"image\":{\"@id\":\"https:\\\/\\\/biolinecorp.ca\\\/en_ca\\\/our-technology\\\/#primaryimage\"},\"thumbnailUrl\":\"https:\\\/\\\/biolinecorp.ca\\\/wp-content\\\/uploads\\\/2019\\\/10\\\/Chemisty-1024x683.jpg\",\"datePublished\":\"2019-10-30T16:08:32+00:00\",\"dateModified\":\"2024-03-18T12:49:34+00:00\",\"description\":\"Want to learn more about BioLiNE's Technology and our proven track record of armouring crops against abiotic stress?\",\"breadcrumb\":{\"@id\":\"https:\\\/\\\/biolinecorp.ca\\\/en_ca\\\/our-technology\\\/#breadcrumb\"},\"inLanguage\":\"es\",\"potentialAction\":[{\"@type\":\"ReadAction\",\"target\":[\"https:\\\/\\\/biolinecorp.ca\\\/en_ca\\\/our-technology\\\/\"]}]},{\"@type\":\"ImageObject\",\"inLanguage\":\"es\",\"@id\":\"https:\\\/\\\/biolinecorp.ca\\\/en_ca\\\/our-technology\\\/#primaryimage\",\"url\":\"https:\\\/\\\/biolinecorp.ca\\\/wp-content\\\/uploads\\\/2019\\\/10\\\/Chemisty-1024x683.jpg\",\"contentUrl\":\"https:\\\/\\\/biolinecorp.ca\\\/wp-content\\\/uploads\\\/2019\\\/10\\\/Chemisty-1024x683.jpg\"},{\"@type\":\"BreadcrumbList\",\"@id\":\"https:\\\/\\\/biolinecorp.ca\\\/en_ca\\\/our-technology\\\/#breadcrumb\",\"itemListElement\":[{\"@type\":\"ListItem\",\"position\":1,\"name\":\"Home\",\"item\":\"https:\\\/\\\/biolinecorp.ca\\\/en_ca\\\/\"},{\"@type\":\"ListItem\",\"position\":2,\"name\":\"Our Technology\"}]},{\"@type\":\"WebSite\",\"@id\":\"https:\\\/\\\/biolinecorp.ca\\\/#website\",\"url\":\"https:\\\/\\\/biolinecorp.ca\\\/\",\"name\":\"BioLine Corporation\",\"description\":\"\",\"publisher\":{\"@id\":\"https:\\\/\\\/biolinecorp.ca\\\/#organization\"},\"potentialAction\":[{\"@type\":\"SearchAction\",\"target\":{\"@type\":\"EntryPoint\",\"urlTemplate\":\"https:\\\/\\\/biolinecorp.ca\\\/?s={search_term_string}\"},\"query-input\":{\"@type\":\"PropertyValueSpecification\",\"valueRequired\":true,\"valueName\":\"search_term_string\"}}],\"inLanguage\":\"es\"},{\"@type\":\"Organization\",\"@id\":\"https:\\\/\\\/biolinecorp.ca\\\/#organization\",\"name\":\"Bioline Corporation\",\"url\":\"https:\\\/\\\/biolinecorp.ca\\\/\",\"logo\":{\"@type\":\"ImageObject\",\"inLanguage\":\"es\",\"@id\":\"https:\\\/\\\/biolinecorp.ca\\\/#\\\/schema\\\/logo\\\/image\\\/\",\"url\":\"https:\\\/\\\/biolinecorp.ca\\\/wp-content\\\/uploads\\\/2018\\\/02\\\/Bioline_logo.png\",\"contentUrl\":\"https:\\\/\\\/biolinecorp.ca\\\/wp-content\\\/uploads\\\/2018\\\/02\\\/Bioline_logo.png\",\"width\":667,\"height\":181,\"caption\":\"Bioline Corporation\"},\"image\":{\"@id\":\"https:\\\/\\\/biolinecorp.ca\\\/#\\\/schema\\\/logo\\\/image\\\/\"},\"sameAs\":[\"https:\\\/\\\/www.facebook.com\\\/BiolineCorp\\\/\",\"https:\\\/\\\/x.com\\\/BiolineCorp\",\"https:\\\/\\\/www.linkedin.com\\\/company\\\/bioline-corp\\\/\",\"https:\\\/\\\/www.youtube.com\\\/channel\\\/UCpD4bbIdegjthmdriZ2SAow\"]}]}<\/script>\n<!-- \/ Yoast SEO Premium plugin. -->","yoast_head_json":{"title":"Tecnolog\u00eda Biogenic Nutrient Accelerator\u2122 (BNA) de BioLiNE","description":"\u00bfDesea saber m\u00e1s sobre la tecnolog\u00eda de BioLiNE y nuestra probada trayectoria en el blindaje de los cultivos contra el estr\u00e9s abi\u00f3tico?","robots":{"index":"index","follow":"follow","max-snippet":"max-snippet:-1","max-image-preview":"max-image-preview:large","max-video-preview":"max-video-preview:-1"},"canonical":"https:\/\/biolinecorp.ca\/es\/nuestra-tecnologia\/","og_locale":"es_MX","og_type":"article","og_title":"BioLiNE's Biogenic Nutrient Accelerator\u2122 (BNA) Technology","og_description":"Want to learn more about BioLiNE's Technology? Our proven trace-record of armouring crops helps preserve the innate genetic yield potential of crops.","og_url":"https:\/\/biolinecorp.ca\/es\/nuestra-tecnologia\/","article_publisher":"https:\/\/www.facebook.com\/BiolineCorp\/","article_modified_time":"2024-03-18T12:49:34+00:00","og_image":[{"width":7210,"height":4139,"url":"https:\/\/biolinecorp.ca\/wp-content\/uploads\/2019\/10\/corn-field.jpg","type":"image\/jpeg"}],"twitter_card":"summary_large_image","twitter_title":"BioLiNE's Biogenic Nutrient Accelerator\u2122 (BNA) Technology","twitter_description":"Want to learn more about BioLiNE's Technology? Our proven trace-record of armouring crops helps preserve the innate genetic yield potential of crops.","twitter_image":"https:\/\/biolinecorp.ca\/wp-content\/uploads\/2019\/10\/corn-field.jpg","twitter_site":"@BiolineCorp","twitter_misc":{"Tiempo de lectura":"2 minutos"},"schema":{"@context":"https:\/\/schema.org","@graph":[{"@type":"WebPage","@id":"https:\/\/biolinecorp.ca\/en_ca\/our-technology\/","url":"https:\/\/biolinecorp.ca\/en_ca\/our-technology\/","name":"Tecnolog\u00eda Biogenic Nutrient Accelerator\u2122 (BNA) de BioLiNE","isPartOf":{"@id":"https:\/\/biolinecorp.ca\/#website"},"primaryImageOfPage":{"@id":"https:\/\/biolinecorp.ca\/en_ca\/our-technology\/#primaryimage"},"image":{"@id":"https:\/\/biolinecorp.ca\/en_ca\/our-technology\/#primaryimage"},"thumbnailUrl":"https:\/\/biolinecorp.ca\/wp-content\/uploads\/2019\/10\/Chemisty-1024x683.jpg","datePublished":"2019-10-30T16:08:32+00:00","dateModified":"2024-03-18T12:49:34+00:00","description":"\u00bfDesea saber m\u00e1s sobre la tecnolog\u00eda de BioLiNE y nuestra probada trayectoria en el blindaje de los cultivos contra el estr\u00e9s abi\u00f3tico?","breadcrumb":{"@id":"https:\/\/biolinecorp.ca\/en_ca\/our-technology\/#breadcrumb"},"inLanguage":"es","potentialAction":[{"@type":"ReadAction","target":["https:\/\/biolinecorp.ca\/en_ca\/our-technology\/"]}]},{"@type":"ImageObject","inLanguage":"es","@id":"https:\/\/biolinecorp.ca\/en_ca\/our-technology\/#primaryimage","url":"https:\/\/biolinecorp.ca\/wp-content\/uploads\/2019\/10\/Chemisty-1024x683.jpg","contentUrl":"https:\/\/biolinecorp.ca\/wp-content\/uploads\/2019\/10\/Chemisty-1024x683.jpg"},{"@type":"BreadcrumbList","@id":"https:\/\/biolinecorp.ca\/en_ca\/our-technology\/#breadcrumb","itemListElement":[{"@type":"ListItem","position":1,"name":"Home","item":"https:\/\/biolinecorp.ca\/en_ca\/"},{"@type":"ListItem","position":2,"name":"Our Technology"}]},{"@type":"WebSite","@id":"https:\/\/biolinecorp.ca\/#website","url":"https:\/\/biolinecorp.ca\/","name":"Corporaci\u00f3n BioLine","description":"","publisher":{"@id":"https:\/\/biolinecorp.ca\/#organization"},"potentialAction":[{"@type":"SearchAction","target":{"@type":"EntryPoint","urlTemplate":"https:\/\/biolinecorp.ca\/?s={search_term_string}"},"query-input":{"@type":"PropertyValueSpecification","valueRequired":true,"valueName":"search_term_string"}}],"inLanguage":"es"},{"@type":"Organization","@id":"https:\/\/biolinecorp.ca\/#organization","name":"Corporaci\u00f3n Bioline","url":"https:\/\/biolinecorp.ca\/","logo":{"@type":"ImageObject","inLanguage":"es","@id":"https:\/\/biolinecorp.ca\/#\/schema\/logo\/image\/","url":"https:\/\/biolinecorp.ca\/wp-content\/uploads\/2018\/02\/Bioline_logo.png","contentUrl":"https:\/\/biolinecorp.ca\/wp-content\/uploads\/2018\/02\/Bioline_logo.png","width":667,"height":181,"caption":"Bioline Corporation"},"image":{"@id":"https:\/\/biolinecorp.ca\/#\/schema\/logo\/image\/"},"sameAs":["https:\/\/www.facebook.com\/BiolineCorp\/","https:\/\/x.com\/BiolineCorp","https:\/\/www.linkedin.com\/company\/bioline-corp\/","https:\/\/www.youtube.com\/channel\/UCpD4bbIdegjthmdriZ2SAow"]}]}},"_links":{"self":[{"href":"https:\/\/biolinecorp.ca\/es\/wp-json\/wp\/v2\/pages\/11154","targetHints":{"allow":["GET"]}}],"collection":[{"href":"https:\/\/biolinecorp.ca\/es\/wp-json\/wp\/v2\/pages"}],"about":[{"href":"https:\/\/biolinecorp.ca\/es\/wp-json\/wp\/v2\/types\/page"}],"author":[{"embeddable":true,"href":"https:\/\/biolinecorp.ca\/es\/wp-json\/wp\/v2\/users\/2"}],"replies":[{"embeddable":true,"href":"https:\/\/biolinecorp.ca\/es\/wp-json\/wp\/v2\/comments?post=11154"}],"version-history":[{"count":0,"href":"https:\/\/biolinecorp.ca\/es\/wp-json\/wp\/v2\/pages\/11154\/revisions"}],"wp:attachment":[{"href":"https:\/\/biolinecorp.ca\/es\/wp-json\/wp\/v2\/media?parent=11154"}],"curies":[{"name":"wp","href":"https:\/\/api.w.org\/{rel}","templated":true}]}}