{"id":11059,"date":"2025-05-01T11:57:18","date_gmt":"2025-05-01T15:57:18","guid":{"rendered":"https:\/\/biolinecorp.ca\/?page_id=11059"},"modified":"2025-05-01T12:00:39","modified_gmt":"2025-05-01T16:00:39","slug":"about-us","status":"publish","type":"page","link":"https:\/\/biolinecorp.ca\/es\/sobre-nosotros\/","title":{"rendered":"Qui\u00e9nes somos"},"content":{"rendered":"<div class=\"wp-block-media-text is-stacked-on-mobile\" style=\"grid-template-columns:28% auto\"><figure class=\"wp-block-media-text__media\"><img decoding=\"async\" width=\"714\" height=\"1024\" src=\"https:\/\/biolinecorp.ca\/wp-content\/uploads\/2025\/04\/shutterstock_456567850-scaled-e1745429770966-714x1024.jpg\" alt=\"\" class=\"wp-image-69929 size-full\" srcset=\"https:\/\/biolinecorp.ca\/wp-content\/uploads\/2025\/04\/shutterstock_456567850-scaled-e1745429770966-714x1024.jpg 714w, https:\/\/biolinecorp.ca\/wp-content\/uploads\/2025\/04\/shutterstock_456567850-scaled-e1745429770966-419x600.jpg 419w, https:\/\/biolinecorp.ca\/wp-content\/uploads\/2025\/04\/shutterstock_456567850-scaled-e1745429770966-768x1101.jpg 768w, https:\/\/biolinecorp.ca\/wp-content\/uploads\/2025\/04\/shutterstock_456567850-scaled-e1745429770966-1071x1536.jpg 1071w, https:\/\/biolinecorp.ca\/wp-content\/uploads\/2025\/04\/shutterstock_456567850-scaled-e1745429770966-8x12.jpg 8w, https:\/\/biolinecorp.ca\/wp-content\/uploads\/2025\/04\/shutterstock_456567850-scaled-e1745429770966-640x918.jpg 640w, https:\/\/biolinecorp.ca\/wp-content\/uploads\/2025\/04\/shutterstock_456567850-scaled-e1745429770966.jpg 1190w\" sizes=\"(max-width: 714px) 100vw, 714px\" \/><\/figure><div class=\"wp-block-media-text__content\">\n<h3 class=\"wp-block-heading\" id=\"h-rooted-in-innovation-inspired-by-growth-driven-by-results\"><mark style=\"background-color:rgba(0, 0, 0, 0)\" class=\"has-inline-color has-vivid-green-cyan-color\">Arraigada en la innovaci\u00f3n. Inspirados por el crecimiento. Impulsado por los resultados.<\/mark><\/h3>\n\n\n\n<p>En BioLiNE, aspiramos a ofrecer soluciones de la m\u00e1s alta calidad que vigoricen la salud de las plantas, enriquezcan el suelo y eleven el rendimiento de los cultivos. Nuestras f\u00f3rmulas se basan en una intensa investigaci\u00f3n y se producen utilizando innovadores <a href=\"https:\/\/biolinecorp.ca\/es\/nuestra-tecnologia\/\">tecnolog\u00edas<\/a>.<\/p>\n\n\n\n<p>No s\u00f3lo hacemos avanzar la tecnolog\u00eda: estamos transformando la agricultura. Nuestra <a href=\"https:\/\/biolinecorp.ca\/es\/nuestros-productos\/\">productos<\/a> est\u00e1n dise\u00f1ados con precisi\u00f3n para ayudar a los agricultores a conseguir cosechas m\u00e1s sanas, mayores rendimientos y una calidad excepcional, temporada tras temporada.<\/p>\n\n\n\n<p>Detr\u00e1s de nuestra innovaci\u00f3n hay un equipo apasionado, que da prioridad a las personas <a href=\"https:\/\/biolinecorp.ca\/es\/nuestro-equipo\/\">equipo<\/a>. Fomentamos una cultura positiva e integradora que valora la colaboraci\u00f3n, celebra el progreso y sit\u00faa siempre a nuestros agricultores en el centro de todo lo que hacemos.<\/p>\n<\/div><\/div>\n\n\n\n<div style=\"height:90px\" aria-hidden=\"true\" class=\"wp-block-spacer\"><\/div>\n\n\n\n<div class=\"wp-block-media-text has-media-on-the-right is-stacked-on-mobile\" style=\"grid-template-columns:auto 32%\"><div class=\"wp-block-media-text__content\">\n<h4 class=\"wp-block-heading\" id=\"h-our-history\"><mark style=\"background-color:rgba(0, 0, 0, 0)\" class=\"has-inline-color has-vivid-green-cyan-color\">Nuestra historia<\/mark><\/h4>\n\n\n\n<p>BioLiNE Corporation es una empresa canadiense de desarrollo tecnol\u00f3gico fundada por Ray McDonald, un veterano de 45 a\u00f1os de carrera conocido por ser pionero, desarrollar y comercializar tecnolog\u00edas que ayudan a los agricultores a mejorar la producci\u00f3n de sus cultivos. Durante muchos a\u00f1os, Ray ha buscado tecnolog\u00edas que mejoren la eficiencia de la utilizaci\u00f3n de nutrientes y agua por parte de las plantas. En 2016, Ray McDonald fund\u00f3 BioLiNE Corporation para desarrollar y comercializar nuestra tecnolog\u00eda y las formulaciones de productos que se derivan de ella.<\/p>\n<\/div><figure class=\"wp-block-media-text__media\"><img decoding=\"async\" width=\"1024\" height=\"573\" src=\"https:\/\/biolinecorp.ca\/wp-content\/uploads\/2019\/10\/dramatic-tractro-photo-cropped-e1746112771741-1024x573.jpg\" alt=\"\" class=\"wp-image-11040 size-full\" srcset=\"https:\/\/biolinecorp.ca\/wp-content\/uploads\/2019\/10\/dramatic-tractro-photo-cropped-e1746112771741-1024x573.jpg 1024w, https:\/\/biolinecorp.ca\/wp-content\/uploads\/2019\/10\/dramatic-tractro-photo-cropped-e1746112771741-600x336.jpg 600w, https:\/\/biolinecorp.ca\/wp-content\/uploads\/2019\/10\/dramatic-tractro-photo-cropped-e1746112771741-768x430.jpg 768w, https:\/\/biolinecorp.ca\/wp-content\/uploads\/2019\/10\/dramatic-tractro-photo-cropped-e1746112771741-640x358.jpg 640w, https:\/\/biolinecorp.ca\/wp-content\/uploads\/2019\/10\/dramatic-tractro-photo-cropped-e1746112771741-1280x717.jpg 1280w, https:\/\/biolinecorp.ca\/wp-content\/uploads\/2019\/10\/dramatic-tractro-photo-cropped-e1746112771741-1536x860.jpg 1536w, https:\/\/biolinecorp.ca\/wp-content\/uploads\/2019\/10\/dramatic-tractro-photo-cropped-e1746112771741-2048x1147.jpg 2048w, https:\/\/biolinecorp.ca\/wp-content\/uploads\/2019\/10\/dramatic-tractro-photo-cropped-e1746112771741-18x10.jpg 18w\" sizes=\"(max-width: 1024px) 100vw, 1024px\" \/><\/figure><\/div>\n\n\n\n<div style=\"height:100px\" aria-hidden=\"true\" class=\"wp-block-spacer\"><\/div>\n\n\n<div class=\"w-heading heading-9 text-left\">\n    <div class=\"w-wrapper\">\n                 \n        <h2>           \n            <span>Estamos orgullosos de ser miembros de las siguientes organizaciones industriales y de investigaci\u00f3n:<\/span>        <\/h2>\n                    <\/div>\n<\/div>\n\n\n\n<div style=\"height:25px\" aria-hidden=\"true\" class=\"wp-block-spacer\"><\/div>\n\n\n\n<div class=\"wp-block-columns are-vertically-aligned-center is-layout-flex wp-container-core-columns-is-layout-9d6595d7 wp-block-columns-is-layout-flex\">\n<div class=\"wp-block-column is-vertically-aligned-center is-layout-flow wp-block-column-is-layout-flow\"><div class=\"wp-block-image\">\n<figure class=\"aligncenter size-full is-resized\"><a href=\"https:\/\/www.tfi.org\/\"><img decoding=\"async\" width=\"322\" height=\"156\" src=\"https:\/\/biolinecorp.ca\/wp-content\/uploads\/2021\/08\/TFI-Logo.png\" alt=\"\" class=\"wp-image-21183\" style=\"width:156px;height:75px\"\/><\/a><\/figure>\n<\/div>\n\n\n<p class=\"has-text-align-center\" style=\"font-size:16px\"><strong><a href=\"https:\/\/www.tfi.org\/\">El Instituto de Fertilizantes<\/a><\/strong><\/p>\n<\/div>\n\n\n\n<div class=\"wp-block-column is-vertically-aligned-center is-layout-flow wp-block-column-is-layout-flow\"><div class=\"wp-block-image\">\n<figure class=\"aligncenter size-full is-resized\"><a href=\"https:\/\/www.bpia.org\/\"><img decoding=\"async\" width=\"300\" height=\"160\" src=\"https:\/\/biolinecorp.ca\/wp-content\/uploads\/2021\/08\/bpia_logo_2020.gif\" alt=\"\" class=\"wp-image-21262\" style=\"width:148px;height:75px\"\/><\/a><\/figure>\n<\/div>\n\n\n<p class=\"has-text-align-center\" style=\"font-size:16px\"><strong><a href=\"https:\/\/www.bpia.org\/\">Alianza de la Industria de Productos Biol\u00f3gicos<\/a><\/strong><\/p>\n<\/div>\n\n\n\n<div class=\"wp-block-column is-layout-flow wp-block-column-is-layout-flow\" style=\"flex-basis:20px\"><\/div>\n<\/div>\n\n\n\n<div style=\"height:38px\" aria-hidden=\"true\" class=\"wp-block-spacer\"><\/div>\n\n\n\n<div class=\"wp-block-columns is-layout-flex wp-container-core-columns-is-layout-9d6595d7 wp-block-columns-is-layout-flex\">\n<div class=\"wp-block-column is-layout-flow wp-block-column-is-layout-flow\"><div class=\"wp-block-image is-style-default\">\n<figure class=\"aligncenter size-full is-resized\"><img decoding=\"async\" width=\"71\" height=\"100\" src=\"https:\/\/biolinecorp.ca\/wp-content\/uploads\/2018\/02\/hpta_logo.png\" alt=\"Logotipo de la HPTA\" class=\"wp-image-8964\" style=\"width:54px;height:77px\"\/><\/figure>\n<\/div>\n\n\n<p class=\"has-text-align-center\" style=\"font-size:16px\"><a href=\"https:\/\/humictrade.org\/\"><strong>Asociaci\u00f3n de Comercio de Productos H\u00famicos<\/strong><\/a><\/p>\n<\/div>\n\n\n\n<div class=\"wp-block-column is-layout-flow wp-block-column-is-layout-flow\"><div class=\"wp-block-image\">\n<figure class=\"aligncenter size-full is-resized\"><img decoding=\"async\" width=\"68\" height=\"58\" src=\"https:\/\/biolinecorp.ca\/wp-content\/uploads\/2021\/09\/fertilizer-advisory-committee-canada-logo-v1B2.png\" alt=\"\" class=\"wp-image-21377\" style=\"width:88px;height:76px\"\/><\/figure>\n<\/div>\n\n\n<p class=\"has-text-align-center\" style=\"font-size:16px\"><strong><a href=\"https:\/\/fsacommittee.ca\/\">Comit\u00e9 Consultivo de Fertilizantes y Suplementos<\/a><\/strong><\/p>\n<\/div>\n\n\n\n<div class=\"wp-block-column is-layout-flow wp-block-column-is-layout-flow\"><div class=\"wp-block-image\">\n<figure class=\"aligncenter size-full is-resized\"><a href=\"https:\/\/humic-substances.org\/\"><img decoding=\"async\" width=\"170\" height=\"100\" src=\"https:\/\/biolinecorp.ca\/wp-content\/uploads\/2018\/02\/ihss_logo.png\" alt=\"Logotipo de la Investigaci\u00f3n sobre Materia Org\u00e1nica Natural del IHSS\" class=\"wp-image-8966\" style=\"width:131px;height:76px\"\/><\/a><\/figure>\n<\/div>\n\n\n<p class=\"has-text-align-center\" style=\"font-size:16px\"><strong><a href=\"https:\/\/humic-substances.org\/\">Sociedad Internacional de Sustancias H\u00famicas<\/a><\/strong><\/p>\n<\/div>\n\n\n\n<div class=\"wp-block-column is-layout-flow wp-block-column-is-layout-flow\" style=\"flex-basis:20px\"><\/div>\n<\/div>\n\n\n\n<head><!-- Global site tag (gtag.js) - Google Ads: 781808697 --> <script async src=\"https:\/\/www.googletagmanager.com\/gtag\/js?id=AW-781808697\"><\/script> <script> window.dataLayer = window.dataLayer || []; function gtag(){dataLayer.push(arguments);} gtag('js', new Date()); gtag('config', 'AW-781808697'); gtag('config', 'AW-781808697');<\/script> <\/head>","protected":false},"excerpt":{"rendered":"<p>Rooted in Innovation. Inspired by Growth. Driven by Results. At BioLiNE, we aspire to deliver the highest quality solutions that energize plant health, enrich soil, and elevate crop performance. Our formulations are founded on intense research and produced using innovative technologies. We&#8217;re not just advancing technology &#8211; we&#8217;re transforming agriculture. Our products are precision-engineered to [&hellip;]<\/p>\n","protected":false},"author":3,"featured_media":0,"parent":0,"menu_order":24,"comment_status":"closed","ping_status":"closed","template":"","meta":{"_monsterinsights_skip_tracking":false,"_monsterinsights_sitenote_active":false,"_monsterinsights_sitenote_note":"","_monsterinsights_sitenote_category":0,"footnotes":""},"class_list":["post-11059","page","type-page","status-publish","hentry"],"yoast_head":"<!-- This site is optimized with the Yoast SEO Premium plugin v27.3 (Yoast SEO v27.3) - https:\/\/yoast.com\/product\/yoast-seo-premium-wordpress\/ -->\n<title>Formulators of Superior Plant and Soil Health Products<\/title>\n<meta name=\"description\" content=\"BioLiNE formulations improve the performance of fertilizers and transport of nutrient, electrolytes, and actives.\" \/>\n<meta name=\"robots\" content=\"index, follow, max-snippet:-1, max-image-preview:large, max-video-preview:-1\" \/>\n<link rel=\"canonical\" href=\"https:\/\/biolinecorp.ca\/es\/\u5173\u4e8e\u6211\u4eec-2\/\" \/>\n<meta property=\"og:locale\" content=\"es_MX\" \/>\n<meta property=\"og:type\" content=\"article\" \/>\n<meta property=\"og:title\" content=\"About Us\" \/>\n<meta property=\"og:description\" content=\"BioLiNE formulations improve the performance of fertilizers and transport of nutrient, electrolytes, and actives.\" \/>\n<meta property=\"og:url\" content=\"https:\/\/biolinecorp.ca\/es\/\u5173\u4e8e\u6211\u4eec-2\/\" \/>\n<meta property=\"article:publisher\" content=\"https:\/\/www.facebook.com\/BiolineCorp\/\" \/>\n<meta property=\"article:modified_time\" content=\"2025-05-01T16:00:39+00:00\" \/>\n<meta property=\"og:image\" content=\"https:\/\/biolinecorp.ca\/wp-content\/uploads\/2019\/10\/dramatic-tractro-photo-cropped-e1746112771741-1024x573.jpg\" \/>\n\t<meta property=\"og:image:width\" content=\"1024\" \/>\n\t<meta property=\"og:image:height\" content=\"573\" \/>\n\t<meta property=\"og:image:type\" content=\"image\/jpeg\" \/>\n<meta name=\"twitter:card\" content=\"summary_large_image\" \/>\n<meta name=\"twitter:image\" content=\"https:\/\/biolinecorp.ca\/wp-content\/uploads\/2019\/10\/shutterstock_1400702237.jpg\" \/>\n<meta name=\"twitter:site\" content=\"@BiolineCorp\" \/>\n<meta name=\"twitter:label1\" content=\"Tiempo de lectura\" \/>\n\t<meta name=\"twitter:data1\" content=\"3 minutos\" \/>\n<script type=\"application\/ld+json\" class=\"yoast-schema-graph\">{\"@context\":\"https:\\\/\\\/schema.org\",\"@graph\":[{\"@type\":\"WebPage\",\"@id\":\"https:\\\/\\\/biolinecorp.ca\\\/zh\\\/\u5173\u4e8e\u6211\u4eec-2\\\/\",\"url\":\"https:\\\/\\\/biolinecorp.ca\\\/zh\\\/\u5173\u4e8e\u6211\u4eec-2\\\/\",\"name\":\"Formulators of Superior Plant and Soil Health Products\",\"isPartOf\":{\"@id\":\"https:\\\/\\\/biolinecorp.ca\\\/#website\"},\"primaryImageOfPage\":{\"@id\":\"https:\\\/\\\/biolinecorp.ca\\\/zh\\\/\u5173\u4e8e\u6211\u4eec-2\\\/#primaryimage\"},\"image\":{\"@id\":\"https:\\\/\\\/biolinecorp.ca\\\/zh\\\/\u5173\u4e8e\u6211\u4eec-2\\\/#primaryimage\"},\"thumbnailUrl\":\"https:\\\/\\\/biolinecorp.ca\\\/wp-content\\\/uploads\\\/2025\\\/04\\\/shutterstock_456567850-scaled-e1745429770966-714x1024.jpg\",\"datePublished\":\"2025-05-01T15:57:18+00:00\",\"dateModified\":\"2025-05-01T16:00:39+00:00\",\"description\":\"BioLiNE formulations improve the performance of fertilizers and transport of nutrient, electrolytes, and actives.\",\"breadcrumb\":{\"@id\":\"https:\\\/\\\/biolinecorp.ca\\\/zh\\\/\u5173\u4e8e\u6211\u4eec-2\\\/#breadcrumb\"},\"inLanguage\":\"es\",\"potentialAction\":[{\"@type\":\"ReadAction\",\"target\":[\"https:\\\/\\\/biolinecorp.ca\\\/zh\\\/\u5173\u4e8e\u6211\u4eec-2\\\/\"]}]},{\"@type\":\"ImageObject\",\"inLanguage\":\"es\",\"@id\":\"https:\\\/\\\/biolinecorp.ca\\\/zh\\\/\u5173\u4e8e\u6211\u4eec-2\\\/#primaryimage\",\"url\":\"https:\\\/\\\/biolinecorp.ca\\\/wp-content\\\/uploads\\\/2025\\\/04\\\/shutterstock_456567850-scaled-e1745429770966-714x1024.jpg\",\"contentUrl\":\"https:\\\/\\\/biolinecorp.ca\\\/wp-content\\\/uploads\\\/2025\\\/04\\\/shutterstock_456567850-scaled-e1745429770966-714x1024.jpg\"},{\"@type\":\"BreadcrumbList\",\"@id\":\"https:\\\/\\\/biolinecorp.ca\\\/zh\\\/\u5173\u4e8e\u6211\u4eec-2\\\/#breadcrumb\",\"itemListElement\":[{\"@type\":\"ListItem\",\"position\":1,\"name\":\"Home\",\"item\":\"https:\\\/\\\/biolinecorp.ca\\\/en_ca\\\/\"},{\"@type\":\"ListItem\",\"position\":2,\"name\":\"About Us\"}]},{\"@type\":\"WebSite\",\"@id\":\"https:\\\/\\\/biolinecorp.ca\\\/#website\",\"url\":\"https:\\\/\\\/biolinecorp.ca\\\/\",\"name\":\"BioLine Corporation\",\"description\":\"\",\"publisher\":{\"@id\":\"https:\\\/\\\/biolinecorp.ca\\\/#organization\"},\"potentialAction\":[{\"@type\":\"SearchAction\",\"target\":{\"@type\":\"EntryPoint\",\"urlTemplate\":\"https:\\\/\\\/biolinecorp.ca\\\/?s={search_term_string}\"},\"query-input\":{\"@type\":\"PropertyValueSpecification\",\"valueRequired\":true,\"valueName\":\"search_term_string\"}}],\"inLanguage\":\"es\"},{\"@type\":\"Organization\",\"@id\":\"https:\\\/\\\/biolinecorp.ca\\\/#organization\",\"name\":\"Bioline Corporation\",\"url\":\"https:\\\/\\\/biolinecorp.ca\\\/\",\"logo\":{\"@type\":\"ImageObject\",\"inLanguage\":\"es\",\"@id\":\"https:\\\/\\\/biolinecorp.ca\\\/#\\\/schema\\\/logo\\\/image\\\/\",\"url\":\"https:\\\/\\\/biolinecorp.ca\\\/wp-content\\\/uploads\\\/2018\\\/02\\\/Bioline_logo.png\",\"contentUrl\":\"https:\\\/\\\/biolinecorp.ca\\\/wp-content\\\/uploads\\\/2018\\\/02\\\/Bioline_logo.png\",\"width\":667,\"height\":181,\"caption\":\"Bioline Corporation\"},\"image\":{\"@id\":\"https:\\\/\\\/biolinecorp.ca\\\/#\\\/schema\\\/logo\\\/image\\\/\"},\"sameAs\":[\"https:\\\/\\\/www.facebook.com\\\/BiolineCorp\\\/\",\"https:\\\/\\\/x.com\\\/BiolineCorp\",\"https:\\\/\\\/www.linkedin.com\\\/company\\\/bioline-corp\\\/\",\"https:\\\/\\\/www.youtube.com\\\/channel\\\/UCpD4bbIdegjthmdriZ2SAow\"]}]}<\/script>\n<!-- \/ Yoast SEO Premium plugin. -->","yoast_head_json":{"title":"Formuladores de productos fitosanitarios superiores","description":"Las f\u00f3rmulas BioLiNE mejoran el rendimiento de los fertilizantes y el transporte de nutrientes, electrolitos y activos.","robots":{"index":"index","follow":"follow","max-snippet":"max-snippet:-1","max-image-preview":"max-image-preview:large","max-video-preview":"max-video-preview:-1"},"canonical":"https:\/\/biolinecorp.ca\/es\/\u5173\u4e8e\u6211\u4eec-2\/","og_locale":"es_MX","og_type":"article","og_title":"About Us","og_description":"BioLiNE formulations improve the performance of fertilizers and transport of nutrient, electrolytes, and actives.","og_url":"https:\/\/biolinecorp.ca\/es\/\u5173\u4e8e\u6211\u4eec-2\/","article_publisher":"https:\/\/www.facebook.com\/BiolineCorp\/","article_modified_time":"2025-05-01T16:00:39+00:00","og_image":[{"width":1024,"height":573,"url":"https:\/\/biolinecorp.ca\/wp-content\/uploads\/2019\/10\/dramatic-tractro-photo-cropped-e1746112771741-1024x573.jpg","type":"image\/jpeg"}],"twitter_card":"summary_large_image","twitter_image":"https:\/\/biolinecorp.ca\/wp-content\/uploads\/2019\/10\/shutterstock_1400702237.jpg","twitter_site":"@BiolineCorp","twitter_misc":{"Tiempo de lectura":"3 minutos"},"schema":{"@context":"https:\/\/schema.org","@graph":[{"@type":"WebPage","@id":"https:\/\/biolinecorp.ca\/zh\/\u5173\u4e8e\u6211\u4eec-2\/","url":"https:\/\/biolinecorp.ca\/zh\/\u5173\u4e8e\u6211\u4eec-2\/","name":"Formuladores de productos fitosanitarios superiores","isPartOf":{"@id":"https:\/\/biolinecorp.ca\/#website"},"primaryImageOfPage":{"@id":"https:\/\/biolinecorp.ca\/zh\/\u5173\u4e8e\u6211\u4eec-2\/#primaryimage"},"image":{"@id":"https:\/\/biolinecorp.ca\/zh\/\u5173\u4e8e\u6211\u4eec-2\/#primaryimage"},"thumbnailUrl":"https:\/\/biolinecorp.ca\/wp-content\/uploads\/2025\/04\/shutterstock_456567850-scaled-e1745429770966-714x1024.jpg","datePublished":"2025-05-01T15:57:18+00:00","dateModified":"2025-05-01T16:00:39+00:00","description":"Las f\u00f3rmulas BioLiNE mejoran el rendimiento de los fertilizantes y el transporte de nutrientes, electrolitos y activos.","breadcrumb":{"@id":"https:\/\/biolinecorp.ca\/zh\/\u5173\u4e8e\u6211\u4eec-2\/#breadcrumb"},"inLanguage":"es","potentialAction":[{"@type":"ReadAction","target":["https:\/\/biolinecorp.ca\/zh\/\u5173\u4e8e\u6211\u4eec-2\/"]}]},{"@type":"ImageObject","inLanguage":"es","@id":"https:\/\/biolinecorp.ca\/zh\/\u5173\u4e8e\u6211\u4eec-2\/#primaryimage","url":"https:\/\/biolinecorp.ca\/wp-content\/uploads\/2025\/04\/shutterstock_456567850-scaled-e1745429770966-714x1024.jpg","contentUrl":"https:\/\/biolinecorp.ca\/wp-content\/uploads\/2025\/04\/shutterstock_456567850-scaled-e1745429770966-714x1024.jpg"},{"@type":"BreadcrumbList","@id":"https:\/\/biolinecorp.ca\/zh\/\u5173\u4e8e\u6211\u4eec-2\/#breadcrumb","itemListElement":[{"@type":"ListItem","position":1,"name":"Home","item":"https:\/\/biolinecorp.ca\/en_ca\/"},{"@type":"ListItem","position":2,"name":"About Us"}]},{"@type":"WebSite","@id":"https:\/\/biolinecorp.ca\/#website","url":"https:\/\/biolinecorp.ca\/","name":"Corporaci\u00f3n BioLine","description":"","publisher":{"@id":"https:\/\/biolinecorp.ca\/#organization"},"potentialAction":[{"@type":"SearchAction","target":{"@type":"EntryPoint","urlTemplate":"https:\/\/biolinecorp.ca\/?s={search_term_string}"},"query-input":{"@type":"PropertyValueSpecification","valueRequired":true,"valueName":"search_term_string"}}],"inLanguage":"es"},{"@type":"Organization","@id":"https:\/\/biolinecorp.ca\/#organization","name":"Corporaci\u00f3n Bioline","url":"https:\/\/biolinecorp.ca\/","logo":{"@type":"ImageObject","inLanguage":"es","@id":"https:\/\/biolinecorp.ca\/#\/schema\/logo\/image\/","url":"https:\/\/biolinecorp.ca\/wp-content\/uploads\/2018\/02\/Bioline_logo.png","contentUrl":"https:\/\/biolinecorp.ca\/wp-content\/uploads\/2018\/02\/Bioline_logo.png","width":667,"height":181,"caption":"Bioline Corporation"},"image":{"@id":"https:\/\/biolinecorp.ca\/#\/schema\/logo\/image\/"},"sameAs":["https:\/\/www.facebook.com\/BiolineCorp\/","https:\/\/x.com\/BiolineCorp","https:\/\/www.linkedin.com\/company\/bioline-corp\/","https:\/\/www.youtube.com\/channel\/UCpD4bbIdegjthmdriZ2SAow"]}]}},"_links":{"self":[{"href":"https:\/\/biolinecorp.ca\/es\/wp-json\/wp\/v2\/pages\/11059","targetHints":{"allow":["GET"]}}],"collection":[{"href":"https:\/\/biolinecorp.ca\/es\/wp-json\/wp\/v2\/pages"}],"about":[{"href":"https:\/\/biolinecorp.ca\/es\/wp-json\/wp\/v2\/types\/page"}],"author":[{"embeddable":true,"href":"https:\/\/biolinecorp.ca\/es\/wp-json\/wp\/v2\/users\/3"}],"replies":[{"embeddable":true,"href":"https:\/\/biolinecorp.ca\/es\/wp-json\/wp\/v2\/comments?post=11059"}],"version-history":[{"count":0,"href":"https:\/\/biolinecorp.ca\/es\/wp-json\/wp\/v2\/pages\/11059\/revisions"}],"wp:attachment":[{"href":"https:\/\/biolinecorp.ca\/es\/wp-json\/wp\/v2\/media?parent=11059"}],"curies":[{"name":"wp","href":"https:\/\/api.w.org\/{rel}","templated":true}]}}