{"id":71489,"date":"2025-05-01T12:18:24","date_gmt":"2025-05-01T16:18:24","guid":{"rendered":"https:\/\/biolinecorp.ca\/?page_id=71489"},"modified":"2025-05-01T12:21:39","modified_gmt":"2025-05-01T16:21:39","slug":"our-mission","status":"publish","type":"page","link":"https:\/\/biolinecorp.ca\/de\/unser-auftrag\/","title":{"rendered":"Unser Auftrag"},"content":{"rendered":"<div style=\"height:30px\" aria-hidden=\"true\" class=\"wp-block-spacer\"><\/div>\n\n\n\n<div class=\"wp-block-media-text is-stacked-on-mobile\" style=\"grid-template-columns:28% auto\"><figure class=\"wp-block-media-text__media\"><img decoding=\"async\" width=\"714\" height=\"1024\" src=\"https:\/\/biolinecorp.ca\/wp-content\/uploads\/2025\/04\/shutterstock_456567850-scaled-e1745429770966-714x1024.jpg\" alt=\"\" class=\"wp-image-69929 size-full\" srcset=\"https:\/\/biolinecorp.ca\/wp-content\/uploads\/2025\/04\/shutterstock_456567850-scaled-e1745429770966-714x1024.jpg 714w, https:\/\/biolinecorp.ca\/wp-content\/uploads\/2025\/04\/shutterstock_456567850-scaled-e1745429770966-419x600.jpg 419w, https:\/\/biolinecorp.ca\/wp-content\/uploads\/2025\/04\/shutterstock_456567850-scaled-e1745429770966-768x1101.jpg 768w, https:\/\/biolinecorp.ca\/wp-content\/uploads\/2025\/04\/shutterstock_456567850-scaled-e1745429770966-1071x1536.jpg 1071w, https:\/\/biolinecorp.ca\/wp-content\/uploads\/2025\/04\/shutterstock_456567850-scaled-e1745429770966-8x12.jpg 8w, https:\/\/biolinecorp.ca\/wp-content\/uploads\/2025\/04\/shutterstock_456567850-scaled-e1745429770966-640x918.jpg 640w, https:\/\/biolinecorp.ca\/wp-content\/uploads\/2025\/04\/shutterstock_456567850-scaled-e1745429770966.jpg 1190w\" sizes=\"(max-width: 714px) 100vw, 714px\" \/><\/figure><div class=\"wp-block-media-text__content\">\n<h3 class=\"wp-block-heading\" id=\"h-rooted-in-innovation-inspired-by-growth-driven-by-results\"><mark style=\"background-color:rgba(0, 0, 0, 0)\" class=\"has-inline-color has-vivid-green-cyan-color\">Verwurzelt in Innovation. Inspiriert durch Wachstum. Angetrieben durch Ergebnisse.<\/mark><\/h3>\n\n\n\n<p>Wir bei BioLiNE streben danach, L\u00f6sungen von h\u00f6chster Qualit\u00e4t zu liefern, die die Pflanzengesundheit f\u00f6rdern, den Boden bereichern und die Leistung der Pflanzen steigern. Unsere Formulierungen basieren auf intensiver Forschung und werden mit innovativen <a href=\"https:\/\/biolinecorp.ca\/de\/unsere-technologie\/\">Technologien<\/a>.<\/p>\n\n\n\n<p>Wir bringen nicht nur die Technologie voran - wir ver\u00e4ndern auch die Landwirtschaft. Unser <a href=\"https:\/\/biolinecorp.ca\/de\/unsere-produkte\/\">Produkte<\/a> sind pr\u00e4zisionsgefertigt, um Landwirten zu helfen, ges\u00fcndere Ernten, h\u00f6here Ertr\u00e4ge und au\u00dfergew\u00f6hnliche Qualit\u00e4t zu erzielen - Saison f\u00fcr Saison.<\/p>\n\n\n\n<p>Hinter unserer Innovation steht ein leidenschaftlicher, auf den Menschen ausgerichteter <a href=\"https:\/\/biolinecorp.ca\/de\/unser-team-2\/\">Team<\/a>. Wir pflegen eine positive und integrative Kultur, die die Zusammenarbeit sch\u00e4tzt, den Fortschritt feiert und unsere Landwirte immer in den Mittelpunkt unseres Handelns stellt.<\/p>\n<\/div><\/div>\n\n\n\n<div style=\"height:90px\" aria-hidden=\"true\" class=\"wp-block-spacer\"><\/div>\n\n\n\n<div class=\"wp-block-media-text has-media-on-the-right is-stacked-on-mobile\" style=\"grid-template-columns:auto 32%\"><div class=\"wp-block-media-text__content\">\n<h4 class=\"wp-block-heading\" id=\"h-our-history\"><mark style=\"background-color:rgba(0, 0, 0, 0)\" class=\"has-inline-color has-vivid-green-cyan-color\">Unsere Geschichte<\/mark><\/h4>\n\n\n\n<p>Die BioLiNE Corporation ist ein kanadisches Technologieentwicklungsunternehmen, das von Ray McDonald gegr\u00fcndet wurde. Ray McDonald ist seit 45 Jahren als Pionier, Entwickler und Vermarkter von Technologien bekannt, die Landwirten helfen, die Pflanzenproduktion zu verbessern. Seit vielen Jahren ist Ray McDonald auf der Suche nach Technologien, die die Effizienz der N\u00e4hrstoff- und Wassernutzung durch Pflanzen verbessern. Im Jahr 2016 gr\u00fcndete Ray McDonald die BioLiNE Corporation, um unsere Technologie und die daraus abgeleiteten Produktformulierungen zu entwickeln und zu vermarkten.<\/p>\n<\/div><figure class=\"wp-block-media-text__media\"><img decoding=\"async\" width=\"1024\" height=\"573\" src=\"https:\/\/biolinecorp.ca\/wp-content\/uploads\/2019\/10\/dramatic-tractro-photo-cropped-e1746112771741-1024x573.jpg\" alt=\"\" class=\"wp-image-11040 size-full\" srcset=\"https:\/\/biolinecorp.ca\/wp-content\/uploads\/2019\/10\/dramatic-tractro-photo-cropped-e1746112771741-1024x573.jpg 1024w, https:\/\/biolinecorp.ca\/wp-content\/uploads\/2019\/10\/dramatic-tractro-photo-cropped-e1746112771741-600x336.jpg 600w, https:\/\/biolinecorp.ca\/wp-content\/uploads\/2019\/10\/dramatic-tractro-photo-cropped-e1746112771741-768x430.jpg 768w, https:\/\/biolinecorp.ca\/wp-content\/uploads\/2019\/10\/dramatic-tractro-photo-cropped-e1746112771741-640x358.jpg 640w, https:\/\/biolinecorp.ca\/wp-content\/uploads\/2019\/10\/dramatic-tractro-photo-cropped-e1746112771741-1280x717.jpg 1280w, https:\/\/biolinecorp.ca\/wp-content\/uploads\/2019\/10\/dramatic-tractro-photo-cropped-e1746112771741-1536x860.jpg 1536w, https:\/\/biolinecorp.ca\/wp-content\/uploads\/2019\/10\/dramatic-tractro-photo-cropped-e1746112771741-2048x1147.jpg 2048w, https:\/\/biolinecorp.ca\/wp-content\/uploads\/2019\/10\/dramatic-tractro-photo-cropped-e1746112771741-18x10.jpg 18w\" sizes=\"(max-width: 1024px) 100vw, 1024px\" \/><\/figure><\/div>\n\n\n\n<div style=\"height:100px\" aria-hidden=\"true\" class=\"wp-block-spacer\"><\/div>\n\n\n<div class=\"w-heading heading-9 text-left\">\n    <div class=\"w-wrapper\">\n                 \n        <h2>           \n            <span>Wir sind stolze Mitglieder der folgenden Industrie- und Forschungsorganisationen:<\/span>        <\/h2>\n                    <\/div>\n<\/div>\n\n\n\n<div style=\"height:25px\" aria-hidden=\"true\" class=\"wp-block-spacer\"><\/div>\n\n\n\n<div class=\"wp-block-columns are-vertically-aligned-center is-layout-flex wp-container-core-columns-is-layout-9d6595d7 wp-block-columns-is-layout-flex\">\n<div class=\"wp-block-column is-vertically-aligned-center is-layout-flow wp-block-column-is-layout-flow\"><div class=\"wp-block-image\">\n<figure class=\"aligncenter size-full is-resized\"><a href=\"https:\/\/www.tfi.org\/\"><img decoding=\"async\" width=\"322\" height=\"156\" src=\"https:\/\/biolinecorp.ca\/wp-content\/uploads\/2021\/08\/TFI-Logo.png\" alt=\"\" class=\"wp-image-21183\" style=\"width:156px;height:75px\"\/><\/a><\/figure><\/div>\n\n\n<p class=\"has-text-align-center\" style=\"font-size:16px\"><strong><a href=\"https:\/\/www.tfi.org\/\">Das D\u00fcngemittelinstitut<\/a><\/strong><\/p>\n<\/div>\n\n\n\n<div class=\"wp-block-column is-vertically-aligned-center is-layout-flow wp-block-column-is-layout-flow\"><div class=\"wp-block-image\">\n<figure class=\"aligncenter size-full is-resized\"><a href=\"https:\/\/www.bpia.org\/\"><img decoding=\"async\" width=\"300\" height=\"160\" src=\"https:\/\/biolinecorp.ca\/wp-content\/uploads\/2021\/08\/bpia_logo_2020.gif\" alt=\"\" class=\"wp-image-21262\" style=\"width:148px;height:75px\"\/><\/a><\/figure><\/div>\n\n\n<p class=\"has-text-align-center\" style=\"font-size:16px\"><strong><a href=\"https:\/\/www.bpia.org\/\">Allianz der biologischen Produktindustrie<\/a><\/strong><\/p>\n<\/div>\n\n\n\n<div class=\"wp-block-column is-layout-flow wp-block-column-is-layout-flow\" style=\"flex-basis:20px\"><\/div>\n<\/div>\n\n\n\n<div style=\"height:38px\" aria-hidden=\"true\" class=\"wp-block-spacer\"><\/div>\n\n\n\n<div class=\"wp-block-columns is-layout-flex wp-container-core-columns-is-layout-9d6595d7 wp-block-columns-is-layout-flex\">\n<div class=\"wp-block-column is-layout-flow wp-block-column-is-layout-flow\"><div class=\"wp-block-image is-style-default\">\n<figure class=\"aligncenter size-full is-resized\"><img decoding=\"async\" width=\"71\" height=\"100\" src=\"https:\/\/biolinecorp.ca\/wp-content\/uploads\/2018\/02\/hpta_logo.png\" alt=\"HPTA-Logo\" class=\"wp-image-8964\" style=\"width:54px;height:77px\"\/><\/figure><\/div>\n\n\n<p class=\"has-text-align-center\" style=\"font-size:16px\"><a href=\"https:\/\/humictrade.org\/\"><strong>Handelsverband f\u00fcr Huminstoffprodukte<\/strong><\/a><\/p>\n<\/div>\n\n\n\n<div class=\"wp-block-column is-layout-flow wp-block-column-is-layout-flow\"><div class=\"wp-block-image\">\n<figure class=\"aligncenter size-full is-resized\"><img decoding=\"async\" width=\"68\" height=\"58\" src=\"https:\/\/biolinecorp.ca\/wp-content\/uploads\/2021\/09\/fertilizer-advisory-committee-canada-logo-v1B2.png\" alt=\"\" class=\"wp-image-21377\" style=\"width:88px;height:76px\"\/><\/figure><\/div>\n\n\n<p class=\"has-text-align-center\" style=\"font-size:16px\"><strong><a href=\"https:\/\/fsacommittee.ca\/\">Beratender Ausschuss f\u00fcr D\u00fcngemittel und Nahrungserg\u00e4nzungsmittel<\/a><\/strong><\/p>\n<\/div>\n\n\n\n<div class=\"wp-block-column is-layout-flow wp-block-column-is-layout-flow\"><div class=\"wp-block-image\">\n<figure class=\"aligncenter size-full is-resized\"><a href=\"https:\/\/humic-substances.org\/\"><img decoding=\"async\" width=\"170\" height=\"100\" src=\"https:\/\/biolinecorp.ca\/wp-content\/uploads\/2018\/02\/ihss_logo.png\" alt=\"IHSS-Forschungslogo f\u00fcr nat\u00fcrliche organische Materie\" class=\"wp-image-8966\" style=\"width:131px;height:76px\"\/><\/a><\/figure><\/div>\n\n\n<p class=\"has-text-align-center\" style=\"font-size:16px\"><strong><a href=\"https:\/\/humic-substances.org\/\">Internationale Gesellschaft f\u00fcr Huminsubstanzen<\/a><\/strong><\/p>\n<\/div>\n\n\n\n<div class=\"wp-block-column is-layout-flow wp-block-column-is-layout-flow\" style=\"flex-basis:20px\"><\/div>\n<\/div>\n\n\n\n<head><!-- Global site tag (gtag.js) - Google Ads: 781808697 --> <script async src=\"https:\/\/www.googletagmanager.com\/gtag\/js?id=AW-781808697\"><\/script> <script> window.dataLayer = window.dataLayer || []; function gtag(){dataLayer.push(arguments);} gtag('js', new Date()); gtag('config', 'AW-781808697'); gtag('config', 'AW-781808697');<\/script> <\/head>\n\n\n\n<p><\/p>","protected":false},"excerpt":{"rendered":"<p>Verwurzelt in Innovation. Inspiriert durch Wachstum. Angetrieben von Ergebnissen. Wir bei BioLiNE streben danach, L\u00f6sungen von h\u00f6chster Qualit\u00e4t zu liefern, die die Pflanzengesundheit f\u00f6rdern, den Boden bereichern und die Leistung der Pflanzen steigern. Unsere Formulierungen beruhen auf intensiver Forschung und werden mit innovativen Technologien hergestellt. Wir bringen nicht nur die Technologie voran - wir ver\u00e4ndern die Landwirtschaft. Unsere Produkte sind pr\u00e4zisionsgefertigt, um [...]<\/p>","protected":false},"author":3,"featured_media":0,"parent":0,"menu_order":0,"comment_status":"closed","ping_status":"closed","template":"","meta":{"_monsterinsights_skip_tracking":false,"_monsterinsights_sitenote_active":false,"_monsterinsights_sitenote_note":"","_monsterinsights_sitenote_category":0,"footnotes":""},"class_list":["post-71489","page","type-page","status-publish","hentry"],"yoast_head":"<!-- This site is optimized with the Yoast SEO Premium plugin v26.4 (Yoast SEO v26.4) - https:\/\/yoast.com\/wordpress\/plugins\/seo\/ -->\n<title>Formulators of Superior Plant and Soil Health Products<\/title>\n<meta name=\"description\" content=\"BioLiNE formulations improve the performance of fertilizers and transport of nutrient, electrolytes, and actives.\" \/>\n<meta name=\"robots\" content=\"index, follow, max-snippet:-1, max-image-preview:large, max-video-preview:-1\" \/>\n<link rel=\"canonical\" href=\"https:\/\/biolinecorp.ca\/de\/unser-auftrag\/\" \/>\n<meta property=\"og:locale\" content=\"de_DE\" \/>\n<meta property=\"og:type\" content=\"article\" \/>\n<meta property=\"og:title\" content=\"Our Mission\" \/>\n<meta property=\"og:description\" content=\"BioLiNE formulations improve the performance of fertilizers and transport of nutrient, electrolytes, and actives.\" \/>\n<meta property=\"og:url\" content=\"https:\/\/biolinecorp.ca\/de\/unser-auftrag\/\" \/>\n<meta property=\"article:publisher\" content=\"https:\/\/www.facebook.com\/BiolineCorp\/\" \/>\n<meta property=\"article:modified_time\" content=\"2025-05-01T16:21:39+00:00\" \/>\n<meta property=\"og:image\" content=\"https:\/\/biolinecorp.ca\/wp-content\/uploads\/2025\/04\/shutterstock_456567850-scaled-e1745429770966-714x1024.jpg\" \/>\n<meta name=\"twitter:card\" content=\"summary_large_image\" \/>\n<meta name=\"twitter:site\" content=\"@BiolineCorp\" \/>\n<meta name=\"twitter:label1\" content=\"Gesch\u00e4tzte Lesezeit\" \/>\n\t<meta name=\"twitter:data1\" content=\"3\u00a0Minuten\" \/>\n<script type=\"application\/ld+json\" class=\"yoast-schema-graph\">{\"@context\":\"https:\/\/schema.org\",\"@graph\":[{\"@type\":\"WebPage\",\"@id\":\"https:\/\/biolinecorp.ca\/en_ca\/our-mission\/\",\"url\":\"https:\/\/biolinecorp.ca\/en_ca\/our-mission\/\",\"name\":\"Formulators of Superior Plant and Soil Health Products\",\"isPartOf\":{\"@id\":\"https:\/\/biolinecorp.ca\/#website\"},\"primaryImageOfPage\":{\"@id\":\"https:\/\/biolinecorp.ca\/en_ca\/our-mission\/#primaryimage\"},\"image\":{\"@id\":\"https:\/\/biolinecorp.ca\/en_ca\/our-mission\/#primaryimage\"},\"thumbnailUrl\":\"https:\/\/biolinecorp.ca\/wp-content\/uploads\/2025\/04\/shutterstock_456567850-scaled-e1745429770966-714x1024.jpg\",\"datePublished\":\"2025-05-01T16:18:24+00:00\",\"dateModified\":\"2025-05-01T16:21:39+00:00\",\"description\":\"BioLiNE formulations improve the performance of fertilizers and transport of nutrient, electrolytes, and actives.\",\"breadcrumb\":{\"@id\":\"https:\/\/biolinecorp.ca\/en_ca\/our-mission\/#breadcrumb\"},\"inLanguage\":\"de\",\"potentialAction\":[{\"@type\":\"ReadAction\",\"target\":[\"https:\/\/biolinecorp.ca\/en_ca\/our-mission\/\"]}]},{\"@type\":\"ImageObject\",\"inLanguage\":\"de\",\"@id\":\"https:\/\/biolinecorp.ca\/en_ca\/our-mission\/#primaryimage\",\"url\":\"https:\/\/biolinecorp.ca\/wp-content\/uploads\/2025\/04\/shutterstock_456567850-scaled-e1745429770966-714x1024.jpg\",\"contentUrl\":\"https:\/\/biolinecorp.ca\/wp-content\/uploads\/2025\/04\/shutterstock_456567850-scaled-e1745429770966-714x1024.jpg\"},{\"@type\":\"BreadcrumbList\",\"@id\":\"https:\/\/biolinecorp.ca\/en_ca\/our-mission\/#breadcrumb\",\"itemListElement\":[{\"@type\":\"ListItem\",\"position\":1,\"name\":\"Home\",\"item\":\"https:\/\/biolinecorp.ca\/en_ca\/\"},{\"@type\":\"ListItem\",\"position\":2,\"name\":\"Our Mission\"}]},{\"@type\":\"WebSite\",\"@id\":\"https:\/\/biolinecorp.ca\/#website\",\"url\":\"https:\/\/biolinecorp.ca\/\",\"name\":\"BioLine Corporation\",\"description\":\"\",\"publisher\":{\"@id\":\"https:\/\/biolinecorp.ca\/#organization\"},\"potentialAction\":[{\"@type\":\"SearchAction\",\"target\":{\"@type\":\"EntryPoint\",\"urlTemplate\":\"https:\/\/biolinecorp.ca\/?s={search_term_string}\"},\"query-input\":{\"@type\":\"PropertyValueSpecification\",\"valueRequired\":true,\"valueName\":\"search_term_string\"}}],\"inLanguage\":\"de\"},{\"@type\":\"Organization\",\"@id\":\"https:\/\/biolinecorp.ca\/#organization\",\"name\":\"Bioline Corporation\",\"url\":\"https:\/\/biolinecorp.ca\/\",\"logo\":{\"@type\":\"ImageObject\",\"inLanguage\":\"de\",\"@id\":\"https:\/\/biolinecorp.ca\/#\/schema\/logo\/image\/\",\"url\":\"https:\/\/biolinecorp.ca\/wp-content\/uploads\/2018\/02\/Bioline_logo.png\",\"contentUrl\":\"https:\/\/biolinecorp.ca\/wp-content\/uploads\/2018\/02\/Bioline_logo.png\",\"width\":667,\"height\":181,\"caption\":\"Bioline Corporation\"},\"image\":{\"@id\":\"https:\/\/biolinecorp.ca\/#\/schema\/logo\/image\/\"},\"sameAs\":[\"https:\/\/www.facebook.com\/BiolineCorp\/\",\"https:\/\/x.com\/BiolineCorp\",\"https:\/\/www.linkedin.com\/company\/bioline-corp\/\",\"https:\/\/www.youtube.com\/channel\/UCpD4bbIdegjthmdriZ2SAow\"]}]}<\/script>\n<!-- \/ Yoast SEO Premium plugin. -->","yoast_head_json":{"title":"Formulierer von erstklassigen Produkten f\u00fcr die Pflanzen- und Bodengesundheit","description":"BioLiNE-Formulierungen verbessern die Leistung von D\u00fcngemitteln und den Transport von N\u00e4hrstoffen, Elektrolyten und Wirkstoffen.","robots":{"index":"index","follow":"follow","max-snippet":"max-snippet:-1","max-image-preview":"max-image-preview:large","max-video-preview":"max-video-preview:-1"},"canonical":"https:\/\/biolinecorp.ca\/de\/unser-auftrag\/","og_locale":"de_DE","og_type":"article","og_title":"Our Mission","og_description":"BioLiNE formulations improve the performance of fertilizers and transport of nutrient, electrolytes, and actives.","og_url":"https:\/\/biolinecorp.ca\/de\/unser-auftrag\/","article_publisher":"https:\/\/www.facebook.com\/BiolineCorp\/","article_modified_time":"2025-05-01T16:21:39+00:00","og_image":[{"url":"https:\/\/biolinecorp.ca\/wp-content\/uploads\/2025\/04\/shutterstock_456567850-scaled-e1745429770966-714x1024.jpg","type":"","width":"","height":""}],"twitter_card":"summary_large_image","twitter_site":"@BiolineCorp","twitter_misc":{"Gesch\u00e4tzte Lesezeit":"3\u00a0Minuten"},"schema":{"@context":"https:\/\/schema.org","@graph":[{"@type":"WebPage","@id":"https:\/\/biolinecorp.ca\/en_ca\/our-mission\/","url":"https:\/\/biolinecorp.ca\/en_ca\/our-mission\/","name":"Formulierer von erstklassigen Produkten f\u00fcr die Pflanzen- und Bodengesundheit","isPartOf":{"@id":"https:\/\/biolinecorp.ca\/#website"},"primaryImageOfPage":{"@id":"https:\/\/biolinecorp.ca\/en_ca\/our-mission\/#primaryimage"},"image":{"@id":"https:\/\/biolinecorp.ca\/en_ca\/our-mission\/#primaryimage"},"thumbnailUrl":"https:\/\/biolinecorp.ca\/wp-content\/uploads\/2025\/04\/shutterstock_456567850-scaled-e1745429770966-714x1024.jpg","datePublished":"2025-05-01T16:18:24+00:00","dateModified":"2025-05-01T16:21:39+00:00","description":"BioLiNE-Formulierungen verbessern die Leistung von D\u00fcngemitteln und den Transport von N\u00e4hrstoffen, Elektrolyten und Wirkstoffen.","breadcrumb":{"@id":"https:\/\/biolinecorp.ca\/en_ca\/our-mission\/#breadcrumb"},"inLanguage":"de","potentialAction":[{"@type":"ReadAction","target":["https:\/\/biolinecorp.ca\/en_ca\/our-mission\/"]}]},{"@type":"ImageObject","inLanguage":"de","@id":"https:\/\/biolinecorp.ca\/en_ca\/our-mission\/#primaryimage","url":"https:\/\/biolinecorp.ca\/wp-content\/uploads\/2025\/04\/shutterstock_456567850-scaled-e1745429770966-714x1024.jpg","contentUrl":"https:\/\/biolinecorp.ca\/wp-content\/uploads\/2025\/04\/shutterstock_456567850-scaled-e1745429770966-714x1024.jpg"},{"@type":"BreadcrumbList","@id":"https:\/\/biolinecorp.ca\/en_ca\/our-mission\/#breadcrumb","itemListElement":[{"@type":"ListItem","position":1,"name":"Home","item":"https:\/\/biolinecorp.ca\/en_ca\/"},{"@type":"ListItem","position":2,"name":"Our Mission"}]},{"@type":"WebSite","@id":"https:\/\/biolinecorp.ca\/#website","url":"https:\/\/biolinecorp.ca\/","name":"BioLine Gesellschaft","description":"","publisher":{"@id":"https:\/\/biolinecorp.ca\/#organization"},"potentialAction":[{"@type":"SearchAction","target":{"@type":"EntryPoint","urlTemplate":"https:\/\/biolinecorp.ca\/?s={search_term_string}"},"query-input":{"@type":"PropertyValueSpecification","valueRequired":true,"valueName":"search_term_string"}}],"inLanguage":"de"},{"@type":"Organization","@id":"https:\/\/biolinecorp.ca\/#organization","name":"Bioline Gesellschaft","url":"https:\/\/biolinecorp.ca\/","logo":{"@type":"ImageObject","inLanguage":"de","@id":"https:\/\/biolinecorp.ca\/#\/schema\/logo\/image\/","url":"https:\/\/biolinecorp.ca\/wp-content\/uploads\/2018\/02\/Bioline_logo.png","contentUrl":"https:\/\/biolinecorp.ca\/wp-content\/uploads\/2018\/02\/Bioline_logo.png","width":667,"height":181,"caption":"Bioline Corporation"},"image":{"@id":"https:\/\/biolinecorp.ca\/#\/schema\/logo\/image\/"},"sameAs":["https:\/\/www.facebook.com\/BiolineCorp\/","https:\/\/x.com\/BiolineCorp","https:\/\/www.linkedin.com\/company\/bioline-corp\/","https:\/\/www.youtube.com\/channel\/UCpD4bbIdegjthmdriZ2SAow"]}]}},"_links":{"self":[{"href":"https:\/\/biolinecorp.ca\/de\/wp-json\/wp\/v2\/pages\/71489","targetHints":{"allow":["GET"]}}],"collection":[{"href":"https:\/\/biolinecorp.ca\/de\/wp-json\/wp\/v2\/pages"}],"about":[{"href":"https:\/\/biolinecorp.ca\/de\/wp-json\/wp\/v2\/types\/page"}],"author":[{"embeddable":true,"href":"https:\/\/biolinecorp.ca\/de\/wp-json\/wp\/v2\/users\/3"}],"replies":[{"embeddable":true,"href":"https:\/\/biolinecorp.ca\/de\/wp-json\/wp\/v2\/comments?post=71489"}],"version-history":[{"count":0,"href":"https:\/\/biolinecorp.ca\/de\/wp-json\/wp\/v2\/pages\/71489\/revisions"}],"wp:attachment":[{"href":"https:\/\/biolinecorp.ca\/de\/wp-json\/wp\/v2\/media?parent=71489"}],"curies":[{"name":"wp","href":"https:\/\/api.w.org\/{rel}","templated":true}]}}