{"id":66992,"date":"2025-11-19T11:39:36","date_gmt":"2025-11-19T16:39:36","guid":{"rendered":"https:\/\/biolinecorp.ca\/?page_id=66992"},"modified":"2025-11-19T12:41:37","modified_gmt":"2025-11-19T17:41:37","slug":"bioline-sentinel","status":"publish","type":"page","link":"https:\/\/biolinecorp.ca\/de\/bioline-sentinel\/","title":{"rendered":"BioLiNE Sentinel"},"content":{"rendered":"<h2 class=\"wp-block-heading\" id=\"h-bioline-sentinel\"><mark style=\"background-color:rgba(0, 0, 0, 0)\" class=\"has-inline-color has-vivid-red-color\">BioLiNE<sup>\u00ae<\/sup> W\u00e4chter<\/mark><\/h2>\n\n\n\n<div style=\"height:25px\" aria-hidden=\"true\" class=\"wp-block-spacer\"><\/div>\n\n\n\n<hr class=\"wp-block-separator has-alpha-channel-opacity\"\/>\n\n\n\n<div style=\"height:26px\" aria-hidden=\"true\" class=\"wp-block-spacer\"><\/div>\n\n\n\n<div class=\"wp-block-buttons is-content-justification-space-between is-layout-flex wp-container-core-buttons-is-layout-3d213aab wp-block-buttons-is-layout-flex\">\n<div class=\"wp-block-button\"><a class=\"wp-block-button__link wp-element-button\" href=\"https:\/\/biolinecorp.ca\/wp-content\/uploads\/2025\/11\/Sentinel-Sales-Sheet.pdf\">Verkaufsbrosch\u00fcre<\/a><\/div>\n\n\n\n<div class=\"wp-block-button\"><a class=\"wp-block-button__link wp-element-button\" href=\"https:\/\/biolinecorp.ca\/wp-content\/uploads\/2025\/11\/Sentinel-Application-Sheet.pdf\">Bewerbungsbogen<\/a><\/div>\n\n\n\n<div class=\"wp-block-button\"><a class=\"wp-block-button__link wp-element-button\" href=\"https:\/\/biolinecorp.ca\/wp-content\/uploads\/2025\/11\/BioLiNE-Sentinel-Label-Jugs.pdf\">Produktetikett<\/a><\/div>\n\n\n\n<div class=\"wp-block-button\"><a class=\"wp-block-button__link wp-element-button\" href=\"https:\/\/biolinecorp.ca\/wp-content\/uploads\/2025\/11\/BioLiNE-Sentinel-SDS.pdf\">Sicherheitsdatenblatt<\/a><\/div>\n<\/div>\n\n\n\n<div style=\"height:26px\" aria-hidden=\"true\" class=\"wp-block-spacer\"><\/div>\n\n\n\n<hr class=\"wp-block-separator has-alpha-channel-opacity\"\/>\n\n\n\n<div style=\"height:40px\" aria-hidden=\"true\" class=\"wp-block-spacer\"><\/div>\n\n\n\n<div class=\"wp-block-columns is-layout-flex wp-container-core-columns-is-layout-9d6595d7 wp-block-columns-is-layout-flex\">\n<div class=\"wp-block-column is-layout-flow wp-block-column-is-layout-flow\" style=\"flex-basis:66.66%\">\n<h5 class=\"wp-block-heading\" id=\"h-an-effective-and-efficient-tool-for-helping-growers-manage-their-crops\"><strong>Ein effektives und effizientes Instrument, das Landwirten bei der Bewirtschaftung ihrer Felder unterst\u00fctzt.<\/strong><\/h5>\n\n\n\n<p>BioLiNE\u00ae Sentinel wurde entwickelt, um die nat\u00fcrlichen Abwehrkr\u00e4fte von Nutzpflanzen zu st\u00e4rken, die N\u00e4hrstoffverwertung zu maximieren und h\u00f6here Ertr\u00e4ge zu erzielen. Enth\u00e4lt unsere firmeneigene <a href=\"https:\/\/biolinecorp.ca\/de\/bioline-gold\/\">Fulvins\u00e4ure<\/a> Technologie und ist mit vollst\u00e4ndig pflanzenverf\u00fcgbarer Monokiesels\u00e4ure angereichert. Durch die F\u00f6rderung st\u00e4rkerer, effizienterer Pflanzen w\u00e4hrend der gesamten Vegetationsperiode erm\u00f6glicht Sentinel den Landwirten, das volle Potenzial ihrer Anbaufl\u00e4chen auszusch\u00f6pfen. BioLiNE\u00ae Sentinel kann bei allen Kulturen eingesetzt werden, sowohl im Boden als auch in Hydrokulturen.<\/p>\n\n\n\n<h5 class=\"wp-block-heading\" id=\"h-product-benefits\"><strong>Produktvorteile<\/strong><\/h5>\n\n\n\n<ul class=\"wp-block-list\">\n<li><strong>Zellw\u00e4nde st\u00e4rken<\/strong> \u2013 Silizium lagert sich im epidermalen Gewebe um die Zellw\u00e4nde ab und bildet eine physikalische Barriere, die die Zellw\u00e4nde st\u00e4rkt, wodurch Bl\u00e4tter und St\u00e4ngel steifer werden und weniger anf\u00e4llig f\u00fcr Lagerung oder Welken sind.<\/li>\n\n\n\n<li><strong>Verbessern Sie die Wurzelarchitektur<\/strong> \u2013 Verbessert die Wurzelhaare, Verzweigungen und das Wachstum, was zu einer verbesserten N\u00e4hrstoff- und Wasseraufnahmef\u00e4higkeit f\u00fchrt.<\/li>\n\n\n\n<li><strong>Verbessern Sie die Energie\u00fcbertragung<\/strong> \u2013 Verbesserung des Elektronenflusses, der ATP-Synthase-Aktivit\u00e4t und der NADPH-Regeneration.<\/li>\n\n\n\n<li><strong>Verbesserung von Qualit\u00e4t und Ertrag<\/strong> \u2013 Verbesserung der Frische, Haltbarkeit (Schalenst\u00e4rke), Gr\u00f6\u00dfenuniformit\u00e4t und des Zuckergehalts (BRIX) der Fr\u00fcchte.<\/li>\n<\/ul>\n<\/div>\n\n\n\n<div class=\"wp-block-column is-layout-flow wp-block-column-is-layout-flow\" style=\"flex-basis:33.33%\">\n<figure class=\"wp-block-image size-full\"><img decoding=\"async\" width=\"1080\" height=\"1350\" src=\"https:\/\/biolinecorp.ca\/wp-content\/uploads\/2025\/11\/20251118-BioLiNE-Sentinel-2.png\" alt=\"\" class=\"wp-image-89962\" srcset=\"https:\/\/biolinecorp.ca\/wp-content\/uploads\/2025\/11\/20251118-BioLiNE-Sentinel-2.png 1080w, https:\/\/biolinecorp.ca\/wp-content\/uploads\/2025\/11\/20251118-BioLiNE-Sentinel-2-480x600.png 480w, https:\/\/biolinecorp.ca\/wp-content\/uploads\/2025\/11\/20251118-BioLiNE-Sentinel-2-819x1024.png 819w, https:\/\/biolinecorp.ca\/wp-content\/uploads\/2025\/11\/20251118-BioLiNE-Sentinel-2-768x960.png 768w, https:\/\/biolinecorp.ca\/wp-content\/uploads\/2025\/11\/20251118-BioLiNE-Sentinel-2-10x12.png 10w, https:\/\/biolinecorp.ca\/wp-content\/uploads\/2025\/11\/20251118-BioLiNE-Sentinel-2-640x800.png 640w\" sizes=\"(max-width: 1080px) 100vw, 1080px\" \/><\/figure>\n<\/div>\n<\/div>\n\n\n\n<div style=\"height:20px\" aria-hidden=\"true\" class=\"wp-block-spacer\"><\/div>\n\n\n\n<hr class=\"wp-block-separator has-alpha-channel-opacity\"\/>\n\n\n\n<div class=\"wp-block-columns is-layout-flex wp-container-core-columns-is-layout-9d6595d7 wp-block-columns-is-layout-flex\">\n<div class=\"wp-block-column is-layout-flow wp-block-column-is-layout-flow\">\n<figure data-wp-context=\"{&quot;imageId&quot;:&quot;69da66d4df459&quot;}\" data-wp-interactive=\"core\/image\" data-wp-key=\"69da66d4df459\" class=\"wp-block-image size-large is-resized wp-lightbox-container\"><img decoding=\"async\" width=\"768\" height=\"1024\" data-wp-class--hide=\"state.isContentHidden\" data-wp-class--show=\"state.isContentVisible\" data-wp-init=\"callbacks.setButtonStyles\" data-wp-on--click=\"actions.showLightbox\" data-wp-on--load=\"callbacks.setButtonStyles\" data-wp-on-window--resize=\"callbacks.setButtonStyles\" src=\"https:\/\/biolinecorp.ca\/wp-content\/uploads\/2025\/10\/Potato-Comparison-768x1024.jpg\" alt=\"\" class=\"wp-image-89909\" style=\"width:196px;height:auto\" srcset=\"https:\/\/biolinecorp.ca\/wp-content\/uploads\/2025\/10\/Potato-Comparison-768x1024.jpg 768w, https:\/\/biolinecorp.ca\/wp-content\/uploads\/2025\/10\/Potato-Comparison-450x600.jpg 450w, https:\/\/biolinecorp.ca\/wp-content\/uploads\/2025\/10\/Potato-Comparison-9x12.jpg 9w, https:\/\/biolinecorp.ca\/wp-content\/uploads\/2025\/10\/Potato-Comparison-600x800.jpg 600w, https:\/\/biolinecorp.ca\/wp-content\/uploads\/2025\/10\/Potato-Comparison-640x853.jpg 640w, https:\/\/biolinecorp.ca\/wp-content\/uploads\/2025\/10\/Potato-Comparison.jpg 967w\" sizes=\"(max-width: 768px) 100vw, 768px\" \/><button\n\t\t\tclass=\"lightbox-trigger\"\n\t\t\ttype=\"button\"\n\t\t\taria-haspopup=\"dialog\"\n\t\t\taria-label=\"Vergr\u00f6\u00dfern\"\n\t\t\tdata-wp-init=\"callbacks.initTriggerButton\"\n\t\t\tdata-wp-on--click=\"actions.showLightbox\"\n\t\t\tdata-wp-style--right=\"state.imageButtonRight\"\n\t\t\tdata-wp-style--top=\"state.imageButtonTop\"\n\t\t>\n\t\t\t<svg xmlns=\"http:\/\/www.w3.org\/2000\/svg\" width=\"12\" height=\"12\" fill=\"none\" viewbox=\"0 0 12 12\">\n\t\t\t\t<path fill=\"#fff\" d=\"M2 0a2 2 0 0 0-2 2v2h1.5V2a.5.5 0 0 1 .5-.5h2V0H2Zm2 10.5H2a.5.5 0 0 1-.5-.5V8H0v2a2 2 0 0 0 2 2h2v-1.5ZM8 12v-1.5h2a.5.5 0 0 0 .5-.5V8H12v2a2 2 0 0 1-2 2H8Zm2-12a2 2 0 0 1 2 2v2h-1.5V2a.5.5 0 0 0-.5-.5H8V0h2Z\" \/>\n\t\t\t<\/svg>\n\t\t<\/button><\/figure>\n<\/div>\n\n\n\n<div class=\"wp-block-column is-layout-flow wp-block-column-is-layout-flow\"><\/div>\n\n\n\n<div class=\"wp-block-column is-layout-flow wp-block-column-is-layout-flow\"><\/div>\n<\/div>\n\n\n\n<hr class=\"wp-block-separator has-alpha-channel-opacity\"\/>\n\n\n\n<div style=\"height:20px\" aria-hidden=\"true\" class=\"wp-block-spacer\"><\/div>\n\n\n\n<blockquote class=\"wp-block-quote is-layout-flow wp-block-quote-is-layout-flow\">\n<p>Landwirte stehen zunehmend unter dem Druck, mit weniger mehr zu erreichen, sei es durch die Bew\u00e4ltigung unvorhersehbarer Wetterbedingungen, die Optimierung von D\u00fcngungsprogrammen oder das Streben nach h\u00f6heren Ertr\u00e4gen. BioLiNE Sentinel wurde entwickelt, um Landwirten dabei zu unterst\u00fctzen, ihre Produktionssysteme zu optimieren und mehr aus jedem Hektar herauszuholen.<\/p>\n<cite>Herr Mohammad Rahbari, Gesch\u00e4ftsf\u00fchrer f\u00fcr Innovation und Nachhaltigkeit<\/cite><\/blockquote>\n\n\n\n<head><!-- Global site tag (gtag.js) - Google Ads: 781808697 --> <script async src=\"https:\/\/www.googletagmanager.com\/gtag\/js?id=AW-781808697\"><\/script> <script> window.dataLayer = window.dataLayer || []; function gtag(){dataLayer.push(arguments);} gtag('js', new Date()); gtag('config', 'AW-781808697'); gtag('config', 'AW-781808697');<\/script> <\/head>","protected":false},"excerpt":{"rendered":"<p>BioLiNE\u00ae Sentinel An effective and efficient tool for helping growers manage their crops. BioLiNE\u00ae Sentinel was formulated to fortify crops&#8217; natural defenses, maximize nutrient use efficiency, and drive higher yields. Contains our proprietary fulvic acid technology and is enhanced with fully plant-available monosilicic acid. By promoting stronger, more efficient plants throughout the entire growing season, [&hellip;]<\/p>\n","protected":false},"author":3,"featured_media":0,"parent":0,"menu_order":0,"comment_status":"closed","ping_status":"closed","template":"","meta":{"_monsterinsights_skip_tracking":false,"_monsterinsights_sitenote_active":false,"_monsterinsights_sitenote_note":"","_monsterinsights_sitenote_category":0,"footnotes":""},"class_list":["post-66992","page","type-page","status-publish","hentry"],"yoast_head":"<!-- This site is optimized with the Yoast SEO Premium plugin v27.3 (Yoast SEO v27.3) - https:\/\/yoast.com\/product\/yoast-seo-premium-wordpress\/ -->\n<title>BioLiNE Sentinel -<\/title>\n<meta name=\"description\" content=\"BioLiNE Sentinel was designed to bolster crop production. Contains 100% plant-available silicon, coupled with our fulvic acid.\" \/>\n<meta name=\"robots\" content=\"index, follow, max-snippet:-1, max-image-preview:large, max-video-preview:-1\" \/>\n<link rel=\"canonical\" href=\"https:\/\/biolinecorp.ca\/de\/bioline-sentinel\/\" \/>\n<meta property=\"og:locale\" content=\"de_DE\" \/>\n<meta property=\"og:type\" content=\"article\" \/>\n<meta property=\"og:title\" content=\"BioLiNE Sentinel\" \/>\n<meta property=\"og:description\" content=\"BioLiNE Sentinel was designed to bolster crop production. Contains 100% plant-available silicon, coupled with our fulvic acid.\" \/>\n<meta property=\"og:url\" content=\"https:\/\/biolinecorp.ca\/de\/bioline-sentinel\/\" \/>\n<meta property=\"article:publisher\" content=\"https:\/\/www.facebook.com\/BiolineCorp\/\" \/>\n<meta property=\"article:modified_time\" content=\"2025-11-19T17:41:37+00:00\" \/>\n<meta property=\"og:image\" content=\"https:\/\/biolinecorp.ca\/wp-content\/uploads\/2025\/11\/20251118-BioLiNE-Sentinel-2.png\" \/>\n<meta name=\"twitter:card\" content=\"summary_large_image\" \/>\n<meta name=\"twitter:site\" content=\"@BiolineCorp\" \/>\n<meta name=\"twitter:label1\" content=\"Gesch\u00e4tzte Lesezeit\" \/>\n\t<meta name=\"twitter:data1\" content=\"2\u00a0Minuten\" \/>\n<script type=\"application\/ld+json\" class=\"yoast-schema-graph\">{\"@context\":\"https:\\\/\\\/schema.org\",\"@graph\":[{\"@type\":\"WebPage\",\"@id\":\"https:\\\/\\\/biolinecorp.ca\\\/en_ca\\\/bioline-sentinel\\\/\",\"url\":\"https:\\\/\\\/biolinecorp.ca\\\/en_ca\\\/bioline-sentinel\\\/\",\"name\":\"BioLiNE Sentinel -\",\"isPartOf\":{\"@id\":\"https:\\\/\\\/biolinecorp.ca\\\/#website\"},\"primaryImageOfPage\":{\"@id\":\"https:\\\/\\\/biolinecorp.ca\\\/en_ca\\\/bioline-sentinel\\\/#primaryimage\"},\"image\":{\"@id\":\"https:\\\/\\\/biolinecorp.ca\\\/en_ca\\\/bioline-sentinel\\\/#primaryimage\"},\"thumbnailUrl\":\"https:\\\/\\\/biolinecorp.ca\\\/wp-content\\\/uploads\\\/2025\\\/11\\\/20251118-BioLiNE-Sentinel-2.png\",\"datePublished\":\"2025-11-19T16:39:36+00:00\",\"dateModified\":\"2025-11-19T17:41:37+00:00\",\"description\":\"BioLiNE Sentinel was designed to bolster crop production. Contains 100% plant-available silicon, coupled with our fulvic acid.\",\"breadcrumb\":{\"@id\":\"https:\\\/\\\/biolinecorp.ca\\\/en_ca\\\/bioline-sentinel\\\/#breadcrumb\"},\"inLanguage\":\"de\",\"potentialAction\":[{\"@type\":\"ReadAction\",\"target\":[\"https:\\\/\\\/biolinecorp.ca\\\/en_ca\\\/bioline-sentinel\\\/\"]}]},{\"@type\":\"ImageObject\",\"inLanguage\":\"de\",\"@id\":\"https:\\\/\\\/biolinecorp.ca\\\/en_ca\\\/bioline-sentinel\\\/#primaryimage\",\"url\":\"https:\\\/\\\/biolinecorp.ca\\\/wp-content\\\/uploads\\\/2025\\\/11\\\/20251118-BioLiNE-Sentinel-2.png\",\"contentUrl\":\"https:\\\/\\\/biolinecorp.ca\\\/wp-content\\\/uploads\\\/2025\\\/11\\\/20251118-BioLiNE-Sentinel-2.png\"},{\"@type\":\"BreadcrumbList\",\"@id\":\"https:\\\/\\\/biolinecorp.ca\\\/en_ca\\\/bioline-sentinel\\\/#breadcrumb\",\"itemListElement\":[{\"@type\":\"ListItem\",\"position\":1,\"name\":\"Home\",\"item\":\"https:\\\/\\\/biolinecorp.ca\\\/en_ca\\\/\"},{\"@type\":\"ListItem\",\"position\":2,\"name\":\"BioLiNE Sentinel\"}]},{\"@type\":\"WebSite\",\"@id\":\"https:\\\/\\\/biolinecorp.ca\\\/#website\",\"url\":\"https:\\\/\\\/biolinecorp.ca\\\/\",\"name\":\"BioLine Corporation\",\"description\":\"\",\"publisher\":{\"@id\":\"https:\\\/\\\/biolinecorp.ca\\\/#organization\"},\"potentialAction\":[{\"@type\":\"SearchAction\",\"target\":{\"@type\":\"EntryPoint\",\"urlTemplate\":\"https:\\\/\\\/biolinecorp.ca\\\/?s={search_term_string}\"},\"query-input\":{\"@type\":\"PropertyValueSpecification\",\"valueRequired\":true,\"valueName\":\"search_term_string\"}}],\"inLanguage\":\"de\"},{\"@type\":\"Organization\",\"@id\":\"https:\\\/\\\/biolinecorp.ca\\\/#organization\",\"name\":\"Bioline Corporation\",\"url\":\"https:\\\/\\\/biolinecorp.ca\\\/\",\"logo\":{\"@type\":\"ImageObject\",\"inLanguage\":\"de\",\"@id\":\"https:\\\/\\\/biolinecorp.ca\\\/#\\\/schema\\\/logo\\\/image\\\/\",\"url\":\"https:\\\/\\\/biolinecorp.ca\\\/wp-content\\\/uploads\\\/2018\\\/02\\\/Bioline_logo.png\",\"contentUrl\":\"https:\\\/\\\/biolinecorp.ca\\\/wp-content\\\/uploads\\\/2018\\\/02\\\/Bioline_logo.png\",\"width\":667,\"height\":181,\"caption\":\"Bioline Corporation\"},\"image\":{\"@id\":\"https:\\\/\\\/biolinecorp.ca\\\/#\\\/schema\\\/logo\\\/image\\\/\"},\"sameAs\":[\"https:\\\/\\\/www.facebook.com\\\/BiolineCorp\\\/\",\"https:\\\/\\\/x.com\\\/BiolineCorp\",\"https:\\\/\\\/www.linkedin.com\\\/company\\\/bioline-corp\\\/\",\"https:\\\/\\\/www.youtube.com\\\/channel\\\/UCpD4bbIdegjthmdriZ2SAow\"]}]}<\/script>\n<!-- \/ Yoast SEO Premium plugin. -->","yoast_head_json":{"title":"BioLiNE Sentinel \u2013","description":"BioLiNE Sentinel wurde entwickelt, um die Pflanzenproduktion zu f\u00f6rdern. Es enth\u00e4lt 100% pflanzenverf\u00fcgbares Silizium in Kombination mit unserer Fulvos\u00e4ure.","robots":{"index":"index","follow":"follow","max-snippet":"max-snippet:-1","max-image-preview":"max-image-preview:large","max-video-preview":"max-video-preview:-1"},"canonical":"https:\/\/biolinecorp.ca\/de\/bioline-sentinel\/","og_locale":"de_DE","og_type":"article","og_title":"BioLiNE Sentinel","og_description":"BioLiNE Sentinel was designed to bolster crop production. Contains 100% plant-available silicon, coupled with our fulvic acid.","og_url":"https:\/\/biolinecorp.ca\/de\/bioline-sentinel\/","article_publisher":"https:\/\/www.facebook.com\/BiolineCorp\/","article_modified_time":"2025-11-19T17:41:37+00:00","og_image":[{"url":"https:\/\/biolinecorp.ca\/wp-content\/uploads\/2025\/11\/20251118-BioLiNE-Sentinel-2.png","type":"","width":"","height":""}],"twitter_card":"summary_large_image","twitter_site":"@BiolineCorp","twitter_misc":{"Gesch\u00e4tzte Lesezeit":"2\u00a0Minuten"},"schema":{"@context":"https:\/\/schema.org","@graph":[{"@type":"WebPage","@id":"https:\/\/biolinecorp.ca\/en_ca\/bioline-sentinel\/","url":"https:\/\/biolinecorp.ca\/en_ca\/bioline-sentinel\/","name":"BioLiNE Sentinel \u2013","isPartOf":{"@id":"https:\/\/biolinecorp.ca\/#website"},"primaryImageOfPage":{"@id":"https:\/\/biolinecorp.ca\/en_ca\/bioline-sentinel\/#primaryimage"},"image":{"@id":"https:\/\/biolinecorp.ca\/en_ca\/bioline-sentinel\/#primaryimage"},"thumbnailUrl":"https:\/\/biolinecorp.ca\/wp-content\/uploads\/2025\/11\/20251118-BioLiNE-Sentinel-2.png","datePublished":"2025-11-19T16:39:36+00:00","dateModified":"2025-11-19T17:41:37+00:00","description":"BioLiNE Sentinel wurde entwickelt, um die Pflanzenproduktion zu f\u00f6rdern. Es enth\u00e4lt 100% pflanzenverf\u00fcgbares Silizium in Kombination mit unserer Fulvos\u00e4ure.","breadcrumb":{"@id":"https:\/\/biolinecorp.ca\/en_ca\/bioline-sentinel\/#breadcrumb"},"inLanguage":"de","potentialAction":[{"@type":"ReadAction","target":["https:\/\/biolinecorp.ca\/en_ca\/bioline-sentinel\/"]}]},{"@type":"ImageObject","inLanguage":"de","@id":"https:\/\/biolinecorp.ca\/en_ca\/bioline-sentinel\/#primaryimage","url":"https:\/\/biolinecorp.ca\/wp-content\/uploads\/2025\/11\/20251118-BioLiNE-Sentinel-2.png","contentUrl":"https:\/\/biolinecorp.ca\/wp-content\/uploads\/2025\/11\/20251118-BioLiNE-Sentinel-2.png"},{"@type":"BreadcrumbList","@id":"https:\/\/biolinecorp.ca\/en_ca\/bioline-sentinel\/#breadcrumb","itemListElement":[{"@type":"ListItem","position":1,"name":"Home","item":"https:\/\/biolinecorp.ca\/en_ca\/"},{"@type":"ListItem","position":2,"name":"BioLiNE Sentinel"}]},{"@type":"WebSite","@id":"https:\/\/biolinecorp.ca\/#website","url":"https:\/\/biolinecorp.ca\/","name":"BioLine Gesellschaft","description":"","publisher":{"@id":"https:\/\/biolinecorp.ca\/#organization"},"potentialAction":[{"@type":"SearchAction","target":{"@type":"EntryPoint","urlTemplate":"https:\/\/biolinecorp.ca\/?s={search_term_string}"},"query-input":{"@type":"PropertyValueSpecification","valueRequired":true,"valueName":"search_term_string"}}],"inLanguage":"de"},{"@type":"Organization","@id":"https:\/\/biolinecorp.ca\/#organization","name":"Bioline Gesellschaft","url":"https:\/\/biolinecorp.ca\/","logo":{"@type":"ImageObject","inLanguage":"de","@id":"https:\/\/biolinecorp.ca\/#\/schema\/logo\/image\/","url":"https:\/\/biolinecorp.ca\/wp-content\/uploads\/2018\/02\/Bioline_logo.png","contentUrl":"https:\/\/biolinecorp.ca\/wp-content\/uploads\/2018\/02\/Bioline_logo.png","width":667,"height":181,"caption":"Bioline Corporation"},"image":{"@id":"https:\/\/biolinecorp.ca\/#\/schema\/logo\/image\/"},"sameAs":["https:\/\/www.facebook.com\/BiolineCorp\/","https:\/\/x.com\/BiolineCorp","https:\/\/www.linkedin.com\/company\/bioline-corp\/","https:\/\/www.youtube.com\/channel\/UCpD4bbIdegjthmdriZ2SAow"]}]}},"_links":{"self":[{"href":"https:\/\/biolinecorp.ca\/de\/wp-json\/wp\/v2\/pages\/66992","targetHints":{"allow":["GET"]}}],"collection":[{"href":"https:\/\/biolinecorp.ca\/de\/wp-json\/wp\/v2\/pages"}],"about":[{"href":"https:\/\/biolinecorp.ca\/de\/wp-json\/wp\/v2\/types\/page"}],"author":[{"embeddable":true,"href":"https:\/\/biolinecorp.ca\/de\/wp-json\/wp\/v2\/users\/3"}],"replies":[{"embeddable":true,"href":"https:\/\/biolinecorp.ca\/de\/wp-json\/wp\/v2\/comments?post=66992"}],"version-history":[{"count":0,"href":"https:\/\/biolinecorp.ca\/de\/wp-json\/wp\/v2\/pages\/66992\/revisions"}],"wp:attachment":[{"href":"https:\/\/biolinecorp.ca\/de\/wp-json\/wp\/v2\/media?parent=66992"}],"curies":[{"name":"wp","href":"https:\/\/api.w.org\/{rel}","templated":true}]}}