{"id":25677,"date":"2022-03-09T10:01:07","date_gmt":"2022-03-09T15:01:07","guid":{"rendered":"https:\/\/biolinecorp.ca\/?page_id=25677"},"modified":"2023-09-13T14:45:56","modified_gmt":"2023-09-13T18:45:56","slug":"cotton","status":"publish","type":"page","link":"https:\/\/biolinecorp.ca\/de\/baumwolle\/","title":{"rendered":"Baumwolle"},"content":{"rendered":"<div style=\"height:50px\" aria-hidden=\"true\" class=\"wp-block-spacer\"><\/div>\n\n\n\n<h2 class=\"wp-block-heading\" id=\"h-how-does-bioline-help-cotton-production\">Wie funktioniert BioLiNE<strong><sup>\u00ae<\/sup><\/strong> Hilfe f\u00fcr die Baumwollproduktion?<\/h2>\n\n\n\n<div style=\"height:25px\" aria-hidden=\"true\" class=\"wp-block-spacer\"><\/div>\n\n\n\n<p>Baumwollpflanzen in Trockengebieten sind einer Vielzahl von Umweltbelastungen ausgesetzt, die sowohl den Ertrag als auch die Qualit\u00e4t der Fasern verringern k\u00f6nnen. <a href=\"https:\/\/biolinecorp.ca\/de\/bioline-gold\/\">BioLiNE\u00ae Gold<\/a> ist ein wirksames und erschwingliches Instrument zur Unterst\u00fctzung von Baumwollanbauern in Trockengebieten bei der Bewirtschaftung ihrer Ernten. Unsere Fulvos\u00e4uren sind wichtig, um die Pflanzen vor Hitzestress und Wassermangel zu sch\u00fctzen. Wir verwenden unser propriet\u00e4res <a href=\"https:\/\/biolinecorp.ca\/de\/unsere-technologie\/\">Fulv-IQ<\/a><a href=\"https:\/\/biolinecorp.ca\/de\/bioline-gold\/\">\u00ae<\/a> Prozess zur Reinigung und Isolierung gezielter Fraktionen von Fulvos\u00e4uren, die beim Transport von N\u00e4hrstoffen und beim Schutz von Nutzpflanzen vor Hitze und Trockenheit am effektivsten sind. Dar\u00fcber hinaus ist BioLiNE\u00ae Gold f\u00fcr seine Kompatibilit\u00e4t mit anderen Betriebsmitteln und seine Benutzerfreundlichkeit bekannt. Unsere vielseitigen L\u00f6sungen ben\u00f6tigen nur eine geringe Einsatzmenge, bringen die N\u00e4hrstoffe zu Ihren Pflanzen und helfen Ihnen, Ihre Fruchtbarkeit auszugleichen.<\/p>\n\n\n\n<div class=\"wp-block-columns is-layout-flex wp-container-core-columns-is-layout-9d6595d7 wp-block-columns-is-layout-flex\">\n<div class=\"wp-block-column is-layout-flow wp-block-column-is-layout-flow\" style=\"flex-basis:66.66%\">\n<ol class=\"wp-block-list\" type=\"1\">\n<li>BioLiNE Gold zu 4oz \/ CWT zu Ihrem <strong>Saatgutbehandlungsprogramm<\/strong><\/li>\n\n\n\n<li>BioLiNE Gold mit 10 Unzen\/ Acre aus <strong>erstes bis sechstes Blattwachstumsstadium<\/strong><\/li>\n\n\n\n<li>BioLiNE Gold mit 10 Unzen \/ Acre bei <strong>(a) Stecknadelkopf-Vierkant und (b) Streichholzkopf-Vierkant<\/strong><\/li>\n\n\n\n<li>BioLiNE Gold bei 10 oz \/ acre angewendet mit <strong>Insektizide, Herbizide und D\u00fcngemittel<\/strong> nach Bedarf<\/li>\n<\/ol>\n<\/div>\n\n\n\n<div class=\"wp-block-column is-vertically-aligned-center is-layout-flow wp-block-column-is-layout-flow\" style=\"flex-basis:33.33%\">\n<div class=\"wp-block-buttons is-content-justification-center is-layout-flex wp-container-core-buttons-is-layout-16018d1d wp-block-buttons-is-layout-flex\">\n<div class=\"wp-block-button aligncenter\"><a class=\"wp-block-button__link wp-element-button\" href=\"https:\/\/biolinecorp.ca\/wp-content\/uploads\/2023\/04\/20220714-Bioline-Cotton-Flyer-FINAL.pdf\" target=\"_blank\" rel=\"noreferrer noopener\">Baumwolle Handout<\/a><\/div>\n\n\n\n<div class=\"wp-block-button aligncenter\"><a class=\"wp-block-button__link wp-element-button\" href=\"https:\/\/biolinecorp.ca\/wp-content\/uploads\/2023\/04\/20220716-Bioline-Abiotic-Stress-Tolerance-Flyer-V3-FINAL.pdf\" target=\"_blank\" rel=\"noreferrer noopener\">Handout zur Hitze- und Trockentoleranz<\/a><\/div>\n<\/div>\n<\/div>\n<\/div>\n\n\n\n<div style=\"height:50px\" aria-hidden=\"true\" class=\"wp-block-spacer\"><\/div>\n\n\n<div class=\"w-heading heading-9 text-left\">\n    <div class=\"w-wrapper\">\n                 \n        <h2>           \n            <span>Ergebnisse der Studie<\/span>        <\/h2>\n                    <\/div>\n<\/div>\n\n\n\n<div style=\"height:25px\" aria-hidden=\"true\" class=\"wp-block-spacer\"><\/div>\n\n\n\n<h3 class=\"wp-block-heading\" id=\"h-other-trials\">Andere Versuche<\/h3>\n\n\n\n<p><strong>Stoneville R&amp;D Inc. (2017): <\/strong>Die Blattapplikation (8 oz) von BioLiNE\u00ae mit Zink (Zn) f\u00fchrte zu einem Anstieg der Zn-Konzentration im Gewebe um 38% (55 ppm bis 76 ppm) im Vergleich zur Kontrolle. Bei der Ernte erh\u00f6hten die BioLiNE\u00ae-Behandlungen den Lint-Ertrag um 111 lbs pro Acre (515 bis 626 lbs).<\/p>\n\n\n\n<head><!-- Global site tag (gtag.js) - Google Ads: 781808697 --> <script async src=\"https:\/\/www.googletagmanager.com\/gtag\/js?id=AW-781808697\"><\/script> <script> window.dataLayer = window.dataLayer || []; function gtag(){dataLayer.push(arguments);} gtag('js', new Date()); gtag('config', 'AW-781808697'); gtag('config', 'AW-781808697');<\/script> <\/head>","protected":false},"excerpt":{"rendered":"<p>How Does BioLiNE\u00ae Help Cotton Production? Dryland cotton crops are exposed to a variety of environmental stresses that can reduce both yield and lint quality. BioLiNE\u00ae Gold is an effective and affordable tool for helping dryland cotton growers manage their crops. Our Fulvic Acids are essential to defending crops against heat stress and water deficiency. [&hellip;]<\/p>\n","protected":false},"author":2,"featured_media":0,"parent":0,"menu_order":0,"comment_status":"closed","ping_status":"closed","template":"","meta":{"_monsterinsights_skip_tracking":false,"_monsterinsights_sitenote_active":false,"_monsterinsights_sitenote_note":"","_monsterinsights_sitenote_category":0,"footnotes":""},"class_list":["post-25677","page","type-page","status-publish","hentry"],"yoast_head":"<!-- This site is optimized with the Yoast SEO Premium plugin v27.3 (Yoast SEO v27.3) - https:\/\/yoast.com\/product\/yoast-seo-premium-wordpress\/ -->\n<title>Cotton -<\/title>\n<meta name=\"description\" content=\"BioLiNE\u00ae Gold is an effective and affordable tool for helping dryland cotton growers manage their crops against abiotic stress conditions.\" \/>\n<meta name=\"robots\" content=\"index, follow, max-snippet:-1, max-image-preview:large, max-video-preview:-1\" \/>\n<link rel=\"canonical\" href=\"https:\/\/biolinecorp.ca\/de\/baumwolle\/\" \/>\n<meta property=\"og:locale\" content=\"de_DE\" \/>\n<meta property=\"og:type\" content=\"article\" \/>\n<meta property=\"og:title\" content=\"Cotton\" \/>\n<meta property=\"og:description\" content=\"BioLiNE\u00ae Gold is an effective and affordable tool for helping dryland cotton growers manage their crops against abiotic stress conditions.\" \/>\n<meta property=\"og:url\" content=\"https:\/\/biolinecorp.ca\/de\/baumwolle\/\" \/>\n<meta property=\"article:publisher\" content=\"https:\/\/www.facebook.com\/BiolineCorp\/\" \/>\n<meta property=\"article:modified_time\" content=\"2023-09-13T18:45:56+00:00\" \/>\n<meta name=\"twitter:card\" content=\"summary_large_image\" \/>\n<meta name=\"twitter:site\" content=\"@BiolineCorp\" \/>\n<meta name=\"twitter:label1\" content=\"Gesch\u00e4tzte Lesezeit\" \/>\n\t<meta name=\"twitter:data1\" content=\"2\u00a0Minuten\" \/>\n<script type=\"application\/ld+json\" class=\"yoast-schema-graph\">{\"@context\":\"https:\\\/\\\/schema.org\",\"@graph\":[{\"@type\":\"WebPage\",\"@id\":\"https:\\\/\\\/biolinecorp.ca\\\/en_ca\\\/cotton\\\/\",\"url\":\"https:\\\/\\\/biolinecorp.ca\\\/en_ca\\\/cotton\\\/\",\"name\":\"Cotton -\",\"isPartOf\":{\"@id\":\"https:\\\/\\\/biolinecorp.ca\\\/#website\"},\"datePublished\":\"2022-03-09T15:01:07+00:00\",\"dateModified\":\"2023-09-13T18:45:56+00:00\",\"description\":\"BioLiNE\u00ae Gold is an effective and affordable tool for helping dryland cotton growers manage their crops against abiotic stress conditions.\",\"breadcrumb\":{\"@id\":\"https:\\\/\\\/biolinecorp.ca\\\/en_ca\\\/cotton\\\/#breadcrumb\"},\"inLanguage\":\"de\",\"potentialAction\":[{\"@type\":\"ReadAction\",\"target\":[\"https:\\\/\\\/biolinecorp.ca\\\/en_ca\\\/cotton\\\/\"]}]},{\"@type\":\"BreadcrumbList\",\"@id\":\"https:\\\/\\\/biolinecorp.ca\\\/en_ca\\\/cotton\\\/#breadcrumb\",\"itemListElement\":[{\"@type\":\"ListItem\",\"position\":1,\"name\":\"Home\",\"item\":\"https:\\\/\\\/biolinecorp.ca\\\/en_ca\\\/\"},{\"@type\":\"ListItem\",\"position\":2,\"name\":\"Cotton\"}]},{\"@type\":\"WebSite\",\"@id\":\"https:\\\/\\\/biolinecorp.ca\\\/#website\",\"url\":\"https:\\\/\\\/biolinecorp.ca\\\/\",\"name\":\"BioLine Corporation\",\"description\":\"\",\"publisher\":{\"@id\":\"https:\\\/\\\/biolinecorp.ca\\\/#organization\"},\"potentialAction\":[{\"@type\":\"SearchAction\",\"target\":{\"@type\":\"EntryPoint\",\"urlTemplate\":\"https:\\\/\\\/biolinecorp.ca\\\/?s={search_term_string}\"},\"query-input\":{\"@type\":\"PropertyValueSpecification\",\"valueRequired\":true,\"valueName\":\"search_term_string\"}}],\"inLanguage\":\"de\"},{\"@type\":\"Organization\",\"@id\":\"https:\\\/\\\/biolinecorp.ca\\\/#organization\",\"name\":\"Bioline Corporation\",\"url\":\"https:\\\/\\\/biolinecorp.ca\\\/\",\"logo\":{\"@type\":\"ImageObject\",\"inLanguage\":\"de\",\"@id\":\"https:\\\/\\\/biolinecorp.ca\\\/#\\\/schema\\\/logo\\\/image\\\/\",\"url\":\"https:\\\/\\\/biolinecorp.ca\\\/wp-content\\\/uploads\\\/2018\\\/02\\\/Bioline_logo.png\",\"contentUrl\":\"https:\\\/\\\/biolinecorp.ca\\\/wp-content\\\/uploads\\\/2018\\\/02\\\/Bioline_logo.png\",\"width\":667,\"height\":181,\"caption\":\"Bioline Corporation\"},\"image\":{\"@id\":\"https:\\\/\\\/biolinecorp.ca\\\/#\\\/schema\\\/logo\\\/image\\\/\"},\"sameAs\":[\"https:\\\/\\\/www.facebook.com\\\/BiolineCorp\\\/\",\"https:\\\/\\\/x.com\\\/BiolineCorp\",\"https:\\\/\\\/www.linkedin.com\\\/company\\\/bioline-corp\\\/\",\"https:\\\/\\\/www.youtube.com\\\/channel\\\/UCpD4bbIdegjthmdriZ2SAow\"]}]}<\/script>\n<!-- \/ Yoast SEO Premium plugin. -->","yoast_head_json":{"title":"Baumwolle -","description":"BioLiNE\u00ae Gold ist ein effektives und erschwingliches Hilfsmittel, das Baumwollanbauern im Trockengebiet hilft, ihre Pflanzen gegen abiotischen Stress zu sch\u00fctzen.","robots":{"index":"index","follow":"follow","max-snippet":"max-snippet:-1","max-image-preview":"max-image-preview:large","max-video-preview":"max-video-preview:-1"},"canonical":"https:\/\/biolinecorp.ca\/de\/baumwolle\/","og_locale":"de_DE","og_type":"article","og_title":"Cotton","og_description":"BioLiNE\u00ae Gold is an effective and affordable tool for helping dryland cotton growers manage their crops against abiotic stress conditions.","og_url":"https:\/\/biolinecorp.ca\/de\/baumwolle\/","article_publisher":"https:\/\/www.facebook.com\/BiolineCorp\/","article_modified_time":"2023-09-13T18:45:56+00:00","twitter_card":"summary_large_image","twitter_site":"@BiolineCorp","twitter_misc":{"Gesch\u00e4tzte Lesezeit":"2\u00a0Minuten"},"schema":{"@context":"https:\/\/schema.org","@graph":[{"@type":"WebPage","@id":"https:\/\/biolinecorp.ca\/en_ca\/cotton\/","url":"https:\/\/biolinecorp.ca\/en_ca\/cotton\/","name":"Baumwolle -","isPartOf":{"@id":"https:\/\/biolinecorp.ca\/#website"},"datePublished":"2022-03-09T15:01:07+00:00","dateModified":"2023-09-13T18:45:56+00:00","description":"BioLiNE\u00ae Gold ist ein effektives und erschwingliches Hilfsmittel, das Baumwollanbauern im Trockengebiet hilft, ihre Pflanzen gegen abiotischen Stress zu sch\u00fctzen.","breadcrumb":{"@id":"https:\/\/biolinecorp.ca\/en_ca\/cotton\/#breadcrumb"},"inLanguage":"de","potentialAction":[{"@type":"ReadAction","target":["https:\/\/biolinecorp.ca\/en_ca\/cotton\/"]}]},{"@type":"BreadcrumbList","@id":"https:\/\/biolinecorp.ca\/en_ca\/cotton\/#breadcrumb","itemListElement":[{"@type":"ListItem","position":1,"name":"Home","item":"https:\/\/biolinecorp.ca\/en_ca\/"},{"@type":"ListItem","position":2,"name":"Cotton"}]},{"@type":"WebSite","@id":"https:\/\/biolinecorp.ca\/#website","url":"https:\/\/biolinecorp.ca\/","name":"BioLine Gesellschaft","description":"","publisher":{"@id":"https:\/\/biolinecorp.ca\/#organization"},"potentialAction":[{"@type":"SearchAction","target":{"@type":"EntryPoint","urlTemplate":"https:\/\/biolinecorp.ca\/?s={search_term_string}"},"query-input":{"@type":"PropertyValueSpecification","valueRequired":true,"valueName":"search_term_string"}}],"inLanguage":"de"},{"@type":"Organization","@id":"https:\/\/biolinecorp.ca\/#organization","name":"Bioline Gesellschaft","url":"https:\/\/biolinecorp.ca\/","logo":{"@type":"ImageObject","inLanguage":"de","@id":"https:\/\/biolinecorp.ca\/#\/schema\/logo\/image\/","url":"https:\/\/biolinecorp.ca\/wp-content\/uploads\/2018\/02\/Bioline_logo.png","contentUrl":"https:\/\/biolinecorp.ca\/wp-content\/uploads\/2018\/02\/Bioline_logo.png","width":667,"height":181,"caption":"Bioline Corporation"},"image":{"@id":"https:\/\/biolinecorp.ca\/#\/schema\/logo\/image\/"},"sameAs":["https:\/\/www.facebook.com\/BiolineCorp\/","https:\/\/x.com\/BiolineCorp","https:\/\/www.linkedin.com\/company\/bioline-corp\/","https:\/\/www.youtube.com\/channel\/UCpD4bbIdegjthmdriZ2SAow"]}]}},"_links":{"self":[{"href":"https:\/\/biolinecorp.ca\/de\/wp-json\/wp\/v2\/pages\/25677","targetHints":{"allow":["GET"]}}],"collection":[{"href":"https:\/\/biolinecorp.ca\/de\/wp-json\/wp\/v2\/pages"}],"about":[{"href":"https:\/\/biolinecorp.ca\/de\/wp-json\/wp\/v2\/types\/page"}],"author":[{"embeddable":true,"href":"https:\/\/biolinecorp.ca\/de\/wp-json\/wp\/v2\/users\/2"}],"replies":[{"embeddable":true,"href":"https:\/\/biolinecorp.ca\/de\/wp-json\/wp\/v2\/comments?post=25677"}],"version-history":[{"count":0,"href":"https:\/\/biolinecorp.ca\/de\/wp-json\/wp\/v2\/pages\/25677\/revisions"}],"wp:attachment":[{"href":"https:\/\/biolinecorp.ca\/de\/wp-json\/wp\/v2\/media?parent=25677"}],"curies":[{"name":"wp","href":"https:\/\/api.w.org\/{rel}","templated":true}]}}