{"id":25238,"date":"2022-03-03T10:20:28","date_gmt":"2022-03-03T15:20:28","guid":{"rendered":"https:\/\/biolinecorp.ca\/?page_id=25238"},"modified":"2023-09-12T09:21:03","modified_gmt":"2023-09-12T13:21:03","slug":"turf","status":"publish","type":"page","link":"https:\/\/biolinecorp.ca\/de\/grasnarbe\/","title":{"rendered":"Rasen"},"content":{"rendered":"<div style=\"height:50px\" aria-hidden=\"true\" class=\"wp-block-spacer\"><\/div>\n\n\n\n<h3 class=\"wp-block-heading has-large-font-size\" id=\"h-how-does-bioline-nbsp-help-turf-production-and-maintenance\">Wie funktioniert BioLiNE<strong><sup>\u00ae<\/sup><\/strong>&nbsp;Hilfe bei der Rasenproduktion und -pflege?<\/h3>\n\n\n\n<div style=\"height:25px\" aria-hidden=\"true\" class=\"wp-block-spacer\"><\/div>\n\n\n\n<p>Unser BioLiNE<strong><sup>\u00ae<\/sup><\/strong>\u00a0<a href=\"https:\/\/biolinecorp.ca\/de\/unsere-technologie\/\">Technologie<\/a> transportiert und assimiliert N\u00e4hrstoffe und andere n\u00fctzliche Pflanzeninhaltsstoffe effizienter. BioLiNE<strong><sup>\u00ae<\/sup><\/strong>\u00a0<a href=\"https:\/\/biolinecorp.ca\/de\/unsere-produkte\/\">Produkte<\/a> die Gesundheit von Pflanzen w\u00e4hrend ihres gesamten Lebenszyklus zu verbessern. BioLiNE<strong><sup>\u00ae<\/sup><\/strong>\u00a0Produkte liefern Elektrolyte und stellen das elektrochemische Gleichgewicht in Pflanzen her. Das Ergebnis ist ein schnelles und gleichm\u00e4\u00dfiges Wachstum mit erh\u00f6hten nat\u00fcrlichen Abwehrkr\u00e4ften gegen Stress. <\/p>\n\n\n\n<div style=\"height:50px\" aria-hidden=\"true\" class=\"wp-block-spacer\"><\/div>\n\n\n<div class=\"w-heading heading-9 text-left\">\n    <div class=\"w-wrapper\">\n                 \n        <h2>           \n            <span>Ergebnisse der Studie<\/span>        <\/h2>\n                    <\/div>\n<\/div>\n\n\n\n<head><!-- Global site tag (gtag.js) - Google Ads: 781808697 --> <script async src=\"https:\/\/www.googletagmanager.com\/gtag\/js?id=AW-781808697\"><\/script> <script> window.dataLayer = window.dataLayer || []; function gtag(){dataLayer.push(arguments);} gtag('js', new Date()); gtag('config', 'AW-781808697'); gtag('config', 'AW-781808697');<\/script> <\/head>","protected":false},"excerpt":{"rendered":"<p>Wie hilft BioLiNE\u00ae bei der Produktion und Pflege von Rasenfl\u00e4chen? Unsere BioLiNE\u00ae Technologie transportiert und assimiliert N\u00e4hrstoffe und andere f\u00fcr die Pflanzen n\u00fctzliche Inhaltsstoffe effizienter. BioLiNE\u00ae Produkte verbessern die Gesundheit der Pflanzen w\u00e4hrend ihres gesamten Lebenszyklus. BioLiNE\u00ae Produkte liefern Elektrolyte und stellen das elektrochemische Gleichgewicht in den Pflanzen her. Das Ergebnis ist ein schneller und gleichm\u00e4\u00dfiger Pflanzenwuchs mit verst\u00e4rkten nat\u00fcrlichen Abwehrkr\u00e4ften gegen Stress.<\/p>","protected":false},"author":2,"featured_media":0,"parent":0,"menu_order":2,"comment_status":"closed","ping_status":"closed","template":"","meta":{"_monsterinsights_skip_tracking":false,"_monsterinsights_sitenote_active":false,"_monsterinsights_sitenote_note":"","_monsterinsights_sitenote_category":0,"footnotes":""},"class_list":["post-25238","page","type-page","status-publish","hentry"],"yoast_head":"<!-- This site is optimized with the Yoast SEO Premium plugin v27.3 (Yoast SEO v27.3) - https:\/\/yoast.com\/product\/yoast-seo-premium-wordpress\/ -->\n<title>Turf -<\/title>\n<meta name=\"description\" content=\"The application of BioLiNE\u00ae\u00a0products result in rapid and even emergence with increased natural defenses against stress.\" \/>\n<meta name=\"robots\" content=\"index, follow, max-snippet:-1, max-image-preview:large, max-video-preview:-1\" \/>\n<link rel=\"canonical\" href=\"https:\/\/biolinecorp.ca\/de\/grasnarbe\/\" \/>\n<meta property=\"og:locale\" content=\"de_DE\" \/>\n<meta property=\"og:type\" content=\"article\" \/>\n<meta property=\"og:title\" content=\"Turf\" \/>\n<meta property=\"og:description\" content=\"The application of BioLiNE\u00ae\u00a0products result in rapid and even emergence with increased natural defenses against stress.\" \/>\n<meta property=\"og:url\" content=\"https:\/\/biolinecorp.ca\/de\/grasnarbe\/\" \/>\n<meta property=\"article:publisher\" content=\"https:\/\/www.facebook.com\/BiolineCorp\/\" \/>\n<meta property=\"article:modified_time\" content=\"2023-09-12T13:21:03+00:00\" \/>\n<meta name=\"twitter:card\" content=\"summary_large_image\" \/>\n<meta name=\"twitter:site\" content=\"@BiolineCorp\" \/>\n<meta name=\"twitter:label1\" content=\"Gesch\u00e4tzte Lesezeit\" \/>\n\t<meta name=\"twitter:data1\" content=\"1\u00a0Minute\" \/>\n<script type=\"application\/ld+json\" class=\"yoast-schema-graph\">{\"@context\":\"https:\\\/\\\/schema.org\",\"@graph\":[{\"@type\":\"WebPage\",\"@id\":\"https:\\\/\\\/biolinecorp.ca\\\/en_ca\\\/turf\\\/\",\"url\":\"https:\\\/\\\/biolinecorp.ca\\\/en_ca\\\/turf\\\/\",\"name\":\"Turf -\",\"isPartOf\":{\"@id\":\"https:\\\/\\\/biolinecorp.ca\\\/#website\"},\"datePublished\":\"2022-03-03T15:20:28+00:00\",\"dateModified\":\"2023-09-12T13:21:03+00:00\",\"description\":\"The application of BioLiNE\u00ae\u00a0products result in rapid and even emergence with increased natural defenses against stress.\",\"breadcrumb\":{\"@id\":\"https:\\\/\\\/biolinecorp.ca\\\/en_ca\\\/turf\\\/#breadcrumb\"},\"inLanguage\":\"de\",\"potentialAction\":[{\"@type\":\"ReadAction\",\"target\":[\"https:\\\/\\\/biolinecorp.ca\\\/en_ca\\\/turf\\\/\"]}]},{\"@type\":\"BreadcrumbList\",\"@id\":\"https:\\\/\\\/biolinecorp.ca\\\/en_ca\\\/turf\\\/#breadcrumb\",\"itemListElement\":[{\"@type\":\"ListItem\",\"position\":1,\"name\":\"Home\",\"item\":\"https:\\\/\\\/biolinecorp.ca\\\/en_ca\\\/\"},{\"@type\":\"ListItem\",\"position\":2,\"name\":\"Turf\"}]},{\"@type\":\"WebSite\",\"@id\":\"https:\\\/\\\/biolinecorp.ca\\\/#website\",\"url\":\"https:\\\/\\\/biolinecorp.ca\\\/\",\"name\":\"BioLine Corporation\",\"description\":\"\",\"publisher\":{\"@id\":\"https:\\\/\\\/biolinecorp.ca\\\/#organization\"},\"potentialAction\":[{\"@type\":\"SearchAction\",\"target\":{\"@type\":\"EntryPoint\",\"urlTemplate\":\"https:\\\/\\\/biolinecorp.ca\\\/?s={search_term_string}\"},\"query-input\":{\"@type\":\"PropertyValueSpecification\",\"valueRequired\":true,\"valueName\":\"search_term_string\"}}],\"inLanguage\":\"de\"},{\"@type\":\"Organization\",\"@id\":\"https:\\\/\\\/biolinecorp.ca\\\/#organization\",\"name\":\"Bioline Corporation\",\"url\":\"https:\\\/\\\/biolinecorp.ca\\\/\",\"logo\":{\"@type\":\"ImageObject\",\"inLanguage\":\"de\",\"@id\":\"https:\\\/\\\/biolinecorp.ca\\\/#\\\/schema\\\/logo\\\/image\\\/\",\"url\":\"https:\\\/\\\/biolinecorp.ca\\\/wp-content\\\/uploads\\\/2018\\\/02\\\/Bioline_logo.png\",\"contentUrl\":\"https:\\\/\\\/biolinecorp.ca\\\/wp-content\\\/uploads\\\/2018\\\/02\\\/Bioline_logo.png\",\"width\":667,\"height\":181,\"caption\":\"Bioline Corporation\"},\"image\":{\"@id\":\"https:\\\/\\\/biolinecorp.ca\\\/#\\\/schema\\\/logo\\\/image\\\/\"},\"sameAs\":[\"https:\\\/\\\/www.facebook.com\\\/BiolineCorp\\\/\",\"https:\\\/\\\/x.com\\\/BiolineCorp\",\"https:\\\/\\\/www.linkedin.com\\\/company\\\/bioline-corp\\\/\",\"https:\\\/\\\/www.youtube.com\\\/channel\\\/UCpD4bbIdegjthmdriZ2SAow\"]}]}<\/script>\n<!-- \/ Yoast SEO Premium plugin. -->","yoast_head_json":{"title":"Rasen -","description":"Die Anwendung von BioLiNE\u00ae-Produkten f\u00fchrt zu einem schnellen und gleichm\u00e4\u00dfigen Aufwuchs mit erh\u00f6hten nat\u00fcrlichen Abwehrkr\u00e4ften gegen Stress.","robots":{"index":"index","follow":"follow","max-snippet":"max-snippet:-1","max-image-preview":"max-image-preview:large","max-video-preview":"max-video-preview:-1"},"canonical":"https:\/\/biolinecorp.ca\/de\/grasnarbe\/","og_locale":"de_DE","og_type":"article","og_title":"Turf","og_description":"The application of BioLiNE\u00ae\u00a0products result in rapid and even emergence with increased natural defenses against stress.","og_url":"https:\/\/biolinecorp.ca\/de\/grasnarbe\/","article_publisher":"https:\/\/www.facebook.com\/BiolineCorp\/","article_modified_time":"2023-09-12T13:21:03+00:00","twitter_card":"summary_large_image","twitter_site":"@BiolineCorp","twitter_misc":{"Gesch\u00e4tzte Lesezeit":"1\u00a0Minute"},"schema":{"@context":"https:\/\/schema.org","@graph":[{"@type":"WebPage","@id":"https:\/\/biolinecorp.ca\/en_ca\/turf\/","url":"https:\/\/biolinecorp.ca\/en_ca\/turf\/","name":"Rasen -","isPartOf":{"@id":"https:\/\/biolinecorp.ca\/#website"},"datePublished":"2022-03-03T15:20:28+00:00","dateModified":"2023-09-12T13:21:03+00:00","description":"Die Anwendung von BioLiNE\u00ae-Produkten f\u00fchrt zu einem schnellen und gleichm\u00e4\u00dfigen Aufwuchs mit erh\u00f6hten nat\u00fcrlichen Abwehrkr\u00e4ften gegen Stress.","breadcrumb":{"@id":"https:\/\/biolinecorp.ca\/en_ca\/turf\/#breadcrumb"},"inLanguage":"de","potentialAction":[{"@type":"ReadAction","target":["https:\/\/biolinecorp.ca\/en_ca\/turf\/"]}]},{"@type":"BreadcrumbList","@id":"https:\/\/biolinecorp.ca\/en_ca\/turf\/#breadcrumb","itemListElement":[{"@type":"ListItem","position":1,"name":"Home","item":"https:\/\/biolinecorp.ca\/en_ca\/"},{"@type":"ListItem","position":2,"name":"Turf"}]},{"@type":"WebSite","@id":"https:\/\/biolinecorp.ca\/#website","url":"https:\/\/biolinecorp.ca\/","name":"BioLine Gesellschaft","description":"","publisher":{"@id":"https:\/\/biolinecorp.ca\/#organization"},"potentialAction":[{"@type":"SearchAction","target":{"@type":"EntryPoint","urlTemplate":"https:\/\/biolinecorp.ca\/?s={search_term_string}"},"query-input":{"@type":"PropertyValueSpecification","valueRequired":true,"valueName":"search_term_string"}}],"inLanguage":"de"},{"@type":"Organization","@id":"https:\/\/biolinecorp.ca\/#organization","name":"Bioline Gesellschaft","url":"https:\/\/biolinecorp.ca\/","logo":{"@type":"ImageObject","inLanguage":"de","@id":"https:\/\/biolinecorp.ca\/#\/schema\/logo\/image\/","url":"https:\/\/biolinecorp.ca\/wp-content\/uploads\/2018\/02\/Bioline_logo.png","contentUrl":"https:\/\/biolinecorp.ca\/wp-content\/uploads\/2018\/02\/Bioline_logo.png","width":667,"height":181,"caption":"Bioline Corporation"},"image":{"@id":"https:\/\/biolinecorp.ca\/#\/schema\/logo\/image\/"},"sameAs":["https:\/\/www.facebook.com\/BiolineCorp\/","https:\/\/x.com\/BiolineCorp","https:\/\/www.linkedin.com\/company\/bioline-corp\/","https:\/\/www.youtube.com\/channel\/UCpD4bbIdegjthmdriZ2SAow"]}]}},"_links":{"self":[{"href":"https:\/\/biolinecorp.ca\/de\/wp-json\/wp\/v2\/pages\/25238","targetHints":{"allow":["GET"]}}],"collection":[{"href":"https:\/\/biolinecorp.ca\/de\/wp-json\/wp\/v2\/pages"}],"about":[{"href":"https:\/\/biolinecorp.ca\/de\/wp-json\/wp\/v2\/types\/page"}],"author":[{"embeddable":true,"href":"https:\/\/biolinecorp.ca\/de\/wp-json\/wp\/v2\/users\/2"}],"replies":[{"embeddable":true,"href":"https:\/\/biolinecorp.ca\/de\/wp-json\/wp\/v2\/comments?post=25238"}],"version-history":[{"count":0,"href":"https:\/\/biolinecorp.ca\/de\/wp-json\/wp\/v2\/pages\/25238\/revisions"}],"wp:attachment":[{"href":"https:\/\/biolinecorp.ca\/de\/wp-json\/wp\/v2\/media?parent=25238"}],"curies":[{"name":"wp","href":"https:\/\/api.w.org\/{rel}","templated":true}]}}