{"id":24091,"date":"2022-02-10T12:26:02","date_gmt":"2022-02-10T17:26:02","guid":{"rendered":"https:\/\/biolinecorp.ca\/?page_id=24091"},"modified":"2023-09-12T14:06:42","modified_gmt":"2023-09-12T18:06:42","slug":"berries-and-small-fruits","status":"publish","type":"page","link":"https:\/\/biolinecorp.ca\/de\/beeren-und-kleine-fruchte\/","title":{"rendered":"Beeren und Kleinfr\u00fcchte"},"content":{"rendered":"<div style=\"height:50px\" aria-hidden=\"true\" class=\"wp-block-spacer\"><\/div>\n\n\n\n<h3 class=\"wp-block-heading has-large-font-size\" id=\"h-how-does-bioline-help-berry-and-small-fruit-production\">Wie funktioniert BioLiNE<strong><sup>\u00ae<\/sup><\/strong> Hilfe bei der Produktion von Beeren und Kleinobst?<\/h3>\n\n\n\n<h4 class=\"wp-block-heading\" id=\"h-strawberries-raspberries-blackberries-blueberries-grapes-currants-and-gooseberries\">(Erdbeeren, Himbeeren, Brombeeren, Heidelbeeren, Weintrauben, Johannisbeeren und Stachelbeeren)<\/h4>\n\n\n\n<div style=\"height:25px\" aria-hidden=\"true\" class=\"wp-block-spacer\"><\/div>\n\n\n\n<div class=\"wp-block-columns is-layout-flex wp-container-core-columns-is-layout-9d6595d7 wp-block-columns-is-layout-flex\">\n<div class=\"wp-block-column is-layout-flow wp-block-column-is-layout-flow\" style=\"flex-basis:66.66%\">\n<p>Anwendung von BioLiNE<strong><sup>\u00ae<\/sup><\/strong>&nbsp;<a href=\"https:\/\/biolinecorp.ca\/de\/unsere-produkte\/\" target=\"_blank\" rel=\"noreferrer noopener\">Produkte<\/a>&nbsp;verbessert drastisch den Transport und die Aufnahme von N\u00e4hrstoffen und anderen f\u00fcr die Pflanze n\u00fctzlichen Verbindungen. Unser Vorteil ist die Kombination aus \u00fcberlegener Zelldurchl\u00e4ssigkeit, bioaktiver Chemie und beschleunigtem N\u00e4hrstoffaustausch. Unser <a href=\"https:\/\/biolinecorp.ca\/de\/unsere-technologie\/\">Technologie<\/a> ist ein wirksames Instrument f\u00fcr den Pflanzenschutz. Anwendung von BioLiNE<strong><sup>\u00ae<\/sup><\/strong>&nbsp;Produkte hilft, die N\u00e4hrstoffbindung zu verhindern, um sicherzustellen, dass die N\u00e4hrstoffe verf\u00fcgbar sind, wenn der Bedarf hoch ist, den pH-Wert auszugleichen und das mikrobielle Wachstum zu f\u00f6rdern. Das Ergebnis ist eine erh\u00f6hte Fruchtproduktion.<\/p>\n<\/div>\n\n\n\n<div class=\"wp-block-column is-vertically-aligned-center is-layout-flow wp-block-column-is-layout-flow\" style=\"flex-basis:33.33%\">\n<div class=\"wp-block-buttons is-content-justification-center is-layout-flex wp-container-core-buttons-is-layout-16018d1d wp-block-buttons-is-layout-flex\">\n<div class=\"wp-block-button aligncenter\"><a class=\"wp-block-button__link wp-element-button\" href=\"https:\/\/biolinecorp.ca\/wp-content\/uploads\/2022\/05\/20220504-Blueberries-Handout-V1.pdf\" target=\"_blank\" rel=\"noreferrer noopener\">Blaubeere Handout<\/a><\/div>\n<\/div>\n\n\n\n<div style=\"height:10px\" aria-hidden=\"true\" class=\"wp-block-spacer\"><\/div>\n\n\n\n<div class=\"wp-block-buttons is-layout-flex wp-block-buttons-is-layout-flex\">\n<div class=\"wp-block-button aligncenter\"><a class=\"wp-block-button__link wp-element-button\" href=\"https:\/\/biolinecorp.ca\/wp-content\/uploads\/2022\/05\/20220504-Grapevines-Handout-V1.pdf\" target=\"_blank\" rel=\"noreferrer noopener\">Handout der Weinrebe<\/a><\/div>\n<\/div>\n<\/div>\n<\/div>\n\n\n\n<div style=\"height:50px\" aria-hidden=\"true\" class=\"wp-block-spacer\"><\/div>\n\n\n<div class=\"w-heading heading-9 text-left\">\n    <div class=\"w-wrapper\">\n                 \n        <h2>           \n            <span>Ergebnisse der Studie<\/span>        <\/h2>\n                    <\/div>\n<\/div>\n\n\n\n<div style=\"height:24px\" aria-hidden=\"true\" class=\"wp-block-spacer\"><\/div>\n\n\n\n<h4 class=\"wp-block-heading\" id=\"h-2022-hortech-strawberry-trials\">2022 HORTECH Erdbeer-Versuche<\/h4>\n\n\n\n<div class=\"wp-block-media-text is-stacked-on-mobile\" style=\"grid-template-columns:35% auto\"><figure class=\"wp-block-media-text__media\"><img decoding=\"async\" width=\"1024\" height=\"550\" src=\"https:\/\/biolinecorp.ca\/wp-content\/uploads\/2023\/09\/Strawberry-Harvest-Raw-4-Label-1024x550.jpg\" alt=\"\" class=\"wp-image-42301 size-full\" srcset=\"https:\/\/biolinecorp.ca\/wp-content\/uploads\/2023\/09\/Strawberry-Harvest-Raw-4-Label-1024x550.jpg 1024w, https:\/\/biolinecorp.ca\/wp-content\/uploads\/2023\/09\/Strawberry-Harvest-Raw-4-Label-600x322.jpg 600w, https:\/\/biolinecorp.ca\/wp-content\/uploads\/2023\/09\/Strawberry-Harvest-Raw-4-Label-768x413.jpg 768w, https:\/\/biolinecorp.ca\/wp-content\/uploads\/2023\/09\/Strawberry-Harvest-Raw-4-Label-18x10.jpg 18w, https:\/\/biolinecorp.ca\/wp-content\/uploads\/2023\/09\/Strawberry-Harvest-Raw-4-Label-640x344.jpg 640w, https:\/\/biolinecorp.ca\/wp-content\/uploads\/2023\/09\/Strawberry-Harvest-Raw-4-Label.jpg 1163w\" sizes=\"(max-width: 1024px) 100vw, 1024px\" \/><\/figure><div class=\"wp-block-media-text__content\">\n<p>HORTECH International ist ein unabh\u00e4ngiges Forschungsunternehmen, das Forschungs- und Entwicklungsdienstleistungen f\u00fcr den Gartenbausektor in Ontario anbietet. Im Jahr 2022 f\u00fchrte Maria Derkacz mit drei kommerziellen Erdbeeranbauern in Ontario Feldversuche nebeneinander durch: Niagara (A), Haldimand County (B) und Elgin County (C). Mit BioLiNE behandelte Erdbeerpflanzen<strong><sup>\u00ae<\/sup><\/strong> Gold-Fulvins\u00e4ure zeigte einen Anstieg der gesamten erntef\u00e4higen Fr\u00fcchte, des durchschnittlichen Beerengewichts und des Brix<sup> <\/sup>Zuckergehalt. Diese Ergebnisse zeigen, dass BioLiNE<strong><sup>\u00ae<\/sup><\/strong> Gold hatte einen erheblichen Einfluss auf die Abschw\u00e4chung der Auswirkungen von Hitzestress und den Schutz vor Ertragsverlusten.<\/p>\n\n\n\n<div class=\"wp-block-buttons is-layout-flex wp-block-buttons-is-layout-flex\">\n<div class=\"wp-block-button\"><a class=\"wp-block-button__link wp-element-button\" href=\"https:\/\/biolinecorp.ca\/wp-content\/uploads\/2023\/09\/20230208-BioLiNE-Strawberry-Trials.pdf\">HORTECH Erdbeer-Versuchsblatt<\/a><\/div>\n<\/div>\n<\/div><\/div>\n\n\n\n<head><!-- Global site tag (gtag.js) - Google Ads: 781808697 --> <script async src=\"https:\/\/www.googletagmanager.com\/gtag\/js?id=AW-781808697\"><\/script> <script> window.dataLayer = window.dataLayer || []; function gtag(){dataLayer.push(arguments);} gtag('js', new Date()); gtag('config', 'AW-781808697'); gtag('config', 'AW-781808697');<\/script> <\/head>","protected":false},"excerpt":{"rendered":"<p>How Does BioLiNE\u00ae Help Berry and Small Fruit Production? (Strawberries, raspberries, blackberries, blueberries, grapes, currants, and gooseberries) Application of BioLiNE\u00ae&nbsp;products&nbsp;drastically improves the transport and assimilation of nutrients and other plant beneficial compounds. Combining superior cell permeability, bioactive chemistry, and accelerated nutrient exchange is our advantage. Our technology is an effective crop management tool. Application of [&hellip;]<\/p>\n","protected":false},"author":2,"featured_media":0,"parent":0,"menu_order":7,"comment_status":"closed","ping_status":"closed","template":"","meta":{"_monsterinsights_skip_tracking":false,"_monsterinsights_sitenote_active":false,"_monsterinsights_sitenote_note":"","_monsterinsights_sitenote_category":0,"footnotes":""},"class_list":["post-24091","page","type-page","status-publish","hentry"],"yoast_head":"<!-- This site is optimized with the Yoast SEO Premium plugin v27.3 (Yoast SEO v27.3) - https:\/\/yoast.com\/product\/yoast-seo-premium-wordpress\/ -->\n<title>Berries and Small Fruits -<\/title>\n<meta name=\"description\" content=\"Application of BioLiNE\u00ae\u00a0products helps prevent nutrient lockup, balance pH, and support microbial growth in berries and small fruits.\" \/>\n<meta name=\"robots\" content=\"index, follow, max-snippet:-1, max-image-preview:large, max-video-preview:-1\" \/>\n<link rel=\"canonical\" href=\"https:\/\/biolinecorp.ca\/de\/beeren-und-kleine-fruchte\/\" \/>\n<meta property=\"og:locale\" content=\"de_DE\" \/>\n<meta property=\"og:type\" content=\"article\" \/>\n<meta property=\"og:title\" content=\"Berries and Small Fruits\" \/>\n<meta property=\"og:description\" content=\"Application of BioLiNE\u00ae\u00a0products helps prevent nutrient lockup, balance pH, and support microbial growth in berries and small fruits.\" \/>\n<meta property=\"og:url\" content=\"https:\/\/biolinecorp.ca\/de\/beeren-und-kleine-fruchte\/\" \/>\n<meta property=\"article:publisher\" content=\"https:\/\/www.facebook.com\/BiolineCorp\/\" \/>\n<meta property=\"article:modified_time\" content=\"2023-09-12T18:06:42+00:00\" \/>\n<meta property=\"og:image\" content=\"https:\/\/biolinecorp.ca\/wp-content\/uploads\/2023\/09\/Strawberry-Harvest-Raw-4-Label-1024x550.jpg\" \/>\n<meta name=\"twitter:card\" content=\"summary_large_image\" \/>\n<meta name=\"twitter:site\" content=\"@BiolineCorp\" \/>\n<meta name=\"twitter:label1\" content=\"Gesch\u00e4tzte Lesezeit\" \/>\n\t<meta name=\"twitter:data1\" content=\"2\u00a0Minuten\" \/>\n<script type=\"application\/ld+json\" class=\"yoast-schema-graph\">{\"@context\":\"https:\\\/\\\/schema.org\",\"@graph\":[{\"@type\":\"WebPage\",\"@id\":\"https:\\\/\\\/biolinecorp.ca\\\/en_ca\\\/berries-and-small-fruits\\\/\",\"url\":\"https:\\\/\\\/biolinecorp.ca\\\/en_ca\\\/berries-and-small-fruits\\\/\",\"name\":\"Berries and Small Fruits -\",\"isPartOf\":{\"@id\":\"https:\\\/\\\/biolinecorp.ca\\\/#website\"},\"primaryImageOfPage\":{\"@id\":\"https:\\\/\\\/biolinecorp.ca\\\/en_ca\\\/berries-and-small-fruits\\\/#primaryimage\"},\"image\":{\"@id\":\"https:\\\/\\\/biolinecorp.ca\\\/en_ca\\\/berries-and-small-fruits\\\/#primaryimage\"},\"thumbnailUrl\":\"https:\\\/\\\/biolinecorp.ca\\\/wp-content\\\/uploads\\\/2023\\\/09\\\/Strawberry-Harvest-Raw-4-Label-1024x550.jpg\",\"datePublished\":\"2022-02-10T17:26:02+00:00\",\"dateModified\":\"2023-09-12T18:06:42+00:00\",\"description\":\"Application of BioLiNE\u00ae\u00a0products helps prevent nutrient lockup, balance pH, and support microbial growth in berries and small fruits.\",\"breadcrumb\":{\"@id\":\"https:\\\/\\\/biolinecorp.ca\\\/en_ca\\\/berries-and-small-fruits\\\/#breadcrumb\"},\"inLanguage\":\"de\",\"potentialAction\":[{\"@type\":\"ReadAction\",\"target\":[\"https:\\\/\\\/biolinecorp.ca\\\/en_ca\\\/berries-and-small-fruits\\\/\"]}]},{\"@type\":\"ImageObject\",\"inLanguage\":\"de\",\"@id\":\"https:\\\/\\\/biolinecorp.ca\\\/en_ca\\\/berries-and-small-fruits\\\/#primaryimage\",\"url\":\"https:\\\/\\\/biolinecorp.ca\\\/wp-content\\\/uploads\\\/2023\\\/09\\\/Strawberry-Harvest-Raw-4-Label-1024x550.jpg\",\"contentUrl\":\"https:\\\/\\\/biolinecorp.ca\\\/wp-content\\\/uploads\\\/2023\\\/09\\\/Strawberry-Harvest-Raw-4-Label-1024x550.jpg\"},{\"@type\":\"BreadcrumbList\",\"@id\":\"https:\\\/\\\/biolinecorp.ca\\\/en_ca\\\/berries-and-small-fruits\\\/#breadcrumb\",\"itemListElement\":[{\"@type\":\"ListItem\",\"position\":1,\"name\":\"Home\",\"item\":\"https:\\\/\\\/biolinecorp.ca\\\/en_ca\\\/\"},{\"@type\":\"ListItem\",\"position\":2,\"name\":\"Berries and Small Fruits\"}]},{\"@type\":\"WebSite\",\"@id\":\"https:\\\/\\\/biolinecorp.ca\\\/#website\",\"url\":\"https:\\\/\\\/biolinecorp.ca\\\/\",\"name\":\"BioLine Corporation\",\"description\":\"\",\"publisher\":{\"@id\":\"https:\\\/\\\/biolinecorp.ca\\\/#organization\"},\"potentialAction\":[{\"@type\":\"SearchAction\",\"target\":{\"@type\":\"EntryPoint\",\"urlTemplate\":\"https:\\\/\\\/biolinecorp.ca\\\/?s={search_term_string}\"},\"query-input\":{\"@type\":\"PropertyValueSpecification\",\"valueRequired\":true,\"valueName\":\"search_term_string\"}}],\"inLanguage\":\"de\"},{\"@type\":\"Organization\",\"@id\":\"https:\\\/\\\/biolinecorp.ca\\\/#organization\",\"name\":\"Bioline Corporation\",\"url\":\"https:\\\/\\\/biolinecorp.ca\\\/\",\"logo\":{\"@type\":\"ImageObject\",\"inLanguage\":\"de\",\"@id\":\"https:\\\/\\\/biolinecorp.ca\\\/#\\\/schema\\\/logo\\\/image\\\/\",\"url\":\"https:\\\/\\\/biolinecorp.ca\\\/wp-content\\\/uploads\\\/2018\\\/02\\\/Bioline_logo.png\",\"contentUrl\":\"https:\\\/\\\/biolinecorp.ca\\\/wp-content\\\/uploads\\\/2018\\\/02\\\/Bioline_logo.png\",\"width\":667,\"height\":181,\"caption\":\"Bioline Corporation\"},\"image\":{\"@id\":\"https:\\\/\\\/biolinecorp.ca\\\/#\\\/schema\\\/logo\\\/image\\\/\"},\"sameAs\":[\"https:\\\/\\\/www.facebook.com\\\/BiolineCorp\\\/\",\"https:\\\/\\\/x.com\\\/BiolineCorp\",\"https:\\\/\\\/www.linkedin.com\\\/company\\\/bioline-corp\\\/\",\"https:\\\/\\\/www.youtube.com\\\/channel\\\/UCpD4bbIdegjthmdriZ2SAow\"]}]}<\/script>\n<!-- \/ Yoast SEO Premium plugin. -->","yoast_head_json":{"title":"Beeren und Kleinfr\u00fcchte -","description":"Die Anwendung von BioLiNE\u00ae Produkten hilft, N\u00e4hrstoffblockaden zu verhindern, den pH-Wert auszugleichen und das mikrobielle Wachstum in Beeren und kleinen Fr\u00fcchten zu f\u00f6rdern.","robots":{"index":"index","follow":"follow","max-snippet":"max-snippet:-1","max-image-preview":"max-image-preview:large","max-video-preview":"max-video-preview:-1"},"canonical":"https:\/\/biolinecorp.ca\/de\/beeren-und-kleine-fruchte\/","og_locale":"de_DE","og_type":"article","og_title":"Berries and Small Fruits","og_description":"Application of BioLiNE\u00ae\u00a0products helps prevent nutrient lockup, balance pH, and support microbial growth in berries and small fruits.","og_url":"https:\/\/biolinecorp.ca\/de\/beeren-und-kleine-fruchte\/","article_publisher":"https:\/\/www.facebook.com\/BiolineCorp\/","article_modified_time":"2023-09-12T18:06:42+00:00","og_image":[{"url":"https:\/\/biolinecorp.ca\/wp-content\/uploads\/2023\/09\/Strawberry-Harvest-Raw-4-Label-1024x550.jpg","type":"","width":"","height":""}],"twitter_card":"summary_large_image","twitter_site":"@BiolineCorp","twitter_misc":{"Gesch\u00e4tzte Lesezeit":"2\u00a0Minuten"},"schema":{"@context":"https:\/\/schema.org","@graph":[{"@type":"WebPage","@id":"https:\/\/biolinecorp.ca\/en_ca\/berries-and-small-fruits\/","url":"https:\/\/biolinecorp.ca\/en_ca\/berries-and-small-fruits\/","name":"Beeren und Kleinfr\u00fcchte -","isPartOf":{"@id":"https:\/\/biolinecorp.ca\/#website"},"primaryImageOfPage":{"@id":"https:\/\/biolinecorp.ca\/en_ca\/berries-and-small-fruits\/#primaryimage"},"image":{"@id":"https:\/\/biolinecorp.ca\/en_ca\/berries-and-small-fruits\/#primaryimage"},"thumbnailUrl":"https:\/\/biolinecorp.ca\/wp-content\/uploads\/2023\/09\/Strawberry-Harvest-Raw-4-Label-1024x550.jpg","datePublished":"2022-02-10T17:26:02+00:00","dateModified":"2023-09-12T18:06:42+00:00","description":"Die Anwendung von BioLiNE\u00ae Produkten hilft, N\u00e4hrstoffblockaden zu verhindern, den pH-Wert auszugleichen und das mikrobielle Wachstum in Beeren und kleinen Fr\u00fcchten zu f\u00f6rdern.","breadcrumb":{"@id":"https:\/\/biolinecorp.ca\/en_ca\/berries-and-small-fruits\/#breadcrumb"},"inLanguage":"de","potentialAction":[{"@type":"ReadAction","target":["https:\/\/biolinecorp.ca\/en_ca\/berries-and-small-fruits\/"]}]},{"@type":"ImageObject","inLanguage":"de","@id":"https:\/\/biolinecorp.ca\/en_ca\/berries-and-small-fruits\/#primaryimage","url":"https:\/\/biolinecorp.ca\/wp-content\/uploads\/2023\/09\/Strawberry-Harvest-Raw-4-Label-1024x550.jpg","contentUrl":"https:\/\/biolinecorp.ca\/wp-content\/uploads\/2023\/09\/Strawberry-Harvest-Raw-4-Label-1024x550.jpg"},{"@type":"BreadcrumbList","@id":"https:\/\/biolinecorp.ca\/en_ca\/berries-and-small-fruits\/#breadcrumb","itemListElement":[{"@type":"ListItem","position":1,"name":"Home","item":"https:\/\/biolinecorp.ca\/en_ca\/"},{"@type":"ListItem","position":2,"name":"Berries and Small Fruits"}]},{"@type":"WebSite","@id":"https:\/\/biolinecorp.ca\/#website","url":"https:\/\/biolinecorp.ca\/","name":"BioLine Gesellschaft","description":"","publisher":{"@id":"https:\/\/biolinecorp.ca\/#organization"},"potentialAction":[{"@type":"SearchAction","target":{"@type":"EntryPoint","urlTemplate":"https:\/\/biolinecorp.ca\/?s={search_term_string}"},"query-input":{"@type":"PropertyValueSpecification","valueRequired":true,"valueName":"search_term_string"}}],"inLanguage":"de"},{"@type":"Organization","@id":"https:\/\/biolinecorp.ca\/#organization","name":"Bioline Gesellschaft","url":"https:\/\/biolinecorp.ca\/","logo":{"@type":"ImageObject","inLanguage":"de","@id":"https:\/\/biolinecorp.ca\/#\/schema\/logo\/image\/","url":"https:\/\/biolinecorp.ca\/wp-content\/uploads\/2018\/02\/Bioline_logo.png","contentUrl":"https:\/\/biolinecorp.ca\/wp-content\/uploads\/2018\/02\/Bioline_logo.png","width":667,"height":181,"caption":"Bioline Corporation"},"image":{"@id":"https:\/\/biolinecorp.ca\/#\/schema\/logo\/image\/"},"sameAs":["https:\/\/www.facebook.com\/BiolineCorp\/","https:\/\/x.com\/BiolineCorp","https:\/\/www.linkedin.com\/company\/bioline-corp\/","https:\/\/www.youtube.com\/channel\/UCpD4bbIdegjthmdriZ2SAow"]}]}},"_links":{"self":[{"href":"https:\/\/biolinecorp.ca\/de\/wp-json\/wp\/v2\/pages\/24091","targetHints":{"allow":["GET"]}}],"collection":[{"href":"https:\/\/biolinecorp.ca\/de\/wp-json\/wp\/v2\/pages"}],"about":[{"href":"https:\/\/biolinecorp.ca\/de\/wp-json\/wp\/v2\/types\/page"}],"author":[{"embeddable":true,"href":"https:\/\/biolinecorp.ca\/de\/wp-json\/wp\/v2\/users\/2"}],"replies":[{"embeddable":true,"href":"https:\/\/biolinecorp.ca\/de\/wp-json\/wp\/v2\/comments?post=24091"}],"version-history":[{"count":0,"href":"https:\/\/biolinecorp.ca\/de\/wp-json\/wp\/v2\/pages\/24091\/revisions"}],"wp:attachment":[{"href":"https:\/\/biolinecorp.ca\/de\/wp-json\/wp\/v2\/media?parent=24091"}],"curies":[{"name":"wp","href":"https:\/\/api.w.org\/{rel}","templated":true}]}}