{"id":24089,"date":"2022-02-10T12:25:41","date_gmt":"2022-02-10T17:25:41","guid":{"rendered":"https:\/\/biolinecorp.ca\/?page_id=24089"},"modified":"2023-09-12T10:33:14","modified_gmt":"2023-09-12T14:33:14","slug":"fruiting-vegetables","status":"publish","type":"page","link":"https:\/\/biolinecorp.ca\/de\/fruchtgemuse\/","title":{"rendered":"Fruchtbares Gem\u00fcse"},"content":{"rendered":"<div style=\"height:50px\" aria-hidden=\"true\" class=\"wp-block-spacer\"><\/div>\n\n\n\n<h3 class=\"wp-block-heading has-large-font-size\" id=\"h-how-does-bioline-help-fruiting-vegetable-production\">Wie funktioniert BioLiNE<strong><sup>\u00ae<\/sup><\/strong> Hilfe bei der Produktion von Obst und Gem\u00fcse?<\/h3>\n\n\n\n<h4 class=\"wp-block-heading\" id=\"h-eggplant-peppers-and-tomatoes\">(Auberginen, Paprika und Tomaten)<\/h4>\n\n\n\n<div style=\"height:25px\" aria-hidden=\"true\" class=\"wp-block-spacer\"><\/div>\n\n\n\n<div class=\"wp-block-columns is-layout-flex wp-container-core-columns-is-layout-9d6595d7 wp-block-columns-is-layout-flex\">\n<div class=\"wp-block-column is-layout-flow wp-block-column-is-layout-flow\" style=\"flex-basis:100%\">\n<p>Anwendung von BioLiNE<strong><sup>\u00ae<\/sup><\/strong> <a href=\"https:\/\/biolinecorp.ca\/de\/unsere-produkte\/\" target=\"_blank\" rel=\"noreferrer noopener\">Produkte<\/a> verbessert drastisch den Transport und die Aufnahme von N\u00e4hrstoffen und anderen f\u00fcr die Pflanze n\u00fctzlichen Verbindungen. Unser Vorteil ist die Kombination aus \u00fcberlegener Zelldurchl\u00e4ssigkeit, bioaktiver Chemie und beschleunigtem N\u00e4hrstoffaustausch. Unsere Technologie ist ein wirksames Instrument f\u00fcr den Pflanzenschutz. Anwendung von BioLiNE<strong><sup>\u00ae<\/sup><\/strong> Produkte verhindert die N\u00e4hrstoffbindung und stellt sicher, dass die N\u00e4hrstoffe dann verf\u00fcgbar sind, wenn der Bedarf hoch ist. Das Ergebnis ist eine gesteigerte Fruchtproduktion und Fruchtgr\u00f6\u00dfe, die zu einer Maximierung des vermarktbaren Fruchtertrags beitr\u00e4gt. BioLiNE<strong><sup>\u00ae<\/sup><\/strong>&nbsp;<a href=\"https:\/\/biolinecorp.ca\/de\/unsere-technologie\/\">Technologie<\/a>&nbsp;kann in verschiedenen Stadien der Entwicklung von Fruchtgem\u00fcsepflanzen eingesetzt werden:<\/p>\n<\/div>\n<\/div>\n\n\n\n<div class=\"wp-block-columns is-layout-flex wp-container-core-columns-is-layout-9d6595d7 wp-block-columns-is-layout-flex\">\n<div class=\"wp-block-column is-layout-flow wp-block-column-is-layout-flow\" style=\"flex-basis:66.66%\">\n<ol class=\"wp-block-list\">\n<li><strong>Beim Umpflanzen: <\/strong>BioLiNE hinzuf\u00fcgen<strong><sup>\u00ae<\/sup><\/strong> @ 4oz \/ 100-Gallonen-Pflanzl\u00f6sung, angewendet bei 200-300 Gallonen pro Acre<\/li>\n\n\n\n<li><strong>F\u00fcr ges\u00e4te Kulturen:<\/strong> BioLiNE anwenden<strong><sup>\u00ae<\/sup><\/strong> @ 16 oz\/ acre mit dem ersten Bew\u00e4sserungszyklus oder Blattbehandlung bei 2 echten Bl\u00e4ttern<\/li>\n\n\n\n<li><strong>D\u00fcngung\/Blattbehandlung<\/strong>: Erste Anwendungen von BioLiNE<strong><sup>\u00ae<\/sup><\/strong> @ 16 oz\/ Acre. Beginnend mit der zweiten Anwendung von BioLiNE<strong><sup>\u00ae<\/sup><\/strong> k\u00f6nnen Sie die Anwendungsrate auf 8-10 oz pro Acre reduzieren.<\/li>\n<\/ol>\n<\/div>\n\n\n\n<div class=\"wp-block-column is-vertically-aligned-center is-layout-flow wp-block-column-is-layout-flow\" style=\"flex-basis:33.33%\">\n<div class=\"wp-block-buttons is-content-justification-center is-layout-flex wp-container-core-buttons-is-layout-16018d1d wp-block-buttons-is-layout-flex\">\n<div class=\"wp-block-button aligncenter\"><a class=\"wp-block-button__link wp-element-button\" href=\"https:\/\/biolinecorp.ca\/wp-content\/uploads\/2022\/05\/20220504-Fruiting-Vegetable-Handout-V1.pdf\" target=\"_blank\" rel=\"noreferrer noopener\">Fruchtbares Gem\u00fcse Handout<\/a><\/div>\n<\/div>\n\n\n\n<div style=\"height:10px\" aria-hidden=\"true\" class=\"wp-block-spacer\"><\/div>\n\n\n\n<div class=\"wp-block-buttons is-layout-flex wp-block-buttons-is-layout-flex\">\n<div class=\"wp-block-button aligncenter\"><a class=\"wp-block-button__link wp-element-button\" href=\"https:\/\/biolinecorp.ca\/wp-content\/uploads\/2022\/03\/2020119-bioline-vegetable-flyer.pdf\" target=\"_blank\" rel=\"noreferrer noopener\">Handout zur N\u00e4hrstoffsperre<\/a><\/div>\n<\/div>\n<\/div>\n<\/div>\n\n\n\n<div style=\"height:50px\" aria-hidden=\"true\" class=\"wp-block-spacer\"><\/div>\n\n\n<div class=\"w-heading heading-9 text-left\">\n    <div class=\"w-wrapper\">\n                 \n        <h2>           \n            <span>Ergebnisse der Studie<\/span>        <\/h2>\n                    <\/div>\n<\/div>\n\n\n\n<div style=\"height:50px\" aria-hidden=\"true\" class=\"wp-block-spacer\"><\/div>\n\n\n\n<div class=\"wp-block-media-text alignwide is-stacked-on-mobile\" style=\"grid-template-columns:25% auto\"><figure class=\"wp-block-media-text__media\"><img decoding=\"async\" width=\"683\" height=\"1024\" src=\"https:\/\/biolinecorp.ca\/wp-content\/uploads\/2022\/03\/My-project-6-683x1024.png\" alt=\"Verbesserung der Wurzelgr\u00f6\u00dfe und Verzweigung bei Behandlung mit BioLiNE Gold.\" class=\"wp-image-25069 size-full\" srcset=\"https:\/\/biolinecorp.ca\/wp-content\/uploads\/2022\/03\/My-project-6-683x1024.png 683w, https:\/\/biolinecorp.ca\/wp-content\/uploads\/2022\/03\/My-project-6-400x600.png 400w, https:\/\/biolinecorp.ca\/wp-content\/uploads\/2022\/03\/My-project-6-768x1152.png 768w, https:\/\/biolinecorp.ca\/wp-content\/uploads\/2022\/03\/My-project-6-1024x1536.png 1024w, https:\/\/biolinecorp.ca\/wp-content\/uploads\/2022\/03\/My-project-6-1365x2048.png 1365w, https:\/\/biolinecorp.ca\/wp-content\/uploads\/2022\/03\/My-project-6-640x960.png 640w, https:\/\/biolinecorp.ca\/wp-content\/uploads\/2022\/03\/My-project-6-1280x1920.png 1280w, https:\/\/biolinecorp.ca\/wp-content\/uploads\/2022\/03\/My-project-6.png 1700w\" sizes=\"(max-width: 683px) 100vw, 683px\" \/><\/figure><div class=\"wp-block-media-text__content\">\n<h3 class=\"wp-block-heading has-large-font-size\" id=\"h-enhancing-root-growth-with-bioline\">F\u00f6rderung des Wurzelwachstums mit BioLiNE<strong><sup>\u00ae<\/sup><\/strong><\/h3>\n\n\n\n<p style=\"font-size:18px\">Die Tomatenpflanzen wurden mit 400 ppm <a href=\"https:\/\/biolinecorp.ca\/de\/bioline-gold\/\" target=\"_blank\" rel=\"noreferrer noopener\">BioLiNE\u00ae Gold<\/a> unter Verwendung einer Tiefwasserkultur. Das Gesamtgewicht der Wurzeln der Tomatenpflanzen, die mit 400 ppm BioLiNE<strong><sup>\u00ae<\/sup><\/strong> Gold wog mehr als die Kontrollgruppe, war l\u00e4nger und hatte mehr Verzweigungen. <\/p>\n\n\n\n<div style=\"height:50px\" aria-hidden=\"true\" class=\"wp-block-spacer\"><\/div>\n\n\n<div class=\"wp-block-image is-style-default\">\n<figure class=\"alignleft size-full\"><img decoding=\"async\" width=\"745\" height=\"161\" src=\"https:\/\/biolinecorp.ca\/wp-content\/uploads\/2022\/03\/Hydroponics-2.png\" alt=\"\" class=\"wp-image-25327\" srcset=\"https:\/\/biolinecorp.ca\/wp-content\/uploads\/2022\/03\/Hydroponics-2.png 745w, https:\/\/biolinecorp.ca\/wp-content\/uploads\/2022\/03\/Hydroponics-2-600x130.png 600w, https:\/\/biolinecorp.ca\/wp-content\/uploads\/2022\/03\/Hydroponics-2-640x138.png 640w\" sizes=\"(max-width: 745px) 100vw, 745px\" \/><\/figure>\n<\/div>\n\n\n<p><a id=\"_msocom_1\"><\/a><\/p>\n<\/div><\/div>\n\n\n\n<div style=\"height:50px\" aria-hidden=\"true\" class=\"wp-block-spacer\"><\/div>\n\n\n\n<hr class=\"wp-block-separator has-css-opacity\"\/>\n\n\n\n<div style=\"height:50px\" aria-hidden=\"true\" class=\"wp-block-spacer\"><\/div>\n\n\n\n<div class=\"wp-block-media-text alignwide is-stacked-on-mobile\" style=\"grid-template-columns:25% auto\"><figure class=\"wp-block-media-text__media\"><img decoding=\"async\" width=\"1024\" height=\"628\" src=\"https:\/\/biolinecorp.ca\/wp-content\/uploads\/2022\/03\/1630092668765-1024x628.jpg\" alt=\"Verbesserung der Paprikagr\u00f6\u00dfe bei Behandlung mit BioLiNE Gold.\" class=\"wp-image-25333 size-full\" srcset=\"https:\/\/biolinecorp.ca\/wp-content\/uploads\/2022\/03\/1630092668765-1024x628.jpg 1024w, https:\/\/biolinecorp.ca\/wp-content\/uploads\/2022\/03\/1630092668765-600x368.jpg 600w, https:\/\/biolinecorp.ca\/wp-content\/uploads\/2022\/03\/1630092668765-768x471.jpg 768w, https:\/\/biolinecorp.ca\/wp-content\/uploads\/2022\/03\/1630092668765-1536x941.jpg 1536w, https:\/\/biolinecorp.ca\/wp-content\/uploads\/2022\/03\/1630092668765-640x392.jpg 640w, https:\/\/biolinecorp.ca\/wp-content\/uploads\/2022\/03\/1630092668765-1280x784.jpg 1280w, https:\/\/biolinecorp.ca\/wp-content\/uploads\/2022\/03\/1630092668765.jpg 1958w\" sizes=\"(max-width: 1024px) 100vw, 1024px\" \/><\/figure><div class=\"wp-block-media-text__content\">\n<h3 class=\"wp-block-heading has-large-font-size\" id=\"h-enhancing-fruit-growth-with-bioline\">F\u00f6rderung des Obstwachstums mit BioLiNE<strong><sup>\u00ae<\/sup><\/strong><\/h3>\n\n\n\n<p style=\"font-size:18px\">Gr\u00fcne Paprikaschoten erhielten zwei Anwendungen von BioLiNE<strong><sup>\u00ae<\/sup><\/strong> Gold mit der Standardd\u00fcngermischung des Z\u00fcchters unter Tropfbew\u00e4sserung. Die Fulvos\u00e4ure tr\u00e4gt dazu bei, den N\u00e4hrstofftransport und die N\u00e4hrstoffverwertung durch die Pflanze zu verbessern, so dass sie gr\u00f6\u00dfere, besser vermarktbare Fr\u00fcchte produzieren kann. <\/p>\n<\/div><\/div>\n\n\n\n<div style=\"height:50px\" aria-hidden=\"true\" class=\"wp-block-spacer\"><\/div>\n\n\n\n<hr class=\"wp-block-separator has-css-opacity\"\/>\n\n\n\n<div style=\"height:50px\" aria-hidden=\"true\" class=\"wp-block-spacer\"><\/div>\n\n\n\n<h3 class=\"wp-block-heading\" id=\"h-other-trials\">Andere Versuche<\/h3>\n\n\n\n<p style=\"font-size:18px\"><strong>Paprika Transplantations-\/Dipversuche (<a href=\"https:\/\/agsci.psu.edu\/\" target=\"_blank\" rel=\"noreferrer noopener\">Penn State Universit\u00e4t<\/a>y)<\/strong> <strong>2019: <\/strong>Anstieg der Anzahl der Fr\u00fcchte von 23,3 auf 42,7. Zunahme des Gesamtfruchtgewichts von 13,9 lbs auf 20,9 lbs.<\/p>\n\n\n\n<head><!-- Global site tag (gtag.js) - Google Ads: 781808697 --> <script async src=\"https:\/\/www.googletagmanager.com\/gtag\/js?id=AW-781808697\"><\/script> <script> window.dataLayer = window.dataLayer || []; function gtag(){dataLayer.push(arguments);} gtag('js', new Date()); gtag('config', 'AW-781808697'); gtag('config', 'AW-781808697');<\/script> <\/head>","protected":false},"excerpt":{"rendered":"<p>How Does BioLiNE\u00ae Help Fruiting Vegetable Production? (Eggplant, peppers, and tomatoes) Application of BioLiNE\u00ae products drastically improves the transport and assimilation of nutrients and other plant beneficial compounds. Combining superior cell permeability, bioactive chemistry, and accelerated nutrient exchange is our advantage. Our technology is an effective crop management tool. Application of BioLiNE\u00ae products helps prevent [&hellip;]<\/p>\n","protected":false},"author":2,"featured_media":0,"parent":0,"menu_order":8,"comment_status":"closed","ping_status":"closed","template":"","meta":{"_monsterinsights_skip_tracking":false,"_monsterinsights_sitenote_active":false,"_monsterinsights_sitenote_note":"","_monsterinsights_sitenote_category":0,"footnotes":""},"class_list":["post-24089","page","type-page","status-publish","hentry"],"yoast_head":"<!-- This site is optimized with the Yoast SEO Premium plugin v27.3 (Yoast SEO v27.3) - https:\/\/yoast.com\/product\/yoast-seo-premium-wordpress\/ -->\n<title>Fruiting Vegetables -<\/title>\n<meta name=\"description\" content=\"Application of BioLiNE\u00ae products drastically improves the transport and assimilation of nutrients and other plant beneficial compounds.\" \/>\n<meta name=\"robots\" content=\"index, follow, max-snippet:-1, max-image-preview:large, max-video-preview:-1\" \/>\n<link rel=\"canonical\" href=\"https:\/\/biolinecorp.ca\/de\/fruchtgemuse\/\" \/>\n<meta property=\"og:locale\" content=\"de_DE\" \/>\n<meta property=\"og:type\" content=\"article\" \/>\n<meta property=\"og:title\" content=\"Fruiting Vegetables\" \/>\n<meta property=\"og:description\" content=\"Application of BioLiNE\u00ae products drastically improves the transport and assimilation of nutrients and other plant beneficial compounds.\" \/>\n<meta property=\"og:url\" content=\"https:\/\/biolinecorp.ca\/de\/fruchtgemuse\/\" \/>\n<meta property=\"article:publisher\" content=\"https:\/\/www.facebook.com\/BiolineCorp\/\" \/>\n<meta property=\"article:modified_time\" content=\"2023-09-12T14:33:14+00:00\" \/>\n<meta property=\"og:image\" content=\"https:\/\/biolinecorp.ca\/wp-content\/uploads\/2022\/03\/My-project-6-683x1024.png\" \/>\n<meta name=\"twitter:card\" content=\"summary_large_image\" \/>\n<meta name=\"twitter:site\" content=\"@BiolineCorp\" \/>\n<meta name=\"twitter:label1\" content=\"Gesch\u00e4tzte Lesezeit\" \/>\n\t<meta name=\"twitter:data1\" content=\"2\u00a0Minuten\" \/>\n<script type=\"application\/ld+json\" class=\"yoast-schema-graph\">{\"@context\":\"https:\\\/\\\/schema.org\",\"@graph\":[{\"@type\":\"WebPage\",\"@id\":\"https:\\\/\\\/biolinecorp.ca\\\/en_ca\\\/fruiting-vegetables\\\/\",\"url\":\"https:\\\/\\\/biolinecorp.ca\\\/en_ca\\\/fruiting-vegetables\\\/\",\"name\":\"Fruiting Vegetables -\",\"isPartOf\":{\"@id\":\"https:\\\/\\\/biolinecorp.ca\\\/#website\"},\"primaryImageOfPage\":{\"@id\":\"https:\\\/\\\/biolinecorp.ca\\\/en_ca\\\/fruiting-vegetables\\\/#primaryimage\"},\"image\":{\"@id\":\"https:\\\/\\\/biolinecorp.ca\\\/en_ca\\\/fruiting-vegetables\\\/#primaryimage\"},\"thumbnailUrl\":\"https:\\\/\\\/biolinecorp.ca\\\/wp-content\\\/uploads\\\/2022\\\/03\\\/My-project-6-683x1024.png\",\"datePublished\":\"2022-02-10T17:25:41+00:00\",\"dateModified\":\"2023-09-12T14:33:14+00:00\",\"description\":\"Application of BioLiNE\u00ae products drastically improves the transport and assimilation of nutrients and other plant beneficial compounds.\",\"breadcrumb\":{\"@id\":\"https:\\\/\\\/biolinecorp.ca\\\/en_ca\\\/fruiting-vegetables\\\/#breadcrumb\"},\"inLanguage\":\"de\",\"potentialAction\":[{\"@type\":\"ReadAction\",\"target\":[\"https:\\\/\\\/biolinecorp.ca\\\/en_ca\\\/fruiting-vegetables\\\/\"]}]},{\"@type\":\"ImageObject\",\"inLanguage\":\"de\",\"@id\":\"https:\\\/\\\/biolinecorp.ca\\\/en_ca\\\/fruiting-vegetables\\\/#primaryimage\",\"url\":\"https:\\\/\\\/biolinecorp.ca\\\/wp-content\\\/uploads\\\/2022\\\/03\\\/My-project-6-683x1024.png\",\"contentUrl\":\"https:\\\/\\\/biolinecorp.ca\\\/wp-content\\\/uploads\\\/2022\\\/03\\\/My-project-6-683x1024.png\"},{\"@type\":\"BreadcrumbList\",\"@id\":\"https:\\\/\\\/biolinecorp.ca\\\/en_ca\\\/fruiting-vegetables\\\/#breadcrumb\",\"itemListElement\":[{\"@type\":\"ListItem\",\"position\":1,\"name\":\"Home\",\"item\":\"https:\\\/\\\/biolinecorp.ca\\\/en_ca\\\/\"},{\"@type\":\"ListItem\",\"position\":2,\"name\":\"Fruiting Vegetables\"}]},{\"@type\":\"WebSite\",\"@id\":\"https:\\\/\\\/biolinecorp.ca\\\/#website\",\"url\":\"https:\\\/\\\/biolinecorp.ca\\\/\",\"name\":\"BioLine Corporation\",\"description\":\"\",\"publisher\":{\"@id\":\"https:\\\/\\\/biolinecorp.ca\\\/#organization\"},\"potentialAction\":[{\"@type\":\"SearchAction\",\"target\":{\"@type\":\"EntryPoint\",\"urlTemplate\":\"https:\\\/\\\/biolinecorp.ca\\\/?s={search_term_string}\"},\"query-input\":{\"@type\":\"PropertyValueSpecification\",\"valueRequired\":true,\"valueName\":\"search_term_string\"}}],\"inLanguage\":\"de\"},{\"@type\":\"Organization\",\"@id\":\"https:\\\/\\\/biolinecorp.ca\\\/#organization\",\"name\":\"Bioline Corporation\",\"url\":\"https:\\\/\\\/biolinecorp.ca\\\/\",\"logo\":{\"@type\":\"ImageObject\",\"inLanguage\":\"de\",\"@id\":\"https:\\\/\\\/biolinecorp.ca\\\/#\\\/schema\\\/logo\\\/image\\\/\",\"url\":\"https:\\\/\\\/biolinecorp.ca\\\/wp-content\\\/uploads\\\/2018\\\/02\\\/Bioline_logo.png\",\"contentUrl\":\"https:\\\/\\\/biolinecorp.ca\\\/wp-content\\\/uploads\\\/2018\\\/02\\\/Bioline_logo.png\",\"width\":667,\"height\":181,\"caption\":\"Bioline Corporation\"},\"image\":{\"@id\":\"https:\\\/\\\/biolinecorp.ca\\\/#\\\/schema\\\/logo\\\/image\\\/\"},\"sameAs\":[\"https:\\\/\\\/www.facebook.com\\\/BiolineCorp\\\/\",\"https:\\\/\\\/x.com\\\/BiolineCorp\",\"https:\\\/\\\/www.linkedin.com\\\/company\\\/bioline-corp\\\/\",\"https:\\\/\\\/www.youtube.com\\\/channel\\\/UCpD4bbIdegjthmdriZ2SAow\"]}]}<\/script>\n<!-- \/ Yoast SEO Premium plugin. -->","yoast_head_json":{"title":"Fruchtiges Gem\u00fcse -","description":"Die Anwendung von BioLiNE\u00ae-Produkten verbessert den Transport und die Aufnahme von N\u00e4hrstoffen und anderen f\u00fcr die Pflanzen n\u00fctzlichen Verbindungen drastisch.","robots":{"index":"index","follow":"follow","max-snippet":"max-snippet:-1","max-image-preview":"max-image-preview:large","max-video-preview":"max-video-preview:-1"},"canonical":"https:\/\/biolinecorp.ca\/de\/fruchtgemuse\/","og_locale":"de_DE","og_type":"article","og_title":"Fruiting Vegetables","og_description":"Application of BioLiNE\u00ae products drastically improves the transport and assimilation of nutrients and other plant beneficial compounds.","og_url":"https:\/\/biolinecorp.ca\/de\/fruchtgemuse\/","article_publisher":"https:\/\/www.facebook.com\/BiolineCorp\/","article_modified_time":"2023-09-12T14:33:14+00:00","og_image":[{"url":"https:\/\/biolinecorp.ca\/wp-content\/uploads\/2022\/03\/My-project-6-683x1024.png","type":"","width":"","height":""}],"twitter_card":"summary_large_image","twitter_site":"@BiolineCorp","twitter_misc":{"Gesch\u00e4tzte Lesezeit":"2\u00a0Minuten"},"schema":{"@context":"https:\/\/schema.org","@graph":[{"@type":"WebPage","@id":"https:\/\/biolinecorp.ca\/en_ca\/fruiting-vegetables\/","url":"https:\/\/biolinecorp.ca\/en_ca\/fruiting-vegetables\/","name":"Fruchtiges Gem\u00fcse -","isPartOf":{"@id":"https:\/\/biolinecorp.ca\/#website"},"primaryImageOfPage":{"@id":"https:\/\/biolinecorp.ca\/en_ca\/fruiting-vegetables\/#primaryimage"},"image":{"@id":"https:\/\/biolinecorp.ca\/en_ca\/fruiting-vegetables\/#primaryimage"},"thumbnailUrl":"https:\/\/biolinecorp.ca\/wp-content\/uploads\/2022\/03\/My-project-6-683x1024.png","datePublished":"2022-02-10T17:25:41+00:00","dateModified":"2023-09-12T14:33:14+00:00","description":"Die Anwendung von BioLiNE\u00ae-Produkten verbessert den Transport und die Aufnahme von N\u00e4hrstoffen und anderen f\u00fcr die Pflanzen n\u00fctzlichen Verbindungen drastisch.","breadcrumb":{"@id":"https:\/\/biolinecorp.ca\/en_ca\/fruiting-vegetables\/#breadcrumb"},"inLanguage":"de","potentialAction":[{"@type":"ReadAction","target":["https:\/\/biolinecorp.ca\/en_ca\/fruiting-vegetables\/"]}]},{"@type":"ImageObject","inLanguage":"de","@id":"https:\/\/biolinecorp.ca\/en_ca\/fruiting-vegetables\/#primaryimage","url":"https:\/\/biolinecorp.ca\/wp-content\/uploads\/2022\/03\/My-project-6-683x1024.png","contentUrl":"https:\/\/biolinecorp.ca\/wp-content\/uploads\/2022\/03\/My-project-6-683x1024.png"},{"@type":"BreadcrumbList","@id":"https:\/\/biolinecorp.ca\/en_ca\/fruiting-vegetables\/#breadcrumb","itemListElement":[{"@type":"ListItem","position":1,"name":"Home","item":"https:\/\/biolinecorp.ca\/en_ca\/"},{"@type":"ListItem","position":2,"name":"Fruiting Vegetables"}]},{"@type":"WebSite","@id":"https:\/\/biolinecorp.ca\/#website","url":"https:\/\/biolinecorp.ca\/","name":"BioLine Gesellschaft","description":"","publisher":{"@id":"https:\/\/biolinecorp.ca\/#organization"},"potentialAction":[{"@type":"SearchAction","target":{"@type":"EntryPoint","urlTemplate":"https:\/\/biolinecorp.ca\/?s={search_term_string}"},"query-input":{"@type":"PropertyValueSpecification","valueRequired":true,"valueName":"search_term_string"}}],"inLanguage":"de"},{"@type":"Organization","@id":"https:\/\/biolinecorp.ca\/#organization","name":"Bioline Gesellschaft","url":"https:\/\/biolinecorp.ca\/","logo":{"@type":"ImageObject","inLanguage":"de","@id":"https:\/\/biolinecorp.ca\/#\/schema\/logo\/image\/","url":"https:\/\/biolinecorp.ca\/wp-content\/uploads\/2018\/02\/Bioline_logo.png","contentUrl":"https:\/\/biolinecorp.ca\/wp-content\/uploads\/2018\/02\/Bioline_logo.png","width":667,"height":181,"caption":"Bioline Corporation"},"image":{"@id":"https:\/\/biolinecorp.ca\/#\/schema\/logo\/image\/"},"sameAs":["https:\/\/www.facebook.com\/BiolineCorp\/","https:\/\/x.com\/BiolineCorp","https:\/\/www.linkedin.com\/company\/bioline-corp\/","https:\/\/www.youtube.com\/channel\/UCpD4bbIdegjthmdriZ2SAow"]}]}},"_links":{"self":[{"href":"https:\/\/biolinecorp.ca\/de\/wp-json\/wp\/v2\/pages\/24089","targetHints":{"allow":["GET"]}}],"collection":[{"href":"https:\/\/biolinecorp.ca\/de\/wp-json\/wp\/v2\/pages"}],"about":[{"href":"https:\/\/biolinecorp.ca\/de\/wp-json\/wp\/v2\/types\/page"}],"author":[{"embeddable":true,"href":"https:\/\/biolinecorp.ca\/de\/wp-json\/wp\/v2\/users\/2"}],"replies":[{"embeddable":true,"href":"https:\/\/biolinecorp.ca\/de\/wp-json\/wp\/v2\/comments?post=24089"}],"version-history":[{"count":0,"href":"https:\/\/biolinecorp.ca\/de\/wp-json\/wp\/v2\/pages\/24089\/revisions"}],"wp:attachment":[{"href":"https:\/\/biolinecorp.ca\/de\/wp-json\/wp\/v2\/media?parent=24089"}],"curies":[{"name":"wp","href":"https:\/\/api.w.org\/{rel}","templated":true}]}}