{"id":24087,"date":"2022-02-10T12:25:16","date_gmt":"2022-02-10T17:25:16","guid":{"rendered":"https:\/\/biolinecorp.ca\/?page_id=24087"},"modified":"2023-09-12T10:36:38","modified_gmt":"2023-09-12T14:36:38","slug":"legumes","status":"publish","type":"page","link":"https:\/\/biolinecorp.ca\/de\/hulsenfruchte\/","title":{"rendered":"H\u00fclsenfr\u00fcchte"},"content":{"rendered":"<div style=\"height:50px\" aria-hidden=\"true\" class=\"wp-block-spacer\"><\/div>\n\n\n\n<h3 class=\"wp-block-heading\" id=\"h-how-does-bioline-help-legume-production\">Wie funktioniert BioLiNE<strong><sup>\u00ae<\/sup><\/strong> Hilfe f\u00fcr die Leguminosenproduktion?<\/h3>\n\n\n\n<h4 class=\"wp-block-heading\" id=\"h-beans-nuts-peas-and-lentils\">(Bohnen, N\u00fcsse, Erbsen und Linsen)<\/h4>\n\n\n\n<div style=\"height:25px\" aria-hidden=\"true\" class=\"wp-block-spacer\"><\/div>\n\n\n\n<div class=\"wp-block-columns is-layout-flex wp-container-core-columns-is-layout-9d6595d7 wp-block-columns-is-layout-flex\">\n<div class=\"wp-block-column is-layout-flow wp-block-column-is-layout-flow\" style=\"flex-basis:75%\">\n<p>BioLiNEs <a href=\"https:\/\/biolinecorp.ca\/de\/unsere-technologie\/\" target=\"_blank\" rel=\"noreferrer noopener\">Technologie<\/a> verbessert drastisch den Transport und die Aufnahme von N\u00e4hrstoffen und anderen f\u00fcr die Pflanze n\u00fctzlichen Verbindungen. Unser Vorteil ist die Kombination aus \u00fcberlegener Zelldurchl\u00e4ssigkeit, bioaktiver Chemie und beschleunigtem N\u00e4hrstoffaustausch. Unsere Technologie ist ein wirksames Instrument f\u00fcr den Pflanzenschutz, das Leguminosen gegen stressbedingte Schotenabbr\u00fcche wappnet und durch den verbesserten N\u00e4hrstofftransport die Samenf\u00fcllung f\u00f6rdert und so die Ertr\u00e4ge steigert. BioLiNE<strong><sup>\u00ae<\/sup><\/strong>&nbsp;Technologie kann in verschiedenen Phasen der Entwicklung von Leguminosen eingesetzt werden.<\/p>\n<\/div>\n\n\n\n<div class=\"wp-block-column is-vertically-aligned-center is-layout-flow wp-block-column-is-layout-flow\" style=\"flex-basis:25%\">\n<div class=\"wp-block-buttons is-content-justification-center is-layout-flex wp-container-core-buttons-is-layout-16018d1d wp-block-buttons-is-layout-flex\">\n<div class=\"wp-block-button aligncenter\"><a class=\"wp-block-button__link wp-element-button\" href=\"https:\/\/biolinecorp.ca\/wp-content\/uploads\/2022\/05\/20220504-Legume-Handout-V1.pdf\" target=\"_blank\" rel=\"noreferrer noopener\">Handout f\u00fcr H\u00fclsenfr\u00fcchte<\/a><\/div>\n<\/div>\n\n\n\n<div style=\"height:10px\" aria-hidden=\"true\" class=\"wp-block-spacer\"><\/div>\n\n\n\n<div class=\"wp-block-buttons is-content-justification-center is-layout-flex wp-container-core-buttons-is-layout-16018d1d wp-block-buttons-is-layout-flex\">\n<div class=\"wp-block-button\"><a class=\"wp-block-button__link wp-element-button\" href=\"https:\/\/biolinecorp.ca\/wp-content\/uploads\/2023\/04\/20220713-Bioline-Peanut-Flyer-FINAL.pdf\" target=\"_blank\" rel=\"noreferrer noopener\">Erdnuss Handout<\/a><\/div>\n<\/div>\n<\/div>\n<\/div>\n\n\n\n<div style=\"height:50px\" aria-hidden=\"true\" class=\"wp-block-spacer\"><\/div>\n\n\n<div class=\"w-heading heading-9 text-left\">\n    <div class=\"w-wrapper\">\n                 \n        <h2>           \n            <span>Ergebnisse der Studie<\/span>        <\/h2>\n                    <\/div>\n<\/div>\n\n\n\n<div style=\"height:25px\" aria-hidden=\"true\" class=\"wp-block-spacer\"><\/div>\n\n\n\n<h3 class=\"wp-block-heading has-large-font-size\" id=\"h-drought-stress-amelioration-wintering-hills-colony-2021\"><strong>Abhilfe bei Trockenstress \u00dcberwinterungsh\u00fcgel Kolonie 2021<\/strong><\/h3>\n\n\n\n<p>Der durchschnittliche Erbsenertrag in der s\u00fcdlichen Alberta lag 2020 bei 48,1 bu\/acre. Aufgrund eines intensiven D\u00fcrrejahres im Jahr 2021 sank dieser Durchschnittswert auf 18,9 bu\/acre (39% Ertrag) (<a href=\"https:\/\/open.alberta.ca\/dataset\/664f3ae9-db2a-4e84-91a8-59c7b379a050\/resource\/c2b9e699-667d-4ac1-87b6-bd1c9115c03c\/download\/af-itrb-alberta-crop-report-2021-10-05.pdf\" target=\"_blank\" rel=\"noreferrer noopener\">Alberta-Erntebericht<\/a>). <\/p>\n\n\n\n<p>Mit Anwendung von <a href=\"https:\/\/biolinecorp.ca\/de\/bioline-gold\/\" target=\"_blank\" rel=\"noreferrer noopener\">BioLiNE<strong><sup>\u00ae<\/sup><\/strong>&nbsp;Gold<\/a> Auf f\u00fcnf verschiedenen Betrieben in der Kolonie Wintering Hills stieg der durchschnittliche Weizenertrag auf 29,8 bu\/acre (62% Ertrag im Vergleich zu den Daten f\u00fcr 2020 und 57,7% mehr als der Bezirksdurchschnitt im Jahr 2021).<\/p>\n\n\n\n<div style=\"height:25px\" aria-hidden=\"true\" class=\"wp-block-spacer\"><\/div>\n\n\n\n<figure class=\"wp-block-image size-large is-style-default\"><img decoding=\"async\" width=\"1024\" height=\"102\" src=\"https:\/\/biolinecorp.ca\/wp-content\/uploads\/2022\/03\/Wintering-Hills-Field-Pea-1024x102.png\" alt=\"\" class=\"wp-image-25546\" srcset=\"https:\/\/biolinecorp.ca\/wp-content\/uploads\/2022\/03\/Wintering-Hills-Field-Pea-1024x102.png 1024w, https:\/\/biolinecorp.ca\/wp-content\/uploads\/2022\/03\/Wintering-Hills-Field-Pea-600x59.png 600w, https:\/\/biolinecorp.ca\/wp-content\/uploads\/2022\/03\/Wintering-Hills-Field-Pea-768x76.png 768w, https:\/\/biolinecorp.ca\/wp-content\/uploads\/2022\/03\/Wintering-Hills-Field-Pea-1536x152.png 1536w, https:\/\/biolinecorp.ca\/wp-content\/uploads\/2022\/03\/Wintering-Hills-Field-Pea-640x63.png 640w, https:\/\/biolinecorp.ca\/wp-content\/uploads\/2022\/03\/Wintering-Hills-Field-Pea-1280x127.png 1280w, https:\/\/biolinecorp.ca\/wp-content\/uploads\/2022\/03\/Wintering-Hills-Field-Pea.png 1876w\" sizes=\"(max-width: 1024px) 100vw, 1024px\" \/><\/figure>\n\n\n\n<div style=\"height:50px\" aria-hidden=\"true\" class=\"wp-block-spacer\"><\/div>\n\n\n\n<hr class=\"wp-block-separator has-css-opacity\"\/>\n\n\n\n<div style=\"height:50px\" aria-hidden=\"true\" class=\"wp-block-spacer\"><\/div>\n\n\n\n<h3 class=\"wp-block-heading has-large-font-size\" id=\"h-other-trials\">Andere Versuche<\/h3>\n\n\n\n<div style=\"height:10px\" aria-hidden=\"true\" class=\"wp-block-spacer\"><\/div>\n\n\n\n<p><strong>2020<\/strong> <strong>Felderbsen (<a href=\"https:\/\/npara.ca\/\" target=\"_blank\" rel=\"noreferrer noopener\">North Peace Applied Research Association<\/a> (NPARA), Alberta)<\/strong> - Die Ausbringung von BioLiNE Gold in der Furche und \u00fcber das Laub steigerte den Ertrag von 1,4 auf 2,1 bu\/ac<\/p>\n\n\n\n<p><strong>2018 Bohnen (<a href=\"http:\/\/srdlink.com\/\" target=\"_blank\" rel=\"noreferrer noopener\">Stoneville R&amp;D Inc.<\/a>)<\/strong> - Blattanwendung (8 Unzen) von BioLiNE<sup>\u00ae <\/sup>f\u00fchrte zu einer Reaktion von 5 bu\/ac gegen\u00fcber der Kontrolle (64 bis 69 bu\/ac)<\/p>\n\n\n\n<p><strong>2017 Bohnen (<a href=\"http:\/\/srdlink.com\/\" target=\"_blank\" rel=\"noreferrer noopener\">Stoneville R&amp;D Inc.<\/a>)<\/strong> - Blattanwendung (8 Unzen) von BioLiNE<sup>\u00ae <\/sup>mit Mangan (Mn) f\u00fchrte zu einem Anstieg der Mn-Konzentration im Gewebe um 9,3% und einer Ertragssteigerung um 3 bu\/ac<\/p>\n\n\n\n<head><!-- Global site tag (gtag.js) - Google Ads: 781808697 --> <script async src=\"https:\/\/www.googletagmanager.com\/gtag\/js?id=AW-781808697\"><\/script> <script> window.dataLayer = window.dataLayer || []; function gtag(){dataLayer.push(arguments);} gtag('js', new Date()); gtag('config', 'AW-781808697'); gtag('config', 'AW-781808697');<\/script> <\/head>","protected":false},"excerpt":{"rendered":"<p>How Does BioLiNE\u00ae Help Legume Production? (Beans, nuts, peas, and lentils) BioLiNE\u2019s technology drastically improves the transport and assimilation of nutrients and other plant beneficial compounds. Combining superior cell permeability, bioactive chemistry, and accelerated nutrient exchange is our advantage. Our technology is an effective crop management tool that armors legume crops against stress-induced pod abortions [&hellip;]<\/p>\n","protected":false},"author":2,"featured_media":0,"parent":0,"menu_order":9,"comment_status":"closed","ping_status":"closed","template":"","meta":{"_monsterinsights_skip_tracking":false,"_monsterinsights_sitenote_active":false,"_monsterinsights_sitenote_note":"","_monsterinsights_sitenote_category":0,"footnotes":""},"class_list":["post-24087","page","type-page","status-publish","hentry"],"yoast_head":"<!-- This site is optimized with the Yoast SEO Premium plugin v27.3 (Yoast SEO v27.3) - https:\/\/yoast.com\/product\/yoast-seo-premium-wordpress\/ -->\n<title>Legumes -<\/title>\n<meta name=\"description\" content=\"BioLiNE\u00ae\u00a0technology armors legume crops against stress-induced pod abortions and improved nutrient transport helps drive seed fill.\" \/>\n<meta name=\"robots\" content=\"index, follow, max-snippet:-1, max-image-preview:large, max-video-preview:-1\" \/>\n<link rel=\"canonical\" href=\"https:\/\/biolinecorp.ca\/de\/hulsenfruchte\/\" \/>\n<meta property=\"og:locale\" content=\"de_DE\" \/>\n<meta property=\"og:type\" content=\"article\" \/>\n<meta property=\"og:title\" content=\"Legumes\" \/>\n<meta property=\"og:description\" content=\"BioLiNE\u00ae\u00a0technology armors legume crops against stress-induced pod abortions and improved nutrient transport helps drive seed fill.\" \/>\n<meta property=\"og:url\" content=\"https:\/\/biolinecorp.ca\/de\/hulsenfruchte\/\" \/>\n<meta property=\"article:publisher\" content=\"https:\/\/www.facebook.com\/BiolineCorp\/\" \/>\n<meta property=\"article:modified_time\" content=\"2023-09-12T14:36:38+00:00\" \/>\n<meta property=\"og:image\" content=\"https:\/\/biolinecorp.ca\/wp-content\/uploads\/2022\/03\/Wintering-Hills-Field-Pea-1024x102.png\" \/>\n<meta name=\"twitter:card\" content=\"summary_large_image\" \/>\n<meta name=\"twitter:site\" content=\"@BiolineCorp\" \/>\n<meta name=\"twitter:label1\" content=\"Gesch\u00e4tzte Lesezeit\" \/>\n\t<meta name=\"twitter:data1\" content=\"2\u00a0Minuten\" \/>\n<script type=\"application\/ld+json\" class=\"yoast-schema-graph\">{\"@context\":\"https:\\\/\\\/schema.org\",\"@graph\":[{\"@type\":\"WebPage\",\"@id\":\"https:\\\/\\\/biolinecorp.ca\\\/en_ca\\\/legumes\\\/\",\"url\":\"https:\\\/\\\/biolinecorp.ca\\\/en_ca\\\/legumes\\\/\",\"name\":\"Legumes -\",\"isPartOf\":{\"@id\":\"https:\\\/\\\/biolinecorp.ca\\\/#website\"},\"primaryImageOfPage\":{\"@id\":\"https:\\\/\\\/biolinecorp.ca\\\/en_ca\\\/legumes\\\/#primaryimage\"},\"image\":{\"@id\":\"https:\\\/\\\/biolinecorp.ca\\\/en_ca\\\/legumes\\\/#primaryimage\"},\"thumbnailUrl\":\"https:\\\/\\\/biolinecorp.ca\\\/wp-content\\\/uploads\\\/2022\\\/03\\\/Wintering-Hills-Field-Pea-1024x102.png\",\"datePublished\":\"2022-02-10T17:25:16+00:00\",\"dateModified\":\"2023-09-12T14:36:38+00:00\",\"description\":\"BioLiNE\u00ae\u00a0technology armors legume crops against stress-induced pod abortions and improved nutrient transport helps drive seed fill.\",\"breadcrumb\":{\"@id\":\"https:\\\/\\\/biolinecorp.ca\\\/en_ca\\\/legumes\\\/#breadcrumb\"},\"inLanguage\":\"de\",\"potentialAction\":[{\"@type\":\"ReadAction\",\"target\":[\"https:\\\/\\\/biolinecorp.ca\\\/en_ca\\\/legumes\\\/\"]}]},{\"@type\":\"ImageObject\",\"inLanguage\":\"de\",\"@id\":\"https:\\\/\\\/biolinecorp.ca\\\/en_ca\\\/legumes\\\/#primaryimage\",\"url\":\"https:\\\/\\\/biolinecorp.ca\\\/wp-content\\\/uploads\\\/2022\\\/03\\\/Wintering-Hills-Field-Pea-1024x102.png\",\"contentUrl\":\"https:\\\/\\\/biolinecorp.ca\\\/wp-content\\\/uploads\\\/2022\\\/03\\\/Wintering-Hills-Field-Pea-1024x102.png\"},{\"@type\":\"BreadcrumbList\",\"@id\":\"https:\\\/\\\/biolinecorp.ca\\\/en_ca\\\/legumes\\\/#breadcrumb\",\"itemListElement\":[{\"@type\":\"ListItem\",\"position\":1,\"name\":\"Home\",\"item\":\"https:\\\/\\\/biolinecorp.ca\\\/en_ca\\\/\"},{\"@type\":\"ListItem\",\"position\":2,\"name\":\"Legumes\"}]},{\"@type\":\"WebSite\",\"@id\":\"https:\\\/\\\/biolinecorp.ca\\\/#website\",\"url\":\"https:\\\/\\\/biolinecorp.ca\\\/\",\"name\":\"BioLine Corporation\",\"description\":\"\",\"publisher\":{\"@id\":\"https:\\\/\\\/biolinecorp.ca\\\/#organization\"},\"potentialAction\":[{\"@type\":\"SearchAction\",\"target\":{\"@type\":\"EntryPoint\",\"urlTemplate\":\"https:\\\/\\\/biolinecorp.ca\\\/?s={search_term_string}\"},\"query-input\":{\"@type\":\"PropertyValueSpecification\",\"valueRequired\":true,\"valueName\":\"search_term_string\"}}],\"inLanguage\":\"de\"},{\"@type\":\"Organization\",\"@id\":\"https:\\\/\\\/biolinecorp.ca\\\/#organization\",\"name\":\"Bioline Corporation\",\"url\":\"https:\\\/\\\/biolinecorp.ca\\\/\",\"logo\":{\"@type\":\"ImageObject\",\"inLanguage\":\"de\",\"@id\":\"https:\\\/\\\/biolinecorp.ca\\\/#\\\/schema\\\/logo\\\/image\\\/\",\"url\":\"https:\\\/\\\/biolinecorp.ca\\\/wp-content\\\/uploads\\\/2018\\\/02\\\/Bioline_logo.png\",\"contentUrl\":\"https:\\\/\\\/biolinecorp.ca\\\/wp-content\\\/uploads\\\/2018\\\/02\\\/Bioline_logo.png\",\"width\":667,\"height\":181,\"caption\":\"Bioline Corporation\"},\"image\":{\"@id\":\"https:\\\/\\\/biolinecorp.ca\\\/#\\\/schema\\\/logo\\\/image\\\/\"},\"sameAs\":[\"https:\\\/\\\/www.facebook.com\\\/BiolineCorp\\\/\",\"https:\\\/\\\/x.com\\\/BiolineCorp\",\"https:\\\/\\\/www.linkedin.com\\\/company\\\/bioline-corp\\\/\",\"https:\\\/\\\/www.youtube.com\\\/channel\\\/UCpD4bbIdegjthmdriZ2SAow\"]}]}<\/script>\n<!-- \/ Yoast SEO Premium plugin. -->","yoast_head_json":{"title":"H\u00fclsenfr\u00fcchte -","description":"Die BioLiNE\u00ae Technologie wappnet H\u00fclsenfr\u00fcchte gegen stressbedingte Schotenabbr\u00fcche, und ein verbesserter N\u00e4hrstofftransport f\u00f6rdert die Samenf\u00fcllung.","robots":{"index":"index","follow":"follow","max-snippet":"max-snippet:-1","max-image-preview":"max-image-preview:large","max-video-preview":"max-video-preview:-1"},"canonical":"https:\/\/biolinecorp.ca\/de\/hulsenfruchte\/","og_locale":"de_DE","og_type":"article","og_title":"Legumes","og_description":"BioLiNE\u00ae\u00a0technology armors legume crops against stress-induced pod abortions and improved nutrient transport helps drive seed fill.","og_url":"https:\/\/biolinecorp.ca\/de\/hulsenfruchte\/","article_publisher":"https:\/\/www.facebook.com\/BiolineCorp\/","article_modified_time":"2023-09-12T14:36:38+00:00","og_image":[{"url":"https:\/\/biolinecorp.ca\/wp-content\/uploads\/2022\/03\/Wintering-Hills-Field-Pea-1024x102.png","type":"","width":"","height":""}],"twitter_card":"summary_large_image","twitter_site":"@BiolineCorp","twitter_misc":{"Gesch\u00e4tzte Lesezeit":"2\u00a0Minuten"},"schema":{"@context":"https:\/\/schema.org","@graph":[{"@type":"WebPage","@id":"https:\/\/biolinecorp.ca\/en_ca\/legumes\/","url":"https:\/\/biolinecorp.ca\/en_ca\/legumes\/","name":"H\u00fclsenfr\u00fcchte -","isPartOf":{"@id":"https:\/\/biolinecorp.ca\/#website"},"primaryImageOfPage":{"@id":"https:\/\/biolinecorp.ca\/en_ca\/legumes\/#primaryimage"},"image":{"@id":"https:\/\/biolinecorp.ca\/en_ca\/legumes\/#primaryimage"},"thumbnailUrl":"https:\/\/biolinecorp.ca\/wp-content\/uploads\/2022\/03\/Wintering-Hills-Field-Pea-1024x102.png","datePublished":"2022-02-10T17:25:16+00:00","dateModified":"2023-09-12T14:36:38+00:00","description":"Die BioLiNE\u00ae Technologie wappnet H\u00fclsenfr\u00fcchte gegen stressbedingte Schotenabbr\u00fcche, und ein verbesserter N\u00e4hrstofftransport f\u00f6rdert die Samenf\u00fcllung.","breadcrumb":{"@id":"https:\/\/biolinecorp.ca\/en_ca\/legumes\/#breadcrumb"},"inLanguage":"de","potentialAction":[{"@type":"ReadAction","target":["https:\/\/biolinecorp.ca\/en_ca\/legumes\/"]}]},{"@type":"ImageObject","inLanguage":"de","@id":"https:\/\/biolinecorp.ca\/en_ca\/legumes\/#primaryimage","url":"https:\/\/biolinecorp.ca\/wp-content\/uploads\/2022\/03\/Wintering-Hills-Field-Pea-1024x102.png","contentUrl":"https:\/\/biolinecorp.ca\/wp-content\/uploads\/2022\/03\/Wintering-Hills-Field-Pea-1024x102.png"},{"@type":"BreadcrumbList","@id":"https:\/\/biolinecorp.ca\/en_ca\/legumes\/#breadcrumb","itemListElement":[{"@type":"ListItem","position":1,"name":"Home","item":"https:\/\/biolinecorp.ca\/en_ca\/"},{"@type":"ListItem","position":2,"name":"Legumes"}]},{"@type":"WebSite","@id":"https:\/\/biolinecorp.ca\/#website","url":"https:\/\/biolinecorp.ca\/","name":"BioLine Gesellschaft","description":"","publisher":{"@id":"https:\/\/biolinecorp.ca\/#organization"},"potentialAction":[{"@type":"SearchAction","target":{"@type":"EntryPoint","urlTemplate":"https:\/\/biolinecorp.ca\/?s={search_term_string}"},"query-input":{"@type":"PropertyValueSpecification","valueRequired":true,"valueName":"search_term_string"}}],"inLanguage":"de"},{"@type":"Organization","@id":"https:\/\/biolinecorp.ca\/#organization","name":"Bioline Gesellschaft","url":"https:\/\/biolinecorp.ca\/","logo":{"@type":"ImageObject","inLanguage":"de","@id":"https:\/\/biolinecorp.ca\/#\/schema\/logo\/image\/","url":"https:\/\/biolinecorp.ca\/wp-content\/uploads\/2018\/02\/Bioline_logo.png","contentUrl":"https:\/\/biolinecorp.ca\/wp-content\/uploads\/2018\/02\/Bioline_logo.png","width":667,"height":181,"caption":"Bioline Corporation"},"image":{"@id":"https:\/\/biolinecorp.ca\/#\/schema\/logo\/image\/"},"sameAs":["https:\/\/www.facebook.com\/BiolineCorp\/","https:\/\/x.com\/BiolineCorp","https:\/\/www.linkedin.com\/company\/bioline-corp\/","https:\/\/www.youtube.com\/channel\/UCpD4bbIdegjthmdriZ2SAow"]}]}},"_links":{"self":[{"href":"https:\/\/biolinecorp.ca\/de\/wp-json\/wp\/v2\/pages\/24087","targetHints":{"allow":["GET"]}}],"collection":[{"href":"https:\/\/biolinecorp.ca\/de\/wp-json\/wp\/v2\/pages"}],"about":[{"href":"https:\/\/biolinecorp.ca\/de\/wp-json\/wp\/v2\/types\/page"}],"author":[{"embeddable":true,"href":"https:\/\/biolinecorp.ca\/de\/wp-json\/wp\/v2\/users\/2"}],"replies":[{"embeddable":true,"href":"https:\/\/biolinecorp.ca\/de\/wp-json\/wp\/v2\/comments?post=24087"}],"version-history":[{"count":0,"href":"https:\/\/biolinecorp.ca\/de\/wp-json\/wp\/v2\/pages\/24087\/revisions"}],"wp:attachment":[{"href":"https:\/\/biolinecorp.ca\/de\/wp-json\/wp\/v2\/media?parent=24087"}],"curies":[{"name":"wp","href":"https:\/\/api.w.org\/{rel}","templated":true}]}}