{"id":24083,"date":"2022-02-10T12:24:25","date_gmt":"2022-02-10T17:24:25","guid":{"rendered":"https:\/\/biolinecorp.ca\/?page_id=24083"},"modified":"2023-09-12T10:09:30","modified_gmt":"2023-09-12T14:09:30","slug":"leafy-vegetables","status":"publish","type":"page","link":"https:\/\/biolinecorp.ca\/de\/blattgemuse\/","title":{"rendered":"Blattgem\u00fcse"},"content":{"rendered":"<div style=\"height:50px\" aria-hidden=\"true\" class=\"wp-block-spacer\"><\/div>\n\n\n\n<h3 class=\"wp-block-heading has-large-font-size\" id=\"h-how-does-bioline-help-leafy-vegetable-production\">Wie funktioniert BioLiNE<strong><sup>\u00ae<\/sup><\/strong> Helfen Sie bei der Produktion von Blattgem\u00fcse?<\/h3>\n\n\n\n<h4 class=\"wp-block-heading\" id=\"h-lettuce-herbs-spinach-arugula-swiss-chard-etc\">(Salat, Kr\u00e4uter, Spinat, Rucola, Mangold, usw.)<\/h4>\n\n\n\n<div style=\"height:25px\" aria-hidden=\"true\" class=\"wp-block-spacer\"><\/div>\n\n\n\n<p>Ob im Hydrokulturanbau oder auf dem Feld, BioLiNE<strong><sup>\u00ae<\/sup><\/strong> Fulvos\u00e4ure transportiert und assimiliert N\u00e4hrstoffe und andere n\u00fctzliche Pflanzeninhaltsstoffe effizienter. BioLiNE<strong><sup>\u00ae<\/sup><\/strong> <a href=\"https:\/\/biolinecorp.ca\/de\/unsere-produkte\/\" target=\"_blank\" rel=\"noreferrer noopener\">Produkte<\/a> die Gesundheit der Pflanzen w\u00e4hrend ihres gesamten Lebenszyklus von der Aussaat bis zur Ernte zu verbessern. Die BioLiNE<strong><sup>\u00ae<\/sup><\/strong> Produkte liefern Elektrolyte und stellen das elektrochemische Gleichgewicht in Pflanzen her. Das Ergebnis ist ein schnelles und gleichm\u00e4\u00dfiges Wachstum mit erh\u00f6hten nat\u00fcrlichen Abwehrkr\u00e4ften gegen Stress. <\/p>\n\n\n\n<div style=\"height:50px\" aria-hidden=\"true\" class=\"wp-block-spacer\"><\/div>\n\n\n<div class=\"w-heading heading-9 text-left\">\n    <div class=\"w-wrapper\">\n                 \n        <h2>           \n            <span>Ergebnisse der Studie<\/span>        <\/h2>\n                    <\/div>\n<\/div>\n\n\n\n<div style=\"height:50px\" aria-hidden=\"true\" class=\"wp-block-spacer\"><\/div>\n\n\n\n<div class=\"wp-block-media-text alignwide is-stacked-on-mobile\" style=\"grid-template-columns:26% auto\"><figure class=\"wp-block-media-text__media\"><img decoding=\"async\" width=\"663\" height=\"1024\" src=\"https:\/\/biolinecorp.ca\/wp-content\/uploads\/2022\/02\/Lettuce-Hydroponics-663x1024.png\" alt=\"\" class=\"wp-image-24840 size-full\" srcset=\"https:\/\/biolinecorp.ca\/wp-content\/uploads\/2022\/02\/Lettuce-Hydroponics-663x1024.png 663w, https:\/\/biolinecorp.ca\/wp-content\/uploads\/2022\/02\/Lettuce-Hydroponics-388x600.png 388w, https:\/\/biolinecorp.ca\/wp-content\/uploads\/2022\/02\/Lettuce-Hydroponics-768x1187.png 768w, https:\/\/biolinecorp.ca\/wp-content\/uploads\/2022\/02\/Lettuce-Hydroponics-994x1536.png 994w, https:\/\/biolinecorp.ca\/wp-content\/uploads\/2022\/02\/Lettuce-Hydroponics-1325x2048.png 1325w, https:\/\/biolinecorp.ca\/wp-content\/uploads\/2022\/02\/Lettuce-Hydroponics-640x989.png 640w, https:\/\/biolinecorp.ca\/wp-content\/uploads\/2022\/02\/Lettuce-Hydroponics-1280x1978.png 1280w\" sizes=\"(max-width: 663px) 100vw, 663px\" \/><\/figure><div class=\"wp-block-media-text__content\">\n<h2 class=\"wp-block-heading has-large-font-size\" id=\"h-overcoming-nutrient-insufficiency-dwc\">N\u00e4hrstoffmangel \u00fcberwinden - DWC<\/h2>\n\n\n\n<p style=\"font-size:18px\">BioLiNE<strong><sup>\u00ae<\/sup><\/strong> <a href=\"https:\/\/biolinecorp.ca\/de\/unsere-produkte\/\" target=\"_blank\" rel=\"noreferrer noopener\">Produkte<\/a> kann ein n\u00fctzliches Hilfsmittel f\u00fcr hydroponische Systeme sein. Kopfsalat, der in einem hydroponischen System mit Tiefenwasserkultur angebaut wurde, erhielt 25% der erforderlichen Makro- und Mikron\u00e4hrstoffe. Die Ergebnisse zeigten eine Steigerung des Gesamtwachstums um 17% im Vergleich zu Pflanzen, die optimale N\u00e4hrstoffmengen erhielten, und eine Steigerung um 36% im Vergleich zu Salat, der nur 25% N\u00e4hrstoffe erhielt. Dies ist darauf zur\u00fcckzuf\u00fchren, dass BioLiNE<strong><sup>\u00ae<\/sup><\/strong> Fulvos\u00e4ure wirkt als effizienter N\u00e4hrstofftransporteur in Hydrokulturl\u00f6sungen, wenn der N\u00e4hrstoffgehalt niedrig ist, um das Wachstum zu maximieren. <\/p>\n\n\n\n<div style=\"height:20px\" aria-hidden=\"true\" class=\"wp-block-spacer\"><\/div>\n\n\n\n<figure class=\"wp-block-image size-full is-style-default\"><img decoding=\"async\" width=\"745\" height=\"161\" src=\"https:\/\/biolinecorp.ca\/wp-content\/uploads\/2022\/03\/Hydroponics-1.png\" alt=\"\" class=\"wp-image-25324\" srcset=\"https:\/\/biolinecorp.ca\/wp-content\/uploads\/2022\/03\/Hydroponics-1.png 745w, https:\/\/biolinecorp.ca\/wp-content\/uploads\/2022\/03\/Hydroponics-1-600x130.png 600w, https:\/\/biolinecorp.ca\/wp-content\/uploads\/2022\/03\/Hydroponics-1-640x138.png 640w\" sizes=\"(max-width: 745px) 100vw, 745px\" \/><\/figure>\n<\/div><\/div>\n\n\n\n<div style=\"height:50px\" aria-hidden=\"true\" class=\"wp-block-spacer\"><\/div>\n\n\n\n<hr class=\"wp-block-separator has-css-opacity\"\/>\n\n\n\n<div style=\"height:50px\" aria-hidden=\"true\" class=\"wp-block-spacer\"><\/div>\n\n\n\n<h2 class=\"wp-block-heading has-large-font-size\" id=\"h-overcoming-high-salinity-dwc\">\u00dcberwindung eines hohen Salzgehalts - DWC<\/h2>\n\n\n\n<div style=\"height:25px\" aria-hidden=\"true\" class=\"wp-block-spacer\"><\/div>\n\n\n\n<p>BioLiNE<strong><sup>\u00ae<\/sup><\/strong> <a href=\"https:\/\/biolinecorp.ca\/de\/unsere-produkte\/\" target=\"_blank\" rel=\"noreferrer noopener\">Produkte<\/a> wurden unter hohen Salzkonzentrationen getestet. Der Salzgehalt kann in hohen Konzentrationen sch\u00e4dlich f\u00fcr eine Pflanze sein. Aufgrund ihrer geringen Gr\u00f6\u00dfe k\u00f6nnen Natrium- und Chloridionen leicht vor anderen n\u00fctzlichen Ionen in die Pflanze eindringen, wodurch es f\u00fcr die Pflanze schwieriger wird, die ben\u00f6tigten N\u00e4hrstoffe zu erhalten.  Die Anh\u00e4ufung von Natrium und Chlorid und anderen Schwermetallen in den Pflanzen kann toxische Werte erreichen, die ein verk\u00fcmmertes Wachstum und eine gest\u00f6rte Zellentwicklung verursachen. Fulvos\u00e4ure kann dazu beitragen, die Auswirkungen von Salzstress auf Pflanzen zu mildern, indem sie die Salztoleranz verbessert. Dazu gleicht sie den N\u00e4hrstoffgehalt aus und stabilisiert Substanzen, die f\u00fcr die Pflanze giftig sind. <\/p>\n\n\n\n<p>In einer stark salzhaltigen Umgebung ist die Zugabe von 300 ppm <a href=\"https:\/\/biolinecorp.ca\/de\/bioline-gold\/\" target=\"_blank\" rel=\"noreferrer noopener\">BioLiNE Gold<\/a> erh\u00f6hte den Ertrag von Kopfsalat um 262%. In einer Umgebung mit hohem Kupfergehalt sank der Ertrag von Basilikum im Vergleich zu einer Kontrolle mit normalem Kupfergehalt um 39%. Bei einer Behandlung mit BioLiNE Gold stieg das Wachstum der Basilikumpflanzen jedoch um 105% im Vergleich zur Kontrolle. <\/p>\n\n\n\n<div style=\"height:25px\" aria-hidden=\"true\" class=\"wp-block-spacer\"><\/div>\n\n\n\n<div class=\"wp-block-columns is-layout-flex wp-container-core-columns-is-layout-9d6595d7 wp-block-columns-is-layout-flex\">\n<div class=\"wp-block-column is-layout-flow wp-block-column-is-layout-flow\">\n<figure class=\"wp-block-image size-large is-style-default\"><img decoding=\"async\" width=\"1024\" height=\"686\" src=\"https:\/\/biolinecorp.ca\/wp-content\/uploads\/2022\/02\/Lettuce-1-1-e1645542588621-1024x686.png\" alt=\"\" class=\"wp-image-24850\" srcset=\"https:\/\/biolinecorp.ca\/wp-content\/uploads\/2022\/02\/Lettuce-1-1-e1645542588621-1024x686.png 1024w, https:\/\/biolinecorp.ca\/wp-content\/uploads\/2022\/02\/Lettuce-1-1-e1645542588621-600x402.png 600w, https:\/\/biolinecorp.ca\/wp-content\/uploads\/2022\/02\/Lettuce-1-1-e1645542588621-768x514.png 768w, https:\/\/biolinecorp.ca\/wp-content\/uploads\/2022\/02\/Lettuce-1-1-e1645542588621-640x429.png 640w, https:\/\/biolinecorp.ca\/wp-content\/uploads\/2022\/02\/Lettuce-1-1-e1645542588621-1280x857.png 1280w, https:\/\/biolinecorp.ca\/wp-content\/uploads\/2022\/02\/Lettuce-1-1-e1645542588621.png 1342w\" sizes=\"(max-width: 1024px) 100vw, 1024px\" \/><figcaption class=\"wp-element-caption\">Kontrolle - Hoagland's N\u00e4hrstoffl\u00f6sung + 4500ppm NaCl*<\/figcaption><\/figure>\n\n\n\n<p class=\"has-small-font-size\">*In den ersten 10 Tagen der Studie schrittweise hinzugef\u00fcgt<\/p>\n<\/div>\n\n\n\n<div class=\"wp-block-column is-layout-flow wp-block-column-is-layout-flow\">\n<figure class=\"wp-block-image size-large is-style-default\"><img decoding=\"async\" width=\"1024\" height=\"701\" src=\"https:\/\/biolinecorp.ca\/wp-content\/uploads\/2022\/02\/Lettuce-2-e1645542503432-1024x701.png\" alt=\"\" class=\"wp-image-24851\" srcset=\"https:\/\/biolinecorp.ca\/wp-content\/uploads\/2022\/02\/Lettuce-2-e1645542503432-1024x701.png 1024w, https:\/\/biolinecorp.ca\/wp-content\/uploads\/2022\/02\/Lettuce-2-e1645542503432-600x411.png 600w, https:\/\/biolinecorp.ca\/wp-content\/uploads\/2022\/02\/Lettuce-2-e1645542503432-768x526.png 768w, https:\/\/biolinecorp.ca\/wp-content\/uploads\/2022\/02\/Lettuce-2-e1645542503432-640x438.png 640w, https:\/\/biolinecorp.ca\/wp-content\/uploads\/2022\/02\/Lettuce-2-e1645542503432-1280x876.png 1280w, https:\/\/biolinecorp.ca\/wp-content\/uploads\/2022\/02\/Lettuce-2-e1645542503432.png 1312w\" sizes=\"(max-width: 1024px) 100vw, 1024px\" \/><figcaption class=\"wp-element-caption\">Hoagland's N\u00e4hrstoffl\u00f6sung + 4500ppm NaCl* + 300ppm BioLiNE<strong><sup>\u00ae<\/sup><\/strong><\/figcaption><\/figure>\n\n\n\n<p class=\"has-small-font-size\">*In den ersten 10 Tagen der Studie schrittweise hinzugef\u00fcgt<\/p>\n<\/div>\n\n\n\n<div class=\"wp-block-column is-layout-flow wp-block-column-is-layout-flow\">\n<figure class=\"wp-block-image size-full is-style-default\"><img decoding=\"async\" width=\"532\" height=\"361\" src=\"https:\/\/biolinecorp.ca\/wp-content\/uploads\/2022\/02\/Copper-1.png\" alt=\"\" class=\"wp-image-24852\"\/><figcaption class=\"wp-element-caption\">Kontrolle - Hoagland's mit 20-facher Kupferkonzentration<\/figcaption><\/figure>\n<\/div>\n\n\n\n<div class=\"wp-block-column is-layout-flow wp-block-column-is-layout-flow\">\n<figure class=\"wp-block-image size-full is-style-default\"><img decoding=\"async\" width=\"532\" height=\"361\" src=\"https:\/\/biolinecorp.ca\/wp-content\/uploads\/2022\/02\/Copper-2.png\" alt=\"\" class=\"wp-image-24853\"\/><figcaption class=\"wp-element-caption\">Hoagland's mit 20x Kupferkonzentration + 300ppm BioLiNE<strong><sup>\u00ae<\/sup><\/strong><\/figcaption><\/figure>\n<\/div>\n<\/div>\n\n\n\n<head><!-- Global site tag (gtag.js) - Google Ads: 781808697 --> <script async src=\"https:\/\/www.googletagmanager.com\/gtag\/js?id=AW-781808697\"><\/script> <script> window.dataLayer = window.dataLayer || []; function gtag(){dataLayer.push(arguments);} gtag('js', new Date()); gtag('config', 'AW-781808697'); gtag('config', 'AW-781808697');<\/script> <\/head>","protected":false},"excerpt":{"rendered":"<p>How Does BioLiNE\u00ae Help Leafy Vegetable Production? (Lettuce, herbs, spinach, arugula, swiss chard, etc.) Whether grown hydroponically or out in the field, BioLiNE\u00ae fulvic acid transports and assimilates nutrients, and other plant beneficial ingredients more efficiently. BioLiNE\u00ae products enhance crop health through their entire life-cycle from seeding to harvest. The BioLiNE\u00ae products supply electrolytes and [&hellip;]<\/p>\n","protected":false},"author":2,"featured_media":0,"parent":0,"menu_order":5,"comment_status":"closed","ping_status":"closed","template":"","meta":{"_monsterinsights_skip_tracking":false,"_monsterinsights_sitenote_active":false,"_monsterinsights_sitenote_note":"","_monsterinsights_sitenote_category":0,"footnotes":""},"class_list":["post-24083","page","type-page","status-publish","hentry"],"yoast_head":"<!-- This site is optimized with the Yoast SEO Premium plugin v27.3 (Yoast SEO v27.3) - https:\/\/yoast.com\/product\/yoast-seo-premium-wordpress\/ -->\n<title>Leafy Vegetables -<\/title>\n<meta name=\"description\" content=\"Whether grown hydroponically or out in the field, BioLiNE\u00ae transports nutrients, and other plant beneficial ingredients more efficiently.\" \/>\n<meta name=\"robots\" content=\"index, follow, max-snippet:-1, max-image-preview:large, max-video-preview:-1\" \/>\n<link rel=\"canonical\" href=\"https:\/\/biolinecorp.ca\/de\/blattgemuse\/\" \/>\n<meta property=\"og:locale\" content=\"de_DE\" \/>\n<meta property=\"og:type\" content=\"article\" \/>\n<meta property=\"og:title\" content=\"Leafy Vegetables\" \/>\n<meta property=\"og:description\" content=\"Whether grown hydroponically or out in the field, BioLiNE\u00ae transports nutrients, and other plant beneficial ingredients more efficiently.\" \/>\n<meta property=\"og:url\" content=\"https:\/\/biolinecorp.ca\/de\/blattgemuse\/\" \/>\n<meta property=\"article:publisher\" content=\"https:\/\/www.facebook.com\/BiolineCorp\/\" \/>\n<meta property=\"article:modified_time\" content=\"2023-09-12T14:09:30+00:00\" \/>\n<meta property=\"og:image\" content=\"https:\/\/biolinecorp.ca\/wp-content\/uploads\/2022\/02\/Lettuce-Hydroponics-663x1024.png\" \/>\n<meta name=\"twitter:card\" content=\"summary_large_image\" \/>\n<meta name=\"twitter:site\" content=\"@BiolineCorp\" \/>\n<meta name=\"twitter:label1\" content=\"Gesch\u00e4tzte Lesezeit\" \/>\n\t<meta name=\"twitter:data1\" content=\"3\u00a0Minuten\" \/>\n<script type=\"application\/ld+json\" class=\"yoast-schema-graph\">{\"@context\":\"https:\\\/\\\/schema.org\",\"@graph\":[{\"@type\":\"WebPage\",\"@id\":\"https:\\\/\\\/biolinecorp.ca\\\/en_ca\\\/leafy-vegetables\\\/\",\"url\":\"https:\\\/\\\/biolinecorp.ca\\\/en_ca\\\/leafy-vegetables\\\/\",\"name\":\"Leafy Vegetables -\",\"isPartOf\":{\"@id\":\"https:\\\/\\\/biolinecorp.ca\\\/#website\"},\"primaryImageOfPage\":{\"@id\":\"https:\\\/\\\/biolinecorp.ca\\\/en_ca\\\/leafy-vegetables\\\/#primaryimage\"},\"image\":{\"@id\":\"https:\\\/\\\/biolinecorp.ca\\\/en_ca\\\/leafy-vegetables\\\/#primaryimage\"},\"thumbnailUrl\":\"https:\\\/\\\/biolinecorp.ca\\\/wp-content\\\/uploads\\\/2022\\\/02\\\/Lettuce-Hydroponics-663x1024.png\",\"datePublished\":\"2022-02-10T17:24:25+00:00\",\"dateModified\":\"2023-09-12T14:09:30+00:00\",\"description\":\"Whether grown hydroponically or out in the field, BioLiNE\u00ae transports nutrients, and other plant beneficial ingredients more efficiently.\",\"breadcrumb\":{\"@id\":\"https:\\\/\\\/biolinecorp.ca\\\/en_ca\\\/leafy-vegetables\\\/#breadcrumb\"},\"inLanguage\":\"de\",\"potentialAction\":[{\"@type\":\"ReadAction\",\"target\":[\"https:\\\/\\\/biolinecorp.ca\\\/en_ca\\\/leafy-vegetables\\\/\"]}]},{\"@type\":\"ImageObject\",\"inLanguage\":\"de\",\"@id\":\"https:\\\/\\\/biolinecorp.ca\\\/en_ca\\\/leafy-vegetables\\\/#primaryimage\",\"url\":\"https:\\\/\\\/biolinecorp.ca\\\/wp-content\\\/uploads\\\/2022\\\/02\\\/Lettuce-Hydroponics-663x1024.png\",\"contentUrl\":\"https:\\\/\\\/biolinecorp.ca\\\/wp-content\\\/uploads\\\/2022\\\/02\\\/Lettuce-Hydroponics-663x1024.png\"},{\"@type\":\"BreadcrumbList\",\"@id\":\"https:\\\/\\\/biolinecorp.ca\\\/en_ca\\\/leafy-vegetables\\\/#breadcrumb\",\"itemListElement\":[{\"@type\":\"ListItem\",\"position\":1,\"name\":\"Home\",\"item\":\"https:\\\/\\\/biolinecorp.ca\\\/en_ca\\\/\"},{\"@type\":\"ListItem\",\"position\":2,\"name\":\"Leafy Vegetables\"}]},{\"@type\":\"WebSite\",\"@id\":\"https:\\\/\\\/biolinecorp.ca\\\/#website\",\"url\":\"https:\\\/\\\/biolinecorp.ca\\\/\",\"name\":\"BioLine Corporation\",\"description\":\"\",\"publisher\":{\"@id\":\"https:\\\/\\\/biolinecorp.ca\\\/#organization\"},\"potentialAction\":[{\"@type\":\"SearchAction\",\"target\":{\"@type\":\"EntryPoint\",\"urlTemplate\":\"https:\\\/\\\/biolinecorp.ca\\\/?s={search_term_string}\"},\"query-input\":{\"@type\":\"PropertyValueSpecification\",\"valueRequired\":true,\"valueName\":\"search_term_string\"}}],\"inLanguage\":\"de\"},{\"@type\":\"Organization\",\"@id\":\"https:\\\/\\\/biolinecorp.ca\\\/#organization\",\"name\":\"Bioline Corporation\",\"url\":\"https:\\\/\\\/biolinecorp.ca\\\/\",\"logo\":{\"@type\":\"ImageObject\",\"inLanguage\":\"de\",\"@id\":\"https:\\\/\\\/biolinecorp.ca\\\/#\\\/schema\\\/logo\\\/image\\\/\",\"url\":\"https:\\\/\\\/biolinecorp.ca\\\/wp-content\\\/uploads\\\/2018\\\/02\\\/Bioline_logo.png\",\"contentUrl\":\"https:\\\/\\\/biolinecorp.ca\\\/wp-content\\\/uploads\\\/2018\\\/02\\\/Bioline_logo.png\",\"width\":667,\"height\":181,\"caption\":\"Bioline Corporation\"},\"image\":{\"@id\":\"https:\\\/\\\/biolinecorp.ca\\\/#\\\/schema\\\/logo\\\/image\\\/\"},\"sameAs\":[\"https:\\\/\\\/www.facebook.com\\\/BiolineCorp\\\/\",\"https:\\\/\\\/x.com\\\/BiolineCorp\",\"https:\\\/\\\/www.linkedin.com\\\/company\\\/bioline-corp\\\/\",\"https:\\\/\\\/www.youtube.com\\\/channel\\\/UCpD4bbIdegjthmdriZ2SAow\"]}]}<\/script>\n<!-- \/ Yoast SEO Premium plugin. -->","yoast_head_json":{"title":"Blattgem\u00fcse -","description":"Ob im Hydrokulturanbau oder auf dem Feld, BioLiNE\u00ae transportiert N\u00e4hrstoffe und andere pflanzenf\u00f6rdernde Inhaltsstoffe effizienter.","robots":{"index":"index","follow":"follow","max-snippet":"max-snippet:-1","max-image-preview":"max-image-preview:large","max-video-preview":"max-video-preview:-1"},"canonical":"https:\/\/biolinecorp.ca\/de\/blattgemuse\/","og_locale":"de_DE","og_type":"article","og_title":"Leafy Vegetables","og_description":"Whether grown hydroponically or out in the field, BioLiNE\u00ae transports nutrients, and other plant beneficial ingredients more efficiently.","og_url":"https:\/\/biolinecorp.ca\/de\/blattgemuse\/","article_publisher":"https:\/\/www.facebook.com\/BiolineCorp\/","article_modified_time":"2023-09-12T14:09:30+00:00","og_image":[{"url":"https:\/\/biolinecorp.ca\/wp-content\/uploads\/2022\/02\/Lettuce-Hydroponics-663x1024.png","type":"","width":"","height":""}],"twitter_card":"summary_large_image","twitter_site":"@BiolineCorp","twitter_misc":{"Gesch\u00e4tzte Lesezeit":"3\u00a0Minuten"},"schema":{"@context":"https:\/\/schema.org","@graph":[{"@type":"WebPage","@id":"https:\/\/biolinecorp.ca\/en_ca\/leafy-vegetables\/","url":"https:\/\/biolinecorp.ca\/en_ca\/leafy-vegetables\/","name":"Blattgem\u00fcse -","isPartOf":{"@id":"https:\/\/biolinecorp.ca\/#website"},"primaryImageOfPage":{"@id":"https:\/\/biolinecorp.ca\/en_ca\/leafy-vegetables\/#primaryimage"},"image":{"@id":"https:\/\/biolinecorp.ca\/en_ca\/leafy-vegetables\/#primaryimage"},"thumbnailUrl":"https:\/\/biolinecorp.ca\/wp-content\/uploads\/2022\/02\/Lettuce-Hydroponics-663x1024.png","datePublished":"2022-02-10T17:24:25+00:00","dateModified":"2023-09-12T14:09:30+00:00","description":"Ob im Hydrokulturanbau oder auf dem Feld, BioLiNE\u00ae transportiert N\u00e4hrstoffe und andere pflanzenf\u00f6rdernde Inhaltsstoffe effizienter.","breadcrumb":{"@id":"https:\/\/biolinecorp.ca\/en_ca\/leafy-vegetables\/#breadcrumb"},"inLanguage":"de","potentialAction":[{"@type":"ReadAction","target":["https:\/\/biolinecorp.ca\/en_ca\/leafy-vegetables\/"]}]},{"@type":"ImageObject","inLanguage":"de","@id":"https:\/\/biolinecorp.ca\/en_ca\/leafy-vegetables\/#primaryimage","url":"https:\/\/biolinecorp.ca\/wp-content\/uploads\/2022\/02\/Lettuce-Hydroponics-663x1024.png","contentUrl":"https:\/\/biolinecorp.ca\/wp-content\/uploads\/2022\/02\/Lettuce-Hydroponics-663x1024.png"},{"@type":"BreadcrumbList","@id":"https:\/\/biolinecorp.ca\/en_ca\/leafy-vegetables\/#breadcrumb","itemListElement":[{"@type":"ListItem","position":1,"name":"Home","item":"https:\/\/biolinecorp.ca\/en_ca\/"},{"@type":"ListItem","position":2,"name":"Leafy Vegetables"}]},{"@type":"WebSite","@id":"https:\/\/biolinecorp.ca\/#website","url":"https:\/\/biolinecorp.ca\/","name":"BioLine Gesellschaft","description":"","publisher":{"@id":"https:\/\/biolinecorp.ca\/#organization"},"potentialAction":[{"@type":"SearchAction","target":{"@type":"EntryPoint","urlTemplate":"https:\/\/biolinecorp.ca\/?s={search_term_string}"},"query-input":{"@type":"PropertyValueSpecification","valueRequired":true,"valueName":"search_term_string"}}],"inLanguage":"de"},{"@type":"Organization","@id":"https:\/\/biolinecorp.ca\/#organization","name":"Bioline Gesellschaft","url":"https:\/\/biolinecorp.ca\/","logo":{"@type":"ImageObject","inLanguage":"de","@id":"https:\/\/biolinecorp.ca\/#\/schema\/logo\/image\/","url":"https:\/\/biolinecorp.ca\/wp-content\/uploads\/2018\/02\/Bioline_logo.png","contentUrl":"https:\/\/biolinecorp.ca\/wp-content\/uploads\/2018\/02\/Bioline_logo.png","width":667,"height":181,"caption":"Bioline Corporation"},"image":{"@id":"https:\/\/biolinecorp.ca\/#\/schema\/logo\/image\/"},"sameAs":["https:\/\/www.facebook.com\/BiolineCorp\/","https:\/\/x.com\/BiolineCorp","https:\/\/www.linkedin.com\/company\/bioline-corp\/","https:\/\/www.youtube.com\/channel\/UCpD4bbIdegjthmdriZ2SAow"]}]}},"_links":{"self":[{"href":"https:\/\/biolinecorp.ca\/de\/wp-json\/wp\/v2\/pages\/24083","targetHints":{"allow":["GET"]}}],"collection":[{"href":"https:\/\/biolinecorp.ca\/de\/wp-json\/wp\/v2\/pages"}],"about":[{"href":"https:\/\/biolinecorp.ca\/de\/wp-json\/wp\/v2\/types\/page"}],"author":[{"embeddable":true,"href":"https:\/\/biolinecorp.ca\/de\/wp-json\/wp\/v2\/users\/2"}],"replies":[{"embeddable":true,"href":"https:\/\/biolinecorp.ca\/de\/wp-json\/wp\/v2\/comments?post=24083"}],"version-history":[{"count":0,"href":"https:\/\/biolinecorp.ca\/de\/wp-json\/wp\/v2\/pages\/24083\/revisions"}],"wp:attachment":[{"href":"https:\/\/biolinecorp.ca\/de\/wp-json\/wp\/v2\/media?parent=24083"}],"curies":[{"name":"wp","href":"https:\/\/api.w.org\/{rel}","templated":true}]}}