{"id":24081,"date":"2022-02-10T12:24:00","date_gmt":"2022-02-10T17:24:00","guid":{"rendered":"https:\/\/biolinecorp.ca\/?page_id=24081"},"modified":"2023-09-13T15:06:07","modified_gmt":"2023-09-13T19:06:07","slug":"bulb-vegetables","status":"publish","type":"page","link":"https:\/\/biolinecorp.ca\/de\/zwiebelgemuse\/","title":{"rendered":"Zwiebelgem\u00fcse"},"content":{"rendered":"<div style=\"height:50px\" aria-hidden=\"true\" class=\"wp-block-spacer\"><\/div>\n\n\n\n<h3 class=\"wp-block-heading has-large-font-size\" id=\"h-how-does-bioline-help-bulb-vegetable-production\">Wie funktioniert BioLiNE<strong><sup>\u00ae<\/sup><\/strong> Helfen Sie bei der Produktion von Zwiebelgem\u00fcse?<\/h3>\n\n\n\n<h4 class=\"wp-block-heading\" id=\"h-fennel-garlic-leeks-onions-shallots-and-spring-onions\">(Fenchel, Knoblauch, Lauch, Zwiebeln, Schalotten und Fr\u00fchlingszwiebeln)<\/h4>\n\n\n\n<div style=\"height:25px\" aria-hidden=\"true\" class=\"wp-block-spacer\"><\/div>\n\n\n\n<p>Damit Pflanzen Mineralien und N\u00e4hrstoffe nutzen k\u00f6nnen, reicht es nicht aus, sie im Boden zu haben. Ein effektiver N\u00e4hrstofftransport durch den Boden zu den Wurzeln und in die Pflanze h\u00e4ngt von vielen Faktoren ab, darunter die Bodenfeuchtigkeit, die Mobilit\u00e4t der N\u00e4hrstoffe, die Konzentration und Bioverf\u00fcgbarkeit der N\u00e4hrstoffe und die Bodenstruktur. Au\u00dferdem haben viele N\u00e4hrstoffe, wie in der Mulderschen Tabelle beschrieben, antagonistische Wechselwirkungen im Boden, die die F\u00e4higkeit der Pflanze, sie zu nutzen, stark einschr\u00e4nken. BioLiNE Produkte sind die \"Transporteure\" von N\u00e4hrstoffen und Mineralien. BioLiNE\u00ae Produkte mildern auch Probleme mit dem Transport und dem Ungleichgewicht der N\u00e4hrstoffe. Dies geschieht durch den kontinuierlichen Austausch von N\u00e4hrstoffen in der Bodenl\u00f6sung zwischen Mikroben, Bodenpartikeln und Pflanzenwurzeln, wodurch sichergestellt wird, dass die von der Pflanze ben\u00f6tigten N\u00e4hrstoffe zu den Wurzeln gelangen und leicht in die Pflanze transportiert werden k\u00f6nnen.<\/p>\n\n\n\n<div style=\"height:25px\" aria-hidden=\"true\" class=\"wp-block-spacer\"><\/div>\n\n\n\n<div class=\"wp-block-columns is-layout-flex wp-container-core-columns-is-layout-9d6595d7 wp-block-columns-is-layout-flex\">\n<div class=\"wp-block-column is-layout-flow wp-block-column-is-layout-flow\" style=\"flex-basis:66.66%\">\n<ol class=\"wp-block-list\">\n<li><strong>Leitfaden f\u00fcr den Blattzeitplan:<\/strong> Wenden Sie BioLiNE\u00ae mit 500 ml pro Hektar an. Es ist am besten, es bei jeder Blattanwendung von Insektiziden und\/oder Fungiziden w\u00e4hrend der Saison anzuwenden.<\/li>\n\n\n\n<li><strong>Tr\u00f6pfchenbew\u00e4sserung:<\/strong> Bringen Sie BioLiNE\u00ae in einer Menge von 500 ml pro Hektar ab 2 Wochen nach der Aussaat oder bis zum vierten Lauchblattstadium mit anderen N\u00e4hrstoffen aus.<\/li>\n\n\n\n<li><strong>Wichtige Zeiten:<\/strong> Wenden Sie BioLiNE mit 500 ml\/acre alle 7-10 Tage vor dem 3-5-Blatt-Stadium an. Setzen Sie die Anwendung bis zum 8-13-Blatt-Stadium fort, wenn die Pflanzen ihre maximale H\u00f6he erreichen. Kann zusammen mit Pestiziden und anderen N\u00e4hrstoffen angewendet werden.<\/li>\n<\/ol>\n<\/div>\n\n\n\n<div class=\"wp-block-column is-vertically-aligned-center is-layout-flow wp-block-column-is-layout-flow\" style=\"flex-basis:33.33%\">\n<div class=\"wp-block-buttons is-content-justification-center is-layout-flex wp-container-core-buttons-is-layout-16018d1d wp-block-buttons-is-layout-flex\">\n<div class=\"wp-block-button aligncenter\"><a class=\"wp-block-button__link wp-element-button\" href=\"https:\/\/biolinecorp.ca\/wp-content\/uploads\/2022\/09\/20220404-Bulb-Vegetables-Handout-V1.pdf\" target=\"_blank\" rel=\"noreferrer noopener\">Zwiebelgem\u00fcse Handout<\/a><\/div>\n<\/div>\n<\/div>\n<\/div>\n\n\n\n<div style=\"height:50px\" aria-hidden=\"true\" class=\"wp-block-spacer\"><\/div>\n\n\n<div class=\"w-heading heading-9 text-left\">\n    <div class=\"w-wrapper\">\n                 \n        <h2>           \n            <span>Ergebnisse der Studie<\/span>        <\/h2>\n                    <\/div>\n<\/div>\n\n\n\n<head><!-- Global site tag (gtag.js) - Google Ads: 781808697 --> <script async src=\"https:\/\/www.googletagmanager.com\/gtag\/js?id=AW-781808697\"><\/script> <script> window.dataLayer = window.dataLayer || []; function gtag(){dataLayer.push(arguments);} gtag('js', new Date()); gtag('config', 'AW-781808697'); gtag('config', 'AW-781808697');<\/script> <\/head>","protected":false},"excerpt":{"rendered":"<p>How Does BioLiNE\u00ae Help Bulb Vegetable Production? (Fennel, garlic, leeks, onions, shallots, and spring onions) For plants to use minerals and nutrients, just having them in the soil is not enough. Effective nutrient transport through the soil to the roots and into the plant depends on many factors including soil moisture, the mobility of the [&hellip;]<\/p>\n","protected":false},"author":2,"featured_media":0,"parent":0,"menu_order":11,"comment_status":"closed","ping_status":"closed","template":"","meta":{"_monsterinsights_skip_tracking":false,"_monsterinsights_sitenote_active":false,"_monsterinsights_sitenote_note":"","_monsterinsights_sitenote_category":0,"footnotes":""},"class_list":["post-24081","page","type-page","status-publish","hentry"],"yoast_head":"<!-- This site is optimized with the Yoast SEO Premium plugin v27.3 (Yoast SEO v27.3) - https:\/\/yoast.com\/product\/yoast-seo-premium-wordpress\/ -->\n<title>Bulb Vegetables -<\/title>\n<meta name=\"description\" content=\"BioLiNE products are the \u201ctruckers\u201d of nutrients and minerals. BioLiNE\u00ae products mitigate issues of transport and nutrient imbalance.\" \/>\n<meta name=\"robots\" content=\"index, follow, max-snippet:-1, max-image-preview:large, max-video-preview:-1\" \/>\n<link rel=\"canonical\" href=\"https:\/\/biolinecorp.ca\/de\/zwiebelgemuse\/\" \/>\n<meta property=\"og:locale\" content=\"de_DE\" \/>\n<meta property=\"og:type\" content=\"article\" \/>\n<meta property=\"og:title\" content=\"Bulb Vegetables\" \/>\n<meta property=\"og:description\" content=\"BioLiNE products are the \u201ctruckers\u201d of nutrients and minerals. BioLiNE\u00ae products mitigate issues of transport and nutrient imbalance.\" \/>\n<meta property=\"og:url\" content=\"https:\/\/biolinecorp.ca\/de\/zwiebelgemuse\/\" \/>\n<meta property=\"article:publisher\" content=\"https:\/\/www.facebook.com\/BiolineCorp\/\" \/>\n<meta property=\"article:modified_time\" content=\"2023-09-13T19:06:07+00:00\" \/>\n<meta name=\"twitter:card\" content=\"summary_large_image\" \/>\n<meta name=\"twitter:site\" content=\"@BiolineCorp\" \/>\n<meta name=\"twitter:label1\" content=\"Gesch\u00e4tzte Lesezeit\" \/>\n\t<meta name=\"twitter:data1\" content=\"2\u00a0Minuten\" \/>\n<script type=\"application\/ld+json\" class=\"yoast-schema-graph\">{\"@context\":\"https:\\\/\\\/schema.org\",\"@graph\":[{\"@type\":\"WebPage\",\"@id\":\"https:\\\/\\\/biolinecorp.ca\\\/en_ca\\\/bulb-vegetables\\\/\",\"url\":\"https:\\\/\\\/biolinecorp.ca\\\/en_ca\\\/bulb-vegetables\\\/\",\"name\":\"Bulb Vegetables -\",\"isPartOf\":{\"@id\":\"https:\\\/\\\/biolinecorp.ca\\\/#website\"},\"datePublished\":\"2022-02-10T17:24:00+00:00\",\"dateModified\":\"2023-09-13T19:06:07+00:00\",\"description\":\"BioLiNE products are the \u201ctruckers\u201d of nutrients and minerals. BioLiNE\u00ae products mitigate issues of transport and nutrient imbalance.\",\"breadcrumb\":{\"@id\":\"https:\\\/\\\/biolinecorp.ca\\\/en_ca\\\/bulb-vegetables\\\/#breadcrumb\"},\"inLanguage\":\"de\",\"potentialAction\":[{\"@type\":\"ReadAction\",\"target\":[\"https:\\\/\\\/biolinecorp.ca\\\/en_ca\\\/bulb-vegetables\\\/\"]}]},{\"@type\":\"BreadcrumbList\",\"@id\":\"https:\\\/\\\/biolinecorp.ca\\\/en_ca\\\/bulb-vegetables\\\/#breadcrumb\",\"itemListElement\":[{\"@type\":\"ListItem\",\"position\":1,\"name\":\"Home\",\"item\":\"https:\\\/\\\/biolinecorp.ca\\\/en_ca\\\/\"},{\"@type\":\"ListItem\",\"position\":2,\"name\":\"Bulb Vegetables\"}]},{\"@type\":\"WebSite\",\"@id\":\"https:\\\/\\\/biolinecorp.ca\\\/#website\",\"url\":\"https:\\\/\\\/biolinecorp.ca\\\/\",\"name\":\"BioLine Corporation\",\"description\":\"\",\"publisher\":{\"@id\":\"https:\\\/\\\/biolinecorp.ca\\\/#organization\"},\"potentialAction\":[{\"@type\":\"SearchAction\",\"target\":{\"@type\":\"EntryPoint\",\"urlTemplate\":\"https:\\\/\\\/biolinecorp.ca\\\/?s={search_term_string}\"},\"query-input\":{\"@type\":\"PropertyValueSpecification\",\"valueRequired\":true,\"valueName\":\"search_term_string\"}}],\"inLanguage\":\"de\"},{\"@type\":\"Organization\",\"@id\":\"https:\\\/\\\/biolinecorp.ca\\\/#organization\",\"name\":\"Bioline Corporation\",\"url\":\"https:\\\/\\\/biolinecorp.ca\\\/\",\"logo\":{\"@type\":\"ImageObject\",\"inLanguage\":\"de\",\"@id\":\"https:\\\/\\\/biolinecorp.ca\\\/#\\\/schema\\\/logo\\\/image\\\/\",\"url\":\"https:\\\/\\\/biolinecorp.ca\\\/wp-content\\\/uploads\\\/2018\\\/02\\\/Bioline_logo.png\",\"contentUrl\":\"https:\\\/\\\/biolinecorp.ca\\\/wp-content\\\/uploads\\\/2018\\\/02\\\/Bioline_logo.png\",\"width\":667,\"height\":181,\"caption\":\"Bioline Corporation\"},\"image\":{\"@id\":\"https:\\\/\\\/biolinecorp.ca\\\/#\\\/schema\\\/logo\\\/image\\\/\"},\"sameAs\":[\"https:\\\/\\\/www.facebook.com\\\/BiolineCorp\\\/\",\"https:\\\/\\\/x.com\\\/BiolineCorp\",\"https:\\\/\\\/www.linkedin.com\\\/company\\\/bioline-corp\\\/\",\"https:\\\/\\\/www.youtube.com\\\/channel\\\/UCpD4bbIdegjthmdriZ2SAow\"]}]}<\/script>\n<!-- \/ Yoast SEO Premium plugin. -->","yoast_head_json":{"title":"Zwiebelgem\u00fcse -","description":"BioLiNE Produkte sind die \"Trucker\" der N\u00e4hrstoffe und Mineralien. BioLiNE\u00ae Produkte mildern die Probleme des Transports und des N\u00e4hrstoffungleichgewichts.","robots":{"index":"index","follow":"follow","max-snippet":"max-snippet:-1","max-image-preview":"max-image-preview:large","max-video-preview":"max-video-preview:-1"},"canonical":"https:\/\/biolinecorp.ca\/de\/zwiebelgemuse\/","og_locale":"de_DE","og_type":"article","og_title":"Bulb Vegetables","og_description":"BioLiNE products are the \u201ctruckers\u201d of nutrients and minerals. BioLiNE\u00ae products mitigate issues of transport and nutrient imbalance.","og_url":"https:\/\/biolinecorp.ca\/de\/zwiebelgemuse\/","article_publisher":"https:\/\/www.facebook.com\/BiolineCorp\/","article_modified_time":"2023-09-13T19:06:07+00:00","twitter_card":"summary_large_image","twitter_site":"@BiolineCorp","twitter_misc":{"Gesch\u00e4tzte Lesezeit":"2\u00a0Minuten"},"schema":{"@context":"https:\/\/schema.org","@graph":[{"@type":"WebPage","@id":"https:\/\/biolinecorp.ca\/en_ca\/bulb-vegetables\/","url":"https:\/\/biolinecorp.ca\/en_ca\/bulb-vegetables\/","name":"Zwiebelgem\u00fcse -","isPartOf":{"@id":"https:\/\/biolinecorp.ca\/#website"},"datePublished":"2022-02-10T17:24:00+00:00","dateModified":"2023-09-13T19:06:07+00:00","description":"BioLiNE Produkte sind die \"Trucker\" der N\u00e4hrstoffe und Mineralien. BioLiNE\u00ae Produkte mildern die Probleme des Transports und des N\u00e4hrstoffungleichgewichts.","breadcrumb":{"@id":"https:\/\/biolinecorp.ca\/en_ca\/bulb-vegetables\/#breadcrumb"},"inLanguage":"de","potentialAction":[{"@type":"ReadAction","target":["https:\/\/biolinecorp.ca\/en_ca\/bulb-vegetables\/"]}]},{"@type":"BreadcrumbList","@id":"https:\/\/biolinecorp.ca\/en_ca\/bulb-vegetables\/#breadcrumb","itemListElement":[{"@type":"ListItem","position":1,"name":"Home","item":"https:\/\/biolinecorp.ca\/en_ca\/"},{"@type":"ListItem","position":2,"name":"Bulb Vegetables"}]},{"@type":"WebSite","@id":"https:\/\/biolinecorp.ca\/#website","url":"https:\/\/biolinecorp.ca\/","name":"BioLine Gesellschaft","description":"","publisher":{"@id":"https:\/\/biolinecorp.ca\/#organization"},"potentialAction":[{"@type":"SearchAction","target":{"@type":"EntryPoint","urlTemplate":"https:\/\/biolinecorp.ca\/?s={search_term_string}"},"query-input":{"@type":"PropertyValueSpecification","valueRequired":true,"valueName":"search_term_string"}}],"inLanguage":"de"},{"@type":"Organization","@id":"https:\/\/biolinecorp.ca\/#organization","name":"Bioline Gesellschaft","url":"https:\/\/biolinecorp.ca\/","logo":{"@type":"ImageObject","inLanguage":"de","@id":"https:\/\/biolinecorp.ca\/#\/schema\/logo\/image\/","url":"https:\/\/biolinecorp.ca\/wp-content\/uploads\/2018\/02\/Bioline_logo.png","contentUrl":"https:\/\/biolinecorp.ca\/wp-content\/uploads\/2018\/02\/Bioline_logo.png","width":667,"height":181,"caption":"Bioline Corporation"},"image":{"@id":"https:\/\/biolinecorp.ca\/#\/schema\/logo\/image\/"},"sameAs":["https:\/\/www.facebook.com\/BiolineCorp\/","https:\/\/x.com\/BiolineCorp","https:\/\/www.linkedin.com\/company\/bioline-corp\/","https:\/\/www.youtube.com\/channel\/UCpD4bbIdegjthmdriZ2SAow"]}]}},"_links":{"self":[{"href":"https:\/\/biolinecorp.ca\/de\/wp-json\/wp\/v2\/pages\/24081","targetHints":{"allow":["GET"]}}],"collection":[{"href":"https:\/\/biolinecorp.ca\/de\/wp-json\/wp\/v2\/pages"}],"about":[{"href":"https:\/\/biolinecorp.ca\/de\/wp-json\/wp\/v2\/types\/page"}],"author":[{"embeddable":true,"href":"https:\/\/biolinecorp.ca\/de\/wp-json\/wp\/v2\/users\/2"}],"replies":[{"embeddable":true,"href":"https:\/\/biolinecorp.ca\/de\/wp-json\/wp\/v2\/comments?post=24081"}],"version-history":[{"count":0,"href":"https:\/\/biolinecorp.ca\/de\/wp-json\/wp\/v2\/pages\/24081\/revisions"}],"wp:attachment":[{"href":"https:\/\/biolinecorp.ca\/de\/wp-json\/wp\/v2\/media?parent=24081"}],"curies":[{"name":"wp","href":"https:\/\/api.w.org\/{rel}","templated":true}]}}