{"id":24079,"date":"2022-02-10T12:23:33","date_gmt":"2022-02-10T17:23:33","guid":{"rendered":"https:\/\/biolinecorp.ca\/?page_id=24079"},"modified":"2023-09-14T09:33:36","modified_gmt":"2023-09-14T13:33:36","slug":"root-and-tuber","status":"publish","type":"page","link":"https:\/\/biolinecorp.ca\/de\/wurzel-und-knolle\/","title":{"rendered":"Wurzel und Knolle"},"content":{"rendered":"<div style=\"height:50px\" aria-hidden=\"true\" class=\"wp-block-spacer\"><\/div>\n\n\n\n<h3 class=\"wp-block-heading has-large-font-size\" id=\"h-how-does-bioline-nbsp-help-root-and-tuber-plant-production\">Wie funktioniert BioLiNE<strong><sup>\u00ae<\/sup><\/strong>&nbsp;Hilfe bei der Produktion von Wurzel- und Knollenpflanzen?<\/h3>\n\n\n\n<h4 class=\"wp-block-heading\" id=\"h-carrots-potatoes-beets-sweet-potatoes-yams-and-cassava\">(Karotten, Kartoffeln, R\u00fcben, S\u00fc\u00dfkartoffeln, Yamswurzeln und Maniok)<\/h4>\n\n\n\n<div style=\"height:25px\" aria-hidden=\"true\" class=\"wp-block-spacer\"><\/div>\n\n\n\n<p>BioLiNEs <a href=\"https:\/\/biolinecorp.ca\/de\/unsere-technologie\/\" target=\"_blank\" rel=\"noreferrer noopener\">Technologie<\/a> verbessert drastisch den Transport und die Aufnahme von N\u00e4hrstoffen und anderen f\u00fcr die Pflanzen n\u00fctzlichen Verbindungen. BioLiNE<strong><sup>\u00ae<\/sup><\/strong> <a href=\"https:\/\/biolinecorp.ca\/de\/unsere-produkte\/\" target=\"_blank\" rel=\"noreferrer noopener\">Produkte<\/a> sind die \"Transporteure\" von N\u00e4hrstoffen und Mineralien. Durch einen Prozess der <a href=\"https:\/\/biolinecorp.ca\/de\/unsere-technologie\/\" target=\"_blank\" rel=\"noreferrer noopener\">Dynamischer N\u00e4hrstoffaustausch\u2122<\/a>, BioLiNE<strong><sup>\u00ae<\/sup><\/strong> Produkte mildern die Probleme des Transports und des N\u00e4hrstoffungleichgewichts. Dies geschieht durch den kontinuierlichen Austausch von N\u00e4hrstoffen in der Bodenl\u00f6sung, zwischen Mikroben, Bodenpartikeln und Pflanzenwurzeln. So wird sichergestellt, dass die von der Pflanze ben\u00f6tigten N\u00e4hrstoffe an die Wurzeln gelangen und leicht in die Pflanze transportiert werden k\u00f6nnen. BioLiNE<strong><sup>\u00ae<\/sup><\/strong>&nbsp;Technologie kann in verschiedenen Phasen der Entwicklung von Wurzel- und Knollengew\u00e4chsen eingesetzt werden. <\/p>\n\n\n\n<p>Beispiel Wurzel- und Knollenprogramm:<\/p>\n\n\n\n<div class=\"wp-block-columns is-layout-flex wp-container-core-columns-is-layout-9d6595d7 wp-block-columns-is-layout-flex\">\n<div class=\"wp-block-column is-layout-flow wp-block-column-is-layout-flow\" style=\"flex-basis:66.66%\">\n<ol class=\"wp-block-list\">\n<li><strong>Stufe 1:<\/strong> Tankmischung mit Fl\u00fcssigd\u00fcnger f\u00fcr die Ausbringung in der Furche zu 1 L (32 oz) pro Acre<\/li>\n\n\n\n<li><strong>Stufe 2:<\/strong> Tankmischung mit Herbiziden oder anderen N\u00e4hrstoffgaben zu 500 ml (17 oz) pro Acre<\/li>\n\n\n\n<li><strong>Stufe 3:<\/strong> Tankmischung mit Fungizid oder anderen N\u00e4hrstoffgaben zu 250 mL (8 oz) pro Acre alle zwei Wochen<\/li>\n<\/ol>\n<\/div>\n\n\n\n<div class=\"wp-block-column is-layout-flow wp-block-column-is-layout-flow\" style=\"flex-basis:33.33%\">\n<div class=\"wp-block-buttons is-content-justification-center is-layout-flex wp-container-core-buttons-is-layout-16018d1d wp-block-buttons-is-layout-flex\">\n<div class=\"wp-block-button\"><a class=\"wp-block-button__link wp-element-button\" href=\"https:\/\/biolinecorp.ca\/wp-content\/uploads\/2023\/09\/20230814-BioLiNE-Potato.pdf\" target=\"_blank\" rel=\"noreferrer noopener\">Kartoffel-Handout<\/a><\/div>\n<\/div>\n\n\n\n<div style=\"height:10px\" aria-hidden=\"true\" class=\"wp-block-spacer\"><\/div>\n\n\n\n<div class=\"wp-block-buttons is-content-justification-center is-layout-flex wp-container-core-buttons-is-layout-16018d1d wp-block-buttons-is-layout-flex\">\n<div class=\"wp-block-button aligncenter\"><a class=\"wp-block-button__link wp-element-button\" href=\"https:\/\/biolinecorp.ca\/wp-content\/uploads\/2022\/03\/20200227-Nutrient-Use-Effeciency-Fact-Sheet-v2-print.pdf\" target=\"_blank\" rel=\"noreferrer noopener\">Handout zur Effizienz der N\u00e4hrstoffnutzung<\/a><\/div>\n<\/div>\n<\/div>\n<\/div>\n\n\n\n<div style=\"height:50px\" aria-hidden=\"true\" class=\"wp-block-spacer\"><\/div>\n\n\n<div class=\"w-heading heading-9 text-left\">\n    <div class=\"w-wrapper\">\n                 \n        <h2>           \n            <span>Ergebnisse der Studie<\/span>        <\/h2>\n                    <\/div>\n<\/div>\n\n\n\n<div style=\"height:25px\" aria-hidden=\"true\" class=\"wp-block-spacer\"><\/div>\n\n\n\n<h2 class=\"wp-block-heading\" id=\"h-2020-potato-trials-florida\">2020 Kartoffelversuche - Florida<\/h2>\n\n\n\n<div style=\"height:25px\" aria-hidden=\"true\" class=\"wp-block-spacer\"><\/div>\n\n\n\n<p>Ohne zus\u00e4tzliche Fruchtbarkeit produzierten die Kontrollpflanzen insgesamt 24 Kartoffeln und die mit BioLiNE behandelten Pflanzen<strong><sup>\u00ae<\/sup><\/strong> produzierte insgesamt 38 Kartoffeln (58,3% Ertragssteigerung). Bei der Behandlung mit D\u00fcnger stieg der Ertrag auf 81 Kartoffeln, aber wenn der D\u00fcnger mit BioLiNE<strong><sup>\u00ae<\/sup><\/strong>stieg der Ertrag auf 90 Kartoffeln (12,5% Ertragssteigerung). Die Gesamtmasse der geernteten Kartoffeln stieg bei der Behandlung mit BioLiNE ebenfalls von 5,96 kg auf 7,99 kg.<strong><sup>\u00ae<\/sup><\/strong> (34.1% Erh\u00f6hung). <\/p>\n\n\n\n<div style=\"height:20px\" aria-hidden=\"true\" class=\"wp-block-spacer\"><\/div>\n\n\n\n<div class=\"wp-block-columns is-layout-flex wp-container-core-columns-is-layout-9d6595d7 wp-block-columns-is-layout-flex\">\n<div class=\"wp-block-column is-layout-flow wp-block-column-is-layout-flow\">\n<figure class=\"wp-block-image size-full is-style-default\"><img decoding=\"async\" width=\"836\" height=\"437\" src=\"https:\/\/biolinecorp.ca\/wp-content\/uploads\/2022\/03\/Potato-1-e1646317817658.jpg\" alt=\"Kartoffeln ohne N\u00e4hrstoffe.\" class=\"wp-image-25181\" srcset=\"https:\/\/biolinecorp.ca\/wp-content\/uploads\/2022\/03\/Potato-1-e1646317817658.jpg 836w, https:\/\/biolinecorp.ca\/wp-content\/uploads\/2022\/03\/Potato-1-e1646317817658-600x314.jpg 600w, https:\/\/biolinecorp.ca\/wp-content\/uploads\/2022\/03\/Potato-1-e1646317817658-768x401.jpg 768w, https:\/\/biolinecorp.ca\/wp-content\/uploads\/2022\/03\/Potato-1-e1646317817658-640x335.jpg 640w\" sizes=\"(max-width: 836px) 100vw, 836px\" \/><figcaption class=\"wp-element-caption\">Kontrolle - kein D\u00fcnger (24 Kartoffeln)<\/figcaption><\/figure>\n<\/div>\n\n\n\n<div class=\"wp-block-column is-layout-flow wp-block-column-is-layout-flow\">\n<figure class=\"wp-block-image size-full is-style-default\"><img decoding=\"async\" width=\"756\" height=\"396\" src=\"https:\/\/biolinecorp.ca\/wp-content\/uploads\/2022\/03\/Potato-2-e1646317694417.jpg\" alt=\"Mit BioLiNE Gold und ohne N\u00e4hrstoff behandelte Kartoffeln.\" class=\"wp-image-25182\" srcset=\"https:\/\/biolinecorp.ca\/wp-content\/uploads\/2022\/03\/Potato-2-e1646317694417.jpg 756w, https:\/\/biolinecorp.ca\/wp-content\/uploads\/2022\/03\/Potato-2-e1646317694417-600x314.jpg 600w, https:\/\/biolinecorp.ca\/wp-content\/uploads\/2022\/03\/Potato-2-e1646317694417-640x335.jpg 640w\" sizes=\"(max-width: 756px) 100vw, 756px\" \/><figcaption class=\"wp-element-caption\">BioLiNE<strong><sup>\u00ae<\/sup><\/strong> - kein D\u00fcnger (38 Kartoffeln)<\/figcaption><\/figure>\n<\/div>\n\n\n\n<div class=\"wp-block-column is-layout-flow wp-block-column-is-layout-flow\">\n<figure class=\"wp-block-image size-full is-style-default\"><img decoding=\"async\" width=\"836\" height=\"441\" src=\"https:\/\/biolinecorp.ca\/wp-content\/uploads\/2022\/03\/Potato-3-1-e1646316690109.jpg\" alt=\"Kartoffeln mit vollem N\u00e4hrwert.\" class=\"wp-image-25198\" srcset=\"https:\/\/biolinecorp.ca\/wp-content\/uploads\/2022\/03\/Potato-3-1-e1646316690109.jpg 836w, https:\/\/biolinecorp.ca\/wp-content\/uploads\/2022\/03\/Potato-3-1-e1646316690109-600x317.jpg 600w, https:\/\/biolinecorp.ca\/wp-content\/uploads\/2022\/03\/Potato-3-1-e1646316690109-768x405.jpg 768w, https:\/\/biolinecorp.ca\/wp-content\/uploads\/2022\/03\/Potato-3-1-e1646316690109-640x338.jpg 640w\" sizes=\"(max-width: 836px) 100vw, 836px\" \/><figcaption class=\"wp-element-caption\">Kontrolle - Volld\u00fcnger (81 Kartoffeln)<\/figcaption><\/figure>\n<\/div>\n\n\n\n<div class=\"wp-block-column is-layout-flow wp-block-column-is-layout-flow\">\n<figure class=\"wp-block-image size-full is-style-default\"><img decoding=\"async\" width=\"956\" height=\"504\" src=\"https:\/\/biolinecorp.ca\/wp-content\/uploads\/2022\/03\/Potato-4-e1646315924963.jpg\" alt=\"Mit BioLiNE Gold und Volln\u00e4hrstoff behandelte Kartoffeln.\" class=\"wp-image-25184\" srcset=\"https:\/\/biolinecorp.ca\/wp-content\/uploads\/2022\/03\/Potato-4-e1646315924963.jpg 956w, https:\/\/biolinecorp.ca\/wp-content\/uploads\/2022\/03\/Potato-4-e1646315924963-600x316.jpg 600w, https:\/\/biolinecorp.ca\/wp-content\/uploads\/2022\/03\/Potato-4-e1646315924963-768x405.jpg 768w, https:\/\/biolinecorp.ca\/wp-content\/uploads\/2022\/03\/Potato-4-e1646315924963-640x337.jpg 640w\" sizes=\"(max-width: 956px) 100vw, 956px\" \/><figcaption class=\"wp-element-caption\">BioLiNE<strong><sup>\u00ae<\/sup><\/strong> + Volld\u00fcnger (90 Kartoffeln)<\/figcaption><\/figure>\n<\/div>\n<\/div>\n\n\n\n<head><!-- Global site tag (gtag.js) - Google Ads: 781808697 --> <script async src=\"https:\/\/www.googletagmanager.com\/gtag\/js?id=AW-781808697\"><\/script> <script> window.dataLayer = window.dataLayer || []; function gtag(){dataLayer.push(arguments);} gtag('js', new Date()); gtag('config', 'AW-781808697'); gtag('config', 'AW-781808697');<\/script> <\/head>","protected":false},"excerpt":{"rendered":"<p>How Does BioLiNE\u00ae&nbsp;Help Root and Tuber Plant Production? (Carrots, potatoes, beets, sweet potatoes, yams, and cassava) BioLiNE\u2019s technology drastically improves the transport and assimilation of nutrients and other plant beneficial compounds. BioLiNE\u00ae products are the \u201ctruckers\u201d of nutrients and minerals. Through a process of Dynamic Nutrient Exchange\u2122, BioLiNE\u00ae products mitigate issues of transport and nutrient [&hellip;]<\/p>\n","protected":false},"author":2,"featured_media":0,"parent":0,"menu_order":12,"comment_status":"closed","ping_status":"closed","template":"","meta":{"_monsterinsights_skip_tracking":false,"_monsterinsights_sitenote_active":false,"_monsterinsights_sitenote_note":"","_monsterinsights_sitenote_category":0,"footnotes":""},"class_list":["post-24079","page","type-page","status-publish","hentry"],"yoast_head":"<!-- This site is optimized with the Yoast SEO Premium plugin v27.3 (Yoast SEO v27.3) - https:\/\/yoast.com\/product\/yoast-seo-premium-wordpress\/ -->\n<title>Root and Tuber -<\/title>\n<meta name=\"description\" content=\"BioLiNE\u00ae products mitigate issues of transport and nutrient imbalance by continually exchanging nutrients in the soil solution.\" \/>\n<meta name=\"robots\" content=\"index, follow, max-snippet:-1, max-image-preview:large, max-video-preview:-1\" \/>\n<link rel=\"canonical\" href=\"https:\/\/biolinecorp.ca\/de\/wurzel-und-knolle\/\" \/>\n<meta property=\"og:locale\" content=\"de_DE\" \/>\n<meta property=\"og:type\" content=\"article\" \/>\n<meta property=\"og:title\" content=\"Root and Tuber\" \/>\n<meta property=\"og:description\" content=\"BioLiNE\u00ae products mitigate issues of transport and nutrient imbalance by continually exchanging nutrients in the soil solution.\" \/>\n<meta property=\"og:url\" content=\"https:\/\/biolinecorp.ca\/de\/wurzel-und-knolle\/\" \/>\n<meta property=\"article:publisher\" content=\"https:\/\/www.facebook.com\/BiolineCorp\/\" \/>\n<meta property=\"article:modified_time\" content=\"2023-09-14T13:33:36+00:00\" \/>\n<meta property=\"og:image\" content=\"https:\/\/biolinecorp.ca\/wp-content\/uploads\/2022\/03\/Potato-1-e1646317817658.jpg\" \/>\n<meta name=\"twitter:card\" content=\"summary_large_image\" \/>\n<meta name=\"twitter:site\" content=\"@BiolineCorp\" \/>\n<meta name=\"twitter:label1\" content=\"Gesch\u00e4tzte Lesezeit\" \/>\n\t<meta name=\"twitter:data1\" content=\"3\u00a0Minuten\" \/>\n<script type=\"application\/ld+json\" class=\"yoast-schema-graph\">{\"@context\":\"https:\\\/\\\/schema.org\",\"@graph\":[{\"@type\":\"WebPage\",\"@id\":\"https:\\\/\\\/biolinecorp.ca\\\/en_ca\\\/root-and-tuber\\\/\",\"url\":\"https:\\\/\\\/biolinecorp.ca\\\/en_ca\\\/root-and-tuber\\\/\",\"name\":\"Root and Tuber -\",\"isPartOf\":{\"@id\":\"https:\\\/\\\/biolinecorp.ca\\\/#website\"},\"primaryImageOfPage\":{\"@id\":\"https:\\\/\\\/biolinecorp.ca\\\/en_ca\\\/root-and-tuber\\\/#primaryimage\"},\"image\":{\"@id\":\"https:\\\/\\\/biolinecorp.ca\\\/en_ca\\\/root-and-tuber\\\/#primaryimage\"},\"thumbnailUrl\":\"https:\\\/\\\/biolinecorp.ca\\\/wp-content\\\/uploads\\\/2022\\\/03\\\/Potato-1-e1646317817658.jpg\",\"datePublished\":\"2022-02-10T17:23:33+00:00\",\"dateModified\":\"2023-09-14T13:33:36+00:00\",\"description\":\"BioLiNE\u00ae products mitigate issues of transport and nutrient imbalance by continually exchanging nutrients in the soil solution.\",\"breadcrumb\":{\"@id\":\"https:\\\/\\\/biolinecorp.ca\\\/en_ca\\\/root-and-tuber\\\/#breadcrumb\"},\"inLanguage\":\"de\",\"potentialAction\":[{\"@type\":\"ReadAction\",\"target\":[\"https:\\\/\\\/biolinecorp.ca\\\/en_ca\\\/root-and-tuber\\\/\"]}]},{\"@type\":\"ImageObject\",\"inLanguage\":\"de\",\"@id\":\"https:\\\/\\\/biolinecorp.ca\\\/en_ca\\\/root-and-tuber\\\/#primaryimage\",\"url\":\"https:\\\/\\\/biolinecorp.ca\\\/wp-content\\\/uploads\\\/2022\\\/03\\\/Potato-1-e1646317817658.jpg\",\"contentUrl\":\"https:\\\/\\\/biolinecorp.ca\\\/wp-content\\\/uploads\\\/2022\\\/03\\\/Potato-1-e1646317817658.jpg\"},{\"@type\":\"BreadcrumbList\",\"@id\":\"https:\\\/\\\/biolinecorp.ca\\\/en_ca\\\/root-and-tuber\\\/#breadcrumb\",\"itemListElement\":[{\"@type\":\"ListItem\",\"position\":1,\"name\":\"Home\",\"item\":\"https:\\\/\\\/biolinecorp.ca\\\/en_ca\\\/\"},{\"@type\":\"ListItem\",\"position\":2,\"name\":\"Root and Tuber\"}]},{\"@type\":\"WebSite\",\"@id\":\"https:\\\/\\\/biolinecorp.ca\\\/#website\",\"url\":\"https:\\\/\\\/biolinecorp.ca\\\/\",\"name\":\"BioLine Corporation\",\"description\":\"\",\"publisher\":{\"@id\":\"https:\\\/\\\/biolinecorp.ca\\\/#organization\"},\"potentialAction\":[{\"@type\":\"SearchAction\",\"target\":{\"@type\":\"EntryPoint\",\"urlTemplate\":\"https:\\\/\\\/biolinecorp.ca\\\/?s={search_term_string}\"},\"query-input\":{\"@type\":\"PropertyValueSpecification\",\"valueRequired\":true,\"valueName\":\"search_term_string\"}}],\"inLanguage\":\"de\"},{\"@type\":\"Organization\",\"@id\":\"https:\\\/\\\/biolinecorp.ca\\\/#organization\",\"name\":\"Bioline Corporation\",\"url\":\"https:\\\/\\\/biolinecorp.ca\\\/\",\"logo\":{\"@type\":\"ImageObject\",\"inLanguage\":\"de\",\"@id\":\"https:\\\/\\\/biolinecorp.ca\\\/#\\\/schema\\\/logo\\\/image\\\/\",\"url\":\"https:\\\/\\\/biolinecorp.ca\\\/wp-content\\\/uploads\\\/2018\\\/02\\\/Bioline_logo.png\",\"contentUrl\":\"https:\\\/\\\/biolinecorp.ca\\\/wp-content\\\/uploads\\\/2018\\\/02\\\/Bioline_logo.png\",\"width\":667,\"height\":181,\"caption\":\"Bioline Corporation\"},\"image\":{\"@id\":\"https:\\\/\\\/biolinecorp.ca\\\/#\\\/schema\\\/logo\\\/image\\\/\"},\"sameAs\":[\"https:\\\/\\\/www.facebook.com\\\/BiolineCorp\\\/\",\"https:\\\/\\\/x.com\\\/BiolineCorp\",\"https:\\\/\\\/www.linkedin.com\\\/company\\\/bioline-corp\\\/\",\"https:\\\/\\\/www.youtube.com\\\/channel\\\/UCpD4bbIdegjthmdriZ2SAow\"]}]}<\/script>\n<!-- \/ Yoast SEO Premium plugin. -->","yoast_head_json":{"title":"Wurzel und Knolle -","description":"BioLiNE\u00ae Produkte mildern die Probleme des Transports und des N\u00e4hrstoffungleichgewichts, indem sie die N\u00e4hrstoffe in der Bodenl\u00f6sung kontinuierlich austauschen.","robots":{"index":"index","follow":"follow","max-snippet":"max-snippet:-1","max-image-preview":"max-image-preview:large","max-video-preview":"max-video-preview:-1"},"canonical":"https:\/\/biolinecorp.ca\/de\/wurzel-und-knolle\/","og_locale":"de_DE","og_type":"article","og_title":"Root and Tuber","og_description":"BioLiNE\u00ae products mitigate issues of transport and nutrient imbalance by continually exchanging nutrients in the soil solution.","og_url":"https:\/\/biolinecorp.ca\/de\/wurzel-und-knolle\/","article_publisher":"https:\/\/www.facebook.com\/BiolineCorp\/","article_modified_time":"2023-09-14T13:33:36+00:00","og_image":[{"url":"https:\/\/biolinecorp.ca\/wp-content\/uploads\/2022\/03\/Potato-1-e1646317817658.jpg","type":"","width":"","height":""}],"twitter_card":"summary_large_image","twitter_site":"@BiolineCorp","twitter_misc":{"Gesch\u00e4tzte Lesezeit":"3\u00a0Minuten"},"schema":{"@context":"https:\/\/schema.org","@graph":[{"@type":"WebPage","@id":"https:\/\/biolinecorp.ca\/en_ca\/root-and-tuber\/","url":"https:\/\/biolinecorp.ca\/en_ca\/root-and-tuber\/","name":"Wurzel und Knolle -","isPartOf":{"@id":"https:\/\/biolinecorp.ca\/#website"},"primaryImageOfPage":{"@id":"https:\/\/biolinecorp.ca\/en_ca\/root-and-tuber\/#primaryimage"},"image":{"@id":"https:\/\/biolinecorp.ca\/en_ca\/root-and-tuber\/#primaryimage"},"thumbnailUrl":"https:\/\/biolinecorp.ca\/wp-content\/uploads\/2022\/03\/Potato-1-e1646317817658.jpg","datePublished":"2022-02-10T17:23:33+00:00","dateModified":"2023-09-14T13:33:36+00:00","description":"BioLiNE\u00ae Produkte mildern die Probleme des Transports und des N\u00e4hrstoffungleichgewichts, indem sie die N\u00e4hrstoffe in der Bodenl\u00f6sung kontinuierlich austauschen.","breadcrumb":{"@id":"https:\/\/biolinecorp.ca\/en_ca\/root-and-tuber\/#breadcrumb"},"inLanguage":"de","potentialAction":[{"@type":"ReadAction","target":["https:\/\/biolinecorp.ca\/en_ca\/root-and-tuber\/"]}]},{"@type":"ImageObject","inLanguage":"de","@id":"https:\/\/biolinecorp.ca\/en_ca\/root-and-tuber\/#primaryimage","url":"https:\/\/biolinecorp.ca\/wp-content\/uploads\/2022\/03\/Potato-1-e1646317817658.jpg","contentUrl":"https:\/\/biolinecorp.ca\/wp-content\/uploads\/2022\/03\/Potato-1-e1646317817658.jpg"},{"@type":"BreadcrumbList","@id":"https:\/\/biolinecorp.ca\/en_ca\/root-and-tuber\/#breadcrumb","itemListElement":[{"@type":"ListItem","position":1,"name":"Home","item":"https:\/\/biolinecorp.ca\/en_ca\/"},{"@type":"ListItem","position":2,"name":"Root and Tuber"}]},{"@type":"WebSite","@id":"https:\/\/biolinecorp.ca\/#website","url":"https:\/\/biolinecorp.ca\/","name":"BioLine Gesellschaft","description":"","publisher":{"@id":"https:\/\/biolinecorp.ca\/#organization"},"potentialAction":[{"@type":"SearchAction","target":{"@type":"EntryPoint","urlTemplate":"https:\/\/biolinecorp.ca\/?s={search_term_string}"},"query-input":{"@type":"PropertyValueSpecification","valueRequired":true,"valueName":"search_term_string"}}],"inLanguage":"de"},{"@type":"Organization","@id":"https:\/\/biolinecorp.ca\/#organization","name":"Bioline Gesellschaft","url":"https:\/\/biolinecorp.ca\/","logo":{"@type":"ImageObject","inLanguage":"de","@id":"https:\/\/biolinecorp.ca\/#\/schema\/logo\/image\/","url":"https:\/\/biolinecorp.ca\/wp-content\/uploads\/2018\/02\/Bioline_logo.png","contentUrl":"https:\/\/biolinecorp.ca\/wp-content\/uploads\/2018\/02\/Bioline_logo.png","width":667,"height":181,"caption":"Bioline Corporation"},"image":{"@id":"https:\/\/biolinecorp.ca\/#\/schema\/logo\/image\/"},"sameAs":["https:\/\/www.facebook.com\/BiolineCorp\/","https:\/\/x.com\/BiolineCorp","https:\/\/www.linkedin.com\/company\/bioline-corp\/","https:\/\/www.youtube.com\/channel\/UCpD4bbIdegjthmdriZ2SAow"]}]}},"_links":{"self":[{"href":"https:\/\/biolinecorp.ca\/de\/wp-json\/wp\/v2\/pages\/24079","targetHints":{"allow":["GET"]}}],"collection":[{"href":"https:\/\/biolinecorp.ca\/de\/wp-json\/wp\/v2\/pages"}],"about":[{"href":"https:\/\/biolinecorp.ca\/de\/wp-json\/wp\/v2\/types\/page"}],"author":[{"embeddable":true,"href":"https:\/\/biolinecorp.ca\/de\/wp-json\/wp\/v2\/users\/2"}],"replies":[{"embeddable":true,"href":"https:\/\/biolinecorp.ca\/de\/wp-json\/wp\/v2\/comments?post=24079"}],"version-history":[{"count":0,"href":"https:\/\/biolinecorp.ca\/de\/wp-json\/wp\/v2\/pages\/24079\/revisions"}],"wp:attachment":[{"href":"https:\/\/biolinecorp.ca\/de\/wp-json\/wp\/v2\/media?parent=24079"}],"curies":[{"name":"wp","href":"https:\/\/api.w.org\/{rel}","templated":true}]}}