{"id":24077,"date":"2022-02-10T12:23:07","date_gmt":"2022-02-10T17:23:07","guid":{"rendered":"https:\/\/biolinecorp.ca\/?page_id=24077"},"modified":"2023-09-14T09:35:29","modified_gmt":"2023-09-14T13:35:29","slug":"cereals","status":"publish","type":"page","link":"https:\/\/biolinecorp.ca\/de\/getreide\/","title":{"rendered":"Getreide"},"content":{"rendered":"<div style=\"height:75px\" aria-hidden=\"true\" class=\"wp-block-spacer\"><\/div>\n\n\n\n<h3 class=\"wp-block-heading has-large-font-size\" id=\"h-how-does-bioline-help-cereal-production\">Wie funktioniert BioLiNE<strong><sup>\u00ae<\/sup><\/strong> Hilfe bei der Getreideproduktion?<\/h3>\n\n\n\n<h4 class=\"wp-block-heading\" id=\"h-wheat-oats-barley-rye-sorghum-quinoa-buckwheat-and-millet\">(Weizen, Hafer, Gerste, Roggen, Sorghum, Quinoa, Buchweizen und Hirse)<\/h4>\n\n\n\n<div style=\"height:25px\" aria-hidden=\"true\" class=\"wp-block-spacer\"><\/div>\n\n\n\n<p style=\"font-size:18px\">Unser BioLiNE<strong><sup>\u00ae<\/sup><\/strong> <a href=\"https:\/\/biolinecorp.ca\/de\/unsere-technologie\/\" target=\"_blank\" rel=\"noreferrer noopener\">Technologie<\/a> transportiert und assimiliert N\u00e4hrstoffe und andere n\u00fctzliche Pflanzeninhaltsstoffe effizienter. BioLiNE<strong><sup>\u00ae<\/sup><\/strong> <a href=\"https:\/\/biolinecorp.ca\/de\/unsere-produkte\/\" target=\"_blank\" rel=\"noreferrer noopener\">Produkte<\/a> die Gesundheit der Pflanzen w\u00e4hrend ihres gesamten Lebenszyklus von der Aussaat bis zur Ernte zu verbessern. Die BioLiNE<strong><sup>\u00ae<\/sup><\/strong> Produkte liefern Elektrolyte und stellen das elektrochemische Gleichgewicht in Pflanzen her. Das Ergebnis ist ein schnelles und gleichm\u00e4\u00dfiges Wachstum mit verst\u00e4rkten nat\u00fcrlichen Abwehrkr\u00e4ften gegen Stress. BioLiNE<strong><sup>\u00ae<\/sup><\/strong>&nbsp;Technologie kann in verschiedenen Stadien der Entwicklung von Getreidekulturen eingesetzt werden:<\/p>\n\n\n\n<div class=\"wp-block-columns is-layout-flex wp-container-core-columns-is-layout-9d6595d7 wp-block-columns-is-layout-flex\">\n<div class=\"wp-block-column is-layout-flow wp-block-column-is-layout-flow\" style=\"flex-basis:66.66%\">\n<ol class=\"wp-block-list\" id=\"block-8c1baee4-db6f-482d-b626-fe963985f6ba\" style=\"font-size:18px\">\n<li><strong>Bei der Anpflanzung:<\/strong> Verwendung als Saatgutbeschichtung, als Impr\u00e4gnierung auf Trockend\u00fcnger oder als Tankmischung mit Fl\u00fcssigd\u00fcnger f\u00fcr die Ausbringung in der Furche oder als Seitend\u00fcngung<\/li>\n\n\n\n<li><strong>Stufe 4 bis 6:<\/strong> Tankmischung mit Herbiziden oder anderen N\u00e4hrstoffeintr\u00e4gen<\/li>\n\n\n\n<li><strong>Stufe 9 bis 10:<\/strong> Tankmischung mit Fungizid oder anderen N\u00e4hrstoffeintr\u00e4gen<\/li>\n\n\n\n<li><strong>Stufe 10 bis 11:<\/strong> Tankmischung mit Fungizid oder anderen N\u00e4hrstoffeintr\u00e4gen<\/li>\n<\/ol>\n<\/div>\n\n\n\n<div class=\"wp-block-column is-vertically-aligned-center is-layout-flow wp-block-column-is-layout-flow\" style=\"flex-basis:33.33%\">\n<div class=\"wp-block-buttons is-layout-flex wp-block-buttons-is-layout-flex\">\n<div class=\"wp-block-button aligncenter\"><a class=\"wp-block-button__link wp-element-button\" href=\"https:\/\/biolinecorp.ca\/wp-content\/uploads\/2023\/09\/20230814-BioLiNE-Cereals.pdf\" target=\"_blank\" rel=\"noreferrer noopener\">M\u00fcsli-Handout<\/a><\/div>\n<\/div>\n\n\n\n<div style=\"height:10px\" aria-hidden=\"true\" class=\"wp-block-spacer\"><\/div>\n\n\n\n<div class=\"wp-block-buttons is-layout-flex wp-block-buttons-is-layout-flex\">\n<div class=\"wp-block-button\"><a class=\"wp-block-button__link wp-element-button\" href=\"https:\/\/biolinecorp.ca\/wp-content\/uploads\/2023\/04\/20220716-Bioline-Abiotic-Stress-Tolerance-Flyer-V3-FINAL.pdf\" target=\"_blank\" rel=\"noreferrer noopener\">Handout zur Hitze- und Trockentoleranz<\/a><\/div>\n<\/div>\n<\/div>\n<\/div>\n\n\n\n<div style=\"height:50px\" aria-hidden=\"true\" class=\"wp-block-spacer\"><\/div>\n\n\n<div class=\"w-heading heading-9 text-left\">\n    <div class=\"w-wrapper\">\n                 \n        <h2>           \n            <span>Empfohlene BioLiNE\u00ae-Anwendungszeitpunkte und -mengen<\/span>        <\/h2>\n                    <\/div>\n<\/div>\n\n\n\n<div style=\"height:50px\" aria-hidden=\"true\" class=\"wp-block-spacer\"><\/div>\n\n\n<div class=\"wp-block-image is-style-default\">\n<figure class=\"aligncenter size-large\"><img decoding=\"async\" width=\"1024\" height=\"535\" src=\"https:\/\/biolinecorp.ca\/wp-content\/uploads\/2022\/02\/20200224-Wheat-Stages-Application-v2-1024x535.png\" alt=\"\" class=\"wp-image-24528\" srcset=\"https:\/\/biolinecorp.ca\/wp-content\/uploads\/2022\/02\/20200224-Wheat-Stages-Application-v2-1024x535.png 1024w, https:\/\/biolinecorp.ca\/wp-content\/uploads\/2022\/02\/20200224-Wheat-Stages-Application-v2-600x313.png 600w, https:\/\/biolinecorp.ca\/wp-content\/uploads\/2022\/02\/20200224-Wheat-Stages-Application-v2-768x401.png 768w, https:\/\/biolinecorp.ca\/wp-content\/uploads\/2022\/02\/20200224-Wheat-Stages-Application-v2-640x334.png 640w, https:\/\/biolinecorp.ca\/wp-content\/uploads\/2022\/02\/20200224-Wheat-Stages-Application-v2-1280x668.png 1280w, https:\/\/biolinecorp.ca\/wp-content\/uploads\/2022\/02\/20200224-Wheat-Stages-Application-v2.png 1494w\" sizes=\"(max-width: 1024px) 100vw, 1024px\" \/><\/figure>\n<\/div>\n\n\n<div style=\"height:75px\" aria-hidden=\"true\" class=\"wp-block-spacer\"><\/div>\n\n\n<div class=\"w-heading heading-9 text-left\">\n    <div class=\"w-wrapper\">\n                 \n        <h2>           \n            <span>Ergebnisse der Studie<\/span>        <\/h2>\n                    <\/div>\n<\/div>\n\n\n\n<div style=\"height:50px\" aria-hidden=\"true\" class=\"wp-block-spacer\"><\/div>\n\n\n\n<div class=\"wp-block-media-text alignwide is-stacked-on-mobile\" style=\"grid-template-columns:45% auto\"><figure class=\"wp-block-media-text__media\"><img decoding=\"async\" width=\"1024\" height=\"695\" src=\"https:\/\/biolinecorp.ca\/wp-content\/uploads\/2022\/02\/Winter-Wheat-1-1024x695.png\" alt=\"\" class=\"wp-image-24676 size-full\" srcset=\"https:\/\/biolinecorp.ca\/wp-content\/uploads\/2022\/02\/Winter-Wheat-1-1024x695.png 1024w, https:\/\/biolinecorp.ca\/wp-content\/uploads\/2022\/02\/Winter-Wheat-1-600x407.png 600w, https:\/\/biolinecorp.ca\/wp-content\/uploads\/2022\/02\/Winter-Wheat-1-768x521.png 768w, https:\/\/biolinecorp.ca\/wp-content\/uploads\/2022\/02\/Winter-Wheat-1-1536x1043.png 1536w, https:\/\/biolinecorp.ca\/wp-content\/uploads\/2022\/02\/Winter-Wheat-1-640x435.png 640w, https:\/\/biolinecorp.ca\/wp-content\/uploads\/2022\/02\/Winter-Wheat-1-1280x869.png 1280w, https:\/\/biolinecorp.ca\/wp-content\/uploads\/2022\/02\/Winter-Wheat-1.png 1620w\" sizes=\"(max-width: 1024px) 100vw, 1024px\" \/><\/figure><div class=\"wp-block-media-text__content\">\n<h3 class=\"wp-block-heading has-large-font-size\" id=\"h-winter-wheat-germination\">Keimung von Winterweizen<\/h3>\n\n\n\n<p style=\"font-size:18px\">Winterweizensamen wurden verwendet, um die positiven Auswirkungen von BioLiNE<strong><sup>\u00ae<\/sup><\/strong> auf einen fr\u00fchen und gleichm\u00e4\u00dfigen Aufgang auswirkt. Drei\u00dfig Samen f\u00fcr jede Behandlung wurden mit der gleichen Menge Wasser und Sonnenlicht behandelt. Die Schale, die mit BioLiNE<strong><sup>\u00ae<\/sup><\/strong> Gold zeigt eine gleichm\u00e4\u00dfigere Entwicklung des Weizens im Vergleich zur Kontrolle in der gleichen Wachstumsperiode. <\/p>\n\n\n\n<div class=\"wp-block-buttons is-layout-flex wp-block-buttons-is-layout-flex\">\n<div class=\"wp-block-button\"><a class=\"wp-block-button__link wp-element-button\" href=\"https:\/\/biolinecorp.ca\/wp-content\/uploads\/2022\/02\/20200909-Winter-wheat-planting-v2.pdf\" target=\"_blank\" rel=\"noreferrer noopener\">Winterweizenanbau Artikel <\/a><\/div>\n<\/div>\n<\/div><\/div>\n\n\n\n<div style=\"height:50px\" aria-hidden=\"true\" class=\"wp-block-spacer\"><\/div>\n\n\n\n<hr class=\"wp-block-separator has-css-opacity\"\/>\n\n\n\n<div style=\"height:50px\" aria-hidden=\"true\" class=\"wp-block-spacer\"><\/div>\n\n\n\n<div class=\"wp-block-media-text alignwide is-stacked-on-mobile\" style=\"grid-template-columns:45% auto\"><figure class=\"wp-block-media-text__media\"><img decoding=\"async\" width=\"1024\" height=\"683\" src=\"https:\/\/biolinecorp.ca\/wp-content\/uploads\/2022\/02\/1628025015474-1024x683.jpg\" alt=\"\" class=\"wp-image-24709 size-full\" srcset=\"https:\/\/biolinecorp.ca\/wp-content\/uploads\/2022\/02\/1628025015474-1024x683.jpg 1024w, https:\/\/biolinecorp.ca\/wp-content\/uploads\/2022\/02\/1628025015474-600x400.jpg 600w, https:\/\/biolinecorp.ca\/wp-content\/uploads\/2022\/02\/1628025015474-768x512.jpg 768w, https:\/\/biolinecorp.ca\/wp-content\/uploads\/2022\/02\/1628025015474-1536x1024.jpg 1536w, https:\/\/biolinecorp.ca\/wp-content\/uploads\/2022\/02\/1628025015474-640x427.jpg 640w, https:\/\/biolinecorp.ca\/wp-content\/uploads\/2022\/02\/1628025015474-1280x853.jpg 1280w, https:\/\/biolinecorp.ca\/wp-content\/uploads\/2022\/02\/1628025015474.jpg 2048w\" sizes=\"(max-width: 1024px) 100vw, 1024px\" \/><\/figure><div class=\"wp-block-media-text__content\">\n<h2 class=\"wp-block-heading has-large-font-size\" id=\"h-2021-drought-season\">2021 D\u00fcrresaison<\/h2>\n\n\n\n<p>Dieses Bild zeigt zwei Trockengerstenfelder in Alberta. Das linke Feld befindet sich in der N\u00e4he von Drumheller, Alberta, im Herzen des D\u00fcrregebiets von 2021. Das rechte Feld befindet sich in der Region Hussar in Alberta. BioLiNE<strong><sup>\u00ae<\/sup><\/strong> Beide Landwirte haben sich in der vergangenen Saison bei der Bewirtschaftung ihrer Kulturen auf Gold verlassen. Die Kultur auf der linken Seite wurde zweimal mit BioLiNE behandelt<strong><sup>\u00ae<\/sup><\/strong> Gold und obwohl die Ernte d\u00fcnner war als in den meisten Jahren, hielt sie dem Trockenstress stand. Der Landwirt auf der rechten Seite verwendete BioLiNE<strong><sup>\u00ae<\/sup><\/strong> auf jeder Anbaufl\u00e4che in diesem Betrieb und zeigte im Vergleich zu anderen Feldern eine zus\u00e4tzliche Bodenbestellung und eine fortgeschrittene Kopfentwicklung bei seiner Getreidepflanze. <\/p>\n<\/div><\/div>\n\n\n\n<div style=\"height:50px\" aria-hidden=\"true\" class=\"wp-block-spacer\"><\/div>\n\n\n\n<hr class=\"wp-block-separator has-css-opacity\"\/>\n\n\n\n<div style=\"height:50px\" aria-hidden=\"true\" class=\"wp-block-spacer\"><\/div>\n\n\n\n<h3 class=\"wp-block-heading has-large-font-size\" id=\"h-drought-stress-amelioration-wintering-hills-colony-2021\"><strong>Abhilfe bei Trockenstress \u00dcberwinterungsh\u00fcgel Kolonie 2021<\/strong><\/h3>\n\n\n\n<div style=\"height:10px\" aria-hidden=\"true\" class=\"wp-block-spacer\"><\/div>\n\n\n\n<p>Der durchschnittliche Weizenertrag in S\u00fcd-Alberta lag im Jahr 2020 bei 53,6 bu\/acre. Aufgrund eines intensiven D\u00fcrrejahres im Jahr 2021 sank dieser Durchschnittswert auf 17,8 bu\/acre (33% Ertrag) (<a href=\"https:\/\/open.alberta.ca\/dataset\/664f3ae9-db2a-4e84-91a8-59c7b379a050\/resource\/c2b9e699-667d-4ac1-87b6-bd1c9115c03c\/download\/af-itrb-alberta-crop-report-2021-10-05.pdf\" target=\"_blank\" rel=\"noreferrer noopener\">Alberta-Erntebericht<\/a>). Bei Anwendung von <a href=\"https:\/\/biolinecorp.ca\/de\/bioline-gold\/\" target=\"_blank\" rel=\"noreferrer noopener\">BioLiNE<strong><sup>\u00ae<\/sup><\/strong>&nbsp;Gold<\/a> In 6 verschiedenen Betrieben in der Kolonie Wintering Hills stieg der durchschnittliche Weizenertrag auf 33,4 bu\/acre (62% Ertrag im Vergleich zu den Daten f\u00fcr 2020 und 87,9% mehr als der Bezirksdurchschnitt im Jahr 2021).<\/p>\n\n\n\n<p>Der durchschnittliche Gerstenertrag in S\u00fcd-Alberta lag 2020 bei 73,9 bu\/acre. Aufgrund eines intensiven D\u00fcrrejahres im Jahr 2021 sank dieser Durchschnittswert auf 20,5 bu\/acre (28% Ertrag) (Alberta Crop Report). Mit der Anwendung von <a href=\"https:\/\/biolinecorp.ca\/de\/bioline-gold\/\" target=\"_blank\" rel=\"noreferrer noopener\">BioLiNE<strong><sup>\u00ae<\/sup><\/strong>&nbsp;Gold<\/a> Auf f\u00fcnf verschiedenen Betrieben in der Kolonie Wintering Hills stieg der durchschnittliche Weizenertrag auf 45,6 bu\/acre (62% Ertrag im Vergleich zu den Daten f\u00fcr 2020 und 122,4% mehr als der Bezirksdurchschnitt im Jahr 2021).<\/p>\n\n\n\n<div style=\"height:25px\" aria-hidden=\"true\" class=\"wp-block-spacer\"><\/div>\n\n\n<div class=\"wp-block-image is-style-default\">\n<figure class=\"aligncenter size-large\"><img decoding=\"async\" width=\"1024\" height=\"202\" src=\"https:\/\/biolinecorp.ca\/wp-content\/uploads\/2022\/03\/Wintering-Hills-Wheat-and-Barley-1024x202.png\" alt=\"\" class=\"wp-image-25541\" srcset=\"https:\/\/biolinecorp.ca\/wp-content\/uploads\/2022\/03\/Wintering-Hills-Wheat-and-Barley-1024x202.png 1024w, https:\/\/biolinecorp.ca\/wp-content\/uploads\/2022\/03\/Wintering-Hills-Wheat-and-Barley-600x119.png 600w, https:\/\/biolinecorp.ca\/wp-content\/uploads\/2022\/03\/Wintering-Hills-Wheat-and-Barley-768x152.png 768w, https:\/\/biolinecorp.ca\/wp-content\/uploads\/2022\/03\/Wintering-Hills-Wheat-and-Barley-640x127.png 640w, https:\/\/biolinecorp.ca\/wp-content\/uploads\/2022\/03\/Wintering-Hills-Wheat-and-Barley-1280x253.png 1280w, https:\/\/biolinecorp.ca\/wp-content\/uploads\/2022\/03\/Wintering-Hills-Wheat-and-Barley.png 1325w\" sizes=\"(max-width: 1024px) 100vw, 1024px\" \/><\/figure>\n<\/div>\n\n\n<div style=\"height:50px\" aria-hidden=\"true\" class=\"wp-block-spacer\"><\/div>\n\n\n\n<hr class=\"wp-block-separator has-css-opacity\"\/>\n\n\n\n<div style=\"height:50px\" aria-hidden=\"true\" class=\"wp-block-spacer\"><\/div>\n\n\n\n<h3 class=\"wp-block-heading has-large-font-size\" id=\"h-using-bioline-with-seed-treatment-western-canada-2020\">Verwendung von BioLiNE<strong><sup>\u00ae<\/sup><\/strong> mit Saatgutbehandlung - Westkanada 2020<\/h3>\n\n\n\n<div style=\"height:25px\" aria-hidden=\"true\" class=\"wp-block-spacer\"><\/div>\n\n\n\n<p><strong>Midland-Kolonie (Taber, AB)<\/strong>: Der Weizen ist zwei Tage fr\u00fcher aufgetaucht mit <a href=\"https:\/\/biolinecorp.ca\/de\/bioline-gold\/\" target=\"_blank\" rel=\"noreferrer noopener\">BioLiNE<strong><sup>\u00ae<\/sup><\/strong> Gold<\/a> behandelten Saatguts gegen\u00fcber der Kontrolle. Die Abdeckung der Saatgutbehandlung wurde durch BioLiNE Gold verbessert<strong><sup>\u00ae<\/sup><\/strong> in der Behandlungsmischung.<\/p>\n\n\n\n<p><strong>Todd Duke (Estevan, SK)<\/strong>: Weizen behandelt<strong><sup>\u00ae<\/sup><\/strong> Die mit BioLiNE behandelten Pflanzen wuchsen fr\u00fch auf, und dieser Effekt hielt \u00fcber die gesamte Lebensdauer der Kultur an, was zu einer Ertragssteigerung von 5 bu\/ac gegen\u00fcber der Kontrolle f\u00fchrte.<\/p>\n\n\n\n<head><!-- Global site tag (gtag.js) - Google Ads: 781808697 --> <script async src=\"https:\/\/www.googletagmanager.com\/gtag\/js?id=AW-781808697\"><\/script> <script> window.dataLayer = window.dataLayer || []; function gtag(){dataLayer.push(arguments);} gtag('js', new Date()); gtag('config', 'AW-781808697'); gtag('config', 'AW-781808697');<\/script> <\/head>","protected":false},"excerpt":{"rendered":"<p>How Does BioLiNE\u00ae Help Cereal Production? (Wheat, oats, barley, rye, sorghum, quinoa, buckwheat, and millet) Our BioLiNE\u00ae technology transports and assimilates nutrients, and other plant beneficial ingredients more efficiently. BioLiNE\u00ae products enhance crop health through their entire life-cycle from seeding to harvest. The BioLiNE\u00ae products supply electrolytes and establish electrochemical balance in plants. The result [&hellip;]<\/p>\n","protected":false},"author":2,"featured_media":0,"parent":0,"menu_order":13,"comment_status":"closed","ping_status":"closed","template":"","meta":{"_monsterinsights_skip_tracking":false,"_monsterinsights_sitenote_active":false,"_monsterinsights_sitenote_note":"","_monsterinsights_sitenote_category":0,"footnotes":""},"class_list":["post-24077","page","type-page","status-publish","hentry"],"yoast_head":"<!-- This site is optimized with the Yoast SEO Premium plugin v27.3 (Yoast SEO v27.3) - https:\/\/yoast.com\/product\/yoast-seo-premium-wordpress\/ -->\n<title>Cereals -<\/title>\n<meta name=\"description\" content=\"BioLiNE\u00ae products enhance crop health through their entire life-cycle from seeding to harvest by increasing natural defenses against stress.\" \/>\n<meta name=\"robots\" content=\"index, follow, max-snippet:-1, max-image-preview:large, max-video-preview:-1\" \/>\n<link rel=\"canonical\" href=\"https:\/\/biolinecorp.ca\/de\/getreide\/\" \/>\n<meta property=\"og:locale\" content=\"de_DE\" \/>\n<meta property=\"og:type\" content=\"article\" \/>\n<meta property=\"og:title\" content=\"Cereals\" \/>\n<meta property=\"og:description\" content=\"BioLiNE\u00ae products enhance crop health through their entire life-cycle from seeding to harvest by increasing natural defenses against stress.\" \/>\n<meta property=\"og:url\" content=\"https:\/\/biolinecorp.ca\/de\/getreide\/\" \/>\n<meta property=\"article:publisher\" content=\"https:\/\/www.facebook.com\/BiolineCorp\/\" \/>\n<meta property=\"article:modified_time\" content=\"2023-09-14T13:35:29+00:00\" \/>\n<meta property=\"og:image\" content=\"https:\/\/biolinecorp.ca\/wp-content\/uploads\/2022\/02\/20200224-Wheat-Stages-Application-v2-1024x535.png\" \/>\n<meta name=\"twitter:card\" content=\"summary_large_image\" \/>\n<meta name=\"twitter:site\" content=\"@BiolineCorp\" \/>\n<meta name=\"twitter:label1\" content=\"Gesch\u00e4tzte Lesezeit\" \/>\n\t<meta name=\"twitter:data1\" content=\"4\u00a0Minuten\" \/>\n<script type=\"application\/ld+json\" class=\"yoast-schema-graph\">{\"@context\":\"https:\\\/\\\/schema.org\",\"@graph\":[{\"@type\":\"WebPage\",\"@id\":\"http:\\\/\\\/biolinecorp.ca\\\/en_ca\\\/cereals\\\/\",\"url\":\"http:\\\/\\\/biolinecorp.ca\\\/en_ca\\\/cereals\\\/\",\"name\":\"Cereals -\",\"isPartOf\":{\"@id\":\"https:\\\/\\\/biolinecorp.ca\\\/#website\"},\"primaryImageOfPage\":{\"@id\":\"http:\\\/\\\/biolinecorp.ca\\\/en_ca\\\/cereals\\\/#primaryimage\"},\"image\":{\"@id\":\"http:\\\/\\\/biolinecorp.ca\\\/en_ca\\\/cereals\\\/#primaryimage\"},\"thumbnailUrl\":\"https:\\\/\\\/biolinecorp.ca\\\/wp-content\\\/uploads\\\/2022\\\/02\\\/20200224-Wheat-Stages-Application-v2-1024x535.png\",\"datePublished\":\"2022-02-10T17:23:07+00:00\",\"dateModified\":\"2023-09-14T13:35:29+00:00\",\"description\":\"BioLiNE\u00ae products enhance crop health through their entire life-cycle from seeding to harvest by increasing natural defenses against stress.\",\"breadcrumb\":{\"@id\":\"http:\\\/\\\/biolinecorp.ca\\\/en_ca\\\/cereals\\\/#breadcrumb\"},\"inLanguage\":\"de\",\"potentialAction\":[{\"@type\":\"ReadAction\",\"target\":[\"http:\\\/\\\/biolinecorp.ca\\\/en_ca\\\/cereals\\\/\"]}]},{\"@type\":\"ImageObject\",\"inLanguage\":\"de\",\"@id\":\"http:\\\/\\\/biolinecorp.ca\\\/en_ca\\\/cereals\\\/#primaryimage\",\"url\":\"https:\\\/\\\/biolinecorp.ca\\\/wp-content\\\/uploads\\\/2022\\\/02\\\/20200224-Wheat-Stages-Application-v2-1024x535.png\",\"contentUrl\":\"https:\\\/\\\/biolinecorp.ca\\\/wp-content\\\/uploads\\\/2022\\\/02\\\/20200224-Wheat-Stages-Application-v2-1024x535.png\"},{\"@type\":\"BreadcrumbList\",\"@id\":\"http:\\\/\\\/biolinecorp.ca\\\/en_ca\\\/cereals\\\/#breadcrumb\",\"itemListElement\":[{\"@type\":\"ListItem\",\"position\":1,\"name\":\"Home\",\"item\":\"https:\\\/\\\/biolinecorp.ca\\\/en_ca\\\/\"},{\"@type\":\"ListItem\",\"position\":2,\"name\":\"Cereals\"}]},{\"@type\":\"WebSite\",\"@id\":\"https:\\\/\\\/biolinecorp.ca\\\/#website\",\"url\":\"https:\\\/\\\/biolinecorp.ca\\\/\",\"name\":\"BioLine Corporation\",\"description\":\"\",\"publisher\":{\"@id\":\"https:\\\/\\\/biolinecorp.ca\\\/#organization\"},\"potentialAction\":[{\"@type\":\"SearchAction\",\"target\":{\"@type\":\"EntryPoint\",\"urlTemplate\":\"https:\\\/\\\/biolinecorp.ca\\\/?s={search_term_string}\"},\"query-input\":{\"@type\":\"PropertyValueSpecification\",\"valueRequired\":true,\"valueName\":\"search_term_string\"}}],\"inLanguage\":\"de\"},{\"@type\":\"Organization\",\"@id\":\"https:\\\/\\\/biolinecorp.ca\\\/#organization\",\"name\":\"Bioline Corporation\",\"url\":\"https:\\\/\\\/biolinecorp.ca\\\/\",\"logo\":{\"@type\":\"ImageObject\",\"inLanguage\":\"de\",\"@id\":\"https:\\\/\\\/biolinecorp.ca\\\/#\\\/schema\\\/logo\\\/image\\\/\",\"url\":\"https:\\\/\\\/biolinecorp.ca\\\/wp-content\\\/uploads\\\/2018\\\/02\\\/Bioline_logo.png\",\"contentUrl\":\"https:\\\/\\\/biolinecorp.ca\\\/wp-content\\\/uploads\\\/2018\\\/02\\\/Bioline_logo.png\",\"width\":667,\"height\":181,\"caption\":\"Bioline Corporation\"},\"image\":{\"@id\":\"https:\\\/\\\/biolinecorp.ca\\\/#\\\/schema\\\/logo\\\/image\\\/\"},\"sameAs\":[\"https:\\\/\\\/www.facebook.com\\\/BiolineCorp\\\/\",\"https:\\\/\\\/x.com\\\/BiolineCorp\",\"https:\\\/\\\/www.linkedin.com\\\/company\\\/bioline-corp\\\/\",\"https:\\\/\\\/www.youtube.com\\\/channel\\\/UCpD4bbIdegjthmdriZ2SAow\"]}]}<\/script>\n<!-- \/ Yoast SEO Premium plugin. -->","yoast_head_json":{"title":"Cerealien -","description":"BioLiNE\u00ae Produkte verbessern die Gesundheit der Pflanzen w\u00e4hrend ihres gesamten Lebenszyklus von der Aussaat bis zur Ernte, indem sie die nat\u00fcrlichen Abwehrkr\u00e4fte gegen Stress st\u00e4rken.","robots":{"index":"index","follow":"follow","max-snippet":"max-snippet:-1","max-image-preview":"max-image-preview:large","max-video-preview":"max-video-preview:-1"},"canonical":"https:\/\/biolinecorp.ca\/de\/getreide\/","og_locale":"de_DE","og_type":"article","og_title":"Cereals","og_description":"BioLiNE\u00ae products enhance crop health through their entire life-cycle from seeding to harvest by increasing natural defenses against stress.","og_url":"https:\/\/biolinecorp.ca\/de\/getreide\/","article_publisher":"https:\/\/www.facebook.com\/BiolineCorp\/","article_modified_time":"2023-09-14T13:35:29+00:00","og_image":[{"url":"https:\/\/biolinecorp.ca\/wp-content\/uploads\/2022\/02\/20200224-Wheat-Stages-Application-v2-1024x535.png","type":"","width":"","height":""}],"twitter_card":"summary_large_image","twitter_site":"@BiolineCorp","twitter_misc":{"Gesch\u00e4tzte Lesezeit":"4\u00a0Minuten"},"schema":{"@context":"https:\/\/schema.org","@graph":[{"@type":"WebPage","@id":"http:\/\/biolinecorp.ca\/en_ca\/cereals\/","url":"http:\/\/biolinecorp.ca\/en_ca\/cereals\/","name":"Cerealien -","isPartOf":{"@id":"https:\/\/biolinecorp.ca\/#website"},"primaryImageOfPage":{"@id":"http:\/\/biolinecorp.ca\/en_ca\/cereals\/#primaryimage"},"image":{"@id":"http:\/\/biolinecorp.ca\/en_ca\/cereals\/#primaryimage"},"thumbnailUrl":"https:\/\/biolinecorp.ca\/wp-content\/uploads\/2022\/02\/20200224-Wheat-Stages-Application-v2-1024x535.png","datePublished":"2022-02-10T17:23:07+00:00","dateModified":"2023-09-14T13:35:29+00:00","description":"BioLiNE\u00ae Produkte verbessern die Gesundheit der Pflanzen w\u00e4hrend ihres gesamten Lebenszyklus von der Aussaat bis zur Ernte, indem sie die nat\u00fcrlichen Abwehrkr\u00e4fte gegen Stress st\u00e4rken.","breadcrumb":{"@id":"http:\/\/biolinecorp.ca\/en_ca\/cereals\/#breadcrumb"},"inLanguage":"de","potentialAction":[{"@type":"ReadAction","target":["http:\/\/biolinecorp.ca\/en_ca\/cereals\/"]}]},{"@type":"ImageObject","inLanguage":"de","@id":"http:\/\/biolinecorp.ca\/en_ca\/cereals\/#primaryimage","url":"https:\/\/biolinecorp.ca\/wp-content\/uploads\/2022\/02\/20200224-Wheat-Stages-Application-v2-1024x535.png","contentUrl":"https:\/\/biolinecorp.ca\/wp-content\/uploads\/2022\/02\/20200224-Wheat-Stages-Application-v2-1024x535.png"},{"@type":"BreadcrumbList","@id":"http:\/\/biolinecorp.ca\/en_ca\/cereals\/#breadcrumb","itemListElement":[{"@type":"ListItem","position":1,"name":"Home","item":"https:\/\/biolinecorp.ca\/en_ca\/"},{"@type":"ListItem","position":2,"name":"Cereals"}]},{"@type":"WebSite","@id":"https:\/\/biolinecorp.ca\/#website","url":"https:\/\/biolinecorp.ca\/","name":"BioLine Gesellschaft","description":"","publisher":{"@id":"https:\/\/biolinecorp.ca\/#organization"},"potentialAction":[{"@type":"SearchAction","target":{"@type":"EntryPoint","urlTemplate":"https:\/\/biolinecorp.ca\/?s={search_term_string}"},"query-input":{"@type":"PropertyValueSpecification","valueRequired":true,"valueName":"search_term_string"}}],"inLanguage":"de"},{"@type":"Organization","@id":"https:\/\/biolinecorp.ca\/#organization","name":"Bioline Gesellschaft","url":"https:\/\/biolinecorp.ca\/","logo":{"@type":"ImageObject","inLanguage":"de","@id":"https:\/\/biolinecorp.ca\/#\/schema\/logo\/image\/","url":"https:\/\/biolinecorp.ca\/wp-content\/uploads\/2018\/02\/Bioline_logo.png","contentUrl":"https:\/\/biolinecorp.ca\/wp-content\/uploads\/2018\/02\/Bioline_logo.png","width":667,"height":181,"caption":"Bioline Corporation"},"image":{"@id":"https:\/\/biolinecorp.ca\/#\/schema\/logo\/image\/"},"sameAs":["https:\/\/www.facebook.com\/BiolineCorp\/","https:\/\/x.com\/BiolineCorp","https:\/\/www.linkedin.com\/company\/bioline-corp\/","https:\/\/www.youtube.com\/channel\/UCpD4bbIdegjthmdriZ2SAow"]}]}},"_links":{"self":[{"href":"https:\/\/biolinecorp.ca\/de\/wp-json\/wp\/v2\/pages\/24077","targetHints":{"allow":["GET"]}}],"collection":[{"href":"https:\/\/biolinecorp.ca\/de\/wp-json\/wp\/v2\/pages"}],"about":[{"href":"https:\/\/biolinecorp.ca\/de\/wp-json\/wp\/v2\/types\/page"}],"author":[{"embeddable":true,"href":"https:\/\/biolinecorp.ca\/de\/wp-json\/wp\/v2\/users\/2"}],"replies":[{"embeddable":true,"href":"https:\/\/biolinecorp.ca\/de\/wp-json\/wp\/v2\/comments?post=24077"}],"version-history":[{"count":0,"href":"https:\/\/biolinecorp.ca\/de\/wp-json\/wp\/v2\/pages\/24077\/revisions"}],"wp:attachment":[{"href":"https:\/\/biolinecorp.ca\/de\/wp-json\/wp\/v2\/media?parent=24077"}],"curies":[{"name":"wp","href":"https:\/\/api.w.org\/{rel}","templated":true}]}}