{"id":24075,"date":"2022-02-10T12:17:51","date_gmt":"2022-02-10T17:17:51","guid":{"rendered":"https:\/\/biolinecorp.ca\/?page_id=24075"},"modified":"2023-09-13T15:26:24","modified_gmt":"2023-09-13T19:26:24","slug":"canola","status":"publish","type":"page","link":"https:\/\/biolinecorp.ca\/de\/raps-2\/","title":{"rendered":"Raps"},"content":{"rendered":"<div style=\"height:75px\" aria-hidden=\"true\" class=\"wp-block-spacer\"><\/div>\n\n\n\n<h3 class=\"wp-block-heading has-large-font-size\" id=\"h-how-does-bioline-help-canola-production\">Wie funktioniert BioLiNE<strong><sup>\u00ae<\/sup><\/strong> Hilfe f\u00fcr den Rapsanbau?<\/h3>\n\n\n\n<div style=\"height:25px\" aria-hidden=\"true\" class=\"wp-block-spacer\"><\/div>\n\n\n\n<p style=\"font-size:18px\">Unser BioLiNE<strong><sup>\u00ae<\/sup><\/strong> <a href=\"https:\/\/biolinecorp.ca\/de\/unsere-technologie\/\" target=\"_blank\" rel=\"noreferrer noopener\">Technologie<\/a> transportiert und assimiliert N\u00e4hrstoffe und andere n\u00fctzliche Pflanzeninhaltsstoffe effizienter. BioLiNE<strong><sup>\u00ae<\/sup><\/strong> Produkte verbessern die Gesundheit der Pflanzen w\u00e4hrend ihres gesamten Lebenszyklus von der Aussaat bis zur Ernte, indem sie Elektrolyte liefern und das elektrochemische Gleichgewicht in den Pflanzen herstellen. Die Kombination dieser \u00e4u\u00dferst n\u00fctzlichen Eigenschaft mit verbesserter bioaktiver Chemie, \u00fcberlegener Zellpermeabilit\u00e4t und beschleunigtem N\u00e4hrstoffaustausch ist unser Vorteil. <\/p>\n\n\n\n<div class=\"wp-block-columns is-layout-flex wp-container-core-columns-is-layout-9d6595d7 wp-block-columns-is-layout-flex\">\n<div class=\"wp-block-column is-layout-flow wp-block-column-is-layout-flow\" style=\"flex-basis:66.66%\">\n<ol class=\"wp-block-list\" style=\"font-size:18px\">\n<li><strong>Bepflanzung:<\/strong> Verwendung als Saatgutbeschichtung, als Impr\u00e4gnierung auf Trockend\u00fcnger oder als Tankmischung mit Fl\u00fcssigd\u00fcnger f\u00fcr die Ausbringung in der Furche oder als Seitend\u00fcngung<\/li>\n\n\n\n<li><strong>1 bis 3 Blattstadium:<\/strong> Tankmischung mit Herbiziden oder anderen N\u00e4hrstoffeintr\u00e4gen<\/li>\n\n\n\n<li><strong>2 bis 6 Blattstadium: <\/strong>Tankmischung mit Fungizid oder anderen N\u00e4hrstoffeintr\u00e4gen<\/li>\n<\/ol>\n<\/div>\n\n\n\n<div class=\"wp-block-column is-vertically-aligned-center is-layout-flow wp-block-column-is-layout-flow\" style=\"flex-basis:33.33%\">\n<div class=\"wp-block-buttons is-content-justification-center is-layout-flex wp-container-core-buttons-is-layout-16018d1d wp-block-buttons-is-layout-flex\">\n<div class=\"wp-block-button aligncenter\"><a class=\"wp-block-button__link wp-element-button\" href=\"https:\/\/biolinecorp.ca\/wp-content\/uploads\/2022\/05\/20220504-Canola-Handout-V4.pdf\" target=\"_blank\" rel=\"noreferrer noopener\">Raps Handout<\/a><\/div>\n\n\n\n<div class=\"wp-block-button\"><a class=\"wp-block-button__link wp-element-button\" href=\"https:\/\/biolinecorp.ca\/wp-content\/uploads\/2023\/04\/20220716-Bioline-Abiotic-Stress-Tolerance-Flyer-V3-FINAL.pdf\" target=\"_blank\" rel=\"noreferrer noopener\">Handout zur Hitze- und Trockentoleranz<\/a><\/div>\n<\/div>\n<\/div>\n<\/div>\n\n\n\n<div style=\"height:50px\" aria-hidden=\"true\" class=\"wp-block-spacer\"><\/div>\n\n\n<div class=\"w-heading heading-9 text-left\">\n    <div class=\"w-wrapper\">\n                 \n        <h2>           \n            <span>Empfohlene BioLiNE\u00ae-Anwendungszeitpunkte und -mengen<\/span>        <\/h2>\n                    <\/div>\n<\/div>\n\n\n\n<div style=\"height:50px\" aria-hidden=\"true\" class=\"wp-block-spacer\"><\/div>\n\n\n<div class=\"wp-block-image is-style-default\">\n<figure class=\"aligncenter size-large\"><img decoding=\"async\" width=\"1024\" height=\"560\" src=\"https:\/\/biolinecorp.ca\/wp-content\/uploads\/2022\/02\/20200224-Canola-Stages-of-Application-Image-1024x560.png\" alt=\"Foto der Ausbringungszeitpunkte und -mengen f\u00fcr Raps.\" class=\"wp-image-24544\" srcset=\"https:\/\/biolinecorp.ca\/wp-content\/uploads\/2022\/02\/20200224-Canola-Stages-of-Application-Image-1024x560.png 1024w, https:\/\/biolinecorp.ca\/wp-content\/uploads\/2022\/02\/20200224-Canola-Stages-of-Application-Image-600x328.png 600w, https:\/\/biolinecorp.ca\/wp-content\/uploads\/2022\/02\/20200224-Canola-Stages-of-Application-Image-768x420.png 768w, https:\/\/biolinecorp.ca\/wp-content\/uploads\/2022\/02\/20200224-Canola-Stages-of-Application-Image-640x350.png 640w, https:\/\/biolinecorp.ca\/wp-content\/uploads\/2022\/02\/20200224-Canola-Stages-of-Application-Image-1280x700.png 1280w, https:\/\/biolinecorp.ca\/wp-content\/uploads\/2022\/02\/20200224-Canola-Stages-of-Application-Image.png 1441w\" sizes=\"(max-width: 1024px) 100vw, 1024px\" \/><\/figure>\n<\/div>\n\n\n<div style=\"height:75px\" aria-hidden=\"true\" class=\"wp-block-spacer\"><\/div>\n\n\n<div class=\"w-heading heading-9 text-left\">\n    <div class=\"w-wrapper\">\n                 \n        <h2>           \n            <span>Ergebnisse der Studie<\/span>        <\/h2>\n                    <\/div>\n<\/div>\n\n\n\n<div style=\"height:50px\" aria-hidden=\"true\" class=\"wp-block-spacer\"><\/div>\n\n\n\n<h3 class=\"wp-block-heading has-large-font-size\" id=\"h-application-of-bioline-fulvic-acid-under-drought\">Anwendung von BioLiNE<strong><sup>\u00ae<\/sup><\/strong> Violett-S\u00e4ure bei Trockenheit<\/h3>\n\n\n\n<div style=\"height:25px\" aria-hidden=\"true\" class=\"wp-block-spacer\"><\/div>\n\n\n\n<p style=\"font-size:18px\"><strong>Glutathion<\/strong>, <strong>Ascorbat<\/strong>und <strong>Katalase<\/strong> sind alle chemischen Spezies, die an der Umwandlung und Entgiftung von radikalen Sauerstoffspezies (ROS) beteiligt sind, um Sch\u00e4den an der Pflanze zu verhindern. ROS spielen eine wichtige Rolle f\u00fcr das Wachstum und die Entwicklung von Pflanzen. Wenn ihre Konzentration bei Stress ansteigt, entsteht oxidativer Stress, der zu Lipidperoxidation und Zellsch\u00e4den f\u00fchren kann. Die Aktivit\u00e4t dieser Chemikalien nimmt zu, wenn eine Pflanze abiotischem Stress wie Trockenheit ausgesetzt ist. Die <strong>DPPH<\/strong> Test ist\u00a0<strong>zur Vorhersage der antioxidativen Aktivit\u00e4ten nach dem Mechanismus, mit dem Antioxidantien die Lipidoxidation hemmen<\/strong>. Wenn der Gehalt an Antioxidantien gestiegen ist, d\u00fcrfte sich auch die Menge der DPPH-Filterung erh\u00f6hen.<\/p>\n\n\n\n<p style=\"font-size:18px\">Versuche in kontrollierter Umgebung zeigten, dass mit BioLiNE behandelte Pflanzen bei Trockenheit<strong><sup>\u00ae<\/sup><\/strong> wiesen h\u00f6here Antioxidantien- (Ascorbat und Glutathion), Katalase- und DPPH-Werte auf, was zeigt, dass Fulvins\u00e4ure die F\u00e4higkeit von Raps unterst\u00fctzt, seine Reaktion auf Trockenstress zu verbessern, indem sie ROS, die die Pflanze sch\u00e4digen w\u00fcrden, verhindert. <\/p>\n\n\n\n<div class=\"wp-block-columns is-layout-flex wp-container-core-columns-is-layout-9d6595d7 wp-block-columns-is-layout-flex\">\n<div class=\"wp-block-column is-layout-flow wp-block-column-is-layout-flow\">\n<figure class=\"wp-block-image size-large is-resized is-style-default\"><img decoding=\"async\" src=\"https:\/\/biolinecorp.ca\/wp-content\/uploads\/2022\/02\/Canola-Catalase-1024x737.png\" alt=\"Grafik, die die F\u00e4higkeit von BioLiNE zeigt, die Katalase-Aktivit\u00e4t zu verbessern.\" class=\"wp-image-24835\" style=\"width:203px;height:146px\" width=\"203\" height=\"146\" srcset=\"https:\/\/biolinecorp.ca\/wp-content\/uploads\/2022\/02\/Canola-Catalase-1024x737.png 1024w, https:\/\/biolinecorp.ca\/wp-content\/uploads\/2022\/02\/Canola-Catalase-600x432.png 600w, https:\/\/biolinecorp.ca\/wp-content\/uploads\/2022\/02\/Canola-Catalase-768x553.png 768w, https:\/\/biolinecorp.ca\/wp-content\/uploads\/2022\/02\/Canola-Catalase-640x460.png 640w, https:\/\/biolinecorp.ca\/wp-content\/uploads\/2022\/02\/Canola-Catalase-1280x921.png 1280w, https:\/\/biolinecorp.ca\/wp-content\/uploads\/2022\/02\/Canola-Catalase.png 1344w\" sizes=\"(max-width: 203px) 100vw, 203px\" \/><\/figure>\n<\/div>\n\n\n\n<div class=\"wp-block-column is-layout-flow wp-block-column-is-layout-flow\">\n<figure class=\"wp-block-image size-large is-style-default\"><img decoding=\"async\" width=\"1024\" height=\"746\" src=\"https:\/\/biolinecorp.ca\/wp-content\/uploads\/2022\/03\/Canola-AsA-1024x746.png\" alt=\"Die Grafik zeigt die F\u00e4higkeit von BioLiNE, die Ascorbatkonzentration zu verbessern.\" class=\"wp-image-25166\" srcset=\"https:\/\/biolinecorp.ca\/wp-content\/uploads\/2022\/03\/Canola-AsA-1024x746.png 1024w, https:\/\/biolinecorp.ca\/wp-content\/uploads\/2022\/03\/Canola-AsA-600x437.png 600w, https:\/\/biolinecorp.ca\/wp-content\/uploads\/2022\/03\/Canola-AsA-768x560.png 768w, https:\/\/biolinecorp.ca\/wp-content\/uploads\/2022\/03\/Canola-AsA-640x467.png 640w, https:\/\/biolinecorp.ca\/wp-content\/uploads\/2022\/03\/Canola-AsA-1280x933.png 1280w, https:\/\/biolinecorp.ca\/wp-content\/uploads\/2022\/03\/Canola-AsA.png 1343w\" sizes=\"(max-width: 1024px) 100vw, 1024px\" \/><\/figure>\n<\/div>\n\n\n\n<div class=\"wp-block-column is-layout-flow wp-block-column-is-layout-flow\">\n<figure class=\"wp-block-image size-large is-style-default\"><img decoding=\"async\" width=\"1024\" height=\"737\" src=\"https:\/\/biolinecorp.ca\/wp-content\/uploads\/2022\/02\/Canola-GSH-1024x737.png\" alt=\"Die Grafik zeigt die F\u00e4higkeit von BioLiNE, die Glutathionkonzentration zu verbessern.\" class=\"wp-image-24836\" srcset=\"https:\/\/biolinecorp.ca\/wp-content\/uploads\/2022\/02\/Canola-GSH-1024x737.png 1024w, https:\/\/biolinecorp.ca\/wp-content\/uploads\/2022\/02\/Canola-GSH-600x432.png 600w, https:\/\/biolinecorp.ca\/wp-content\/uploads\/2022\/02\/Canola-GSH-768x553.png 768w, https:\/\/biolinecorp.ca\/wp-content\/uploads\/2022\/02\/Canola-GSH-640x461.png 640w, https:\/\/biolinecorp.ca\/wp-content\/uploads\/2022\/02\/Canola-GSH-1280x922.png 1280w, https:\/\/biolinecorp.ca\/wp-content\/uploads\/2022\/02\/Canola-GSH.png 1343w\" sizes=\"(max-width: 1024px) 100vw, 1024px\" \/><\/figure>\n<\/div>\n\n\n\n<div class=\"wp-block-column is-layout-flow wp-block-column-is-layout-flow\">\n<figure class=\"wp-block-image size-large is-style-default\"><img decoding=\"async\" width=\"1024\" height=\"739\" src=\"https:\/\/biolinecorp.ca\/wp-content\/uploads\/2022\/02\/Canola-DPPH-1024x739.png\" alt=\"Die Grafik zeigt die F\u00e4higkeit von BioLiNE, die DPPH-F\u00e4rbung zu verbessern.\" class=\"wp-image-24837\" srcset=\"https:\/\/biolinecorp.ca\/wp-content\/uploads\/2022\/02\/Canola-DPPH-1024x739.png 1024w, https:\/\/biolinecorp.ca\/wp-content\/uploads\/2022\/02\/Canola-DPPH-600x433.png 600w, https:\/\/biolinecorp.ca\/wp-content\/uploads\/2022\/02\/Canola-DPPH-768x554.png 768w, https:\/\/biolinecorp.ca\/wp-content\/uploads\/2022\/02\/Canola-DPPH-640x462.png 640w, https:\/\/biolinecorp.ca\/wp-content\/uploads\/2022\/02\/Canola-DPPH-1280x924.png 1280w, https:\/\/biolinecorp.ca\/wp-content\/uploads\/2022\/02\/Canola-DPPH.png 1343w\" sizes=\"(max-width: 1024px) 100vw, 1024px\" \/><\/figure>\n<\/div>\n<\/div>\n\n\n\n<div style=\"height:10px\" aria-hidden=\"true\" class=\"wp-block-spacer\"><\/div>\n\n\n\n<hr class=\"wp-block-separator has-css-opacity\"\/>\n\n\n\n<div style=\"height:50px\" aria-hidden=\"true\" class=\"wp-block-spacer\"><\/div>\n\n\n\n<h3 class=\"wp-block-heading has-large-font-size\" id=\"h-drought-stress-amelioration-wintering-hills-colony-2021\"><strong>Abhilfe bei Trockenstress \u00dcberwinterungsh\u00fcgel Kolonie 2021<\/strong><\/h3>\n\n\n\n<div style=\"height:25px\" aria-hidden=\"true\" class=\"wp-block-spacer\"><\/div>\n\n\n\n<p>Der Durchschnittsertrag f\u00fcr S\u00fcd-Alberta lag 2020 bei 44,0 bu\/acre. Aufgrund eines intensiven D\u00fcrrejahres im Jahr 2021 sank dieser Durchschnittsertrag auf 16,1 bu\/acre (37% Ertrag) (<a href=\"https:\/\/open.alberta.ca\/dataset\/664f3ae9-db2a-4e84-91a8-59c7b379a050\/resource\/c2b9e699-667d-4ac1-87b6-bd1c9115c03c\/download\/af-itrb-alberta-crop-report-2021-10-05.pdf\" target=\"_blank\" rel=\"noreferrer noopener\">Alberta-Erntebericht<\/a>).<\/p>\n\n\n\n<p>Mit Anwendung von BioLiNE<strong><sup>\u00ae<\/sup><\/strong> Bei 8 verschiedenen Betrieben in der Kolonie Wintering Hills stieg der durchschnittliche Rapsertrag auf 27,0 bu\/acre (61% Ertrag im Vergleich zu den Daten f\u00fcr 2020 und 64,9% mehr als der Bezirksdurchschnitt f\u00fcr 2021).<\/p>\n\n\n\n<div style=\"height:25px\" aria-hidden=\"true\" class=\"wp-block-spacer\"><\/div>\n\n\n\n<figure class=\"wp-block-image size-large is-resized is-style-default\"><img decoding=\"async\" src=\"https:\/\/biolinecorp.ca\/wp-content\/uploads\/2022\/03\/Wintering-Hills-Results-2-1024x102.jpg\" alt=\"\" class=\"wp-image-25176\" style=\"width:1209px;height:120px\" width=\"1209\" height=\"120\" srcset=\"https:\/\/biolinecorp.ca\/wp-content\/uploads\/2022\/03\/Wintering-Hills-Results-2-1024x102.jpg 1024w, https:\/\/biolinecorp.ca\/wp-content\/uploads\/2022\/03\/Wintering-Hills-Results-2-600x60.jpg 600w, https:\/\/biolinecorp.ca\/wp-content\/uploads\/2022\/03\/Wintering-Hills-Results-2-768x76.jpg 768w, https:\/\/biolinecorp.ca\/wp-content\/uploads\/2022\/03\/Wintering-Hills-Results-2-1536x153.jpg 1536w, https:\/\/biolinecorp.ca\/wp-content\/uploads\/2022\/03\/Wintering-Hills-Results-2-640x64.jpg 640w, https:\/\/biolinecorp.ca\/wp-content\/uploads\/2022\/03\/Wintering-Hills-Results-2-1280x127.jpg 1280w, https:\/\/biolinecorp.ca\/wp-content\/uploads\/2022\/03\/Wintering-Hills-Results-2.jpg 1692w\" sizes=\"(max-width: 1209px) 100vw, 1209px\" \/><\/figure>\n\n\n\n<head><!-- Global site tag (gtag.js) - Google Ads: 781808697 --> <script async src=\"https:\/\/www.googletagmanager.com\/gtag\/js?id=AW-781808697\"><\/script> <script> window.dataLayer = window.dataLayer || []; function gtag(){dataLayer.push(arguments);} gtag('js', new Date()); gtag('config', 'AW-781808697'); gtag('config', 'AW-781808697');<\/script> <\/head>","protected":false},"excerpt":{"rendered":"<p>How Does BioLiNE\u00ae Help Canola Production? Our BioLiNE\u00ae technology transports and assimilates nutrients, and other plant beneficial ingredients more efficiently. BioLiNE\u00ae products enhance crop health through their entire life-cycle from seeding to harvest by supplying electrolytes and establishing electrochemical balance in plants. Combining this highly beneficial attribute with improved bioactive chemistry, superior cell permeability, and [&hellip;]<\/p>\n","protected":false},"author":2,"featured_media":0,"parent":0,"menu_order":14,"comment_status":"closed","ping_status":"closed","template":"","meta":{"_monsterinsights_skip_tracking":false,"_monsterinsights_sitenote_active":false,"_monsterinsights_sitenote_note":"","_monsterinsights_sitenote_category":0,"footnotes":""},"class_list":["post-24075","page","type-page","status-publish","hentry"],"yoast_head":"<!-- This site is optimized with the Yoast SEO Premium plugin v27.3 (Yoast SEO v27.3) - https:\/\/yoast.com\/product\/yoast-seo-premium-wordpress\/ -->\n<title>Canola -<\/title>\n<meta name=\"description\" content=\"BioLiNE\u00ae technology helps improve canola plant&#039;s natural defenses against abiotic (environmental) stress to preserve potential yield loss.\" \/>\n<meta name=\"robots\" content=\"index, follow, max-snippet:-1, max-image-preview:large, max-video-preview:-1\" \/>\n<link rel=\"canonical\" href=\"https:\/\/biolinecorp.ca\/de\/raps-2\/\" \/>\n<meta property=\"og:locale\" content=\"de_DE\" \/>\n<meta property=\"og:type\" content=\"article\" \/>\n<meta property=\"og:title\" content=\"Canola\" \/>\n<meta property=\"og:description\" content=\"BioLiNE\u00ae technology helps improve canola plant&#039;s natural defenses against abiotic (environmental) stress to preserve potential yield loss.\" \/>\n<meta property=\"og:url\" content=\"https:\/\/biolinecorp.ca\/de\/raps-2\/\" \/>\n<meta property=\"article:publisher\" content=\"https:\/\/www.facebook.com\/BiolineCorp\/\" \/>\n<meta property=\"article:modified_time\" content=\"2023-09-13T19:26:24+00:00\" \/>\n<meta property=\"og:image\" content=\"https:\/\/biolinecorp.ca\/wp-content\/uploads\/2022\/02\/20200224-Canola-Stages-of-Application-Image-1024x560.png\" \/>\n<meta name=\"twitter:card\" content=\"summary_large_image\" \/>\n<meta name=\"twitter:site\" content=\"@BiolineCorp\" \/>\n<meta name=\"twitter:label1\" content=\"Gesch\u00e4tzte Lesezeit\" \/>\n\t<meta name=\"twitter:data1\" content=\"3\u00a0Minuten\" \/>\n<script type=\"application\/ld+json\" class=\"yoast-schema-graph\">{\"@context\":\"https:\\\/\\\/schema.org\",\"@graph\":[{\"@type\":\"WebPage\",\"@id\":\"https:\\\/\\\/biolinecorp.ca\\\/en_ca\\\/canola\\\/\",\"url\":\"https:\\\/\\\/biolinecorp.ca\\\/en_ca\\\/canola\\\/\",\"name\":\"Canola -\",\"isPartOf\":{\"@id\":\"https:\\\/\\\/biolinecorp.ca\\\/#website\"},\"primaryImageOfPage\":{\"@id\":\"https:\\\/\\\/biolinecorp.ca\\\/en_ca\\\/canola\\\/#primaryimage\"},\"image\":{\"@id\":\"https:\\\/\\\/biolinecorp.ca\\\/en_ca\\\/canola\\\/#primaryimage\"},\"thumbnailUrl\":\"https:\\\/\\\/biolinecorp.ca\\\/wp-content\\\/uploads\\\/2022\\\/02\\\/20200224-Canola-Stages-of-Application-Image-1024x560.png\",\"datePublished\":\"2022-02-10T17:17:51+00:00\",\"dateModified\":\"2023-09-13T19:26:24+00:00\",\"description\":\"BioLiNE\u00ae technology helps improve canola plant's natural defenses against abiotic (environmental) stress to preserve potential yield loss.\",\"breadcrumb\":{\"@id\":\"https:\\\/\\\/biolinecorp.ca\\\/en_ca\\\/canola\\\/#breadcrumb\"},\"inLanguage\":\"de\",\"potentialAction\":[{\"@type\":\"ReadAction\",\"target\":[\"https:\\\/\\\/biolinecorp.ca\\\/en_ca\\\/canola\\\/\"]}]},{\"@type\":\"ImageObject\",\"inLanguage\":\"de\",\"@id\":\"https:\\\/\\\/biolinecorp.ca\\\/en_ca\\\/canola\\\/#primaryimage\",\"url\":\"https:\\\/\\\/biolinecorp.ca\\\/wp-content\\\/uploads\\\/2022\\\/02\\\/20200224-Canola-Stages-of-Application-Image-1024x560.png\",\"contentUrl\":\"https:\\\/\\\/biolinecorp.ca\\\/wp-content\\\/uploads\\\/2022\\\/02\\\/20200224-Canola-Stages-of-Application-Image-1024x560.png\"},{\"@type\":\"BreadcrumbList\",\"@id\":\"https:\\\/\\\/biolinecorp.ca\\\/en_ca\\\/canola\\\/#breadcrumb\",\"itemListElement\":[{\"@type\":\"ListItem\",\"position\":1,\"name\":\"Home\",\"item\":\"https:\\\/\\\/biolinecorp.ca\\\/en_ca\\\/\"},{\"@type\":\"ListItem\",\"position\":2,\"name\":\"Canola\"}]},{\"@type\":\"WebSite\",\"@id\":\"https:\\\/\\\/biolinecorp.ca\\\/#website\",\"url\":\"https:\\\/\\\/biolinecorp.ca\\\/\",\"name\":\"BioLine Corporation\",\"description\":\"\",\"publisher\":{\"@id\":\"https:\\\/\\\/biolinecorp.ca\\\/#organization\"},\"potentialAction\":[{\"@type\":\"SearchAction\",\"target\":{\"@type\":\"EntryPoint\",\"urlTemplate\":\"https:\\\/\\\/biolinecorp.ca\\\/?s={search_term_string}\"},\"query-input\":{\"@type\":\"PropertyValueSpecification\",\"valueRequired\":true,\"valueName\":\"search_term_string\"}}],\"inLanguage\":\"de\"},{\"@type\":\"Organization\",\"@id\":\"https:\\\/\\\/biolinecorp.ca\\\/#organization\",\"name\":\"Bioline Corporation\",\"url\":\"https:\\\/\\\/biolinecorp.ca\\\/\",\"logo\":{\"@type\":\"ImageObject\",\"inLanguage\":\"de\",\"@id\":\"https:\\\/\\\/biolinecorp.ca\\\/#\\\/schema\\\/logo\\\/image\\\/\",\"url\":\"https:\\\/\\\/biolinecorp.ca\\\/wp-content\\\/uploads\\\/2018\\\/02\\\/Bioline_logo.png\",\"contentUrl\":\"https:\\\/\\\/biolinecorp.ca\\\/wp-content\\\/uploads\\\/2018\\\/02\\\/Bioline_logo.png\",\"width\":667,\"height\":181,\"caption\":\"Bioline Corporation\"},\"image\":{\"@id\":\"https:\\\/\\\/biolinecorp.ca\\\/#\\\/schema\\\/logo\\\/image\\\/\"},\"sameAs\":[\"https:\\\/\\\/www.facebook.com\\\/BiolineCorp\\\/\",\"https:\\\/\\\/x.com\\\/BiolineCorp\",\"https:\\\/\\\/www.linkedin.com\\\/company\\\/bioline-corp\\\/\",\"https:\\\/\\\/www.youtube.com\\\/channel\\\/UCpD4bbIdegjthmdriZ2SAow\"]}]}<\/script>\n<!-- \/ Yoast SEO Premium plugin. -->","yoast_head_json":{"title":"Raps -","description":"Die BioLiNE\u00ae-Technologie tr\u00e4gt dazu bei, die nat\u00fcrlichen Abwehrkr\u00e4fte der Rapspflanze gegen abiotischen (umweltbedingten) Stress zu verbessern, um m\u00f6gliche Ertragsverluste zu vermeiden.","robots":{"index":"index","follow":"follow","max-snippet":"max-snippet:-1","max-image-preview":"max-image-preview:large","max-video-preview":"max-video-preview:-1"},"canonical":"https:\/\/biolinecorp.ca\/de\/raps-2\/","og_locale":"de_DE","og_type":"article","og_title":"Canola","og_description":"BioLiNE\u00ae technology helps improve canola plant's natural defenses against abiotic (environmental) stress to preserve potential yield loss.","og_url":"https:\/\/biolinecorp.ca\/de\/raps-2\/","article_publisher":"https:\/\/www.facebook.com\/BiolineCorp\/","article_modified_time":"2023-09-13T19:26:24+00:00","og_image":[{"url":"https:\/\/biolinecorp.ca\/wp-content\/uploads\/2022\/02\/20200224-Canola-Stages-of-Application-Image-1024x560.png","type":"","width":"","height":""}],"twitter_card":"summary_large_image","twitter_site":"@BiolineCorp","twitter_misc":{"Gesch\u00e4tzte Lesezeit":"3\u00a0Minuten"},"schema":{"@context":"https:\/\/schema.org","@graph":[{"@type":"WebPage","@id":"https:\/\/biolinecorp.ca\/en_ca\/canola\/","url":"https:\/\/biolinecorp.ca\/en_ca\/canola\/","name":"Raps -","isPartOf":{"@id":"https:\/\/biolinecorp.ca\/#website"},"primaryImageOfPage":{"@id":"https:\/\/biolinecorp.ca\/en_ca\/canola\/#primaryimage"},"image":{"@id":"https:\/\/biolinecorp.ca\/en_ca\/canola\/#primaryimage"},"thumbnailUrl":"https:\/\/biolinecorp.ca\/wp-content\/uploads\/2022\/02\/20200224-Canola-Stages-of-Application-Image-1024x560.png","datePublished":"2022-02-10T17:17:51+00:00","dateModified":"2023-09-13T19:26:24+00:00","description":"Die BioLiNE\u00ae-Technologie tr\u00e4gt dazu bei, die nat\u00fcrlichen Abwehrkr\u00e4fte der Rapspflanze gegen abiotischen (umweltbedingten) Stress zu verbessern, um m\u00f6gliche Ertragsverluste zu vermeiden.","breadcrumb":{"@id":"https:\/\/biolinecorp.ca\/en_ca\/canola\/#breadcrumb"},"inLanguage":"de","potentialAction":[{"@type":"ReadAction","target":["https:\/\/biolinecorp.ca\/en_ca\/canola\/"]}]},{"@type":"ImageObject","inLanguage":"de","@id":"https:\/\/biolinecorp.ca\/en_ca\/canola\/#primaryimage","url":"https:\/\/biolinecorp.ca\/wp-content\/uploads\/2022\/02\/20200224-Canola-Stages-of-Application-Image-1024x560.png","contentUrl":"https:\/\/biolinecorp.ca\/wp-content\/uploads\/2022\/02\/20200224-Canola-Stages-of-Application-Image-1024x560.png"},{"@type":"BreadcrumbList","@id":"https:\/\/biolinecorp.ca\/en_ca\/canola\/#breadcrumb","itemListElement":[{"@type":"ListItem","position":1,"name":"Home","item":"https:\/\/biolinecorp.ca\/en_ca\/"},{"@type":"ListItem","position":2,"name":"Canola"}]},{"@type":"WebSite","@id":"https:\/\/biolinecorp.ca\/#website","url":"https:\/\/biolinecorp.ca\/","name":"BioLine Gesellschaft","description":"","publisher":{"@id":"https:\/\/biolinecorp.ca\/#organization"},"potentialAction":[{"@type":"SearchAction","target":{"@type":"EntryPoint","urlTemplate":"https:\/\/biolinecorp.ca\/?s={search_term_string}"},"query-input":{"@type":"PropertyValueSpecification","valueRequired":true,"valueName":"search_term_string"}}],"inLanguage":"de"},{"@type":"Organization","@id":"https:\/\/biolinecorp.ca\/#organization","name":"Bioline Gesellschaft","url":"https:\/\/biolinecorp.ca\/","logo":{"@type":"ImageObject","inLanguage":"de","@id":"https:\/\/biolinecorp.ca\/#\/schema\/logo\/image\/","url":"https:\/\/biolinecorp.ca\/wp-content\/uploads\/2018\/02\/Bioline_logo.png","contentUrl":"https:\/\/biolinecorp.ca\/wp-content\/uploads\/2018\/02\/Bioline_logo.png","width":667,"height":181,"caption":"Bioline Corporation"},"image":{"@id":"https:\/\/biolinecorp.ca\/#\/schema\/logo\/image\/"},"sameAs":["https:\/\/www.facebook.com\/BiolineCorp\/","https:\/\/x.com\/BiolineCorp","https:\/\/www.linkedin.com\/company\/bioline-corp\/","https:\/\/www.youtube.com\/channel\/UCpD4bbIdegjthmdriZ2SAow"]}]}},"_links":{"self":[{"href":"https:\/\/biolinecorp.ca\/de\/wp-json\/wp\/v2\/pages\/24075","targetHints":{"allow":["GET"]}}],"collection":[{"href":"https:\/\/biolinecorp.ca\/de\/wp-json\/wp\/v2\/pages"}],"about":[{"href":"https:\/\/biolinecorp.ca\/de\/wp-json\/wp\/v2\/types\/page"}],"author":[{"embeddable":true,"href":"https:\/\/biolinecorp.ca\/de\/wp-json\/wp\/v2\/users\/2"}],"replies":[{"embeddable":true,"href":"https:\/\/biolinecorp.ca\/de\/wp-json\/wp\/v2\/comments?post=24075"}],"version-history":[{"count":0,"href":"https:\/\/biolinecorp.ca\/de\/wp-json\/wp\/v2\/pages\/24075\/revisions"}],"wp:attachment":[{"href":"https:\/\/biolinecorp.ca\/de\/wp-json\/wp\/v2\/media?parent=24075"}],"curies":[{"name":"wp","href":"https:\/\/api.w.org\/{rel}","templated":true}]}}