{"id":11154,"date":"2019-10-30T12:08:32","date_gmt":"2019-10-30T16:08:32","guid":{"rendered":"https:\/\/biolinecorp.ca\/?page_id=11154"},"modified":"2024-03-18T08:49:34","modified_gmt":"2024-03-18T12:49:34","slug":"our-technology","status":"publish","type":"page","link":"https:\/\/biolinecorp.ca\/de\/unsere-technologie\/","title":{"rendered":"Unsere Technologie"},"content":{"rendered":"<div style=\"height:50px\" aria-hidden=\"true\" class=\"wp-block-spacer\"><\/div>\n\n\n\n<div class=\"wp-block-media-text alignwide is-stacked-on-mobile\"><figure class=\"wp-block-media-text__media\"><img decoding=\"async\" width=\"1024\" height=\"683\" src=\"https:\/\/biolinecorp.ca\/wp-content\/uploads\/2019\/10\/Chemisty-1024x683.jpg\" alt=\"\" class=\"wp-image-11099 size-full\" srcset=\"https:\/\/biolinecorp.ca\/wp-content\/uploads\/2019\/10\/Chemisty-1024x683.jpg 1024w, https:\/\/biolinecorp.ca\/wp-content\/uploads\/2019\/10\/Chemisty-600x400.jpg 600w, https:\/\/biolinecorp.ca\/wp-content\/uploads\/2019\/10\/Chemisty-768x512.jpg 768w, https:\/\/biolinecorp.ca\/wp-content\/uploads\/2019\/10\/Chemisty-640x427.jpg 640w, https:\/\/biolinecorp.ca\/wp-content\/uploads\/2019\/10\/Chemisty-1280x853.jpg 1280w\" sizes=\"(max-width: 1024px) 100vw, 1024px\" \/><\/figure><div class=\"wp-block-media-text__content\">\n<h3 class=\"wp-block-heading has-large-font-size\" id=\"h-our-innovative-technology\">Unsere innovative Technologie<\/h3>\n\n\n\n<p>BioLiNE<strong><sup>\u00ae<\/sup><\/strong> Corporation ist ein Technologieentwicklungsunternehmen <a href=\"https:\/\/biolinecorp.ca\/de\/our-company\/\">Unternehmen<\/a> konzentriert sich auf die Bereitstellung fortschrittlicher, wissenschaftlich fundierter L\u00f6sungen zur Verbesserung der Pflanzenproduktion. Unser Unternehmen legt einen starken Schwerpunkt auf Forschung und Innovation. Die <a href=\"https:\/\/biolinecorp.ca\/de\/unsere-produkte\/\">Produkte<\/a> die wir entwickelt haben, verbessern die Nachhaltigkeit von landwirtschaftlichen Betrieben. Alle unsere Produktinnovationen wurden mit Blick auf Kompatibilit\u00e4t und Benutzerfreundlichkeit f\u00fcr den Scale-up entwickelt. Sie k\u00f6nnen mit bestehenden Pflanzenschutzmitteln gemischt und mit anderen Technologien an verschiedenen Stellen der Lieferkette kombiniert werden, z. B. durch D\u00fcngemittelformulierer und -mischer, kundenspezifische Applikatoren oder Landwirte. Unsere Technologien sind f\u00fcr Landwirte sehr attraktiv, da sie nur geringe Einsatzmengen erfordern und sich durchweg positiv auswirken.<\/p>\n<\/div><\/div>\n\n\n\n<div style=\"height:50px\" aria-hidden=\"true\" class=\"wp-block-spacer\"><\/div>\n\n\n\n<hr class=\"wp-block-separator has-css-opacity is-style-wide\"\/>\n\n\n\n<div style=\"height:50px\" aria-hidden=\"true\" class=\"wp-block-spacer\"><\/div>\n\n\n\n<p>Wir verwenden unser eigenes <strong>Fulv-IQ<sup>\u00ae<\/sup><\/strong> Verfahren zur Reinigung und Isolierung gezielter Fraktionen von Fulvos\u00e4uren, die die meisten n\u00fctzlichen Eigenschaften f\u00fcr die Pflanzen haben. Unsere Technologie ist ein einfaches, wirksames und erschwingliches Instrument, das Landwirten bei der Bewirtschaftung ihrer Kulturen hilft. Sie verbessert die N\u00e4hrstoffausnutzung der Pflanzen, indem sie die Verf\u00fcgbarkeit, den Transport und die Assimilation von N\u00e4hrstoffen und anderen n\u00fctzlichen Molek\u00fclen f\u00fcr die Pflanzen verbessert. Unsere Fulvos\u00e4uren sind ein unverzichtbares Hilfsmittel, mit dem die Landwirte die nat\u00fcrlichen Abwehrkr\u00e4fte der Pflanzen gegen wichtige Stressfaktoren w\u00e4hrend der gesamten Saison st\u00e4rken k\u00f6nnen.<\/p>\n\n\n\n<p>Unsere vielseitigen L\u00f6sungen erfordern nur geringe Einsatzmengen und k\u00f6nnen Starter- und Blattd\u00fcngern zugesetzt, mit Herbiziden oder Fungiziden im Tank gemischt, in Trockend\u00fcnger impr\u00e4gniert oder als Bestandteil von <a href=\"https:\/\/biolinecorp.ca\/wp-content\/uploads\/2024\/03\/20240220-BioLiNE-Seed-Treatment.pdf\">Saatgutbehandlung<\/a>. Mit mehr als <strong>2 Millionen Hektar<\/strong> in ganz Kanada und den USA behandelt, BioLiNE<strong><sup>\u00ae<\/sup><\/strong> ist bestrebt, unseren Kunden einen Mehrwert zu bieten und ihre Zufriedenheit durch proaktives Engagement bei jedem Schritt zu gew\u00e4hrleisten.<\/p>\n\n\n\n<div style=\"height:50px\" aria-hidden=\"true\" class=\"wp-block-spacer\"><\/div>\n\n\n\n<hr class=\"wp-block-separator has-css-opacity is-style-wide\"\/>\n\n\n\n<div style=\"height:50px\" aria-hidden=\"true\" class=\"wp-block-spacer\"><\/div>\n\n\n\n<div class=\"wp-block-media-text alignwide is-stacked-on-mobile\"><figure class=\"wp-block-media-text__media\"><img decoding=\"async\" width=\"1024\" height=\"678\" src=\"https:\/\/biolinecorp.ca\/wp-content\/uploads\/2019\/10\/Plant-Growth-shutter-1024x678.jpg\" alt=\"\" class=\"wp-image-10862 size-full\" srcset=\"https:\/\/biolinecorp.ca\/wp-content\/uploads\/2019\/10\/Plant-Growth-shutter-1024x678.jpg 1024w, https:\/\/biolinecorp.ca\/wp-content\/uploads\/2019\/10\/Plant-Growth-shutter-300x199.jpg 300w, https:\/\/biolinecorp.ca\/wp-content\/uploads\/2019\/10\/Plant-Growth-shutter-768x509.jpg 768w, https:\/\/biolinecorp.ca\/wp-content\/uploads\/2019\/10\/Plant-Growth-shutter-640x424.jpg 640w, https:\/\/biolinecorp.ca\/wp-content\/uploads\/2019\/10\/Plant-Growth-shutter-1280x848.jpg 1280w\" sizes=\"(max-width: 1024px) 100vw, 1024px\" \/><\/figure><div class=\"wp-block-media-text__content\">\n<h3 class=\"wp-block-heading has-large-font-size\" id=\"h-bioline-nbsp-technology-features-amp-advantages\"><strong>BioLiNE<sup>\u00ae&nbsp;<\/sup>Technologie Merkmale &amp; Vorteile<\/strong><\/h3>\n\n\n\n<p><strong>BioLiNE<sup>\u00ae<\/sup>Die Biogenic Nutrient Accelerator\u2122 (BNA) Technologie<\/strong>\u00a0ist f\u00fcr eine nachhaltige Pflanzenproduktion in unserer sich st\u00e4ndig ver\u00e4ndernden Umwelt unerl\u00e4sslich. Sie spielt eine wichtige Rolle bei der Verbesserung <a href=\"https:\/\/biolinecorp.ca\/wp-content\/uploads\/2024\/03\/20240122-BioLiNE-Root-and-Soil-Health.pdf\">Bodengesundheit<\/a> durch F\u00f6rderung der mikrobiellen Vielfalt, Population und des Gleichgewichts. BioLiNE<strong><sup>\u00ae<\/sup><\/strong> <a href=\"https:\/\/biolinecorp.ca\/de\/unsere-produkte\/\">Produkte<\/a> wurden entwickelt, um die negativen Auswirkungen von abiotischen Ereignissen, die w\u00e4hrend der gesamten Vegetationsperiode auftreten, abzumildern. BioLiNE<strong><sup>\u00ae<\/sup><\/strong> Produkte erh\u00f6hen sowohl die N\u00e4hrstoff- als auch die Wassernutzungseffizienz (NUE und WUE). Unsere Produkte k\u00f6nnen in Verbindung mit den besten Bewirtschaftungsmethoden f\u00fcr jede beliebige Kultur eingesetzt werden. BioLiNE<strong><sup>\u00ae<\/sup><\/strong> Produkte haben in der Vergangenheit eine gute R.O.I. gezeigt.<\/p>\n<\/div><\/div>\n\n\n\n<head><!-- Global site tag (gtag.js) - Google Ads: 781808697 --> <script async src=\"https:\/\/www.googletagmanager.com\/gtag\/js?id=AW-781808697\"><\/script> <script> window.dataLayer = window.dataLayer || []; function gtag(){dataLayer.push(arguments);} gtag('js', new Date()); gtag('config', 'AW-781808697'); gtag('config', 'AW-781808697');<\/script> <\/head>","protected":false},"excerpt":{"rendered":"<p>Our Innovative Technology BioLiNE\u00ae Corporation is a technology development company focused on providing advanced, science-based solutions to improve crop production. Our company has a strong focus on research and innovation. The products we have developed improve the sustainability of farm operations. All of our product innovations were formulated for scale-up, with compatibility, and ease-of-use in [&hellip;]<\/p>\n","protected":false},"author":2,"featured_media":0,"parent":0,"menu_order":22,"comment_status":"closed","ping_status":"closed","template":"","meta":{"_monsterinsights_skip_tracking":false,"_monsterinsights_sitenote_active":false,"_monsterinsights_sitenote_note":"","_monsterinsights_sitenote_category":0,"footnotes":""},"class_list":["post-11154","page","type-page","status-publish","hentry"],"yoast_head":"<!-- This site is optimized with the Yoast SEO Premium plugin v27.3 (Yoast SEO v27.3) - https:\/\/yoast.com\/product\/yoast-seo-premium-wordpress\/ -->\n<title>BioLiNE&#039;s Biogenic Nutrient Accelerator\u2122 (BNA) Technology<\/title>\n<meta name=\"description\" content=\"Want to learn more about BioLiNE&#039;s Technology and our proven track record of armouring crops against abiotic stress?\" \/>\n<meta name=\"robots\" content=\"index, follow, max-snippet:-1, max-image-preview:large, max-video-preview:-1\" \/>\n<link rel=\"canonical\" href=\"https:\/\/biolinecorp.ca\/de\/unsere-technologie\/\" \/>\n<meta property=\"og:locale\" content=\"de_DE\" \/>\n<meta property=\"og:type\" content=\"article\" \/>\n<meta property=\"og:title\" content=\"BioLiNE&#039;s Biogenic Nutrient Accelerator\u2122 (BNA) Technology\" \/>\n<meta property=\"og:description\" content=\"Want to learn more about BioLiNE&#039;s Technology? Our proven trace-record of armouring crops helps preserve the innate genetic yield potential of crops.\" \/>\n<meta property=\"og:url\" content=\"https:\/\/biolinecorp.ca\/de\/unsere-technologie\/\" \/>\n<meta property=\"article:publisher\" content=\"https:\/\/www.facebook.com\/BiolineCorp\/\" \/>\n<meta property=\"article:modified_time\" content=\"2024-03-18T12:49:34+00:00\" \/>\n<meta property=\"og:image\" content=\"https:\/\/biolinecorp.ca\/wp-content\/uploads\/2019\/10\/corn-field.jpg\" \/>\n\t<meta property=\"og:image:width\" content=\"7210\" \/>\n\t<meta property=\"og:image:height\" content=\"4139\" \/>\n\t<meta property=\"og:image:type\" content=\"image\/jpeg\" \/>\n<meta name=\"twitter:card\" content=\"summary_large_image\" \/>\n<meta name=\"twitter:title\" content=\"BioLiNE&#039;s Biogenic Nutrient Accelerator\u2122 (BNA) Technology\" \/>\n<meta name=\"twitter:description\" content=\"Want to learn more about BioLiNE&#039;s Technology? Our proven trace-record of armouring crops helps preserve the innate genetic yield potential of crops.\" \/>\n<meta name=\"twitter:image\" content=\"https:\/\/biolinecorp.ca\/wp-content\/uploads\/2019\/10\/corn-field.jpg\" \/>\n<meta name=\"twitter:site\" content=\"@BiolineCorp\" \/>\n<meta name=\"twitter:label1\" content=\"Gesch\u00e4tzte Lesezeit\" \/>\n\t<meta name=\"twitter:data1\" content=\"2\u00a0Minuten\" \/>\n<script type=\"application\/ld+json\" class=\"yoast-schema-graph\">{\"@context\":\"https:\\\/\\\/schema.org\",\"@graph\":[{\"@type\":\"WebPage\",\"@id\":\"https:\\\/\\\/biolinecorp.ca\\\/en_ca\\\/our-technology\\\/\",\"url\":\"https:\\\/\\\/biolinecorp.ca\\\/en_ca\\\/our-technology\\\/\",\"name\":\"BioLiNE's Biogenic Nutrient Accelerator\u2122 (BNA) Technology\",\"isPartOf\":{\"@id\":\"https:\\\/\\\/biolinecorp.ca\\\/#website\"},\"primaryImageOfPage\":{\"@id\":\"https:\\\/\\\/biolinecorp.ca\\\/en_ca\\\/our-technology\\\/#primaryimage\"},\"image\":{\"@id\":\"https:\\\/\\\/biolinecorp.ca\\\/en_ca\\\/our-technology\\\/#primaryimage\"},\"thumbnailUrl\":\"https:\\\/\\\/biolinecorp.ca\\\/wp-content\\\/uploads\\\/2019\\\/10\\\/Chemisty-1024x683.jpg\",\"datePublished\":\"2019-10-30T16:08:32+00:00\",\"dateModified\":\"2024-03-18T12:49:34+00:00\",\"description\":\"Want to learn more about BioLiNE's Technology and our proven track record of armouring crops against abiotic stress?\",\"breadcrumb\":{\"@id\":\"https:\\\/\\\/biolinecorp.ca\\\/en_ca\\\/our-technology\\\/#breadcrumb\"},\"inLanguage\":\"de\",\"potentialAction\":[{\"@type\":\"ReadAction\",\"target\":[\"https:\\\/\\\/biolinecorp.ca\\\/en_ca\\\/our-technology\\\/\"]}]},{\"@type\":\"ImageObject\",\"inLanguage\":\"de\",\"@id\":\"https:\\\/\\\/biolinecorp.ca\\\/en_ca\\\/our-technology\\\/#primaryimage\",\"url\":\"https:\\\/\\\/biolinecorp.ca\\\/wp-content\\\/uploads\\\/2019\\\/10\\\/Chemisty-1024x683.jpg\",\"contentUrl\":\"https:\\\/\\\/biolinecorp.ca\\\/wp-content\\\/uploads\\\/2019\\\/10\\\/Chemisty-1024x683.jpg\"},{\"@type\":\"BreadcrumbList\",\"@id\":\"https:\\\/\\\/biolinecorp.ca\\\/en_ca\\\/our-technology\\\/#breadcrumb\",\"itemListElement\":[{\"@type\":\"ListItem\",\"position\":1,\"name\":\"Home\",\"item\":\"https:\\\/\\\/biolinecorp.ca\\\/en_ca\\\/\"},{\"@type\":\"ListItem\",\"position\":2,\"name\":\"Our Technology\"}]},{\"@type\":\"WebSite\",\"@id\":\"https:\\\/\\\/biolinecorp.ca\\\/#website\",\"url\":\"https:\\\/\\\/biolinecorp.ca\\\/\",\"name\":\"BioLine Corporation\",\"description\":\"\",\"publisher\":{\"@id\":\"https:\\\/\\\/biolinecorp.ca\\\/#organization\"},\"potentialAction\":[{\"@type\":\"SearchAction\",\"target\":{\"@type\":\"EntryPoint\",\"urlTemplate\":\"https:\\\/\\\/biolinecorp.ca\\\/?s={search_term_string}\"},\"query-input\":{\"@type\":\"PropertyValueSpecification\",\"valueRequired\":true,\"valueName\":\"search_term_string\"}}],\"inLanguage\":\"de\"},{\"@type\":\"Organization\",\"@id\":\"https:\\\/\\\/biolinecorp.ca\\\/#organization\",\"name\":\"Bioline Corporation\",\"url\":\"https:\\\/\\\/biolinecorp.ca\\\/\",\"logo\":{\"@type\":\"ImageObject\",\"inLanguage\":\"de\",\"@id\":\"https:\\\/\\\/biolinecorp.ca\\\/#\\\/schema\\\/logo\\\/image\\\/\",\"url\":\"https:\\\/\\\/biolinecorp.ca\\\/wp-content\\\/uploads\\\/2018\\\/02\\\/Bioline_logo.png\",\"contentUrl\":\"https:\\\/\\\/biolinecorp.ca\\\/wp-content\\\/uploads\\\/2018\\\/02\\\/Bioline_logo.png\",\"width\":667,\"height\":181,\"caption\":\"Bioline Corporation\"},\"image\":{\"@id\":\"https:\\\/\\\/biolinecorp.ca\\\/#\\\/schema\\\/logo\\\/image\\\/\"},\"sameAs\":[\"https:\\\/\\\/www.facebook.com\\\/BiolineCorp\\\/\",\"https:\\\/\\\/x.com\\\/BiolineCorp\",\"https:\\\/\\\/www.linkedin.com\\\/company\\\/bioline-corp\\\/\",\"https:\\\/\\\/www.youtube.com\\\/channel\\\/UCpD4bbIdegjthmdriZ2SAow\"]}]}<\/script>\n<!-- \/ Yoast SEO Premium plugin. -->","yoast_head_json":{"title":"Die Biogenic Nutrient Accelerator\u2122 (BNA) Technologie von BioLiNE","description":"M\u00f6chten Sie mehr \u00fcber die Technologie von BioLiNE und unsere nachweislichen Erfolge bei der Bew\u00e4ltigung von abiotischem Stress erfahren?","robots":{"index":"index","follow":"follow","max-snippet":"max-snippet:-1","max-image-preview":"max-image-preview:large","max-video-preview":"max-video-preview:-1"},"canonical":"https:\/\/biolinecorp.ca\/de\/unsere-technologie\/","og_locale":"de_DE","og_type":"article","og_title":"BioLiNE's Biogenic Nutrient Accelerator\u2122 (BNA) Technology","og_description":"Want to learn more about BioLiNE's Technology? Our proven trace-record of armouring crops helps preserve the innate genetic yield potential of crops.","og_url":"https:\/\/biolinecorp.ca\/de\/unsere-technologie\/","article_publisher":"https:\/\/www.facebook.com\/BiolineCorp\/","article_modified_time":"2024-03-18T12:49:34+00:00","og_image":[{"width":7210,"height":4139,"url":"https:\/\/biolinecorp.ca\/wp-content\/uploads\/2019\/10\/corn-field.jpg","type":"image\/jpeg"}],"twitter_card":"summary_large_image","twitter_title":"BioLiNE's Biogenic Nutrient Accelerator\u2122 (BNA) Technology","twitter_description":"Want to learn more about BioLiNE's Technology? Our proven trace-record of armouring crops helps preserve the innate genetic yield potential of crops.","twitter_image":"https:\/\/biolinecorp.ca\/wp-content\/uploads\/2019\/10\/corn-field.jpg","twitter_site":"@BiolineCorp","twitter_misc":{"Gesch\u00e4tzte Lesezeit":"2\u00a0Minuten"},"schema":{"@context":"https:\/\/schema.org","@graph":[{"@type":"WebPage","@id":"https:\/\/biolinecorp.ca\/en_ca\/our-technology\/","url":"https:\/\/biolinecorp.ca\/en_ca\/our-technology\/","name":"Die Biogenic Nutrient Accelerator\u2122 (BNA) Technologie von BioLiNE","isPartOf":{"@id":"https:\/\/biolinecorp.ca\/#website"},"primaryImageOfPage":{"@id":"https:\/\/biolinecorp.ca\/en_ca\/our-technology\/#primaryimage"},"image":{"@id":"https:\/\/biolinecorp.ca\/en_ca\/our-technology\/#primaryimage"},"thumbnailUrl":"https:\/\/biolinecorp.ca\/wp-content\/uploads\/2019\/10\/Chemisty-1024x683.jpg","datePublished":"2019-10-30T16:08:32+00:00","dateModified":"2024-03-18T12:49:34+00:00","description":"M\u00f6chten Sie mehr \u00fcber die Technologie von BioLiNE und unsere nachweislichen Erfolge bei der Bew\u00e4ltigung von abiotischem Stress erfahren?","breadcrumb":{"@id":"https:\/\/biolinecorp.ca\/en_ca\/our-technology\/#breadcrumb"},"inLanguage":"de","potentialAction":[{"@type":"ReadAction","target":["https:\/\/biolinecorp.ca\/en_ca\/our-technology\/"]}]},{"@type":"ImageObject","inLanguage":"de","@id":"https:\/\/biolinecorp.ca\/en_ca\/our-technology\/#primaryimage","url":"https:\/\/biolinecorp.ca\/wp-content\/uploads\/2019\/10\/Chemisty-1024x683.jpg","contentUrl":"https:\/\/biolinecorp.ca\/wp-content\/uploads\/2019\/10\/Chemisty-1024x683.jpg"},{"@type":"BreadcrumbList","@id":"https:\/\/biolinecorp.ca\/en_ca\/our-technology\/#breadcrumb","itemListElement":[{"@type":"ListItem","position":1,"name":"Home","item":"https:\/\/biolinecorp.ca\/en_ca\/"},{"@type":"ListItem","position":2,"name":"Our Technology"}]},{"@type":"WebSite","@id":"https:\/\/biolinecorp.ca\/#website","url":"https:\/\/biolinecorp.ca\/","name":"BioLine Gesellschaft","description":"","publisher":{"@id":"https:\/\/biolinecorp.ca\/#organization"},"potentialAction":[{"@type":"SearchAction","target":{"@type":"EntryPoint","urlTemplate":"https:\/\/biolinecorp.ca\/?s={search_term_string}"},"query-input":{"@type":"PropertyValueSpecification","valueRequired":true,"valueName":"search_term_string"}}],"inLanguage":"de"},{"@type":"Organization","@id":"https:\/\/biolinecorp.ca\/#organization","name":"Bioline Gesellschaft","url":"https:\/\/biolinecorp.ca\/","logo":{"@type":"ImageObject","inLanguage":"de","@id":"https:\/\/biolinecorp.ca\/#\/schema\/logo\/image\/","url":"https:\/\/biolinecorp.ca\/wp-content\/uploads\/2018\/02\/Bioline_logo.png","contentUrl":"https:\/\/biolinecorp.ca\/wp-content\/uploads\/2018\/02\/Bioline_logo.png","width":667,"height":181,"caption":"Bioline Corporation"},"image":{"@id":"https:\/\/biolinecorp.ca\/#\/schema\/logo\/image\/"},"sameAs":["https:\/\/www.facebook.com\/BiolineCorp\/","https:\/\/x.com\/BiolineCorp","https:\/\/www.linkedin.com\/company\/bioline-corp\/","https:\/\/www.youtube.com\/channel\/UCpD4bbIdegjthmdriZ2SAow"]}]}},"_links":{"self":[{"href":"https:\/\/biolinecorp.ca\/de\/wp-json\/wp\/v2\/pages\/11154","targetHints":{"allow":["GET"]}}],"collection":[{"href":"https:\/\/biolinecorp.ca\/de\/wp-json\/wp\/v2\/pages"}],"about":[{"href":"https:\/\/biolinecorp.ca\/de\/wp-json\/wp\/v2\/types\/page"}],"author":[{"embeddable":true,"href":"https:\/\/biolinecorp.ca\/de\/wp-json\/wp\/v2\/users\/2"}],"replies":[{"embeddable":true,"href":"https:\/\/biolinecorp.ca\/de\/wp-json\/wp\/v2\/comments?post=11154"}],"version-history":[{"count":0,"href":"https:\/\/biolinecorp.ca\/de\/wp-json\/wp\/v2\/pages\/11154\/revisions"}],"wp:attachment":[{"href":"https:\/\/biolinecorp.ca\/de\/wp-json\/wp\/v2\/media?parent=11154"}],"curies":[{"name":"wp","href":"https:\/\/api.w.org\/{rel}","templated":true}]}}